{"id":1220,"date":"2020-12-03T15:34:11","date_gmt":"2020-12-03T14:34:11","guid":{"rendered":"https:\/\/abmdig.no\/?page_id=1220"},"modified":"2022-12-01T11:45:56","modified_gmt":"2022-12-01T10:45:56","slug":"formater-og-metoder","status":"publish","type":"page","link":"https:\/\/beta.bibliotekutvikling.no\/abmdig\/senter-for-kulturarvdigitalisering\/praktisk-gjennomforing\/materiale-som-omfattes\/digitalisering-av-fotografisk-materiale\/formater-og-metoder\/","title":{"rendered":"Formater og metoder"},"content":{"rendered":"\n<p>Det fotografiske materialet Nasjonalbiblioteket jobber med er sv\u00e6rt omfangsrikt og digitaliseringsmetodene varierer derfor fra format til format. Grunntanken er likevel den samme \u2013 \u00e5 oppn\u00e5 s\u00e5 h\u00f8y bildekvalitet som mulig i digitaliseringsprosessen. <\/p>\n\n\n\n<p>Digitaliseringsutstyret vi benytter gj\u00f8r det mulig \u00e5 effektivt digitalisere store mengder materiale og samtidig oppn\u00e5 et bevaringsverdig resultat av h\u00f8y kvalitet. Tabellene under beskriver de ulike objektene vi digitaliserer og bildekvaliteten i forhold til FADGI-standarden.<\/p>\n\n\n\n<h2 class=\"wp-block-heading\" id=\"h-35mm\"><strong>35mm<\/strong><\/h2>\n\n\n\n<figure class=\"wp-block-image size-large\"><img loading=\"lazy\" decoding=\"async\" width=\"1024\" height=\"682\" src=\"https:\/\/abmdig.no\/content\/uploads\/sites\/14\/2020\/12\/35mm_2-1024x682.jpg\" alt=\"Fotonegativ 35mm stripe\" class=\"wp-image-1326\" srcset=\"https:\/\/beta.bibliotekutvikling.no\/content\/uploads\/sites\/14\/2020\/12\/35mm_2-1024x682.jpg 1024w, https:\/\/beta.bibliotekutvikling.no\/content\/uploads\/sites\/14\/2020\/12\/35mm_2-300x200.jpg 300w, https:\/\/beta.bibliotekutvikling.no\/content\/uploads\/sites\/14\/2020\/12\/35mm_2-768x512.jpg 768w, https:\/\/beta.bibliotekutvikling.no\/content\/uploads\/sites\/14\/2020\/12\/35mm_2-1536x1024.jpg 1536w, https:\/\/beta.bibliotekutvikling.no\/content\/uploads\/sites\/14\/2020\/12\/35mm_2-2048x1365.jpg 2048w\" sizes=\"auto, (max-width: 1024px) 100vw, 1024px\" \/><figcaption class=\"wp-element-caption\">35mm negativremse<\/figcaption><\/figure>\n\n\n\n<p>Majoriteten av det transparente materiale Nasjonalbiblioteket digitaliserer er 35mm negativer i remser med alt fra to til seks bilder i hver remse. Negativene kan effektivt digitaliseres p\u00e5 kamerabaserte oppsett med robotiserte fremtrekksl\u00f8sninger. I noen tilfeller, der negativets tilstand er d\u00e5rlig eller tilh\u00f8rer samlinger som krever manuell h\u00e5ndtering av navngivning og arkivn\u00f8kler, kan alternativet v\u00e6re avfotografering p\u00e5 vertikale kamerarigger.<\/p>\n\n\n\n<figure class=\"wp-block-table\"><table><tbody><tr><td><strong>35mm<\/strong><\/td><td><\/td><td>FADGI<\/td><td>Bitdybde<\/td><td>Fargerom<\/td><td>Filformat<\/td><td>Minimum PPI<\/td><\/tr><tr><td><\/td><td>Farge<\/td><td>4<\/td><td>16<\/td><td>AdobeRGB<\/td><td>TIFF<\/td><td>4000<\/td><\/tr><tr><td><\/td><td>Sort\/hvitt<\/td><td>4<\/td><td>16<\/td><td>AdobeRGB<\/td><td>TIFF<\/td><td>4000<\/td><\/tr><\/tbody><\/table><\/figure>\n\n\n\n<h2 class=\"wp-block-heading\" id=\"h-120mm\"><strong>120mm<\/strong><\/h2>\n\n\n\n<figure class=\"wp-block-image size-large\"><img loading=\"lazy\" decoding=\"async\" width=\"1024\" height=\"683\" src=\"https:\/\/abmdig.no\/content\/uploads\/sites\/14\/2020\/12\/120mm-1024x683.jpg\" alt=\"120mm negativfoto\" class=\"wp-image-1327\" srcset=\"https:\/\/beta.bibliotekutvikling.no\/content\/uploads\/sites\/14\/2020\/12\/120mm-1024x683.jpg 1024w, https:\/\/beta.bibliotekutvikling.no\/content\/uploads\/sites\/14\/2020\/12\/120mm-300x200.jpg 300w, https:\/\/beta.bibliotekutvikling.no\/content\/uploads\/sites\/14\/2020\/12\/120mm-768x512.jpg 768w, https:\/\/beta.bibliotekutvikling.no\/content\/uploads\/sites\/14\/2020\/12\/120mm-1536x1024.jpg 1536w, https:\/\/beta.bibliotekutvikling.no\/content\/uploads\/sites\/14\/2020\/12\/120mm-2048x1366.jpg 2048w\" sizes=\"auto, (max-width: 1024px) 100vw, 1024px\" \/><figcaption class=\"wp-element-caption\">120mm negativremse<\/figcaption><\/figure>\n\n\n\n<p>120mm, eller mellomformat, er ogs\u00e5 et av de vanligste formatene fotoavdelingen arbeider med. P\u00e5 grunn av dets st\u00f8rrelse og form, oppn\u00e5s best gjengivelse av objektene ved avfotografering p\u00e5 vertikale kamerarigger. Det gj\u00f8r det ogs\u00e5 mulig \u00e5 im\u00f8tekomme FADGIs kvalitetskrav for transparent materiale.<\/p>\n\n\n\n<figure class=\"wp-block-table\"><table><tbody><tr><td><strong>120mm<\/strong><\/td><td><\/td><td>FADGI<\/td><td>Bitdybde<\/td><td>Fargerom<\/td><td>Filformat<\/td><td>Minimum PPI<\/td><\/tr><tr><td>6&#215;6<\/td><td>Farge<\/td><td>4<\/td><td>16<\/td><td>AdobeRGB<\/td><td>TIFF<\/td><td>4000<\/td><\/tr><tr><td>6&#215;6<\/td><td>Sort\/hvitt<\/td><td>4<\/td><td>16<\/td><td> AdobeRGB <\/td><td>TIFF<\/td><td>4000<\/td><\/tr><tr><td>6&#215;7\/6&#215;8\/6&#215;9<\/td><td>Farge<\/td><td>3<\/td><td>16<\/td><td> AdobeRGB <\/td><td>TIFF<\/td><td>3500<\/td><\/tr><tr><td> 6&#215;7\/6&#215;8\/6&#215;9 <\/td><td>Sort\/hvitt<\/td><td>3<\/td><td>16<\/td><td> AdobeRGB <\/td><td>TIFF<\/td><td>3500<\/td><\/tr><\/tbody><\/table><\/figure>\n\n\n\n<h2 class=\"wp-block-heading\" id=\"h-dias-lysbilder\"><strong>Dias (lysbilder)<\/strong><\/h2>\n\n\n\n<p>Dias, eller lysbilder, avfotograferes p\u00e5 vertikale kamerarigger med over- og underlys.<\/p>\n\n\n\n<figure class=\"wp-block-table\"><table><tbody><tr><td><strong>DIAS<\/strong><\/td><td><\/td><td>FADGI<\/td><td>Bitdybde<\/td><td>Fargerom<\/td><td>Filformat<\/td><td>Minimum PPI<\/td><\/tr><tr><td><\/td><td>Farge<\/td><td>4<\/td><td>16<\/td><td>AdobeRGB<\/td><td>TIFF<\/td><td>4000<\/td><\/tr><tr><td><\/td><td>Sort\/hvitt<\/td><td>4<\/td><td>16<\/td><td> AdobeRGB <\/td><td>TIFF<\/td><td>4000<\/td><\/tr><\/tbody><\/table><\/figure>\n\n\n\n<h2 class=\"wp-block-heading\" id=\"h-andre-formater\">Andre formater<\/h2>\n\n\n\n<p>Enkelte andre formater m\u00e5 digitaliseres med manuell avfotografering. Dette gjelder blant annet negativer i 127mm, 4&#215;5&#8243; og 8&#215;10&#8243;, samt glassnegativer.<\/p>\n\n\n\n<figure class=\"wp-block-table\"><table><tbody><tr><td><\/td><td><\/td><td>FADGI<\/td><td>Bitdybde<\/td><td>Fargerom<\/td><td>Filformat<\/td><td>Minimum PPI<\/td><\/tr><tr><td><strong>4&#215;5<\/strong>*<\/td><td>Farge<\/td><td>4<\/td><td>16<\/td><td>AdobeRGB<\/td><td>TIFF<\/td><td>2500<\/td><\/tr><tr><td><strong>4&#215;5<\/strong>*<\/td><td>Sort\/hvitt<\/td><td>4<\/td><td>16<\/td><td> AdobeRGB <\/td><td>TIFF<\/td><td>2500<\/td><\/tr><tr><td><strong>Glass**<\/strong><\/td><td>Farge<\/td><td>2-4<\/td><td>16<\/td><td>AdobeRGB<\/td><td>TIFF<\/td><td>600-2500<\/td><\/tr><tr><td><strong>Glass**<\/strong><\/td><td>Sort\/hvitt<\/td><td>2-4<\/td><td>16<\/td><td> AdobeRGB <\/td><td>TIFF<\/td><td>600-2500<\/td><\/tr><\/tbody><\/table><\/figure>\n\n\n\n<p>* PPI \/ oppl\u00f8sning defineres av objektets fysiske st\u00f8rrelse. Uavhengig av formatst\u00f8rrelse, fors\u00f8ker v\u00e5re fototeknikere \u00e5 reprodusere digitale kopier med h\u00f8yest oppn\u00e5elig oppl\u00f8sning.<br><br>** Blant glassnegativer er det et vidt spekter av ulike st\u00f8rrelser og formater, og minimum oppn\u00e5elig oppl\u00f8sning avhenger av glassnegativets art.<\/p>\n\n\n\n<figure class=\"wp-block-image size-large\"><img loading=\"lazy\" decoding=\"async\" width=\"1024\" height=\"683\" src=\"https:\/\/abmdig.no\/content\/uploads\/sites\/14\/2020\/12\/glass_3-1024x683.jpg\" alt=\"glassplate med skade\" class=\"wp-image-1328\" srcset=\"https:\/\/beta.bibliotekutvikling.no\/content\/uploads\/sites\/14\/2020\/12\/glass_3-1024x683.jpg 1024w, https:\/\/beta.bibliotekutvikling.no\/content\/uploads\/sites\/14\/2020\/12\/glass_3-300x200.jpg 300w, https:\/\/beta.bibliotekutvikling.no\/content\/uploads\/sites\/14\/2020\/12\/glass_3-768x512.jpg 768w, https:\/\/beta.bibliotekutvikling.no\/content\/uploads\/sites\/14\/2020\/12\/glass_3-1536x1024.jpg 1536w, https:\/\/beta.bibliotekutvikling.no\/content\/uploads\/sites\/14\/2020\/12\/glass_3-2048x1366.jpg 2048w\" sizes=\"auto, (max-width: 1024px) 100vw, 1024px\" \/><figcaption class=\"wp-element-caption\">Glass er et skj\u00f8rt materiale. Her ser vi glassnegativ med skadet hj\u00f8rne.<\/figcaption><\/figure>\n\n\n\n<h2 class=\"wp-block-heading\" id=\"h-refleksivt-materiale-papirpositiver\">Refleksivt materiale\/papirpositiver<\/h2>\n\n\n\n<p>Refleksivt materiale digitaliseres enten p\u00e5 vertikale kamerarigger eller p\u00e5 kamerabaserte skannere. Dette valget avhenger av objektenes tilstand og kvalitet.<\/p>\n\n\n\n<figure class=\"wp-block-table\"><table><tbody><tr><td><strong>Papirpositiver<\/strong><\/td><td><\/td><td>FADGI<\/td><td>Bitdybde<\/td><td>Fargerom<\/td><td>Filformat<\/td><td>Minimum PPI<\/td><\/tr><tr><td>Skanner<\/td><td>Farge<\/td><td>3<\/td><td>8<\/td><td>AdobeRGB<\/td><td>TIFF<\/td><td>400<\/td><\/tr><tr><td>Kamera<\/td><td>Farge<\/td><td>4<\/td><td>8<\/td><td> AdobeRGB <\/td><td>TIFF<\/td><td>800<\/td><\/tr><\/tbody><\/table><\/figure>\n\n\n<ul class=\"t2-link-list has-3-items has-auto-columns wp-block-t2-link-list\">\n\t<li class=\"t2-link-list-item wp-block-t2-link-list-item\">\n\t\t<a\n\t\t\thref=\"https:\/\/abmdig.no\/digitaliseringsloyper-foto\/\"\n\t\t\tclass=\"t2-link-list-item__link t2-link-list__icon--right\"\n\t\t\t\t\t>\n\t\t\t<span class=\"t2-link-list-item__icon\"><span class=\"t2-link-list-item__icon-box\"><\/span><svg xmlns=\"http:\/\/www.w3.org\/2000\/svg\" viewBox=\"0 0 24 24\" height=\"24\" width=\"24\" class=\"t2-icon t2-icon-external\" aria-hidden=\"true\" focusable=\"false\"><path d=\"M19 19H5V5h7V3H3v18h18v-9h-2v7zM14 3v2h3.6l-9.8 9.8 1.4 1.4L19 6.4V10h2V3h-7z\"\/><\/svg><\/span>\t\t\t<div class=\"t2-link-list-item__content\">\n\n\t\t\t\t\n\t\t\t\t<span id=\"link-list-item-text\" class=\"t2-link-list-item__text\">\n\t\t\t\t\tLes mer: Digitaliseringsl\u00f8yper foto\t\t\t\t<\/span>\n\t\t\t\t\t\t\t<\/div>\n\t\t<\/a>\n\t<\/li>\n\t\n\n\t<li class=\"t2-link-list-item wp-block-t2-link-list-item\">\n\t\t<a\n\t\t\thref=\"https:\/\/abmdig.no\/fadgi-standarden\/\"\n\t\t\tclass=\"t2-link-list-item__link t2-link-list__icon--right\"\n\t\t\t\t\t>\n\t\t\t<span class=\"t2-link-list-item__icon\"><span class=\"t2-link-list-item__icon-box\"><\/span><svg xmlns=\"http:\/\/www.w3.org\/2000\/svg\" viewBox=\"0 0 24 24\" height=\"24\" width=\"24\" class=\"t2-icon t2-icon-external\" aria-hidden=\"true\" focusable=\"false\"><path d=\"M19 19H5V5h7V3H3v18h18v-9h-2v7zM14 3v2h3.6l-9.8 9.8 1.4 1.4L19 6.4V10h2V3h-7z\"\/><\/svg><\/span>\t\t\t<div class=\"t2-link-list-item__content\">\n\n\t\t\t\t\n\t\t\t\t<span id=\"link-list-item-text-1\" class=\"t2-link-list-item__text\">\n\t\t\t\t\tLes mer: FADGI-standarden\t\t\t\t<\/span>\n\t\t\t\t\t\t\t<\/div>\n\t\t<\/a>\n\t<\/li>\n\t\n\n\t<li class=\"t2-link-list-item wp-block-t2-link-list-item\">\n\t\t<a\n\t\t\thref=\"https:\/\/abmdig.no\/digitalisering-av-fotografisk-materiale\/\"\n\t\t\tclass=\"t2-link-list-item__link t2-link-list__icon--right\"\n\t\t\t\t\t>\n\t\t\t<span class=\"t2-link-list-item__icon\"><span class=\"t2-link-list-item__icon-box\"><\/span><svg xmlns=\"http:\/\/www.w3.org\/2000\/svg\" viewBox=\"0 0 24 24\" height=\"24\" width=\"24\" class=\"t2-icon t2-icon-external\" aria-hidden=\"true\" focusable=\"false\"><path d=\"M19 19H5V5h7V3H3v18h18v-9h-2v7zM14 3v2h3.6l-9.8 9.8 1.4 1.4L19 6.4V10h2V3h-7z\"\/><\/svg><\/span>\t\t\t<div class=\"t2-link-list-item__content\">\n\n\t\t\t\t\n\t\t\t\t<span id=\"link-list-item-text-2\" class=\"t2-link-list-item__text\">\n\t\t\t\t\tTilbake til fotografisk materiale\t\t\t\t<\/span>\n\t\t\t\t\t\t\t<\/div>\n\t\t<\/a>\n\t<\/li>\n\t\n<\/ul>","protected":false},"excerpt":{"rendered":"","protected":false},"author":5213,"featured_media":0,"parent":1195,"menu_order":2,"comment_status":"closed","ping_status":"closed","template":"","meta":{"nb_hide_title":false,"sub_navigation_option":"","sub_navigation_custom_items":null,"footnotes":""},"class_list":["post-1220","page","type-page","status-publish","hentry"],"yoast_head":"<!-- This site is optimized with the Yoast SEO Premium plugin v27.1 (Yoast SEO v27.1.1) - https:\/\/yoast.com\/product\/yoast-seo-premium-wordpress\/ -->\n<title>Formater og metoder - Kulturarvdigitalisering<\/title>\n<meta name=\"description\" content=\"Nasjonalbiblioteket digitaliserer fotografisk materiale i mange ulike formater, med ulike metoder.\" \/>\n<meta name=\"robots\" content=\"index, follow, max-snippet:-1, max-image-preview:large, max-video-preview:-1\" \/>\n<link rel=\"canonical\" href=\"https:\/\/beta.bibliotekutvikling.no\/abmdig\/senter-for-kulturarvdigitalisering\/praktisk-gjennomforing\/materiale-som-omfattes\/digitalisering-av-fotografisk-materiale\/formater-og-metoder\/\" \/>\n<meta property=\"og:locale\" content=\"nb_NO\" \/>\n<meta property=\"og:type\" content=\"article\" \/>\n<meta property=\"og:title\" content=\"Formater og metoder\" \/>\n<meta property=\"og:description\" content=\"Nasjonalbiblioteket digitaliserer fotografisk materiale i mange ulike formater, med ulike metoder.\" \/>\n<meta property=\"og:url\" content=\"https:\/\/beta.bibliotekutvikling.no\/abmdig\/senter-for-kulturarvdigitalisering\/praktisk-gjennomforing\/materiale-som-omfattes\/digitalisering-av-fotografisk-materiale\/formater-og-metoder\/\" \/>\n<meta property=\"og:site_name\" content=\"Kulturarvdigitalisering\" \/>\n<meta property=\"article:modified_time\" content=\"2022-12-01T10:45:56+00:00\" \/>\n<meta property=\"og:image\" content=\"https:\/\/abmdig.no\/content\/uploads\/sites\/14\/2020\/12\/35mm_2-1024x682.jpg\" \/>\n<meta name=\"twitter:card\" content=\"summary_large_image\" \/>\n<meta name=\"twitter:label1\" content=\"Ansl. lesetid\" \/>\n\t<meta name=\"twitter:data1\" content=\"3 minutter\" \/>\n<script type=\"application\/ld+json\" class=\"yoast-schema-graph\">{\"@context\":\"https:\/\/schema.org\",\"@graph\":[{\"@type\":\"WebPage\",\"@id\":\"https:\/\/beta.bibliotekutvikling.no\/abmdig\/senter-for-kulturarvdigitalisering\/praktisk-gjennomforing\/materiale-som-omfattes\/digitalisering-av-fotografisk-materiale\/formater-og-metoder\/\",\"url\":\"https:\/\/beta.bibliotekutvikling.no\/abmdig\/senter-for-kulturarvdigitalisering\/praktisk-gjennomforing\/materiale-som-omfattes\/digitalisering-av-fotografisk-materiale\/formater-og-metoder\/\",\"name\":\"Formater og metoder - Kulturarvdigitalisering\",\"isPartOf\":{\"@id\":\"https:\/\/beta.bibliotekutvikling.no\/abmdig\/#website\"},\"primaryImageOfPage\":{\"@id\":\"https:\/\/beta.bibliotekutvikling.no\/abmdig\/senter-for-kulturarvdigitalisering\/praktisk-gjennomforing\/materiale-som-omfattes\/digitalisering-av-fotografisk-materiale\/formater-og-metoder\/#primaryimage\"},\"image\":{\"@id\":\"https:\/\/beta.bibliotekutvikling.no\/abmdig\/senter-for-kulturarvdigitalisering\/praktisk-gjennomforing\/materiale-som-omfattes\/digitalisering-av-fotografisk-materiale\/formater-og-metoder\/#primaryimage\"},\"thumbnailUrl\":\"https:\/\/abmdig.no\/content\/uploads\/sites\/14\/2020\/12\/35mm_2-1024x682.jpg\",\"datePublished\":\"2020-12-03T14:34:11+00:00\",\"dateModified\":\"2022-12-01T10:45:56+00:00\",\"description\":\"Nasjonalbiblioteket digitaliserer fotografisk materiale i mange ulike formater, med ulike metoder.\",\"breadcrumb\":{\"@id\":\"https:\/\/beta.bibliotekutvikling.no\/abmdig\/senter-for-kulturarvdigitalisering\/praktisk-gjennomforing\/materiale-som-omfattes\/digitalisering-av-fotografisk-materiale\/formater-og-metoder\/#breadcrumb\"},\"inLanguage\":\"nb-NO\",\"potentialAction\":[{\"@type\":\"ReadAction\",\"target\":[\"https:\/\/beta.bibliotekutvikling.no\/abmdig\/senter-for-kulturarvdigitalisering\/praktisk-gjennomforing\/materiale-som-omfattes\/digitalisering-av-fotografisk-materiale\/formater-og-metoder\/\"]}]},{\"@type\":\"ImageObject\",\"inLanguage\":\"nb-NO\",\"@id\":\"https:\/\/beta.bibliotekutvikling.no\/abmdig\/senter-for-kulturarvdigitalisering\/praktisk-gjennomforing\/materiale-som-omfattes\/digitalisering-av-fotografisk-materiale\/formater-og-metoder\/#primaryimage\",\"url\":\"https:\/\/abmdig.no\/content\/uploads\/sites\/14\/2020\/12\/35mm_2-1024x682.jpg\",\"contentUrl\":\"https:\/\/abmdig.no\/content\/uploads\/sites\/14\/2020\/12\/35mm_2-1024x682.jpg\"},{\"@type\":\"BreadcrumbList\",\"@id\":\"https:\/\/beta.bibliotekutvikling.no\/abmdig\/senter-for-kulturarvdigitalisering\/praktisk-gjennomforing\/materiale-som-omfattes\/digitalisering-av-fotografisk-materiale\/formater-og-metoder\/#breadcrumb\",\"itemListElement\":[{\"@type\":\"ListItem\",\"position\":1,\"name\":\"Hjem\",\"item\":\"https:\/\/beta.bibliotekutvikling.no\/abmdig\/\"},{\"@type\":\"ListItem\",\"position\":2,\"name\":\"Vi digitaliserer Norges kulturarv &#8211; abmdig\",\"item\":\"https:\/\/beta.bibliotekutvikling.no\/abmdig\/\"},{\"@type\":\"ListItem\",\"position\":3,\"name\":\"Praktisk gjennomf\u00f8ring\",\"item\":\"https:\/\/beta.bibliotekutvikling.no\/abmdig\/senter-for-kulturarvdigitalisering\/praktisk-gjennomforing\/\"},{\"@type\":\"ListItem\",\"position\":4,\"name\":\"Materiale som omfattes\",\"item\":\"https:\/\/beta.bibliotekutvikling.no\/abmdig\/senter-for-kulturarvdigitalisering\/praktisk-gjennomforing\/materiale-som-omfattes\/\"},{\"@type\":\"ListItem\",\"position\":5,\"name\":\"Fotografisk materiale\",\"item\":\"https:\/\/beta.bibliotekutvikling.no\/abmdig\/senter-for-kulturarvdigitalisering\/praktisk-gjennomforing\/materiale-som-omfattes\/digitalisering-av-fotografisk-materiale\/\"},{\"@type\":\"ListItem\",\"position\":6,\"name\":\"Formater og metoder\"}]},{\"@type\":\"WebSite\",\"@id\":\"https:\/\/beta.bibliotekutvikling.no\/abmdig\/#website\",\"url\":\"https:\/\/beta.bibliotekutvikling.no\/abmdig\/\",\"name\":\"Nasjonalbiblioteket | Kulturarvdigitalisering\",\"description\":\"\",\"potentialAction\":[{\"@type\":\"SearchAction\",\"target\":{\"@type\":\"EntryPoint\",\"urlTemplate\":\"https:\/\/beta.bibliotekutvikling.no\/abmdig\/?s={search_term_string}\"},\"query-input\":{\"@type\":\"PropertyValueSpecification\",\"valueRequired\":true,\"valueName\":\"search_term_string\"}}],\"inLanguage\":\"nb-NO\"}]}<\/script>\n<!-- \/ Yoast SEO Premium plugin. -->","yoast_head_json":{"title":"Formater og metoder - Kulturarvdigitalisering","description":"Nasjonalbiblioteket digitaliserer fotografisk materiale i mange ulike formater, med ulike metoder.","robots":{"index":"index","follow":"follow","max-snippet":"max-snippet:-1","max-image-preview":"max-image-preview:large","max-video-preview":"max-video-preview:-1"},"canonical":"https:\/\/beta.bibliotekutvikling.no\/abmdig\/senter-for-kulturarvdigitalisering\/praktisk-gjennomforing\/materiale-som-omfattes\/digitalisering-av-fotografisk-materiale\/formater-og-metoder\/","og_locale":"nb_NO","og_type":"article","og_title":"Formater og metoder","og_description":"Nasjonalbiblioteket digitaliserer fotografisk materiale i mange ulike formater, med ulike metoder.","og_url":"https:\/\/beta.bibliotekutvikling.no\/abmdig\/senter-for-kulturarvdigitalisering\/praktisk-gjennomforing\/materiale-som-omfattes\/digitalisering-av-fotografisk-materiale\/formater-og-metoder\/","og_site_name":"Kulturarvdigitalisering","article_modified_time":"2022-12-01T10:45:56+00:00","og_image":[{"url":"https:\/\/abmdig.no\/content\/uploads\/sites\/14\/2020\/12\/35mm_2-1024x682.jpg","type":"","width":"","height":""}],"twitter_card":"summary_large_image","twitter_misc":{"Ansl. lesetid":"3 minutter"},"schema":{"@context":"https:\/\/schema.org","@graph":[{"@type":"WebPage","@id":"https:\/\/beta.bibliotekutvikling.no\/abmdig\/senter-for-kulturarvdigitalisering\/praktisk-gjennomforing\/materiale-som-omfattes\/digitalisering-av-fotografisk-materiale\/formater-og-metoder\/","url":"https:\/\/beta.bibliotekutvikling.no\/abmdig\/senter-for-kulturarvdigitalisering\/praktisk-gjennomforing\/materiale-som-omfattes\/digitalisering-av-fotografisk-materiale\/formater-og-metoder\/","name":"Formater og metoder - Kulturarvdigitalisering","isPartOf":{"@id":"https:\/\/beta.bibliotekutvikling.no\/abmdig\/#website"},"primaryImageOfPage":{"@id":"https:\/\/beta.bibliotekutvikling.no\/abmdig\/senter-for-kulturarvdigitalisering\/praktisk-gjennomforing\/materiale-som-omfattes\/digitalisering-av-fotografisk-materiale\/formater-og-metoder\/#primaryimage"},"image":{"@id":"https:\/\/beta.bibliotekutvikling.no\/abmdig\/senter-for-kulturarvdigitalisering\/praktisk-gjennomforing\/materiale-som-omfattes\/digitalisering-av-fotografisk-materiale\/formater-og-metoder\/#primaryimage"},"thumbnailUrl":"https:\/\/abmdig.no\/content\/uploads\/sites\/14\/2020\/12\/35mm_2-1024x682.jpg","datePublished":"2020-12-03T14:34:11+00:00","dateModified":"2022-12-01T10:45:56+00:00","description":"Nasjonalbiblioteket digitaliserer fotografisk materiale i mange ulike formater, med ulike metoder.","breadcrumb":{"@id":"https:\/\/beta.bibliotekutvikling.no\/abmdig\/senter-for-kulturarvdigitalisering\/praktisk-gjennomforing\/materiale-som-omfattes\/digitalisering-av-fotografisk-materiale\/formater-og-metoder\/#breadcrumb"},"inLanguage":"nb-NO","potentialAction":[{"@type":"ReadAction","target":["https:\/\/beta.bibliotekutvikling.no\/abmdig\/senter-for-kulturarvdigitalisering\/praktisk-gjennomforing\/materiale-som-omfattes\/digitalisering-av-fotografisk-materiale\/formater-og-metoder\/"]}]},{"@type":"ImageObject","inLanguage":"nb-NO","@id":"https:\/\/beta.bibliotekutvikling.no\/abmdig\/senter-for-kulturarvdigitalisering\/praktisk-gjennomforing\/materiale-som-omfattes\/digitalisering-av-fotografisk-materiale\/formater-og-metoder\/#primaryimage","url":"https:\/\/abmdig.no\/content\/uploads\/sites\/14\/2020\/12\/35mm_2-1024x682.jpg","contentUrl":"https:\/\/abmdig.no\/content\/uploads\/sites\/14\/2020\/12\/35mm_2-1024x682.jpg"},{"@type":"BreadcrumbList","@id":"https:\/\/beta.bibliotekutvikling.no\/abmdig\/senter-for-kulturarvdigitalisering\/praktisk-gjennomforing\/materiale-som-omfattes\/digitalisering-av-fotografisk-materiale\/formater-og-metoder\/#breadcrumb","itemListElement":[{"@type":"ListItem","position":1,"name":"Hjem","item":"https:\/\/beta.bibliotekutvikling.no\/abmdig\/"},{"@type":"ListItem","position":2,"name":"Vi digitaliserer Norges kulturarv &#8211; abmdig","item":"https:\/\/beta.bibliotekutvikling.no\/abmdig\/"},{"@type":"ListItem","position":3,"name":"Praktisk gjennomf\u00f8ring","item":"https:\/\/beta.bibliotekutvikling.no\/abmdig\/senter-for-kulturarvdigitalisering\/praktisk-gjennomforing\/"},{"@type":"ListItem","position":4,"name":"Materiale som omfattes","item":"https:\/\/beta.bibliotekutvikling.no\/abmdig\/senter-for-kulturarvdigitalisering\/praktisk-gjennomforing\/materiale-som-omfattes\/"},{"@type":"ListItem","position":5,"name":"Fotografisk materiale","item":"https:\/\/beta.bibliotekutvikling.no\/abmdig\/senter-for-kulturarvdigitalisering\/praktisk-gjennomforing\/materiale-som-omfattes\/digitalisering-av-fotografisk-materiale\/"},{"@type":"ListItem","position":6,"name":"Formater og metoder"}]},{"@type":"WebSite","@id":"https:\/\/beta.bibliotekutvikling.no\/abmdig\/#website","url":"https:\/\/beta.bibliotekutvikling.no\/abmdig\/","name":"Nasjonalbiblioteket | Kulturarvdigitalisering","description":"","potentialAction":[{"@type":"SearchAction","target":{"@type":"EntryPoint","urlTemplate":"https:\/\/beta.bibliotekutvikling.no\/abmdig\/?s={search_term_string}"},"query-input":{"@type":"PropertyValueSpecification","valueRequired":true,"valueName":"search_term_string"}}],"inLanguage":"nb-NO"}]}},"_links":{"self":[{"href":"https:\/\/beta.bibliotekutvikling.no\/abmdig\/wp-json\/wp\/v2\/pages\/1220","targetHints":{"allow":["GET"]}}],"collection":[{"href":"https:\/\/beta.bibliotekutvikling.no\/abmdig\/wp-json\/wp\/v2\/pages"}],"about":[{"href":"https:\/\/beta.bibliotekutvikling.no\/abmdig\/wp-json\/wp\/v2\/types\/page"}],"author":[{"embeddable":true,"href":"https:\/\/beta.bibliotekutvikling.no\/abmdig\/wp-json\/wp\/v2\/users\/5213"}],"replies":[{"embeddable":true,"href":"https:\/\/beta.bibliotekutvikling.no\/abmdig\/wp-json\/wp\/v2\/comments?post=1220"}],"version-history":[{"count":4,"href":"https:\/\/beta.bibliotekutvikling.no\/abmdig\/wp-json\/wp\/v2\/pages\/1220\/revisions"}],"predecessor-version":[{"id":2201,"href":"https:\/\/beta.bibliotekutvikling.no\/abmdig\/wp-json\/wp\/v2\/pages\/1220\/revisions\/2201"}],"up":[{"embeddable":true,"href":"https:\/\/beta.bibliotekutvikling.no\/abmdig\/wp-json\/wp\/v2\/pages\/1195"}],"wp:attachment":[{"href":"https:\/\/beta.bibliotekutvikling.no\/abmdig\/wp-json\/wp\/v2\/media?parent=1220"}],"curies":[{"name":"wp","href":"https:\/\/api.w.org\/{rel}","templated":true}]}}