{"id":14,"date":"2019-12-05T12:44:05","date_gmt":"2019-12-05T11:44:05","guid":{"rendered":"https:\/\/bibliotekutvikling.prod.dekodes.no\/kulturarvdigitalisering\/?page_id=14"},"modified":"2022-12-01T11:17:52","modified_gmt":"2022-12-01T10:17:52","slug":"info-om-tjenesten","status":"publish","type":"page","link":"https:\/\/beta.bibliotekutvikling.no\/abmdig\/info-om-tjenesten\/","title":{"rendered":"Hvorfor satser Nasjonalbiblioteket?"},"content":{"rendered":"\n<p>Arbeidet er en direkte f\u00f8lge av bevilgningene i statsbudsjettet &#8211; her er Kulturdepartementets pressemelding om saken:<\/p>\n\n\n\n<p>Statsbudsjettet 2020:<\/p>\n\n\n\n<blockquote class=\"wp-block-quote is-layout-flow wp-block-quote-is-layout-flow\"><div class=\"wp-block-t2-icon is-layout-flex wp-block-icon-is-layout-flex\"><svg xmlns=\"http:\/\/www.w3.org\/2000\/svg\" viewBox=\"0 0 32 32\" height=\"24\" width=\"24\" class=\"t2-icon t2-icon-quote\" aria-hidden=\"true\" focusable=\"false\"><path d=\"M28.5868 4L30 5.41176C28.4101 7.35294 23.1104 13.1765 23.1104 16.4412C23.1104 18.1176 28.6751 18.4706 28.6751 23.7647C28.6751 25.3529 27.7918 28 24.5237 28C20.9905 28 18.7823 25.0882 18.7823 20.5C18.7823 14.3235 24.5237 7.79412 28.5868 4ZM11.8044 4L13.2177 5.41176C11.6278 7.35294 6.32808 13.1765 6.32808 16.4412C6.32808 18.1176 11.8927 18.4706 11.8927 23.7647C11.8927 25.3529 11.0095 28 7.74132 28C4.2082 28 2 25.0882 2 20.5C2 14.3235 7.74132 7.79412 11.8044 4Z\" fill=\"currentColor\" \/><\/svg><\/div>\n<p>Historisk satsing: 87 millionar kroner meir til digitalisering i Mo i Rana<\/p>\n<\/blockquote>\n\n\n\n<p> Pressemelding | Dato: 07.10.2019 | Nr: 77\/19                              <\/p>\n\n\n\n<p> Regjeringa foresl\u00e5r 87 millionar kroner til auka  satsing p\u00e5 digitalisering ved Nasjonalbiblioteket i Mo i Rana. Som ein  del av satsinga vil det opprettast 70 nye arbeidsplassar ved  digitaliseringsanlegget.                 <\/p>\n\n\n\n<p>Auken p\u00e5 87 millionar kroner er ei historisk satsing p\u00e5 \u00e5 gjere v\u00e5r felles kulturarv tilgjengeleg digitalt.<\/p>\n\n\n\n<p>\u2013 Tilgang til kulturarven er ein demokratisk rett. Alle skal difor ha\n enkel tilgang til den felles kulturarven, og mest mogleg \nkulturarvmateriale m\u00e5 bevarast og gjerast tilgjengeleg for framtida. \nRegjeringa si omfattande satsing p\u00e5 digitalisering ved \nNasjonalbiblioteket i Mo i Rana bidreg til dette. Med 70 nye \narbeidsplassar vil det bli mogleg \u00e5 digitalisere enda meir av \nkulturarvmaterialet v\u00e5rt i eit raskare tempo, seier kultur- og \nlikestillingsminister Trine Skei Grande.&nbsp;&nbsp;<\/p>\n\n\n\n<p>Satsinga vil innebere raskare digitalisering av Nasjonalbiblioteket \nsi eiga samling. I tillegg skal papirmateriale, fotografi, film og \nlydopptak fr\u00e5 arkivinstitusjonar og museum over heile landet \ndigitaliserast. Den auka digitaliseringa vil medverke til \u00e5 realisere \ndet kulturpolitiske m\u00e5let om \u00e5 ta vare p\u00e5 og formidle kulturarv.<\/p>\n\n\n\n<p>Opprettinga av 70 nye arbeidsplassar ved Nasjonalbiblioteket kjem som f\u00f8lge av nedlegginga av NRK si lisensavdeling i Mo i Rana.<\/p>\n","protected":false},"excerpt":{"rendered":"","protected":false},"author":54,"featured_media":0,"parent":0,"menu_order":0,"comment_status":"closed","ping_status":"closed","template":"","meta":{"nb_hide_title":false,"sub_navigation_option":"","sub_navigation_custom_items":null,"footnotes":""},"class_list":["post-14","page","type-page","status-publish","hentry"],"yoast_head":"<!-- This site is optimized with the Yoast SEO Premium plugin v27.1 (Yoast SEO v27.1.1) - https:\/\/yoast.com\/product\/yoast-seo-premium-wordpress\/ -->\n<title>Hvorfor satser Nasjonalbiblioteket? - Kulturarvdigitalisering<\/title>\n<meta name=\"robots\" content=\"index, follow, max-snippet:-1, max-image-preview:large, max-video-preview:-1\" \/>\n<link rel=\"canonical\" href=\"https:\/\/beta.bibliotekutvikling.no\/abmdig\/info-om-tjenesten\/\" \/>\n<meta property=\"og:locale\" content=\"nb_NO\" \/>\n<meta property=\"og:type\" content=\"article\" \/>\n<meta property=\"og:title\" content=\"Hvorfor satser Nasjonalbiblioteket?\" \/>\n<meta property=\"og:url\" content=\"https:\/\/beta.bibliotekutvikling.no\/abmdig\/info-om-tjenesten\/\" \/>\n<meta property=\"og:site_name\" content=\"Kulturarvdigitalisering\" \/>\n<meta property=\"article:modified_time\" content=\"2022-12-01T10:17:52+00:00\" \/>\n<meta name=\"twitter:card\" content=\"summary_large_image\" \/>\n<meta name=\"twitter:label1\" content=\"Ansl. lesetid\" \/>\n\t<meta name=\"twitter:data1\" content=\"1 minutt\" \/>\n<script type=\"application\/ld+json\" class=\"yoast-schema-graph\">{\"@context\":\"https:\/\/schema.org\",\"@graph\":[{\"@type\":\"WebPage\",\"@id\":\"https:\/\/beta.bibliotekutvikling.no\/abmdig\/info-om-tjenesten\/\",\"url\":\"https:\/\/beta.bibliotekutvikling.no\/abmdig\/info-om-tjenesten\/\",\"name\":\"Hvorfor satser Nasjonalbiblioteket? - Kulturarvdigitalisering\",\"isPartOf\":{\"@id\":\"https:\/\/beta.bibliotekutvikling.no\/abmdig\/#website\"},\"datePublished\":\"2019-12-05T11:44:05+00:00\",\"dateModified\":\"2022-12-01T10:17:52+00:00\",\"breadcrumb\":{\"@id\":\"https:\/\/beta.bibliotekutvikling.no\/abmdig\/info-om-tjenesten\/#breadcrumb\"},\"inLanguage\":\"nb-NO\",\"potentialAction\":[{\"@type\":\"ReadAction\",\"target\":[\"https:\/\/beta.bibliotekutvikling.no\/abmdig\/info-om-tjenesten\/\"]}]},{\"@type\":\"BreadcrumbList\",\"@id\":\"https:\/\/beta.bibliotekutvikling.no\/abmdig\/info-om-tjenesten\/#breadcrumb\",\"itemListElement\":[{\"@type\":\"ListItem\",\"position\":1,\"name\":\"Hjem\",\"item\":\"https:\/\/beta.bibliotekutvikling.no\/abmdig\/\"},{\"@type\":\"ListItem\",\"position\":2,\"name\":\"Hvorfor satser Nasjonalbiblioteket?\"}]},{\"@type\":\"WebSite\",\"@id\":\"https:\/\/beta.bibliotekutvikling.no\/abmdig\/#website\",\"url\":\"https:\/\/beta.bibliotekutvikling.no\/abmdig\/\",\"name\":\"Nasjonalbiblioteket | Kulturarvdigitalisering\",\"description\":\"\",\"potentialAction\":[{\"@type\":\"SearchAction\",\"target\":{\"@type\":\"EntryPoint\",\"urlTemplate\":\"https:\/\/beta.bibliotekutvikling.no\/abmdig\/?s={search_term_string}\"},\"query-input\":{\"@type\":\"PropertyValueSpecification\",\"valueRequired\":true,\"valueName\":\"search_term_string\"}}],\"inLanguage\":\"nb-NO\"}]}<\/script>\n<!-- \/ Yoast SEO Premium plugin. -->","yoast_head_json":{"title":"Hvorfor satser Nasjonalbiblioteket? - Kulturarvdigitalisering","robots":{"index":"index","follow":"follow","max-snippet":"max-snippet:-1","max-image-preview":"max-image-preview:large","max-video-preview":"max-video-preview:-1"},"canonical":"https:\/\/beta.bibliotekutvikling.no\/abmdig\/info-om-tjenesten\/","og_locale":"nb_NO","og_type":"article","og_title":"Hvorfor satser Nasjonalbiblioteket?","og_url":"https:\/\/beta.bibliotekutvikling.no\/abmdig\/info-om-tjenesten\/","og_site_name":"Kulturarvdigitalisering","article_modified_time":"2022-12-01T10:17:52+00:00","twitter_card":"summary_large_image","twitter_misc":{"Ansl. lesetid":"1 minutt"},"schema":{"@context":"https:\/\/schema.org","@graph":[{"@type":"WebPage","@id":"https:\/\/beta.bibliotekutvikling.no\/abmdig\/info-om-tjenesten\/","url":"https:\/\/beta.bibliotekutvikling.no\/abmdig\/info-om-tjenesten\/","name":"Hvorfor satser Nasjonalbiblioteket? - Kulturarvdigitalisering","isPartOf":{"@id":"https:\/\/beta.bibliotekutvikling.no\/abmdig\/#website"},"datePublished":"2019-12-05T11:44:05+00:00","dateModified":"2022-12-01T10:17:52+00:00","breadcrumb":{"@id":"https:\/\/beta.bibliotekutvikling.no\/abmdig\/info-om-tjenesten\/#breadcrumb"},"inLanguage":"nb-NO","potentialAction":[{"@type":"ReadAction","target":["https:\/\/beta.bibliotekutvikling.no\/abmdig\/info-om-tjenesten\/"]}]},{"@type":"BreadcrumbList","@id":"https:\/\/beta.bibliotekutvikling.no\/abmdig\/info-om-tjenesten\/#breadcrumb","itemListElement":[{"@type":"ListItem","position":1,"name":"Hjem","item":"https:\/\/beta.bibliotekutvikling.no\/abmdig\/"},{"@type":"ListItem","position":2,"name":"Hvorfor satser Nasjonalbiblioteket?"}]},{"@type":"WebSite","@id":"https:\/\/beta.bibliotekutvikling.no\/abmdig\/#website","url":"https:\/\/beta.bibliotekutvikling.no\/abmdig\/","name":"Nasjonalbiblioteket | Kulturarvdigitalisering","description":"","potentialAction":[{"@type":"SearchAction","target":{"@type":"EntryPoint","urlTemplate":"https:\/\/beta.bibliotekutvikling.no\/abmdig\/?s={search_term_string}"},"query-input":{"@type":"PropertyValueSpecification","valueRequired":true,"valueName":"search_term_string"}}],"inLanguage":"nb-NO"}]}},"_links":{"self":[{"href":"https:\/\/beta.bibliotekutvikling.no\/abmdig\/wp-json\/wp\/v2\/pages\/14","targetHints":{"allow":["GET"]}}],"collection":[{"href":"https:\/\/beta.bibliotekutvikling.no\/abmdig\/wp-json\/wp\/v2\/pages"}],"about":[{"href":"https:\/\/beta.bibliotekutvikling.no\/abmdig\/wp-json\/wp\/v2\/types\/page"}],"author":[{"embeddable":true,"href":"https:\/\/beta.bibliotekutvikling.no\/abmdig\/wp-json\/wp\/v2\/users\/54"}],"replies":[{"embeddable":true,"href":"https:\/\/beta.bibliotekutvikling.no\/abmdig\/wp-json\/wp\/v2\/comments?post=14"}],"version-history":[{"count":5,"href":"https:\/\/beta.bibliotekutvikling.no\/abmdig\/wp-json\/wp\/v2\/pages\/14\/revisions"}],"predecessor-version":[{"id":2137,"href":"https:\/\/beta.bibliotekutvikling.no\/abmdig\/wp-json\/wp\/v2\/pages\/14\/revisions\/2137"}],"wp:attachment":[{"href":"https:\/\/beta.bibliotekutvikling.no\/abmdig\/wp-json\/wp\/v2\/media?parent=14"}],"curies":[{"name":"wp","href":"https:\/\/api.w.org\/{rel}","templated":true}]}}