{"id":143,"date":"2020-02-20T15:32:06","date_gmt":"2020-02-20T14:32:06","guid":{"rendered":"https:\/\/bibliotekutvikling.no\/kulturarvdigitalisering\/?page_id=143"},"modified":"2022-12-01T11:50:45","modified_gmt":"2022-12-01T10:50:45","slug":"prioriteringer","status":"publish","type":"page","link":"https:\/\/beta.bibliotekutvikling.no\/abmdig\/senter-for-kulturarvdigitalisering\/praktisk-gjennomforing\/prioriteringer\/","title":{"rendered":"Prioriteringer og framdrift"},"content":{"rendered":"<p class=\"t2-ingress wp-block-t2-ingress\">Det er forventet at digitaliseringen vil ta 30 \u00e5r, eller mer. Alt materiale kan ikke prioriteres f\u00f8rst, og i praksis vil det v\u00e6re flere faktorer som avgj\u00f8r hva som digitaliseres n\u00e5r. Spesielt viktig er det \u00e5 prioritere materiale som er i en kritisk tilstand, med fare for \u00e5 g\u00e5 tapt.<\/p>\n\n\n<figure class=\"wp-block-image size-large\"><img loading=\"lazy\" decoding=\"async\" width=\"1024\" height=\"684\" src=\"https:\/\/abmdig.no\/content\/uploads\/sites\/14\/2020\/03\/DSC_66542-1024x684.jpg\" alt=\"Lagab\u00f8tes landslov bok\" class=\"wp-image-413\" srcset=\"https:\/\/beta.bibliotekutvikling.no\/content\/uploads\/sites\/14\/2020\/03\/DSC_66542-1024x684.jpg 1024w, https:\/\/beta.bibliotekutvikling.no\/content\/uploads\/sites\/14\/2020\/03\/DSC_66542-300x200.jpg 300w, https:\/\/beta.bibliotekutvikling.no\/content\/uploads\/sites\/14\/2020\/03\/DSC_66542-768x513.jpg 768w, https:\/\/beta.bibliotekutvikling.no\/content\/uploads\/sites\/14\/2020\/03\/DSC_66542.jpg 1268w\" sizes=\"auto, (max-width: 1024px) 100vw, 1024px\" \/><\/figure>\n\n\n\n<p class=\"is-style-default\">Sentrale faktorer som p\u00e5virker prioritering av materiale til digitalisering:<\/p>\n\n\n\n<ul class=\"wp-block-list\">\n<li><strong>Fysisk tilstand<\/strong>. Materiale som er i kritisk fysisk tilstand, og st\u00e5r i fare for \u00e5 g\u00e5 tapt, vil m\u00e5tte prioriteres. <\/li>\n\n\n\n<li><strong>Formatet<\/strong>. I en del tilfeller samler vi opp spesielle formater og digitaliserer en st\u00f8rre mengde materiale samlet.<\/li>\n\n\n\n<li><strong>Lagringshistorie<\/strong>. D\u00e5rlig lagret materiale er mer utsatt for nedbryting enn materiale som har hatt det godt gjennom hele levetiden.<\/li>\n\n\n\n<li><strong>Avspillingsutstyr<\/strong>. For noen formater vil det om \u00abnoen \u00e5r\u00bb ikke lengre kunne skaffes utstyr for \u00e5 spille av materialet, og det vil etter hvert ikke finnes reservedeler til maskinene. Vi har dermed et begrenset tidsvindu for \u00e5 flytte innholdet over i digital form.<\/li>\n\n\n\n<li><strong>Spesielle behov<\/strong>. Vi vil kunne ta hensyn til spesielle behov for \u00e5 ha tilgang til materialet i digital form. Dette kan for eksempel v\u00e6re forskningsprosjekter, jubileer eller andre konkrete formidlingsprosjekter.<\/li>\n<\/ul>\n\n\n\n<h2 class=\"wp-block-heading\"><strong>Andre aspekter<\/strong><\/h2>\n\n\n\n<p>Det vil ogs\u00e5 ha betydning for prioriteringen om materialet er masseprodusert eller publisert. Det kan antas at slikt materiale allerede er bevart i NB (pliktavlevert), eller befinner seg i mange institusjoner og dermed vurderes som mindre truet.<br><br>Prioriteringen m\u00e5 ogs\u00e5 gjenspeile at ABM-landskapet er sammensatt. Det finnes veldig store institusjoner, ofte med digre samlinger, og det finnes sm\u00e5 institusjoner med sm\u00e5 samlinger. Alle fylker og de fleste kommunene i landet inneholder sm\u00e5 eller store samlinger med materiale.<\/p>\n\n\n\n<p>Ordningstilstanden til samlingene er sv\u00e6rt ulike, noen er helt klare til \u00e5 sendes i retning skannerne, andre samlinger m\u00e5 ryddes i f\u00f8r digitaliseringen kan starte. Noe materiale er forholdsvis enkelt \u00e5 sende gjennom digitaliseringsl\u00f8ypene, mens andre samlinger er mer krevende \u00e5 arbeide med. I tillegg vil det kunne dukke opp truet materiale som m\u00e5 prioriteres umiddelbart, noe som igjen gj\u00f8r at det som egentlig skulle prioriteres neste m\u00e5ned m\u00e5 dyttes litt ut i tid.<\/p>\n\n\n\n<p>Alle digitaliseringsl\u00f8ypene er enn\u00e5 ikke ferdigstilt, dette gjelder for eksempel for digitalisering av privatarkivmateriale (papir). Materiale som skal gjennom disse l\u00f8ypene kan naturlig nok ikke prioriteres f\u00f8r l\u00f8ypa er operativ.<\/p>\n\n\n\n<p><strong>Alle faktorene som er nevnt over m\u00e5 inng\u00e5 i prioriteringen. <\/strong><\/p>\n","protected":false},"excerpt":{"rendered":"","protected":false},"author":1312,"featured_media":896,"parent":478,"menu_order":0,"comment_status":"closed","ping_status":"closed","template":"","meta":{"nb_hide_title":false,"sub_navigation_option":"","sub_navigation_custom_items":null,"footnotes":""},"class_list":["post-143","page","type-page","status-publish","has-post-thumbnail","hentry"],"yoast_head":"<!-- This site is optimized with the Yoast SEO Premium plugin v27.1 (Yoast SEO v27.1.1) - https:\/\/yoast.com\/product\/yoast-seo-premium-wordpress\/ -->\n<title>Prioriteringer og framdrift - Kulturarvdigitalisering<\/title>\n<meta name=\"robots\" content=\"index, follow, max-snippet:-1, max-image-preview:large, max-video-preview:-1\" \/>\n<link rel=\"canonical\" href=\"https:\/\/beta.bibliotekutvikling.no\/abmdig\/senter-for-kulturarvdigitalisering\/praktisk-gjennomforing\/prioriteringer\/\" \/>\n<meta property=\"og:locale\" content=\"nb_NO\" \/>\n<meta property=\"og:type\" content=\"article\" \/>\n<meta property=\"og:title\" content=\"Prioriteringer og framdrift\" \/>\n<meta property=\"og:url\" content=\"https:\/\/beta.bibliotekutvikling.no\/abmdig\/senter-for-kulturarvdigitalisering\/praktisk-gjennomforing\/prioriteringer\/\" \/>\n<meta property=\"og:site_name\" content=\"Kulturarvdigitalisering\" \/>\n<meta property=\"article:modified_time\" content=\"2022-12-01T10:50:45+00:00\" \/>\n<meta property=\"og:image\" content=\"https:\/\/beta.bibliotekutvikling.no\/content\/uploads\/sites\/14\/2020\/08\/bok2.jpg\" \/>\n\t<meta property=\"og:image:width\" content=\"1920\" \/>\n\t<meta property=\"og:image:height\" content=\"1647\" \/>\n\t<meta property=\"og:image:type\" content=\"image\/jpeg\" \/>\n<meta name=\"twitter:card\" content=\"summary_large_image\" \/>\n<meta name=\"twitter:label1\" content=\"Ansl. lesetid\" \/>\n\t<meta name=\"twitter:data1\" content=\"2 minutter\" \/>\n<script type=\"application\/ld+json\" class=\"yoast-schema-graph\">{\"@context\":\"https:\/\/schema.org\",\"@graph\":[{\"@type\":\"WebPage\",\"@id\":\"https:\/\/beta.bibliotekutvikling.no\/abmdig\/senter-for-kulturarvdigitalisering\/praktisk-gjennomforing\/prioriteringer\/\",\"url\":\"https:\/\/beta.bibliotekutvikling.no\/abmdig\/senter-for-kulturarvdigitalisering\/praktisk-gjennomforing\/prioriteringer\/\",\"name\":\"Prioriteringer og framdrift - Kulturarvdigitalisering\",\"isPartOf\":{\"@id\":\"https:\/\/beta.bibliotekutvikling.no\/abmdig\/#website\"},\"primaryImageOfPage\":{\"@id\":\"https:\/\/beta.bibliotekutvikling.no\/abmdig\/senter-for-kulturarvdigitalisering\/praktisk-gjennomforing\/prioriteringer\/#primaryimage\"},\"image\":{\"@id\":\"https:\/\/beta.bibliotekutvikling.no\/abmdig\/senter-for-kulturarvdigitalisering\/praktisk-gjennomforing\/prioriteringer\/#primaryimage\"},\"thumbnailUrl\":\"https:\/\/beta.bibliotekutvikling.no\/content\/uploads\/sites\/14\/2020\/08\/bok2.jpg\",\"datePublished\":\"2020-02-20T14:32:06+00:00\",\"dateModified\":\"2022-12-01T10:50:45+00:00\",\"breadcrumb\":{\"@id\":\"https:\/\/beta.bibliotekutvikling.no\/abmdig\/senter-for-kulturarvdigitalisering\/praktisk-gjennomforing\/prioriteringer\/#breadcrumb\"},\"inLanguage\":\"nb-NO\",\"potentialAction\":[{\"@type\":\"ReadAction\",\"target\":[\"https:\/\/beta.bibliotekutvikling.no\/abmdig\/senter-for-kulturarvdigitalisering\/praktisk-gjennomforing\/prioriteringer\/\"]}]},{\"@type\":\"ImageObject\",\"inLanguage\":\"nb-NO\",\"@id\":\"https:\/\/beta.bibliotekutvikling.no\/abmdig\/senter-for-kulturarvdigitalisering\/praktisk-gjennomforing\/prioriteringer\/#primaryimage\",\"url\":\"https:\/\/beta.bibliotekutvikling.no\/content\/uploads\/sites\/14\/2020\/08\/bok2.jpg\",\"contentUrl\":\"https:\/\/beta.bibliotekutvikling.no\/content\/uploads\/sites\/14\/2020\/08\/bok2.jpg\",\"width\":1920,\"height\":1647,\"caption\":\"Bokdigitalisering\"},{\"@type\":\"BreadcrumbList\",\"@id\":\"https:\/\/beta.bibliotekutvikling.no\/abmdig\/senter-for-kulturarvdigitalisering\/praktisk-gjennomforing\/prioriteringer\/#breadcrumb\",\"itemListElement\":[{\"@type\":\"ListItem\",\"position\":1,\"name\":\"Hjem\",\"item\":\"https:\/\/beta.bibliotekutvikling.no\/abmdig\/\"},{\"@type\":\"ListItem\",\"position\":2,\"name\":\"Vi digitaliserer Norges kulturarv &#8211; abmdig\",\"item\":\"https:\/\/beta.bibliotekutvikling.no\/abmdig\/\"},{\"@type\":\"ListItem\",\"position\":3,\"name\":\"Praktisk gjennomf\u00f8ring\",\"item\":\"https:\/\/beta.bibliotekutvikling.no\/abmdig\/senter-for-kulturarvdigitalisering\/praktisk-gjennomforing\/\"},{\"@type\":\"ListItem\",\"position\":4,\"name\":\"Prioriteringer og framdrift\"}]},{\"@type\":\"WebSite\",\"@id\":\"https:\/\/beta.bibliotekutvikling.no\/abmdig\/#website\",\"url\":\"https:\/\/beta.bibliotekutvikling.no\/abmdig\/\",\"name\":\"Nasjonalbiblioteket | Kulturarvdigitalisering\",\"description\":\"\",\"potentialAction\":[{\"@type\":\"SearchAction\",\"target\":{\"@type\":\"EntryPoint\",\"urlTemplate\":\"https:\/\/beta.bibliotekutvikling.no\/abmdig\/?s={search_term_string}\"},\"query-input\":{\"@type\":\"PropertyValueSpecification\",\"valueRequired\":true,\"valueName\":\"search_term_string\"}}],\"inLanguage\":\"nb-NO\"}]}<\/script>\n<!-- \/ Yoast SEO Premium plugin. -->","yoast_head_json":{"title":"Prioriteringer og framdrift - Kulturarvdigitalisering","robots":{"index":"index","follow":"follow","max-snippet":"max-snippet:-1","max-image-preview":"max-image-preview:large","max-video-preview":"max-video-preview:-1"},"canonical":"https:\/\/beta.bibliotekutvikling.no\/abmdig\/senter-for-kulturarvdigitalisering\/praktisk-gjennomforing\/prioriteringer\/","og_locale":"nb_NO","og_type":"article","og_title":"Prioriteringer og framdrift","og_url":"https:\/\/beta.bibliotekutvikling.no\/abmdig\/senter-for-kulturarvdigitalisering\/praktisk-gjennomforing\/prioriteringer\/","og_site_name":"Kulturarvdigitalisering","article_modified_time":"2022-12-01T10:50:45+00:00","og_image":[{"width":1920,"height":1647,"url":"https:\/\/beta.bibliotekutvikling.no\/content\/uploads\/sites\/14\/2020\/08\/bok2.jpg","type":"image\/jpeg"}],"twitter_card":"summary_large_image","twitter_misc":{"Ansl. lesetid":"2 minutter"},"schema":{"@context":"https:\/\/schema.org","@graph":[{"@type":"WebPage","@id":"https:\/\/beta.bibliotekutvikling.no\/abmdig\/senter-for-kulturarvdigitalisering\/praktisk-gjennomforing\/prioriteringer\/","url":"https:\/\/beta.bibliotekutvikling.no\/abmdig\/senter-for-kulturarvdigitalisering\/praktisk-gjennomforing\/prioriteringer\/","name":"Prioriteringer og framdrift - Kulturarvdigitalisering","isPartOf":{"@id":"https:\/\/beta.bibliotekutvikling.no\/abmdig\/#website"},"primaryImageOfPage":{"@id":"https:\/\/beta.bibliotekutvikling.no\/abmdig\/senter-for-kulturarvdigitalisering\/praktisk-gjennomforing\/prioriteringer\/#primaryimage"},"image":{"@id":"https:\/\/beta.bibliotekutvikling.no\/abmdig\/senter-for-kulturarvdigitalisering\/praktisk-gjennomforing\/prioriteringer\/#primaryimage"},"thumbnailUrl":"https:\/\/beta.bibliotekutvikling.no\/content\/uploads\/sites\/14\/2020\/08\/bok2.jpg","datePublished":"2020-02-20T14:32:06+00:00","dateModified":"2022-12-01T10:50:45+00:00","breadcrumb":{"@id":"https:\/\/beta.bibliotekutvikling.no\/abmdig\/senter-for-kulturarvdigitalisering\/praktisk-gjennomforing\/prioriteringer\/#breadcrumb"},"inLanguage":"nb-NO","potentialAction":[{"@type":"ReadAction","target":["https:\/\/beta.bibliotekutvikling.no\/abmdig\/senter-for-kulturarvdigitalisering\/praktisk-gjennomforing\/prioriteringer\/"]}]},{"@type":"ImageObject","inLanguage":"nb-NO","@id":"https:\/\/beta.bibliotekutvikling.no\/abmdig\/senter-for-kulturarvdigitalisering\/praktisk-gjennomforing\/prioriteringer\/#primaryimage","url":"https:\/\/beta.bibliotekutvikling.no\/content\/uploads\/sites\/14\/2020\/08\/bok2.jpg","contentUrl":"https:\/\/beta.bibliotekutvikling.no\/content\/uploads\/sites\/14\/2020\/08\/bok2.jpg","width":1920,"height":1647,"caption":"Bokdigitalisering"},{"@type":"BreadcrumbList","@id":"https:\/\/beta.bibliotekutvikling.no\/abmdig\/senter-for-kulturarvdigitalisering\/praktisk-gjennomforing\/prioriteringer\/#breadcrumb","itemListElement":[{"@type":"ListItem","position":1,"name":"Hjem","item":"https:\/\/beta.bibliotekutvikling.no\/abmdig\/"},{"@type":"ListItem","position":2,"name":"Vi digitaliserer Norges kulturarv &#8211; abmdig","item":"https:\/\/beta.bibliotekutvikling.no\/abmdig\/"},{"@type":"ListItem","position":3,"name":"Praktisk gjennomf\u00f8ring","item":"https:\/\/beta.bibliotekutvikling.no\/abmdig\/senter-for-kulturarvdigitalisering\/praktisk-gjennomforing\/"},{"@type":"ListItem","position":4,"name":"Prioriteringer og framdrift"}]},{"@type":"WebSite","@id":"https:\/\/beta.bibliotekutvikling.no\/abmdig\/#website","url":"https:\/\/beta.bibliotekutvikling.no\/abmdig\/","name":"Nasjonalbiblioteket | Kulturarvdigitalisering","description":"","potentialAction":[{"@type":"SearchAction","target":{"@type":"EntryPoint","urlTemplate":"https:\/\/beta.bibliotekutvikling.no\/abmdig\/?s={search_term_string}"},"query-input":{"@type":"PropertyValueSpecification","valueRequired":true,"valueName":"search_term_string"}}],"inLanguage":"nb-NO"}]}},"_links":{"self":[{"href":"https:\/\/beta.bibliotekutvikling.no\/abmdig\/wp-json\/wp\/v2\/pages\/143","targetHints":{"allow":["GET"]}}],"collection":[{"href":"https:\/\/beta.bibliotekutvikling.no\/abmdig\/wp-json\/wp\/v2\/pages"}],"about":[{"href":"https:\/\/beta.bibliotekutvikling.no\/abmdig\/wp-json\/wp\/v2\/types\/page"}],"author":[{"embeddable":true,"href":"https:\/\/beta.bibliotekutvikling.no\/abmdig\/wp-json\/wp\/v2\/users\/1312"}],"replies":[{"embeddable":true,"href":"https:\/\/beta.bibliotekutvikling.no\/abmdig\/wp-json\/wp\/v2\/comments?post=143"}],"version-history":[{"count":5,"href":"https:\/\/beta.bibliotekutvikling.no\/abmdig\/wp-json\/wp\/v2\/pages\/143\/revisions"}],"predecessor-version":[{"id":2211,"href":"https:\/\/beta.bibliotekutvikling.no\/abmdig\/wp-json\/wp\/v2\/pages\/143\/revisions\/2211"}],"up":[{"embeddable":true,"href":"https:\/\/beta.bibliotekutvikling.no\/abmdig\/wp-json\/wp\/v2\/pages\/478"}],"wp:featuredmedia":[{"embeddable":true,"href":"https:\/\/beta.bibliotekutvikling.no\/abmdig\/wp-json\/wp\/v2\/media\/896"}],"wp:attachment":[{"href":"https:\/\/beta.bibliotekutvikling.no\/abmdig\/wp-json\/wp\/v2\/media?parent=143"}],"curies":[{"name":"wp","href":"https:\/\/api.w.org\/{rel}","templated":true}]}}