{"id":1441,"date":"2021-03-09T10:51:16","date_gmt":"2021-03-09T09:51:16","guid":{"rendered":"https:\/\/abmdig.no\/?page_id=1441"},"modified":"2023-07-21T09:54:18","modified_gmt":"2023-07-21T07:54:18","slug":"hva-digitaliserer-vi-na","status":"publish","type":"page","link":"https:\/\/beta.bibliotekutvikling.no\/abmdig\/senter-for-kulturarvdigitalisering\/hva-digitaliserer-vi-na\/","title":{"rendered":"Kva digitaliserer me?"},"content":{"rendered":"\n<figure class=\"wp-block-image size-large\"><img loading=\"lazy\" decoding=\"async\" width=\"1024\" height=\"629\" src=\"https:\/\/abmdig.no\/content\/uploads\/sites\/14\/2020\/03\/20140518-nb-bilder-070r-1024x629.jpg\" alt=\"Lydb\u00e5ndavspiller\" class=\"wp-image-435\" srcset=\"https:\/\/beta.bibliotekutvikling.no\/content\/uploads\/sites\/14\/2020\/03\/20140518-nb-bilder-070r-1024x629.jpg 1024w, https:\/\/beta.bibliotekutvikling.no\/content\/uploads\/sites\/14\/2020\/03\/20140518-nb-bilder-070r-300x184.jpg 300w, https:\/\/beta.bibliotekutvikling.no\/content\/uploads\/sites\/14\/2020\/03\/20140518-nb-bilder-070r-768x472.jpg 768w, https:\/\/beta.bibliotekutvikling.no\/content\/uploads\/sites\/14\/2020\/03\/20140518-nb-bilder-070r.jpg 1400w\" sizes=\"auto, (max-width: 1024px) 100vw, 1024px\" \/><\/figure>\n\n\n\n<h2 class=\"wp-block-heading\" id=\"h-av-materiale\">AV-materiale<\/h2>\n\n\n\n<p>Nye digitaliseringsl\u00f8yper for lyd og video er utvikla og operative. Digitaliseringsl\u00f8ype for film er neste som skal p\u00e5 plass og motteke materiale blir lagra fram til denne blir ferdig utvikla. Ved spesielle behov kan enkeltobjekt med film bli prioritert inn til digitalisering i eksisterande digitaliseringsl\u00f8ype som elles blir brukt til eige materiale.  <\/p>\n\n\n\n<h2 class=\"wp-block-heading\"><strong>Institusjonar me har digitalisert materiale fr<\/strong>\u00e5<\/h2>\n\n\n\n<ul class=\"wp-block-list\">\n<li>Viti<\/li>\n\n\n\n<li>Randsfjordmuseet<\/li>\n\n\n\n<li>Norsk Teknisk Museum<\/li>\n\n\n\n<li>Museene i Akershus (MiA)<\/li>\n\n\n\n<li>Arbeiderbevegelsens arkiv og bibliotek<\/li>\n\n\n\n<li>Norsk Lydinstitutt Stavanger<\/li>\n\n\n\n<li>Norsk senter for folkemusikk og folkedans<\/li>\n\n\n\n<li>Mj\u00f8smuseet<\/li>\n\n\n\n<li>Helgeland Museum<\/li>\n\n\n\n<li>Nordlandsmuseet<\/li>\n\n\n\n<li>Samisk spr\u00e5k- og kultursenter<\/li>\n\n\n\n<li>Stiftelsen L\u00e1ss\u00e1g\u00e1mmi <\/li>\n\n\n\n<li>Ryfylkemuseet<\/li>\n\n\n\n<li>Museum Vest<\/li>\n\n\n\n<li>NTNU Universitetsbiblioteket<\/li>\n\n\n\n<li>Universitetsmuseet i Bergen<\/li>\n\n\n\n<li>Telemark Museum<\/li>\n\n\n\n<li>Nynorsk Kultursentrum<\/li>\n\n\n\n<li>Nordm\u00f8re museum<\/li>\n\n\n\n<li>Valdresmusea<\/li>\n\n\n\n<li>Danseinformasjonen<\/li>\n\n\n\n<li>D\u00f8nna bibliotek<\/li>\n\n\n\n<li>Museum Stavanger<\/li>\n\n\n\n<li>Oslo Byarkiv<\/li>\n<\/ul>\n\n\n\n<figure class=\"wp-block-gallery has-nested-images columns-default is-cropped wp-block-gallery-1 is-layout-flex wp-block-gallery-is-layout-flex\">\n<figure class=\"wp-block-image size-large\"><img loading=\"lazy\" decoding=\"async\" width=\"1024\" height=\"683\" data-id=\"1524\" src=\"https:\/\/bibliotekutvikling.no\/content\/uploads\/sites\/14\/2021\/04\/DSC3633-1024x683.jpg\" alt=\"Digitalisering av lyd\" class=\"wp-image-1524\" srcset=\"https:\/\/beta.bibliotekutvikling.no\/content\/uploads\/sites\/14\/2021\/04\/DSC3633-1024x683.jpg 1024w, https:\/\/beta.bibliotekutvikling.no\/content\/uploads\/sites\/14\/2021\/04\/DSC3633-300x200.jpg 300w, https:\/\/beta.bibliotekutvikling.no\/content\/uploads\/sites\/14\/2021\/04\/DSC3633-768x513.jpg 768w, https:\/\/beta.bibliotekutvikling.no\/content\/uploads\/sites\/14\/2021\/04\/DSC3633-1536x1025.jpg 1536w, https:\/\/beta.bibliotekutvikling.no\/content\/uploads\/sites\/14\/2021\/04\/DSC3633-2048x1367.jpg 2048w\" sizes=\"auto, (max-width: 1024px) 100vw, 1024px\" \/><\/figure>\n\n\n\n<figure class=\"wp-block-image size-large\"><img loading=\"lazy\" decoding=\"async\" width=\"1024\" height=\"683\" data-id=\"1525\" src=\"https:\/\/bibliotekutvikling.no\/content\/uploads\/sites\/14\/2021\/04\/DSC3864-1024x683.jpg\" alt=\"Lydavspiller\" class=\"wp-image-1525\" srcset=\"https:\/\/beta.bibliotekutvikling.no\/content\/uploads\/sites\/14\/2021\/04\/DSC3864-1024x683.jpg 1024w, https:\/\/beta.bibliotekutvikling.no\/content\/uploads\/sites\/14\/2021\/04\/DSC3864-300x200.jpg 300w, https:\/\/beta.bibliotekutvikling.no\/content\/uploads\/sites\/14\/2021\/04\/DSC3864-768x513.jpg 768w, https:\/\/beta.bibliotekutvikling.no\/content\/uploads\/sites\/14\/2021\/04\/DSC3864-1536x1025.jpg 1536w, https:\/\/beta.bibliotekutvikling.no\/content\/uploads\/sites\/14\/2021\/04\/DSC3864-2048x1367.jpg 2048w\" sizes=\"auto, (max-width: 1024px) 100vw, 1024px\" \/><\/figure>\n\n\n\n<figure class=\"wp-block-image size-large\"><img loading=\"lazy\" decoding=\"async\" width=\"1024\" height=\"683\" data-id=\"1526\" src=\"https:\/\/bibliotekutvikling.no\/content\/uploads\/sites\/14\/2021\/04\/DSC3926-1024x683.jpg\" alt=\"Digitalisering av lyd\" class=\"wp-image-1526\" srcset=\"https:\/\/beta.bibliotekutvikling.no\/content\/uploads\/sites\/14\/2021\/04\/DSC3926-1024x683.jpg 1024w, https:\/\/beta.bibliotekutvikling.no\/content\/uploads\/sites\/14\/2021\/04\/DSC3926-300x200.jpg 300w, https:\/\/beta.bibliotekutvikling.no\/content\/uploads\/sites\/14\/2021\/04\/DSC3926-768x513.jpg 768w, https:\/\/beta.bibliotekutvikling.no\/content\/uploads\/sites\/14\/2021\/04\/DSC3926-1536x1025.jpg 1536w, https:\/\/beta.bibliotekutvikling.no\/content\/uploads\/sites\/14\/2021\/04\/DSC3926-2048x1367.jpg 2048w\" sizes=\"auto, (max-width: 1024px) 100vw, 1024px\" \/><\/figure>\n<\/figure>\n\n\n\n<h2 class=\"wp-block-heading\" id=\"h-fotografisk-materiale\">Fotografisk materiale<\/h2>\n\n\n\n<p>Digitaliseringsl\u00f8ypene v\u00e5re <a href=\"https:\/\/abmdig.no\/praktisk-gjennomforing\/materiale-som-omfattes\/digitalisering-av-fotografisk-materiale\/digitaliseringsloyper-foto\/\">for foto<\/a> er operative. Me har digitalisert fotografisk materiale fr\u00e5 mellom anna f\u00f8lgjande institusjonar:  <\/p>\n\n\n\n<ul class=\"wp-block-list\">\n<li>Museene i Akershus (MiA)<\/li>\n\n\n\n<li>Helgeland Museum<\/li>\n\n\n\n<li>Arkivverket<\/li>\n\n\n\n<li>Svalbardposten<\/li>\n\n\n\n<li>Mj\u00f8smuseet<\/li>\n\n\n\n<li>Viti<\/li>\n\n\n\n<li>NTB<\/li>\n\n\n\n<li>Troms og Finnmark fylkesbibliotek<\/li>\n\n\n\n<li>Danseinformasjonen<\/li>\n\n\n\n<li>Norsk Teknisk museum<\/li>\n\n\n\n<li>Anno Museene<\/li>\n\n\n\n<li>Moss kommune<\/li>\n\n\n\n<li>Universitetsmuseet i Bergen<\/li>\n\n\n\n<li>Kraftmuseet<\/li>\n\n\n\n<li>Interkommunalt arkiv M\u00f8re og Romsdal IKS<\/li>\n\n\n\n<li>Kulturhistorisk museum<\/li>\n<\/ul>\n\n\n\n<figure class=\"wp-block-gallery has-nested-images columns-default is-cropped wp-block-gallery-2 is-layout-flex wp-block-gallery-is-layout-flex\">\n<figure class=\"wp-block-image size-large\"><img loading=\"lazy\" decoding=\"async\" width=\"1024\" height=\"683\" data-id=\"1521\" src=\"https:\/\/bibliotekutvikling.no\/content\/uploads\/sites\/14\/2021\/04\/DSC2435-1024x683.jpg\" alt=\"Fotodigitalisering InoTec-skanner\" class=\"wp-image-1521\" srcset=\"https:\/\/beta.bibliotekutvikling.no\/content\/uploads\/sites\/14\/2021\/04\/DSC2435-1024x683.jpg 1024w, https:\/\/beta.bibliotekutvikling.no\/content\/uploads\/sites\/14\/2021\/04\/DSC2435-300x200.jpg 300w, https:\/\/beta.bibliotekutvikling.no\/content\/uploads\/sites\/14\/2021\/04\/DSC2435-768x512.jpg 768w, https:\/\/beta.bibliotekutvikling.no\/content\/uploads\/sites\/14\/2021\/04\/DSC2435-1536x1025.jpg 1536w, https:\/\/beta.bibliotekutvikling.no\/content\/uploads\/sites\/14\/2021\/04\/DSC2435-2048x1367.jpg 2048w\" sizes=\"auto, (max-width: 1024px) 100vw, 1024px\" \/><\/figure>\n\n\n\n<figure class=\"wp-block-image size-large\"><img loading=\"lazy\" decoding=\"async\" width=\"1024\" height=\"683\" data-id=\"1522\" src=\"https:\/\/bibliotekutvikling.no\/content\/uploads\/sites\/14\/2021\/04\/Dokumentskanner_009-1024x683.jpg\" alt=\"Fotodigitalisering\" class=\"wp-image-1522\" srcset=\"https:\/\/beta.bibliotekutvikling.no\/content\/uploads\/sites\/14\/2021\/04\/Dokumentskanner_009-1024x683.jpg 1024w, https:\/\/beta.bibliotekutvikling.no\/content\/uploads\/sites\/14\/2021\/04\/Dokumentskanner_009-300x200.jpg 300w, https:\/\/beta.bibliotekutvikling.no\/content\/uploads\/sites\/14\/2021\/04\/Dokumentskanner_009-768x513.jpg 768w, https:\/\/beta.bibliotekutvikling.no\/content\/uploads\/sites\/14\/2021\/04\/Dokumentskanner_009-1536x1025.jpg 1536w, https:\/\/beta.bibliotekutvikling.no\/content\/uploads\/sites\/14\/2021\/04\/Dokumentskanner_009-2048x1367.jpg 2048w\" sizes=\"auto, (max-width: 1024px) 100vw, 1024px\" \/><\/figure>\n\n\n\n<figure class=\"wp-block-image size-large\"><img loading=\"lazy\" decoding=\"async\" width=\"1024\" height=\"683\" data-id=\"1523\" src=\"https:\/\/bibliotekutvikling.no\/content\/uploads\/sites\/14\/2021\/04\/Hasselbladfotografering_005-1024x683.jpg\" alt=\"Fotodigitalisering\" class=\"wp-image-1523\" srcset=\"https:\/\/beta.bibliotekutvikling.no\/content\/uploads\/sites\/14\/2021\/04\/Hasselbladfotografering_005-1024x683.jpg 1024w, https:\/\/beta.bibliotekutvikling.no\/content\/uploads\/sites\/14\/2021\/04\/Hasselbladfotografering_005-300x200.jpg 300w, https:\/\/beta.bibliotekutvikling.no\/content\/uploads\/sites\/14\/2021\/04\/Hasselbladfotografering_005-768x513.jpg 768w, https:\/\/beta.bibliotekutvikling.no\/content\/uploads\/sites\/14\/2021\/04\/Hasselbladfotografering_005-1536x1025.jpg 1536w, https:\/\/beta.bibliotekutvikling.no\/content\/uploads\/sites\/14\/2021\/04\/Hasselbladfotografering_005-2048x1367.jpg 2048w\" sizes=\"auto, (max-width: 1024px) 100vw, 1024px\" \/><\/figure>\n<\/figure>\n\n\n\n<h2 class=\"wp-block-heading\" id=\"h-arkivmateriale\">Arkivmateriale<\/h2>\n\n\n\n<p>For papirbasert arkivmateriale har me f\u00f8rebels berre operativ digitaliseringsl\u00f8ype for arkivmateriale fr\u00e5 Arkivverket, i tillegg til noko eige materiale. For Arkivverket har me digitalisert mellom anna branntaksprotokollar og hovudregisterkort, og er no i gang med landssvikarkivet. <\/p>\n\n\n\n<figure class=\"wp-block-image size-large\"><img loading=\"lazy\" decoding=\"async\" width=\"1024\" height=\"684\" src=\"https:\/\/abmdig.no\/content\/uploads\/sites\/14\/2021\/12\/DSC2686-1-1024x684.jpg\" alt=\"Digitalisering av aviser\" class=\"wp-image-1756\" srcset=\"https:\/\/beta.bibliotekutvikling.no\/content\/uploads\/sites\/14\/2021\/12\/DSC2686-1-1024x684.jpg 1024w, https:\/\/beta.bibliotekutvikling.no\/content\/uploads\/sites\/14\/2021\/12\/DSC2686-1-300x200.jpg 300w, https:\/\/beta.bibliotekutvikling.no\/content\/uploads\/sites\/14\/2021\/12\/DSC2686-1-768x513.jpg 768w, https:\/\/beta.bibliotekutvikling.no\/content\/uploads\/sites\/14\/2021\/12\/DSC2686-1-1536x1025.jpg 1536w, https:\/\/beta.bibliotekutvikling.no\/content\/uploads\/sites\/14\/2021\/12\/DSC2686-1-2048x1367.jpg 2048w\" sizes=\"auto, (max-width: 1024px) 100vw, 1024px\" \/><\/figure>\n\n\n\n<h2 class=\"wp-block-heading\">Avis<\/h2>\n\n\n\n<p>Me har over mange \u00e5r jobba kontinuerleg med digitalisering av Noregs mest komplette avissamling. Me har per utgangen av 2021 digitalisert 3 706 650 aviser. Du finn dei fleste utg\u00e5vene tilgjengeleg i v\u00e5r teneste p\u00e5 <a href=\"https:\/\/www.nb.no\/search?mediatype=aviser\">nb.no<\/a>.<\/p>\n\n\n\n<p>Sj\u00f8lv om Nasjonalbiblioteket har den mest komplette samlinga av historiske aviser fr\u00e5 Noreg finst det framleis nokre hol i samlinga der me manglar enkelte eksemplar. Desse er me sv\u00e6rt interesserte i \u00e5 overta eller l\u00e5na for digitalisering. <\/p>\n\n\n\n<p>Har du informasjon om materiale me kanskje manglar i samlinga, ta kontakt p\u00e5 e-post til kulturarv@nb.no. <\/p>\n","protected":false},"excerpt":{"rendered":"<p>Sj\u00e5 institusjonar me har digitalisert for<\/p>\n","protected":false},"author":5213,"featured_media":1456,"parent":4,"menu_order":0,"comment_status":"closed","ping_status":"closed","template":"","meta":{"nb_hide_title":false,"sub_navigation_option":"","sub_navigation_custom_items":null,"footnotes":""},"class_list":["post-1441","page","type-page","status-publish","has-post-thumbnail","hentry"],"yoast_head":"<!-- This site is optimized with the Yoast SEO Premium plugin v27.1 (Yoast SEO v27.1.1) - https:\/\/yoast.com\/product\/yoast-seo-premium-wordpress\/ -->\n<title>Kva digitaliserer me? - Kulturarvdigitalisering<\/title>\n<meta name=\"description\" content=\"Nasjonalbiblioteket digitaliserer kulturarvmateriale fra arkiv, bibliotek og museum i hele Norge. Her er utdrag av hva vi digitaliserer n\u00e5.\" \/>\n<meta name=\"robots\" content=\"index, follow, max-snippet:-1, max-image-preview:large, max-video-preview:-1\" \/>\n<link rel=\"canonical\" href=\"https:\/\/beta.bibliotekutvikling.no\/abmdig\/senter-for-kulturarvdigitalisering\/hva-digitaliserer-vi-na\/\" \/>\n<meta property=\"og:locale\" content=\"nb_NO\" \/>\n<meta property=\"og:type\" content=\"article\" \/>\n<meta property=\"og:title\" content=\"Kva digitaliserer me?\" \/>\n<meta property=\"og:description\" content=\"Nasjonalbiblioteket digitaliserer kulturarvmateriale fra arkiv, bibliotek og museum i hele Norge. Her er utdrag av hva vi digitaliserer n\u00e5.\" \/>\n<meta property=\"og:url\" content=\"https:\/\/beta.bibliotekutvikling.no\/abmdig\/senter-for-kulturarvdigitalisering\/hva-digitaliserer-vi-na\/\" \/>\n<meta property=\"og:site_name\" content=\"Kulturarvdigitalisering\" \/>\n<meta property=\"article:modified_time\" content=\"2023-07-21T07:54:18+00:00\" \/>\n<meta property=\"og:image\" content=\"https:\/\/beta.bibliotekutvikling.no\/content\/uploads\/sites\/14\/2021\/03\/DSC3926-scaled.jpg\" \/>\n\t<meta property=\"og:image:width\" content=\"2560\" \/>\n\t<meta property=\"og:image:height\" content=\"1709\" \/>\n\t<meta property=\"og:image:type\" content=\"image\/jpeg\" \/>\n<meta name=\"twitter:card\" content=\"summary_large_image\" \/>\n<meta name=\"twitter:label1\" content=\"Ansl. lesetid\" \/>\n\t<meta name=\"twitter:data1\" content=\"4 minutter\" \/>\n<script type=\"application\/ld+json\" class=\"yoast-schema-graph\">{\"@context\":\"https:\/\/schema.org\",\"@graph\":[{\"@type\":\"WebPage\",\"@id\":\"https:\/\/beta.bibliotekutvikling.no\/abmdig\/senter-for-kulturarvdigitalisering\/hva-digitaliserer-vi-na\/\",\"url\":\"https:\/\/beta.bibliotekutvikling.no\/abmdig\/senter-for-kulturarvdigitalisering\/hva-digitaliserer-vi-na\/\",\"name\":\"Kva digitaliserer me? - Kulturarvdigitalisering\",\"isPartOf\":{\"@id\":\"https:\/\/beta.bibliotekutvikling.no\/abmdig\/#website\"},\"primaryImageOfPage\":{\"@id\":\"https:\/\/beta.bibliotekutvikling.no\/abmdig\/senter-for-kulturarvdigitalisering\/hva-digitaliserer-vi-na\/#primaryimage\"},\"image\":{\"@id\":\"https:\/\/beta.bibliotekutvikling.no\/abmdig\/senter-for-kulturarvdigitalisering\/hva-digitaliserer-vi-na\/#primaryimage\"},\"thumbnailUrl\":\"https:\/\/beta.bibliotekutvikling.no\/content\/uploads\/sites\/14\/2021\/03\/DSC3926-scaled.jpg\",\"datePublished\":\"2021-03-09T09:51:16+00:00\",\"dateModified\":\"2023-07-21T07:54:18+00:00\",\"description\":\"Nasjonalbiblioteket digitaliserer kulturarvmateriale fra arkiv, bibliotek og museum i hele Norge. Her er utdrag av hva vi digitaliserer n\u00e5.\",\"breadcrumb\":{\"@id\":\"https:\/\/beta.bibliotekutvikling.no\/abmdig\/senter-for-kulturarvdigitalisering\/hva-digitaliserer-vi-na\/#breadcrumb\"},\"inLanguage\":\"nb-NO\",\"potentialAction\":[{\"@type\":\"ReadAction\",\"target\":[\"https:\/\/beta.bibliotekutvikling.no\/abmdig\/senter-for-kulturarvdigitalisering\/hva-digitaliserer-vi-na\/\"]}]},{\"@type\":\"ImageObject\",\"inLanguage\":\"nb-NO\",\"@id\":\"https:\/\/beta.bibliotekutvikling.no\/abmdig\/senter-for-kulturarvdigitalisering\/hva-digitaliserer-vi-na\/#primaryimage\",\"url\":\"https:\/\/beta.bibliotekutvikling.no\/content\/uploads\/sites\/14\/2021\/03\/DSC3926-scaled.jpg\",\"contentUrl\":\"https:\/\/beta.bibliotekutvikling.no\/content\/uploads\/sites\/14\/2021\/03\/DSC3926-scaled.jpg\",\"width\":2560,\"height\":1709,\"caption\":\"Digitalisering av lyd\"},{\"@type\":\"BreadcrumbList\",\"@id\":\"https:\/\/beta.bibliotekutvikling.no\/abmdig\/senter-for-kulturarvdigitalisering\/hva-digitaliserer-vi-na\/#breadcrumb\",\"itemListElement\":[{\"@type\":\"ListItem\",\"position\":1,\"name\":\"Hjem\",\"item\":\"https:\/\/beta.bibliotekutvikling.no\/abmdig\/\"},{\"@type\":\"ListItem\",\"position\":2,\"name\":\"Vi digitaliserer Norges kulturarv &#8211; abmdig\",\"item\":\"https:\/\/beta.bibliotekutvikling.no\/abmdig\/\"},{\"@type\":\"ListItem\",\"position\":3,\"name\":\"Kva digitaliserer me?\"}]},{\"@type\":\"WebSite\",\"@id\":\"https:\/\/beta.bibliotekutvikling.no\/abmdig\/#website\",\"url\":\"https:\/\/beta.bibliotekutvikling.no\/abmdig\/\",\"name\":\"Nasjonalbiblioteket | Kulturarvdigitalisering\",\"description\":\"\",\"potentialAction\":[{\"@type\":\"SearchAction\",\"target\":{\"@type\":\"EntryPoint\",\"urlTemplate\":\"https:\/\/beta.bibliotekutvikling.no\/abmdig\/?s={search_term_string}\"},\"query-input\":{\"@type\":\"PropertyValueSpecification\",\"valueRequired\":true,\"valueName\":\"search_term_string\"}}],\"inLanguage\":\"nb-NO\"}]}<\/script>\n<!-- \/ Yoast SEO Premium plugin. -->","yoast_head_json":{"title":"Kva digitaliserer me? - Kulturarvdigitalisering","description":"Nasjonalbiblioteket digitaliserer kulturarvmateriale fra arkiv, bibliotek og museum i hele Norge. Her er utdrag av hva vi digitaliserer n\u00e5.","robots":{"index":"index","follow":"follow","max-snippet":"max-snippet:-1","max-image-preview":"max-image-preview:large","max-video-preview":"max-video-preview:-1"},"canonical":"https:\/\/beta.bibliotekutvikling.no\/abmdig\/senter-for-kulturarvdigitalisering\/hva-digitaliserer-vi-na\/","og_locale":"nb_NO","og_type":"article","og_title":"Kva digitaliserer me?","og_description":"Nasjonalbiblioteket digitaliserer kulturarvmateriale fra arkiv, bibliotek og museum i hele Norge. Her er utdrag av hva vi digitaliserer n\u00e5.","og_url":"https:\/\/beta.bibliotekutvikling.no\/abmdig\/senter-for-kulturarvdigitalisering\/hva-digitaliserer-vi-na\/","og_site_name":"Kulturarvdigitalisering","article_modified_time":"2023-07-21T07:54:18+00:00","og_image":[{"width":2560,"height":1709,"url":"https:\/\/beta.bibliotekutvikling.no\/content\/uploads\/sites\/14\/2021\/03\/DSC3926-scaled.jpg","type":"image\/jpeg"}],"twitter_card":"summary_large_image","twitter_misc":{"Ansl. lesetid":"4 minutter"},"schema":{"@context":"https:\/\/schema.org","@graph":[{"@type":"WebPage","@id":"https:\/\/beta.bibliotekutvikling.no\/abmdig\/senter-for-kulturarvdigitalisering\/hva-digitaliserer-vi-na\/","url":"https:\/\/beta.bibliotekutvikling.no\/abmdig\/senter-for-kulturarvdigitalisering\/hva-digitaliserer-vi-na\/","name":"Kva digitaliserer me? - Kulturarvdigitalisering","isPartOf":{"@id":"https:\/\/beta.bibliotekutvikling.no\/abmdig\/#website"},"primaryImageOfPage":{"@id":"https:\/\/beta.bibliotekutvikling.no\/abmdig\/senter-for-kulturarvdigitalisering\/hva-digitaliserer-vi-na\/#primaryimage"},"image":{"@id":"https:\/\/beta.bibliotekutvikling.no\/abmdig\/senter-for-kulturarvdigitalisering\/hva-digitaliserer-vi-na\/#primaryimage"},"thumbnailUrl":"https:\/\/beta.bibliotekutvikling.no\/content\/uploads\/sites\/14\/2021\/03\/DSC3926-scaled.jpg","datePublished":"2021-03-09T09:51:16+00:00","dateModified":"2023-07-21T07:54:18+00:00","description":"Nasjonalbiblioteket digitaliserer kulturarvmateriale fra arkiv, bibliotek og museum i hele Norge. Her er utdrag av hva vi digitaliserer n\u00e5.","breadcrumb":{"@id":"https:\/\/beta.bibliotekutvikling.no\/abmdig\/senter-for-kulturarvdigitalisering\/hva-digitaliserer-vi-na\/#breadcrumb"},"inLanguage":"nb-NO","potentialAction":[{"@type":"ReadAction","target":["https:\/\/beta.bibliotekutvikling.no\/abmdig\/senter-for-kulturarvdigitalisering\/hva-digitaliserer-vi-na\/"]}]},{"@type":"ImageObject","inLanguage":"nb-NO","@id":"https:\/\/beta.bibliotekutvikling.no\/abmdig\/senter-for-kulturarvdigitalisering\/hva-digitaliserer-vi-na\/#primaryimage","url":"https:\/\/beta.bibliotekutvikling.no\/content\/uploads\/sites\/14\/2021\/03\/DSC3926-scaled.jpg","contentUrl":"https:\/\/beta.bibliotekutvikling.no\/content\/uploads\/sites\/14\/2021\/03\/DSC3926-scaled.jpg","width":2560,"height":1709,"caption":"Digitalisering av lyd"},{"@type":"BreadcrumbList","@id":"https:\/\/beta.bibliotekutvikling.no\/abmdig\/senter-for-kulturarvdigitalisering\/hva-digitaliserer-vi-na\/#breadcrumb","itemListElement":[{"@type":"ListItem","position":1,"name":"Hjem","item":"https:\/\/beta.bibliotekutvikling.no\/abmdig\/"},{"@type":"ListItem","position":2,"name":"Vi digitaliserer Norges kulturarv &#8211; abmdig","item":"https:\/\/beta.bibliotekutvikling.no\/abmdig\/"},{"@type":"ListItem","position":3,"name":"Kva digitaliserer me?"}]},{"@type":"WebSite","@id":"https:\/\/beta.bibliotekutvikling.no\/abmdig\/#website","url":"https:\/\/beta.bibliotekutvikling.no\/abmdig\/","name":"Nasjonalbiblioteket | Kulturarvdigitalisering","description":"","potentialAction":[{"@type":"SearchAction","target":{"@type":"EntryPoint","urlTemplate":"https:\/\/beta.bibliotekutvikling.no\/abmdig\/?s={search_term_string}"},"query-input":{"@type":"PropertyValueSpecification","valueRequired":true,"valueName":"search_term_string"}}],"inLanguage":"nb-NO"}]}},"_links":{"self":[{"href":"https:\/\/beta.bibliotekutvikling.no\/abmdig\/wp-json\/wp\/v2\/pages\/1441","targetHints":{"allow":["GET"]}}],"collection":[{"href":"https:\/\/beta.bibliotekutvikling.no\/abmdig\/wp-json\/wp\/v2\/pages"}],"about":[{"href":"https:\/\/beta.bibliotekutvikling.no\/abmdig\/wp-json\/wp\/v2\/types\/page"}],"author":[{"embeddable":true,"href":"https:\/\/beta.bibliotekutvikling.no\/abmdig\/wp-json\/wp\/v2\/users\/5213"}],"replies":[{"embeddable":true,"href":"https:\/\/beta.bibliotekutvikling.no\/abmdig\/wp-json\/wp\/v2\/comments?post=1441"}],"version-history":[{"count":5,"href":"https:\/\/beta.bibliotekutvikling.no\/abmdig\/wp-json\/wp\/v2\/pages\/1441\/revisions"}],"predecessor-version":[{"id":2653,"href":"https:\/\/beta.bibliotekutvikling.no\/abmdig\/wp-json\/wp\/v2\/pages\/1441\/revisions\/2653"}],"up":[{"embeddable":true,"href":"https:\/\/beta.bibliotekutvikling.no\/abmdig\/wp-json\/wp\/v2\/pages\/4"}],"wp:featuredmedia":[{"embeddable":true,"href":"https:\/\/beta.bibliotekutvikling.no\/abmdig\/wp-json\/wp\/v2\/media\/1456"}],"wp:attachment":[{"href":"https:\/\/beta.bibliotekutvikling.no\/abmdig\/wp-json\/wp\/v2\/media?parent=1441"}],"curies":[{"name":"wp","href":"https:\/\/api.w.org\/{rel}","templated":true}]}}