{"id":156,"date":"2020-02-04T12:53:11","date_gmt":"2020-02-04T11:53:11","guid":{"rendered":"https:\/\/bibliotekutvikling.no\/kulturarvdigitalisering\/?page_id=156"},"modified":"2024-05-21T08:51:05","modified_gmt":"2024-05-21T06:51:05","slug":"om-tjenesten","status":"publish","type":"page","link":"https:\/\/beta.bibliotekutvikling.no\/abmdig\/vi-digitaliserer-norges-kulturarv\/om-tjenesten\/","title":{"rendered":"Om oppdraget"},"content":{"rendered":"<p class=\"t2-ingress wp-block-t2-ingress\"><strong>P\u00e5 oppdrag fra Storting og Regjering har Nasjonalbiblioteket fra 2020 oppskalert digitaliseringsaktivitetene i Mo i Rana. Vi skal bidra til bevaring og enklere tilgjengeliggj\u00f8ring av kulturarven i ABM-institusjonene i Norge.<\/strong><\/p>\n\n\n<figure class=\"wp-block-image aligncenter size-large\"><img loading=\"lazy\" decoding=\"async\" width=\"1024\" height=\"683\" src=\"https:\/\/abmdig.no\/content\/uploads\/sites\/14\/2020\/08\/20160923-tape-011-1024x683.jpg\" alt=\"Digitalt sikringsmagasin\" class=\"wp-image-853\" srcset=\"https:\/\/beta.bibliotekutvikling.no\/content\/uploads\/sites\/14\/2020\/08\/20160923-tape-011-1024x683.jpg 1024w, https:\/\/beta.bibliotekutvikling.no\/content\/uploads\/sites\/14\/2020\/08\/20160923-tape-011-300x200.jpg 300w, https:\/\/beta.bibliotekutvikling.no\/content\/uploads\/sites\/14\/2020\/08\/20160923-tape-011-768x512.jpg 768w, https:\/\/beta.bibliotekutvikling.no\/content\/uploads\/sites\/14\/2020\/08\/20160923-tape-011-1536x1025.jpg 1536w, https:\/\/beta.bibliotekutvikling.no\/content\/uploads\/sites\/14\/2020\/08\/20160923-tape-011.jpg 1920w\" sizes=\"auto, (max-width: 1024px) 100vw, 1024px\" \/><\/figure>\n\n\n\n<p>I 2019 ble budsjettet til Nasjonalbiblioteket styrket for \u00e5 kunne digitalisere AV-materiale fra ABM-institusjoner. I statsbudsjettet for 2020 er dette fulgt opp med en ekstra bevilgning p\u00e5 87,2 millioner for \u00e5 bygge ut kapasiteten. Dette er ikke bare en kapasitetsutvidelse for Nasjonalbiblioteket, men representerer ogs\u00e5 et utvidet samfunnsoppdrag siden kulturarvdokumenter fra hele ABM-omr\u00e5det inng\u00e5r.<\/p>\n\n\n\n<p>Materialet som skal digitaliseres befinner seg i mange hundre institusjoner spredt over hele landet. Mengdene er store og digitaliseringen vil ta flere ti\u00e5r \u00e5 gjennomf\u00f8re. Institusjonene som forvalter dette innholdet eies b\u00e5de av stat, kommune og private stiftelser.  Dokumenter fra arkiv, bibliotek og museum skal i \u00e5rene framover passere forbi skannerne i Nasjonalbiblioteket, og resultatet av denne prosessen sikrer evig bevaring og bedre tilgang til dette kulturarvmaterialet. <\/p>\n\n\n\n<p>Prosessen er kompleks og strekker seg fra \u00e5 inng\u00e5 avtale med eierinstitusjon, gjennom forarbeid, registrering og pakking, til transport og mottak, klargj\u00f8ring og digitalisering, etterbehandling og lagring, og tilslutt blir det analoge materialet returnert eller bevart i Nasjonalbiblioteket.<\/p>\n\n\n\n<p>Nasjonalbiblioteket har derfor etablert <a href=\"https:\/\/abmdig.no\/kontakt-oss\/\">Senter for kulturarvdigitalisering<\/a>. Senteret skal s\u00f8rge for en god kontakt og dialog mellom ABM-institusjonene i Norge og Nasjonalbiblioteket. De skal s\u00f8rge for at digitaliseringskapasiteten som bygges opp i regi av Nasjonalbiblioteket brukes slik at digitaliseringstakten \u00f8ker b\u00e5de for egne samlinger, og for materiale som befinner seg i arkiver, biblioteker og museer. <\/p>\n\n\n\n<p>I tillegg har Nasjonalbiblioteket oppnevnt et r\u00e5dgivende organ <em>\u201c<a href=\"https:\/\/abmdig.no\/vi-digitaliserer-norges-kulturarv\/radgivende-utvalg-for-kulturarvdigitalisering\/\">R\u00e5dgivende utvalg for kulturarvdigitalisering<\/a>\u201d <\/em>best\u00e5ende av ledere fra institusjoner som er i m\u00e5lgruppen for \u00e5 f\u00e5 samlinger digitalisert av Nasjonalbiblioteket.<\/p>\n","protected":false},"excerpt":{"rendered":"","protected":false},"author":54,"featured_media":200,"parent":1281,"menu_order":1,"comment_status":"closed","ping_status":"closed","template":"","meta":{"nb_hide_title":false,"sub_navigation_option":"","sub_navigation_custom_items":null,"footnotes":""},"class_list":["post-156","page","type-page","status-publish","has-post-thumbnail","hentry"],"yoast_head":"<!-- This site is optimized with the Yoast SEO Premium plugin v27.1 (Yoast SEO v27.1.1) - https:\/\/yoast.com\/product\/yoast-seo-premium-wordpress\/ -->\n<title>Om oppdraget - Kulturarvdigitalisering<\/title>\n<meta name=\"description\" content=\"Nasjonalbiblioteket startet i 2020 arbeidet med \u00e5 digitalisere Norges kulturarv - papirmateriale, fotografi, film og lydopptak -fra arkiv, bibliotek og museum over hele landet.\" \/>\n<meta name=\"robots\" content=\"index, follow, max-snippet:-1, max-image-preview:large, max-video-preview:-1\" \/>\n<link rel=\"canonical\" href=\"https:\/\/beta.bibliotekutvikling.no\/abmdig\/vi-digitaliserer-norges-kulturarv\/om-tjenesten\/\" \/>\n<meta property=\"og:locale\" content=\"nb_NO\" \/>\n<meta property=\"og:type\" content=\"article\" \/>\n<meta property=\"og:title\" content=\"Om oppdraget\" \/>\n<meta property=\"og:description\" content=\"Nasjonalbiblioteket startet i 2020 arbeidet med \u00e5 digitalisere Norges kulturarv - papirmateriale, fotografi, film og lydopptak -fra arkiv, bibliotek og museum over hele landet.\" \/>\n<meta property=\"og:url\" content=\"https:\/\/beta.bibliotekutvikling.no\/abmdig\/vi-digitaliserer-norges-kulturarv\/om-tjenesten\/\" \/>\n<meta property=\"og:site_name\" content=\"Kulturarvdigitalisering\" \/>\n<meta property=\"article:modified_time\" content=\"2024-05-21T06:51:05+00:00\" \/>\n<meta property=\"og:image\" content=\"https:\/\/beta.bibliotekutvikling.no\/content\/uploads\/sites\/14\/2020\/02\/Automatlager_c.jpg\" \/>\n\t<meta property=\"og:image:width\" content=\"1312\" \/>\n\t<meta property=\"og:image:height\" content=\"2000\" \/>\n\t<meta property=\"og:image:type\" content=\"image\/jpeg\" \/>\n<meta name=\"twitter:card\" content=\"summary_large_image\" \/>\n<meta name=\"twitter:label1\" content=\"Ansl. lesetid\" \/>\n\t<meta name=\"twitter:data1\" content=\"2 minutter\" \/>\n<script type=\"application\/ld+json\" class=\"yoast-schema-graph\">{\"@context\":\"https:\/\/schema.org\",\"@graph\":[{\"@type\":\"WebPage\",\"@id\":\"https:\/\/beta.bibliotekutvikling.no\/abmdig\/vi-digitaliserer-norges-kulturarv\/om-tjenesten\/\",\"url\":\"https:\/\/beta.bibliotekutvikling.no\/abmdig\/vi-digitaliserer-norges-kulturarv\/om-tjenesten\/\",\"name\":\"Om oppdraget - Kulturarvdigitalisering\",\"isPartOf\":{\"@id\":\"https:\/\/beta.bibliotekutvikling.no\/abmdig\/#website\"},\"primaryImageOfPage\":{\"@id\":\"https:\/\/beta.bibliotekutvikling.no\/abmdig\/vi-digitaliserer-norges-kulturarv\/om-tjenesten\/#primaryimage\"},\"image\":{\"@id\":\"https:\/\/beta.bibliotekutvikling.no\/abmdig\/vi-digitaliserer-norges-kulturarv\/om-tjenesten\/#primaryimage\"},\"thumbnailUrl\":\"https:\/\/beta.bibliotekutvikling.no\/content\/uploads\/sites\/14\/2020\/02\/Automatlager_c.jpg\",\"datePublished\":\"2020-02-04T11:53:11+00:00\",\"dateModified\":\"2024-05-21T06:51:05+00:00\",\"description\":\"Nasjonalbiblioteket startet i 2020 arbeidet med \u00e5 digitalisere Norges kulturarv - papirmateriale, fotografi, film og lydopptak -fra arkiv, bibliotek og museum over hele landet.\",\"breadcrumb\":{\"@id\":\"https:\/\/beta.bibliotekutvikling.no\/abmdig\/vi-digitaliserer-norges-kulturarv\/om-tjenesten\/#breadcrumb\"},\"inLanguage\":\"nb-NO\",\"potentialAction\":[{\"@type\":\"ReadAction\",\"target\":[\"https:\/\/beta.bibliotekutvikling.no\/abmdig\/vi-digitaliserer-norges-kulturarv\/om-tjenesten\/\"]}]},{\"@type\":\"ImageObject\",\"inLanguage\":\"nb-NO\",\"@id\":\"https:\/\/beta.bibliotekutvikling.no\/abmdig\/vi-digitaliserer-norges-kulturarv\/om-tjenesten\/#primaryimage\",\"url\":\"https:\/\/beta.bibliotekutvikling.no\/content\/uploads\/sites\/14\/2020\/02\/Automatlager_c.jpg\",\"contentUrl\":\"https:\/\/beta.bibliotekutvikling.no\/content\/uploads\/sites\/14\/2020\/02\/Automatlager_c.jpg\",\"width\":1312,\"height\":2000,\"caption\":\"Automatlager *** Local Caption *** Automatlagereret, depotbiblioteket, robot, st\u00e5lkasser, hengemapper,\"},{\"@type\":\"BreadcrumbList\",\"@id\":\"https:\/\/beta.bibliotekutvikling.no\/abmdig\/vi-digitaliserer-norges-kulturarv\/om-tjenesten\/#breadcrumb\",\"itemListElement\":[{\"@type\":\"ListItem\",\"position\":1,\"name\":\"Hjem\",\"item\":\"https:\/\/beta.bibliotekutvikling.no\/abmdig\/\"},{\"@type\":\"ListItem\",\"position\":2,\"name\":\"Vi digitaliserer Norges kulturarv\",\"item\":\"https:\/\/beta.bibliotekutvikling.no\/abmdig\/vi-digitaliserer-norges-kulturarv\/\"},{\"@type\":\"ListItem\",\"position\":3,\"name\":\"Om oppdraget\"}]},{\"@type\":\"WebSite\",\"@id\":\"https:\/\/beta.bibliotekutvikling.no\/abmdig\/#website\",\"url\":\"https:\/\/beta.bibliotekutvikling.no\/abmdig\/\",\"name\":\"Nasjonalbiblioteket | Kulturarvdigitalisering\",\"description\":\"\",\"potentialAction\":[{\"@type\":\"SearchAction\",\"target\":{\"@type\":\"EntryPoint\",\"urlTemplate\":\"https:\/\/beta.bibliotekutvikling.no\/abmdig\/?s={search_term_string}\"},\"query-input\":{\"@type\":\"PropertyValueSpecification\",\"valueRequired\":true,\"valueName\":\"search_term_string\"}}],\"inLanguage\":\"nb-NO\"}]}<\/script>\n<!-- \/ Yoast SEO Premium plugin. -->","yoast_head_json":{"title":"Om oppdraget - Kulturarvdigitalisering","description":"Nasjonalbiblioteket startet i 2020 arbeidet med \u00e5 digitalisere Norges kulturarv - papirmateriale, fotografi, film og lydopptak -fra arkiv, bibliotek og museum over hele landet.","robots":{"index":"index","follow":"follow","max-snippet":"max-snippet:-1","max-image-preview":"max-image-preview:large","max-video-preview":"max-video-preview:-1"},"canonical":"https:\/\/beta.bibliotekutvikling.no\/abmdig\/vi-digitaliserer-norges-kulturarv\/om-tjenesten\/","og_locale":"nb_NO","og_type":"article","og_title":"Om oppdraget","og_description":"Nasjonalbiblioteket startet i 2020 arbeidet med \u00e5 digitalisere Norges kulturarv - papirmateriale, fotografi, film og lydopptak -fra arkiv, bibliotek og museum over hele landet.","og_url":"https:\/\/beta.bibliotekutvikling.no\/abmdig\/vi-digitaliserer-norges-kulturarv\/om-tjenesten\/","og_site_name":"Kulturarvdigitalisering","article_modified_time":"2024-05-21T06:51:05+00:00","og_image":[{"width":1312,"height":2000,"url":"https:\/\/beta.bibliotekutvikling.no\/content\/uploads\/sites\/14\/2020\/02\/Automatlager_c.jpg","type":"image\/jpeg"}],"twitter_card":"summary_large_image","twitter_misc":{"Ansl. lesetid":"2 minutter"},"schema":{"@context":"https:\/\/schema.org","@graph":[{"@type":"WebPage","@id":"https:\/\/beta.bibliotekutvikling.no\/abmdig\/vi-digitaliserer-norges-kulturarv\/om-tjenesten\/","url":"https:\/\/beta.bibliotekutvikling.no\/abmdig\/vi-digitaliserer-norges-kulturarv\/om-tjenesten\/","name":"Om oppdraget - Kulturarvdigitalisering","isPartOf":{"@id":"https:\/\/beta.bibliotekutvikling.no\/abmdig\/#website"},"primaryImageOfPage":{"@id":"https:\/\/beta.bibliotekutvikling.no\/abmdig\/vi-digitaliserer-norges-kulturarv\/om-tjenesten\/#primaryimage"},"image":{"@id":"https:\/\/beta.bibliotekutvikling.no\/abmdig\/vi-digitaliserer-norges-kulturarv\/om-tjenesten\/#primaryimage"},"thumbnailUrl":"https:\/\/beta.bibliotekutvikling.no\/content\/uploads\/sites\/14\/2020\/02\/Automatlager_c.jpg","datePublished":"2020-02-04T11:53:11+00:00","dateModified":"2024-05-21T06:51:05+00:00","description":"Nasjonalbiblioteket startet i 2020 arbeidet med \u00e5 digitalisere Norges kulturarv - papirmateriale, fotografi, film og lydopptak -fra arkiv, bibliotek og museum over hele landet.","breadcrumb":{"@id":"https:\/\/beta.bibliotekutvikling.no\/abmdig\/vi-digitaliserer-norges-kulturarv\/om-tjenesten\/#breadcrumb"},"inLanguage":"nb-NO","potentialAction":[{"@type":"ReadAction","target":["https:\/\/beta.bibliotekutvikling.no\/abmdig\/vi-digitaliserer-norges-kulturarv\/om-tjenesten\/"]}]},{"@type":"ImageObject","inLanguage":"nb-NO","@id":"https:\/\/beta.bibliotekutvikling.no\/abmdig\/vi-digitaliserer-norges-kulturarv\/om-tjenesten\/#primaryimage","url":"https:\/\/beta.bibliotekutvikling.no\/content\/uploads\/sites\/14\/2020\/02\/Automatlager_c.jpg","contentUrl":"https:\/\/beta.bibliotekutvikling.no\/content\/uploads\/sites\/14\/2020\/02\/Automatlager_c.jpg","width":1312,"height":2000,"caption":"Automatlager *** Local Caption *** Automatlagereret, depotbiblioteket, robot, st\u00e5lkasser, hengemapper,"},{"@type":"BreadcrumbList","@id":"https:\/\/beta.bibliotekutvikling.no\/abmdig\/vi-digitaliserer-norges-kulturarv\/om-tjenesten\/#breadcrumb","itemListElement":[{"@type":"ListItem","position":1,"name":"Hjem","item":"https:\/\/beta.bibliotekutvikling.no\/abmdig\/"},{"@type":"ListItem","position":2,"name":"Vi digitaliserer Norges kulturarv","item":"https:\/\/beta.bibliotekutvikling.no\/abmdig\/vi-digitaliserer-norges-kulturarv\/"},{"@type":"ListItem","position":3,"name":"Om oppdraget"}]},{"@type":"WebSite","@id":"https:\/\/beta.bibliotekutvikling.no\/abmdig\/#website","url":"https:\/\/beta.bibliotekutvikling.no\/abmdig\/","name":"Nasjonalbiblioteket | Kulturarvdigitalisering","description":"","potentialAction":[{"@type":"SearchAction","target":{"@type":"EntryPoint","urlTemplate":"https:\/\/beta.bibliotekutvikling.no\/abmdig\/?s={search_term_string}"},"query-input":{"@type":"PropertyValueSpecification","valueRequired":true,"valueName":"search_term_string"}}],"inLanguage":"nb-NO"}]}},"_links":{"self":[{"href":"https:\/\/beta.bibliotekutvikling.no\/abmdig\/wp-json\/wp\/v2\/pages\/156","targetHints":{"allow":["GET"]}}],"collection":[{"href":"https:\/\/beta.bibliotekutvikling.no\/abmdig\/wp-json\/wp\/v2\/pages"}],"about":[{"href":"https:\/\/beta.bibliotekutvikling.no\/abmdig\/wp-json\/wp\/v2\/types\/page"}],"author":[{"embeddable":true,"href":"https:\/\/beta.bibliotekutvikling.no\/abmdig\/wp-json\/wp\/v2\/users\/54"}],"replies":[{"embeddable":true,"href":"https:\/\/beta.bibliotekutvikling.no\/abmdig\/wp-json\/wp\/v2\/comments?post=156"}],"version-history":[{"count":4,"href":"https:\/\/beta.bibliotekutvikling.no\/abmdig\/wp-json\/wp\/v2\/pages\/156\/revisions"}],"predecessor-version":[{"id":3067,"href":"https:\/\/beta.bibliotekutvikling.no\/abmdig\/wp-json\/wp\/v2\/pages\/156\/revisions\/3067"}],"up":[{"embeddable":true,"href":"https:\/\/beta.bibliotekutvikling.no\/abmdig\/wp-json\/wp\/v2\/pages\/1281"}],"wp:featuredmedia":[{"embeddable":true,"href":"https:\/\/beta.bibliotekutvikling.no\/abmdig\/wp-json\/wp\/v2\/media\/200"}],"wp:attachment":[{"href":"https:\/\/beta.bibliotekutvikling.no\/abmdig\/wp-json\/wp\/v2\/media?parent=156"}],"curies":[{"name":"wp","href":"https:\/\/api.w.org\/{rel}","templated":true}]}}