{"id":1675,"date":"2021-12-30T12:42:26","date_gmt":"2021-12-30T11:42:26","guid":{"rendered":"https:\/\/abmdig.no\/?page_id=1675"},"modified":"2022-12-01T11:23:25","modified_gmt":"2022-12-01T10:23:25","slug":"tilgjengeliggjoring","status":"publish","type":"page","link":"https:\/\/beta.bibliotekutvikling.no\/abmdig\/tilgjengeliggjoring\/","title":{"rendered":"Tilgjengeliggj\u00f8ring"},"content":{"rendered":"<p class=\"t2-ingress wp-block-t2-ingress\">Kulturarvsmaterialet skal gjerast tilgjengeleg for det norske folket. Det er eit grunnleggjande prinsipp i Nasjonalbibliotekets samfunnsoppdrag med digitalisering for ABM-sektoren. <\/p>\n\n\n<p>Det er likevel ikkje n\u00f8dvendigvis Nasjonalbiblioteket som skal s\u00f8rgja for tilgjengeliggj\u00f8ringen. Nasjonalbibliotekets hovudansvar er \u00e5 digitalisera s\u00e5 mykje som mogleg av kulturarven. S\u00e5 er det ansvaret til ABM-institusjonane \u00e5 s\u00f8rgja for at materialet blir omarbeidd og tilgjengeliggjort p\u00e5 best mogleg og mest eigna m\u00e5te. N\u00f8dvendigvis innanfor dei rettane som finst for det aktuelle materialet.<\/p>\n\n\n\n<h2 class=\"wp-block-heading\" id=\"h-alternativ-for-tilgjengeliggj-ring\">Alternativ for tilgjengeliggj\u00f8ring<\/h2>\n\n\n\n<p>I tillegg til eigne nettl\u00f8ysingar og meir bransjespesifikke tenester er det hovudsakleg tre ulike tenester som blir for nytta tilgjengeliggj\u00f8ring innanfor ABM-sektoren.<\/p>\n\n\n<div class=\"t2-featured-content-layout alignwide alignwide wp-block-t2-featured-content-layout\" role=\"list\">\n<div class=\"t2-featured-single-post t2-featured-content is-post-type-page wp-block-t2-featured-single-post\" role=\"listitem\"><a class=\"nb-post-link  wp-block-nb-post-link\" href=\"https:\/\/beta.bibliotekutvikling.no\/abmdig\/tilgjengeliggjoring\/nb-no\/\">\n<figure class=\"nb-post-featured-image has-image-ratio-16-9 wp-block-nb-post-featured-image\"><img loading=\"lazy\" decoding=\"async\" width=\"768\" height=\"345\" src=\"https:\/\/beta.bibliotekutvikling.no\/content\/uploads\/sites\/14\/2021\/12\/skjermbilde-nb.no_-768x345.png\" class=\"attachment-medium_large size-medium_large wp-post-image\" alt=\"Skjermbilde forside Nettbiblioteket nb.no\" srcset=\"https:\/\/beta.bibliotekutvikling.no\/content\/uploads\/sites\/14\/2021\/12\/skjermbilde-nb.no_-768x345.png 768w, https:\/\/beta.bibliotekutvikling.no\/content\/uploads\/sites\/14\/2021\/12\/skjermbilde-nb.no_-300x135.png 300w, https:\/\/beta.bibliotekutvikling.no\/content\/uploads\/sites\/14\/2021\/12\/skjermbilde-nb.no_-1024x460.png 1024w, https:\/\/beta.bibliotekutvikling.no\/content\/uploads\/sites\/14\/2021\/12\/skjermbilde-nb.no_-1536x690.png 1536w, https:\/\/beta.bibliotekutvikling.no\/content\/uploads\/sites\/14\/2021\/12\/skjermbilde-nb.no_.png 1911w\" sizes=\"auto, (min-width: 1200px) 384px, (min-width: 700px) 33vw, 350px\" \/><\/figure>\n\n<div class=\"wp-block-group alignfull is-layout-flow wp-block-group-is-layout-flow\">\n\t\n\t<h2 class=\"t2-post-title wp-block-t2-post-title\">nb.no<\/h2>\n\t\n\t\n\t\n<\/div>\n\n<\/a>\n<\/div>\n\n<div class=\"t2-featured-single-post t2-featured-content is-post-type-page wp-block-t2-featured-single-post\" role=\"listitem\"><a class=\"nb-post-link  wp-block-nb-post-link\" href=\"https:\/\/beta.bibliotekutvikling.no\/abmdig\/tilgjengeliggjoring\/digitalarkivet-2\/\">\n<figure class=\"nb-post-featured-image has-image-ratio-16-9 wp-block-nb-post-featured-image\"><img loading=\"lazy\" decoding=\"async\" width=\"768\" height=\"351\" src=\"https:\/\/beta.bibliotekutvikling.no\/content\/uploads\/sites\/14\/2021\/12\/Digitalarkivet-768x351.png\" class=\"attachment-medium_large size-medium_large wp-post-image\" alt=\"Skjermbilde forside Digitalarkivet\" srcset=\"https:\/\/beta.bibliotekutvikling.no\/content\/uploads\/sites\/14\/2021\/12\/Digitalarkivet-768x351.png 768w, https:\/\/beta.bibliotekutvikling.no\/content\/uploads\/sites\/14\/2021\/12\/Digitalarkivet-300x137.png 300w, https:\/\/beta.bibliotekutvikling.no\/content\/uploads\/sites\/14\/2021\/12\/Digitalarkivet-1024x468.png 1024w, https:\/\/beta.bibliotekutvikling.no\/content\/uploads\/sites\/14\/2021\/12\/Digitalarkivet-1536x702.png 1536w, https:\/\/beta.bibliotekutvikling.no\/content\/uploads\/sites\/14\/2021\/12\/Digitalarkivet.png 1883w\" sizes=\"auto, (min-width: 1200px) 384px, (min-width: 700px) 33vw, 350px\" \/><\/figure>\n\n<div class=\"wp-block-group alignfull is-layout-flow wp-block-group-is-layout-flow\">\n\t\n\t<h2 class=\"t2-post-title wp-block-t2-post-title\">Digitalarkivet<\/h2>\n\t\n\t\n\t\n<\/div>\n\n<\/a>\n<\/div>\n\n<div class=\"t2-featured-single-post t2-featured-content is-post-type-page wp-block-t2-featured-single-post\" role=\"listitem\"><a class=\"nb-post-link  wp-block-nb-post-link\" href=\"https:\/\/beta.bibliotekutvikling.no\/abmdig\/tilgjengeliggjoring\/digitaltmuseum-2\/\">\n<figure class=\"nb-post-featured-image has-image-ratio-16-9 wp-block-nb-post-featured-image\"><img loading=\"lazy\" decoding=\"async\" width=\"768\" height=\"349\" src=\"https:\/\/beta.bibliotekutvikling.no\/content\/uploads\/sites\/14\/2021\/12\/DigitaltMuseum-768x349.png\" class=\"attachment-medium_large size-medium_large wp-post-image\" alt=\"Skjermbilde forside Digitalt museum\" srcset=\"https:\/\/beta.bibliotekutvikling.no\/content\/uploads\/sites\/14\/2021\/12\/DigitaltMuseum-768x349.png 768w, https:\/\/beta.bibliotekutvikling.no\/content\/uploads\/sites\/14\/2021\/12\/DigitaltMuseum-300x136.png 300w, https:\/\/beta.bibliotekutvikling.no\/content\/uploads\/sites\/14\/2021\/12\/DigitaltMuseum-1024x466.png 1024w, https:\/\/beta.bibliotekutvikling.no\/content\/uploads\/sites\/14\/2021\/12\/DigitaltMuseum-1536x698.png 1536w, https:\/\/beta.bibliotekutvikling.no\/content\/uploads\/sites\/14\/2021\/12\/DigitaltMuseum.png 1887w\" sizes=\"auto, (min-width: 1200px) 384px, (min-width: 700px) 33vw, 350px\" \/><\/figure>\n\n<div class=\"wp-block-group alignfull is-layout-flow wp-block-group-is-layout-flow\">\n\t\n\t<h2 class=\"t2-post-title wp-block-t2-post-title\">DigitaltMuseum<\/h2>\n\t\n\t\n\t\n<\/div>\n\n<\/a>\n<\/div>\n<\/div>\n\n\n<p>  <\/p>\n","protected":false},"excerpt":{"rendered":"","protected":false},"author":5213,"featured_media":1706,"parent":0,"menu_order":0,"comment_status":"closed","ping_status":"closed","template":"","meta":{"nb_hide_title":false,"sub_navigation_option":"","sub_navigation_custom_items":null,"footnotes":""},"class_list":["post-1675","page","type-page","status-publish","has-post-thumbnail","hentry"],"yoast_head":"<!-- This site is optimized with the Yoast SEO Premium plugin v27.1 (Yoast SEO v27.1.1) - https:\/\/yoast.com\/product\/yoast-seo-premium-wordpress\/ -->\n<title>Tilgjengeliggj\u00f8ring - Kulturarvdigitalisering<\/title>\n<meta name=\"description\" content=\"Et prinsipp for Nasjonalbibliotekets arbeid med digitalisering er at kulturarven skal tilgjengeliggj\u00f8res for det norske folk.\" \/>\n<meta name=\"robots\" content=\"index, follow, max-snippet:-1, max-image-preview:large, max-video-preview:-1\" \/>\n<link rel=\"canonical\" href=\"https:\/\/beta.bibliotekutvikling.no\/abmdig\/tilgjengeliggjoring\/\" \/>\n<meta property=\"og:locale\" content=\"nb_NO\" \/>\n<meta property=\"og:type\" content=\"article\" \/>\n<meta property=\"og:title\" content=\"Tilgjengeliggj\u00f8ring\" \/>\n<meta property=\"og:description\" content=\"Et prinsipp for Nasjonalbibliotekets arbeid med digitalisering er at kulturarven skal tilgjengeliggj\u00f8res for det norske folk.\" \/>\n<meta property=\"og:url\" content=\"https:\/\/beta.bibliotekutvikling.no\/abmdig\/tilgjengeliggjoring\/\" \/>\n<meta property=\"og:site_name\" content=\"Kulturarvdigitalisering\" \/>\n<meta property=\"article:modified_time\" content=\"2022-12-01T10:23:25+00:00\" \/>\n<meta property=\"og:image\" content=\"https:\/\/beta.bibliotekutvikling.no\/content\/uploads\/sites\/14\/2021\/12\/DSC3864-scaled.jpg\" \/>\n\t<meta property=\"og:image:width\" content=\"2560\" \/>\n\t<meta property=\"og:image:height\" content=\"1709\" \/>\n\t<meta property=\"og:image:type\" content=\"image\/jpeg\" \/>\n<meta name=\"twitter:card\" content=\"summary_large_image\" \/>\n<meta name=\"twitter:label1\" content=\"Ansl. lesetid\" \/>\n\t<meta name=\"twitter:data1\" content=\"1 minutt\" \/>\n<script type=\"application\/ld+json\" class=\"yoast-schema-graph\">{\"@context\":\"https:\/\/schema.org\",\"@graph\":[{\"@type\":\"WebPage\",\"@id\":\"https:\/\/beta.bibliotekutvikling.no\/abmdig\/tilgjengeliggjoring\/\",\"url\":\"https:\/\/beta.bibliotekutvikling.no\/abmdig\/tilgjengeliggjoring\/\",\"name\":\"Tilgjengeliggj\u00f8ring - Kulturarvdigitalisering\",\"isPartOf\":{\"@id\":\"https:\/\/beta.bibliotekutvikling.no\/abmdig\/#website\"},\"primaryImageOfPage\":{\"@id\":\"https:\/\/beta.bibliotekutvikling.no\/abmdig\/tilgjengeliggjoring\/#primaryimage\"},\"image\":{\"@id\":\"https:\/\/beta.bibliotekutvikling.no\/abmdig\/tilgjengeliggjoring\/#primaryimage\"},\"thumbnailUrl\":\"https:\/\/beta.bibliotekutvikling.no\/content\/uploads\/sites\/14\/2021\/12\/DSC3864-scaled.jpg\",\"datePublished\":\"2021-12-30T11:42:26+00:00\",\"dateModified\":\"2022-12-01T10:23:25+00:00\",\"description\":\"Et prinsipp for Nasjonalbibliotekets arbeid med digitalisering er at kulturarven skal tilgjengeliggj\u00f8res for det norske folk.\",\"breadcrumb\":{\"@id\":\"https:\/\/beta.bibliotekutvikling.no\/abmdig\/tilgjengeliggjoring\/#breadcrumb\"},\"inLanguage\":\"nb-NO\",\"potentialAction\":[{\"@type\":\"ReadAction\",\"target\":[\"https:\/\/beta.bibliotekutvikling.no\/abmdig\/tilgjengeliggjoring\/\"]}]},{\"@type\":\"ImageObject\",\"inLanguage\":\"nb-NO\",\"@id\":\"https:\/\/beta.bibliotekutvikling.no\/abmdig\/tilgjengeliggjoring\/#primaryimage\",\"url\":\"https:\/\/beta.bibliotekutvikling.no\/content\/uploads\/sites\/14\/2021\/12\/DSC3864-scaled.jpg\",\"contentUrl\":\"https:\/\/beta.bibliotekutvikling.no\/content\/uploads\/sites\/14\/2021\/12\/DSC3864-scaled.jpg\",\"width\":2560,\"height\":1709,\"caption\":\"Avspillingsutstyr for lyd\"},{\"@type\":\"BreadcrumbList\",\"@id\":\"https:\/\/beta.bibliotekutvikling.no\/abmdig\/tilgjengeliggjoring\/#breadcrumb\",\"itemListElement\":[{\"@type\":\"ListItem\",\"position\":1,\"name\":\"Hjem\",\"item\":\"https:\/\/beta.bibliotekutvikling.no\/abmdig\/\"},{\"@type\":\"ListItem\",\"position\":2,\"name\":\"Tilgjengeliggj\u00f8ring\"}]},{\"@type\":\"WebSite\",\"@id\":\"https:\/\/beta.bibliotekutvikling.no\/abmdig\/#website\",\"url\":\"https:\/\/beta.bibliotekutvikling.no\/abmdig\/\",\"name\":\"Nasjonalbiblioteket | Kulturarvdigitalisering\",\"description\":\"\",\"potentialAction\":[{\"@type\":\"SearchAction\",\"target\":{\"@type\":\"EntryPoint\",\"urlTemplate\":\"https:\/\/beta.bibliotekutvikling.no\/abmdig\/?s={search_term_string}\"},\"query-input\":{\"@type\":\"PropertyValueSpecification\",\"valueRequired\":true,\"valueName\":\"search_term_string\"}}],\"inLanguage\":\"nb-NO\"}]}<\/script>\n<!-- \/ Yoast SEO Premium plugin. -->","yoast_head_json":{"title":"Tilgjengeliggj\u00f8ring - Kulturarvdigitalisering","description":"Et prinsipp for Nasjonalbibliotekets arbeid med digitalisering er at kulturarven skal tilgjengeliggj\u00f8res for det norske folk.","robots":{"index":"index","follow":"follow","max-snippet":"max-snippet:-1","max-image-preview":"max-image-preview:large","max-video-preview":"max-video-preview:-1"},"canonical":"https:\/\/beta.bibliotekutvikling.no\/abmdig\/tilgjengeliggjoring\/","og_locale":"nb_NO","og_type":"article","og_title":"Tilgjengeliggj\u00f8ring","og_description":"Et prinsipp for Nasjonalbibliotekets arbeid med digitalisering er at kulturarven skal tilgjengeliggj\u00f8res for det norske folk.","og_url":"https:\/\/beta.bibliotekutvikling.no\/abmdig\/tilgjengeliggjoring\/","og_site_name":"Kulturarvdigitalisering","article_modified_time":"2022-12-01T10:23:25+00:00","og_image":[{"width":2560,"height":1709,"url":"https:\/\/beta.bibliotekutvikling.no\/content\/uploads\/sites\/14\/2021\/12\/DSC3864-scaled.jpg","type":"image\/jpeg"}],"twitter_card":"summary_large_image","twitter_misc":{"Ansl. lesetid":"1 minutt"},"schema":{"@context":"https:\/\/schema.org","@graph":[{"@type":"WebPage","@id":"https:\/\/beta.bibliotekutvikling.no\/abmdig\/tilgjengeliggjoring\/","url":"https:\/\/beta.bibliotekutvikling.no\/abmdig\/tilgjengeliggjoring\/","name":"Tilgjengeliggj\u00f8ring - Kulturarvdigitalisering","isPartOf":{"@id":"https:\/\/beta.bibliotekutvikling.no\/abmdig\/#website"},"primaryImageOfPage":{"@id":"https:\/\/beta.bibliotekutvikling.no\/abmdig\/tilgjengeliggjoring\/#primaryimage"},"image":{"@id":"https:\/\/beta.bibliotekutvikling.no\/abmdig\/tilgjengeliggjoring\/#primaryimage"},"thumbnailUrl":"https:\/\/beta.bibliotekutvikling.no\/content\/uploads\/sites\/14\/2021\/12\/DSC3864-scaled.jpg","datePublished":"2021-12-30T11:42:26+00:00","dateModified":"2022-12-01T10:23:25+00:00","description":"Et prinsipp for Nasjonalbibliotekets arbeid med digitalisering er at kulturarven skal tilgjengeliggj\u00f8res for det norske folk.","breadcrumb":{"@id":"https:\/\/beta.bibliotekutvikling.no\/abmdig\/tilgjengeliggjoring\/#breadcrumb"},"inLanguage":"nb-NO","potentialAction":[{"@type":"ReadAction","target":["https:\/\/beta.bibliotekutvikling.no\/abmdig\/tilgjengeliggjoring\/"]}]},{"@type":"ImageObject","inLanguage":"nb-NO","@id":"https:\/\/beta.bibliotekutvikling.no\/abmdig\/tilgjengeliggjoring\/#primaryimage","url":"https:\/\/beta.bibliotekutvikling.no\/content\/uploads\/sites\/14\/2021\/12\/DSC3864-scaled.jpg","contentUrl":"https:\/\/beta.bibliotekutvikling.no\/content\/uploads\/sites\/14\/2021\/12\/DSC3864-scaled.jpg","width":2560,"height":1709,"caption":"Avspillingsutstyr for lyd"},{"@type":"BreadcrumbList","@id":"https:\/\/beta.bibliotekutvikling.no\/abmdig\/tilgjengeliggjoring\/#breadcrumb","itemListElement":[{"@type":"ListItem","position":1,"name":"Hjem","item":"https:\/\/beta.bibliotekutvikling.no\/abmdig\/"},{"@type":"ListItem","position":2,"name":"Tilgjengeliggj\u00f8ring"}]},{"@type":"WebSite","@id":"https:\/\/beta.bibliotekutvikling.no\/abmdig\/#website","url":"https:\/\/beta.bibliotekutvikling.no\/abmdig\/","name":"Nasjonalbiblioteket | Kulturarvdigitalisering","description":"","potentialAction":[{"@type":"SearchAction","target":{"@type":"EntryPoint","urlTemplate":"https:\/\/beta.bibliotekutvikling.no\/abmdig\/?s={search_term_string}"},"query-input":{"@type":"PropertyValueSpecification","valueRequired":true,"valueName":"search_term_string"}}],"inLanguage":"nb-NO"}]}},"_links":{"self":[{"href":"https:\/\/beta.bibliotekutvikling.no\/abmdig\/wp-json\/wp\/v2\/pages\/1675","targetHints":{"allow":["GET"]}}],"collection":[{"href":"https:\/\/beta.bibliotekutvikling.no\/abmdig\/wp-json\/wp\/v2\/pages"}],"about":[{"href":"https:\/\/beta.bibliotekutvikling.no\/abmdig\/wp-json\/wp\/v2\/types\/page"}],"author":[{"embeddable":true,"href":"https:\/\/beta.bibliotekutvikling.no\/abmdig\/wp-json\/wp\/v2\/users\/5213"}],"replies":[{"embeddable":true,"href":"https:\/\/beta.bibliotekutvikling.no\/abmdig\/wp-json\/wp\/v2\/comments?post=1675"}],"version-history":[{"count":5,"href":"https:\/\/beta.bibliotekutvikling.no\/abmdig\/wp-json\/wp\/v2\/pages\/1675\/revisions"}],"predecessor-version":[{"id":2148,"href":"https:\/\/beta.bibliotekutvikling.no\/abmdig\/wp-json\/wp\/v2\/pages\/1675\/revisions\/2148"}],"wp:featuredmedia":[{"embeddable":true,"href":"https:\/\/beta.bibliotekutvikling.no\/abmdig\/wp-json\/wp\/v2\/media\/1706"}],"wp:attachment":[{"href":"https:\/\/beta.bibliotekutvikling.no\/abmdig\/wp-json\/wp\/v2\/media?parent=1675"}],"curies":[{"name":"wp","href":"https:\/\/api.w.org\/{rel}","templated":true}]}}