{"id":1776,"date":"2022-01-04T10:20:32","date_gmt":"2022-01-04T09:20:32","guid":{"rendered":"https:\/\/abmdig.no\/?page_id=1776"},"modified":"2022-01-10T15:47:03","modified_gmt":"2022-01-10T14:47:03","slug":"nb-no","status":"publish","type":"page","link":"https:\/\/beta.bibliotekutvikling.no\/abmdig\/tilgjengeliggjoring\/nb-no\/","title":{"rendered":"nb.no"},"content":{"rendered":"\n<figure class=\"wp-block-image size-large\"><img loading=\"lazy\" decoding=\"async\" width=\"1024\" height=\"460\" src=\"https:\/\/abmdig.no\/content\/uploads\/sites\/14\/2021\/12\/skjermbilde-nb.no_-1024x460.png\" alt=\"Skjermbilde forside Nettbiblioteket nb.no\" class=\"wp-image-1681\" srcset=\"https:\/\/beta.bibliotekutvikling.no\/content\/uploads\/sites\/14\/2021\/12\/skjermbilde-nb.no_-1024x460.png 1024w, https:\/\/beta.bibliotekutvikling.no\/content\/uploads\/sites\/14\/2021\/12\/skjermbilde-nb.no_-300x135.png 300w, https:\/\/beta.bibliotekutvikling.no\/content\/uploads\/sites\/14\/2021\/12\/skjermbilde-nb.no_-768x345.png 768w, https:\/\/beta.bibliotekutvikling.no\/content\/uploads\/sites\/14\/2021\/12\/skjermbilde-nb.no_-1536x690.png 1536w, https:\/\/beta.bibliotekutvikling.no\/content\/uploads\/sites\/14\/2021\/12\/skjermbilde-nb.no_.png 1911w\" sizes=\"auto, (max-width: 1024px) 100vw, 1024px\" \/><figcaption>nb.no\/search<\/figcaption><\/figure>\n\n\n\n<p>P\u00e5&nbsp;<a href=\"https:\/\/www.nb.no\/\">Nasjonalbibliotekets nettsider&nbsp;<\/a>f\u00e5r du tilgang til sv\u00e6rt mye digitalt materiale, deriblant over 250 000&nbsp;<a href=\"https:\/\/www.nb.no\/search?mediatype=b%C3%B8ker&amp;viewability=ALL\">digitaliserte b\u00f8ker<\/a>&nbsp;som er fritt tilgjengelig for alle,&nbsp;<a href=\"https:\/\/www.nb.no\/search?mediatype=aviser\">digitaliserte aviser<\/a>&nbsp;samt&nbsp;<a href=\"https:\/\/www.nb.no\/samlingen\/tidsskrift\/\">tidsskrift<\/a>&nbsp;og&nbsp;<a href=\"https:\/\/www.nb.no\/samlingen\/bilder\/\">bilder<\/a>&nbsp;for \u00e5 nevne noe.<\/p>\n\n\n\n<p>Mye av innholdet er allment tilgjengelig, men det finnes en del unntak. Du finner mer informasjon om dette p\u00e5&nbsp;<a href=\"https:\/\/www.nb.no\/\">nb.no<\/a>.<\/p>\n\n\n\n<p>I v\u00e5r nett-tjeneste kan vi tilgjengeliggj\u00f8re foto for ABM-institusjoner, dersom det er \u00f8nskelig. Da m\u00e5 samlingsforvalter (ABM-institusjon) avklare rettighetene og lisens for deling av de ulike samlingene. Det er hovedsakelig samlinger med positivfoto fra aviser vi har delt i tjenesten fra ABM s\u00e5 langt. <a href=\"https:\/\/abmdig.no\/2021\/05\/27\/ledig-kapasitet-avisfoto\/\">Les mer om hvorfor her.<\/a><\/p>\n\n\n\n<p>I l\u00f8pet av de n\u00e6rmeste \u00e5rene h\u00e5per vi \u00e5 ha p\u00e5 plass bedre l\u00f8sninger for tilgjengeliggj\u00f8ring av ogs\u00e5 lyd og levende bilder.<\/p>\n\n\n\n<p>P\u00e5 <a href=\"https:\/\/www.nb.no\/\">Nasjonalbibliotekets nettsider<\/a> f\u00e5r du tilgang til sv\u00e6rt mykje digitalt materiale, mellom dei over 250 000 <a href=\"https:\/\/www.nb.no\/search?mediatype=b%C3%B8ker&amp;viewability=ALL\">digitaliserte b\u00f8ker<\/a> som er fritt tilgjengeleg for alle, <a href=\"https:\/\/www.nb.no\/search?mediatype=aviser\">digitaliserte avisar<\/a> og dessutan <a href=\"https:\/\/www.nb.no\/samlingen\/tidsskrift\/\">tidsskrift<\/a> og <a href=\"https:\/\/www.nb.no\/samlingen\/bilder\/\">bilete<\/a> for \u00e5 nemna noko.<\/p>\n\n\n\n<p><br>Mykje av innhaldet er allment tilgjengeleg, men det finst ein del unntak. Du finn meir informasjon om dette p\u00e5 <a href=\"https:\/\/www.nb.no\/\">nb.no<\/a>.<\/p>\n\n\n\n<p><br>I nett-tenesta v\u00e5r kan me tilgjengeliggj\u00f8re foto for ABM-institusjonar, dersom det er \u00f8nskjeleg. D\u00e5 m\u00e5 samlingsforvaltar (ABM-institusjon) avklara rettane og lisens for deling av dei ulike samlingane. Det er hovudsakleg samlingar med positivfoto fr\u00e5 aviser me har delt i tenesta fr\u00e5 ABM s\u00e5 langt. Les meir om kvifor her.<\/p>\n\n\n\n<p><br>Dei n\u00e6raste \u00e5ra h\u00e5par me \u00e5 ha p\u00e5 plass betre l\u00f8ysingar for tilgjengeliggj\u00f8ring av \u00f2g lyd og levande bilete.<\/p>\n","protected":false},"excerpt":{"rendered":"","protected":false},"author":5213,"featured_media":1681,"parent":1675,"menu_order":1,"comment_status":"closed","ping_status":"closed","template":"","meta":{"nb_hide_title":false,"sub_navigation_option":"","sub_navigation_custom_items":null,"footnotes":""},"class_list":["post-1776","page","type-page","status-publish","has-post-thumbnail","hentry"],"yoast_head":"<!-- This site is optimized with the Yoast SEO Premium plugin v27.1 (Yoast SEO v27.1.1) - https:\/\/yoast.com\/product\/yoast-seo-premium-wordpress\/ -->\n<title>nb.no - Kulturarvdigitalisering<\/title>\n<meta name=\"description\" content=\"Muligheter for tilgjengeliggj\u00f8ring av digitalisert kulturarvmateriale fra ABM-sektoren i Nasjonalbibliotekets tjeneste p\u00e5 nb.no.\" \/>\n<meta name=\"robots\" content=\"index, follow, max-snippet:-1, max-image-preview:large, max-video-preview:-1\" \/>\n<link rel=\"canonical\" href=\"https:\/\/beta.bibliotekutvikling.no\/abmdig\/tilgjengeliggjoring\/nb-no\/\" \/>\n<meta property=\"og:locale\" content=\"nb_NO\" \/>\n<meta property=\"og:type\" content=\"article\" \/>\n<meta property=\"og:title\" content=\"nb.no\" \/>\n<meta property=\"og:description\" content=\"Muligheter for tilgjengeliggj\u00f8ring av digitalisert kulturarvmateriale fra ABM-sektoren i Nasjonalbibliotekets tjeneste p\u00e5 nb.no.\" \/>\n<meta property=\"og:url\" content=\"https:\/\/beta.bibliotekutvikling.no\/abmdig\/tilgjengeliggjoring\/nb-no\/\" \/>\n<meta property=\"og:site_name\" content=\"Kulturarvdigitalisering\" \/>\n<meta property=\"article:modified_time\" content=\"2022-01-10T14:47:03+00:00\" \/>\n<meta property=\"og:image\" content=\"https:\/\/beta.bibliotekutvikling.no\/content\/uploads\/sites\/14\/2021\/12\/skjermbilde-nb.no_.png\" \/>\n\t<meta property=\"og:image:width\" content=\"1911\" \/>\n\t<meta property=\"og:image:height\" content=\"858\" \/>\n\t<meta property=\"og:image:type\" content=\"image\/png\" \/>\n<meta name=\"twitter:card\" content=\"summary_large_image\" \/>\n<meta name=\"twitter:label1\" content=\"Ansl. lesetid\" \/>\n\t<meta name=\"twitter:data1\" content=\"2 minutter\" \/>\n<script type=\"application\/ld+json\" class=\"yoast-schema-graph\">{\"@context\":\"https:\/\/schema.org\",\"@graph\":[{\"@type\":\"WebPage\",\"@id\":\"https:\/\/beta.bibliotekutvikling.no\/abmdig\/tilgjengeliggjoring\/nb-no\/\",\"url\":\"https:\/\/beta.bibliotekutvikling.no\/abmdig\/tilgjengeliggjoring\/nb-no\/\",\"name\":\"nb.no - Kulturarvdigitalisering\",\"isPartOf\":{\"@id\":\"https:\/\/beta.bibliotekutvikling.no\/abmdig\/#website\"},\"primaryImageOfPage\":{\"@id\":\"https:\/\/beta.bibliotekutvikling.no\/abmdig\/tilgjengeliggjoring\/nb-no\/#primaryimage\"},\"image\":{\"@id\":\"https:\/\/beta.bibliotekutvikling.no\/abmdig\/tilgjengeliggjoring\/nb-no\/#primaryimage\"},\"thumbnailUrl\":\"https:\/\/beta.bibliotekutvikling.no\/content\/uploads\/sites\/14\/2021\/12\/skjermbilde-nb.no_.png\",\"datePublished\":\"2022-01-04T09:20:32+00:00\",\"dateModified\":\"2022-01-10T14:47:03+00:00\",\"description\":\"Muligheter for tilgjengeliggj\u00f8ring av digitalisert kulturarvmateriale fra ABM-sektoren i Nasjonalbibliotekets tjeneste p\u00e5 nb.no.\",\"breadcrumb\":{\"@id\":\"https:\/\/beta.bibliotekutvikling.no\/abmdig\/tilgjengeliggjoring\/nb-no\/#breadcrumb\"},\"inLanguage\":\"nb-NO\",\"potentialAction\":[{\"@type\":\"ReadAction\",\"target\":[\"https:\/\/beta.bibliotekutvikling.no\/abmdig\/tilgjengeliggjoring\/nb-no\/\"]}]},{\"@type\":\"ImageObject\",\"inLanguage\":\"nb-NO\",\"@id\":\"https:\/\/beta.bibliotekutvikling.no\/abmdig\/tilgjengeliggjoring\/nb-no\/#primaryimage\",\"url\":\"https:\/\/beta.bibliotekutvikling.no\/content\/uploads\/sites\/14\/2021\/12\/skjermbilde-nb.no_.png\",\"contentUrl\":\"https:\/\/beta.bibliotekutvikling.no\/content\/uploads\/sites\/14\/2021\/12\/skjermbilde-nb.no_.png\",\"width\":1911,\"height\":858,\"caption\":\"Skjermbilde forside Nettbiblioteket nb.no\"},{\"@type\":\"BreadcrumbList\",\"@id\":\"https:\/\/beta.bibliotekutvikling.no\/abmdig\/tilgjengeliggjoring\/nb-no\/#breadcrumb\",\"itemListElement\":[{\"@type\":\"ListItem\",\"position\":1,\"name\":\"Hjem\",\"item\":\"https:\/\/beta.bibliotekutvikling.no\/abmdig\/\"},{\"@type\":\"ListItem\",\"position\":2,\"name\":\"Tilgjengeliggj\u00f8ring\",\"item\":\"https:\/\/beta.bibliotekutvikling.no\/abmdig\/tilgjengeliggjoring\/\"},{\"@type\":\"ListItem\",\"position\":3,\"name\":\"nb.no\"}]},{\"@type\":\"WebSite\",\"@id\":\"https:\/\/beta.bibliotekutvikling.no\/abmdig\/#website\",\"url\":\"https:\/\/beta.bibliotekutvikling.no\/abmdig\/\",\"name\":\"Nasjonalbiblioteket | Kulturarvdigitalisering\",\"description\":\"\",\"potentialAction\":[{\"@type\":\"SearchAction\",\"target\":{\"@type\":\"EntryPoint\",\"urlTemplate\":\"https:\/\/beta.bibliotekutvikling.no\/abmdig\/?s={search_term_string}\"},\"query-input\":{\"@type\":\"PropertyValueSpecification\",\"valueRequired\":true,\"valueName\":\"search_term_string\"}}],\"inLanguage\":\"nb-NO\"}]}<\/script>\n<!-- \/ Yoast SEO Premium plugin. -->","yoast_head_json":{"title":"nb.no - Kulturarvdigitalisering","description":"Muligheter for tilgjengeliggj\u00f8ring av digitalisert kulturarvmateriale fra ABM-sektoren i Nasjonalbibliotekets tjeneste p\u00e5 nb.no.","robots":{"index":"index","follow":"follow","max-snippet":"max-snippet:-1","max-image-preview":"max-image-preview:large","max-video-preview":"max-video-preview:-1"},"canonical":"https:\/\/beta.bibliotekutvikling.no\/abmdig\/tilgjengeliggjoring\/nb-no\/","og_locale":"nb_NO","og_type":"article","og_title":"nb.no","og_description":"Muligheter for tilgjengeliggj\u00f8ring av digitalisert kulturarvmateriale fra ABM-sektoren i Nasjonalbibliotekets tjeneste p\u00e5 nb.no.","og_url":"https:\/\/beta.bibliotekutvikling.no\/abmdig\/tilgjengeliggjoring\/nb-no\/","og_site_name":"Kulturarvdigitalisering","article_modified_time":"2022-01-10T14:47:03+00:00","og_image":[{"width":1911,"height":858,"url":"https:\/\/beta.bibliotekutvikling.no\/content\/uploads\/sites\/14\/2021\/12\/skjermbilde-nb.no_.png","type":"image\/png"}],"twitter_card":"summary_large_image","twitter_misc":{"Ansl. lesetid":"2 minutter"},"schema":{"@context":"https:\/\/schema.org","@graph":[{"@type":"WebPage","@id":"https:\/\/beta.bibliotekutvikling.no\/abmdig\/tilgjengeliggjoring\/nb-no\/","url":"https:\/\/beta.bibliotekutvikling.no\/abmdig\/tilgjengeliggjoring\/nb-no\/","name":"nb.no - Kulturarvdigitalisering","isPartOf":{"@id":"https:\/\/beta.bibliotekutvikling.no\/abmdig\/#website"},"primaryImageOfPage":{"@id":"https:\/\/beta.bibliotekutvikling.no\/abmdig\/tilgjengeliggjoring\/nb-no\/#primaryimage"},"image":{"@id":"https:\/\/beta.bibliotekutvikling.no\/abmdig\/tilgjengeliggjoring\/nb-no\/#primaryimage"},"thumbnailUrl":"https:\/\/beta.bibliotekutvikling.no\/content\/uploads\/sites\/14\/2021\/12\/skjermbilde-nb.no_.png","datePublished":"2022-01-04T09:20:32+00:00","dateModified":"2022-01-10T14:47:03+00:00","description":"Muligheter for tilgjengeliggj\u00f8ring av digitalisert kulturarvmateriale fra ABM-sektoren i Nasjonalbibliotekets tjeneste p\u00e5 nb.no.","breadcrumb":{"@id":"https:\/\/beta.bibliotekutvikling.no\/abmdig\/tilgjengeliggjoring\/nb-no\/#breadcrumb"},"inLanguage":"nb-NO","potentialAction":[{"@type":"ReadAction","target":["https:\/\/beta.bibliotekutvikling.no\/abmdig\/tilgjengeliggjoring\/nb-no\/"]}]},{"@type":"ImageObject","inLanguage":"nb-NO","@id":"https:\/\/beta.bibliotekutvikling.no\/abmdig\/tilgjengeliggjoring\/nb-no\/#primaryimage","url":"https:\/\/beta.bibliotekutvikling.no\/content\/uploads\/sites\/14\/2021\/12\/skjermbilde-nb.no_.png","contentUrl":"https:\/\/beta.bibliotekutvikling.no\/content\/uploads\/sites\/14\/2021\/12\/skjermbilde-nb.no_.png","width":1911,"height":858,"caption":"Skjermbilde forside Nettbiblioteket nb.no"},{"@type":"BreadcrumbList","@id":"https:\/\/beta.bibliotekutvikling.no\/abmdig\/tilgjengeliggjoring\/nb-no\/#breadcrumb","itemListElement":[{"@type":"ListItem","position":1,"name":"Hjem","item":"https:\/\/beta.bibliotekutvikling.no\/abmdig\/"},{"@type":"ListItem","position":2,"name":"Tilgjengeliggj\u00f8ring","item":"https:\/\/beta.bibliotekutvikling.no\/abmdig\/tilgjengeliggjoring\/"},{"@type":"ListItem","position":3,"name":"nb.no"}]},{"@type":"WebSite","@id":"https:\/\/beta.bibliotekutvikling.no\/abmdig\/#website","url":"https:\/\/beta.bibliotekutvikling.no\/abmdig\/","name":"Nasjonalbiblioteket | Kulturarvdigitalisering","description":"","potentialAction":[{"@type":"SearchAction","target":{"@type":"EntryPoint","urlTemplate":"https:\/\/beta.bibliotekutvikling.no\/abmdig\/?s={search_term_string}"},"query-input":{"@type":"PropertyValueSpecification","valueRequired":true,"valueName":"search_term_string"}}],"inLanguage":"nb-NO"}]}},"_links":{"self":[{"href":"https:\/\/beta.bibliotekutvikling.no\/abmdig\/wp-json\/wp\/v2\/pages\/1776","targetHints":{"allow":["GET"]}}],"collection":[{"href":"https:\/\/beta.bibliotekutvikling.no\/abmdig\/wp-json\/wp\/v2\/pages"}],"about":[{"href":"https:\/\/beta.bibliotekutvikling.no\/abmdig\/wp-json\/wp\/v2\/types\/page"}],"author":[{"embeddable":true,"href":"https:\/\/beta.bibliotekutvikling.no\/abmdig\/wp-json\/wp\/v2\/users\/5213"}],"replies":[{"embeddable":true,"href":"https:\/\/beta.bibliotekutvikling.no\/abmdig\/wp-json\/wp\/v2\/comments?post=1776"}],"version-history":[{"count":3,"href":"https:\/\/beta.bibliotekutvikling.no\/abmdig\/wp-json\/wp\/v2\/pages\/1776\/revisions"}],"predecessor-version":[{"id":1890,"href":"https:\/\/beta.bibliotekutvikling.no\/abmdig\/wp-json\/wp\/v2\/pages\/1776\/revisions\/1890"}],"up":[{"embeddable":true,"href":"https:\/\/beta.bibliotekutvikling.no\/abmdig\/wp-json\/wp\/v2\/pages\/1675"}],"wp:featuredmedia":[{"embeddable":true,"href":"https:\/\/beta.bibliotekutvikling.no\/abmdig\/wp-json\/wp\/v2\/media\/1681"}],"wp:attachment":[{"href":"https:\/\/beta.bibliotekutvikling.no\/abmdig\/wp-json\/wp\/v2\/media?parent=1776"}],"curies":[{"name":"wp","href":"https:\/\/api.w.org\/{rel}","templated":true}]}}