{"id":1778,"date":"2022-01-04T13:33:18","date_gmt":"2022-01-04T12:33:18","guid":{"rendered":"https:\/\/abmdig.no\/?page_id=1778"},"modified":"2022-12-01T11:24:07","modified_gmt":"2022-12-01T10:24:07","slug":"digitalarkivet-2","status":"publish","type":"page","link":"https:\/\/beta.bibliotekutvikling.no\/abmdig\/tilgjengeliggjoring\/digitalarkivet-2\/","title":{"rendered":"Digitalarkivet"},"content":{"rendered":"\n<figure class=\"wp-block-image size-large\"><img loading=\"lazy\" decoding=\"async\" width=\"1024\" height=\"468\" src=\"https:\/\/abmdig.no\/content\/uploads\/sites\/14\/2021\/12\/Digitalarkivet-1024x468.png\" alt=\"Skjermbilde forside Digitalarkivet\" class=\"wp-image-1682\" srcset=\"https:\/\/beta.bibliotekutvikling.no\/content\/uploads\/sites\/14\/2021\/12\/Digitalarkivet-1024x468.png 1024w, https:\/\/beta.bibliotekutvikling.no\/content\/uploads\/sites\/14\/2021\/12\/Digitalarkivet-300x137.png 300w, https:\/\/beta.bibliotekutvikling.no\/content\/uploads\/sites\/14\/2021\/12\/Digitalarkivet-768x351.png 768w, https:\/\/beta.bibliotekutvikling.no\/content\/uploads\/sites\/14\/2021\/12\/Digitalarkivet-1536x702.png 1536w, https:\/\/beta.bibliotekutvikling.no\/content\/uploads\/sites\/14\/2021\/12\/Digitalarkivet.png 1883w\" sizes=\"auto, (max-width: 1024px) 100vw, 1024px\" \/><\/figure>\n\n\n\n<p>Digitalarkivet er Arkivverkets plattform for presentasjon av arkivmateriale i digital form. For \u00e5 f\u00e5 tilgang til \u00e5 publisere p\u00e5 Digitalarkivet m\u00e5 ein inng\u00e5 s\u00e5kalt tjenesteavtale.<\/p>\n\n\n\n<p>Du kan s\u00f8kje i strukturerte data og digitaliserte fotografi, lese fulltekstavskrifter, bla i skanna bilete, sj\u00e5 videoar og\/eller h\u00f8yre digitalisert lyd. Digitalarkivet er ope for alle og gratis \u00e5 ta i bruk. <\/p>\n\n\n<ul class=\"t2-link-list has-2-items has-auto-columns wp-block-t2-link-list\">\n\t<li class=\"t2-link-list-item wp-block-t2-link-list-item\">\n\t\t<a\n\t\t\thref=\"https:\/\/www.digitalarkivet.no\/\"\n\t\t\tclass=\"t2-link-list-item__link t2-link-list__icon--right\"\n\t\t\t\t\t>\n\t\t\t<span class=\"t2-link-list-item__icon\"><span class=\"t2-link-list-item__icon-box\"><\/span><svg xmlns=\"http:\/\/www.w3.org\/2000\/svg\" viewBox=\"0 0 24 24\" height=\"24\" width=\"24\" class=\"t2-icon t2-icon-external\" aria-hidden=\"true\" focusable=\"false\"><path d=\"M19 19H5V5h7V3H3v18h18v-9h-2v7zM14 3v2h3.6l-9.8 9.8 1.4 1.4L19 6.4V10h2V3h-7z\"\/><\/svg><\/span>\t\t\t<div class=\"t2-link-list-item__content\">\n\n\t\t\t\t\n\t\t\t\t<span id=\"link-list-item-text\" class=\"t2-link-list-item__text\">\n\t\t\t\t\tDigitalarkivet.no\t\t\t\t<\/span>\n\t\t\t\t\t\t\t<\/div>\n\t\t<\/a>\n\t<\/li>\n\t\n\n\t<li class=\"t2-link-list-item wp-block-t2-link-list-item\">\n\t\t<a\n\t\t\thref=\"https:\/\/www.digitalarkivet.no\/content\/541\/velkommen-som-avtalepartner-til-publisering\"\n\t\t\tclass=\"t2-link-list-item__link t2-link-list__icon--right\"\n\t\t\t\t\t>\n\t\t\t<span class=\"t2-link-list-item__icon\"><span class=\"t2-link-list-item__icon-box\"><\/span><svg xmlns=\"http:\/\/www.w3.org\/2000\/svg\" viewBox=\"0 0 24 24\" height=\"24\" width=\"24\" class=\"t2-icon t2-icon-external\" aria-hidden=\"true\" focusable=\"false\"><path d=\"M19 19H5V5h7V3H3v18h18v-9h-2v7zM14 3v2h3.6l-9.8 9.8 1.4 1.4L19 6.4V10h2V3h-7z\"\/><\/svg><\/span>\t\t\t<div class=\"t2-link-list-item__content\">\n\n\t\t\t\t\n\t\t\t\t<span id=\"link-list-item-text-1\" class=\"t2-link-list-item__text\">\n\t\t\t\t\tVelkommen som avtalepartner til publisering \t\t\t\t<\/span>\n\t\t\t\t\t\t\t<\/div>\n\t\t<\/a>\n\t<\/li>\n\t\n<\/ul>","protected":false},"excerpt":{"rendered":"","protected":false},"author":5213,"featured_media":1682,"parent":1675,"menu_order":2,"comment_status":"closed","ping_status":"closed","template":"","meta":{"nb_hide_title":false,"sub_navigation_option":"","sub_navigation_custom_items":null,"footnotes":""},"class_list":["post-1778","page","type-page","status-publish","has-post-thumbnail","hentry"],"yoast_head":"<!-- This site is optimized with the Yoast SEO Premium plugin v27.1 (Yoast SEO v27.1.1) - https:\/\/yoast.com\/product\/yoast-seo-premium-wordpress\/ -->\n<title>Digitalarkivet - Kulturarvdigitalisering<\/title>\n<meta name=\"description\" content=\"Muligheter for tilgjengeliggj\u00f8ring av digitalisert kulturarvmateriale fra ABM-sektoren i Arkivverkets tjeneste Digitalarkivet.\" \/>\n<meta name=\"robots\" content=\"index, follow, max-snippet:-1, max-image-preview:large, max-video-preview:-1\" \/>\n<link rel=\"canonical\" href=\"https:\/\/beta.bibliotekutvikling.no\/abmdig\/tilgjengeliggjoring\/digitalarkivet-2\/\" \/>\n<meta property=\"og:locale\" content=\"nb_NO\" \/>\n<meta property=\"og:type\" content=\"article\" \/>\n<meta property=\"og:title\" content=\"Digitalarkivet\" \/>\n<meta property=\"og:description\" content=\"Muligheter for tilgjengeliggj\u00f8ring av digitalisert kulturarvmateriale fra ABM-sektoren i Arkivverkets tjeneste Digitalarkivet.\" \/>\n<meta property=\"og:url\" content=\"https:\/\/beta.bibliotekutvikling.no\/abmdig\/tilgjengeliggjoring\/digitalarkivet-2\/\" \/>\n<meta property=\"og:site_name\" content=\"Kulturarvdigitalisering\" \/>\n<meta property=\"article:modified_time\" content=\"2022-12-01T10:24:07+00:00\" \/>\n<meta property=\"og:image\" content=\"https:\/\/beta.bibliotekutvikling.no\/content\/uploads\/sites\/14\/2021\/12\/Digitalarkivet.png\" \/>\n\t<meta property=\"og:image:width\" content=\"1883\" \/>\n\t<meta property=\"og:image:height\" content=\"861\" \/>\n\t<meta property=\"og:image:type\" content=\"image\/png\" \/>\n<meta name=\"twitter:card\" content=\"summary_large_image\" \/>\n<meta name=\"twitter:label1\" content=\"Ansl. lesetid\" \/>\n\t<meta name=\"twitter:data1\" content=\"1 minutt\" \/>\n<script type=\"application\/ld+json\" class=\"yoast-schema-graph\">{\"@context\":\"https:\/\/schema.org\",\"@graph\":[{\"@type\":\"WebPage\",\"@id\":\"https:\/\/beta.bibliotekutvikling.no\/abmdig\/tilgjengeliggjoring\/digitalarkivet-2\/\",\"url\":\"https:\/\/beta.bibliotekutvikling.no\/abmdig\/tilgjengeliggjoring\/digitalarkivet-2\/\",\"name\":\"Digitalarkivet - Kulturarvdigitalisering\",\"isPartOf\":{\"@id\":\"https:\/\/beta.bibliotekutvikling.no\/abmdig\/#website\"},\"primaryImageOfPage\":{\"@id\":\"https:\/\/beta.bibliotekutvikling.no\/abmdig\/tilgjengeliggjoring\/digitalarkivet-2\/#primaryimage\"},\"image\":{\"@id\":\"https:\/\/beta.bibliotekutvikling.no\/abmdig\/tilgjengeliggjoring\/digitalarkivet-2\/#primaryimage\"},\"thumbnailUrl\":\"https:\/\/beta.bibliotekutvikling.no\/content\/uploads\/sites\/14\/2021\/12\/Digitalarkivet.png\",\"datePublished\":\"2022-01-04T12:33:18+00:00\",\"dateModified\":\"2022-12-01T10:24:07+00:00\",\"description\":\"Muligheter for tilgjengeliggj\u00f8ring av digitalisert kulturarvmateriale fra ABM-sektoren i Arkivverkets tjeneste Digitalarkivet.\",\"breadcrumb\":{\"@id\":\"https:\/\/beta.bibliotekutvikling.no\/abmdig\/tilgjengeliggjoring\/digitalarkivet-2\/#breadcrumb\"},\"inLanguage\":\"nb-NO\",\"potentialAction\":[{\"@type\":\"ReadAction\",\"target\":[\"https:\/\/beta.bibliotekutvikling.no\/abmdig\/tilgjengeliggjoring\/digitalarkivet-2\/\"]}]},{\"@type\":\"ImageObject\",\"inLanguage\":\"nb-NO\",\"@id\":\"https:\/\/beta.bibliotekutvikling.no\/abmdig\/tilgjengeliggjoring\/digitalarkivet-2\/#primaryimage\",\"url\":\"https:\/\/beta.bibliotekutvikling.no\/content\/uploads\/sites\/14\/2021\/12\/Digitalarkivet.png\",\"contentUrl\":\"https:\/\/beta.bibliotekutvikling.no\/content\/uploads\/sites\/14\/2021\/12\/Digitalarkivet.png\",\"width\":1883,\"height\":861,\"caption\":\"Skjermbilde forside Digitalarkivet\"},{\"@type\":\"BreadcrumbList\",\"@id\":\"https:\/\/beta.bibliotekutvikling.no\/abmdig\/tilgjengeliggjoring\/digitalarkivet-2\/#breadcrumb\",\"itemListElement\":[{\"@type\":\"ListItem\",\"position\":1,\"name\":\"Hjem\",\"item\":\"https:\/\/beta.bibliotekutvikling.no\/abmdig\/\"},{\"@type\":\"ListItem\",\"position\":2,\"name\":\"Tilgjengeliggj\u00f8ring\",\"item\":\"https:\/\/beta.bibliotekutvikling.no\/abmdig\/tilgjengeliggjoring\/\"},{\"@type\":\"ListItem\",\"position\":3,\"name\":\"Digitalarkivet\"}]},{\"@type\":\"WebSite\",\"@id\":\"https:\/\/beta.bibliotekutvikling.no\/abmdig\/#website\",\"url\":\"https:\/\/beta.bibliotekutvikling.no\/abmdig\/\",\"name\":\"Nasjonalbiblioteket | Kulturarvdigitalisering\",\"description\":\"\",\"potentialAction\":[{\"@type\":\"SearchAction\",\"target\":{\"@type\":\"EntryPoint\",\"urlTemplate\":\"https:\/\/beta.bibliotekutvikling.no\/abmdig\/?s={search_term_string}\"},\"query-input\":{\"@type\":\"PropertyValueSpecification\",\"valueRequired\":true,\"valueName\":\"search_term_string\"}}],\"inLanguage\":\"nb-NO\"}]}<\/script>\n<!-- \/ Yoast SEO Premium plugin. -->","yoast_head_json":{"title":"Digitalarkivet - Kulturarvdigitalisering","description":"Muligheter for tilgjengeliggj\u00f8ring av digitalisert kulturarvmateriale fra ABM-sektoren i Arkivverkets tjeneste Digitalarkivet.","robots":{"index":"index","follow":"follow","max-snippet":"max-snippet:-1","max-image-preview":"max-image-preview:large","max-video-preview":"max-video-preview:-1"},"canonical":"https:\/\/beta.bibliotekutvikling.no\/abmdig\/tilgjengeliggjoring\/digitalarkivet-2\/","og_locale":"nb_NO","og_type":"article","og_title":"Digitalarkivet","og_description":"Muligheter for tilgjengeliggj\u00f8ring av digitalisert kulturarvmateriale fra ABM-sektoren i Arkivverkets tjeneste Digitalarkivet.","og_url":"https:\/\/beta.bibliotekutvikling.no\/abmdig\/tilgjengeliggjoring\/digitalarkivet-2\/","og_site_name":"Kulturarvdigitalisering","article_modified_time":"2022-12-01T10:24:07+00:00","og_image":[{"width":1883,"height":861,"url":"https:\/\/beta.bibliotekutvikling.no\/content\/uploads\/sites\/14\/2021\/12\/Digitalarkivet.png","type":"image\/png"}],"twitter_card":"summary_large_image","twitter_misc":{"Ansl. lesetid":"1 minutt"},"schema":{"@context":"https:\/\/schema.org","@graph":[{"@type":"WebPage","@id":"https:\/\/beta.bibliotekutvikling.no\/abmdig\/tilgjengeliggjoring\/digitalarkivet-2\/","url":"https:\/\/beta.bibliotekutvikling.no\/abmdig\/tilgjengeliggjoring\/digitalarkivet-2\/","name":"Digitalarkivet - Kulturarvdigitalisering","isPartOf":{"@id":"https:\/\/beta.bibliotekutvikling.no\/abmdig\/#website"},"primaryImageOfPage":{"@id":"https:\/\/beta.bibliotekutvikling.no\/abmdig\/tilgjengeliggjoring\/digitalarkivet-2\/#primaryimage"},"image":{"@id":"https:\/\/beta.bibliotekutvikling.no\/abmdig\/tilgjengeliggjoring\/digitalarkivet-2\/#primaryimage"},"thumbnailUrl":"https:\/\/beta.bibliotekutvikling.no\/content\/uploads\/sites\/14\/2021\/12\/Digitalarkivet.png","datePublished":"2022-01-04T12:33:18+00:00","dateModified":"2022-12-01T10:24:07+00:00","description":"Muligheter for tilgjengeliggj\u00f8ring av digitalisert kulturarvmateriale fra ABM-sektoren i Arkivverkets tjeneste Digitalarkivet.","breadcrumb":{"@id":"https:\/\/beta.bibliotekutvikling.no\/abmdig\/tilgjengeliggjoring\/digitalarkivet-2\/#breadcrumb"},"inLanguage":"nb-NO","potentialAction":[{"@type":"ReadAction","target":["https:\/\/beta.bibliotekutvikling.no\/abmdig\/tilgjengeliggjoring\/digitalarkivet-2\/"]}]},{"@type":"ImageObject","inLanguage":"nb-NO","@id":"https:\/\/beta.bibliotekutvikling.no\/abmdig\/tilgjengeliggjoring\/digitalarkivet-2\/#primaryimage","url":"https:\/\/beta.bibliotekutvikling.no\/content\/uploads\/sites\/14\/2021\/12\/Digitalarkivet.png","contentUrl":"https:\/\/beta.bibliotekutvikling.no\/content\/uploads\/sites\/14\/2021\/12\/Digitalarkivet.png","width":1883,"height":861,"caption":"Skjermbilde forside Digitalarkivet"},{"@type":"BreadcrumbList","@id":"https:\/\/beta.bibliotekutvikling.no\/abmdig\/tilgjengeliggjoring\/digitalarkivet-2\/#breadcrumb","itemListElement":[{"@type":"ListItem","position":1,"name":"Hjem","item":"https:\/\/beta.bibliotekutvikling.no\/abmdig\/"},{"@type":"ListItem","position":2,"name":"Tilgjengeliggj\u00f8ring","item":"https:\/\/beta.bibliotekutvikling.no\/abmdig\/tilgjengeliggjoring\/"},{"@type":"ListItem","position":3,"name":"Digitalarkivet"}]},{"@type":"WebSite","@id":"https:\/\/beta.bibliotekutvikling.no\/abmdig\/#website","url":"https:\/\/beta.bibliotekutvikling.no\/abmdig\/","name":"Nasjonalbiblioteket | Kulturarvdigitalisering","description":"","potentialAction":[{"@type":"SearchAction","target":{"@type":"EntryPoint","urlTemplate":"https:\/\/beta.bibliotekutvikling.no\/abmdig\/?s={search_term_string}"},"query-input":{"@type":"PropertyValueSpecification","valueRequired":true,"valueName":"search_term_string"}}],"inLanguage":"nb-NO"}]}},"_links":{"self":[{"href":"https:\/\/beta.bibliotekutvikling.no\/abmdig\/wp-json\/wp\/v2\/pages\/1778","targetHints":{"allow":["GET"]}}],"collection":[{"href":"https:\/\/beta.bibliotekutvikling.no\/abmdig\/wp-json\/wp\/v2\/pages"}],"about":[{"href":"https:\/\/beta.bibliotekutvikling.no\/abmdig\/wp-json\/wp\/v2\/types\/page"}],"author":[{"embeddable":true,"href":"https:\/\/beta.bibliotekutvikling.no\/abmdig\/wp-json\/wp\/v2\/users\/5213"}],"replies":[{"embeddable":true,"href":"https:\/\/beta.bibliotekutvikling.no\/abmdig\/wp-json\/wp\/v2\/comments?post=1778"}],"version-history":[{"count":4,"href":"https:\/\/beta.bibliotekutvikling.no\/abmdig\/wp-json\/wp\/v2\/pages\/1778\/revisions"}],"predecessor-version":[{"id":2149,"href":"https:\/\/beta.bibliotekutvikling.no\/abmdig\/wp-json\/wp\/v2\/pages\/1778\/revisions\/2149"}],"up":[{"embeddable":true,"href":"https:\/\/beta.bibliotekutvikling.no\/abmdig\/wp-json\/wp\/v2\/pages\/1675"}],"wp:featuredmedia":[{"embeddable":true,"href":"https:\/\/beta.bibliotekutvikling.no\/abmdig\/wp-json\/wp\/v2\/media\/1682"}],"wp:attachment":[{"href":"https:\/\/beta.bibliotekutvikling.no\/abmdig\/wp-json\/wp\/v2\/media?parent=1778"}],"curies":[{"name":"wp","href":"https:\/\/api.w.org\/{rel}","templated":true}]}}