{"id":1781,"date":"2022-01-04T13:37:28","date_gmt":"2022-01-04T12:37:28","guid":{"rendered":"https:\/\/abmdig.no\/?page_id=1781"},"modified":"2022-12-01T11:25:17","modified_gmt":"2022-12-01T10:25:17","slug":"digitaltmuseum-2","status":"publish","type":"page","link":"https:\/\/beta.bibliotekutvikling.no\/abmdig\/tilgjengeliggjoring\/digitaltmuseum-2\/","title":{"rendered":"DigitaltMuseum"},"content":{"rendered":"\n<figure class=\"wp-block-image size-large\"><img loading=\"lazy\" decoding=\"async\" width=\"1024\" height=\"466\" src=\"https:\/\/abmdig.no\/content\/uploads\/sites\/14\/2021\/12\/DigitaltMuseum-1024x466.png\" alt=\"Skjermbilde forside Digitalt museum\" class=\"wp-image-1683\" srcset=\"https:\/\/beta.bibliotekutvikling.no\/content\/uploads\/sites\/14\/2021\/12\/DigitaltMuseum-1024x466.png 1024w, https:\/\/beta.bibliotekutvikling.no\/content\/uploads\/sites\/14\/2021\/12\/DigitaltMuseum-300x136.png 300w, https:\/\/beta.bibliotekutvikling.no\/content\/uploads\/sites\/14\/2021\/12\/DigitaltMuseum-768x349.png 768w, https:\/\/beta.bibliotekutvikling.no\/content\/uploads\/sites\/14\/2021\/12\/DigitaltMuseum-1536x698.png 1536w, https:\/\/beta.bibliotekutvikling.no\/content\/uploads\/sites\/14\/2021\/12\/DigitaltMuseum.png 1887w\" sizes=\"auto, (max-width: 1024px) 100vw, 1024px\" \/><\/figure>\n\n\n\n<p>DigitaltMuseum er musea si l\u00f8ysning for presentasjon av digitale samlingar. Tenesta er utvikla og drifta av <a href=\"https:\/\/kulturit.org\/\">Kultur-IT<\/a>, og er st\u00f8tta av <a href=\"https:\/\/www.kulturradet.no\/\">Kulturr\u00e5det<\/a>. <\/p>\n\n\n\n<p>P\u00e5 dei norske musea finst store og spennande samlingar. Tradisjonelt har desse f\u00f8rst og fremst vorte presenterte i utstillingane og b\u00f8kene til musea. Store delar av samlingane har derfor sjeldan eller aldri vorte vist for publikum.<\/p>\n\n\n\n<p><br>M\u00e5let med DigitaltMuseum er at samlingane til musea skal vera lett tilgjengeleg for alle interesserte, uavhengig av tid og stad. H\u00e5pet er at samlingane no enklare skal kunna brukast til bilets\u00f8king, fordjuping, studiar, undervisning og felles kunnskapsbygging.<\/p>\n\n\n\n<p><br>Alle objekt og tilh\u00f8yrande informasjon som er publisert p\u00e5 DigitaltMuseum er, i dei fleste tilfelle, henta fr\u00e5 samlingsforvaltningssystemet Primus. Delar av samlingane er publiserte fr\u00e5 andre system. Kva objekt som skal publiserast p\u00e5 nett blir bestemde av kvar enkelt institusjon. Institusjonane er sj\u00f8lv ansvarlege for at gjelda regelverk blir overhaldne i forhold til rettar og personvern.<\/p>\n\n\n<ul class=\"t2-link-list has-3-items has-auto-columns wp-block-t2-link-list\">\n\t<li class=\"t2-link-list-item wp-block-t2-link-list-item\">\n\t\t<a\n\t\t\thref=\"https:\/\/digitaltmuseum.no\/\"\n\t\t\tclass=\"t2-link-list-item__link t2-link-list__icon--right\"\n\t\t\t\t\t>\n\t\t\t<span class=\"t2-link-list-item__icon\"><span class=\"t2-link-list-item__icon-box\"><\/span><svg xmlns=\"http:\/\/www.w3.org\/2000\/svg\" viewBox=\"0 0 24 24\" height=\"24\" width=\"24\" class=\"t2-icon t2-icon-external\" aria-hidden=\"true\" focusable=\"false\"><path d=\"M19 19H5V5h7V3H3v18h18v-9h-2v7zM14 3v2h3.6l-9.8 9.8 1.4 1.4L19 6.4V10h2V3h-7z\"\/><\/svg><\/span>\t\t\t<div class=\"t2-link-list-item__content\">\n\n\t\t\t\t\n\t\t\t\t<span id=\"link-list-item-text\" class=\"t2-link-list-item__text\">\n\t\t\t\t\tDigitaltmuseum.no \t\t\t\t<\/span>\n\t\t\t\t\t\t\t<\/div>\n\t\t<\/a>\n\t<\/li>\n\t\n\n\t<li class=\"t2-link-list-item wp-block-t2-link-list-item\">\n\t\t<a\n\t\t\thref=\"https:\/\/dok.digitaltmuseum.org\/om\"\n\t\t\tclass=\"t2-link-list-item__link t2-link-list__icon--right\"\n\t\t\t\t\t>\n\t\t\t<span class=\"t2-link-list-item__icon\"><span class=\"t2-link-list-item__icon-box\"><\/span><svg xmlns=\"http:\/\/www.w3.org\/2000\/svg\" viewBox=\"0 0 24 24\" height=\"24\" width=\"24\" class=\"t2-icon t2-icon-external\" aria-hidden=\"true\" focusable=\"false\"><path d=\"M19 19H5V5h7V3H3v18h18v-9h-2v7zM14 3v2h3.6l-9.8 9.8 1.4 1.4L19 6.4V10h2V3h-7z\"\/><\/svg><\/span>\t\t\t<div class=\"t2-link-list-item__content\">\n\n\t\t\t\t\n\t\t\t\t<span id=\"link-list-item-text-1\" class=\"t2-link-list-item__text\">\n\t\t\t\t\tOm DigitaltMuseum \t\t\t\t<\/span>\n\t\t\t\t\t\t\t<\/div>\n\t\t<\/a>\n\t<\/li>\n\t\n\n\t<li class=\"t2-link-list-item wp-block-t2-link-list-item\">\n\t\t<a\n\t\t\thref=\"https:\/\/kulturit.org\/\"\n\t\t\tclass=\"t2-link-list-item__link t2-link-list__icon--right\"\n\t\t\t\t\t>\n\t\t\t<span class=\"t2-link-list-item__icon\"><span class=\"t2-link-list-item__icon-box\"><\/span><svg xmlns=\"http:\/\/www.w3.org\/2000\/svg\" viewBox=\"0 0 24 24\" height=\"24\" width=\"24\" class=\"t2-icon t2-icon-external\" aria-hidden=\"true\" focusable=\"false\"><path d=\"M19 19H5V5h7V3H3v18h18v-9h-2v7zM14 3v2h3.6l-9.8 9.8 1.4 1.4L19 6.4V10h2V3h-7z\"\/><\/svg><\/span>\t\t\t<div class=\"t2-link-list-item__content\">\n\n\t\t\t\t\n\t\t\t\t<span id=\"link-list-item-text-2\" class=\"t2-link-list-item__text\">\n\t\t\t\t\tKultur-IT \t\t\t\t<\/span>\n\t\t\t\t\t\t\t<\/div>\n\t\t<\/a>\n\t<\/li>\n\t\n<\/ul>","protected":false},"excerpt":{"rendered":"","protected":false},"author":5213,"featured_media":1683,"parent":1675,"menu_order":3,"comment_status":"closed","ping_status":"closed","template":"","meta":{"nb_hide_title":false,"sub_navigation_option":"","sub_navigation_custom_items":null,"footnotes":""},"class_list":["post-1781","page","type-page","status-publish","has-post-thumbnail","hentry"],"yoast_head":"<!-- This site is optimized with the Yoast SEO Premium plugin v27.1 (Yoast SEO v27.1.1) - https:\/\/yoast.com\/product\/yoast-seo-premium-wordpress\/ -->\n<title>DigitaltMuseum - Kulturarvdigitalisering<\/title>\n<meta name=\"description\" content=\"Muligheter for tilgjengeliggj\u00f8ring av digitalisert kulturarvmateriale fra ABM-sektoren i museenes publiseringsplattform DigitaltMuseum.\" \/>\n<meta name=\"robots\" content=\"index, follow, max-snippet:-1, max-image-preview:large, max-video-preview:-1\" \/>\n<link rel=\"canonical\" href=\"https:\/\/beta.bibliotekutvikling.no\/abmdig\/tilgjengeliggjoring\/digitaltmuseum-2\/\" \/>\n<meta property=\"og:locale\" content=\"nb_NO\" \/>\n<meta property=\"og:type\" content=\"article\" \/>\n<meta property=\"og:title\" content=\"DigitaltMuseum\" \/>\n<meta property=\"og:description\" content=\"Muligheter for tilgjengeliggj\u00f8ring av digitalisert kulturarvmateriale fra ABM-sektoren i museenes publiseringsplattform DigitaltMuseum.\" \/>\n<meta property=\"og:url\" content=\"https:\/\/beta.bibliotekutvikling.no\/abmdig\/tilgjengeliggjoring\/digitaltmuseum-2\/\" \/>\n<meta property=\"og:site_name\" content=\"Kulturarvdigitalisering\" \/>\n<meta property=\"article:modified_time\" content=\"2022-12-01T10:25:17+00:00\" \/>\n<meta property=\"og:image\" content=\"https:\/\/beta.bibliotekutvikling.no\/content\/uploads\/sites\/14\/2021\/12\/DigitaltMuseum.png\" \/>\n\t<meta property=\"og:image:width\" content=\"1887\" \/>\n\t<meta property=\"og:image:height\" content=\"858\" \/>\n\t<meta property=\"og:image:type\" content=\"image\/png\" \/>\n<meta name=\"twitter:card\" content=\"summary_large_image\" \/>\n<meta name=\"twitter:label1\" content=\"Ansl. lesetid\" \/>\n\t<meta name=\"twitter:data1\" content=\"2 minutter\" \/>\n<script type=\"application\/ld+json\" class=\"yoast-schema-graph\">{\"@context\":\"https:\/\/schema.org\",\"@graph\":[{\"@type\":\"WebPage\",\"@id\":\"https:\/\/beta.bibliotekutvikling.no\/abmdig\/tilgjengeliggjoring\/digitaltmuseum-2\/\",\"url\":\"https:\/\/beta.bibliotekutvikling.no\/abmdig\/tilgjengeliggjoring\/digitaltmuseum-2\/\",\"name\":\"DigitaltMuseum - Kulturarvdigitalisering\",\"isPartOf\":{\"@id\":\"https:\/\/beta.bibliotekutvikling.no\/abmdig\/#website\"},\"primaryImageOfPage\":{\"@id\":\"https:\/\/beta.bibliotekutvikling.no\/abmdig\/tilgjengeliggjoring\/digitaltmuseum-2\/#primaryimage\"},\"image\":{\"@id\":\"https:\/\/beta.bibliotekutvikling.no\/abmdig\/tilgjengeliggjoring\/digitaltmuseum-2\/#primaryimage\"},\"thumbnailUrl\":\"https:\/\/beta.bibliotekutvikling.no\/content\/uploads\/sites\/14\/2021\/12\/DigitaltMuseum.png\",\"datePublished\":\"2022-01-04T12:37:28+00:00\",\"dateModified\":\"2022-12-01T10:25:17+00:00\",\"description\":\"Muligheter for tilgjengeliggj\u00f8ring av digitalisert kulturarvmateriale fra ABM-sektoren i museenes publiseringsplattform DigitaltMuseum.\",\"breadcrumb\":{\"@id\":\"https:\/\/beta.bibliotekutvikling.no\/abmdig\/tilgjengeliggjoring\/digitaltmuseum-2\/#breadcrumb\"},\"inLanguage\":\"nb-NO\",\"potentialAction\":[{\"@type\":\"ReadAction\",\"target\":[\"https:\/\/beta.bibliotekutvikling.no\/abmdig\/tilgjengeliggjoring\/digitaltmuseum-2\/\"]}]},{\"@type\":\"ImageObject\",\"inLanguage\":\"nb-NO\",\"@id\":\"https:\/\/beta.bibliotekutvikling.no\/abmdig\/tilgjengeliggjoring\/digitaltmuseum-2\/#primaryimage\",\"url\":\"https:\/\/beta.bibliotekutvikling.no\/content\/uploads\/sites\/14\/2021\/12\/DigitaltMuseum.png\",\"contentUrl\":\"https:\/\/beta.bibliotekutvikling.no\/content\/uploads\/sites\/14\/2021\/12\/DigitaltMuseum.png\",\"width\":1887,\"height\":858,\"caption\":\"Skjermbilde forside Digitalt museum\"},{\"@type\":\"BreadcrumbList\",\"@id\":\"https:\/\/beta.bibliotekutvikling.no\/abmdig\/tilgjengeliggjoring\/digitaltmuseum-2\/#breadcrumb\",\"itemListElement\":[{\"@type\":\"ListItem\",\"position\":1,\"name\":\"Hjem\",\"item\":\"https:\/\/beta.bibliotekutvikling.no\/abmdig\/\"},{\"@type\":\"ListItem\",\"position\":2,\"name\":\"Tilgjengeliggj\u00f8ring\",\"item\":\"https:\/\/beta.bibliotekutvikling.no\/abmdig\/tilgjengeliggjoring\/\"},{\"@type\":\"ListItem\",\"position\":3,\"name\":\"DigitaltMuseum\"}]},{\"@type\":\"WebSite\",\"@id\":\"https:\/\/beta.bibliotekutvikling.no\/abmdig\/#website\",\"url\":\"https:\/\/beta.bibliotekutvikling.no\/abmdig\/\",\"name\":\"Nasjonalbiblioteket | Kulturarvdigitalisering\",\"description\":\"\",\"potentialAction\":[{\"@type\":\"SearchAction\",\"target\":{\"@type\":\"EntryPoint\",\"urlTemplate\":\"https:\/\/beta.bibliotekutvikling.no\/abmdig\/?s={search_term_string}\"},\"query-input\":{\"@type\":\"PropertyValueSpecification\",\"valueRequired\":true,\"valueName\":\"search_term_string\"}}],\"inLanguage\":\"nb-NO\"}]}<\/script>\n<!-- \/ Yoast SEO Premium plugin. -->","yoast_head_json":{"title":"DigitaltMuseum - Kulturarvdigitalisering","description":"Muligheter for tilgjengeliggj\u00f8ring av digitalisert kulturarvmateriale fra ABM-sektoren i museenes publiseringsplattform DigitaltMuseum.","robots":{"index":"index","follow":"follow","max-snippet":"max-snippet:-1","max-image-preview":"max-image-preview:large","max-video-preview":"max-video-preview:-1"},"canonical":"https:\/\/beta.bibliotekutvikling.no\/abmdig\/tilgjengeliggjoring\/digitaltmuseum-2\/","og_locale":"nb_NO","og_type":"article","og_title":"DigitaltMuseum","og_description":"Muligheter for tilgjengeliggj\u00f8ring av digitalisert kulturarvmateriale fra ABM-sektoren i museenes publiseringsplattform DigitaltMuseum.","og_url":"https:\/\/beta.bibliotekutvikling.no\/abmdig\/tilgjengeliggjoring\/digitaltmuseum-2\/","og_site_name":"Kulturarvdigitalisering","article_modified_time":"2022-12-01T10:25:17+00:00","og_image":[{"width":1887,"height":858,"url":"https:\/\/beta.bibliotekutvikling.no\/content\/uploads\/sites\/14\/2021\/12\/DigitaltMuseum.png","type":"image\/png"}],"twitter_card":"summary_large_image","twitter_misc":{"Ansl. lesetid":"2 minutter"},"schema":{"@context":"https:\/\/schema.org","@graph":[{"@type":"WebPage","@id":"https:\/\/beta.bibliotekutvikling.no\/abmdig\/tilgjengeliggjoring\/digitaltmuseum-2\/","url":"https:\/\/beta.bibliotekutvikling.no\/abmdig\/tilgjengeliggjoring\/digitaltmuseum-2\/","name":"DigitaltMuseum - Kulturarvdigitalisering","isPartOf":{"@id":"https:\/\/beta.bibliotekutvikling.no\/abmdig\/#website"},"primaryImageOfPage":{"@id":"https:\/\/beta.bibliotekutvikling.no\/abmdig\/tilgjengeliggjoring\/digitaltmuseum-2\/#primaryimage"},"image":{"@id":"https:\/\/beta.bibliotekutvikling.no\/abmdig\/tilgjengeliggjoring\/digitaltmuseum-2\/#primaryimage"},"thumbnailUrl":"https:\/\/beta.bibliotekutvikling.no\/content\/uploads\/sites\/14\/2021\/12\/DigitaltMuseum.png","datePublished":"2022-01-04T12:37:28+00:00","dateModified":"2022-12-01T10:25:17+00:00","description":"Muligheter for tilgjengeliggj\u00f8ring av digitalisert kulturarvmateriale fra ABM-sektoren i museenes publiseringsplattform DigitaltMuseum.","breadcrumb":{"@id":"https:\/\/beta.bibliotekutvikling.no\/abmdig\/tilgjengeliggjoring\/digitaltmuseum-2\/#breadcrumb"},"inLanguage":"nb-NO","potentialAction":[{"@type":"ReadAction","target":["https:\/\/beta.bibliotekutvikling.no\/abmdig\/tilgjengeliggjoring\/digitaltmuseum-2\/"]}]},{"@type":"ImageObject","inLanguage":"nb-NO","@id":"https:\/\/beta.bibliotekutvikling.no\/abmdig\/tilgjengeliggjoring\/digitaltmuseum-2\/#primaryimage","url":"https:\/\/beta.bibliotekutvikling.no\/content\/uploads\/sites\/14\/2021\/12\/DigitaltMuseum.png","contentUrl":"https:\/\/beta.bibliotekutvikling.no\/content\/uploads\/sites\/14\/2021\/12\/DigitaltMuseum.png","width":1887,"height":858,"caption":"Skjermbilde forside Digitalt museum"},{"@type":"BreadcrumbList","@id":"https:\/\/beta.bibliotekutvikling.no\/abmdig\/tilgjengeliggjoring\/digitaltmuseum-2\/#breadcrumb","itemListElement":[{"@type":"ListItem","position":1,"name":"Hjem","item":"https:\/\/beta.bibliotekutvikling.no\/abmdig\/"},{"@type":"ListItem","position":2,"name":"Tilgjengeliggj\u00f8ring","item":"https:\/\/beta.bibliotekutvikling.no\/abmdig\/tilgjengeliggjoring\/"},{"@type":"ListItem","position":3,"name":"DigitaltMuseum"}]},{"@type":"WebSite","@id":"https:\/\/beta.bibliotekutvikling.no\/abmdig\/#website","url":"https:\/\/beta.bibliotekutvikling.no\/abmdig\/","name":"Nasjonalbiblioteket | Kulturarvdigitalisering","description":"","potentialAction":[{"@type":"SearchAction","target":{"@type":"EntryPoint","urlTemplate":"https:\/\/beta.bibliotekutvikling.no\/abmdig\/?s={search_term_string}"},"query-input":{"@type":"PropertyValueSpecification","valueRequired":true,"valueName":"search_term_string"}}],"inLanguage":"nb-NO"}]}},"_links":{"self":[{"href":"https:\/\/beta.bibliotekutvikling.no\/abmdig\/wp-json\/wp\/v2\/pages\/1781","targetHints":{"allow":["GET"]}}],"collection":[{"href":"https:\/\/beta.bibliotekutvikling.no\/abmdig\/wp-json\/wp\/v2\/pages"}],"about":[{"href":"https:\/\/beta.bibliotekutvikling.no\/abmdig\/wp-json\/wp\/v2\/types\/page"}],"author":[{"embeddable":true,"href":"https:\/\/beta.bibliotekutvikling.no\/abmdig\/wp-json\/wp\/v2\/users\/5213"}],"replies":[{"embeddable":true,"href":"https:\/\/beta.bibliotekutvikling.no\/abmdig\/wp-json\/wp\/v2\/comments?post=1781"}],"version-history":[{"count":5,"href":"https:\/\/beta.bibliotekutvikling.no\/abmdig\/wp-json\/wp\/v2\/pages\/1781\/revisions"}],"predecessor-version":[{"id":2154,"href":"https:\/\/beta.bibliotekutvikling.no\/abmdig\/wp-json\/wp\/v2\/pages\/1781\/revisions\/2154"}],"up":[{"embeddable":true,"href":"https:\/\/beta.bibliotekutvikling.no\/abmdig\/wp-json\/wp\/v2\/pages\/1675"}],"wp:featuredmedia":[{"embeddable":true,"href":"https:\/\/beta.bibliotekutvikling.no\/abmdig\/wp-json\/wp\/v2\/media\/1683"}],"wp:attachment":[{"href":"https:\/\/beta.bibliotekutvikling.no\/abmdig\/wp-json\/wp\/v2\/media?parent=1781"}],"curies":[{"name":"wp","href":"https:\/\/api.w.org\/{rel}","templated":true}]}}