{"id":3340,"date":"2025-01-03T11:27:05","date_gmt":"2025-01-03T10:27:05","guid":{"rendered":"https:\/\/abmdig.no\/?page_id=3340"},"modified":"2025-01-07T08:56:23","modified_gmt":"2025-01-07T07:56:23","slug":"boker-tidsskrift-og-aviser","status":"publish","type":"page","link":"https:\/\/beta.bibliotekutvikling.no\/abmdig\/hvordan-komme-i-gang-med-digitalisering\/boker-tidsskrift-og-aviser\/","title":{"rendered":"B\u00f8ker, tidsskrift og aviser"},"content":{"rendered":"\n<h2 class=\"wp-block-heading has-secondary-background-color has-background\" id=\"h-hvordan-fa-digitalisert-utgitt-skriftlig-materiale-komplettering-av-nbs-samling\">Hvordan f\u00e5 digitalisert utgitt skriftlig materiale &#8211; komplettering av NBs samling<\/h2>\n\n\n\n<p>Nasjonalbiblioteket skal ta vare p\u00e5 alt utgitt materiale, og har Norges st\u00f8rste samling med b\u00f8ker, tidsskrifter og aviser. Selv om vi skal v\u00e6re komplette, s\u00e5 er det dessverre mange hull i samlingen. For \u00e5 fylle disse hullene er vi avhengige av \u00e5 f\u00e5 eller f\u00e5 l\u00e5nt dokumentene vi mangler.&nbsp;Det beste er om vi f\u00e5r overta disse dokumentene, men vi kan ogs\u00e5 l\u00e5ne til digitalisering med retur til eier.<\/p>\n\n\n\n<p><strong>Lurer dere p\u00e5 om det er noe vi mangler?<\/strong><\/p>\n\n\n<ul class=\"t2-link-list has-2-items has-1-columns is-style-default wp-block-t2-link-list\">\n\t<li class=\"t2-link-list-item wp-block-t2-link-list-item\">\n\t\t<a\n\t\t\thref=\"https:\/\/bibsys-almaprimo.hosted.exlibrisgroup.com\/primo-explore\/search?vid=NB\"\n\t\t\tclass=\"t2-link-list-item__link t2-link-list__icon--right\"\n\t\t\t\t\t>\n\t\t\t<span class=\"t2-link-list-item__icon\"><span class=\"t2-link-list-item__icon-box\"><\/span><svg xmlns=\"http:\/\/www.w3.org\/2000\/svg\" viewBox=\"0 0 24 24\" height=\"24\" width=\"24\" class=\"t2-icon t2-icon-external\" aria-hidden=\"true\" focusable=\"false\"><path d=\"M19 19H5V5h7V3H3v18h18v-9h-2v7zM14 3v2h3.6l-9.8 9.8 1.4 1.4L19 6.4V10h2V3h-7z\"\/><\/svg><\/span>\t\t\t<div class=\"t2-link-list-item__content\">\n\n\t\t\t\t\n\t\t\t\t<span id=\"link-list-item-text\" class=\"t2-link-list-item__text\">\n\t\t\t\t\tSjekk Oria, NBs katalog over tykte og digitale samlinger\t\t\t\t<\/span>\n\t\t\t\t\t\t\t<\/div>\n\t\t<\/a>\n\t<\/li>\n\t\n\n\t<li class=\"t2-link-list-item wp-block-t2-link-list-item\">\n\t\t<a\n\t\t\thref=\"https:\/\/depotbiblioteket.no\/cgi-bin\/m2\"\n\t\t\tclass=\"t2-link-list-item__link t2-link-list__icon--right\"\n\t\t\t\t\t>\n\t\t\t<span class=\"t2-link-list-item__icon\"><span class=\"t2-link-list-item__icon-box\"><\/span><svg xmlns=\"http:\/\/www.w3.org\/2000\/svg\" viewBox=\"0 0 24 24\" height=\"24\" width=\"24\" class=\"t2-icon t2-icon-external\" aria-hidden=\"true\" focusable=\"false\"><path d=\"M19 19H5V5h7V3H3v18h18v-9h-2v7zM14 3v2h3.6l-9.8 9.8 1.4 1.4L19 6.4V10h2V3h-7z\"\/><\/svg><\/span>\t\t\t<div class=\"t2-link-list-item__content\">\n\n\t\t\t\t\n\t\t\t\t<span id=\"link-list-item-text-1\" class=\"t2-link-list-item__text\">\n\t\t\t\t\tSjekk Depotbibliotekets katalog\t\t\t\t<\/span>\n\t\t\t\t\t\t\t<\/div>\n\t\t<\/a>\n\t<\/li>\n\t\n<\/ul>\n\n\n<p>Har dere dokumenter dere \u00f8nsker at NB skal digitalisere, l\u00e5ne eller overta? Da \u00f8nsker vi en henvendelse til <strong><a href=\"mailto:kulturarv@nb.no\">kulturarv@nb.no<\/a><\/strong> med informasjon om f\u00f8lgende: <\/p>\n\n\n\n<ul class=\"wp-block-list\">\n<li>tittel<\/li>\n\n\n\n<li>forfatter<\/li>\n\n\n\n<li>utgiver<\/li>\n\n\n\n<li>utgivelses\u00e5r<\/li>\n<\/ul>\n\n\n\n<p>Dersom dere har mye materiale og har mulighet for \u00e5 generere lister maskinelt, er det ogs\u00e5 \u00f8nskelig \u00e5 f\u00e5 med <em>spr\u00e5kkode, utgave<\/em> og <em>sideantall<\/em>. Dersom dere eksporterer fra Alma er det fint om ogs\u00e5 <em>Network-MMS ID<\/em> tas med. Vi tar som hovedregel ikke imot utenlandsk materiale, med unntak for Norvegica extranea.  <\/p>\n\n\n\n<h2 class=\"wp-block-heading\" id=\"h-avtaler-om-apning-pa-nb-no\">Avtaler om \u00e5pning p\u00e5 nb.no<\/h2>\n\n\n\n<p>Digitaliseringsk\u00f8en er lang for aviser og tidsskrifter, og vi \u00f8nsker \u00e5 prioritere materiale som kan gj\u00f8res tilgjengelig for allmennheten. Vi kan inng\u00e5 avtaler med ulik grad av \u00e5pning, men vi har noen standardavtaler som utgangspunkt. Les mer om <a href=\"https:\/\/abmdig.no\/senter-for-kulturarvdigitalisering\/praktisk-gjennomforing\/avtaler\/\">v\u00e5re avtaler<\/a> og ta kontakt dersom det kan v\u00e6re aktuelt for dere \u00e5 inng\u00e5 avtale om \u00e5pning for deres materiale.<\/p>\n\n\n<ul class=\"t2-link-list has-5-items has-1-columns wp-block-t2-link-list\">\n\t<li class=\"t2-link-list-item wp-block-t2-link-list-item\">\n\t\t<a\n\t\t\thref=\"https:\/\/www.nb.no\/search?mediatype=aviser\"\n\t\t\tclass=\"t2-link-list-item__link t2-link-list__icon--right\"\n\t\t\t\t\t>\n\t\t\t<span class=\"t2-link-list-item__icon\"><span class=\"t2-link-list-item__icon-box\"><\/span><svg xmlns=\"http:\/\/www.w3.org\/2000\/svg\" viewBox=\"0 0 24 24\" height=\"24\" width=\"24\" class=\"t2-icon t2-icon-external\" aria-hidden=\"true\" focusable=\"false\"><path d=\"M19 19H5V5h7V3H3v18h18v-9h-2v7zM14 3v2h3.6l-9.8 9.8 1.4 1.4L19 6.4V10h2V3h-7z\"\/><\/svg><\/span>\t\t\t<div class=\"t2-link-list-item__content\">\n\n\t\t\t\t\n\t\t\t\t<span id=\"link-list-item-text-2\" class=\"t2-link-list-item__text\">\n\t\t\t\t\tAviser i nettbiblioteket\t\t\t\t<\/span>\n\t\t\t\t\t\t\t<\/div>\n\t\t<\/a>\n\t<\/li>\n\t\n\n\t<li class=\"t2-link-list-item wp-block-t2-link-list-item\">\n\t\t<a\n\t\t\thref=\"https:\/\/www.nb.no\/search?mediatype=tidsskrift\"\n\t\t\tclass=\"t2-link-list-item__link t2-link-list__icon--right\"\n\t\t\t\t\t>\n\t\t\t<span class=\"t2-link-list-item__icon\"><span class=\"t2-link-list-item__icon-box\"><\/span><svg xmlns=\"http:\/\/www.w3.org\/2000\/svg\" viewBox=\"0 0 24 24\" height=\"24\" width=\"24\" class=\"t2-icon t2-icon-external\" aria-hidden=\"true\" focusable=\"false\"><path d=\"M19 19H5V5h7V3H3v18h18v-9h-2v7zM14 3v2h3.6l-9.8 9.8 1.4 1.4L19 6.4V10h2V3h-7z\"\/><\/svg><\/span>\t\t\t<div class=\"t2-link-list-item__content\">\n\n\t\t\t\t\n\t\t\t\t<span id=\"link-list-item-text-3\" class=\"t2-link-list-item__text\">\n\t\t\t\t\tTidsskrift i nettbiblioteket\t\t\t\t<\/span>\n\t\t\t\t\t\t\t<\/div>\n\t\t<\/a>\n\t<\/li>\n\t\n\n\t<li class=\"t2-link-list-item wp-block-t2-link-list-item\">\n\t\t<a\n\t\t\thref=\"https:\/\/www.nb.no\/search?mediatype=b%C3%B8ker\"\n\t\t\tclass=\"t2-link-list-item__link t2-link-list__icon--right\"\n\t\t\t\t\t>\n\t\t\t<span class=\"t2-link-list-item__icon\"><span class=\"t2-link-list-item__icon-box\"><\/span><svg xmlns=\"http:\/\/www.w3.org\/2000\/svg\" viewBox=\"0 0 24 24\" height=\"24\" width=\"24\" class=\"t2-icon t2-icon-external\" aria-hidden=\"true\" focusable=\"false\"><path d=\"M19 19H5V5h7V3H3v18h18v-9h-2v7zM14 3v2h3.6l-9.8 9.8 1.4 1.4L19 6.4V10h2V3h-7z\"\/><\/svg><\/span>\t\t\t<div class=\"t2-link-list-item__content\">\n\n\t\t\t\t\n\t\t\t\t<span id=\"link-list-item-text-4\" class=\"t2-link-list-item__text\">\n\t\t\t\t\tB\u00f8ker i nettbiblioteket\t\t\t\t<\/span>\n\t\t\t\t\t\t\t<\/div>\n\t\t<\/a>\n\t<\/li>\n\t\n\n\t<li class=\"t2-link-list-item wp-block-t2-link-list-item\">\n\t\t<a\n\t\t\thref=\"https:\/\/abmdig.no\/kontakt-oss\/\"\n\t\t\tclass=\"t2-link-list-item__link t2-link-list__icon--right\"\n\t\t\t\t\t>\n\t\t\t<span class=\"t2-link-list-item__icon\"><span class=\"t2-link-list-item__icon-box\"><\/span><svg xmlns=\"http:\/\/www.w3.org\/2000\/svg\" viewBox=\"0 0 24 24\" height=\"24\" width=\"24\" class=\"t2-icon t2-icon-external\" aria-hidden=\"true\" focusable=\"false\"><path d=\"M19 19H5V5h7V3H3v18h18v-9h-2v7zM14 3v2h3.6l-9.8 9.8 1.4 1.4L19 6.4V10h2V3h-7z\"\/><\/svg><\/span>\t\t\t<div class=\"t2-link-list-item__content\">\n\n\t\t\t\t\n\t\t\t\t<span id=\"link-list-item-text-5\" class=\"t2-link-list-item__text\">\n\t\t\t\t\tKontakt Senter for kulturarvdigitalisering\t\t\t\t<\/span>\n\t\t\t\t\t\t\t<\/div>\n\t\t<\/a>\n\t<\/li>\n\t\n\n\t<li class=\"t2-link-list-item wp-block-t2-link-list-item\">\n\t\t<a\n\t\t\thref=\"https:\/\/abmdig.no\/senter-for-kulturarvdigitalisering\/praktisk-gjennomforing\/avtaler\/\"\n\t\t\tclass=\"t2-link-list-item__link t2-link-list__icon--right\"\n\t\t\t\t\t>\n\t\t\t<span class=\"t2-link-list-item__icon\"><span class=\"t2-link-list-item__icon-box\"><\/span><svg xmlns=\"http:\/\/www.w3.org\/2000\/svg\" viewBox=\"0 0 24 24\" height=\"24\" width=\"24\" class=\"t2-icon t2-icon-external\" aria-hidden=\"true\" focusable=\"false\"><path d=\"M19 19H5V5h7V3H3v18h18v-9h-2v7zM14 3v2h3.6l-9.8 9.8 1.4 1.4L19 6.4V10h2V3h-7z\"\/><\/svg><\/span>\t\t\t<div class=\"t2-link-list-item__content\">\n\n\t\t\t\t\n\t\t\t\t<span id=\"link-list-item-text-6\" class=\"t2-link-list-item__text\">\n\t\t\t\t\tSe v\u00e5re standardavtaler\t\t\t\t<\/span>\n\t\t\t\t\t\t\t<\/div>\n\t\t<\/a>\n\t<\/li>\n\t\n<\/ul>\n\n<div class=\"t2-featured-single-post t2-featured-content is-post-type-page is-style-small wp-block-t2-featured-single-post has-background has-background-background-color\"><a class=\"nb-post-link  wp-block-nb-post-link\" href=\"https:\/\/beta.bibliotekutvikling.no\/abmdig\/senter-for-kulturarvdigitalisering\/praktisk-gjennomforing\/materiale-som-omfattes\/digitalisering-av-boker-tidsskrift-og-aviser\/\">\n<figure class=\"nb-post-featured-image has-image-ratio-16-9 wp-block-nb-post-featured-image\"><img loading=\"lazy\" decoding=\"async\" width=\"768\" height=\"680\" src=\"https:\/\/beta.bibliotekutvikling.no\/content\/uploads\/sites\/14\/2020\/08\/bok1-768x680.jpg\" class=\"attachment-medium_large size-medium_large wp-post-image\" alt=\"Bokdigitalisering\" srcset=\"https:\/\/beta.bibliotekutvikling.no\/content\/uploads\/sites\/14\/2020\/08\/bok1-768x680.jpg 768w, https:\/\/beta.bibliotekutvikling.no\/content\/uploads\/sites\/14\/2020\/08\/bok1-300x266.jpg 300w, https:\/\/beta.bibliotekutvikling.no\/content\/uploads\/sites\/14\/2020\/08\/bok1-1024x907.jpg 1024w, https:\/\/beta.bibliotekutvikling.no\/content\/uploads\/sites\/14\/2020\/08\/bok1-1536x1361.jpg 1536w, https:\/\/beta.bibliotekutvikling.no\/content\/uploads\/sites\/14\/2020\/08\/bok1.jpg 1920w\" sizes=\"auto, (min-width: 1200px) 384px, (min-width: 700px) 33vw, 350px\" \/><\/figure>\n\n<div class=\"wp-block-group alignfull is-layout-flow wp-block-group-is-layout-flow\">\n\t\n\t<h2 class=\"t2-post-title wp-block-t2-post-title\">Digitalisering av b\u00f8ker, tidsskrift og aviser<\/h2>\n\t\n\t\n\t\n<\/div>\n\n<\/a>\n<\/div>","protected":false},"excerpt":{"rendered":"","protected":false},"author":5213,"featured_media":3438,"parent":3422,"menu_order":0,"comment_status":"closed","ping_status":"closed","template":"","meta":{"nb_hide_title":false,"sub_navigation_option":"","sub_navigation_custom_items":[],"footnotes":""},"class_list":["post-3340","page","type-page","status-publish","has-post-thumbnail","hentry"],"yoast_head":"<!-- This site is optimized with the Yoast SEO Premium plugin v27.1 (Yoast SEO v27.1.1) - https:\/\/yoast.com\/product\/yoast-seo-premium-wordpress\/ -->\n<title>B\u00f8ker, tidsskrift og aviser - Kulturarvdigitalisering<\/title>\n<meta name=\"description\" content=\"Nasjonalbiblioteket skal ta vare p\u00e5 alt utgitt materiale, og har Norges st\u00f8rste samling med b\u00f8ker, tidsskrifter og aviser. Selv om vi skal v\u00e6re komplette, s\u00e5 er det dessverre mange hull i samlingen. For \u00e5 fylle disse hullene er vi avhengige av \u00e5 f\u00e5 eller f\u00e5 l\u00e5nt dokumentene vi mangler.\" \/>\n<meta name=\"robots\" content=\"index, follow, max-snippet:-1, max-image-preview:large, max-video-preview:-1\" \/>\n<link rel=\"canonical\" href=\"https:\/\/beta.bibliotekutvikling.no\/abmdig\/hvordan-komme-i-gang-med-digitalisering\/boker-tidsskrift-og-aviser\/\" \/>\n<meta property=\"og:locale\" content=\"nb_NO\" \/>\n<meta property=\"og:type\" content=\"article\" \/>\n<meta property=\"og:title\" content=\"B\u00f8ker, tidsskrift og aviser\" \/>\n<meta property=\"og:description\" content=\"Nasjonalbiblioteket skal ta vare p\u00e5 alt utgitt materiale, og har Norges st\u00f8rste samling med b\u00f8ker, tidsskrifter og aviser. Selv om vi skal v\u00e6re komplette, s\u00e5 er det dessverre mange hull i samlingen. For \u00e5 fylle disse hullene er vi avhengige av \u00e5 f\u00e5 eller f\u00e5 l\u00e5nt dokumentene vi mangler.\" \/>\n<meta property=\"og:url\" content=\"https:\/\/beta.bibliotekutvikling.no\/abmdig\/hvordan-komme-i-gang-med-digitalisering\/boker-tidsskrift-og-aviser\/\" \/>\n<meta property=\"og:site_name\" content=\"Kulturarvdigitalisering\" \/>\n<meta property=\"article:modified_time\" content=\"2025-01-07T07:56:23+00:00\" \/>\n<meta property=\"og:image\" content=\"https:\/\/beta.bibliotekutvikling.no\/content\/uploads\/sites\/14\/2025\/01\/20150303-nb-avisbind-032.jpg\" \/>\n\t<meta property=\"og:image:width\" content=\"1600\" \/>\n\t<meta property=\"og:image:height\" content=\"988\" \/>\n\t<meta property=\"og:image:type\" content=\"image\/jpeg\" \/>\n<meta name=\"twitter:card\" content=\"summary_large_image\" \/>\n<meta name=\"twitter:label1\" content=\"Ansl. lesetid\" \/>\n\t<meta name=\"twitter:data1\" content=\"2 minutter\" \/>\n<script type=\"application\/ld+json\" class=\"yoast-schema-graph\">{\"@context\":\"https:\/\/schema.org\",\"@graph\":[{\"@type\":\"WebPage\",\"@id\":\"https:\/\/beta.bibliotekutvikling.no\/abmdig\/hvordan-komme-i-gang-med-digitalisering\/boker-tidsskrift-og-aviser\/\",\"url\":\"https:\/\/beta.bibliotekutvikling.no\/abmdig\/hvordan-komme-i-gang-med-digitalisering\/boker-tidsskrift-og-aviser\/\",\"name\":\"B\u00f8ker, tidsskrift og aviser - Kulturarvdigitalisering\",\"isPartOf\":{\"@id\":\"https:\/\/beta.bibliotekutvikling.no\/abmdig\/#website\"},\"primaryImageOfPage\":{\"@id\":\"https:\/\/beta.bibliotekutvikling.no\/abmdig\/hvordan-komme-i-gang-med-digitalisering\/boker-tidsskrift-og-aviser\/#primaryimage\"},\"image\":{\"@id\":\"https:\/\/beta.bibliotekutvikling.no\/abmdig\/hvordan-komme-i-gang-med-digitalisering\/boker-tidsskrift-og-aviser\/#primaryimage\"},\"thumbnailUrl\":\"https:\/\/beta.bibliotekutvikling.no\/content\/uploads\/sites\/14\/2025\/01\/20150303-nb-avisbind-032.jpg\",\"datePublished\":\"2025-01-03T10:27:05+00:00\",\"dateModified\":\"2025-01-07T07:56:23+00:00\",\"description\":\"Nasjonalbiblioteket skal ta vare p\u00e5 alt utgitt materiale, og har Norges st\u00f8rste samling med b\u00f8ker, tidsskrifter og aviser. Selv om vi skal v\u00e6re komplette, s\u00e5 er det dessverre mange hull i samlingen. For \u00e5 fylle disse hullene er vi avhengige av \u00e5 f\u00e5 eller f\u00e5 l\u00e5nt dokumentene vi mangler.\",\"breadcrumb\":{\"@id\":\"https:\/\/beta.bibliotekutvikling.no\/abmdig\/hvordan-komme-i-gang-med-digitalisering\/boker-tidsskrift-og-aviser\/#breadcrumb\"},\"inLanguage\":\"nb-NO\",\"potentialAction\":[{\"@type\":\"ReadAction\",\"target\":[\"https:\/\/beta.bibliotekutvikling.no\/abmdig\/hvordan-komme-i-gang-med-digitalisering\/boker-tidsskrift-og-aviser\/\"]}]},{\"@type\":\"ImageObject\",\"inLanguage\":\"nb-NO\",\"@id\":\"https:\/\/beta.bibliotekutvikling.no\/abmdig\/hvordan-komme-i-gang-med-digitalisering\/boker-tidsskrift-og-aviser\/#primaryimage\",\"url\":\"https:\/\/beta.bibliotekutvikling.no\/content\/uploads\/sites\/14\/2025\/01\/20150303-nb-avisbind-032.jpg\",\"contentUrl\":\"https:\/\/beta.bibliotekutvikling.no\/content\/uploads\/sites\/14\/2025\/01\/20150303-nb-avisbind-032.jpg\",\"width\":1600,\"height\":988,\"caption\":\"avisbind\"},{\"@type\":\"BreadcrumbList\",\"@id\":\"https:\/\/beta.bibliotekutvikling.no\/abmdig\/hvordan-komme-i-gang-med-digitalisering\/boker-tidsskrift-og-aviser\/#breadcrumb\",\"itemListElement\":[{\"@type\":\"ListItem\",\"position\":1,\"name\":\"Hjem\",\"item\":\"https:\/\/beta.bibliotekutvikling.no\/abmdig\/\"},{\"@type\":\"ListItem\",\"position\":2,\"name\":\"Hvordan komme i gang med digitalisering\",\"item\":\"https:\/\/beta.bibliotekutvikling.no\/abmdig\/hvordan-komme-i-gang-med-digitalisering\/\"},{\"@type\":\"ListItem\",\"position\":3,\"name\":\"B\u00f8ker, tidsskrift og aviser\"}]},{\"@type\":\"WebSite\",\"@id\":\"https:\/\/beta.bibliotekutvikling.no\/abmdig\/#website\",\"url\":\"https:\/\/beta.bibliotekutvikling.no\/abmdig\/\",\"name\":\"Nasjonalbiblioteket | Kulturarvdigitalisering\",\"description\":\"\",\"potentialAction\":[{\"@type\":\"SearchAction\",\"target\":{\"@type\":\"EntryPoint\",\"urlTemplate\":\"https:\/\/beta.bibliotekutvikling.no\/abmdig\/?s={search_term_string}\"},\"query-input\":{\"@type\":\"PropertyValueSpecification\",\"valueRequired\":true,\"valueName\":\"search_term_string\"}}],\"inLanguage\":\"nb-NO\"}]}<\/script>\n<!-- \/ Yoast SEO Premium plugin. -->","yoast_head_json":{"title":"B\u00f8ker, tidsskrift og aviser - Kulturarvdigitalisering","description":"Nasjonalbiblioteket skal ta vare p\u00e5 alt utgitt materiale, og har Norges st\u00f8rste samling med b\u00f8ker, tidsskrifter og aviser. Selv om vi skal v\u00e6re komplette, s\u00e5 er det dessverre mange hull i samlingen. For \u00e5 fylle disse hullene er vi avhengige av \u00e5 f\u00e5 eller f\u00e5 l\u00e5nt dokumentene vi mangler.","robots":{"index":"index","follow":"follow","max-snippet":"max-snippet:-1","max-image-preview":"max-image-preview:large","max-video-preview":"max-video-preview:-1"},"canonical":"https:\/\/beta.bibliotekutvikling.no\/abmdig\/hvordan-komme-i-gang-med-digitalisering\/boker-tidsskrift-og-aviser\/","og_locale":"nb_NO","og_type":"article","og_title":"B\u00f8ker, tidsskrift og aviser","og_description":"Nasjonalbiblioteket skal ta vare p\u00e5 alt utgitt materiale, og har Norges st\u00f8rste samling med b\u00f8ker, tidsskrifter og aviser. Selv om vi skal v\u00e6re komplette, s\u00e5 er det dessverre mange hull i samlingen. For \u00e5 fylle disse hullene er vi avhengige av \u00e5 f\u00e5 eller f\u00e5 l\u00e5nt dokumentene vi mangler.","og_url":"https:\/\/beta.bibliotekutvikling.no\/abmdig\/hvordan-komme-i-gang-med-digitalisering\/boker-tidsskrift-og-aviser\/","og_site_name":"Kulturarvdigitalisering","article_modified_time":"2025-01-07T07:56:23+00:00","og_image":[{"width":1600,"height":988,"url":"https:\/\/beta.bibliotekutvikling.no\/content\/uploads\/sites\/14\/2025\/01\/20150303-nb-avisbind-032.jpg","type":"image\/jpeg"}],"twitter_card":"summary_large_image","twitter_misc":{"Ansl. lesetid":"2 minutter"},"schema":{"@context":"https:\/\/schema.org","@graph":[{"@type":"WebPage","@id":"https:\/\/beta.bibliotekutvikling.no\/abmdig\/hvordan-komme-i-gang-med-digitalisering\/boker-tidsskrift-og-aviser\/","url":"https:\/\/beta.bibliotekutvikling.no\/abmdig\/hvordan-komme-i-gang-med-digitalisering\/boker-tidsskrift-og-aviser\/","name":"B\u00f8ker, tidsskrift og aviser - Kulturarvdigitalisering","isPartOf":{"@id":"https:\/\/beta.bibliotekutvikling.no\/abmdig\/#website"},"primaryImageOfPage":{"@id":"https:\/\/beta.bibliotekutvikling.no\/abmdig\/hvordan-komme-i-gang-med-digitalisering\/boker-tidsskrift-og-aviser\/#primaryimage"},"image":{"@id":"https:\/\/beta.bibliotekutvikling.no\/abmdig\/hvordan-komme-i-gang-med-digitalisering\/boker-tidsskrift-og-aviser\/#primaryimage"},"thumbnailUrl":"https:\/\/beta.bibliotekutvikling.no\/content\/uploads\/sites\/14\/2025\/01\/20150303-nb-avisbind-032.jpg","datePublished":"2025-01-03T10:27:05+00:00","dateModified":"2025-01-07T07:56:23+00:00","description":"Nasjonalbiblioteket skal ta vare p\u00e5 alt utgitt materiale, og har Norges st\u00f8rste samling med b\u00f8ker, tidsskrifter og aviser. Selv om vi skal v\u00e6re komplette, s\u00e5 er det dessverre mange hull i samlingen. For \u00e5 fylle disse hullene er vi avhengige av \u00e5 f\u00e5 eller f\u00e5 l\u00e5nt dokumentene vi mangler.","breadcrumb":{"@id":"https:\/\/beta.bibliotekutvikling.no\/abmdig\/hvordan-komme-i-gang-med-digitalisering\/boker-tidsskrift-og-aviser\/#breadcrumb"},"inLanguage":"nb-NO","potentialAction":[{"@type":"ReadAction","target":["https:\/\/beta.bibliotekutvikling.no\/abmdig\/hvordan-komme-i-gang-med-digitalisering\/boker-tidsskrift-og-aviser\/"]}]},{"@type":"ImageObject","inLanguage":"nb-NO","@id":"https:\/\/beta.bibliotekutvikling.no\/abmdig\/hvordan-komme-i-gang-med-digitalisering\/boker-tidsskrift-og-aviser\/#primaryimage","url":"https:\/\/beta.bibliotekutvikling.no\/content\/uploads\/sites\/14\/2025\/01\/20150303-nb-avisbind-032.jpg","contentUrl":"https:\/\/beta.bibliotekutvikling.no\/content\/uploads\/sites\/14\/2025\/01\/20150303-nb-avisbind-032.jpg","width":1600,"height":988,"caption":"avisbind"},{"@type":"BreadcrumbList","@id":"https:\/\/beta.bibliotekutvikling.no\/abmdig\/hvordan-komme-i-gang-med-digitalisering\/boker-tidsskrift-og-aviser\/#breadcrumb","itemListElement":[{"@type":"ListItem","position":1,"name":"Hjem","item":"https:\/\/beta.bibliotekutvikling.no\/abmdig\/"},{"@type":"ListItem","position":2,"name":"Hvordan komme i gang med digitalisering","item":"https:\/\/beta.bibliotekutvikling.no\/abmdig\/hvordan-komme-i-gang-med-digitalisering\/"},{"@type":"ListItem","position":3,"name":"B\u00f8ker, tidsskrift og aviser"}]},{"@type":"WebSite","@id":"https:\/\/beta.bibliotekutvikling.no\/abmdig\/#website","url":"https:\/\/beta.bibliotekutvikling.no\/abmdig\/","name":"Nasjonalbiblioteket | Kulturarvdigitalisering","description":"","potentialAction":[{"@type":"SearchAction","target":{"@type":"EntryPoint","urlTemplate":"https:\/\/beta.bibliotekutvikling.no\/abmdig\/?s={search_term_string}"},"query-input":{"@type":"PropertyValueSpecification","valueRequired":true,"valueName":"search_term_string"}}],"inLanguage":"nb-NO"}]}},"_links":{"self":[{"href":"https:\/\/beta.bibliotekutvikling.no\/abmdig\/wp-json\/wp\/v2\/pages\/3340","targetHints":{"allow":["GET"]}}],"collection":[{"href":"https:\/\/beta.bibliotekutvikling.no\/abmdig\/wp-json\/wp\/v2\/pages"}],"about":[{"href":"https:\/\/beta.bibliotekutvikling.no\/abmdig\/wp-json\/wp\/v2\/types\/page"}],"author":[{"embeddable":true,"href":"https:\/\/beta.bibliotekutvikling.no\/abmdig\/wp-json\/wp\/v2\/users\/5213"}],"replies":[{"embeddable":true,"href":"https:\/\/beta.bibliotekutvikling.no\/abmdig\/wp-json\/wp\/v2\/comments?post=3340"}],"version-history":[{"count":4,"href":"https:\/\/beta.bibliotekutvikling.no\/abmdig\/wp-json\/wp\/v2\/pages\/3340\/revisions"}],"predecessor-version":[{"id":3538,"href":"https:\/\/beta.bibliotekutvikling.no\/abmdig\/wp-json\/wp\/v2\/pages\/3340\/revisions\/3538"}],"up":[{"embeddable":true,"href":"https:\/\/beta.bibliotekutvikling.no\/abmdig\/wp-json\/wp\/v2\/pages\/3422"}],"wp:featuredmedia":[{"embeddable":true,"href":"https:\/\/beta.bibliotekutvikling.no\/abmdig\/wp-json\/wp\/v2\/media\/3438"}],"wp:attachment":[{"href":"https:\/\/beta.bibliotekutvikling.no\/abmdig\/wp-json\/wp\/v2\/media?parent=3340"}],"curies":[{"name":"wp","href":"https:\/\/api.w.org\/{rel}","templated":true}]}}