{"id":3420,"date":"2025-01-03T14:34:24","date_gmt":"2025-01-03T13:34:24","guid":{"rendered":"https:\/\/abmdig.no\/?page_id=3420"},"modified":"2025-01-07T08:57:04","modified_gmt":"2025-01-07T07:57:04","slug":"foto","status":"publish","type":"page","link":"https:\/\/beta.bibliotekutvikling.no\/abmdig\/hvordan-komme-i-gang-med-digitalisering\/foto\/","title":{"rendered":"Foto"},"content":{"rendered":"\n<h2 class=\"wp-block-heading has-secondary-background-color has-background\" id=\"h-hvordan-fa-digitalisert-foto\">Hvordan f\u00e5 digitalisert foto<\/h2>\n\n\n\n<p>For digitalisering av fotografisk materiale har Nasjonalbiblioteket flere ulike <a href=\"https:\/\/abmdig.no\/senter-for-kulturarvdigitalisering\/praktisk-gjennomforing\/materiale-som-omfattes\/digitalisering-av-fotografisk-materiale\/\">digitaliseringsl\u00f8yper<\/a>, som alle har ulik kapasitet. N\u00e5r, og hvor mye materiale vi kan motta fra dere, avhenger av flere faktorer, men format og registreringsniv\u00e5 er avgj\u00f8rende for hvilken l\u00f8ype som kan brukes.<\/p>\n\n\n\n<p>Det er derfor viktig at vi i f\u00f8rste omgang mottar en grundig beskrivelse av materialet som \u00f8nskes digitalisert for \u00e5 kunne vurdere hva vi kan ta inn, og hva som eventuelt kreves av forarbeid hos dere. Ta gjerne utgangspunkt i f\u00f8lgende punkter:<\/p>\n\n\n\n<ul class=\"wp-block-list\">\n<li>Kort&nbsp;<strong>samlingshistorikk<\/strong>&nbsp;og litt om&nbsp;<strong>innholdet<\/strong>&nbsp;i samlingen.<\/li>\n\n\n\n<li>Hvilke&nbsp;<strong>formater<\/strong>&nbsp;best\u00e5r materialet dere \u00f8nsker digitalisert av?<\/li>\n\n\n\n<li><strong>Hvor mye materiale<\/strong>&nbsp;\u00f8nsker dere \u00e5 f\u00e5 digitalisert? (ca. antall b\u00f8r ansl\u00e5s)<\/li>\n\n\n\n<li>Informasjon om&nbsp;<strong>materialets ordning\/arkivn\u00f8kkel\/nummerering<\/strong> og annen relevant metadata.  <\/li>\n\n\n\n<li>Hvilken <strong>emballasje<\/strong> ligger materialet i n\u00e5 og er det \u00f8nsker\/planer om omemballering?<\/li>\n\n\n\n<li>Legg gjerne med <strong>bilder<\/strong> som viser emballering og ordning<\/li>\n\n\n\n<li>Hvordan er&nbsp;<strong>bevaringstilstanden<\/strong>? (mugg\/skade\/st\u00f8v\/insekter\/eddiksyndrom osv.)<\/li>\n\n\n\n<li>Hvordan har materialet v\u00e6rt&nbsp;<strong>lagret<\/strong>? (loft\/kjeller\/garasje\/kontor\/magasin osv)<\/li>\n\n\n\n<li>Hva \u00f8nsker dere skal skje med materialet n\u00e5r det er digitalisert \u2013 retur eller bevaring i Nasjonalbiblioteket? <strong>Avtale<\/strong> m\u00e5 inng\u00e5s f\u00f8r sending, se p\u00e5&nbsp;<strong><a href=\"https:\/\/abmdig.no\/praktisk-gjennomforing\/avtaler\/\" target=\"_blank\" rel=\"noreferrer noopener\">v\u00e5re standardavtaler<\/a><\/strong>&nbsp;og avgj\u00f8r hvilken som passer for dere.<\/li>\n<\/ul>\n\n\n\n<p>Informasjon om ordning\/arkivn\u00f8kkel\/nummerering er spesielt viktig i planleggingen av hvilken metodikk som m\u00e5 brukes i klargj\u00f8ringsarbeidet og for \u00e5 avgj\u00f8re hvilken digitaliseringsl\u00f8ype materialet passer i. Beskrivelsen av materialet b\u00f8r helst v\u00e6re supplert med bilder som illustrerer de ulike elementene. <\/p>\n\n\n\n<p><strong>Beskrivelsen sendes p\u00e5 e-post til <a href=\"mailto:kulturarv@nb.no\">kulturarv@nb.no<\/a><\/strong><\/p>\n\n\n\n<h2 class=\"wp-block-heading\" id=\"h-dialog\">Dialog<\/h2>\n\n\n\n<p>N\u00e5r vi mottar henvendelsen gj\u00f8r vi f\u00f8rst en intern vurdering p\u00e5 hvor denne samlingen kan prioriteres inn, og eventuelt n\u00e5r. Vi avgj\u00f8r s\u00e5 videre klargj\u00f8ring og forsendelse av materialet i dialog med samlingsforvalter.<\/p>\n\n\n\n<p>Foto skiller seg fra annet materiale p\u00e5 den m\u00e5ten at nesten hver samling, eller del av samling, som \u00f8nskes digitalisert krever en hel del dialog f\u00f8r alle parter har klart for seg hva som blir veien mot \u00e5 f\u00e5 materialet digitalisert. Mye av dialogen handler om \u00e5 finne den mest effektive digitaliseringsmetoden, samtidig som samlingens ordning og metadata blir ivaretatt. <\/p>\n\n\n\n<p>Nasjonalbibliotekets oppdrag med digitalisering av kulturarven inneb\u00e6rer lite arbeid med metadata, men vi m\u00e5 likevel s\u00f8rge for at ordningen i materialet videref\u00f8res p\u00e5 et tilstrekkelig niv\u00e5 slik at etterarbeidet hos samlingsforvalter blir overkommelig. <\/p>\n\n\n\n<p>Det finnes mye foto i ABM-sektoren i Norge, og vi etterstreber \u00e5 fordele  digitaliseringskapasiteten og f\u00f8lger noen <a href=\"https:\/\/abmdig.no\/senter-for-kulturarvdigitalisering\/praktisk-gjennomforing\/prioriteringer\/\">prioriteringsfaktorer<\/a>. Det er et viktig aspekt at det er ABM-institusjonene selv som m\u00e5 prioritere innenfor egen samling, s\u00e5 kan vi styre hva vi kan ta imot av formater og antall. <\/p>\n\n\n\n<h2 class=\"wp-block-heading\" id=\"h-forarbeid-klargjoring\">Forarbeid\/klargj\u00f8ring<\/h2>\n\n\n\n<p>I dialogen om hvordan det \u00f8nskede materialet skal digitaliseres blir vi ogs\u00e5 enige om det skal gj\u00f8res noe forarbeid\/klargj\u00f8ring hos dere f\u00f8r materialet sendes til oss. Det kan inneb\u00e6re rydding\/sortering, omemballering, registrering, pakking osv. Det vil variere fra samling til samling hva som er n\u00f8dvendig av forarbeid. <\/p>\n\n\n\n<p>N\u00e5r vi er enige om hva som kan sendes til digitalisering registreres forsendelsen i v\u00e5rt system og det genereres et s\u00e5kalt &laquo;f\u00f8lgebrev&raquo; som dere f\u00e5r tilsendt p\u00e5 e-post. Dette m\u00e5 skrives ut og legges i alle kasser med materiale. Etter dialog blir vi enige om det er hensiktsmessig med flere ulike f\u00f8lgebrev dersom det sendes ulike delsamlinger\/materialtyper.<\/p>\n\n\n\n<p>Nasjonalbiblioteket mottar mye post og materiale i ulike formater hver dag. F\u00f8lgebrevet er viktig for at vi lett skal identifisere og sende materialet raskt videre dit det skal. <\/p>\n\n\n\n<figure class=\"wp-block-image size-large\"><img loading=\"lazy\" decoding=\"async\" width=\"1024\" height=\"683\" src=\"https:\/\/bibliotekutvikling.no\/content\/uploads\/sites\/14\/2021\/02\/DSC3292-1024x683.jpg\" alt=\"Strekkodeetiketter p\u00e5 en transportkasse\" class=\"wp-image-1443\" srcset=\"https:\/\/beta.bibliotekutvikling.no\/content\/uploads\/sites\/14\/2021\/02\/DSC3292-1024x683.jpg 1024w, https:\/\/beta.bibliotekutvikling.no\/content\/uploads\/sites\/14\/2021\/02\/DSC3292-300x200.jpg 300w, https:\/\/beta.bibliotekutvikling.no\/content\/uploads\/sites\/14\/2021\/02\/DSC3292-768x513.jpg 768w, https:\/\/beta.bibliotekutvikling.no\/content\/uploads\/sites\/14\/2021\/02\/DSC3292-1536x1025.jpg 1536w, https:\/\/beta.bibliotekutvikling.no\/content\/uploads\/sites\/14\/2021\/02\/DSC3292-2048x1367.jpg 2048w\" sizes=\"auto, (max-width: 1024px) 100vw, 1024px\" \/><figcaption class=\"wp-element-caption\">F\u00f8lgebrev har informasjon om blant annet avsender og kontaktperson<\/figcaption><\/figure>\n\n\n\n<h2 class=\"wp-block-heading\" id=\"h-pakkeinstruks\">Pakkeinstruks<\/h2>\n\n\n\n<p>Samlingsforvalter er ansvarlig for pakking, merking og forsendelse av materialet til Nasjonalbiblioteket. Vi kan bist\u00e5 med r\u00e5dgivning i pakkeprosessen, men vi anbefaler generelt \u00e5 pakke i plastkasser fremfor papp, da det er tryggere under transport. Det b\u00f8r likevel v\u00e6re relativt solid plast, helst med forsterkede hj\u00f8rner og lokk som festes godt. Ideell st\u00f8rrelse p\u00e5 kasse har innvendige m\u00e5l: 54cm*36cm*29cm. Dette for at kassen ikke skal bli for tung og dermed vanskelig \u00e5 h\u00e5ndtere.\u00a0<\/p>\n\n\n\n<p>Kassen b\u00f8r polstres innvendig med et lag skumplast (ikke bobleplast) f\u00f8r objektene legges i. Materialet pakkes p\u00e5 en slik m\u00e5te at de ikke forflyttes under transport. Eventuelle tomrom i kassen fylles med skumplast eller annet uorganisk fyllmateriale.&nbsp;&nbsp;<\/p>\n\n\n\n<h2 class=\"wp-block-heading\" id=\"h-forsendelse-nbsp\">Forsendelse&nbsp;<\/h2>\n\n\n\n<p>N\u00e5r materialet er klart til transport \u00f8nsker vi beskjed p\u00e5 e-post til <a href=\"mailto:kulturarv@nb.no\" target=\"_blank\" rel=\"noreferrer noopener\">kulturarv@nb.no<\/a> om at materiale er p\u00e5 vei fra dere. Materialet sendes til: <em>Nasjonalbiblioteket, Finsetveien 2, 8624 Mo i Rana<\/em>. Alle kasser\/paller merkes godt p\u00e5 utsiden med \u201c<strong>Kulturarv<\/strong>\u201d, i tillegg til f\u00f8lgebrevet som skal legges ved i hver kasse.\u00a0<\/p>\n\n\n\n<h2 class=\"wp-block-heading\" id=\"h-materiale-i-darlig-stand-nbsp\">Materiale i d\u00e5rlig stand&nbsp;<\/h2>\n\n\n\n<p>Vi presiserer viktigheten av opplysninger om materialets bevaringstilstand.&nbsp;&nbsp;<\/p>\n\n\n\n<p>Dersom det ved mottak oppdages at materiale er i en slik tilstand at det kan v\u00e6re til skade for andre samlinger, og sending av slikt materiale ikke er avklart i forkant, vil Nasjonalbiblioteket returnere materiale uten videre behandling. En eventuell kassasjon skjer kun etter avtale.&nbsp;<\/p>\n\n\n<ul class=\"t2-link-list has-3-items has-1-columns wp-block-t2-link-list\">\n\t<li class=\"t2-link-list-item wp-block-t2-link-list-item\">\n\t\t<a\n\t\t\thref=\"https:\/\/abmdig.no\/kontakt-oss\/\"\n\t\t\tclass=\"t2-link-list-item__link t2-link-list__icon--right\"\n\t\t\t\t\t>\n\t\t\t<span class=\"t2-link-list-item__icon\"><span class=\"t2-link-list-item__icon-box\"><\/span><svg xmlns=\"http:\/\/www.w3.org\/2000\/svg\" viewBox=\"0 0 24 24\" height=\"24\" width=\"24\" class=\"t2-icon t2-icon-external\" aria-hidden=\"true\" focusable=\"false\"><path d=\"M19 19H5V5h7V3H3v18h18v-9h-2v7zM14 3v2h3.6l-9.8 9.8 1.4 1.4L19 6.4V10h2V3h-7z\"\/><\/svg><\/span>\t\t\t<div class=\"t2-link-list-item__content\">\n\n\t\t\t\t\n\t\t\t\t<span id=\"link-list-item-text\" class=\"t2-link-list-item__text\">\n\t\t\t\t\tKontakt Senter for kulturarvdigitalisering\t\t\t\t<\/span>\n\t\t\t\t\t\t\t<\/div>\n\t\t<\/a>\n\t<\/li>\n\t\n\n\t<li class=\"t2-link-list-item wp-block-t2-link-list-item\">\n\t\t<a\n\t\t\thref=\"https:\/\/abmdig.no\/senter-for-kulturarvdigitalisering\/praktisk-gjennomforing\/avtaler\/\"\n\t\t\tclass=\"t2-link-list-item__link t2-link-list__icon--right\"\n\t\t\t\t\t>\n\t\t\t<span class=\"t2-link-list-item__icon\"><span class=\"t2-link-list-item__icon-box\"><\/span><svg xmlns=\"http:\/\/www.w3.org\/2000\/svg\" viewBox=\"0 0 24 24\" height=\"24\" width=\"24\" class=\"t2-icon t2-icon-external\" aria-hidden=\"true\" focusable=\"false\"><path d=\"M19 19H5V5h7V3H3v18h18v-9h-2v7zM14 3v2h3.6l-9.8 9.8 1.4 1.4L19 6.4V10h2V3h-7z\"\/><\/svg><\/span>\t\t\t<div class=\"t2-link-list-item__content\">\n\n\t\t\t\t\n\t\t\t\t<span id=\"link-list-item-text-1\" class=\"t2-link-list-item__text\">\n\t\t\t\t\tV\u00e5re standardavtaler\t\t\t\t<\/span>\n\t\t\t\t\t\t\t<\/div>\n\t\t<\/a>\n\t<\/li>\n\t\n\n\t<li class=\"t2-link-list-item wp-block-t2-link-list-item\">\n\t\t<a\n\t\t\thref=\"https:\/\/abmdig.no\/senter-for-kulturarvdigitalisering\/praktisk-gjennomforing\/materiale-som-omfattes\/\"\n\t\t\tclass=\"t2-link-list-item__link t2-link-list__icon--right\"\n\t\t\t\t\t>\n\t\t\t<span class=\"t2-link-list-item__icon\"><span class=\"t2-link-list-item__icon-box\"><\/span><svg xmlns=\"http:\/\/www.w3.org\/2000\/svg\" viewBox=\"0 0 24 24\" height=\"24\" width=\"24\" class=\"t2-icon t2-icon-external\" aria-hidden=\"true\" focusable=\"false\"><path d=\"M19 19H5V5h7V3H3v18h18v-9h-2v7zM14 3v2h3.6l-9.8 9.8 1.4 1.4L19 6.4V10h2V3h-7z\"\/><\/svg><\/span>\t\t\t<div class=\"t2-link-list-item__content\">\n\n\t\t\t\t\n\t\t\t\t<span id=\"link-list-item-text-2\" class=\"t2-link-list-item__text\">\n\t\t\t\t\tHvilke materialtyper inng\u00e5r i kulturarvdigitaliseringen ved NB\t\t\t\t<\/span>\n\t\t\t\t\t\t\t<\/div>\n\t\t<\/a>\n\t<\/li>\n\t\n<\/ul>","protected":false},"excerpt":{"rendered":"","protected":false},"author":5213,"featured_media":2634,"parent":3422,"menu_order":0,"comment_status":"closed","ping_status":"closed","template":"","meta":{"nb_hide_title":false,"sub_navigation_option":"","sub_navigation_custom_items":[],"footnotes":""},"class_list":["post-3420","page","type-page","status-publish","has-post-thumbnail","hentry"],"yoast_head":"<!-- This site is optimized with the Yoast SEO Premium plugin v27.1 (Yoast SEO v27.1.1) - https:\/\/yoast.com\/product\/yoast-seo-premium-wordpress\/ -->\n<title>Foto - Kulturarvdigitalisering<\/title>\n<meta name=\"description\" content=\"Hvordan starte prosessen med \u00e5 f\u00e5 fotografisk materiale digitalisert ved Nasjonalbiblioteket.\" \/>\n<meta name=\"robots\" content=\"index, follow, max-snippet:-1, max-image-preview:large, max-video-preview:-1\" \/>\n<link rel=\"canonical\" href=\"https:\/\/beta.bibliotekutvikling.no\/abmdig\/hvordan-komme-i-gang-med-digitalisering\/foto\/\" \/>\n<meta property=\"og:locale\" content=\"nb_NO\" \/>\n<meta property=\"og:type\" content=\"article\" \/>\n<meta property=\"og:title\" content=\"Foto\" \/>\n<meta property=\"og:description\" content=\"Hvordan starte prosessen med \u00e5 f\u00e5 fotografisk materiale digitalisert ved Nasjonalbiblioteket.\" \/>\n<meta property=\"og:url\" content=\"https:\/\/beta.bibliotekutvikling.no\/abmdig\/hvordan-komme-i-gang-med-digitalisering\/foto\/\" \/>\n<meta property=\"og:site_name\" content=\"Kulturarvdigitalisering\" \/>\n<meta property=\"article:modified_time\" content=\"2025-01-07T07:57:04+00:00\" \/>\n<meta property=\"og:image\" content=\"https:\/\/beta.bibliotekutvikling.no\/content\/uploads\/sites\/14\/2023\/06\/35mm_2-edited.jpg\" \/>\n\t<meta property=\"og:image:width\" content=\"2500\" \/>\n\t<meta property=\"og:image:height\" content=\"1407\" \/>\n\t<meta property=\"og:image:type\" content=\"image\/jpeg\" \/>\n<meta name=\"twitter:card\" content=\"summary_large_image\" \/>\n<meta name=\"twitter:label1\" content=\"Ansl. lesetid\" \/>\n\t<meta name=\"twitter:data1\" content=\"5 minutter\" \/>\n<script type=\"application\/ld+json\" class=\"yoast-schema-graph\">{\"@context\":\"https:\/\/schema.org\",\"@graph\":[{\"@type\":\"WebPage\",\"@id\":\"https:\/\/beta.bibliotekutvikling.no\/abmdig\/hvordan-komme-i-gang-med-digitalisering\/foto\/\",\"url\":\"https:\/\/beta.bibliotekutvikling.no\/abmdig\/hvordan-komme-i-gang-med-digitalisering\/foto\/\",\"name\":\"Foto - Kulturarvdigitalisering\",\"isPartOf\":{\"@id\":\"https:\/\/beta.bibliotekutvikling.no\/abmdig\/#website\"},\"primaryImageOfPage\":{\"@id\":\"https:\/\/beta.bibliotekutvikling.no\/abmdig\/hvordan-komme-i-gang-med-digitalisering\/foto\/#primaryimage\"},\"image\":{\"@id\":\"https:\/\/beta.bibliotekutvikling.no\/abmdig\/hvordan-komme-i-gang-med-digitalisering\/foto\/#primaryimage\"},\"thumbnailUrl\":\"https:\/\/beta.bibliotekutvikling.no\/content\/uploads\/sites\/14\/2023\/06\/35mm_2-edited.jpg\",\"datePublished\":\"2025-01-03T13:34:24+00:00\",\"dateModified\":\"2025-01-07T07:57:04+00:00\",\"description\":\"Hvordan starte prosessen med \u00e5 f\u00e5 fotografisk materiale digitalisert ved Nasjonalbiblioteket.\",\"breadcrumb\":{\"@id\":\"https:\/\/beta.bibliotekutvikling.no\/abmdig\/hvordan-komme-i-gang-med-digitalisering\/foto\/#breadcrumb\"},\"inLanguage\":\"nb-NO\",\"potentialAction\":[{\"@type\":\"ReadAction\",\"target\":[\"https:\/\/beta.bibliotekutvikling.no\/abmdig\/hvordan-komme-i-gang-med-digitalisering\/foto\/\"]}]},{\"@type\":\"ImageObject\",\"inLanguage\":\"nb-NO\",\"@id\":\"https:\/\/beta.bibliotekutvikling.no\/abmdig\/hvordan-komme-i-gang-med-digitalisering\/foto\/#primaryimage\",\"url\":\"https:\/\/beta.bibliotekutvikling.no\/content\/uploads\/sites\/14\/2023\/06\/35mm_2-edited.jpg\",\"contentUrl\":\"https:\/\/beta.bibliotekutvikling.no\/content\/uploads\/sites\/14\/2023\/06\/35mm_2-edited.jpg\",\"width\":2500,\"height\":1407,\"caption\":\"Fotonegativ 35mm stripe\"},{\"@type\":\"BreadcrumbList\",\"@id\":\"https:\/\/beta.bibliotekutvikling.no\/abmdig\/hvordan-komme-i-gang-med-digitalisering\/foto\/#breadcrumb\",\"itemListElement\":[{\"@type\":\"ListItem\",\"position\":1,\"name\":\"Hjem\",\"item\":\"https:\/\/beta.bibliotekutvikling.no\/abmdig\/\"},{\"@type\":\"ListItem\",\"position\":2,\"name\":\"Hvordan komme i gang med digitalisering\",\"item\":\"https:\/\/beta.bibliotekutvikling.no\/abmdig\/hvordan-komme-i-gang-med-digitalisering\/\"},{\"@type\":\"ListItem\",\"position\":3,\"name\":\"Foto\"}]},{\"@type\":\"WebSite\",\"@id\":\"https:\/\/beta.bibliotekutvikling.no\/abmdig\/#website\",\"url\":\"https:\/\/beta.bibliotekutvikling.no\/abmdig\/\",\"name\":\"Nasjonalbiblioteket | Kulturarvdigitalisering\",\"description\":\"\",\"potentialAction\":[{\"@type\":\"SearchAction\",\"target\":{\"@type\":\"EntryPoint\",\"urlTemplate\":\"https:\/\/beta.bibliotekutvikling.no\/abmdig\/?s={search_term_string}\"},\"query-input\":{\"@type\":\"PropertyValueSpecification\",\"valueRequired\":true,\"valueName\":\"search_term_string\"}}],\"inLanguage\":\"nb-NO\"}]}<\/script>\n<!-- \/ Yoast SEO Premium plugin. -->","yoast_head_json":{"title":"Foto - Kulturarvdigitalisering","description":"Hvordan starte prosessen med \u00e5 f\u00e5 fotografisk materiale digitalisert ved Nasjonalbiblioteket.","robots":{"index":"index","follow":"follow","max-snippet":"max-snippet:-1","max-image-preview":"max-image-preview:large","max-video-preview":"max-video-preview:-1"},"canonical":"https:\/\/beta.bibliotekutvikling.no\/abmdig\/hvordan-komme-i-gang-med-digitalisering\/foto\/","og_locale":"nb_NO","og_type":"article","og_title":"Foto","og_description":"Hvordan starte prosessen med \u00e5 f\u00e5 fotografisk materiale digitalisert ved Nasjonalbiblioteket.","og_url":"https:\/\/beta.bibliotekutvikling.no\/abmdig\/hvordan-komme-i-gang-med-digitalisering\/foto\/","og_site_name":"Kulturarvdigitalisering","article_modified_time":"2025-01-07T07:57:04+00:00","og_image":[{"width":2500,"height":1407,"url":"https:\/\/beta.bibliotekutvikling.no\/content\/uploads\/sites\/14\/2023\/06\/35mm_2-edited.jpg","type":"image\/jpeg"}],"twitter_card":"summary_large_image","twitter_misc":{"Ansl. lesetid":"5 minutter"},"schema":{"@context":"https:\/\/schema.org","@graph":[{"@type":"WebPage","@id":"https:\/\/beta.bibliotekutvikling.no\/abmdig\/hvordan-komme-i-gang-med-digitalisering\/foto\/","url":"https:\/\/beta.bibliotekutvikling.no\/abmdig\/hvordan-komme-i-gang-med-digitalisering\/foto\/","name":"Foto - Kulturarvdigitalisering","isPartOf":{"@id":"https:\/\/beta.bibliotekutvikling.no\/abmdig\/#website"},"primaryImageOfPage":{"@id":"https:\/\/beta.bibliotekutvikling.no\/abmdig\/hvordan-komme-i-gang-med-digitalisering\/foto\/#primaryimage"},"image":{"@id":"https:\/\/beta.bibliotekutvikling.no\/abmdig\/hvordan-komme-i-gang-med-digitalisering\/foto\/#primaryimage"},"thumbnailUrl":"https:\/\/beta.bibliotekutvikling.no\/content\/uploads\/sites\/14\/2023\/06\/35mm_2-edited.jpg","datePublished":"2025-01-03T13:34:24+00:00","dateModified":"2025-01-07T07:57:04+00:00","description":"Hvordan starte prosessen med \u00e5 f\u00e5 fotografisk materiale digitalisert ved Nasjonalbiblioteket.","breadcrumb":{"@id":"https:\/\/beta.bibliotekutvikling.no\/abmdig\/hvordan-komme-i-gang-med-digitalisering\/foto\/#breadcrumb"},"inLanguage":"nb-NO","potentialAction":[{"@type":"ReadAction","target":["https:\/\/beta.bibliotekutvikling.no\/abmdig\/hvordan-komme-i-gang-med-digitalisering\/foto\/"]}]},{"@type":"ImageObject","inLanguage":"nb-NO","@id":"https:\/\/beta.bibliotekutvikling.no\/abmdig\/hvordan-komme-i-gang-med-digitalisering\/foto\/#primaryimage","url":"https:\/\/beta.bibliotekutvikling.no\/content\/uploads\/sites\/14\/2023\/06\/35mm_2-edited.jpg","contentUrl":"https:\/\/beta.bibliotekutvikling.no\/content\/uploads\/sites\/14\/2023\/06\/35mm_2-edited.jpg","width":2500,"height":1407,"caption":"Fotonegativ 35mm stripe"},{"@type":"BreadcrumbList","@id":"https:\/\/beta.bibliotekutvikling.no\/abmdig\/hvordan-komme-i-gang-med-digitalisering\/foto\/#breadcrumb","itemListElement":[{"@type":"ListItem","position":1,"name":"Hjem","item":"https:\/\/beta.bibliotekutvikling.no\/abmdig\/"},{"@type":"ListItem","position":2,"name":"Hvordan komme i gang med digitalisering","item":"https:\/\/beta.bibliotekutvikling.no\/abmdig\/hvordan-komme-i-gang-med-digitalisering\/"},{"@type":"ListItem","position":3,"name":"Foto"}]},{"@type":"WebSite","@id":"https:\/\/beta.bibliotekutvikling.no\/abmdig\/#website","url":"https:\/\/beta.bibliotekutvikling.no\/abmdig\/","name":"Nasjonalbiblioteket | Kulturarvdigitalisering","description":"","potentialAction":[{"@type":"SearchAction","target":{"@type":"EntryPoint","urlTemplate":"https:\/\/beta.bibliotekutvikling.no\/abmdig\/?s={search_term_string}"},"query-input":{"@type":"PropertyValueSpecification","valueRequired":true,"valueName":"search_term_string"}}],"inLanguage":"nb-NO"}]}},"_links":{"self":[{"href":"https:\/\/beta.bibliotekutvikling.no\/abmdig\/wp-json\/wp\/v2\/pages\/3420","targetHints":{"allow":["GET"]}}],"collection":[{"href":"https:\/\/beta.bibliotekutvikling.no\/abmdig\/wp-json\/wp\/v2\/pages"}],"about":[{"href":"https:\/\/beta.bibliotekutvikling.no\/abmdig\/wp-json\/wp\/v2\/types\/page"}],"author":[{"embeddable":true,"href":"https:\/\/beta.bibliotekutvikling.no\/abmdig\/wp-json\/wp\/v2\/users\/5213"}],"replies":[{"embeddable":true,"href":"https:\/\/beta.bibliotekutvikling.no\/abmdig\/wp-json\/wp\/v2\/comments?post=3420"}],"version-history":[{"count":5,"href":"https:\/\/beta.bibliotekutvikling.no\/abmdig\/wp-json\/wp\/v2\/pages\/3420\/revisions"}],"predecessor-version":[{"id":3549,"href":"https:\/\/beta.bibliotekutvikling.no\/abmdig\/wp-json\/wp\/v2\/pages\/3420\/revisions\/3549"}],"up":[{"embeddable":true,"href":"https:\/\/beta.bibliotekutvikling.no\/abmdig\/wp-json\/wp\/v2\/pages\/3422"}],"wp:featuredmedia":[{"embeddable":true,"href":"https:\/\/beta.bibliotekutvikling.no\/abmdig\/wp-json\/wp\/v2\/media\/2634"}],"wp:attachment":[{"href":"https:\/\/beta.bibliotekutvikling.no\/abmdig\/wp-json\/wp\/v2\/media?parent=3420"}],"curies":[{"name":"wp","href":"https:\/\/api.w.org\/{rel}","templated":true}]}}