{"id":3422,"date":"2025-01-06T11:35:08","date_gmt":"2025-01-06T10:35:08","guid":{"rendered":"https:\/\/abmdig.no\/?page_id=3422"},"modified":"2025-01-07T08:58:03","modified_gmt":"2025-01-07T07:58:03","slug":"hvordan-komme-i-gang-med-digitalisering","status":"publish","type":"page","link":"https:\/\/beta.bibliotekutvikling.no\/abmdig\/hvordan-komme-i-gang-med-digitalisering\/","title":{"rendered":"Hvordan komme i gang med digitalisering"},"content":{"rendered":"\n<p>I prosessen mot digitalisering er det ulikt hva som kreves av dialog og forarbeid etter hvilken materialtype det er \u00f8nske om \u00e5 f\u00e5 digitalisert.<\/p>\n\n\n\n<div class=\"wp-block-columns is-style-default is-layout-flex wp-container-core-columns-is-layout-28f84493 wp-block-columns-is-layout-flex\">\n<div class=\"wp-block-column is-layout-flow wp-block-column-is-layout-flow\" style=\"flex-basis:100%\">\n<div class=\"wp-block-columns is-layout-flex wp-container-core-columns-is-layout-28f84493 wp-block-columns-is-layout-flex\">\n<div class=\"wp-block-column is-layout-flow wp-block-column-is-layout-flow\" style=\"flex-basis:100%\">\n<div class=\"wp-block-group has-global-padding is-layout-constrained wp-block-group-is-layout-constrained\">\n<div class=\"wp-block-group has-global-padding is-layout-constrained wp-block-group-is-layout-constrained\">\n<div class=\"wp-block-columns is-layout-flex wp-container-core-columns-is-layout-28f84493 wp-block-columns-is-layout-flex\">\n<div class=\"wp-block-column is-layout-flow wp-block-column-is-layout-flow\"><div class=\"t2-featured-single-post t2-featured-content is-post-type-page is-style-default wp-block-t2-featured-single-post has-background has-primary-50-background-color\"><a class=\"nb-post-link  wp-block-nb-post-link\" href=\"https:\/\/beta.bibliotekutvikling.no\/abmdig\/hvordan-komme-i-gang-med-digitalisering\/foto\/\">\n<figure class=\"nb-post-featured-image has-image-ratio-16-9 wp-block-nb-post-featured-image\"><img loading=\"lazy\" decoding=\"async\" width=\"768\" height=\"432\" src=\"https:\/\/beta.bibliotekutvikling.no\/content\/uploads\/sites\/14\/2023\/06\/35mm_2-edited-768x432.jpg\" class=\"attachment-medium_large size-medium_large wp-post-image\" alt=\"Fotonegativ 35mm stripe\" srcset=\"https:\/\/beta.bibliotekutvikling.no\/content\/uploads\/sites\/14\/2023\/06\/35mm_2-edited-768x432.jpg 768w, https:\/\/beta.bibliotekutvikling.no\/content\/uploads\/sites\/14\/2023\/06\/35mm_2-edited-300x169.jpg 300w, https:\/\/beta.bibliotekutvikling.no\/content\/uploads\/sites\/14\/2023\/06\/35mm_2-edited-1024x576.jpg 1024w, https:\/\/beta.bibliotekutvikling.no\/content\/uploads\/sites\/14\/2023\/06\/35mm_2-edited-1536x864.jpg 1536w, https:\/\/beta.bibliotekutvikling.no\/content\/uploads\/sites\/14\/2023\/06\/35mm_2-edited-2048x1153.jpg 2048w\" sizes=\"auto, (min-width: 1200px) 384px, (min-width: 700px) 33vw, 350px\" \/><\/figure>\n\n<div class=\"wp-block-group alignfull is-layout-flow wp-block-group-is-layout-flow\">\n\t\n\t<h2 class=\"t2-post-title wp-block-t2-post-title\">Foto<\/h2>\n\t\n\t\n\t\n<\/div>\n\n<\/a>\n<\/div><\/div>\n\n\n\n<div class=\"wp-block-column is-layout-flow wp-block-column-is-layout-flow\"><div class=\"t2-featured-single-post t2-featured-content is-post-type-page wp-block-t2-featured-single-post has-background has-primary-50-background-color\"><a class=\"nb-post-link  wp-block-nb-post-link\" href=\"https:\/\/beta.bibliotekutvikling.no\/abmdig\/hvordan-komme-i-gang-med-digitalisering\/lyd-video-og-film\/\">\n<figure class=\"nb-post-featured-image has-image-ratio-16-9 wp-block-nb-post-featured-image\"><img loading=\"lazy\" decoding=\"async\" width=\"768\" height=\"473\" src=\"https:\/\/beta.bibliotekutvikling.no\/content\/uploads\/sites\/14\/2020\/03\/20150216-musikk-nb-012-1-768x473.jpg\" class=\"attachment-medium_large size-medium_large wp-post-image\" alt=\"Lydb\u00e5nd\" srcset=\"https:\/\/beta.bibliotekutvikling.no\/content\/uploads\/sites\/14\/2020\/03\/20150216-musikk-nb-012-1-768x473.jpg 768w, https:\/\/beta.bibliotekutvikling.no\/content\/uploads\/sites\/14\/2020\/03\/20150216-musikk-nb-012-1-300x185.jpg 300w, https:\/\/beta.bibliotekutvikling.no\/content\/uploads\/sites\/14\/2020\/03\/20150216-musikk-nb-012-1-1024x631.jpg 1024w, https:\/\/beta.bibliotekutvikling.no\/content\/uploads\/sites\/14\/2020\/03\/20150216-musikk-nb-012-1-1536x946.jpg 1536w, https:\/\/beta.bibliotekutvikling.no\/content\/uploads\/sites\/14\/2020\/03\/20150216-musikk-nb-012-1-2048x1262.jpg 2048w\" sizes=\"auto, (min-width: 1200px) 384px, (min-width: 700px) 33vw, 350px\" \/><\/figure>\n\n<div class=\"wp-block-group alignfull is-layout-flow wp-block-group-is-layout-flow\">\n\t\n\t<h2 class=\"t2-post-title wp-block-t2-post-title\">Lyd, video og film<\/h2>\n\t\n\t\n\t\n<\/div>\n\n<\/a>\n<\/div><\/div>\n\n\n\n<div class=\"wp-block-column is-layout-flow wp-block-column-is-layout-flow\"><div class=\"t2-featured-single-post t2-featured-content is-post-type-page wp-block-t2-featured-single-post has-background has-primary-50-background-color\"><a class=\"nb-post-link  wp-block-nb-post-link\" href=\"https:\/\/beta.bibliotekutvikling.no\/abmdig\/hvordan-komme-i-gang-med-digitalisering\/boker-tidsskrift-og-aviser\/\">\n<figure class=\"nb-post-featured-image has-image-ratio-16-9 wp-block-nb-post-featured-image\"><img loading=\"lazy\" decoding=\"async\" width=\"768\" height=\"474\" src=\"https:\/\/beta.bibliotekutvikling.no\/content\/uploads\/sites\/14\/2025\/01\/20150303-nb-avisbind-032-768x474.jpg\" class=\"attachment-medium_large size-medium_large wp-post-image\" alt=\"avisbind\" srcset=\"https:\/\/beta.bibliotekutvikling.no\/content\/uploads\/sites\/14\/2025\/01\/20150303-nb-avisbind-032-768x474.jpg 768w, https:\/\/beta.bibliotekutvikling.no\/content\/uploads\/sites\/14\/2025\/01\/20150303-nb-avisbind-032-300x185.jpg 300w, https:\/\/beta.bibliotekutvikling.no\/content\/uploads\/sites\/14\/2025\/01\/20150303-nb-avisbind-032-1024x632.jpg 1024w, https:\/\/beta.bibliotekutvikling.no\/content\/uploads\/sites\/14\/2025\/01\/20150303-nb-avisbind-032-1536x948.jpg 1536w, https:\/\/beta.bibliotekutvikling.no\/content\/uploads\/sites\/14\/2025\/01\/20150303-nb-avisbind-032.jpg 1600w\" sizes=\"auto, (min-width: 1200px) 384px, (min-width: 700px) 33vw, 350px\" \/><\/figure>\n\n<div class=\"wp-block-group alignfull is-layout-flow wp-block-group-is-layout-flow\">\n\t\n\t<h2 class=\"t2-post-title wp-block-t2-post-title\">B\u00f8ker, tidsskrift og aviser<\/h2>\n\t\n\t\n\t\n<\/div>\n\n<\/a>\n<\/div><\/div>\n<\/div>\n<\/div>\n<\/div>\n<\/div>\n<\/div>\n<\/div>\n<\/div>\n","protected":false},"excerpt":{"rendered":"<p>Start prosessen her<\/p>\n","protected":false},"author":5213,"featured_media":470,"parent":0,"menu_order":0,"comment_status":"closed","ping_status":"closed","template":"","meta":{"nb_hide_title":false,"sub_navigation_option":"","sub_navigation_custom_items":[],"footnotes":""},"class_list":["post-3422","page","type-page","status-publish","has-post-thumbnail","hentry"],"yoast_head":"<!-- This site is optimized with the Yoast SEO Premium plugin v27.1 (Yoast SEO v27.1.1) - https:\/\/yoast.com\/product\/yoast-seo-premium-wordpress\/ -->\n<title>Hvordan komme i gang med digitalisering - Kulturarvdigitalisering<\/title>\n<meta name=\"description\" content=\"Hvordan komme i gang med prosessen for digitalisering av kulturarvsmateriale ved Nasjonalbiblioteket for arkiv, bibliotek og museum.\" \/>\n<meta name=\"robots\" content=\"index, follow, max-snippet:-1, max-image-preview:large, max-video-preview:-1\" \/>\n<link rel=\"canonical\" href=\"https:\/\/beta.bibliotekutvikling.no\/abmdig\/hvordan-komme-i-gang-med-digitalisering\/\" \/>\n<meta property=\"og:locale\" content=\"nb_NO\" \/>\n<meta property=\"og:type\" content=\"article\" \/>\n<meta property=\"og:title\" content=\"Hvordan komme i gang med digitalisering\" \/>\n<meta property=\"og:description\" content=\"Hvordan komme i gang med prosessen for digitalisering av kulturarvsmateriale ved Nasjonalbiblioteket for arkiv, bibliotek og museum.\" \/>\n<meta property=\"og:url\" content=\"https:\/\/beta.bibliotekutvikling.no\/abmdig\/hvordan-komme-i-gang-med-digitalisering\/\" \/>\n<meta property=\"og:site_name\" content=\"Kulturarvdigitalisering\" \/>\n<meta property=\"article:modified_time\" content=\"2025-01-07T07:58:03+00:00\" \/>\n<meta property=\"og:image\" content=\"https:\/\/beta.bibliotekutvikling.no\/content\/uploads\/sites\/14\/2020\/03\/20140518-nb-bilder-070r-1.jpg\" \/>\n\t<meta property=\"og:image:width\" content=\"1400\" \/>\n\t<meta property=\"og:image:height\" content=\"860\" \/>\n\t<meta property=\"og:image:type\" content=\"image\/jpeg\" \/>\n<meta name=\"twitter:card\" content=\"summary_large_image\" \/>\n<meta name=\"twitter:label1\" content=\"Ansl. lesetid\" \/>\n\t<meta name=\"twitter:data1\" content=\"1 minutt\" \/>\n<script type=\"application\/ld+json\" class=\"yoast-schema-graph\">{\"@context\":\"https:\/\/schema.org\",\"@graph\":[{\"@type\":\"WebPage\",\"@id\":\"https:\/\/beta.bibliotekutvikling.no\/abmdig\/hvordan-komme-i-gang-med-digitalisering\/\",\"url\":\"https:\/\/beta.bibliotekutvikling.no\/abmdig\/hvordan-komme-i-gang-med-digitalisering\/\",\"name\":\"Hvordan komme i gang med digitalisering - Kulturarvdigitalisering\",\"isPartOf\":{\"@id\":\"https:\/\/beta.bibliotekutvikling.no\/abmdig\/#website\"},\"primaryImageOfPage\":{\"@id\":\"https:\/\/beta.bibliotekutvikling.no\/abmdig\/hvordan-komme-i-gang-med-digitalisering\/#primaryimage\"},\"image\":{\"@id\":\"https:\/\/beta.bibliotekutvikling.no\/abmdig\/hvordan-komme-i-gang-med-digitalisering\/#primaryimage\"},\"thumbnailUrl\":\"https:\/\/beta.bibliotekutvikling.no\/content\/uploads\/sites\/14\/2020\/03\/20140518-nb-bilder-070r-1.jpg\",\"datePublished\":\"2025-01-06T10:35:08+00:00\",\"dateModified\":\"2025-01-07T07:58:03+00:00\",\"description\":\"Hvordan komme i gang med prosessen for digitalisering av kulturarvsmateriale ved Nasjonalbiblioteket for arkiv, bibliotek og museum.\",\"breadcrumb\":{\"@id\":\"https:\/\/beta.bibliotekutvikling.no\/abmdig\/hvordan-komme-i-gang-med-digitalisering\/#breadcrumb\"},\"inLanguage\":\"nb-NO\",\"potentialAction\":[{\"@type\":\"ReadAction\",\"target\":[\"https:\/\/beta.bibliotekutvikling.no\/abmdig\/hvordan-komme-i-gang-med-digitalisering\/\"]}]},{\"@type\":\"ImageObject\",\"inLanguage\":\"nb-NO\",\"@id\":\"https:\/\/beta.bibliotekutvikling.no\/abmdig\/hvordan-komme-i-gang-med-digitalisering\/#primaryimage\",\"url\":\"https:\/\/beta.bibliotekutvikling.no\/content\/uploads\/sites\/14\/2020\/03\/20140518-nb-bilder-070r-1.jpg\",\"contentUrl\":\"https:\/\/beta.bibliotekutvikling.no\/content\/uploads\/sites\/14\/2020\/03\/20140518-nb-bilder-070r-1.jpg\",\"width\":1400,\"height\":860,\"caption\":\"Lydb\u00e5ndavspiller\"},{\"@type\":\"BreadcrumbList\",\"@id\":\"https:\/\/beta.bibliotekutvikling.no\/abmdig\/hvordan-komme-i-gang-med-digitalisering\/#breadcrumb\",\"itemListElement\":[{\"@type\":\"ListItem\",\"position\":1,\"name\":\"Hjem\",\"item\":\"https:\/\/beta.bibliotekutvikling.no\/abmdig\/\"},{\"@type\":\"ListItem\",\"position\":2,\"name\":\"Hvordan komme i gang med digitalisering\"}]},{\"@type\":\"WebSite\",\"@id\":\"https:\/\/beta.bibliotekutvikling.no\/abmdig\/#website\",\"url\":\"https:\/\/beta.bibliotekutvikling.no\/abmdig\/\",\"name\":\"Nasjonalbiblioteket | Kulturarvdigitalisering\",\"description\":\"\",\"potentialAction\":[{\"@type\":\"SearchAction\",\"target\":{\"@type\":\"EntryPoint\",\"urlTemplate\":\"https:\/\/beta.bibliotekutvikling.no\/abmdig\/?s={search_term_string}\"},\"query-input\":{\"@type\":\"PropertyValueSpecification\",\"valueRequired\":true,\"valueName\":\"search_term_string\"}}],\"inLanguage\":\"nb-NO\"}]}<\/script>\n<!-- \/ Yoast SEO Premium plugin. -->","yoast_head_json":{"title":"Hvordan komme i gang med digitalisering - Kulturarvdigitalisering","description":"Hvordan komme i gang med prosessen for digitalisering av kulturarvsmateriale ved Nasjonalbiblioteket for arkiv, bibliotek og museum.","robots":{"index":"index","follow":"follow","max-snippet":"max-snippet:-1","max-image-preview":"max-image-preview:large","max-video-preview":"max-video-preview:-1"},"canonical":"https:\/\/beta.bibliotekutvikling.no\/abmdig\/hvordan-komme-i-gang-med-digitalisering\/","og_locale":"nb_NO","og_type":"article","og_title":"Hvordan komme i gang med digitalisering","og_description":"Hvordan komme i gang med prosessen for digitalisering av kulturarvsmateriale ved Nasjonalbiblioteket for arkiv, bibliotek og museum.","og_url":"https:\/\/beta.bibliotekutvikling.no\/abmdig\/hvordan-komme-i-gang-med-digitalisering\/","og_site_name":"Kulturarvdigitalisering","article_modified_time":"2025-01-07T07:58:03+00:00","og_image":[{"width":1400,"height":860,"url":"https:\/\/beta.bibliotekutvikling.no\/content\/uploads\/sites\/14\/2020\/03\/20140518-nb-bilder-070r-1.jpg","type":"image\/jpeg"}],"twitter_card":"summary_large_image","twitter_misc":{"Ansl. lesetid":"1 minutt"},"schema":{"@context":"https:\/\/schema.org","@graph":[{"@type":"WebPage","@id":"https:\/\/beta.bibliotekutvikling.no\/abmdig\/hvordan-komme-i-gang-med-digitalisering\/","url":"https:\/\/beta.bibliotekutvikling.no\/abmdig\/hvordan-komme-i-gang-med-digitalisering\/","name":"Hvordan komme i gang med digitalisering - Kulturarvdigitalisering","isPartOf":{"@id":"https:\/\/beta.bibliotekutvikling.no\/abmdig\/#website"},"primaryImageOfPage":{"@id":"https:\/\/beta.bibliotekutvikling.no\/abmdig\/hvordan-komme-i-gang-med-digitalisering\/#primaryimage"},"image":{"@id":"https:\/\/beta.bibliotekutvikling.no\/abmdig\/hvordan-komme-i-gang-med-digitalisering\/#primaryimage"},"thumbnailUrl":"https:\/\/beta.bibliotekutvikling.no\/content\/uploads\/sites\/14\/2020\/03\/20140518-nb-bilder-070r-1.jpg","datePublished":"2025-01-06T10:35:08+00:00","dateModified":"2025-01-07T07:58:03+00:00","description":"Hvordan komme i gang med prosessen for digitalisering av kulturarvsmateriale ved Nasjonalbiblioteket for arkiv, bibliotek og museum.","breadcrumb":{"@id":"https:\/\/beta.bibliotekutvikling.no\/abmdig\/hvordan-komme-i-gang-med-digitalisering\/#breadcrumb"},"inLanguage":"nb-NO","potentialAction":[{"@type":"ReadAction","target":["https:\/\/beta.bibliotekutvikling.no\/abmdig\/hvordan-komme-i-gang-med-digitalisering\/"]}]},{"@type":"ImageObject","inLanguage":"nb-NO","@id":"https:\/\/beta.bibliotekutvikling.no\/abmdig\/hvordan-komme-i-gang-med-digitalisering\/#primaryimage","url":"https:\/\/beta.bibliotekutvikling.no\/content\/uploads\/sites\/14\/2020\/03\/20140518-nb-bilder-070r-1.jpg","contentUrl":"https:\/\/beta.bibliotekutvikling.no\/content\/uploads\/sites\/14\/2020\/03\/20140518-nb-bilder-070r-1.jpg","width":1400,"height":860,"caption":"Lydb\u00e5ndavspiller"},{"@type":"BreadcrumbList","@id":"https:\/\/beta.bibliotekutvikling.no\/abmdig\/hvordan-komme-i-gang-med-digitalisering\/#breadcrumb","itemListElement":[{"@type":"ListItem","position":1,"name":"Hjem","item":"https:\/\/beta.bibliotekutvikling.no\/abmdig\/"},{"@type":"ListItem","position":2,"name":"Hvordan komme i gang med digitalisering"}]},{"@type":"WebSite","@id":"https:\/\/beta.bibliotekutvikling.no\/abmdig\/#website","url":"https:\/\/beta.bibliotekutvikling.no\/abmdig\/","name":"Nasjonalbiblioteket | Kulturarvdigitalisering","description":"","potentialAction":[{"@type":"SearchAction","target":{"@type":"EntryPoint","urlTemplate":"https:\/\/beta.bibliotekutvikling.no\/abmdig\/?s={search_term_string}"},"query-input":{"@type":"PropertyValueSpecification","valueRequired":true,"valueName":"search_term_string"}}],"inLanguage":"nb-NO"}]}},"_links":{"self":[{"href":"https:\/\/beta.bibliotekutvikling.no\/abmdig\/wp-json\/wp\/v2\/pages\/3422","targetHints":{"allow":["GET"]}}],"collection":[{"href":"https:\/\/beta.bibliotekutvikling.no\/abmdig\/wp-json\/wp\/v2\/pages"}],"about":[{"href":"https:\/\/beta.bibliotekutvikling.no\/abmdig\/wp-json\/wp\/v2\/types\/page"}],"author":[{"embeddable":true,"href":"https:\/\/beta.bibliotekutvikling.no\/abmdig\/wp-json\/wp\/v2\/users\/5213"}],"replies":[{"embeddable":true,"href":"https:\/\/beta.bibliotekutvikling.no\/abmdig\/wp-json\/wp\/v2\/comments?post=3422"}],"version-history":[{"count":4,"href":"https:\/\/beta.bibliotekutvikling.no\/abmdig\/wp-json\/wp\/v2\/pages\/3422\/revisions"}],"predecessor-version":[{"id":3565,"href":"https:\/\/beta.bibliotekutvikling.no\/abmdig\/wp-json\/wp\/v2\/pages\/3422\/revisions\/3565"}],"wp:featuredmedia":[{"embeddable":true,"href":"https:\/\/beta.bibliotekutvikling.no\/abmdig\/wp-json\/wp\/v2\/media\/470"}],"wp:attachment":[{"href":"https:\/\/beta.bibliotekutvikling.no\/abmdig\/wp-json\/wp\/v2\/media?parent=3422"}],"curies":[{"name":"wp","href":"https:\/\/api.w.org\/{rel}","templated":true}]}}