{"id":380,"date":"2020-03-05T15:34:45","date_gmt":"2020-03-05T14:34:45","guid":{"rendered":"https:\/\/abmdig.no\/?page_id=380"},"modified":"2025-01-06T11:41:38","modified_gmt":"2025-01-06T10:41:38","slug":"metadata-eller-data-om-data","status":"publish","type":"page","link":"https:\/\/beta.bibliotekutvikling.no\/abmdig\/senter-for-kulturarvdigitalisering\/praktisk-gjennomforing\/metadata-eller-data-om-data\/","title":{"rendered":"Metadata &#8211; data om data"},"content":{"rendered":"<p class=\"t2-ingress wp-block-t2-ingress\">Nasjonalbiblioteket kommer ikke til \u00e5 produsere metadata p\u00e5 innholdet i det materialet som kommer til digitalisering fra ABM-institusjonene. Effektiv digitalisering og enkel gjenfinning for senere metadataberikelse og formidling er grunnlaget i oppdraget med digitalisering av kulturarven.<\/p>\n\n\n<figure class=\"wp-block-image aligncenter size-large\"><img loading=\"lazy\" decoding=\"async\" width=\"1024\" height=\"596\" src=\"https:\/\/abmdig.no\/content\/uploads\/sites\/14\/2020\/03\/20151007-lydrom-137-1024x596.jpg\" alt=\"Videokassett\" class=\"wp-image-441\" srcset=\"https:\/\/beta.bibliotekutvikling.no\/content\/uploads\/sites\/14\/2020\/03\/20151007-lydrom-137-1024x596.jpg 1024w, https:\/\/beta.bibliotekutvikling.no\/content\/uploads\/sites\/14\/2020\/03\/20151007-lydrom-137-300x175.jpg 300w, https:\/\/beta.bibliotekutvikling.no\/content\/uploads\/sites\/14\/2020\/03\/20151007-lydrom-137-768x447.jpg 768w, https:\/\/beta.bibliotekutvikling.no\/content\/uploads\/sites\/14\/2020\/03\/20151007-lydrom-137-1536x895.jpg 1536w, https:\/\/beta.bibliotekutvikling.no\/content\/uploads\/sites\/14\/2020\/03\/20151007-lydrom-137.jpg 1600w\" sizes=\"auto, (max-width: 1024px) 100vw, 1024px\" \/><\/figure>\n\n\n\n<h2 class=\"wp-block-heading\" id=\"h-kun-teknisk-metadata\"><strong>Kun teknisk metadata<\/strong><\/h2>\n\n\n\n<p>I forbindelse med digitaliseringsprosessen m\u00e5 noe teknisk metadata legges p\u00e5. For \u00e5 sikre identifiseringen av materialet m\u00e5 det for mange formater knyttes en unik ID til hvert objekt, som vil f\u00f8lge det gjennom digitaliseringsprosessen.<\/p>\n\n\n\n<p>Nasjonalbiblioteket kommer ikke til \u00e5 produsere metadata om innholdet p\u00e5 objektene som skal digitaliseres. Hva dokumentene handler om, hvem som har laget innholdet, hva som er p\u00e5 bildene, hvem som spiller p\u00e5 en musikkinnspilling, det er informasjon som hver enkelt samlingsforvalter m\u00e5 legge p\u00e5 selv. Nasjonalbiblioteket skal s\u00f8rge for digitalisering, s\u00e5 m\u00e5 ABM-institusjonene s\u00f8rge for bearbeiding og tilgjengeliggj\u00f8ring.  <\/p>\n\n\n<ul class=\"t2-link-list has-1-items has-auto-columns wp-block-t2-link-list\">\n\t<li class=\"t2-link-list-item wp-block-t2-link-list-item\">\n\t\t<a\n\t\t\thref=\"https:\/\/abmdig.no\/hvordan-komme-i-gang-med-digitalisering\/\"\n\t\t\tclass=\"t2-link-list-item__link t2-link-list__icon--right\"\n\t\t\t\t\t>\n\t\t\t<span class=\"t2-link-list-item__icon\"><span class=\"t2-link-list-item__icon-box\"><\/span><svg xmlns=\"http:\/\/www.w3.org\/2000\/svg\" viewBox=\"0 0 24 24\" height=\"24\" width=\"24\" class=\"t2-icon t2-icon-external\" aria-hidden=\"true\" focusable=\"false\"><path d=\"M19 19H5V5h7V3H3v18h18v-9h-2v7zM14 3v2h3.6l-9.8 9.8 1.4 1.4L19 6.4V10h2V3h-7z\"\/><\/svg><\/span>\t\t\t<div class=\"t2-link-list-item__content\">\n\n\t\t\t\t\n\t\t\t\t<span id=\"link-list-item-text\" class=\"t2-link-list-item__text\">\n\t\t\t\t\tHvordan komme i gang med digitalisering av en samling\t\t\t\t<\/span>\n\t\t\t\t\t\t\t<\/div>\n\t\t<\/a>\n\t<\/li>\n\t\n<\/ul>\n\n\n<h2 class=\"wp-block-heading\" id=\"h-to-utfordringer-pa-lengre-sikt\"><strong>To utfordringer p\u00e5 lengre sikt<\/strong><\/h2>\n\n\n\n<p>Selv om vi i digitaliseringsprosessen ikke vil produsere metadata, m\u00e5 vi i nasjonalbibliotekets systemer ha nok informasjon til at vi kan hente ut ei fil fra v\u00e5rt digitale sikringsmagasin. Til \u00e5 begynne med vil uthenting v\u00e6re avhengig av den unike identifikatoren det aktuelle objektet ble tilegnet f\u00f8r digitalisering. <br><br>P\u00e5 lengre sikt vil vi trolig \u00f8nske \u00e5 ha nok informasjon i v\u00e5re systemer til at vi kan finne fram i materialet ogs\u00e5 i de de tilfellene der den unike identifikatoren ikke lenger er kjent. Slik informasjon kan for eksempel v\u00e6re tittel p\u00e5 en utgivelse, navn p\u00e5 en opphavsperson eller ut\u00f8veren p\u00e5 et folkemusikkopptak.<\/p>\n\n\n\n<h2 class=\"wp-block-heading\" id=\"h-tilgang-pa-tvers-av-sektorer\"><strong>Tilgang p\u00e5 tvers av sektorer<\/strong><\/h2>\n\n\n\n<p>I dag er ABM-feltet sektordelt n\u00e5r det kommer til formidling og tilgjengeliggj\u00f8ring av materiale. Arkivene bruker ofte <em>Digitalarkivet<\/em>, museene bruker <em>Digitalt museum<\/em> og bibliotekene har sine tjenester. Samtidig er mye av materialet som formidles overlappende, for eksempel kan ulike foto fra samme fotosamling havne i de ulike tjenestene. Det betyr at brukerne ofte m\u00e5 benytte flere tjenester for \u00e5 se helheten.<\/p>\n\n\n\n<p>Sammen med gode krefter innen hele ABM-feltet m\u00e5 vi jobbe med \u00e5 utvikle bedre muligheter for tilgang til materiale p\u00e5 tvers av tjenester og systemer som er sektorspesifikke. Ved \u00e5 samarbeide om metadata, og i mest mulig grad satse p\u00e5 felles standarder, vil det p\u00e5 lang sikt v\u00e6re mulig \u00e5 gj\u00f8re materiale tilgjengelig for brukere p\u00e5 tvers av sektorer.<\/p>\n","protected":false},"excerpt":{"rendered":"","protected":false},"author":1312,"featured_media":472,"parent":478,"menu_order":0,"comment_status":"closed","ping_status":"closed","template":"","meta":{"nb_hide_title":false,"sub_navigation_option":"","sub_navigation_custom_items":null,"footnotes":""},"class_list":["post-380","page","type-page","status-publish","has-post-thumbnail","hentry"],"yoast_head":"<!-- This site is optimized with the Yoast SEO Premium plugin v27.1 (Yoast SEO v27.1.1) - https:\/\/yoast.com\/product\/yoast-seo-premium-wordpress\/ -->\n<title>Metadata - data om data - Kulturarvdigitalisering<\/title>\n<meta name=\"description\" content=\"I digitaliseringsprosessen legger vi kun til teknisk metadata, vi produserer ikke metadata om innholdet i materialet.\" \/>\n<meta name=\"robots\" content=\"index, follow, max-snippet:-1, max-image-preview:large, max-video-preview:-1\" \/>\n<link rel=\"canonical\" href=\"https:\/\/beta.bibliotekutvikling.no\/abmdig\/senter-for-kulturarvdigitalisering\/praktisk-gjennomforing\/metadata-eller-data-om-data\/\" \/>\n<meta property=\"og:locale\" content=\"nb_NO\" \/>\n<meta property=\"og:type\" content=\"article\" \/>\n<meta property=\"og:title\" content=\"Metadata - data om data\" \/>\n<meta property=\"og:description\" content=\"I digitaliseringsprosessen legger vi kun til teknisk metadata, vi produserer ikke metadata om innholdet i materialet.\" \/>\n<meta property=\"og:url\" content=\"https:\/\/beta.bibliotekutvikling.no\/abmdig\/senter-for-kulturarvdigitalisering\/praktisk-gjennomforing\/metadata-eller-data-om-data\/\" \/>\n<meta property=\"og:site_name\" content=\"Kulturarvdigitalisering\" \/>\n<meta property=\"article:modified_time\" content=\"2025-01-06T10:41:38+00:00\" \/>\n<meta property=\"og:image\" content=\"https:\/\/beta.bibliotekutvikling.no\/content\/uploads\/sites\/14\/2020\/03\/20150216-musikk-nb-031-1-scaled.jpg\" \/>\n\t<meta property=\"og:image:width\" content=\"2560\" \/>\n\t<meta property=\"og:image:height\" content=\"1871\" \/>\n\t<meta property=\"og:image:type\" content=\"image\/jpeg\" \/>\n<meta name=\"twitter:card\" content=\"summary_large_image\" \/>\n<meta name=\"twitter:label1\" content=\"Ansl. lesetid\" \/>\n\t<meta name=\"twitter:data1\" content=\"3 minutter\" \/>\n<script type=\"application\/ld+json\" class=\"yoast-schema-graph\">{\"@context\":\"https:\/\/schema.org\",\"@graph\":[{\"@type\":\"WebPage\",\"@id\":\"https:\/\/beta.bibliotekutvikling.no\/abmdig\/senter-for-kulturarvdigitalisering\/praktisk-gjennomforing\/metadata-eller-data-om-data\/\",\"url\":\"https:\/\/beta.bibliotekutvikling.no\/abmdig\/senter-for-kulturarvdigitalisering\/praktisk-gjennomforing\/metadata-eller-data-om-data\/\",\"name\":\"Metadata - data om data - Kulturarvdigitalisering\",\"isPartOf\":{\"@id\":\"https:\/\/beta.bibliotekutvikling.no\/abmdig\/#website\"},\"primaryImageOfPage\":{\"@id\":\"https:\/\/beta.bibliotekutvikling.no\/abmdig\/senter-for-kulturarvdigitalisering\/praktisk-gjennomforing\/metadata-eller-data-om-data\/#primaryimage\"},\"image\":{\"@id\":\"https:\/\/beta.bibliotekutvikling.no\/abmdig\/senter-for-kulturarvdigitalisering\/praktisk-gjennomforing\/metadata-eller-data-om-data\/#primaryimage\"},\"thumbnailUrl\":\"https:\/\/beta.bibliotekutvikling.no\/content\/uploads\/sites\/14\/2020\/03\/20150216-musikk-nb-031-1-scaled.jpg\",\"datePublished\":\"2020-03-05T14:34:45+00:00\",\"dateModified\":\"2025-01-06T10:41:38+00:00\",\"description\":\"I digitaliseringsprosessen legger vi kun til teknisk metadata, vi produserer ikke metadata om innholdet i materialet.\",\"breadcrumb\":{\"@id\":\"https:\/\/beta.bibliotekutvikling.no\/abmdig\/senter-for-kulturarvdigitalisering\/praktisk-gjennomforing\/metadata-eller-data-om-data\/#breadcrumb\"},\"inLanguage\":\"nb-NO\",\"potentialAction\":[{\"@type\":\"ReadAction\",\"target\":[\"https:\/\/beta.bibliotekutvikling.no\/abmdig\/senter-for-kulturarvdigitalisering\/praktisk-gjennomforing\/metadata-eller-data-om-data\/\"]}]},{\"@type\":\"ImageObject\",\"inLanguage\":\"nb-NO\",\"@id\":\"https:\/\/beta.bibliotekutvikling.no\/abmdig\/senter-for-kulturarvdigitalisering\/praktisk-gjennomforing\/metadata-eller-data-om-data\/#primaryimage\",\"url\":\"https:\/\/beta.bibliotekutvikling.no\/content\/uploads\/sites\/14\/2020\/03\/20150216-musikk-nb-031-1-scaled.jpg\",\"contentUrl\":\"https:\/\/beta.bibliotekutvikling.no\/content\/uploads\/sites\/14\/2020\/03\/20150216-musikk-nb-031-1-scaled.jpg\",\"width\":2560,\"height\":1871,\"caption\":\"CD plater\"},{\"@type\":\"BreadcrumbList\",\"@id\":\"https:\/\/beta.bibliotekutvikling.no\/abmdig\/senter-for-kulturarvdigitalisering\/praktisk-gjennomforing\/metadata-eller-data-om-data\/#breadcrumb\",\"itemListElement\":[{\"@type\":\"ListItem\",\"position\":1,\"name\":\"Hjem\",\"item\":\"https:\/\/beta.bibliotekutvikling.no\/abmdig\/\"},{\"@type\":\"ListItem\",\"position\":2,\"name\":\"Vi digitaliserer Norges kulturarv &#8211; abmdig\",\"item\":\"https:\/\/beta.bibliotekutvikling.no\/abmdig\/\"},{\"@type\":\"ListItem\",\"position\":3,\"name\":\"Praktisk gjennomf\u00f8ring\",\"item\":\"https:\/\/beta.bibliotekutvikling.no\/abmdig\/senter-for-kulturarvdigitalisering\/praktisk-gjennomforing\/\"},{\"@type\":\"ListItem\",\"position\":4,\"name\":\"Metadata &#8211; data om data\"}]},{\"@type\":\"WebSite\",\"@id\":\"https:\/\/beta.bibliotekutvikling.no\/abmdig\/#website\",\"url\":\"https:\/\/beta.bibliotekutvikling.no\/abmdig\/\",\"name\":\"Nasjonalbiblioteket | Kulturarvdigitalisering\",\"description\":\"\",\"potentialAction\":[{\"@type\":\"SearchAction\",\"target\":{\"@type\":\"EntryPoint\",\"urlTemplate\":\"https:\/\/beta.bibliotekutvikling.no\/abmdig\/?s={search_term_string}\"},\"query-input\":{\"@type\":\"PropertyValueSpecification\",\"valueRequired\":true,\"valueName\":\"search_term_string\"}}],\"inLanguage\":\"nb-NO\"}]}<\/script>\n<!-- \/ Yoast SEO Premium plugin. -->","yoast_head_json":{"title":"Metadata - data om data - Kulturarvdigitalisering","description":"I digitaliseringsprosessen legger vi kun til teknisk metadata, vi produserer ikke metadata om innholdet i materialet.","robots":{"index":"index","follow":"follow","max-snippet":"max-snippet:-1","max-image-preview":"max-image-preview:large","max-video-preview":"max-video-preview:-1"},"canonical":"https:\/\/beta.bibliotekutvikling.no\/abmdig\/senter-for-kulturarvdigitalisering\/praktisk-gjennomforing\/metadata-eller-data-om-data\/","og_locale":"nb_NO","og_type":"article","og_title":"Metadata - data om data","og_description":"I digitaliseringsprosessen legger vi kun til teknisk metadata, vi produserer ikke metadata om innholdet i materialet.","og_url":"https:\/\/beta.bibliotekutvikling.no\/abmdig\/senter-for-kulturarvdigitalisering\/praktisk-gjennomforing\/metadata-eller-data-om-data\/","og_site_name":"Kulturarvdigitalisering","article_modified_time":"2025-01-06T10:41:38+00:00","og_image":[{"width":2560,"height":1871,"url":"https:\/\/beta.bibliotekutvikling.no\/content\/uploads\/sites\/14\/2020\/03\/20150216-musikk-nb-031-1-scaled.jpg","type":"image\/jpeg"}],"twitter_card":"summary_large_image","twitter_misc":{"Ansl. lesetid":"3 minutter"},"schema":{"@context":"https:\/\/schema.org","@graph":[{"@type":"WebPage","@id":"https:\/\/beta.bibliotekutvikling.no\/abmdig\/senter-for-kulturarvdigitalisering\/praktisk-gjennomforing\/metadata-eller-data-om-data\/","url":"https:\/\/beta.bibliotekutvikling.no\/abmdig\/senter-for-kulturarvdigitalisering\/praktisk-gjennomforing\/metadata-eller-data-om-data\/","name":"Metadata - data om data - Kulturarvdigitalisering","isPartOf":{"@id":"https:\/\/beta.bibliotekutvikling.no\/abmdig\/#website"},"primaryImageOfPage":{"@id":"https:\/\/beta.bibliotekutvikling.no\/abmdig\/senter-for-kulturarvdigitalisering\/praktisk-gjennomforing\/metadata-eller-data-om-data\/#primaryimage"},"image":{"@id":"https:\/\/beta.bibliotekutvikling.no\/abmdig\/senter-for-kulturarvdigitalisering\/praktisk-gjennomforing\/metadata-eller-data-om-data\/#primaryimage"},"thumbnailUrl":"https:\/\/beta.bibliotekutvikling.no\/content\/uploads\/sites\/14\/2020\/03\/20150216-musikk-nb-031-1-scaled.jpg","datePublished":"2020-03-05T14:34:45+00:00","dateModified":"2025-01-06T10:41:38+00:00","description":"I digitaliseringsprosessen legger vi kun til teknisk metadata, vi produserer ikke metadata om innholdet i materialet.","breadcrumb":{"@id":"https:\/\/beta.bibliotekutvikling.no\/abmdig\/senter-for-kulturarvdigitalisering\/praktisk-gjennomforing\/metadata-eller-data-om-data\/#breadcrumb"},"inLanguage":"nb-NO","potentialAction":[{"@type":"ReadAction","target":["https:\/\/beta.bibliotekutvikling.no\/abmdig\/senter-for-kulturarvdigitalisering\/praktisk-gjennomforing\/metadata-eller-data-om-data\/"]}]},{"@type":"ImageObject","inLanguage":"nb-NO","@id":"https:\/\/beta.bibliotekutvikling.no\/abmdig\/senter-for-kulturarvdigitalisering\/praktisk-gjennomforing\/metadata-eller-data-om-data\/#primaryimage","url":"https:\/\/beta.bibliotekutvikling.no\/content\/uploads\/sites\/14\/2020\/03\/20150216-musikk-nb-031-1-scaled.jpg","contentUrl":"https:\/\/beta.bibliotekutvikling.no\/content\/uploads\/sites\/14\/2020\/03\/20150216-musikk-nb-031-1-scaled.jpg","width":2560,"height":1871,"caption":"CD plater"},{"@type":"BreadcrumbList","@id":"https:\/\/beta.bibliotekutvikling.no\/abmdig\/senter-for-kulturarvdigitalisering\/praktisk-gjennomforing\/metadata-eller-data-om-data\/#breadcrumb","itemListElement":[{"@type":"ListItem","position":1,"name":"Hjem","item":"https:\/\/beta.bibliotekutvikling.no\/abmdig\/"},{"@type":"ListItem","position":2,"name":"Vi digitaliserer Norges kulturarv &#8211; abmdig","item":"https:\/\/beta.bibliotekutvikling.no\/abmdig\/"},{"@type":"ListItem","position":3,"name":"Praktisk gjennomf\u00f8ring","item":"https:\/\/beta.bibliotekutvikling.no\/abmdig\/senter-for-kulturarvdigitalisering\/praktisk-gjennomforing\/"},{"@type":"ListItem","position":4,"name":"Metadata &#8211; data om data"}]},{"@type":"WebSite","@id":"https:\/\/beta.bibliotekutvikling.no\/abmdig\/#website","url":"https:\/\/beta.bibliotekutvikling.no\/abmdig\/","name":"Nasjonalbiblioteket | Kulturarvdigitalisering","description":"","potentialAction":[{"@type":"SearchAction","target":{"@type":"EntryPoint","urlTemplate":"https:\/\/beta.bibliotekutvikling.no\/abmdig\/?s={search_term_string}"},"query-input":{"@type":"PropertyValueSpecification","valueRequired":true,"valueName":"search_term_string"}}],"inLanguage":"nb-NO"}]}},"_links":{"self":[{"href":"https:\/\/beta.bibliotekutvikling.no\/abmdig\/wp-json\/wp\/v2\/pages\/380","targetHints":{"allow":["GET"]}}],"collection":[{"href":"https:\/\/beta.bibliotekutvikling.no\/abmdig\/wp-json\/wp\/v2\/pages"}],"about":[{"href":"https:\/\/beta.bibliotekutvikling.no\/abmdig\/wp-json\/wp\/v2\/types\/page"}],"author":[{"embeddable":true,"href":"https:\/\/beta.bibliotekutvikling.no\/abmdig\/wp-json\/wp\/v2\/users\/1312"}],"replies":[{"embeddable":true,"href":"https:\/\/beta.bibliotekutvikling.no\/abmdig\/wp-json\/wp\/v2\/comments?post=380"}],"version-history":[{"count":4,"href":"https:\/\/beta.bibliotekutvikling.no\/abmdig\/wp-json\/wp\/v2\/pages\/380\/revisions"}],"predecessor-version":[{"id":3570,"href":"https:\/\/beta.bibliotekutvikling.no\/abmdig\/wp-json\/wp\/v2\/pages\/380\/revisions\/3570"}],"up":[{"embeddable":true,"href":"https:\/\/beta.bibliotekutvikling.no\/abmdig\/wp-json\/wp\/v2\/pages\/478"}],"wp:featuredmedia":[{"embeddable":true,"href":"https:\/\/beta.bibliotekutvikling.no\/abmdig\/wp-json\/wp\/v2\/media\/472"}],"wp:attachment":[{"href":"https:\/\/beta.bibliotekutvikling.no\/abmdig\/wp-json\/wp\/v2\/media?parent=380"}],"curies":[{"name":"wp","href":"https:\/\/api.w.org\/{rel}","templated":true}]}}