{"id":523,"date":"2020-04-14T13:34:10","date_gmt":"2020-04-14T11:34:10","guid":{"rendered":"https:\/\/abmdig.no\/?page_id=523"},"modified":"2025-01-06T13:40:25","modified_gmt":"2025-01-06T12:40:25","slug":"hva-leverer-vi","status":"publish","type":"page","link":"https:\/\/beta.bibliotekutvikling.no\/abmdig\/hva-leverer-vi\/","title":{"rendered":"Kva f\u00e5r dykk fr\u00e5 oss?"},"content":{"rendered":"\n<h3 class=\"wp-block-heading\" id=\"h-digitaliseringssatsinga-betyr-i-hovudsak-to-ting-for-abm-institusjonar\"><strong><strong>Digitaliseringssatsinga betyr i hovudsak to ting for ABM-institusjonar:<\/strong><\/strong><\/h3>\n\n\n\n<ul class=\"wp-block-list\">\n<li>Kostnadsfri* leveranse av digitale filer<\/li>\n\n\n\n<li>Det digitale materialet blir bevart i omgivnader som sikrar tiln\u00e6rma \u00abevig liv\u00bb for innhaldet.<\/li>\n<\/ul>\n\n\n\n<p>Tilgangen p\u00e5 digitale filer vil forenkla arbeidet med formidling og tilgjengeleggjering av kulturarvmateriale som elles kunne vorte liggjande utilgjengeleg i magasin rundt om i Noreg.<\/p>\n\n\n\n<figure class=\"wp-block-image size-large\"><img loading=\"lazy\" decoding=\"async\" width=\"1024\" height=\"384\" src=\"https:\/\/abmdig.no\/content\/uploads\/sites\/14\/2020\/08\/2016-NB-digital-2-007-1024x384.jpg\" alt=\"Dataserver\" class=\"wp-image-905\" srcset=\"https:\/\/beta.bibliotekutvikling.no\/content\/uploads\/sites\/14\/2020\/08\/2016-NB-digital-2-007-1024x384.jpg 1024w, https:\/\/beta.bibliotekutvikling.no\/content\/uploads\/sites\/14\/2020\/08\/2016-NB-digital-2-007-300x113.jpg 300w, https:\/\/beta.bibliotekutvikling.no\/content\/uploads\/sites\/14\/2020\/08\/2016-NB-digital-2-007-768x288.jpg 768w, https:\/\/beta.bibliotekutvikling.no\/content\/uploads\/sites\/14\/2020\/08\/2016-NB-digital-2-007.jpg 1280w\" sizes=\"auto, (max-width: 1024px) 100vw, 1024px\" \/><\/figure>\n\n\n\n<p><strong>Ulike filtypar<\/strong><br>I digitaliseringsprosessen blir det generert forholdsvis tunge bevaringsfiler. Av erfaring er ikkje alle interesserte i denne typen filer, d\u00e5 dei krev mykje plass og kapasitet. Leveransane fr\u00e5 oss kan derfor like gjerne vera lettare bruksfiler i formidlingskvalitet dersom de heller vil ha det. Den originale fila blir uansett teken vare p\u00e5 under optimale forhold.<\/p>\n\n\n<ul class=\"t2-link-list has-1-items has-auto-columns wp-block-t2-link-list\">\n\t<li class=\"t2-link-list-item wp-block-t2-link-list-item\">\n\t\t<a\n\t\t\thref=\"https:\/\/abmdig.no\/filstorrelser\/\"\n\t\t\tclass=\"t2-link-list-item__link t2-link-list__icon--right\"\n\t\t\t\t\t>\n\t\t\t<span class=\"t2-link-list-item__icon\"><span class=\"t2-link-list-item__icon-box\"><\/span><svg xmlns=\"http:\/\/www.w3.org\/2000\/svg\" viewBox=\"0 0 24 24\" height=\"24\" width=\"24\" class=\"t2-icon t2-icon-external\" aria-hidden=\"true\" focusable=\"false\"><path d=\"M19 19H5V5h7V3H3v18h18v-9h-2v7zM14 3v2h3.6l-9.8 9.8 1.4 1.4L19 6.4V10h2V3h-7z\"\/><\/svg><\/span>\t\t\t<div class=\"t2-link-list-item__content\">\n\n\t\t\t\t\n\t\t\t\t<span id=\"link-list-item-text\" class=\"t2-link-list-item__text\">\n\t\t\t\t\tEksempler p\u00e5 filstorleikar ut fr\u00e5 filtypar og format\t\t\t\t<\/span>\n\t\t\t\t\t\t\t<\/div>\n\t\t<\/a>\n\t<\/li>\n\t\n<\/ul>\n\n\n<p><strong>H\u00f8gteknologisk lagringsteknologi<\/strong><br>Digital langtidsbevaring i Nasjonalbiblioteket skjer i form av at det blir lagra fleire ulike kopiar, i god kvalitet, p\u00e5 fleire ulike typar lagringsteknologiar, p\u00e5 ulike fysiske lokasjonar. Lagringsmedia har kortare levetid enn filene, s\u00e5 det skjer kontinuerleg overflytting fr\u00e5 gamle lagringsmedium til nye lagringsmedium. <br><br>I framtida vil det ogs\u00e5 bli gjennomf\u00f8rte migreringar fr\u00e5 filtypar som er i ferd med \u00e5 bli forelda, til nye filtypar. Slike migreringar vil skje sjeldan, men det er forventa at det m\u00e5 gjerast av og til i l\u00f8pet av dei hundre\u00e5ra filene skal leva.<br><br>I 2022 stod det nye digitale sikringsmagasinet i Nasjonalbiblioteket ferdig. Det har ein kapasitet p\u00e5 mange hundre petabytes.<\/p>\n\n\n\n<p><strong>F\u00f8retrekte filformat i digital bevaring<\/strong><br>Nasjonalbiblioteket har utarbeidd ei liste med filformat som blir f\u00f8retrekte i arbeidet med digital bevaring. Lista vil bli revidert \u00e5rleg.<\/p>\n\n\n<ul class=\"t2-link-list has-1-items has-auto-columns wp-block-t2-link-list\">\n\t<li class=\"t2-link-list-item wp-block-t2-link-list-item\">\n\t\t<a\n\t\t\thref=\"https:\/\/digitalpreservation-blog.nb.no\/docs\/formats\/preferred-formats-no\/\"\n\t\t\tclass=\"t2-link-list-item__link t2-link-list__icon--right\"\n\t\t\trel=\"noreferrer noopener\" target=\"_blank\"\t\t>\n\t\t\t<span class=\"t2-link-list-item__icon\"><span class=\"t2-link-list-item__icon-box\"><\/span><svg xmlns=\"http:\/\/www.w3.org\/2000\/svg\" viewBox=\"0 0 24 24\" height=\"24\" width=\"24\" class=\"t2-icon t2-icon-external\" aria-hidden=\"true\" focusable=\"false\"><path d=\"M19 19H5V5h7V3H3v18h18v-9h-2v7zM14 3v2h3.6l-9.8 9.8 1.4 1.4L19 6.4V10h2V3h-7z\"\/><\/svg><\/span>\t\t\t<div class=\"t2-link-list-item__content\">\n\n\t\t\t\t\n\t\t\t\t<span id=\"link-list-item-text-1\" class=\"t2-link-list-item__text\">\n\t\t\t\t\tListe over f\u00f8retrekte digitale format i NB\t\t\t\t<\/span>\n\t\t\t\t\t\t\t<\/div>\n\t\t<\/a>\n\t<\/li>\n\t\n<\/ul>\n\n\n<p><strong>Kostnader<\/strong><br>B\u00e5de sj\u00f8lve digitaliseringa og den digitale langtidsbevaringa blir finansiert av grunnl\u00f8yvinga Stortinget har gitt Nasjonalbiblioteket. Det kjem derfor ingen kostnader for institusjonane. <br><br><strong>*Dei som sender materiale til oss for digitalisering vil likevel m\u00e5tta betala frakt av materialet til Mo i Rana.<\/strong><\/p>\n\n\n\n<p><strong>Bevaring av analogt materiale<\/strong><br>Viss det er \u00f8nskjeleg kan me inng\u00e5 <a href=\"https:\/\/abmdig.no\/praktisk-gjennomforing\/avtaler\/\"><strong>avtale<\/strong><\/a> som inneber at Nasjonalbiblioteket ogs\u00e5 skal bevara det analoge materialet.<\/p>\n","protected":false},"excerpt":{"rendered":"","protected":false},"author":1312,"featured_media":907,"parent":0,"menu_order":0,"comment_status":"closed","ping_status":"closed","template":"","meta":{"nb_hide_title":false,"sub_navigation_option":"","sub_navigation_custom_items":null,"footnotes":""},"class_list":["post-523","page","type-page","status-publish","has-post-thumbnail","hentry"],"yoast_head":"<!-- This site is optimized with the Yoast SEO Premium plugin v27.1 (Yoast SEO v27.1.1) - https:\/\/yoast.com\/product\/yoast-seo-premium-wordpress\/ -->\n<title>Kva f\u00e5r dykk fr\u00e5 oss? - Kulturarvdigitalisering<\/title>\n<meta name=\"description\" content=\"Ved digitalisering av kulturarvsmateriale ved Nasjonalbiblioteket vil ABM-institusjonar f\u00e5r digitale filer, digital bevaring og moglegheit for bevaring av analogt materiale.\" \/>\n<meta name=\"robots\" content=\"index, follow, max-snippet:-1, max-image-preview:large, max-video-preview:-1\" \/>\n<link rel=\"canonical\" href=\"https:\/\/beta.bibliotekutvikling.no\/abmdig\/hva-leverer-vi\/\" \/>\n<meta property=\"og:locale\" content=\"nb_NO\" \/>\n<meta property=\"og:type\" content=\"article\" \/>\n<meta property=\"og:title\" content=\"Kva f\u00e5r dykk fr\u00e5 oss?\" \/>\n<meta property=\"og:description\" content=\"Ved digitalisering av kulturarvsmateriale ved Nasjonalbiblioteket vil ABM-institusjonar f\u00e5r digitale filer, digital bevaring og moglegheit for bevaring av analogt materiale.\" \/>\n<meta property=\"og:url\" content=\"https:\/\/beta.bibliotekutvikling.no\/abmdig\/hva-leverer-vi\/\" \/>\n<meta property=\"og:site_name\" content=\"Kulturarvdigitalisering\" \/>\n<meta property=\"article:modified_time\" content=\"2025-01-06T12:40:25+00:00\" \/>\n<meta property=\"og:image\" content=\"https:\/\/beta.bibliotekutvikling.no\/content\/uploads\/sites\/14\/2020\/08\/2016-NB-digital-1-044.jpg\" \/>\n\t<meta property=\"og:image:width\" content=\"1280\" \/>\n\t<meta property=\"og:image:height\" content=\"1011\" \/>\n\t<meta property=\"og:image:type\" content=\"image\/jpeg\" \/>\n<meta name=\"twitter:card\" content=\"summary_large_image\" \/>\n<meta name=\"twitter:label1\" content=\"Ansl. lesetid\" \/>\n\t<meta name=\"twitter:data1\" content=\"3 minutter\" \/>\n<script type=\"application\/ld+json\" class=\"yoast-schema-graph\">{\"@context\":\"https:\/\/schema.org\",\"@graph\":[{\"@type\":\"WebPage\",\"@id\":\"https:\/\/beta.bibliotekutvikling.no\/abmdig\/hva-leverer-vi\/\",\"url\":\"https:\/\/beta.bibliotekutvikling.no\/abmdig\/hva-leverer-vi\/\",\"name\":\"Kva f\u00e5r dykk fr\u00e5 oss? - Kulturarvdigitalisering\",\"isPartOf\":{\"@id\":\"https:\/\/beta.bibliotekutvikling.no\/abmdig\/#website\"},\"primaryImageOfPage\":{\"@id\":\"https:\/\/beta.bibliotekutvikling.no\/abmdig\/hva-leverer-vi\/#primaryimage\"},\"image\":{\"@id\":\"https:\/\/beta.bibliotekutvikling.no\/abmdig\/hva-leverer-vi\/#primaryimage\"},\"thumbnailUrl\":\"https:\/\/beta.bibliotekutvikling.no\/content\/uploads\/sites\/14\/2020\/08\/2016-NB-digital-1-044.jpg\",\"datePublished\":\"2020-04-14T11:34:10+00:00\",\"dateModified\":\"2025-01-06T12:40:25+00:00\",\"description\":\"Ved digitalisering av kulturarvsmateriale ved Nasjonalbiblioteket vil ABM-institusjonar f\u00e5r digitale filer, digital bevaring og moglegheit for bevaring av analogt materiale.\",\"breadcrumb\":{\"@id\":\"https:\/\/beta.bibliotekutvikling.no\/abmdig\/hva-leverer-vi\/#breadcrumb\"},\"inLanguage\":\"nb-NO\",\"potentialAction\":[{\"@type\":\"ReadAction\",\"target\":[\"https:\/\/beta.bibliotekutvikling.no\/abmdig\/hva-leverer-vi\/\"]}]},{\"@type\":\"ImageObject\",\"inLanguage\":\"nb-NO\",\"@id\":\"https:\/\/beta.bibliotekutvikling.no\/abmdig\/hva-leverer-vi\/#primaryimage\",\"url\":\"https:\/\/beta.bibliotekutvikling.no\/content\/uploads\/sites\/14\/2020\/08\/2016-NB-digital-1-044.jpg\",\"contentUrl\":\"https:\/\/beta.bibliotekutvikling.no\/content\/uploads\/sites\/14\/2020\/08\/2016-NB-digital-1-044.jpg\",\"width\":1280,\"height\":1011,\"caption\":\"Dataservere\"},{\"@type\":\"BreadcrumbList\",\"@id\":\"https:\/\/beta.bibliotekutvikling.no\/abmdig\/hva-leverer-vi\/#breadcrumb\",\"itemListElement\":[{\"@type\":\"ListItem\",\"position\":1,\"name\":\"Hjem\",\"item\":\"https:\/\/beta.bibliotekutvikling.no\/abmdig\/\"},{\"@type\":\"ListItem\",\"position\":2,\"name\":\"Kva f\u00e5r dykk fr\u00e5 oss?\"}]},{\"@type\":\"WebSite\",\"@id\":\"https:\/\/beta.bibliotekutvikling.no\/abmdig\/#website\",\"url\":\"https:\/\/beta.bibliotekutvikling.no\/abmdig\/\",\"name\":\"Nasjonalbiblioteket | Kulturarvdigitalisering\",\"description\":\"\",\"potentialAction\":[{\"@type\":\"SearchAction\",\"target\":{\"@type\":\"EntryPoint\",\"urlTemplate\":\"https:\/\/beta.bibliotekutvikling.no\/abmdig\/?s={search_term_string}\"},\"query-input\":{\"@type\":\"PropertyValueSpecification\",\"valueRequired\":true,\"valueName\":\"search_term_string\"}}],\"inLanguage\":\"nb-NO\"}]}<\/script>\n<!-- \/ Yoast SEO Premium plugin. -->","yoast_head_json":{"title":"Kva f\u00e5r dykk fr\u00e5 oss? - Kulturarvdigitalisering","description":"Ved digitalisering av kulturarvsmateriale ved Nasjonalbiblioteket vil ABM-institusjonar f\u00e5r digitale filer, digital bevaring og moglegheit for bevaring av analogt materiale.","robots":{"index":"index","follow":"follow","max-snippet":"max-snippet:-1","max-image-preview":"max-image-preview:large","max-video-preview":"max-video-preview:-1"},"canonical":"https:\/\/beta.bibliotekutvikling.no\/abmdig\/hva-leverer-vi\/","og_locale":"nb_NO","og_type":"article","og_title":"Kva f\u00e5r dykk fr\u00e5 oss?","og_description":"Ved digitalisering av kulturarvsmateriale ved Nasjonalbiblioteket vil ABM-institusjonar f\u00e5r digitale filer, digital bevaring og moglegheit for bevaring av analogt materiale.","og_url":"https:\/\/beta.bibliotekutvikling.no\/abmdig\/hva-leverer-vi\/","og_site_name":"Kulturarvdigitalisering","article_modified_time":"2025-01-06T12:40:25+00:00","og_image":[{"width":1280,"height":1011,"url":"https:\/\/beta.bibliotekutvikling.no\/content\/uploads\/sites\/14\/2020\/08\/2016-NB-digital-1-044.jpg","type":"image\/jpeg"}],"twitter_card":"summary_large_image","twitter_misc":{"Ansl. lesetid":"3 minutter"},"schema":{"@context":"https:\/\/schema.org","@graph":[{"@type":"WebPage","@id":"https:\/\/beta.bibliotekutvikling.no\/abmdig\/hva-leverer-vi\/","url":"https:\/\/beta.bibliotekutvikling.no\/abmdig\/hva-leverer-vi\/","name":"Kva f\u00e5r dykk fr\u00e5 oss? - Kulturarvdigitalisering","isPartOf":{"@id":"https:\/\/beta.bibliotekutvikling.no\/abmdig\/#website"},"primaryImageOfPage":{"@id":"https:\/\/beta.bibliotekutvikling.no\/abmdig\/hva-leverer-vi\/#primaryimage"},"image":{"@id":"https:\/\/beta.bibliotekutvikling.no\/abmdig\/hva-leverer-vi\/#primaryimage"},"thumbnailUrl":"https:\/\/beta.bibliotekutvikling.no\/content\/uploads\/sites\/14\/2020\/08\/2016-NB-digital-1-044.jpg","datePublished":"2020-04-14T11:34:10+00:00","dateModified":"2025-01-06T12:40:25+00:00","description":"Ved digitalisering av kulturarvsmateriale ved Nasjonalbiblioteket vil ABM-institusjonar f\u00e5r digitale filer, digital bevaring og moglegheit for bevaring av analogt materiale.","breadcrumb":{"@id":"https:\/\/beta.bibliotekutvikling.no\/abmdig\/hva-leverer-vi\/#breadcrumb"},"inLanguage":"nb-NO","potentialAction":[{"@type":"ReadAction","target":["https:\/\/beta.bibliotekutvikling.no\/abmdig\/hva-leverer-vi\/"]}]},{"@type":"ImageObject","inLanguage":"nb-NO","@id":"https:\/\/beta.bibliotekutvikling.no\/abmdig\/hva-leverer-vi\/#primaryimage","url":"https:\/\/beta.bibliotekutvikling.no\/content\/uploads\/sites\/14\/2020\/08\/2016-NB-digital-1-044.jpg","contentUrl":"https:\/\/beta.bibliotekutvikling.no\/content\/uploads\/sites\/14\/2020\/08\/2016-NB-digital-1-044.jpg","width":1280,"height":1011,"caption":"Dataservere"},{"@type":"BreadcrumbList","@id":"https:\/\/beta.bibliotekutvikling.no\/abmdig\/hva-leverer-vi\/#breadcrumb","itemListElement":[{"@type":"ListItem","position":1,"name":"Hjem","item":"https:\/\/beta.bibliotekutvikling.no\/abmdig\/"},{"@type":"ListItem","position":2,"name":"Kva f\u00e5r dykk fr\u00e5 oss?"}]},{"@type":"WebSite","@id":"https:\/\/beta.bibliotekutvikling.no\/abmdig\/#website","url":"https:\/\/beta.bibliotekutvikling.no\/abmdig\/","name":"Nasjonalbiblioteket | Kulturarvdigitalisering","description":"","potentialAction":[{"@type":"SearchAction","target":{"@type":"EntryPoint","urlTemplate":"https:\/\/beta.bibliotekutvikling.no\/abmdig\/?s={search_term_string}"},"query-input":{"@type":"PropertyValueSpecification","valueRequired":true,"valueName":"search_term_string"}}],"inLanguage":"nb-NO"}]}},"_links":{"self":[{"href":"https:\/\/beta.bibliotekutvikling.no\/abmdig\/wp-json\/wp\/v2\/pages\/523","targetHints":{"allow":["GET"]}}],"collection":[{"href":"https:\/\/beta.bibliotekutvikling.no\/abmdig\/wp-json\/wp\/v2\/pages"}],"about":[{"href":"https:\/\/beta.bibliotekutvikling.no\/abmdig\/wp-json\/wp\/v2\/types\/page"}],"author":[{"embeddable":true,"href":"https:\/\/beta.bibliotekutvikling.no\/abmdig\/wp-json\/wp\/v2\/users\/1312"}],"replies":[{"embeddable":true,"href":"https:\/\/beta.bibliotekutvikling.no\/abmdig\/wp-json\/wp\/v2\/comments?post=523"}],"version-history":[{"count":4,"href":"https:\/\/beta.bibliotekutvikling.no\/abmdig\/wp-json\/wp\/v2\/pages\/523\/revisions"}],"predecessor-version":[{"id":3620,"href":"https:\/\/beta.bibliotekutvikling.no\/abmdig\/wp-json\/wp\/v2\/pages\/523\/revisions\/3620"}],"wp:featuredmedia":[{"embeddable":true,"href":"https:\/\/beta.bibliotekutvikling.no\/abmdig\/wp-json\/wp\/v2\/media\/907"}],"wp:attachment":[{"href":"https:\/\/beta.bibliotekutvikling.no\/abmdig\/wp-json\/wp\/v2\/media?parent=523"}],"curies":[{"name":"wp","href":"https:\/\/api.w.org\/{rel}","templated":true}]}}