{"id":544,"date":"2020-04-15T10:00:44","date_gmt":"2020-04-15T08:00:44","guid":{"rendered":"https:\/\/abmdig.no\/?page_id=544"},"modified":"2025-01-06T11:18:00","modified_gmt":"2025-01-06T10:18:00","slug":"digitalisering-av-boker-tidsskrift-og-aviser","status":"publish","type":"page","link":"https:\/\/beta.bibliotekutvikling.no\/abmdig\/senter-for-kulturarvdigitalisering\/praktisk-gjennomforing\/materiale-som-omfattes\/digitalisering-av-boker-tidsskrift-og-aviser\/","title":{"rendered":"Digitalisering av b\u00f8ker, tidsskrift og aviser"},"content":{"rendered":"\n<h2 class=\"wp-block-heading\" id=\"h-boker\"><strong>B\u00f8ker<\/strong><\/h2>\n\n\n\n<p>Vi n\u00e6rmer oss m\u00e5let om digitalisering av alle norske b\u00f8ker som finnes i Nasjonalbiblioteket. Det gjenst\u00e5r fortsatt noen, de fleste av disse er fra de siste ti \u00e5rene. Utgivelser som ikke finnes i NBs samlinger vil bli l\u00e5nt inn fra andre institusjoner og digitalisert, i stor grad vil dette gjelde lokale utgivelser som ikke er fanget opp av tidligere tiders pliktavlevering. De fleste nye b\u00f8ker som utgis vil etter hvert mottas digitalt og det blir dermed ikke n\u00f8dvendig med digitalisering av papirutgaven.<\/p>\n\n\n\n<h2 class=\"wp-block-heading\" id=\"h-tidsskrift\"><strong>Tidsskrift<\/strong><\/h2>\n\n\n\n<p>Nasjonalbiblioteket har de siste \u00e5rene systematisk digitalisert periodisk materiale som tidsskrift, blader, seriepublikasjoner og lignende. Det gjenst\u00e5r fremdeles noen hyllekilometer \u00e5 digitalisere, s\u00e5 denne aktiviteten vil p\u00e5g\u00e5 i lang tid framover. <\/p>\n\n\n\n<p>Hvis det er behov for \u00e5 f\u00e5 digitalisert spesielle titler vil disse kunne prioriteres <a href=\"https:\/\/abmdig.no\/kontakt-oss\/\">ved foresp\u00f8rsel<\/a>. I noen tilfeller vil eksemplarene som befinner seg i NB ikke v\u00e6re optimale for digitalisering. Det kan skyldes b\u00e5de kvalitet p\u00e5 dokumentene eller forhold rundt innbindingen. I slike tilfeller kan det hende at vi \u00f8nsker \u00e5 l\u00e5ne materialet for digitalisering. <\/p>\n\n\n\n<h2 class=\"wp-block-heading\" id=\"h-aviser\"><strong>Aviser<\/strong><\/h2>\n\n\n\n<p>De aller fleste avis\u00e5rgangene som har kommet ut i Norge finnes i Nasjonalbiblioteket og vil bli digitalisert. Det finnes imidlertid unntak, og b\u00e5de enkelthefter og enkelt\u00e5rganger kan mangle. Det finnes ogs\u00e5 noen f\u00e5 eksempler p\u00e5 titler som aldri ble avlevert til NB, som regel gjelder dette mindre utgivelser som bare eksisterte i en kort periode. <\/p>\n\n\n\n<h2 class=\"wp-block-heading\" id=\"h-vet-du-noe-som-mangler\"><strong>Vet du noe som mangler?<\/strong><\/h2>\n\n\n\n<p>Ta kontakt dersom dere vet om utgivelser som mangler i Nasjonalbibliotekets samling. <a href=\"https:\/\/abmdig.no\/boker-tidsskrift-og-aviser\/\">Vi er interessert i \u00e5 komplettere samlingen der vi mangler noe, eller \u00e5 l\u00e5ne materiale for digitalisering<\/a>. <\/p>\n\n\n<ul class=\"t2-link-list has-1-items has-auto-columns wp-block-t2-link-list\">\n\t<li class=\"t2-link-list-item wp-block-t2-link-list-item\">\n\t\t<a\n\t\t\thref=\"https:\/\/abmdig.no\/praktisk-gjennomforing\/materiale-som-omfattes\/\"\n\t\t\tclass=\"t2-link-list-item__link t2-link-list__icon--right\"\n\t\t\t\t\t>\n\t\t\t<span class=\"t2-link-list-item__icon\"><span class=\"t2-link-list-item__icon-box\"><\/span><svg xmlns=\"http:\/\/www.w3.org\/2000\/svg\" viewBox=\"0 0 24 24\" height=\"24\" width=\"24\" class=\"t2-icon t2-icon-external\" aria-hidden=\"true\" focusable=\"false\"><path d=\"M19 19H5V5h7V3H3v18h18v-9h-2v7zM14 3v2h3.6l-9.8 9.8 1.4 1.4L19 6.4V10h2V3h-7z\"\/><\/svg><\/span>\t\t\t<div class=\"t2-link-list-item__content\">\n\n\t\t\t\t\n\t\t\t\t<span id=\"link-list-item-text\" class=\"t2-link-list-item__text\">\n\t\t\t\t\tTilbake til materiale som omfattes\t\t\t\t<\/span>\n\t\t\t\t\t\t\t<\/div>\n\t\t<\/a>\n\t<\/li>\n\t\n<\/ul>","protected":false},"excerpt":{"rendered":"","protected":false},"author":1312,"featured_media":841,"parent":375,"menu_order":4,"comment_status":"closed","ping_status":"closed","template":"","meta":{"nb_hide_title":false,"sub_navigation_option":"","sub_navigation_custom_items":null,"footnotes":""},"class_list":["post-544","page","type-page","status-publish","has-post-thumbnail","hentry"],"yoast_head":"<!-- This site is optimized with the Yoast SEO Premium plugin v27.1 (Yoast SEO v27.1.1) - https:\/\/yoast.com\/product\/yoast-seo-premium-wordpress\/ -->\n<title>Digitalisering av b\u00f8ker, tidsskrift og aviser - Kulturarvdigitalisering<\/title>\n<meta name=\"robots\" content=\"index, follow, max-snippet:-1, max-image-preview:large, max-video-preview:-1\" \/>\n<link rel=\"canonical\" href=\"https:\/\/beta.bibliotekutvikling.no\/abmdig\/senter-for-kulturarvdigitalisering\/praktisk-gjennomforing\/materiale-som-omfattes\/digitalisering-av-boker-tidsskrift-og-aviser\/\" \/>\n<meta property=\"og:locale\" content=\"nb_NO\" \/>\n<meta property=\"og:type\" content=\"article\" \/>\n<meta property=\"og:title\" content=\"Digitalisering av b\u00f8ker, tidsskrift og aviser\" \/>\n<meta property=\"og:url\" content=\"https:\/\/beta.bibliotekutvikling.no\/abmdig\/senter-for-kulturarvdigitalisering\/praktisk-gjennomforing\/materiale-som-omfattes\/digitalisering-av-boker-tidsskrift-og-aviser\/\" \/>\n<meta property=\"og:site_name\" content=\"Kulturarvdigitalisering\" \/>\n<meta property=\"article:modified_time\" content=\"2025-01-06T10:18:00+00:00\" \/>\n<meta property=\"og:image\" content=\"https:\/\/beta.bibliotekutvikling.no\/content\/uploads\/sites\/14\/2020\/08\/bok1.jpg\" \/>\n\t<meta property=\"og:image:width\" content=\"1920\" \/>\n\t<meta property=\"og:image:height\" content=\"1701\" \/>\n\t<meta property=\"og:image:type\" content=\"image\/jpeg\" \/>\n<meta name=\"twitter:card\" content=\"summary_large_image\" \/>\n<meta name=\"twitter:label1\" content=\"Ansl. lesetid\" \/>\n\t<meta name=\"twitter:data1\" content=\"2 minutter\" \/>\n<script type=\"application\/ld+json\" class=\"yoast-schema-graph\">{\"@context\":\"https:\/\/schema.org\",\"@graph\":[{\"@type\":\"WebPage\",\"@id\":\"https:\/\/beta.bibliotekutvikling.no\/abmdig\/senter-for-kulturarvdigitalisering\/praktisk-gjennomforing\/materiale-som-omfattes\/digitalisering-av-boker-tidsskrift-og-aviser\/\",\"url\":\"https:\/\/beta.bibliotekutvikling.no\/abmdig\/senter-for-kulturarvdigitalisering\/praktisk-gjennomforing\/materiale-som-omfattes\/digitalisering-av-boker-tidsskrift-og-aviser\/\",\"name\":\"Digitalisering av b\u00f8ker, tidsskrift og aviser - Kulturarvdigitalisering\",\"isPartOf\":{\"@id\":\"https:\/\/beta.bibliotekutvikling.no\/abmdig\/#website\"},\"primaryImageOfPage\":{\"@id\":\"https:\/\/beta.bibliotekutvikling.no\/abmdig\/senter-for-kulturarvdigitalisering\/praktisk-gjennomforing\/materiale-som-omfattes\/digitalisering-av-boker-tidsskrift-og-aviser\/#primaryimage\"},\"image\":{\"@id\":\"https:\/\/beta.bibliotekutvikling.no\/abmdig\/senter-for-kulturarvdigitalisering\/praktisk-gjennomforing\/materiale-som-omfattes\/digitalisering-av-boker-tidsskrift-og-aviser\/#primaryimage\"},\"thumbnailUrl\":\"https:\/\/beta.bibliotekutvikling.no\/content\/uploads\/sites\/14\/2020\/08\/bok1.jpg\",\"datePublished\":\"2020-04-15T08:00:44+00:00\",\"dateModified\":\"2025-01-06T10:18:00+00:00\",\"breadcrumb\":{\"@id\":\"https:\/\/beta.bibliotekutvikling.no\/abmdig\/senter-for-kulturarvdigitalisering\/praktisk-gjennomforing\/materiale-som-omfattes\/digitalisering-av-boker-tidsskrift-og-aviser\/#breadcrumb\"},\"inLanguage\":\"nb-NO\",\"potentialAction\":[{\"@type\":\"ReadAction\",\"target\":[\"https:\/\/beta.bibliotekutvikling.no\/abmdig\/senter-for-kulturarvdigitalisering\/praktisk-gjennomforing\/materiale-som-omfattes\/digitalisering-av-boker-tidsskrift-og-aviser\/\"]}]},{\"@type\":\"ImageObject\",\"inLanguage\":\"nb-NO\",\"@id\":\"https:\/\/beta.bibliotekutvikling.no\/abmdig\/senter-for-kulturarvdigitalisering\/praktisk-gjennomforing\/materiale-som-omfattes\/digitalisering-av-boker-tidsskrift-og-aviser\/#primaryimage\",\"url\":\"https:\/\/beta.bibliotekutvikling.no\/content\/uploads\/sites\/14\/2020\/08\/bok1.jpg\",\"contentUrl\":\"https:\/\/beta.bibliotekutvikling.no\/content\/uploads\/sites\/14\/2020\/08\/bok1.jpg\",\"width\":1920,\"height\":1701,\"caption\":\"Bokdigitalisering\"},{\"@type\":\"BreadcrumbList\",\"@id\":\"https:\/\/beta.bibliotekutvikling.no\/abmdig\/senter-for-kulturarvdigitalisering\/praktisk-gjennomforing\/materiale-som-omfattes\/digitalisering-av-boker-tidsskrift-og-aviser\/#breadcrumb\",\"itemListElement\":[{\"@type\":\"ListItem\",\"position\":1,\"name\":\"Hjem\",\"item\":\"https:\/\/beta.bibliotekutvikling.no\/abmdig\/\"},{\"@type\":\"ListItem\",\"position\":2,\"name\":\"Vi digitaliserer Norges kulturarv &#8211; abmdig\",\"item\":\"https:\/\/beta.bibliotekutvikling.no\/abmdig\/\"},{\"@type\":\"ListItem\",\"position\":3,\"name\":\"Praktisk gjennomf\u00f8ring\",\"item\":\"https:\/\/beta.bibliotekutvikling.no\/abmdig\/senter-for-kulturarvdigitalisering\/praktisk-gjennomforing\/\"},{\"@type\":\"ListItem\",\"position\":4,\"name\":\"Materiale som omfattes\",\"item\":\"https:\/\/beta.bibliotekutvikling.no\/abmdig\/senter-for-kulturarvdigitalisering\/praktisk-gjennomforing\/materiale-som-omfattes\/\"},{\"@type\":\"ListItem\",\"position\":5,\"name\":\"Digitalisering av b\u00f8ker, tidsskrift og aviser\"}]},{\"@type\":\"WebSite\",\"@id\":\"https:\/\/beta.bibliotekutvikling.no\/abmdig\/#website\",\"url\":\"https:\/\/beta.bibliotekutvikling.no\/abmdig\/\",\"name\":\"Nasjonalbiblioteket | Kulturarvdigitalisering\",\"description\":\"\",\"potentialAction\":[{\"@type\":\"SearchAction\",\"target\":{\"@type\":\"EntryPoint\",\"urlTemplate\":\"https:\/\/beta.bibliotekutvikling.no\/abmdig\/?s={search_term_string}\"},\"query-input\":{\"@type\":\"PropertyValueSpecification\",\"valueRequired\":true,\"valueName\":\"search_term_string\"}}],\"inLanguage\":\"nb-NO\"}]}<\/script>\n<!-- \/ Yoast SEO Premium plugin. -->","yoast_head_json":{"title":"Digitalisering av b\u00f8ker, tidsskrift og aviser - Kulturarvdigitalisering","robots":{"index":"index","follow":"follow","max-snippet":"max-snippet:-1","max-image-preview":"max-image-preview:large","max-video-preview":"max-video-preview:-1"},"canonical":"https:\/\/beta.bibliotekutvikling.no\/abmdig\/senter-for-kulturarvdigitalisering\/praktisk-gjennomforing\/materiale-som-omfattes\/digitalisering-av-boker-tidsskrift-og-aviser\/","og_locale":"nb_NO","og_type":"article","og_title":"Digitalisering av b\u00f8ker, tidsskrift og aviser","og_url":"https:\/\/beta.bibliotekutvikling.no\/abmdig\/senter-for-kulturarvdigitalisering\/praktisk-gjennomforing\/materiale-som-omfattes\/digitalisering-av-boker-tidsskrift-og-aviser\/","og_site_name":"Kulturarvdigitalisering","article_modified_time":"2025-01-06T10:18:00+00:00","og_image":[{"width":1920,"height":1701,"url":"https:\/\/beta.bibliotekutvikling.no\/content\/uploads\/sites\/14\/2020\/08\/bok1.jpg","type":"image\/jpeg"}],"twitter_card":"summary_large_image","twitter_misc":{"Ansl. lesetid":"2 minutter"},"schema":{"@context":"https:\/\/schema.org","@graph":[{"@type":"WebPage","@id":"https:\/\/beta.bibliotekutvikling.no\/abmdig\/senter-for-kulturarvdigitalisering\/praktisk-gjennomforing\/materiale-som-omfattes\/digitalisering-av-boker-tidsskrift-og-aviser\/","url":"https:\/\/beta.bibliotekutvikling.no\/abmdig\/senter-for-kulturarvdigitalisering\/praktisk-gjennomforing\/materiale-som-omfattes\/digitalisering-av-boker-tidsskrift-og-aviser\/","name":"Digitalisering av b\u00f8ker, tidsskrift og aviser - Kulturarvdigitalisering","isPartOf":{"@id":"https:\/\/beta.bibliotekutvikling.no\/abmdig\/#website"},"primaryImageOfPage":{"@id":"https:\/\/beta.bibliotekutvikling.no\/abmdig\/senter-for-kulturarvdigitalisering\/praktisk-gjennomforing\/materiale-som-omfattes\/digitalisering-av-boker-tidsskrift-og-aviser\/#primaryimage"},"image":{"@id":"https:\/\/beta.bibliotekutvikling.no\/abmdig\/senter-for-kulturarvdigitalisering\/praktisk-gjennomforing\/materiale-som-omfattes\/digitalisering-av-boker-tidsskrift-og-aviser\/#primaryimage"},"thumbnailUrl":"https:\/\/beta.bibliotekutvikling.no\/content\/uploads\/sites\/14\/2020\/08\/bok1.jpg","datePublished":"2020-04-15T08:00:44+00:00","dateModified":"2025-01-06T10:18:00+00:00","breadcrumb":{"@id":"https:\/\/beta.bibliotekutvikling.no\/abmdig\/senter-for-kulturarvdigitalisering\/praktisk-gjennomforing\/materiale-som-omfattes\/digitalisering-av-boker-tidsskrift-og-aviser\/#breadcrumb"},"inLanguage":"nb-NO","potentialAction":[{"@type":"ReadAction","target":["https:\/\/beta.bibliotekutvikling.no\/abmdig\/senter-for-kulturarvdigitalisering\/praktisk-gjennomforing\/materiale-som-omfattes\/digitalisering-av-boker-tidsskrift-og-aviser\/"]}]},{"@type":"ImageObject","inLanguage":"nb-NO","@id":"https:\/\/beta.bibliotekutvikling.no\/abmdig\/senter-for-kulturarvdigitalisering\/praktisk-gjennomforing\/materiale-som-omfattes\/digitalisering-av-boker-tidsskrift-og-aviser\/#primaryimage","url":"https:\/\/beta.bibliotekutvikling.no\/content\/uploads\/sites\/14\/2020\/08\/bok1.jpg","contentUrl":"https:\/\/beta.bibliotekutvikling.no\/content\/uploads\/sites\/14\/2020\/08\/bok1.jpg","width":1920,"height":1701,"caption":"Bokdigitalisering"},{"@type":"BreadcrumbList","@id":"https:\/\/beta.bibliotekutvikling.no\/abmdig\/senter-for-kulturarvdigitalisering\/praktisk-gjennomforing\/materiale-som-omfattes\/digitalisering-av-boker-tidsskrift-og-aviser\/#breadcrumb","itemListElement":[{"@type":"ListItem","position":1,"name":"Hjem","item":"https:\/\/beta.bibliotekutvikling.no\/abmdig\/"},{"@type":"ListItem","position":2,"name":"Vi digitaliserer Norges kulturarv &#8211; abmdig","item":"https:\/\/beta.bibliotekutvikling.no\/abmdig\/"},{"@type":"ListItem","position":3,"name":"Praktisk gjennomf\u00f8ring","item":"https:\/\/beta.bibliotekutvikling.no\/abmdig\/senter-for-kulturarvdigitalisering\/praktisk-gjennomforing\/"},{"@type":"ListItem","position":4,"name":"Materiale som omfattes","item":"https:\/\/beta.bibliotekutvikling.no\/abmdig\/senter-for-kulturarvdigitalisering\/praktisk-gjennomforing\/materiale-som-omfattes\/"},{"@type":"ListItem","position":5,"name":"Digitalisering av b\u00f8ker, tidsskrift og aviser"}]},{"@type":"WebSite","@id":"https:\/\/beta.bibliotekutvikling.no\/abmdig\/#website","url":"https:\/\/beta.bibliotekutvikling.no\/abmdig\/","name":"Nasjonalbiblioteket | Kulturarvdigitalisering","description":"","potentialAction":[{"@type":"SearchAction","target":{"@type":"EntryPoint","urlTemplate":"https:\/\/beta.bibliotekutvikling.no\/abmdig\/?s={search_term_string}"},"query-input":{"@type":"PropertyValueSpecification","valueRequired":true,"valueName":"search_term_string"}}],"inLanguage":"nb-NO"}]}},"_links":{"self":[{"href":"https:\/\/beta.bibliotekutvikling.no\/abmdig\/wp-json\/wp\/v2\/pages\/544","targetHints":{"allow":["GET"]}}],"collection":[{"href":"https:\/\/beta.bibliotekutvikling.no\/abmdig\/wp-json\/wp\/v2\/pages"}],"about":[{"href":"https:\/\/beta.bibliotekutvikling.no\/abmdig\/wp-json\/wp\/v2\/types\/page"}],"author":[{"embeddable":true,"href":"https:\/\/beta.bibliotekutvikling.no\/abmdig\/wp-json\/wp\/v2\/users\/1312"}],"replies":[{"embeddable":true,"href":"https:\/\/beta.bibliotekutvikling.no\/abmdig\/wp-json\/wp\/v2\/comments?post=544"}],"version-history":[{"count":4,"href":"https:\/\/beta.bibliotekutvikling.no\/abmdig\/wp-json\/wp\/v2\/pages\/544\/revisions"}],"predecessor-version":[{"id":3364,"href":"https:\/\/beta.bibliotekutvikling.no\/abmdig\/wp-json\/wp\/v2\/pages\/544\/revisions\/3364"}],"up":[{"embeddable":true,"href":"https:\/\/beta.bibliotekutvikling.no\/abmdig\/wp-json\/wp\/v2\/pages\/375"}],"wp:featuredmedia":[{"embeddable":true,"href":"https:\/\/beta.bibliotekutvikling.no\/abmdig\/wp-json\/wp\/v2\/media\/841"}],"wp:attachment":[{"href":"https:\/\/beta.bibliotekutvikling.no\/abmdig\/wp-json\/wp\/v2\/media?parent=544"}],"curies":[{"name":"wp","href":"https:\/\/api.w.org\/{rel}","templated":true}]}}