{"id":35,"date":"2023-11-06T15:50:15","date_gmt":"2023-11-06T14:50:15","guid":{"rendered":"https:\/\/bibliotekutvikling.no\/depotbiblioteket\/?page_id=35"},"modified":"2024-09-19T13:05:16","modified_gmt":"2024-09-19T11:05:16","slug":"pakking-av-publikasjoner-til-depotbiblioteket","status":"publish","type":"page","link":"https:\/\/beta.bibliotekutvikling.no\/depotbiblioteket\/depotbiblioteket\/pakking-av-publikasjoner-til-depotbiblioteket\/","title":{"rendered":"Pakking av publikasjoner til Depotbiblioteket"},"content":{"rendered":"\n<h2 class=\"wp-block-heading\" id=\"h-adresse-for-innsending\">Adresse for innsending <\/h2>\n\n\n\n<p>Depotbiblioteket<br>Finsetveien 2<br>8624 Mo i Rana<\/p>\n\n\n\n<p>Biblioteknummer: 0183333     <\/p>\n\n\n\n<p><sup>For forsendelser som sendes med Posten kan mobilnummer 46545884 oppgis under mottaker. \u00a0<\/sup><\/p>\n\n\n\n<h2 class=\"wp-block-heading\" id=\"h-pakking-av-monografier\">Pakking av monografier<\/h2>\n\n\n\n<p>Sorter monografiene etter spr\u00e5k (norsk \/ utenlandsk) og pakk i esker. Pakk eskene fulle. Fyll evt. med papp eller annet fyllstoff.<\/p>\n\n\n\n<p>Merk eskene med :<\/p>\n\n\n\n<ul class=\"wp-block-list\">\n<li>\u00abDepotbiblioteket, 0183333\u00bb<\/li>\n\n\n\n<li>Dato<\/li>\n\n\n\n<li>Avleverende  bibliotek<\/li>\n\n\n\n<li>Innhold (\u00abnorske monografier\u00bb eller \u00abutenlandske  monografier\u00bb).<\/li>\n<\/ul>\n\n\n\n<h2 class=\"wp-block-heading\" id=\"h-pakking-av-periodika\"><strong>Pakking av periodika <\/strong><\/h2>\n\n\n\n<p>Sorter materialet etter spr\u00e5k (norsk \/ utenlandsk) og pakk i esker. Pakk eskene fulle, fyll evt. med papp eller annet fyllstoff. <\/p>\n\n\n\n<p>Merk eskene med:<\/p>\n\n\n\n<ul class=\"wp-block-list\">\n<li>\u00abDepotbiblioteket, 0183333, <\/li>\n\n\n\n<li>Dato<\/li>\n\n\n\n<li>Avleverende bibliotek <\/li>\n\n\n\n<li>Innhold (\u00abnorske periodika\u00bb eller \u00abutenlandske periodika\u00bb).<\/li>\n<\/ul>\n","protected":false},"excerpt":{"rendered":"<p>N\u00e5r du skal sende publikasjoner til depot skal de pakkes p\u00e5 en bestemt m\u00e5te <\/p>\n","protected":false},"author":6868,"featured_media":64,"parent":5,"menu_order":0,"comment_status":"closed","ping_status":"closed","template":"","meta":{"_relevanssi_hide_post":"","_relevanssi_hide_content":"","_relevanssi_pin_for_all":"","_relevanssi_pin_keywords":"","_relevanssi_unpin_keywords":"","_relevanssi_related_keywords":"","_relevanssi_related_include_ids":"","_relevanssi_related_exclude_ids":"","_relevanssi_related_no_append":"","_relevanssi_related_not_related":"","_relevanssi_related_posts":"2","_relevanssi_noindex_reason":"","nb_hide_title":false,"sub_navigation_option":"","sub_navigation_custom_items":[],"footnotes":""},"class_list":["post-35","page","type-page","status-publish","has-post-thumbnail","hentry"],"yoast_head":"<!-- This site is optimized with the Yoast SEO plugin v27.1.1 - https:\/\/yoast.com\/product\/yoast-seo-wordpress\/ -->\n<title>Pakking av publikasjoner til Depotbiblioteket - Depotbiblioteket<\/title>\n<meta name=\"robots\" content=\"index, follow, max-snippet:-1, max-image-preview:large, max-video-preview:-1\" \/>\n<link rel=\"canonical\" href=\"https:\/\/beta.bibliotekutvikling.no\/depotbiblioteket\/depotbiblioteket\/pakking-av-publikasjoner-til-depotbiblioteket\/\" \/>\n<meta property=\"og:locale\" content=\"nb_NO\" \/>\n<meta property=\"og:type\" content=\"article\" \/>\n<meta property=\"og:title\" content=\"Pakking av publikasjoner til Depotbiblioteket - Depotbiblioteket\" \/>\n<meta property=\"og:description\" content=\"N\u00e5r du skal sende publikasjoner til depot skal de pakkes p\u00e5 en bestemt m\u00e5te\" \/>\n<meta property=\"og:url\" content=\"https:\/\/beta.bibliotekutvikling.no\/depotbiblioteket\/depotbiblioteket\/pakking-av-publikasjoner-til-depotbiblioteket\/\" \/>\n<meta property=\"og:site_name\" content=\"Depotbiblioteket\" \/>\n<meta property=\"article:modified_time\" content=\"2024-09-19T11:05:16+00:00\" \/>\n<meta property=\"og:image\" content=\"https:\/\/beta.bibliotekutvikling.no\/content\/uploads\/sites\/29\/2023\/11\/Depotbilblioteket_Foto-Jan-Inge-Larsen-scaled-1.jpg\" \/>\n\t<meta property=\"og:image:width\" content=\"2560\" \/>\n\t<meta property=\"og:image:height\" content=\"1709\" \/>\n\t<meta property=\"og:image:type\" content=\"image\/jpeg\" \/>\n<meta name=\"twitter:card\" content=\"summary_large_image\" \/>\n<meta name=\"twitter:label1\" content=\"Ansl. lesetid\" \/>\n\t<meta name=\"twitter:data1\" content=\"1 minutt\" \/>\n<script type=\"application\/ld+json\" class=\"yoast-schema-graph\">{\"@context\":\"https:\/\/schema.org\",\"@graph\":[{\"@type\":\"WebPage\",\"@id\":\"https:\/\/beta.bibliotekutvikling.no\/depotbiblioteket\/depotbiblioteket\/pakking-av-publikasjoner-til-depotbiblioteket\/\",\"url\":\"https:\/\/beta.bibliotekutvikling.no\/depotbiblioteket\/depotbiblioteket\/pakking-av-publikasjoner-til-depotbiblioteket\/\",\"name\":\"Pakking av publikasjoner til Depotbiblioteket - Depotbiblioteket\",\"isPartOf\":{\"@id\":\"https:\/\/beta.bibliotekutvikling.no\/depotbiblioteket\/#website\"},\"primaryImageOfPage\":{\"@id\":\"https:\/\/beta.bibliotekutvikling.no\/depotbiblioteket\/depotbiblioteket\/pakking-av-publikasjoner-til-depotbiblioteket\/#primaryimage\"},\"image\":{\"@id\":\"https:\/\/beta.bibliotekutvikling.no\/depotbiblioteket\/depotbiblioteket\/pakking-av-publikasjoner-til-depotbiblioteket\/#primaryimage\"},\"thumbnailUrl\":\"https:\/\/beta.bibliotekutvikling.no\/content\/uploads\/sites\/29\/2023\/11\/Depotbilblioteket_Foto-Jan-Inge-Larsen-scaled-1.jpg\",\"datePublished\":\"2023-11-06T14:50:15+00:00\",\"dateModified\":\"2024-09-19T11:05:16+00:00\",\"breadcrumb\":{\"@id\":\"https:\/\/beta.bibliotekutvikling.no\/depotbiblioteket\/depotbiblioteket\/pakking-av-publikasjoner-til-depotbiblioteket\/#breadcrumb\"},\"inLanguage\":\"nb-NO\",\"potentialAction\":[{\"@type\":\"ReadAction\",\"target\":[\"https:\/\/beta.bibliotekutvikling.no\/depotbiblioteket\/depotbiblioteket\/pakking-av-publikasjoner-til-depotbiblioteket\/\"]}]},{\"@type\":\"ImageObject\",\"inLanguage\":\"nb-NO\",\"@id\":\"https:\/\/beta.bibliotekutvikling.no\/depotbiblioteket\/depotbiblioteket\/pakking-av-publikasjoner-til-depotbiblioteket\/#primaryimage\",\"url\":\"https:\/\/beta.bibliotekutvikling.no\/content\/uploads\/sites\/29\/2023\/11\/Depotbilblioteket_Foto-Jan-Inge-Larsen-scaled-1.jpg\",\"contentUrl\":\"https:\/\/beta.bibliotekutvikling.no\/content\/uploads\/sites\/29\/2023\/11\/Depotbilblioteket_Foto-Jan-Inge-Larsen-scaled-1.jpg\",\"width\":2560,\"height\":1709,\"caption\":\"Trinn1: Bestillinger kommer inn til Depotbiblioteket via katalogene i Biblioteks\u00f8k, Det flerspr\u00e5klige bibliotek og Bibliofil,\"},{\"@type\":\"BreadcrumbList\",\"@id\":\"https:\/\/beta.bibliotekutvikling.no\/depotbiblioteket\/depotbiblioteket\/pakking-av-publikasjoner-til-depotbiblioteket\/#breadcrumb\",\"itemListElement\":[{\"@type\":\"ListItem\",\"position\":1,\"name\":\"Hjem\",\"item\":\"https:\/\/beta.bibliotekutvikling.no\/depotbiblioteket\/\"},{\"@type\":\"ListItem\",\"position\":2,\"name\":\"Depotbiblioteket\",\"item\":\"https:\/\/beta.bibliotekutvikling.no\/depotbiblioteket\/\"},{\"@type\":\"ListItem\",\"position\":3,\"name\":\"Pakking av publikasjoner til Depotbiblioteket\"}]},{\"@type\":\"WebSite\",\"@id\":\"https:\/\/beta.bibliotekutvikling.no\/depotbiblioteket\/#website\",\"url\":\"https:\/\/beta.bibliotekutvikling.no\/depotbiblioteket\/\",\"name\":\"Depotbiblioteket\",\"description\":\"\",\"potentialAction\":[{\"@type\":\"SearchAction\",\"target\":{\"@type\":\"EntryPoint\",\"urlTemplate\":\"https:\/\/beta.bibliotekutvikling.no\/depotbiblioteket\/?s={search_term_string}\"},\"query-input\":{\"@type\":\"PropertyValueSpecification\",\"valueRequired\":true,\"valueName\":\"search_term_string\"}}],\"inLanguage\":\"nb-NO\"}]}<\/script>\n<!-- \/ Yoast SEO plugin. -->","yoast_head_json":{"title":"Pakking av publikasjoner til Depotbiblioteket - Depotbiblioteket","robots":{"index":"index","follow":"follow","max-snippet":"max-snippet:-1","max-image-preview":"max-image-preview:large","max-video-preview":"max-video-preview:-1"},"canonical":"https:\/\/beta.bibliotekutvikling.no\/depotbiblioteket\/depotbiblioteket\/pakking-av-publikasjoner-til-depotbiblioteket\/","og_locale":"nb_NO","og_type":"article","og_title":"Pakking av publikasjoner til Depotbiblioteket - Depotbiblioteket","og_description":"N\u00e5r du skal sende publikasjoner til depot skal de pakkes p\u00e5 en bestemt m\u00e5te","og_url":"https:\/\/beta.bibliotekutvikling.no\/depotbiblioteket\/depotbiblioteket\/pakking-av-publikasjoner-til-depotbiblioteket\/","og_site_name":"Depotbiblioteket","article_modified_time":"2024-09-19T11:05:16+00:00","og_image":[{"width":2560,"height":1709,"url":"https:\/\/beta.bibliotekutvikling.no\/content\/uploads\/sites\/29\/2023\/11\/Depotbilblioteket_Foto-Jan-Inge-Larsen-scaled-1.jpg","type":"image\/jpeg"}],"twitter_card":"summary_large_image","twitter_misc":{"Ansl. lesetid":"1 minutt"},"schema":{"@context":"https:\/\/schema.org","@graph":[{"@type":"WebPage","@id":"https:\/\/beta.bibliotekutvikling.no\/depotbiblioteket\/depotbiblioteket\/pakking-av-publikasjoner-til-depotbiblioteket\/","url":"https:\/\/beta.bibliotekutvikling.no\/depotbiblioteket\/depotbiblioteket\/pakking-av-publikasjoner-til-depotbiblioteket\/","name":"Pakking av publikasjoner til Depotbiblioteket - Depotbiblioteket","isPartOf":{"@id":"https:\/\/beta.bibliotekutvikling.no\/depotbiblioteket\/#website"},"primaryImageOfPage":{"@id":"https:\/\/beta.bibliotekutvikling.no\/depotbiblioteket\/depotbiblioteket\/pakking-av-publikasjoner-til-depotbiblioteket\/#primaryimage"},"image":{"@id":"https:\/\/beta.bibliotekutvikling.no\/depotbiblioteket\/depotbiblioteket\/pakking-av-publikasjoner-til-depotbiblioteket\/#primaryimage"},"thumbnailUrl":"https:\/\/beta.bibliotekutvikling.no\/content\/uploads\/sites\/29\/2023\/11\/Depotbilblioteket_Foto-Jan-Inge-Larsen-scaled-1.jpg","datePublished":"2023-11-06T14:50:15+00:00","dateModified":"2024-09-19T11:05:16+00:00","breadcrumb":{"@id":"https:\/\/beta.bibliotekutvikling.no\/depotbiblioteket\/depotbiblioteket\/pakking-av-publikasjoner-til-depotbiblioteket\/#breadcrumb"},"inLanguage":"nb-NO","potentialAction":[{"@type":"ReadAction","target":["https:\/\/beta.bibliotekutvikling.no\/depotbiblioteket\/depotbiblioteket\/pakking-av-publikasjoner-til-depotbiblioteket\/"]}]},{"@type":"ImageObject","inLanguage":"nb-NO","@id":"https:\/\/beta.bibliotekutvikling.no\/depotbiblioteket\/depotbiblioteket\/pakking-av-publikasjoner-til-depotbiblioteket\/#primaryimage","url":"https:\/\/beta.bibliotekutvikling.no\/content\/uploads\/sites\/29\/2023\/11\/Depotbilblioteket_Foto-Jan-Inge-Larsen-scaled-1.jpg","contentUrl":"https:\/\/beta.bibliotekutvikling.no\/content\/uploads\/sites\/29\/2023\/11\/Depotbilblioteket_Foto-Jan-Inge-Larsen-scaled-1.jpg","width":2560,"height":1709,"caption":"Trinn1: Bestillinger kommer inn til Depotbiblioteket via katalogene i Biblioteks\u00f8k, Det flerspr\u00e5klige bibliotek og Bibliofil,"},{"@type":"BreadcrumbList","@id":"https:\/\/beta.bibliotekutvikling.no\/depotbiblioteket\/depotbiblioteket\/pakking-av-publikasjoner-til-depotbiblioteket\/#breadcrumb","itemListElement":[{"@type":"ListItem","position":1,"name":"Hjem","item":"https:\/\/beta.bibliotekutvikling.no\/depotbiblioteket\/"},{"@type":"ListItem","position":2,"name":"Depotbiblioteket","item":"https:\/\/beta.bibliotekutvikling.no\/depotbiblioteket\/"},{"@type":"ListItem","position":3,"name":"Pakking av publikasjoner til Depotbiblioteket"}]},{"@type":"WebSite","@id":"https:\/\/beta.bibliotekutvikling.no\/depotbiblioteket\/#website","url":"https:\/\/beta.bibliotekutvikling.no\/depotbiblioteket\/","name":"Depotbiblioteket","description":"","potentialAction":[{"@type":"SearchAction","target":{"@type":"EntryPoint","urlTemplate":"https:\/\/beta.bibliotekutvikling.no\/depotbiblioteket\/?s={search_term_string}"},"query-input":{"@type":"PropertyValueSpecification","valueRequired":true,"valueName":"search_term_string"}}],"inLanguage":"nb-NO"}]}},"_links":{"self":[{"href":"https:\/\/beta.bibliotekutvikling.no\/depotbiblioteket\/wp-json\/wp\/v2\/pages\/35","targetHints":{"allow":["GET"]}}],"collection":[{"href":"https:\/\/beta.bibliotekutvikling.no\/depotbiblioteket\/wp-json\/wp\/v2\/pages"}],"about":[{"href":"https:\/\/beta.bibliotekutvikling.no\/depotbiblioteket\/wp-json\/wp\/v2\/types\/page"}],"author":[{"embeddable":true,"href":"https:\/\/beta.bibliotekutvikling.no\/depotbiblioteket\/wp-json\/wp\/v2\/users\/6868"}],"replies":[{"embeddable":true,"href":"https:\/\/beta.bibliotekutvikling.no\/depotbiblioteket\/wp-json\/wp\/v2\/comments?post=35"}],"version-history":[{"count":3,"href":"https:\/\/beta.bibliotekutvikling.no\/depotbiblioteket\/wp-json\/wp\/v2\/pages\/35\/revisions"}],"predecessor-version":[{"id":196,"href":"https:\/\/beta.bibliotekutvikling.no\/depotbiblioteket\/wp-json\/wp\/v2\/pages\/35\/revisions\/196"}],"up":[{"embeddable":true,"href":"https:\/\/beta.bibliotekutvikling.no\/depotbiblioteket\/wp-json\/wp\/v2\/pages\/5"}],"wp:featuredmedia":[{"embeddable":true,"href":"https:\/\/beta.bibliotekutvikling.no\/depotbiblioteket\/wp-json\/wp\/v2\/media\/64"}],"wp:attachment":[{"href":"https:\/\/beta.bibliotekutvikling.no\/depotbiblioteket\/wp-json\/wp\/v2\/media?parent=35"}],"curies":[{"name":"wp","href":"https:\/\/api.w.org\/{rel}","templated":true}]}}