{"id":49,"date":"2023-11-06T16:04:19","date_gmt":"2023-11-06T15:04:19","guid":{"rendered":"https:\/\/bibliotekutvikling.no\/depotbiblioteket\/?page_id=49"},"modified":"2024-09-19T13:05:32","modified_gmt":"2024-09-19T11:05:32","slug":"om-lan-fra-depotbiblioteket","status":"publish","type":"page","link":"https:\/\/beta.bibliotekutvikling.no\/depotbiblioteket\/depotbiblioteket\/om-lan-fra-depotbiblioteket\/","title":{"rendered":"Om l\u00e5n, retur og erstatningskrav"},"content":{"rendered":"\n<h2 class=\"wp-block-heading\">L\u00e5n<\/h2>\n\n\n\n<p>Alle bibliotek kan l\u00e5ne og bestille kopier fra Depotbiblioteket,&nbsp;samt levere materiale til samlingen. Privatpersoner som \u00f8nsker \u00e5 l\u00e5ne fra Depotbiblioteket m\u00e5 kontakte sitt n\u00e6rmeste bibliotek for \u00e5 gj\u00f8re en bestilling, eller bestille via Biblioteks\u00f8k.<\/p>\n\n\n\n<p>Vanlig l\u00e5netid er 6 uker. For bokpakker fra Det flerspr\u00e5klige bibliotek er det mulig \u00e5 velge \u00f8nsket l\u00e5netid ved bestilling (3-6 m\u00e5neder). Forny gjerne selv, men unng\u00e5 ukritisk bruk av \u00abforny alle-knappen\u00bb.<\/p>\n\n\n\n<h2 class=\"wp-block-heading\"><strong>Returnere l\u00e5n til Depotbiblioteket<\/strong><\/h2>\n\n\n\n<p>L\u00e5n returneres til Depotbiblioteket, biblioteknummer 0183300.<\/p>\n\n\n\n<p>Nasjonalbiblioteket<br>Depotbiblioteket<br>Finsetveien 2<br>8624 MO I RANA<br><br><sup>For forsendelser som sendes med Posten kan mobilnummer 46545884 oppgis under mottaker.<\/sup> \u00a0<\/p>\n\n\n\n<p>Adressen gjelder ogs\u00e5 retur av bokpakker og fjernl\u00e5n fra Det flerspr\u00e5klige bibliotek.<\/p>\n\n\n\n<p>Depotbiblioteket har egne returposer som kan brukes for retur av b\u00f8ker til oss. N\u00e5r du bruker returposene er det ikke n\u00f8dvendig med stikksedler med navn og biblioteknummer. Bare pakk b\u00f8kene i posen og lim igjen. Returposer bestiller du p\u00e5&nbsp;<a href=\"mailto:depotbiblioteket@nb.no\">depotbiblioteket@nb.no<\/a>.<\/p>\n\n\n\n<h2 class=\"wp-block-heading\">Purringer og erstatningskrav<\/h2>\n\n\n\n<p>Hvis l\u00e5net ikke er mottatt i retur til forfallsdato, blir det automatisk sendt ut purring uken etter. Hvis l\u00e5net nylig er returnert kan purring ignoreres, men ta kontakt hvis det er returnert for mer enn to uker siden. Etter 3. purring sendes det ut erstatningskrav p\u00e5 400 kroner.<\/p>\n\n\n\n<p>Du kan kj\u00f8pe et erstatningseksemplar for boka, heller enn \u00e5 betale erstatningskravet. Vi foretrekker erstatningseksemplar, og kravet vil da bortfalle. Dersom du kj\u00f8per inn erstatningseksemplar, m\u00e5 du merke forsendelsen godt med &laquo;erstatningseksemplar for\u2026..&raquo;, og sende denne til Depotbiblioteket.<\/p>\n\n\n\n<p>Hvis et l\u00e5n blir returnert, eller du sender et erstatningseksemplar etter at faktura er sendt, vil det komme en kreditnota p\u00e5 bel\u00f8pet.<\/p>\n\n\n\n<p>Dersom l\u00e5net er returnert, og ikke kommet fram til Depotbiblioteket innen rimelig tid, b\u00f8r du sende en etterlysning til transport\u00f8r. Sett gjerne Depotbiblioteket (e-postlenke) p\u00e5 kopi ved etterlysning.<\/p>\n","protected":false},"excerpt":{"rendered":"<p>Alle bibliotek kan l\u00e5ne og bestille kopier fra Depotbiblioteket, og levere materiale til samlingen. <\/p>\n","protected":false},"author":6868,"featured_media":69,"parent":5,"menu_order":0,"comment_status":"closed","ping_status":"closed","template":"","meta":{"_relevanssi_hide_post":"","_relevanssi_hide_content":"","_relevanssi_pin_for_all":"","_relevanssi_pin_keywords":"","_relevanssi_unpin_keywords":"","_relevanssi_related_keywords":"","_relevanssi_related_include_ids":"","_relevanssi_related_exclude_ids":"","_relevanssi_related_no_append":"","_relevanssi_related_not_related":"","_relevanssi_related_posts":"2","_relevanssi_noindex_reason":"","nb_hide_title":false,"sub_navigation_option":"","sub_navigation_custom_items":[],"footnotes":""},"class_list":["post-49","page","type-page","status-publish","has-post-thumbnail","hentry"],"yoast_head":"<!-- This site is optimized with the Yoast SEO plugin v27.1.1 - https:\/\/yoast.com\/product\/yoast-seo-wordpress\/ -->\n<title>Om l\u00e5n, retur og erstatningskrav - Depotbiblioteket<\/title>\n<meta name=\"robots\" content=\"index, follow, max-snippet:-1, max-image-preview:large, max-video-preview:-1\" \/>\n<link rel=\"canonical\" href=\"https:\/\/beta.bibliotekutvikling.no\/depotbiblioteket\/depotbiblioteket\/om-lan-fra-depotbiblioteket\/\" \/>\n<meta property=\"og:locale\" content=\"nb_NO\" \/>\n<meta property=\"og:type\" content=\"article\" \/>\n<meta property=\"og:title\" content=\"Om l\u00e5n, retur og erstatningskrav - Depotbiblioteket\" \/>\n<meta property=\"og:description\" content=\"Alle bibliotek kan l\u00e5ne og bestille kopier fra Depotbiblioteket, og levere materiale til samlingen.\" \/>\n<meta property=\"og:url\" content=\"https:\/\/beta.bibliotekutvikling.no\/depotbiblioteket\/depotbiblioteket\/om-lan-fra-depotbiblioteket\/\" \/>\n<meta property=\"og:site_name\" content=\"Depotbiblioteket\" \/>\n<meta property=\"article:modified_time\" content=\"2024-09-19T11:05:32+00:00\" \/>\n<meta property=\"og:image\" content=\"https:\/\/beta.bibliotekutvikling.no\/content\/uploads\/sites\/29\/2023\/11\/20180111_Bokdigitalisering_019_HIGH-scaled-1.jpg\" \/>\n\t<meta property=\"og:image:width\" content=\"2560\" \/>\n\t<meta property=\"og:image:height\" content=\"1703\" \/>\n\t<meta property=\"og:image:type\" content=\"image\/jpeg\" \/>\n<meta name=\"twitter:card\" content=\"summary_large_image\" \/>\n<meta name=\"twitter:label1\" content=\"Ansl. lesetid\" \/>\n\t<meta name=\"twitter:data1\" content=\"2 minutter\" \/>\n<script type=\"application\/ld+json\" class=\"yoast-schema-graph\">{\"@context\":\"https:\/\/schema.org\",\"@graph\":[{\"@type\":\"WebPage\",\"@id\":\"https:\/\/beta.bibliotekutvikling.no\/depotbiblioteket\/depotbiblioteket\/om-lan-fra-depotbiblioteket\/\",\"url\":\"https:\/\/beta.bibliotekutvikling.no\/depotbiblioteket\/depotbiblioteket\/om-lan-fra-depotbiblioteket\/\",\"name\":\"Om l\u00e5n, retur og erstatningskrav - Depotbiblioteket\",\"isPartOf\":{\"@id\":\"https:\/\/beta.bibliotekutvikling.no\/depotbiblioteket\/#website\"},\"primaryImageOfPage\":{\"@id\":\"https:\/\/beta.bibliotekutvikling.no\/depotbiblioteket\/depotbiblioteket\/om-lan-fra-depotbiblioteket\/#primaryimage\"},\"image\":{\"@id\":\"https:\/\/beta.bibliotekutvikling.no\/depotbiblioteket\/depotbiblioteket\/om-lan-fra-depotbiblioteket\/#primaryimage\"},\"thumbnailUrl\":\"https:\/\/beta.bibliotekutvikling.no\/content\/uploads\/sites\/29\/2023\/11\/20180111_Bokdigitalisering_019_HIGH-scaled-1.jpg\",\"datePublished\":\"2023-11-06T15:04:19+00:00\",\"dateModified\":\"2024-09-19T11:05:32+00:00\",\"breadcrumb\":{\"@id\":\"https:\/\/beta.bibliotekutvikling.no\/depotbiblioteket\/depotbiblioteket\/om-lan-fra-depotbiblioteket\/#breadcrumb\"},\"inLanguage\":\"nb-NO\",\"potentialAction\":[{\"@type\":\"ReadAction\",\"target\":[\"https:\/\/beta.bibliotekutvikling.no\/depotbiblioteket\/depotbiblioteket\/om-lan-fra-depotbiblioteket\/\"]}]},{\"@type\":\"ImageObject\",\"inLanguage\":\"nb-NO\",\"@id\":\"https:\/\/beta.bibliotekutvikling.no\/depotbiblioteket\/depotbiblioteket\/om-lan-fra-depotbiblioteket\/#primaryimage\",\"url\":\"https:\/\/beta.bibliotekutvikling.no\/content\/uploads\/sites\/29\/2023\/11\/20180111_Bokdigitalisering_019_HIGH-scaled-1.jpg\",\"contentUrl\":\"https:\/\/beta.bibliotekutvikling.no\/content\/uploads\/sites\/29\/2023\/11\/20180111_Bokdigitalisering_019_HIGH-scaled-1.jpg\",\"width\":2560,\"height\":1703,\"caption\":\"Eldre og nyere b\u00f8ker til digitalisering p\u00e5 seksjonen for massedigitalisering.\"},{\"@type\":\"BreadcrumbList\",\"@id\":\"https:\/\/beta.bibliotekutvikling.no\/depotbiblioteket\/depotbiblioteket\/om-lan-fra-depotbiblioteket\/#breadcrumb\",\"itemListElement\":[{\"@type\":\"ListItem\",\"position\":1,\"name\":\"Hjem\",\"item\":\"https:\/\/beta.bibliotekutvikling.no\/depotbiblioteket\/\"},{\"@type\":\"ListItem\",\"position\":2,\"name\":\"Depotbiblioteket\",\"item\":\"https:\/\/beta.bibliotekutvikling.no\/depotbiblioteket\/\"},{\"@type\":\"ListItem\",\"position\":3,\"name\":\"Om l\u00e5n, retur og erstatningskrav\"}]},{\"@type\":\"WebSite\",\"@id\":\"https:\/\/beta.bibliotekutvikling.no\/depotbiblioteket\/#website\",\"url\":\"https:\/\/beta.bibliotekutvikling.no\/depotbiblioteket\/\",\"name\":\"Depotbiblioteket\",\"description\":\"\",\"potentialAction\":[{\"@type\":\"SearchAction\",\"target\":{\"@type\":\"EntryPoint\",\"urlTemplate\":\"https:\/\/beta.bibliotekutvikling.no\/depotbiblioteket\/?s={search_term_string}\"},\"query-input\":{\"@type\":\"PropertyValueSpecification\",\"valueRequired\":true,\"valueName\":\"search_term_string\"}}],\"inLanguage\":\"nb-NO\"}]}<\/script>\n<!-- \/ Yoast SEO plugin. -->","yoast_head_json":{"title":"Om l\u00e5n, retur og erstatningskrav - Depotbiblioteket","robots":{"index":"index","follow":"follow","max-snippet":"max-snippet:-1","max-image-preview":"max-image-preview:large","max-video-preview":"max-video-preview:-1"},"canonical":"https:\/\/beta.bibliotekutvikling.no\/depotbiblioteket\/depotbiblioteket\/om-lan-fra-depotbiblioteket\/","og_locale":"nb_NO","og_type":"article","og_title":"Om l\u00e5n, retur og erstatningskrav - Depotbiblioteket","og_description":"Alle bibliotek kan l\u00e5ne og bestille kopier fra Depotbiblioteket, og levere materiale til samlingen.","og_url":"https:\/\/beta.bibliotekutvikling.no\/depotbiblioteket\/depotbiblioteket\/om-lan-fra-depotbiblioteket\/","og_site_name":"Depotbiblioteket","article_modified_time":"2024-09-19T11:05:32+00:00","og_image":[{"width":2560,"height":1703,"url":"https:\/\/beta.bibliotekutvikling.no\/content\/uploads\/sites\/29\/2023\/11\/20180111_Bokdigitalisering_019_HIGH-scaled-1.jpg","type":"image\/jpeg"}],"twitter_card":"summary_large_image","twitter_misc":{"Ansl. lesetid":"2 minutter"},"schema":{"@context":"https:\/\/schema.org","@graph":[{"@type":"WebPage","@id":"https:\/\/beta.bibliotekutvikling.no\/depotbiblioteket\/depotbiblioteket\/om-lan-fra-depotbiblioteket\/","url":"https:\/\/beta.bibliotekutvikling.no\/depotbiblioteket\/depotbiblioteket\/om-lan-fra-depotbiblioteket\/","name":"Om l\u00e5n, retur og erstatningskrav - Depotbiblioteket","isPartOf":{"@id":"https:\/\/beta.bibliotekutvikling.no\/depotbiblioteket\/#website"},"primaryImageOfPage":{"@id":"https:\/\/beta.bibliotekutvikling.no\/depotbiblioteket\/depotbiblioteket\/om-lan-fra-depotbiblioteket\/#primaryimage"},"image":{"@id":"https:\/\/beta.bibliotekutvikling.no\/depotbiblioteket\/depotbiblioteket\/om-lan-fra-depotbiblioteket\/#primaryimage"},"thumbnailUrl":"https:\/\/beta.bibliotekutvikling.no\/content\/uploads\/sites\/29\/2023\/11\/20180111_Bokdigitalisering_019_HIGH-scaled-1.jpg","datePublished":"2023-11-06T15:04:19+00:00","dateModified":"2024-09-19T11:05:32+00:00","breadcrumb":{"@id":"https:\/\/beta.bibliotekutvikling.no\/depotbiblioteket\/depotbiblioteket\/om-lan-fra-depotbiblioteket\/#breadcrumb"},"inLanguage":"nb-NO","potentialAction":[{"@type":"ReadAction","target":["https:\/\/beta.bibliotekutvikling.no\/depotbiblioteket\/depotbiblioteket\/om-lan-fra-depotbiblioteket\/"]}]},{"@type":"ImageObject","inLanguage":"nb-NO","@id":"https:\/\/beta.bibliotekutvikling.no\/depotbiblioteket\/depotbiblioteket\/om-lan-fra-depotbiblioteket\/#primaryimage","url":"https:\/\/beta.bibliotekutvikling.no\/content\/uploads\/sites\/29\/2023\/11\/20180111_Bokdigitalisering_019_HIGH-scaled-1.jpg","contentUrl":"https:\/\/beta.bibliotekutvikling.no\/content\/uploads\/sites\/29\/2023\/11\/20180111_Bokdigitalisering_019_HIGH-scaled-1.jpg","width":2560,"height":1703,"caption":"Eldre og nyere b\u00f8ker til digitalisering p\u00e5 seksjonen for massedigitalisering."},{"@type":"BreadcrumbList","@id":"https:\/\/beta.bibliotekutvikling.no\/depotbiblioteket\/depotbiblioteket\/om-lan-fra-depotbiblioteket\/#breadcrumb","itemListElement":[{"@type":"ListItem","position":1,"name":"Hjem","item":"https:\/\/beta.bibliotekutvikling.no\/depotbiblioteket\/"},{"@type":"ListItem","position":2,"name":"Depotbiblioteket","item":"https:\/\/beta.bibliotekutvikling.no\/depotbiblioteket\/"},{"@type":"ListItem","position":3,"name":"Om l\u00e5n, retur og erstatningskrav"}]},{"@type":"WebSite","@id":"https:\/\/beta.bibliotekutvikling.no\/depotbiblioteket\/#website","url":"https:\/\/beta.bibliotekutvikling.no\/depotbiblioteket\/","name":"Depotbiblioteket","description":"","potentialAction":[{"@type":"SearchAction","target":{"@type":"EntryPoint","urlTemplate":"https:\/\/beta.bibliotekutvikling.no\/depotbiblioteket\/?s={search_term_string}"},"query-input":{"@type":"PropertyValueSpecification","valueRequired":true,"valueName":"search_term_string"}}],"inLanguage":"nb-NO"}]}},"_links":{"self":[{"href":"https:\/\/beta.bibliotekutvikling.no\/depotbiblioteket\/wp-json\/wp\/v2\/pages\/49","targetHints":{"allow":["GET"]}}],"collection":[{"href":"https:\/\/beta.bibliotekutvikling.no\/depotbiblioteket\/wp-json\/wp\/v2\/pages"}],"about":[{"href":"https:\/\/beta.bibliotekutvikling.no\/depotbiblioteket\/wp-json\/wp\/v2\/types\/page"}],"author":[{"embeddable":true,"href":"https:\/\/beta.bibliotekutvikling.no\/depotbiblioteket\/wp-json\/wp\/v2\/users\/6868"}],"replies":[{"embeddable":true,"href":"https:\/\/beta.bibliotekutvikling.no\/depotbiblioteket\/wp-json\/wp\/v2\/comments?post=49"}],"version-history":[{"count":5,"href":"https:\/\/beta.bibliotekutvikling.no\/depotbiblioteket\/wp-json\/wp\/v2\/pages\/49\/revisions"}],"predecessor-version":[{"id":199,"href":"https:\/\/beta.bibliotekutvikling.no\/depotbiblioteket\/wp-json\/wp\/v2\/pages\/49\/revisions\/199"}],"up":[{"embeddable":true,"href":"https:\/\/beta.bibliotekutvikling.no\/depotbiblioteket\/wp-json\/wp\/v2\/pages\/5"}],"wp:featuredmedia":[{"embeddable":true,"href":"https:\/\/beta.bibliotekutvikling.no\/depotbiblioteket\/wp-json\/wp\/v2\/media\/69"}],"wp:attachment":[{"href":"https:\/\/beta.bibliotekutvikling.no\/depotbiblioteket\/wp-json\/wp\/v2\/media?parent=49"}],"curies":[{"name":"wp","href":"https:\/\/api.w.org\/{rel}","templated":true}]}}