{"id":2650,"date":"2023-11-03T09:57:23","date_gmt":"2023-11-03T08:57:23","guid":{"rendered":"https:\/\/bibliotekutvikling.no\/dfb\/?page_id=2650"},"modified":"2024-05-15T14:59:26","modified_gmt":"2024-05-15T12:59:26","slug":"bokpakke-til-bruk-pa-sprakkafe","status":"publish","type":"page","link":"https:\/\/beta.bibliotekutvikling.no\/dfb\/vare-tilbud\/sprakkafe\/bokpakke-til-bruk-pa-sprakkafe\/","title":{"rendered":"Bokpakke til bruk p\u00e5 spr\u00e5kkaf\u00e9"},"content":{"rendered":"\n<figure class=\"wp-block-image alignwide size-large\"><img loading=\"lazy\" decoding=\"async\" width=\"1024\" height=\"576\" src=\"https:\/\/bibliotekutvikling.no\/content\/uploads\/sites\/17\/2022\/09\/bilde_bokpakke-scaled-e1664800610284-1024x576.jpg\" alt=\"\" class=\"wp-image-587\" srcset=\"https:\/\/beta.bibliotekutvikling.no\/content\/uploads\/sites\/17\/2022\/09\/bilde_bokpakke-scaled-e1664800610284-1024x576.jpg 1024w, https:\/\/beta.bibliotekutvikling.no\/content\/uploads\/sites\/17\/2022\/09\/bilde_bokpakke-scaled-e1664800610284-300x169.jpg 300w, https:\/\/beta.bibliotekutvikling.no\/content\/uploads\/sites\/17\/2022\/09\/bilde_bokpakke-scaled-e1664800610284-768x432.jpg 768w, https:\/\/beta.bibliotekutvikling.no\/content\/uploads\/sites\/17\/2022\/09\/bilde_bokpakke-scaled-e1664800610284-1536x864.jpg 1536w, https:\/\/beta.bibliotekutvikling.no\/content\/uploads\/sites\/17\/2022\/09\/bilde_bokpakke-scaled-e1664800610284-2048x1152.jpg 2048w, https:\/\/beta.bibliotekutvikling.no\/content\/uploads\/sites\/17\/2022\/09\/bilde_bokpakke-scaled-e1664800610284-600x338.jpg 600w\" sizes=\"auto, (max-width: 1024px) 100vw, 1024px\" \/><\/figure>\n\n\n\n<p>Det flerspr\u00e5klige bibliotek har utarbeidet en enkel bokpakke til utl\u00e5n. Den kan brukes p\u00e5 spr\u00e5kkaf\u00e9 og passer for alle niv\u00e5er.<\/p>\n\n\n\n<p>Bokpakken best\u00e5r av fire eksemplarer av disse fire titlene:<\/p>\n\n\n\n<ul class=\"wp-block-list\">\n<li>\u00abOG\u00bb, en roman av Veronica Salinas<\/li>\n\n\n\n<li>\u00abStormens \u00f8ye\u00bb, tospr\u00e5klig diktsamling p\u00e5 norsk og kurdisk av Sherko Bekas<\/li>\n\n\n\n<li>\u00abThe Arrival\u00bb, en ordl\u00f8s bok av Shaun Tan<\/li>\n\n\n\n<li>\u00abOslofolk\u00bb, en fotografibok av Iffit Qureishi<\/li>\n<\/ul>\n\n\n\n<p>Ta kontakt med <a href=\"mailto:ezequiel.lemoine@nb.no\">ezequiel.lemoine@nb.no<\/a> for \u00e5 bestille pakken.<\/p>\n\n\n<div class=\"t2-featured-single-post t2-featured-content is-post-type-person wp-block-t2-featured-single-post\"><figure class=\"nb-post-featured-image has-image-ratio-16-9 wp-block-nb-post-featured-image\"><img loading=\"lazy\" decoding=\"async\" width=\"768\" height=\"432\" src=\"https:\/\/beta.bibliotekutvikling.no\/content\/uploads\/sites\/17\/2022\/09\/Ezequiel-Lemoine-utsnitt--e1664529367806-768x432.jpg\" class=\"attachment-medium_large size-medium_large wp-post-image\" alt=\"\" srcset=\"https:\/\/beta.bibliotekutvikling.no\/content\/uploads\/sites\/17\/2022\/09\/Ezequiel-Lemoine-utsnitt--e1664529367806-768x432.jpg 768w, https:\/\/beta.bibliotekutvikling.no\/content\/uploads\/sites\/17\/2022\/09\/Ezequiel-Lemoine-utsnitt--e1664529367806-300x169.jpg 300w, https:\/\/beta.bibliotekutvikling.no\/content\/uploads\/sites\/17\/2022\/09\/Ezequiel-Lemoine-utsnitt--e1664529367806-1024x576.jpg 1024w, https:\/\/beta.bibliotekutvikling.no\/content\/uploads\/sites\/17\/2022\/09\/Ezequiel-Lemoine-utsnitt--e1664529367806-1536x864.jpg 1536w, https:\/\/beta.bibliotekutvikling.no\/content\/uploads\/sites\/17\/2022\/09\/Ezequiel-Lemoine-utsnitt--e1664529367806-600x337.jpg 600w, https:\/\/beta.bibliotekutvikling.no\/content\/uploads\/sites\/17\/2022\/09\/Ezequiel-Lemoine-utsnitt--e1664529367806.jpg 1597w\" sizes=\"auto, (min-width: 1200px) 384px, (min-width: 700px) 33vw, 350px\" \/><\/figure>\n\n\n<div class=\"wp-block-group alignfull is-layout-flow wp-block-group-is-layout-flow\">\n\t<h2 class=\"t2-post-title wp-block-t2-post-title\">Ezequiel Lemoine<\/h2>\n\n\t\n\t<div class=\"wp-block-group alignfull person-card-meta is-layout-flow wp-block-group-is-layout-flow\">\n\t\t\n\t\t<div class=\"nb-post-excerpt wp-block-nb-post-excerpt\">Ansvarlig for samlinger p\u00e5 fransk, engelsk, spansk, amharisk, tigrinja, oromo, swahili, portugisisk, tagalog,  litauisk, tsjekkisk, ungarsk og slovakisk.<\/div>\n\t\t<div class=\"nb-post-meta wp-block-nb-post-meta\"><div data-meta-key=\"people_email\"><a href=\"mailto:ezequiel.lemoine@nb.no\">ezequiel.lemoine@nb.no<\/a><\/div><div data-meta-key=\"people_phone\"><a href=\"tel:23 27 63 72\">23 27 63 72<\/a><\/div><\/div>\n\t<\/div>\n\t\n<\/div>\n\n<\/div>","protected":false},"excerpt":{"rendered":"<p>Det flerspr\u00e5klige bibliotek har utarbeidet en enkel bokpakke som kan brukes p\u00e5 spr\u00e5kkaf\u00e9 og som passer for alle niv\u00e5er.<\/p>\n","protected":false},"author":6868,"featured_media":587,"parent":726,"menu_order":0,"comment_status":"closed","ping_status":"closed","template":"","meta":{"nb_hide_title":false,"nb_breadcrumb_title_override":"","sub_navigation_option":"","sub_navigation_custom_items":[],"footnotes":""},"class_list":["post-2650","page","type-page","status-publish","has-post-thumbnail","hentry"],"yoast_head":"<!-- This site is optimized with the Yoast SEO Premium plugin v27.1 (Yoast SEO v27.1.1) - https:\/\/yoast.com\/product\/yoast-seo-premium-wordpress\/ -->\n<title>Bokpakke til bruk p\u00e5 spr\u00e5kkaf\u00e9 - Det flerspr\u00e5klige bibliotek<\/title>\n<meta name=\"robots\" content=\"index, follow, max-snippet:-1, max-image-preview:large, max-video-preview:-1\" \/>\n<link rel=\"canonical\" href=\"https:\/\/beta.bibliotekutvikling.no\/dfb\/vare-tilbud\/sprakkafe\/bokpakke-til-bruk-pa-sprakkafe\/\" \/>\n<meta property=\"og:locale\" content=\"nb_NO\" \/>\n<meta property=\"og:type\" content=\"article\" \/>\n<meta property=\"og:title\" content=\"Bokpakke til bruk p\u00e5 spr\u00e5kkaf\u00e9\" \/>\n<meta property=\"og:description\" content=\"Det flerspr\u00e5klige bibliotek har utarbeidet en enkel bokpakke som kan brukes p\u00e5 spr\u00e5kkaf\u00e9 og som passer for alle niv\u00e5er.\" \/>\n<meta property=\"og:url\" content=\"https:\/\/beta.bibliotekutvikling.no\/dfb\/vare-tilbud\/sprakkafe\/bokpakke-til-bruk-pa-sprakkafe\/\" \/>\n<meta property=\"og:site_name\" content=\"Det flerspr\u00e5klige bibliotek\" \/>\n<meta property=\"article:publisher\" content=\"https:\/\/www.facebook.com\/profile.php?id=100066429046602\" \/>\n<meta property=\"article:modified_time\" content=\"2024-05-15T12:59:26+00:00\" \/>\n<meta property=\"og:image\" content=\"https:\/\/beta.bibliotekutvikling.no\/content\/uploads\/sites\/17\/2022\/09\/bilde_bokpakke-scaled-e1664800610284.jpg\" \/>\n\t<meta property=\"og:image:width\" content=\"2560\" \/>\n\t<meta property=\"og:image:height\" content=\"1440\" \/>\n\t<meta property=\"og:image:type\" content=\"image\/jpeg\" \/>\n<meta name=\"twitter:card\" content=\"summary_large_image\" \/>\n<meta name=\"twitter:label1\" content=\"Ansl. lesetid\" \/>\n\t<meta name=\"twitter:data1\" content=\"1 minutt\" \/>\n<script type=\"application\/ld+json\" class=\"yoast-schema-graph\">{\"@context\":\"https:\/\/schema.org\",\"@graph\":[{\"@type\":\"WebPage\",\"@id\":\"https:\/\/beta.bibliotekutvikling.no\/dfb\/vare-tilbud\/sprakkafe\/bokpakke-til-bruk-pa-sprakkafe\/\",\"url\":\"https:\/\/beta.bibliotekutvikling.no\/dfb\/vare-tilbud\/sprakkafe\/bokpakke-til-bruk-pa-sprakkafe\/\",\"name\":\"Bokpakke til bruk p\u00e5 spr\u00e5kkaf\u00e9 - Det flerspr\u00e5klige bibliotek\",\"isPartOf\":{\"@id\":\"https:\/\/beta.bibliotekutvikling.no\/dfb\/#website\"},\"primaryImageOfPage\":{\"@id\":\"https:\/\/beta.bibliotekutvikling.no\/dfb\/vare-tilbud\/sprakkafe\/bokpakke-til-bruk-pa-sprakkafe\/#primaryimage\"},\"image\":{\"@id\":\"https:\/\/beta.bibliotekutvikling.no\/dfb\/vare-tilbud\/sprakkafe\/bokpakke-til-bruk-pa-sprakkafe\/#primaryimage\"},\"thumbnailUrl\":\"https:\/\/beta.bibliotekutvikling.no\/content\/uploads\/sites\/17\/2022\/09\/bilde_bokpakke-scaled-e1664800610284.jpg\",\"datePublished\":\"2023-11-03T08:57:23+00:00\",\"dateModified\":\"2024-05-15T12:59:26+00:00\",\"breadcrumb\":{\"@id\":\"https:\/\/beta.bibliotekutvikling.no\/dfb\/vare-tilbud\/sprakkafe\/bokpakke-til-bruk-pa-sprakkafe\/#breadcrumb\"},\"inLanguage\":\"nb-NO\",\"potentialAction\":[{\"@type\":\"ReadAction\",\"target\":[\"https:\/\/beta.bibliotekutvikling.no\/dfb\/vare-tilbud\/sprakkafe\/bokpakke-til-bruk-pa-sprakkafe\/\"]}]},{\"@type\":\"ImageObject\",\"inLanguage\":\"nb-NO\",\"@id\":\"https:\/\/beta.bibliotekutvikling.no\/dfb\/vare-tilbud\/sprakkafe\/bokpakke-til-bruk-pa-sprakkafe\/#primaryimage\",\"url\":\"https:\/\/beta.bibliotekutvikling.no\/content\/uploads\/sites\/17\/2022\/09\/bilde_bokpakke-scaled-e1664800610284.jpg\",\"contentUrl\":\"https:\/\/beta.bibliotekutvikling.no\/content\/uploads\/sites\/17\/2022\/09\/bilde_bokpakke-scaled-e1664800610284.jpg\",\"width\":2560,\"height\":1440},{\"@type\":\"BreadcrumbList\",\"@id\":\"https:\/\/beta.bibliotekutvikling.no\/dfb\/vare-tilbud\/sprakkafe\/bokpakke-til-bruk-pa-sprakkafe\/#breadcrumb\",\"itemListElement\":[{\"@type\":\"ListItem\",\"position\":1,\"name\":\"Hjem\",\"item\":\"https:\/\/beta.bibliotekutvikling.no\/dfb\/\"},{\"@type\":\"ListItem\",\"position\":2,\"name\":\"Tilbud\",\"item\":\"https:\/\/beta.bibliotekutvikling.no\/dfb\/vare-tilbud\/\"},{\"@type\":\"ListItem\",\"position\":3,\"name\":\"Spr\u00e5kkaf\u00e9\",\"item\":\"https:\/\/beta.bibliotekutvikling.no\/dfb\/vare-tilbud\/sprakkafe\/\"},{\"@type\":\"ListItem\",\"position\":4,\"name\":\"Bokpakke til bruk p\u00e5 spr\u00e5kkaf\u00e9\"}]},{\"@type\":\"WebSite\",\"@id\":\"https:\/\/beta.bibliotekutvikling.no\/dfb\/#website\",\"url\":\"https:\/\/beta.bibliotekutvikling.no\/dfb\/\",\"name\":\"Det flerspr\u00e5klige bibliotek\",\"description\":\"\",\"publisher\":{\"@id\":\"https:\/\/beta.bibliotekutvikling.no\/dfb\/#organization\"},\"potentialAction\":[{\"@type\":\"SearchAction\",\"target\":{\"@type\":\"EntryPoint\",\"urlTemplate\":\"https:\/\/beta.bibliotekutvikling.no\/dfb\/?s={search_term_string}\"},\"query-input\":{\"@type\":\"PropertyValueSpecification\",\"valueRequired\":true,\"valueName\":\"search_term_string\"}}],\"inLanguage\":\"nb-NO\"},{\"@type\":\"Organization\",\"@id\":\"https:\/\/beta.bibliotekutvikling.no\/dfb\/#organization\",\"name\":\"Det flerspr\u00e5klige bibliotek\",\"url\":\"https:\/\/beta.bibliotekutvikling.no\/dfb\/\",\"logo\":{\"@type\":\"ImageObject\",\"inLanguage\":\"nb-NO\",\"@id\":\"https:\/\/beta.bibliotekutvikling.no\/dfb\/#\/schema\/logo\/image\/\",\"url\":\"https:\/\/bibliotekutvikling.no\/content\/uploads\/sites\/17\/2022\/09\/dfb.svg\",\"contentUrl\":\"https:\/\/bibliotekutvikling.no\/content\/uploads\/sites\/17\/2022\/09\/dfb.svg\",\"width\":143,\"height\":65,\"caption\":\"Det flerspr\u00e5klige bibliotek\"},\"image\":{\"@id\":\"https:\/\/beta.bibliotekutvikling.no\/dfb\/#\/schema\/logo\/image\/\"},\"sameAs\":[\"https:\/\/www.facebook.com\/profile.php?id=100066429046602\"]}]}<\/script>\n<!-- \/ Yoast SEO Premium plugin. -->","yoast_head_json":{"title":"Bokpakke til bruk p\u00e5 spr\u00e5kkaf\u00e9 - Det flerspr\u00e5klige bibliotek","robots":{"index":"index","follow":"follow","max-snippet":"max-snippet:-1","max-image-preview":"max-image-preview:large","max-video-preview":"max-video-preview:-1"},"canonical":"https:\/\/beta.bibliotekutvikling.no\/dfb\/vare-tilbud\/sprakkafe\/bokpakke-til-bruk-pa-sprakkafe\/","og_locale":"nb_NO","og_type":"article","og_title":"Bokpakke til bruk p\u00e5 spr\u00e5kkaf\u00e9","og_description":"Det flerspr\u00e5klige bibliotek har utarbeidet en enkel bokpakke som kan brukes p\u00e5 spr\u00e5kkaf\u00e9 og som passer for alle niv\u00e5er.","og_url":"https:\/\/beta.bibliotekutvikling.no\/dfb\/vare-tilbud\/sprakkafe\/bokpakke-til-bruk-pa-sprakkafe\/","og_site_name":"Det flerspr\u00e5klige bibliotek","article_publisher":"https:\/\/www.facebook.com\/profile.php?id=100066429046602","article_modified_time":"2024-05-15T12:59:26+00:00","og_image":[{"width":2560,"height":1440,"url":"https:\/\/beta.bibliotekutvikling.no\/content\/uploads\/sites\/17\/2022\/09\/bilde_bokpakke-scaled-e1664800610284.jpg","type":"image\/jpeg"}],"twitter_card":"summary_large_image","twitter_misc":{"Ansl. lesetid":"1 minutt"},"schema":{"@context":"https:\/\/schema.org","@graph":[{"@type":"WebPage","@id":"https:\/\/beta.bibliotekutvikling.no\/dfb\/vare-tilbud\/sprakkafe\/bokpakke-til-bruk-pa-sprakkafe\/","url":"https:\/\/beta.bibliotekutvikling.no\/dfb\/vare-tilbud\/sprakkafe\/bokpakke-til-bruk-pa-sprakkafe\/","name":"Bokpakke til bruk p\u00e5 spr\u00e5kkaf\u00e9 - Det flerspr\u00e5klige bibliotek","isPartOf":{"@id":"https:\/\/beta.bibliotekutvikling.no\/dfb\/#website"},"primaryImageOfPage":{"@id":"https:\/\/beta.bibliotekutvikling.no\/dfb\/vare-tilbud\/sprakkafe\/bokpakke-til-bruk-pa-sprakkafe\/#primaryimage"},"image":{"@id":"https:\/\/beta.bibliotekutvikling.no\/dfb\/vare-tilbud\/sprakkafe\/bokpakke-til-bruk-pa-sprakkafe\/#primaryimage"},"thumbnailUrl":"https:\/\/beta.bibliotekutvikling.no\/content\/uploads\/sites\/17\/2022\/09\/bilde_bokpakke-scaled-e1664800610284.jpg","datePublished":"2023-11-03T08:57:23+00:00","dateModified":"2024-05-15T12:59:26+00:00","breadcrumb":{"@id":"https:\/\/beta.bibliotekutvikling.no\/dfb\/vare-tilbud\/sprakkafe\/bokpakke-til-bruk-pa-sprakkafe\/#breadcrumb"},"inLanguage":"nb-NO","potentialAction":[{"@type":"ReadAction","target":["https:\/\/beta.bibliotekutvikling.no\/dfb\/vare-tilbud\/sprakkafe\/bokpakke-til-bruk-pa-sprakkafe\/"]}]},{"@type":"ImageObject","inLanguage":"nb-NO","@id":"https:\/\/beta.bibliotekutvikling.no\/dfb\/vare-tilbud\/sprakkafe\/bokpakke-til-bruk-pa-sprakkafe\/#primaryimage","url":"https:\/\/beta.bibliotekutvikling.no\/content\/uploads\/sites\/17\/2022\/09\/bilde_bokpakke-scaled-e1664800610284.jpg","contentUrl":"https:\/\/beta.bibliotekutvikling.no\/content\/uploads\/sites\/17\/2022\/09\/bilde_bokpakke-scaled-e1664800610284.jpg","width":2560,"height":1440},{"@type":"BreadcrumbList","@id":"https:\/\/beta.bibliotekutvikling.no\/dfb\/vare-tilbud\/sprakkafe\/bokpakke-til-bruk-pa-sprakkafe\/#breadcrumb","itemListElement":[{"@type":"ListItem","position":1,"name":"Hjem","item":"https:\/\/beta.bibliotekutvikling.no\/dfb\/"},{"@type":"ListItem","position":2,"name":"Tilbud","item":"https:\/\/beta.bibliotekutvikling.no\/dfb\/vare-tilbud\/"},{"@type":"ListItem","position":3,"name":"Spr\u00e5kkaf\u00e9","item":"https:\/\/beta.bibliotekutvikling.no\/dfb\/vare-tilbud\/sprakkafe\/"},{"@type":"ListItem","position":4,"name":"Bokpakke til bruk p\u00e5 spr\u00e5kkaf\u00e9"}]},{"@type":"WebSite","@id":"https:\/\/beta.bibliotekutvikling.no\/dfb\/#website","url":"https:\/\/beta.bibliotekutvikling.no\/dfb\/","name":"Det flerspr\u00e5klige bibliotek","description":"","publisher":{"@id":"https:\/\/beta.bibliotekutvikling.no\/dfb\/#organization"},"potentialAction":[{"@type":"SearchAction","target":{"@type":"EntryPoint","urlTemplate":"https:\/\/beta.bibliotekutvikling.no\/dfb\/?s={search_term_string}"},"query-input":{"@type":"PropertyValueSpecification","valueRequired":true,"valueName":"search_term_string"}}],"inLanguage":"nb-NO"},{"@type":"Organization","@id":"https:\/\/beta.bibliotekutvikling.no\/dfb\/#organization","name":"Det flerspr\u00e5klige bibliotek","url":"https:\/\/beta.bibliotekutvikling.no\/dfb\/","logo":{"@type":"ImageObject","inLanguage":"nb-NO","@id":"https:\/\/beta.bibliotekutvikling.no\/dfb\/#\/schema\/logo\/image\/","url":"https:\/\/bibliotekutvikling.no\/content\/uploads\/sites\/17\/2022\/09\/dfb.svg","contentUrl":"https:\/\/bibliotekutvikling.no\/content\/uploads\/sites\/17\/2022\/09\/dfb.svg","width":143,"height":65,"caption":"Det flerspr\u00e5klige bibliotek"},"image":{"@id":"https:\/\/beta.bibliotekutvikling.no\/dfb\/#\/schema\/logo\/image\/"},"sameAs":["https:\/\/www.facebook.com\/profile.php?id=100066429046602"]}]}},"_links":{"self":[{"href":"https:\/\/beta.bibliotekutvikling.no\/dfb\/wp-json\/wp\/v2\/pages\/2650","targetHints":{"allow":["GET"]}}],"collection":[{"href":"https:\/\/beta.bibliotekutvikling.no\/dfb\/wp-json\/wp\/v2\/pages"}],"about":[{"href":"https:\/\/beta.bibliotekutvikling.no\/dfb\/wp-json\/wp\/v2\/types\/page"}],"author":[{"embeddable":true,"href":"https:\/\/beta.bibliotekutvikling.no\/dfb\/wp-json\/wp\/v2\/users\/6868"}],"replies":[{"embeddable":true,"href":"https:\/\/beta.bibliotekutvikling.no\/dfb\/wp-json\/wp\/v2\/comments?post=2650"}],"version-history":[{"count":2,"href":"https:\/\/beta.bibliotekutvikling.no\/dfb\/wp-json\/wp\/v2\/pages\/2650\/revisions"}],"predecessor-version":[{"id":3168,"href":"https:\/\/beta.bibliotekutvikling.no\/dfb\/wp-json\/wp\/v2\/pages\/2650\/revisions\/3168"}],"up":[{"embeddable":true,"href":"https:\/\/beta.bibliotekutvikling.no\/dfb\/wp-json\/wp\/v2\/pages\/726"}],"wp:featuredmedia":[{"embeddable":true,"href":"https:\/\/beta.bibliotekutvikling.no\/dfb\/wp-json\/wp\/v2\/media\/587"}],"wp:attachment":[{"href":"https:\/\/beta.bibliotekutvikling.no\/dfb\/wp-json\/wp\/v2\/media?parent=2650"}],"curies":[{"name":"wp","href":"https:\/\/api.w.org\/{rel}","templated":true}]}}