{"id":379,"date":"2022-09-22T16:12:27","date_gmt":"2022-09-22T14:12:27","guid":{"rendered":"https:\/\/www.nb.no\/dfb\/?page_id=379"},"modified":"2024-03-04T09:10:32","modified_gmt":"2024-03-04T08:10:32","slug":"verdensbiblioteket","status":"publish","type":"page","link":"https:\/\/beta.bibliotekutvikling.no\/dfb\/vare-tilbud\/verdensbiblioteket\/","title":{"rendered":"Verdensbiblioteket"},"content":{"rendered":"\n<figure class=\"wp-block-image alignfull size-full\"><img loading=\"lazy\" decoding=\"async\" width=\"2560\" height=\"1440\" src=\"https:\/\/bibliotekutvikling.no\/content\/uploads\/sites\/17\/2022\/09\/Bild-med-logo-norsk-scaled-1-e1664528761773.jpg\" alt=\"\" class=\"wp-image-388\" srcset=\"https:\/\/beta.bibliotekutvikling.no\/content\/uploads\/sites\/17\/2022\/09\/Bild-med-logo-norsk-scaled-1-e1664528761773.jpg 2560w, https:\/\/beta.bibliotekutvikling.no\/content\/uploads\/sites\/17\/2022\/09\/Bild-med-logo-norsk-scaled-1-e1664528761773-300x169.jpg 300w, https:\/\/beta.bibliotekutvikling.no\/content\/uploads\/sites\/17\/2022\/09\/Bild-med-logo-norsk-scaled-1-e1664528761773-1024x576.jpg 1024w, https:\/\/beta.bibliotekutvikling.no\/content\/uploads\/sites\/17\/2022\/09\/Bild-med-logo-norsk-scaled-1-e1664528761773-768x432.jpg 768w, https:\/\/beta.bibliotekutvikling.no\/content\/uploads\/sites\/17\/2022\/09\/Bild-med-logo-norsk-scaled-1-e1664528761773-1536x864.jpg 1536w, https:\/\/beta.bibliotekutvikling.no\/content\/uploads\/sites\/17\/2022\/09\/Bild-med-logo-norsk-scaled-1-e1664528761773-2048x1152.jpg 2048w, https:\/\/beta.bibliotekutvikling.no\/content\/uploads\/sites\/17\/2022\/09\/Bild-med-logo-norsk-scaled-1-e1664528761773-600x338.jpg 600w\" sizes=\"auto, (max-width: 2560px) 100vw, 2560px\" \/><\/figure>\n\n\n\n<p>Verdensbiblioteket er en nettside som inneholder e-b\u00f8ker og e-lydb\u00f8ker p\u00e5 flere spr\u00e5k:<\/p>\n\n\n\n<div class=\"wp-block-buttons is-layout-flex wp-block-buttons-is-layout-flex\">\n<div class=\"wp-block-button aligncenter\"><a class=\"wp-block-button__link wp-element-button\" href=\"https:\/\/verdensbiblioteket.no\/\">Verdensbiblioteket.no<\/a><\/div>\n<\/div>\n\n\n\n<p>I Verdensbiblioteket finner du e-b\u00f8ker for voksne og barn&nbsp;p\u00e5 <\/p>\n\n\n\n<ul class=\"wp-block-list\">\n<li><a href=\"https:\/\/verdensbiblioteket.no\/shelves\/alb\">Albansk<\/a><\/li>\n\n\n\n<li><a href=\"https:\/\/verdensbiblioteket.no\/shelves\/ara\">Arabisk<\/a><\/li>\n\n\n\n<li><a href=\"https:\/\/verdensbiblioteket.no\/shelves\/ass\">Assyrisk \/ Syriansk<\/a><\/li>\n\n\n\n<li><a href=\"https:\/\/verdensbiblioteket.no\/shelves\/bks\">Bosnisk \/ Kroatisk \/ Serbisk<\/a><\/li>\n\n\n\n<li><a href=\"https:\/\/verdensbiblioteket.no\/shelves\/kur\">Kurdisk<\/a><\/li>\n\n\n\n<li><a href=\"https:\/\/verdensbiblioteket.no\/shelves\/per\">Persisk \/ Dari<\/a><\/li>\n\n\n\n<li><a href=\"https:\/\/verdensbiblioteket.no\/shelves\/pol\">Polsk<\/a><\/li>\n\n\n\n<li><a href=\"https:\/\/verdensbiblioteket.no\/shelves\/som\">Somali<\/a><\/li>\n\n\n\n<li><a href=\"https:\/\/verdensbiblioteket.no\/shelves\/tha\">Thai<\/a><\/li>\n\n\n\n<li><a href=\"https:\/\/verdensbiblioteket.no\/shelves\/tig\">Tigrinja<\/a><\/li>\n\n\n\n<li><a href=\"https:\/\/verdensbiblioteket.no\/shelves\/tyr\">Tyrkisk<\/a><\/li>\n\n\n\n<li><a href=\"https:\/\/verdensbiblioteket.no\/shelves\/ukr\">Ukrainsk<\/a><\/li>\n<\/ul>\n\n\n\n<p>Verdensbiblioteket&nbsp;er gratis \u00e5 bruke og \u00e5pent for alle i Norge, s\u00e5 lenge du bes\u00f8ker siden fra en norsk IP-adresse.<\/p>\n\n\n\n<h2 class=\"wp-block-heading\" id=\"h-informasjonsmateriale-til-bibliotek\"><strong>Informasjonsmateriale<\/strong> til bibliotek<\/h2>\n\n\n\n<p><a href=\"https:\/\/bibliotekutvikling.no\/ressurser\/plakatutstillinger\/informasjonsmateriell-verdensbiblioteket\/\">Vi har ulike brosjyrer, postkort og plakater til nedlastning her<\/a><\/p>\n\n\n\n<p>Du kan ogs\u00e5 bestille informasjonsmateriale fra oss:<\/p>\n\n\n\n<p>Brosjyre om Verdensbiblioteket, husk \u00e5 spesifisere om du \u00f8nsker den p\u00e5 nynorsk eller bokm\u00e5l.<\/p>\n\n\n\n<figure class=\"wp-block-image aligncenter size-large\"><img loading=\"lazy\" decoding=\"async\" width=\"1024\" height=\"724\" src=\"https:\/\/www.nb.no\/content\/uploads\/sites\/25\/2022\/09\/brosjyre-Verdensbiblioteket-1024x724.png\" alt=\"\" class=\"wp-image-391\" srcset=\"https:\/\/beta.bibliotekutvikling.no\/content\/uploads\/sites\/17\/2022\/09\/brosjyre-Verdensbiblioteket-1024x724.png 1024w, https:\/\/beta.bibliotekutvikling.no\/content\/uploads\/sites\/17\/2022\/09\/brosjyre-Verdensbiblioteket-300x212.png 300w, https:\/\/beta.bibliotekutvikling.no\/content\/uploads\/sites\/17\/2022\/09\/brosjyre-Verdensbiblioteket-768x543.png 768w, https:\/\/beta.bibliotekutvikling.no\/content\/uploads\/sites\/17\/2022\/09\/brosjyre-Verdensbiblioteket-600x424.png 600w, https:\/\/beta.bibliotekutvikling.no\/content\/uploads\/sites\/17\/2022\/09\/brosjyre-Verdensbiblioteket.png 1111w\" sizes=\"auto, (max-width: 1024px) 100vw, 1024px\" \/><figcaption class=\"wp-element-caption\">Brosjyre om Verdensbiblioteket<\/figcaption><\/figure>\n\n\n\n<p>Ulike postkort med kort tekst p\u00e5 bokm\u00e5l og med webadressen til tjenesten.<\/p>\n\n\n\n<figure class=\"wp-block-image aligncenter size-full\"><img loading=\"lazy\" decoding=\"async\" width=\"606\" height=\"907\" src=\"https:\/\/www.nb.no\/content\/uploads\/sites\/25\/2022\/09\/postkort-verdensbiblioteket.png\" alt=\"\" class=\"wp-image-392\" srcset=\"https:\/\/beta.bibliotekutvikling.no\/content\/uploads\/sites\/17\/2022\/09\/postkort-verdensbiblioteket.png 606w, https:\/\/beta.bibliotekutvikling.no\/content\/uploads\/sites\/17\/2022\/09\/postkort-verdensbiblioteket-200x300.png 200w, https:\/\/beta.bibliotekutvikling.no\/content\/uploads\/sites\/17\/2022\/09\/postkort-verdensbiblioteket-600x898.png 600w\" sizes=\"auto, (max-width: 606px) 100vw, 606px\" \/><figcaption class=\"wp-element-caption\">Eksempel p\u00e5 postkort for Verdensbiblioteket<\/figcaption><\/figure>\n\n\n\n<p>Send en e-post med \u00f8nsket antall til:&nbsp;<a href=\"mailto:dfb@nb.no\">dfb@nb.no<\/a><\/p>\n\n\n\n<p>Tjenesten er et samarbeidsprosjekt mellom nasjonalbibliotekene i Norge og Sverige <\/p>\n","protected":false},"excerpt":{"rendered":"<p>Verdensbiblioteket er en nettside som inneholder e-b\u00f8ker og e-lydb\u00f8ker p\u00e5 flere spr\u00e5k<\/p>\n","protected":false},"author":830,"featured_media":388,"parent":252,"menu_order":0,"comment_status":"closed","ping_status":"closed","template":"","meta":{"nb_hide_title":false,"nb_breadcrumb_title_override":"","sub_navigation_option":"","sub_navigation_custom_items":[],"footnotes":""},"class_list":["post-379","page","type-page","status-publish","has-post-thumbnail","hentry"],"yoast_head":"<!-- This site is optimized with the Yoast SEO Premium plugin v27.1 (Yoast SEO v27.1.1) - https:\/\/yoast.com\/product\/yoast-seo-premium-wordpress\/ -->\n<title>Verdensbiblioteket - Det flerspr\u00e5klige bibliotek<\/title>\n<meta name=\"robots\" content=\"index, follow, max-snippet:-1, max-image-preview:large, max-video-preview:-1\" \/>\n<link rel=\"canonical\" href=\"https:\/\/beta.bibliotekutvikling.no\/dfb\/vare-tilbud\/verdensbiblioteket\/\" \/>\n<meta property=\"og:locale\" content=\"nb_NO\" \/>\n<meta property=\"og:type\" content=\"article\" \/>\n<meta property=\"og:title\" content=\"Verdensbiblioteket\" \/>\n<meta property=\"og:description\" content=\"Verdensbiblioteket er en nettside som inneholder e-b\u00f8ker og e-lydb\u00f8ker p\u00e5 flere spr\u00e5k\" \/>\n<meta property=\"og:url\" content=\"https:\/\/beta.bibliotekutvikling.no\/dfb\/vare-tilbud\/verdensbiblioteket\/\" \/>\n<meta property=\"og:site_name\" content=\"Det flerspr\u00e5klige bibliotek\" \/>\n<meta property=\"article:publisher\" content=\"https:\/\/www.facebook.com\/profile.php?id=100066429046602\" \/>\n<meta property=\"article:modified_time\" content=\"2024-03-04T08:10:32+00:00\" \/>\n<meta property=\"og:image\" content=\"https:\/\/beta.bibliotekutvikling.no\/content\/uploads\/sites\/17\/2022\/09\/Bild-med-logo-norsk-scaled-1-e1664528761773.jpg\" \/>\n\t<meta property=\"og:image:width\" content=\"2560\" \/>\n\t<meta property=\"og:image:height\" content=\"1440\" \/>\n\t<meta property=\"og:image:type\" content=\"image\/jpeg\" \/>\n<meta name=\"twitter:card\" content=\"summary_large_image\" \/>\n<meta name=\"twitter:label1\" content=\"Ansl. lesetid\" \/>\n\t<meta name=\"twitter:data1\" content=\"2 minutter\" \/>\n<script type=\"application\/ld+json\" class=\"yoast-schema-graph\">{\"@context\":\"https:\/\/schema.org\",\"@graph\":[{\"@type\":\"WebPage\",\"@id\":\"https:\/\/beta.bibliotekutvikling.no\/dfb\/vare-tilbud\/verdensbiblioteket\/\",\"url\":\"https:\/\/beta.bibliotekutvikling.no\/dfb\/vare-tilbud\/verdensbiblioteket\/\",\"name\":\"Verdensbiblioteket - Det flerspr\u00e5klige bibliotek\",\"isPartOf\":{\"@id\":\"https:\/\/beta.bibliotekutvikling.no\/dfb\/#website\"},\"primaryImageOfPage\":{\"@id\":\"https:\/\/beta.bibliotekutvikling.no\/dfb\/vare-tilbud\/verdensbiblioteket\/#primaryimage\"},\"image\":{\"@id\":\"https:\/\/beta.bibliotekutvikling.no\/dfb\/vare-tilbud\/verdensbiblioteket\/#primaryimage\"},\"thumbnailUrl\":\"https:\/\/beta.bibliotekutvikling.no\/content\/uploads\/sites\/17\/2022\/09\/Bild-med-logo-norsk-scaled-1-e1664528761773.jpg\",\"datePublished\":\"2022-09-22T14:12:27+00:00\",\"dateModified\":\"2024-03-04T08:10:32+00:00\",\"breadcrumb\":{\"@id\":\"https:\/\/beta.bibliotekutvikling.no\/dfb\/vare-tilbud\/verdensbiblioteket\/#breadcrumb\"},\"inLanguage\":\"nb-NO\",\"potentialAction\":[{\"@type\":\"ReadAction\",\"target\":[\"https:\/\/beta.bibliotekutvikling.no\/dfb\/vare-tilbud\/verdensbiblioteket\/\"]}]},{\"@type\":\"ImageObject\",\"inLanguage\":\"nb-NO\",\"@id\":\"https:\/\/beta.bibliotekutvikling.no\/dfb\/vare-tilbud\/verdensbiblioteket\/#primaryimage\",\"url\":\"https:\/\/beta.bibliotekutvikling.no\/content\/uploads\/sites\/17\/2022\/09\/Bild-med-logo-norsk-scaled-1-e1664528761773.jpg\",\"contentUrl\":\"https:\/\/beta.bibliotekutvikling.no\/content\/uploads\/sites\/17\/2022\/09\/Bild-med-logo-norsk-scaled-1-e1664528761773.jpg\",\"width\":2560,\"height\":1440},{\"@type\":\"BreadcrumbList\",\"@id\":\"https:\/\/beta.bibliotekutvikling.no\/dfb\/vare-tilbud\/verdensbiblioteket\/#breadcrumb\",\"itemListElement\":[{\"@type\":\"ListItem\",\"position\":1,\"name\":\"Hjem\",\"item\":\"https:\/\/beta.bibliotekutvikling.no\/dfb\/\"},{\"@type\":\"ListItem\",\"position\":2,\"name\":\"Tilbud\",\"item\":\"https:\/\/beta.bibliotekutvikling.no\/dfb\/vare-tilbud\/\"},{\"@type\":\"ListItem\",\"position\":3,\"name\":\"Verdensbiblioteket\"}]},{\"@type\":\"WebSite\",\"@id\":\"https:\/\/beta.bibliotekutvikling.no\/dfb\/#website\",\"url\":\"https:\/\/beta.bibliotekutvikling.no\/dfb\/\",\"name\":\"Det flerspr\u00e5klige bibliotek\",\"description\":\"\",\"publisher\":{\"@id\":\"https:\/\/beta.bibliotekutvikling.no\/dfb\/#organization\"},\"potentialAction\":[{\"@type\":\"SearchAction\",\"target\":{\"@type\":\"EntryPoint\",\"urlTemplate\":\"https:\/\/beta.bibliotekutvikling.no\/dfb\/?s={search_term_string}\"},\"query-input\":{\"@type\":\"PropertyValueSpecification\",\"valueRequired\":true,\"valueName\":\"search_term_string\"}}],\"inLanguage\":\"nb-NO\"},{\"@type\":\"Organization\",\"@id\":\"https:\/\/beta.bibliotekutvikling.no\/dfb\/#organization\",\"name\":\"Det flerspr\u00e5klige bibliotek\",\"url\":\"https:\/\/beta.bibliotekutvikling.no\/dfb\/\",\"logo\":{\"@type\":\"ImageObject\",\"inLanguage\":\"nb-NO\",\"@id\":\"https:\/\/beta.bibliotekutvikling.no\/dfb\/#\/schema\/logo\/image\/\",\"url\":\"https:\/\/bibliotekutvikling.no\/content\/uploads\/sites\/17\/2022\/09\/dfb.svg\",\"contentUrl\":\"https:\/\/bibliotekutvikling.no\/content\/uploads\/sites\/17\/2022\/09\/dfb.svg\",\"width\":143,\"height\":65,\"caption\":\"Det flerspr\u00e5klige bibliotek\"},\"image\":{\"@id\":\"https:\/\/beta.bibliotekutvikling.no\/dfb\/#\/schema\/logo\/image\/\"},\"sameAs\":[\"https:\/\/www.facebook.com\/profile.php?id=100066429046602\"]}]}<\/script>\n<!-- \/ Yoast SEO Premium plugin. -->","yoast_head_json":{"title":"Verdensbiblioteket - Det flerspr\u00e5klige bibliotek","robots":{"index":"index","follow":"follow","max-snippet":"max-snippet:-1","max-image-preview":"max-image-preview:large","max-video-preview":"max-video-preview:-1"},"canonical":"https:\/\/beta.bibliotekutvikling.no\/dfb\/vare-tilbud\/verdensbiblioteket\/","og_locale":"nb_NO","og_type":"article","og_title":"Verdensbiblioteket","og_description":"Verdensbiblioteket er en nettside som inneholder e-b\u00f8ker og e-lydb\u00f8ker p\u00e5 flere spr\u00e5k","og_url":"https:\/\/beta.bibliotekutvikling.no\/dfb\/vare-tilbud\/verdensbiblioteket\/","og_site_name":"Det flerspr\u00e5klige bibliotek","article_publisher":"https:\/\/www.facebook.com\/profile.php?id=100066429046602","article_modified_time":"2024-03-04T08:10:32+00:00","og_image":[{"width":2560,"height":1440,"url":"https:\/\/beta.bibliotekutvikling.no\/content\/uploads\/sites\/17\/2022\/09\/Bild-med-logo-norsk-scaled-1-e1664528761773.jpg","type":"image\/jpeg"}],"twitter_card":"summary_large_image","twitter_misc":{"Ansl. lesetid":"2 minutter"},"schema":{"@context":"https:\/\/schema.org","@graph":[{"@type":"WebPage","@id":"https:\/\/beta.bibliotekutvikling.no\/dfb\/vare-tilbud\/verdensbiblioteket\/","url":"https:\/\/beta.bibliotekutvikling.no\/dfb\/vare-tilbud\/verdensbiblioteket\/","name":"Verdensbiblioteket - Det flerspr\u00e5klige bibliotek","isPartOf":{"@id":"https:\/\/beta.bibliotekutvikling.no\/dfb\/#website"},"primaryImageOfPage":{"@id":"https:\/\/beta.bibliotekutvikling.no\/dfb\/vare-tilbud\/verdensbiblioteket\/#primaryimage"},"image":{"@id":"https:\/\/beta.bibliotekutvikling.no\/dfb\/vare-tilbud\/verdensbiblioteket\/#primaryimage"},"thumbnailUrl":"https:\/\/beta.bibliotekutvikling.no\/content\/uploads\/sites\/17\/2022\/09\/Bild-med-logo-norsk-scaled-1-e1664528761773.jpg","datePublished":"2022-09-22T14:12:27+00:00","dateModified":"2024-03-04T08:10:32+00:00","breadcrumb":{"@id":"https:\/\/beta.bibliotekutvikling.no\/dfb\/vare-tilbud\/verdensbiblioteket\/#breadcrumb"},"inLanguage":"nb-NO","potentialAction":[{"@type":"ReadAction","target":["https:\/\/beta.bibliotekutvikling.no\/dfb\/vare-tilbud\/verdensbiblioteket\/"]}]},{"@type":"ImageObject","inLanguage":"nb-NO","@id":"https:\/\/beta.bibliotekutvikling.no\/dfb\/vare-tilbud\/verdensbiblioteket\/#primaryimage","url":"https:\/\/beta.bibliotekutvikling.no\/content\/uploads\/sites\/17\/2022\/09\/Bild-med-logo-norsk-scaled-1-e1664528761773.jpg","contentUrl":"https:\/\/beta.bibliotekutvikling.no\/content\/uploads\/sites\/17\/2022\/09\/Bild-med-logo-norsk-scaled-1-e1664528761773.jpg","width":2560,"height":1440},{"@type":"BreadcrumbList","@id":"https:\/\/beta.bibliotekutvikling.no\/dfb\/vare-tilbud\/verdensbiblioteket\/#breadcrumb","itemListElement":[{"@type":"ListItem","position":1,"name":"Hjem","item":"https:\/\/beta.bibliotekutvikling.no\/dfb\/"},{"@type":"ListItem","position":2,"name":"Tilbud","item":"https:\/\/beta.bibliotekutvikling.no\/dfb\/vare-tilbud\/"},{"@type":"ListItem","position":3,"name":"Verdensbiblioteket"}]},{"@type":"WebSite","@id":"https:\/\/beta.bibliotekutvikling.no\/dfb\/#website","url":"https:\/\/beta.bibliotekutvikling.no\/dfb\/","name":"Det flerspr\u00e5klige bibliotek","description":"","publisher":{"@id":"https:\/\/beta.bibliotekutvikling.no\/dfb\/#organization"},"potentialAction":[{"@type":"SearchAction","target":{"@type":"EntryPoint","urlTemplate":"https:\/\/beta.bibliotekutvikling.no\/dfb\/?s={search_term_string}"},"query-input":{"@type":"PropertyValueSpecification","valueRequired":true,"valueName":"search_term_string"}}],"inLanguage":"nb-NO"},{"@type":"Organization","@id":"https:\/\/beta.bibliotekutvikling.no\/dfb\/#organization","name":"Det flerspr\u00e5klige bibliotek","url":"https:\/\/beta.bibliotekutvikling.no\/dfb\/","logo":{"@type":"ImageObject","inLanguage":"nb-NO","@id":"https:\/\/beta.bibliotekutvikling.no\/dfb\/#\/schema\/logo\/image\/","url":"https:\/\/bibliotekutvikling.no\/content\/uploads\/sites\/17\/2022\/09\/dfb.svg","contentUrl":"https:\/\/bibliotekutvikling.no\/content\/uploads\/sites\/17\/2022\/09\/dfb.svg","width":143,"height":65,"caption":"Det flerspr\u00e5klige bibliotek"},"image":{"@id":"https:\/\/beta.bibliotekutvikling.no\/dfb\/#\/schema\/logo\/image\/"},"sameAs":["https:\/\/www.facebook.com\/profile.php?id=100066429046602"]}]}},"_links":{"self":[{"href":"https:\/\/beta.bibliotekutvikling.no\/dfb\/wp-json\/wp\/v2\/pages\/379","targetHints":{"allow":["GET"]}}],"collection":[{"href":"https:\/\/beta.bibliotekutvikling.no\/dfb\/wp-json\/wp\/v2\/pages"}],"about":[{"href":"https:\/\/beta.bibliotekutvikling.no\/dfb\/wp-json\/wp\/v2\/types\/page"}],"author":[{"embeddable":true,"href":"https:\/\/beta.bibliotekutvikling.no\/dfb\/wp-json\/wp\/v2\/users\/830"}],"replies":[{"embeddable":true,"href":"https:\/\/beta.bibliotekutvikling.no\/dfb\/wp-json\/wp\/v2\/comments?post=379"}],"version-history":[{"count":5,"href":"https:\/\/beta.bibliotekutvikling.no\/dfb\/wp-json\/wp\/v2\/pages\/379\/revisions"}],"predecessor-version":[{"id":3132,"href":"https:\/\/beta.bibliotekutvikling.no\/dfb\/wp-json\/wp\/v2\/pages\/379\/revisions\/3132"}],"up":[{"embeddable":true,"href":"https:\/\/beta.bibliotekutvikling.no\/dfb\/wp-json\/wp\/v2\/pages\/252"}],"wp:featuredmedia":[{"embeddable":true,"href":"https:\/\/beta.bibliotekutvikling.no\/dfb\/wp-json\/wp\/v2\/media\/388"}],"wp:attachment":[{"href":"https:\/\/beta.bibliotekutvikling.no\/dfb\/wp-json\/wp\/v2\/media?parent=379"}],"curies":[{"name":"wp","href":"https:\/\/api.w.org\/{rel}","templated":true}]}}