{"id":439,"date":"2022-09-22T17:05:01","date_gmt":"2022-09-22T15:05:01","guid":{"rendered":"https:\/\/www.nb.no\/dfb\/?page_id=439"},"modified":"2023-05-22T11:30:28","modified_gmt":"2023-05-22T09:30:28","slug":"lan-vandreutstilling-om-arabisk-mat","status":"publish","type":"page","link":"https:\/\/beta.bibliotekutvikling.no\/dfb\/vare-tilbud\/lan-vandreutstilling-om-arabisk-mat\/","title":{"rendered":"Vandreutstilling om arabisk mat"},"content":{"rendered":"\n<figure class=\"wp-block-image alignwide size-full\"><img loading=\"lazy\" decoding=\"async\" width=\"2560\" height=\"1707\" src=\"https:\/\/www.nb.no\/content\/uploads\/sites\/25\/2022\/09\/dscf6699_0-1-scaled.jpg\" alt=\"\" class=\"wp-image-523\" srcset=\"https:\/\/beta.bibliotekutvikling.no\/content\/uploads\/sites\/17\/2022\/09\/dscf6699_0-1-scaled.jpg 2560w, https:\/\/beta.bibliotekutvikling.no\/content\/uploads\/sites\/17\/2022\/09\/dscf6699_0-1-300x200.jpg 300w, https:\/\/beta.bibliotekutvikling.no\/content\/uploads\/sites\/17\/2022\/09\/dscf6699_0-1-1024x683.jpg 1024w, https:\/\/beta.bibliotekutvikling.no\/content\/uploads\/sites\/17\/2022\/09\/dscf6699_0-1-768x512.jpg 768w, https:\/\/beta.bibliotekutvikling.no\/content\/uploads\/sites\/17\/2022\/09\/dscf6699_0-1-1536x1024.jpg 1536w, https:\/\/beta.bibliotekutvikling.no\/content\/uploads\/sites\/17\/2022\/09\/dscf6699_0-1-2048x1365.jpg 2048w, https:\/\/beta.bibliotekutvikling.no\/content\/uploads\/sites\/17\/2022\/09\/dscf6699_0-1-600x400.jpg 600w\" sizes=\"auto, (max-width: 2560px) 100vw, 2560px\" \/><figcaption class=\"wp-element-caption\">Eksempler p\u00e5 oppskriftskort i utstillingen. Du f\u00e5r \u00e5tte forskjellige oppskriftskort p\u00e5 enkle arabiske retter du kan lage hjemme<em>.<\/em><\/figcaption><\/figure>\n\n\n\n<p>Utstillingen&nbsp;best\u00e5r av rundt 20 kokeb\u00f8ker p\u00e5&nbsp;arabisk, engelsk og fransk, samt&nbsp;pyntegjenstander, oppskriftskort, plakater og en roll-up. Det er gratis \u00e5 l\u00e5ne utstillingen men du m\u00e5 bekoste returfrakten.&nbsp;Utl\u00e5nstiden er 4 uker.<\/p>\n\n\n\n<div class=\"wp-block-columns alignwide is-layout-flex wp-container-core-columns-is-layout-28f84493 wp-block-columns-is-layout-flex\">\n<div class=\"wp-block-column is-layout-flow wp-block-column-is-layout-flow\">\n<figure class=\"wp-block-image size-full\"><img loading=\"lazy\" decoding=\"async\" width=\"550\" height=\"757\" src=\"https:\/\/www.nb.no\/content\/uploads\/sites\/25\/2022\/09\/boker_ustillingen-DFB.jpg\" alt=\"\" class=\"wp-image-444\" srcset=\"https:\/\/beta.bibliotekutvikling.no\/content\/uploads\/sites\/17\/2022\/09\/boker_ustillingen-DFB.jpg 550w, https:\/\/beta.bibliotekutvikling.no\/content\/uploads\/sites\/17\/2022\/09\/boker_ustillingen-DFB-218x300.jpg 218w\" sizes=\"auto, (max-width: 550px) 100vw, 550px\" \/><figcaption class=\"wp-element-caption\">B\u00f8ker fra utstillingen. B\u00f8kene kan gjerne l\u00e5nes ut p\u00e5 kortidsl\u00e5n<\/figcaption><\/figure>\n<\/div>\n\n\n\n<div class=\"wp-block-column is-layout-flow wp-block-column-is-layout-flow\">\n<figure class=\"wp-block-image size-large\"><img loading=\"lazy\" decoding=\"async\" width=\"731\" height=\"1024\" src=\"https:\/\/www.nb.no\/content\/uploads\/sites\/25\/2022\/09\/plakat_oyet_spiser-731x1024.jpg\" alt=\"\" class=\"wp-image-449\" srcset=\"https:\/\/beta.bibliotekutvikling.no\/content\/uploads\/sites\/17\/2022\/09\/plakat_oyet_spiser-731x1024.jpg 731w, https:\/\/beta.bibliotekutvikling.no\/content\/uploads\/sites\/17\/2022\/09\/plakat_oyet_spiser-214x300.jpg 214w, https:\/\/beta.bibliotekutvikling.no\/content\/uploads\/sites\/17\/2022\/09\/plakat_oyet_spiser-768x1076.jpg 768w, https:\/\/beta.bibliotekutvikling.no\/content\/uploads\/sites\/17\/2022\/09\/plakat_oyet_spiser-1096x1536.jpg 1096w, https:\/\/beta.bibliotekutvikling.no\/content\/uploads\/sites\/17\/2022\/09\/plakat_oyet_spiser-1462x2048.jpg 1462w, https:\/\/beta.bibliotekutvikling.no\/content\/uploads\/sites\/17\/2022\/09\/plakat_oyet_spiser-600x841.jpg 600w, https:\/\/beta.bibliotekutvikling.no\/content\/uploads\/sites\/17\/2022\/09\/plakat_oyet_spiser-scaled.jpg 1827w\" sizes=\"auto, (max-width: 731px) 100vw, 731px\" \/><figcaption class=\"wp-element-caption\">Utstillingen best\u00e5r av fire plakater med korte fakta om arabiske mattradisjoner <\/figcaption><\/figure>\n<\/div>\n\n\n\n<div class=\"wp-block-column is-layout-flow wp-block-column-is-layout-flow\">\n<figure class=\"wp-block-image size-large\"><img loading=\"lazy\" decoding=\"async\" width=\"733\" height=\"1024\" src=\"https:\/\/www.nb.no\/content\/uploads\/sites\/25\/2022\/09\/matretter_plakat-733x1024.jpg\" alt=\"\" class=\"wp-image-447\" srcset=\"https:\/\/beta.bibliotekutvikling.no\/content\/uploads\/sites\/17\/2022\/09\/matretter_plakat-733x1024.jpg 733w, https:\/\/beta.bibliotekutvikling.no\/content\/uploads\/sites\/17\/2022\/09\/matretter_plakat-215x300.jpg 215w, https:\/\/beta.bibliotekutvikling.no\/content\/uploads\/sites\/17\/2022\/09\/matretter_plakat-768x1072.jpg 768w, https:\/\/beta.bibliotekutvikling.no\/content\/uploads\/sites\/17\/2022\/09\/matretter_plakat-1100x1536.jpg 1100w, https:\/\/beta.bibliotekutvikling.no\/content\/uploads\/sites\/17\/2022\/09\/matretter_plakat-1467x2048.jpg 1467w, https:\/\/beta.bibliotekutvikling.no\/content\/uploads\/sites\/17\/2022\/09\/matretter_plakat-600x838.jpg 600w, https:\/\/beta.bibliotekutvikling.no\/content\/uploads\/sites\/17\/2022\/09\/matretter_plakat-scaled.jpg 1833w\" sizes=\"auto, (max-width: 733px) 100vw, 733px\" \/><figcaption class=\"wp-element-caption\">Plakat fra utstillingen<\/figcaption><\/figure>\n<\/div>\n<\/div>\n\n\n\n<p>Den arabiske verden strekker seg fra Nord-Afrika helt til den arabiske halv\u00f8y.&nbsp;Alle landene har forskjellige mattradisjoner basert p\u00e5 hvor p\u00e5 kontinentet de ligger, klima og historie. Selv om det arabiske kj\u00f8kkenet varierer i hele regionen, er det visse elementer som er gjennomg\u00e5ende: ferske gr\u00f8nnsaker rike p\u00e5 smak, krydder i alle farger, olivenolje og mye kj\u00f8tt av lam, storfe og kylling.<\/p>\n\n\n\n<p>Disse mattradisjonene sier mye om hvem man er og hvor man kommer fra og derfor er de desto viktigere \u00e5 bevare n\u00e5r man lever i utlandet. Denne utstillingen er ment \u00e5 v\u00e6re en hyllest til den arabiske matkulturen, og gi et innblikk i et variert og sammensatt kj\u00f8kken det er verdt \u00e5 kjenne til.<\/p>\n\n\n\n<p>For mer informasjon og bestilling, kontakt:<\/p>\n\n\n<div class=\"t2-featured-single-post t2-featured-content is-post-type-person wp-block-t2-featured-single-post\"><figure class=\"nb-post-featured-image has-image-ratio-16-9 wp-block-nb-post-featured-image\"><img loading=\"lazy\" decoding=\"async\" width=\"768\" height=\"433\" src=\"https:\/\/beta.bibliotekutvikling.no\/content\/uploads\/sites\/17\/2022\/09\/Oddbjorn-Hansen-utsnitt-e1664529453820-768x433.jpg\" class=\"attachment-medium_large size-medium_large wp-post-image\" alt=\"\" srcset=\"https:\/\/beta.bibliotekutvikling.no\/content\/uploads\/sites\/17\/2022\/09\/Oddbjorn-Hansen-utsnitt-e1664529453820-768x433.jpg 768w, https:\/\/beta.bibliotekutvikling.no\/content\/uploads\/sites\/17\/2022\/09\/Oddbjorn-Hansen-utsnitt-e1664529453820-300x169.jpg 300w, https:\/\/beta.bibliotekutvikling.no\/content\/uploads\/sites\/17\/2022\/09\/Oddbjorn-Hansen-utsnitt-e1664529453820-1024x577.jpg 1024w, https:\/\/beta.bibliotekutvikling.no\/content\/uploads\/sites\/17\/2022\/09\/Oddbjorn-Hansen-utsnitt-e1664529453820-1536x865.jpg 1536w, https:\/\/beta.bibliotekutvikling.no\/content\/uploads\/sites\/17\/2022\/09\/Oddbjorn-Hansen-utsnitt-e1664529453820-600x338.jpg 600w, https:\/\/beta.bibliotekutvikling.no\/content\/uploads\/sites\/17\/2022\/09\/Oddbjorn-Hansen-utsnitt-e1664529453820.jpg 1678w\" sizes=\"auto, (min-width: 1200px) 384px, (min-width: 700px) 33vw, 350px\" \/><\/figure>\n\n\n<div class=\"wp-block-group alignfull is-layout-flow wp-block-group-is-layout-flow\">\n\t<h2 class=\"t2-post-title wp-block-t2-post-title\">Oddbj\u00f8rn Hansen<\/h2>\n\n\t\n\t<div class=\"wp-block-group alignfull person-card-meta is-layout-flow wp-block-group-is-layout-flow\">\n\t\t\n\t\t<div class=\"nb-post-excerpt wp-block-nb-post-excerpt\">Ansvarlig for samlinger p\u00e5 albansk,\u00a0polsk, rumensk, hebraisk, islandsk,\u00a0estisk, bosnisk, kroatisk, serbisk, slovensk, japansk, koreansk, malaysisk, singalesisk, thai og vietnamesisk.  Ansvar for innkj\u00f8p av spr\u00e5kkurs og ordb\u00f8ker.  Jobber med innkj\u00f8p til Verdensbiblioteket.no<\/div>\n\t\t<div class=\"nb-post-meta wp-block-nb-post-meta\"><div data-meta-key=\"people_email\"><a href=\"mailto:oddbjorn.hansen@nb.no\">oddbjorn.hansen@nb.no<\/a><\/div><div data-meta-key=\"people_phone\"><a href=\"tel: 23 27 63 61\"> 23 27 63 61<\/a><\/div><\/div>\n\t<\/div>\n\t\n<\/div>\n\n<\/div>","protected":false},"excerpt":{"rendered":"<p>L\u00e5n en vandreutstilling som enkelt kan stilles ut i ditt bibliotek.  <\/p>\n","protected":false},"author":830,"featured_media":442,"parent":252,"menu_order":0,"comment_status":"closed","ping_status":"closed","template":"","meta":{"nb_hide_title":false,"nb_breadcrumb_title_override":"","sub_navigation_option":"","sub_navigation_custom_items":[],"footnotes":""},"class_list":["post-439","page","type-page","status-publish","has-post-thumbnail","hentry"],"yoast_head":"<!-- This site is optimized with the Yoast SEO Premium plugin v27.1 (Yoast SEO v27.1.1) - https:\/\/yoast.com\/product\/yoast-seo-premium-wordpress\/ -->\n<title>Vandreutstilling om arabisk mat - Det flerspr\u00e5klige bibliotek<\/title>\n<meta name=\"robots\" content=\"index, follow, max-snippet:-1, max-image-preview:large, max-video-preview:-1\" \/>\n<link rel=\"canonical\" href=\"https:\/\/beta.bibliotekutvikling.no\/dfb\/vare-tilbud\/lan-vandreutstilling-om-arabisk-mat\/\" \/>\n<meta property=\"og:locale\" content=\"nb_NO\" \/>\n<meta property=\"og:type\" content=\"article\" \/>\n<meta property=\"og:title\" content=\"Vandreutstilling om arabisk mat\" \/>\n<meta property=\"og:description\" content=\"L\u00e5n en vandreutstilling som enkelt kan stilles ut i ditt bibliotek.\" \/>\n<meta property=\"og:url\" content=\"https:\/\/beta.bibliotekutvikling.no\/dfb\/vare-tilbud\/lan-vandreutstilling-om-arabisk-mat\/\" \/>\n<meta property=\"og:site_name\" content=\"Det flerspr\u00e5klige bibliotek\" \/>\n<meta property=\"article:publisher\" content=\"https:\/\/www.facebook.com\/profile.php?id=100066429046602\" \/>\n<meta property=\"article:modified_time\" content=\"2023-05-22T09:30:28+00:00\" \/>\n<meta property=\"og:image\" content=\"https:\/\/beta.bibliotekutvikling.no\/content\/uploads\/sites\/17\/2022\/09\/eksempler-pa-oppskriftskort-DFB-scaled-e1664549142984.jpg\" \/>\n\t<meta property=\"og:image:width\" content=\"2560\" \/>\n\t<meta property=\"og:image:height\" content=\"1440\" \/>\n\t<meta property=\"og:image:type\" content=\"image\/jpeg\" \/>\n<meta name=\"twitter:card\" content=\"summary_large_image\" \/>\n<meta name=\"twitter:label1\" content=\"Ansl. lesetid\" \/>\n\t<meta name=\"twitter:data1\" content=\"2 minutter\" \/>\n<script type=\"application\/ld+json\" class=\"yoast-schema-graph\">{\"@context\":\"https:\/\/schema.org\",\"@graph\":[{\"@type\":\"WebPage\",\"@id\":\"https:\/\/beta.bibliotekutvikling.no\/dfb\/vare-tilbud\/lan-vandreutstilling-om-arabisk-mat\/\",\"url\":\"https:\/\/beta.bibliotekutvikling.no\/dfb\/vare-tilbud\/lan-vandreutstilling-om-arabisk-mat\/\",\"name\":\"Vandreutstilling om arabisk mat - Det flerspr\u00e5klige bibliotek\",\"isPartOf\":{\"@id\":\"https:\/\/beta.bibliotekutvikling.no\/dfb\/#website\"},\"primaryImageOfPage\":{\"@id\":\"https:\/\/beta.bibliotekutvikling.no\/dfb\/vare-tilbud\/lan-vandreutstilling-om-arabisk-mat\/#primaryimage\"},\"image\":{\"@id\":\"https:\/\/beta.bibliotekutvikling.no\/dfb\/vare-tilbud\/lan-vandreutstilling-om-arabisk-mat\/#primaryimage\"},\"thumbnailUrl\":\"https:\/\/beta.bibliotekutvikling.no\/content\/uploads\/sites\/17\/2022\/09\/eksempler-pa-oppskriftskort-DFB-scaled-e1664549142984.jpg\",\"datePublished\":\"2022-09-22T15:05:01+00:00\",\"dateModified\":\"2023-05-22T09:30:28+00:00\",\"breadcrumb\":{\"@id\":\"https:\/\/beta.bibliotekutvikling.no\/dfb\/vare-tilbud\/lan-vandreutstilling-om-arabisk-mat\/#breadcrumb\"},\"inLanguage\":\"nb-NO\",\"potentialAction\":[{\"@type\":\"ReadAction\",\"target\":[\"https:\/\/beta.bibliotekutvikling.no\/dfb\/vare-tilbud\/lan-vandreutstilling-om-arabisk-mat\/\"]}]},{\"@type\":\"ImageObject\",\"inLanguage\":\"nb-NO\",\"@id\":\"https:\/\/beta.bibliotekutvikling.no\/dfb\/vare-tilbud\/lan-vandreutstilling-om-arabisk-mat\/#primaryimage\",\"url\":\"https:\/\/beta.bibliotekutvikling.no\/content\/uploads\/sites\/17\/2022\/09\/eksempler-pa-oppskriftskort-DFB-scaled-e1664549142984.jpg\",\"contentUrl\":\"https:\/\/beta.bibliotekutvikling.no\/content\/uploads\/sites\/17\/2022\/09\/eksempler-pa-oppskriftskort-DFB-scaled-e1664549142984.jpg\",\"width\":2560,\"height\":1440},{\"@type\":\"BreadcrumbList\",\"@id\":\"https:\/\/beta.bibliotekutvikling.no\/dfb\/vare-tilbud\/lan-vandreutstilling-om-arabisk-mat\/#breadcrumb\",\"itemListElement\":[{\"@type\":\"ListItem\",\"position\":1,\"name\":\"Hjem\",\"item\":\"https:\/\/beta.bibliotekutvikling.no\/dfb\/\"},{\"@type\":\"ListItem\",\"position\":2,\"name\":\"Tilbud\",\"item\":\"https:\/\/beta.bibliotekutvikling.no\/dfb\/vare-tilbud\/\"},{\"@type\":\"ListItem\",\"position\":3,\"name\":\"Vandreutstilling om arabisk mat\"}]},{\"@type\":\"WebSite\",\"@id\":\"https:\/\/beta.bibliotekutvikling.no\/dfb\/#website\",\"url\":\"https:\/\/beta.bibliotekutvikling.no\/dfb\/\",\"name\":\"Det flerspr\u00e5klige bibliotek\",\"description\":\"\",\"publisher\":{\"@id\":\"https:\/\/beta.bibliotekutvikling.no\/dfb\/#organization\"},\"potentialAction\":[{\"@type\":\"SearchAction\",\"target\":{\"@type\":\"EntryPoint\",\"urlTemplate\":\"https:\/\/beta.bibliotekutvikling.no\/dfb\/?s={search_term_string}\"},\"query-input\":{\"@type\":\"PropertyValueSpecification\",\"valueRequired\":true,\"valueName\":\"search_term_string\"}}],\"inLanguage\":\"nb-NO\"},{\"@type\":\"Organization\",\"@id\":\"https:\/\/beta.bibliotekutvikling.no\/dfb\/#organization\",\"name\":\"Det flerspr\u00e5klige bibliotek\",\"url\":\"https:\/\/beta.bibliotekutvikling.no\/dfb\/\",\"logo\":{\"@type\":\"ImageObject\",\"inLanguage\":\"nb-NO\",\"@id\":\"https:\/\/beta.bibliotekutvikling.no\/dfb\/#\/schema\/logo\/image\/\",\"url\":\"https:\/\/bibliotekutvikling.no\/content\/uploads\/sites\/17\/2022\/09\/dfb.svg\",\"contentUrl\":\"https:\/\/bibliotekutvikling.no\/content\/uploads\/sites\/17\/2022\/09\/dfb.svg\",\"width\":143,\"height\":65,\"caption\":\"Det flerspr\u00e5klige bibliotek\"},\"image\":{\"@id\":\"https:\/\/beta.bibliotekutvikling.no\/dfb\/#\/schema\/logo\/image\/\"},\"sameAs\":[\"https:\/\/www.facebook.com\/profile.php?id=100066429046602\"]}]}<\/script>\n<!-- \/ Yoast SEO Premium plugin. -->","yoast_head_json":{"title":"Vandreutstilling om arabisk mat - Det flerspr\u00e5klige bibliotek","robots":{"index":"index","follow":"follow","max-snippet":"max-snippet:-1","max-image-preview":"max-image-preview:large","max-video-preview":"max-video-preview:-1"},"canonical":"https:\/\/beta.bibliotekutvikling.no\/dfb\/vare-tilbud\/lan-vandreutstilling-om-arabisk-mat\/","og_locale":"nb_NO","og_type":"article","og_title":"Vandreutstilling om arabisk mat","og_description":"L\u00e5n en vandreutstilling som enkelt kan stilles ut i ditt bibliotek.","og_url":"https:\/\/beta.bibliotekutvikling.no\/dfb\/vare-tilbud\/lan-vandreutstilling-om-arabisk-mat\/","og_site_name":"Det flerspr\u00e5klige bibliotek","article_publisher":"https:\/\/www.facebook.com\/profile.php?id=100066429046602","article_modified_time":"2023-05-22T09:30:28+00:00","og_image":[{"width":2560,"height":1440,"url":"https:\/\/beta.bibliotekutvikling.no\/content\/uploads\/sites\/17\/2022\/09\/eksempler-pa-oppskriftskort-DFB-scaled-e1664549142984.jpg","type":"image\/jpeg"}],"twitter_card":"summary_large_image","twitter_misc":{"Ansl. lesetid":"2 minutter"},"schema":{"@context":"https:\/\/schema.org","@graph":[{"@type":"WebPage","@id":"https:\/\/beta.bibliotekutvikling.no\/dfb\/vare-tilbud\/lan-vandreutstilling-om-arabisk-mat\/","url":"https:\/\/beta.bibliotekutvikling.no\/dfb\/vare-tilbud\/lan-vandreutstilling-om-arabisk-mat\/","name":"Vandreutstilling om arabisk mat - Det flerspr\u00e5klige bibliotek","isPartOf":{"@id":"https:\/\/beta.bibliotekutvikling.no\/dfb\/#website"},"primaryImageOfPage":{"@id":"https:\/\/beta.bibliotekutvikling.no\/dfb\/vare-tilbud\/lan-vandreutstilling-om-arabisk-mat\/#primaryimage"},"image":{"@id":"https:\/\/beta.bibliotekutvikling.no\/dfb\/vare-tilbud\/lan-vandreutstilling-om-arabisk-mat\/#primaryimage"},"thumbnailUrl":"https:\/\/beta.bibliotekutvikling.no\/content\/uploads\/sites\/17\/2022\/09\/eksempler-pa-oppskriftskort-DFB-scaled-e1664549142984.jpg","datePublished":"2022-09-22T15:05:01+00:00","dateModified":"2023-05-22T09:30:28+00:00","breadcrumb":{"@id":"https:\/\/beta.bibliotekutvikling.no\/dfb\/vare-tilbud\/lan-vandreutstilling-om-arabisk-mat\/#breadcrumb"},"inLanguage":"nb-NO","potentialAction":[{"@type":"ReadAction","target":["https:\/\/beta.bibliotekutvikling.no\/dfb\/vare-tilbud\/lan-vandreutstilling-om-arabisk-mat\/"]}]},{"@type":"ImageObject","inLanguage":"nb-NO","@id":"https:\/\/beta.bibliotekutvikling.no\/dfb\/vare-tilbud\/lan-vandreutstilling-om-arabisk-mat\/#primaryimage","url":"https:\/\/beta.bibliotekutvikling.no\/content\/uploads\/sites\/17\/2022\/09\/eksempler-pa-oppskriftskort-DFB-scaled-e1664549142984.jpg","contentUrl":"https:\/\/beta.bibliotekutvikling.no\/content\/uploads\/sites\/17\/2022\/09\/eksempler-pa-oppskriftskort-DFB-scaled-e1664549142984.jpg","width":2560,"height":1440},{"@type":"BreadcrumbList","@id":"https:\/\/beta.bibliotekutvikling.no\/dfb\/vare-tilbud\/lan-vandreutstilling-om-arabisk-mat\/#breadcrumb","itemListElement":[{"@type":"ListItem","position":1,"name":"Hjem","item":"https:\/\/beta.bibliotekutvikling.no\/dfb\/"},{"@type":"ListItem","position":2,"name":"Tilbud","item":"https:\/\/beta.bibliotekutvikling.no\/dfb\/vare-tilbud\/"},{"@type":"ListItem","position":3,"name":"Vandreutstilling om arabisk mat"}]},{"@type":"WebSite","@id":"https:\/\/beta.bibliotekutvikling.no\/dfb\/#website","url":"https:\/\/beta.bibliotekutvikling.no\/dfb\/","name":"Det flerspr\u00e5klige bibliotek","description":"","publisher":{"@id":"https:\/\/beta.bibliotekutvikling.no\/dfb\/#organization"},"potentialAction":[{"@type":"SearchAction","target":{"@type":"EntryPoint","urlTemplate":"https:\/\/beta.bibliotekutvikling.no\/dfb\/?s={search_term_string}"},"query-input":{"@type":"PropertyValueSpecification","valueRequired":true,"valueName":"search_term_string"}}],"inLanguage":"nb-NO"},{"@type":"Organization","@id":"https:\/\/beta.bibliotekutvikling.no\/dfb\/#organization","name":"Det flerspr\u00e5klige bibliotek","url":"https:\/\/beta.bibliotekutvikling.no\/dfb\/","logo":{"@type":"ImageObject","inLanguage":"nb-NO","@id":"https:\/\/beta.bibliotekutvikling.no\/dfb\/#\/schema\/logo\/image\/","url":"https:\/\/bibliotekutvikling.no\/content\/uploads\/sites\/17\/2022\/09\/dfb.svg","contentUrl":"https:\/\/bibliotekutvikling.no\/content\/uploads\/sites\/17\/2022\/09\/dfb.svg","width":143,"height":65,"caption":"Det flerspr\u00e5klige bibliotek"},"image":{"@id":"https:\/\/beta.bibliotekutvikling.no\/dfb\/#\/schema\/logo\/image\/"},"sameAs":["https:\/\/www.facebook.com\/profile.php?id=100066429046602"]}]}},"_links":{"self":[{"href":"https:\/\/beta.bibliotekutvikling.no\/dfb\/wp-json\/wp\/v2\/pages\/439","targetHints":{"allow":["GET"]}}],"collection":[{"href":"https:\/\/beta.bibliotekutvikling.no\/dfb\/wp-json\/wp\/v2\/pages"}],"about":[{"href":"https:\/\/beta.bibliotekutvikling.no\/dfb\/wp-json\/wp\/v2\/types\/page"}],"author":[{"embeddable":true,"href":"https:\/\/beta.bibliotekutvikling.no\/dfb\/wp-json\/wp\/v2\/users\/830"}],"replies":[{"embeddable":true,"href":"https:\/\/beta.bibliotekutvikling.no\/dfb\/wp-json\/wp\/v2\/comments?post=439"}],"version-history":[{"count":5,"href":"https:\/\/beta.bibliotekutvikling.no\/dfb\/wp-json\/wp\/v2\/pages\/439\/revisions"}],"predecessor-version":[{"id":2324,"href":"https:\/\/beta.bibliotekutvikling.no\/dfb\/wp-json\/wp\/v2\/pages\/439\/revisions\/2324"}],"up":[{"embeddable":true,"href":"https:\/\/beta.bibliotekutvikling.no\/dfb\/wp-json\/wp\/v2\/pages\/252"}],"wp:featuredmedia":[{"embeddable":true,"href":"https:\/\/beta.bibliotekutvikling.no\/dfb\/wp-json\/wp\/v2\/media\/442"}],"wp:attachment":[{"href":"https:\/\/beta.bibliotekutvikling.no\/dfb\/wp-json\/wp\/v2\/media?parent=439"}],"curies":[{"name":"wp","href":"https:\/\/api.w.org\/{rel}","templated":true}]}}