{"id":456,"date":"2022-09-22T17:16:51","date_gmt":"2022-09-22T15:16:51","guid":{"rendered":"https:\/\/www.nb.no\/dfb\/?page_id=456"},"modified":"2022-12-16T10:36:38","modified_gmt":"2022-12-16T09:36:38","slug":"lan-vandreutstillingen-ja-vi-elsker-ski","status":"publish","type":"page","link":"https:\/\/beta.bibliotekutvikling.no\/dfb\/vare-tilbud\/lan-vandreutstillingen-ja-vi-elsker-ski\/","title":{"rendered":"L\u00e5n vandreutstillingen &laquo;Ja vi elsker ski&raquo;"},"content":{"rendered":"\n<figure class=\"wp-block-image alignwide size-full\"><img loading=\"lazy\" decoding=\"async\" width=\"543\" height=\"304\" src=\"https:\/\/www.nb.no\/content\/uploads\/sites\/25\/2022\/09\/ski-utstillingen-bilde-20-DFB-2.jpg\" alt=\"\" class=\"wp-image-459\" srcset=\"https:\/\/beta.bibliotekutvikling.no\/content\/uploads\/sites\/17\/2022\/09\/ski-utstillingen-bilde-20-DFB-2.jpg 543w, https:\/\/beta.bibliotekutvikling.no\/content\/uploads\/sites\/17\/2022\/09\/ski-utstillingen-bilde-20-DFB-2-300x168.jpg 300w\" sizes=\"auto, (max-width: 543px) 100vw, 543px\" \/><\/figure>\n\n\n\n<p> Det flerspr\u00e5klige bibliotek har laget vandreutstillingen &laquo;Ja, vi elsker ski&raquo;, en utstilling som passer for barn i alderen 6-16 \u00e5r. <\/p>\n\n\n\n<p>Utstillingen er laget for \u00e5 vekke interessen for ski blant barn, og samtidig vise at skikulturen er godt integrert ogs\u00e5 i andre kulturer. Skikulturen er godt integrert i det norske samfunnet og mange barn og voksne gleder seg til sn\u00f8en kommer og skibakker og skil\u00f8yper er klare til bruk. Samtidig er den norske skikulturen lite kjent for en del barn som vokser opp i landet.<\/p>\n\n\n\n<p>Her har vi samlet skj\u00f8nnlitteratur og fagb\u00f8ker p\u00e5 flere spr\u00e5k. Du finner fortellinger der handlingen finner sted i skibakker eller skil\u00f8yper og vi har fagb\u00f8ker der du l\u00e6rer om kj\u00f8reteknikk, utstyrsbehandling og sikkerhet.<\/p>\n\n\n\n<p>Til sammen er det rundt 20 b\u00f8ker p\u00e5 arabisk, engelsk, fransk nederlandsk, polsk, russisk, tsjekkisk og tyrkisk i utstillingen.&nbsp;Vi sender ogs\u00e5 med fem plakater i st\u00f8rrelsen A-3, A-4 og A-5 om skihistorie. I tillegg f\u00e5r du pyntegjenstander og en roll-up.<\/p>\n\n\n\n<p>Det er gratis \u00e5 l\u00e5ne utstillingen men du m\u00e5 bekoste returfrakten.&nbsp;Utl\u00e5nstiden er 4 uker.<\/p>\n\n\n\n<p>Utstillingen kan l\u00e5nes i perioden desember til april hvert \u00e5r.<\/p>\n\n\n\n<div class=\"wp-block-columns alignwide is-layout-flex wp-container-core-columns-is-layout-28f84493 wp-block-columns-is-layout-flex\">\n<div class=\"wp-block-column is-layout-flow wp-block-column-is-layout-flow\">\n<figure class=\"wp-block-image size-full\"><img loading=\"lazy\" decoding=\"async\" width=\"550\" height=\"825\" src=\"https:\/\/www.nb.no\/content\/uploads\/sites\/25\/2022\/09\/ski-utstillingen-bilde-20-DFB.jpg\" alt=\"\" class=\"wp-image-461\" srcset=\"https:\/\/beta.bibliotekutvikling.no\/content\/uploads\/sites\/17\/2022\/09\/ski-utstillingen-bilde-20-DFB.jpg 550w, https:\/\/beta.bibliotekutvikling.no\/content\/uploads\/sites\/17\/2022\/09\/ski-utstillingen-bilde-20-DFB-200x300.jpg 200w\" sizes=\"auto, (max-width: 550px) 100vw, 550px\" \/><figcaption class=\"wp-element-caption\">Bilde fra utstillingen. Foto: Tonje Sivertsen<\/figcaption><\/figure>\n<\/div>\n\n\n\n<div class=\"wp-block-column is-layout-flow wp-block-column-is-layout-flow\">\n<figure class=\"wp-block-image size-large is-resized\"><img loading=\"lazy\" decoding=\"async\" src=\"https:\/\/www.nb.no\/content\/uploads\/sites\/25\/2022\/09\/ski-utstillingen-bilde-19-DFB-683x1024.jpg\" alt=\"\" class=\"wp-image-463\" width=\"550\" height=\"825\" srcset=\"https:\/\/beta.bibliotekutvikling.no\/content\/uploads\/sites\/17\/2022\/09\/ski-utstillingen-bilde-19-DFB-683x1024.jpg 683w, https:\/\/beta.bibliotekutvikling.no\/content\/uploads\/sites\/17\/2022\/09\/ski-utstillingen-bilde-19-DFB-200x300.jpg 200w, https:\/\/beta.bibliotekutvikling.no\/content\/uploads\/sites\/17\/2022\/09\/ski-utstillingen-bilde-19-DFB-768x1152.jpg 768w, https:\/\/beta.bibliotekutvikling.no\/content\/uploads\/sites\/17\/2022\/09\/ski-utstillingen-bilde-19-DFB-1024x1536.jpg 1024w, https:\/\/beta.bibliotekutvikling.no\/content\/uploads\/sites\/17\/2022\/09\/ski-utstillingen-bilde-19-DFB-1365x2048.jpg 1365w, https:\/\/beta.bibliotekutvikling.no\/content\/uploads\/sites\/17\/2022\/09\/ski-utstillingen-bilde-19-DFB-600x900.jpg 600w, https:\/\/beta.bibliotekutvikling.no\/content\/uploads\/sites\/17\/2022\/09\/ski-utstillingen-bilde-19-DFB-scaled.jpg 1707w\" sizes=\"auto, (max-width: 550px) 100vw, 550px\" \/><figcaption class=\"wp-element-caption\">Bilde fra utstillingen. Foto. Tonje Sivertsen<\/figcaption><\/figure>\n<\/div>\n<\/div>\n\n\n\n<h2 class=\"wp-block-heading\">For mer informasjon og bestilling, kontakt:<\/h2>\n\n\n<div class=\"t2-featured-single-post t2-featured-content is-post-type-person wp-block-t2-featured-single-post\"><figure class=\"nb-post-featured-image has-image-ratio-16-9 wp-block-nb-post-featured-image\"><img loading=\"lazy\" decoding=\"async\" width=\"768\" height=\"432\" src=\"https:\/\/beta.bibliotekutvikling.no\/content\/uploads\/sites\/17\/2024\/02\/Gulnara-Bakke-foto-Kari-Margrethe-Sabro-beskjaert-768x432.jpg\" class=\"attachment-medium_large size-medium_large wp-post-image\" alt=\"\" srcset=\"https:\/\/beta.bibliotekutvikling.no\/content\/uploads\/sites\/17\/2024\/02\/Gulnara-Bakke-foto-Kari-Margrethe-Sabro-beskjaert-768x432.jpg 768w, https:\/\/beta.bibliotekutvikling.no\/content\/uploads\/sites\/17\/2024\/02\/Gulnara-Bakke-foto-Kari-Margrethe-Sabro-beskjaert-300x169.jpg 300w, https:\/\/beta.bibliotekutvikling.no\/content\/uploads\/sites\/17\/2024\/02\/Gulnara-Bakke-foto-Kari-Margrethe-Sabro-beskjaert-600x338.jpg 600w, https:\/\/beta.bibliotekutvikling.no\/content\/uploads\/sites\/17\/2024\/02\/Gulnara-Bakke-foto-Kari-Margrethe-Sabro-beskjaert.jpg 842w\" sizes=\"auto, (min-width: 1200px) 384px, (min-width: 700px) 33vw, 350px\" \/><\/figure>\n\n\n<div class=\"wp-block-group alignfull is-layout-flow wp-block-group-is-layout-flow\">\n\t<h2 class=\"t2-post-title wp-block-t2-post-title\">Gulnara Bakke<\/h2>\n\n\t\n\t<div class=\"wp-block-group alignfull person-card-meta is-layout-flow wp-block-group-is-layout-flow\">\n\t\t\n\t\t<div class=\"nb-post-excerpt wp-block-nb-post-excerpt\">Ansvarlig for samlinger p\u00e5 armensk, belarusisk, bulgarsk, georgisk, makedonsk, russisk, tsjetsjensk, tyrkisk og ukrainsk. Jobber med tilbud til barn og unge p\u00e5 tvers av spr\u00e5k. Ansvar for vandreutstillingen &laquo;Ja vi elsker ski&raquo;.<\/div>\n\t\t<div class=\"nb-post-meta wp-block-nb-post-meta\"><div data-meta-key=\"people_email\"><a href=\"mailto:gulnara.bakke@nb.no\">gulnara.bakke@nb.no<\/a><\/div><div data-meta-key=\"people_phone\"><a href=\"tel:23 27 63 56\">23 27 63 56<\/a><\/div><\/div>\n\t<\/div>\n\t\n<\/div>\n\n<\/div>","protected":false},"excerpt":{"rendered":"","protected":false},"author":830,"featured_media":459,"parent":252,"menu_order":0,"comment_status":"closed","ping_status":"closed","template":"","meta":{"nb_hide_title":false,"nb_breadcrumb_title_override":"","sub_navigation_option":"","sub_navigation_custom_items":[],"footnotes":""},"class_list":["post-456","page","type-page","status-publish","has-post-thumbnail","hentry"],"yoast_head":"<!-- This site is optimized with the Yoast SEO Premium plugin v27.1 (Yoast SEO v27.1.1) - https:\/\/yoast.com\/product\/yoast-seo-premium-wordpress\/ -->\n<title>L\u00e5n vandreutstillingen &quot;Ja vi elsker ski&quot; - Det flerspr\u00e5klige bibliotek<\/title>\n<meta name=\"robots\" content=\"index, follow, max-snippet:-1, max-image-preview:large, max-video-preview:-1\" \/>\n<link rel=\"canonical\" href=\"https:\/\/beta.bibliotekutvikling.no\/dfb\/vare-tilbud\/lan-vandreutstillingen-ja-vi-elsker-ski\/\" \/>\n<meta property=\"og:locale\" content=\"nb_NO\" \/>\n<meta property=\"og:type\" content=\"article\" \/>\n<meta property=\"og:title\" content=\"L\u00e5n vandreutstillingen &quot;Ja vi elsker ski&quot;\" \/>\n<meta property=\"og:url\" content=\"https:\/\/beta.bibliotekutvikling.no\/dfb\/vare-tilbud\/lan-vandreutstillingen-ja-vi-elsker-ski\/\" \/>\n<meta property=\"og:site_name\" content=\"Det flerspr\u00e5klige bibliotek\" \/>\n<meta property=\"article:publisher\" content=\"https:\/\/www.facebook.com\/profile.php?id=100066429046602\" \/>\n<meta property=\"article:modified_time\" content=\"2022-12-16T09:36:38+00:00\" \/>\n<meta property=\"og:image\" content=\"https:\/\/beta.bibliotekutvikling.no\/content\/uploads\/sites\/17\/2022\/09\/ski-utstillingen-bilde-20-DFB-2.jpg\" \/>\n\t<meta property=\"og:image:width\" content=\"543\" \/>\n\t<meta property=\"og:image:height\" content=\"304\" \/>\n\t<meta property=\"og:image:type\" content=\"image\/jpeg\" \/>\n<meta name=\"twitter:card\" content=\"summary_large_image\" \/>\n<meta name=\"twitter:label1\" content=\"Ansl. lesetid\" \/>\n\t<meta name=\"twitter:data1\" content=\"1 minutt\" \/>\n<script type=\"application\/ld+json\" class=\"yoast-schema-graph\">{\"@context\":\"https:\/\/schema.org\",\"@graph\":[{\"@type\":\"WebPage\",\"@id\":\"https:\/\/beta.bibliotekutvikling.no\/dfb\/vare-tilbud\/lan-vandreutstillingen-ja-vi-elsker-ski\/\",\"url\":\"https:\/\/beta.bibliotekutvikling.no\/dfb\/vare-tilbud\/lan-vandreutstillingen-ja-vi-elsker-ski\/\",\"name\":\"L\u00e5n vandreutstillingen \\\"Ja vi elsker ski\\\" - Det flerspr\u00e5klige bibliotek\",\"isPartOf\":{\"@id\":\"https:\/\/beta.bibliotekutvikling.no\/dfb\/#website\"},\"primaryImageOfPage\":{\"@id\":\"https:\/\/beta.bibliotekutvikling.no\/dfb\/vare-tilbud\/lan-vandreutstillingen-ja-vi-elsker-ski\/#primaryimage\"},\"image\":{\"@id\":\"https:\/\/beta.bibliotekutvikling.no\/dfb\/vare-tilbud\/lan-vandreutstillingen-ja-vi-elsker-ski\/#primaryimage\"},\"thumbnailUrl\":\"https:\/\/beta.bibliotekutvikling.no\/content\/uploads\/sites\/17\/2022\/09\/ski-utstillingen-bilde-20-DFB-2.jpg\",\"datePublished\":\"2022-09-22T15:16:51+00:00\",\"dateModified\":\"2022-12-16T09:36:38+00:00\",\"breadcrumb\":{\"@id\":\"https:\/\/beta.bibliotekutvikling.no\/dfb\/vare-tilbud\/lan-vandreutstillingen-ja-vi-elsker-ski\/#breadcrumb\"},\"inLanguage\":\"nb-NO\",\"potentialAction\":[{\"@type\":\"ReadAction\",\"target\":[\"https:\/\/beta.bibliotekutvikling.no\/dfb\/vare-tilbud\/lan-vandreutstillingen-ja-vi-elsker-ski\/\"]}]},{\"@type\":\"ImageObject\",\"inLanguage\":\"nb-NO\",\"@id\":\"https:\/\/beta.bibliotekutvikling.no\/dfb\/vare-tilbud\/lan-vandreutstillingen-ja-vi-elsker-ski\/#primaryimage\",\"url\":\"https:\/\/beta.bibliotekutvikling.no\/content\/uploads\/sites\/17\/2022\/09\/ski-utstillingen-bilde-20-DFB-2.jpg\",\"contentUrl\":\"https:\/\/beta.bibliotekutvikling.no\/content\/uploads\/sites\/17\/2022\/09\/ski-utstillingen-bilde-20-DFB-2.jpg\",\"width\":543,\"height\":304},{\"@type\":\"BreadcrumbList\",\"@id\":\"https:\/\/beta.bibliotekutvikling.no\/dfb\/vare-tilbud\/lan-vandreutstillingen-ja-vi-elsker-ski\/#breadcrumb\",\"itemListElement\":[{\"@type\":\"ListItem\",\"position\":1,\"name\":\"Hjem\",\"item\":\"https:\/\/beta.bibliotekutvikling.no\/dfb\/\"},{\"@type\":\"ListItem\",\"position\":2,\"name\":\"Tilbud\",\"item\":\"https:\/\/beta.bibliotekutvikling.no\/dfb\/vare-tilbud\/\"},{\"@type\":\"ListItem\",\"position\":3,\"name\":\"L\u00e5n vandreutstillingen &laquo;Ja vi elsker ski&raquo;\"}]},{\"@type\":\"WebSite\",\"@id\":\"https:\/\/beta.bibliotekutvikling.no\/dfb\/#website\",\"url\":\"https:\/\/beta.bibliotekutvikling.no\/dfb\/\",\"name\":\"Det flerspr\u00e5klige bibliotek\",\"description\":\"\",\"publisher\":{\"@id\":\"https:\/\/beta.bibliotekutvikling.no\/dfb\/#organization\"},\"potentialAction\":[{\"@type\":\"SearchAction\",\"target\":{\"@type\":\"EntryPoint\",\"urlTemplate\":\"https:\/\/beta.bibliotekutvikling.no\/dfb\/?s={search_term_string}\"},\"query-input\":{\"@type\":\"PropertyValueSpecification\",\"valueRequired\":true,\"valueName\":\"search_term_string\"}}],\"inLanguage\":\"nb-NO\"},{\"@type\":\"Organization\",\"@id\":\"https:\/\/beta.bibliotekutvikling.no\/dfb\/#organization\",\"name\":\"Det flerspr\u00e5klige bibliotek\",\"url\":\"https:\/\/beta.bibliotekutvikling.no\/dfb\/\",\"logo\":{\"@type\":\"ImageObject\",\"inLanguage\":\"nb-NO\",\"@id\":\"https:\/\/beta.bibliotekutvikling.no\/dfb\/#\/schema\/logo\/image\/\",\"url\":\"https:\/\/bibliotekutvikling.no\/content\/uploads\/sites\/17\/2022\/09\/dfb.svg\",\"contentUrl\":\"https:\/\/bibliotekutvikling.no\/content\/uploads\/sites\/17\/2022\/09\/dfb.svg\",\"width\":143,\"height\":65,\"caption\":\"Det flerspr\u00e5klige bibliotek\"},\"image\":{\"@id\":\"https:\/\/beta.bibliotekutvikling.no\/dfb\/#\/schema\/logo\/image\/\"},\"sameAs\":[\"https:\/\/www.facebook.com\/profile.php?id=100066429046602\"]}]}<\/script>\n<!-- \/ Yoast SEO Premium plugin. -->","yoast_head_json":{"title":"L\u00e5n vandreutstillingen \"Ja vi elsker ski\" - Det flerspr\u00e5klige bibliotek","robots":{"index":"index","follow":"follow","max-snippet":"max-snippet:-1","max-image-preview":"max-image-preview:large","max-video-preview":"max-video-preview:-1"},"canonical":"https:\/\/beta.bibliotekutvikling.no\/dfb\/vare-tilbud\/lan-vandreutstillingen-ja-vi-elsker-ski\/","og_locale":"nb_NO","og_type":"article","og_title":"L\u00e5n vandreutstillingen \"Ja vi elsker ski\"","og_url":"https:\/\/beta.bibliotekutvikling.no\/dfb\/vare-tilbud\/lan-vandreutstillingen-ja-vi-elsker-ski\/","og_site_name":"Det flerspr\u00e5klige bibliotek","article_publisher":"https:\/\/www.facebook.com\/profile.php?id=100066429046602","article_modified_time":"2022-12-16T09:36:38+00:00","og_image":[{"width":543,"height":304,"url":"https:\/\/beta.bibliotekutvikling.no\/content\/uploads\/sites\/17\/2022\/09\/ski-utstillingen-bilde-20-DFB-2.jpg","type":"image\/jpeg"}],"twitter_card":"summary_large_image","twitter_misc":{"Ansl. lesetid":"1 minutt"},"schema":{"@context":"https:\/\/schema.org","@graph":[{"@type":"WebPage","@id":"https:\/\/beta.bibliotekutvikling.no\/dfb\/vare-tilbud\/lan-vandreutstillingen-ja-vi-elsker-ski\/","url":"https:\/\/beta.bibliotekutvikling.no\/dfb\/vare-tilbud\/lan-vandreutstillingen-ja-vi-elsker-ski\/","name":"L\u00e5n vandreutstillingen \"Ja vi elsker ski\" - Det flerspr\u00e5klige bibliotek","isPartOf":{"@id":"https:\/\/beta.bibliotekutvikling.no\/dfb\/#website"},"primaryImageOfPage":{"@id":"https:\/\/beta.bibliotekutvikling.no\/dfb\/vare-tilbud\/lan-vandreutstillingen-ja-vi-elsker-ski\/#primaryimage"},"image":{"@id":"https:\/\/beta.bibliotekutvikling.no\/dfb\/vare-tilbud\/lan-vandreutstillingen-ja-vi-elsker-ski\/#primaryimage"},"thumbnailUrl":"https:\/\/beta.bibliotekutvikling.no\/content\/uploads\/sites\/17\/2022\/09\/ski-utstillingen-bilde-20-DFB-2.jpg","datePublished":"2022-09-22T15:16:51+00:00","dateModified":"2022-12-16T09:36:38+00:00","breadcrumb":{"@id":"https:\/\/beta.bibliotekutvikling.no\/dfb\/vare-tilbud\/lan-vandreutstillingen-ja-vi-elsker-ski\/#breadcrumb"},"inLanguage":"nb-NO","potentialAction":[{"@type":"ReadAction","target":["https:\/\/beta.bibliotekutvikling.no\/dfb\/vare-tilbud\/lan-vandreutstillingen-ja-vi-elsker-ski\/"]}]},{"@type":"ImageObject","inLanguage":"nb-NO","@id":"https:\/\/beta.bibliotekutvikling.no\/dfb\/vare-tilbud\/lan-vandreutstillingen-ja-vi-elsker-ski\/#primaryimage","url":"https:\/\/beta.bibliotekutvikling.no\/content\/uploads\/sites\/17\/2022\/09\/ski-utstillingen-bilde-20-DFB-2.jpg","contentUrl":"https:\/\/beta.bibliotekutvikling.no\/content\/uploads\/sites\/17\/2022\/09\/ski-utstillingen-bilde-20-DFB-2.jpg","width":543,"height":304},{"@type":"BreadcrumbList","@id":"https:\/\/beta.bibliotekutvikling.no\/dfb\/vare-tilbud\/lan-vandreutstillingen-ja-vi-elsker-ski\/#breadcrumb","itemListElement":[{"@type":"ListItem","position":1,"name":"Hjem","item":"https:\/\/beta.bibliotekutvikling.no\/dfb\/"},{"@type":"ListItem","position":2,"name":"Tilbud","item":"https:\/\/beta.bibliotekutvikling.no\/dfb\/vare-tilbud\/"},{"@type":"ListItem","position":3,"name":"L\u00e5n vandreutstillingen &laquo;Ja vi elsker ski&raquo;"}]},{"@type":"WebSite","@id":"https:\/\/beta.bibliotekutvikling.no\/dfb\/#website","url":"https:\/\/beta.bibliotekutvikling.no\/dfb\/","name":"Det flerspr\u00e5klige bibliotek","description":"","publisher":{"@id":"https:\/\/beta.bibliotekutvikling.no\/dfb\/#organization"},"potentialAction":[{"@type":"SearchAction","target":{"@type":"EntryPoint","urlTemplate":"https:\/\/beta.bibliotekutvikling.no\/dfb\/?s={search_term_string}"},"query-input":{"@type":"PropertyValueSpecification","valueRequired":true,"valueName":"search_term_string"}}],"inLanguage":"nb-NO"},{"@type":"Organization","@id":"https:\/\/beta.bibliotekutvikling.no\/dfb\/#organization","name":"Det flerspr\u00e5klige bibliotek","url":"https:\/\/beta.bibliotekutvikling.no\/dfb\/","logo":{"@type":"ImageObject","inLanguage":"nb-NO","@id":"https:\/\/beta.bibliotekutvikling.no\/dfb\/#\/schema\/logo\/image\/","url":"https:\/\/bibliotekutvikling.no\/content\/uploads\/sites\/17\/2022\/09\/dfb.svg","contentUrl":"https:\/\/bibliotekutvikling.no\/content\/uploads\/sites\/17\/2022\/09\/dfb.svg","width":143,"height":65,"caption":"Det flerspr\u00e5klige bibliotek"},"image":{"@id":"https:\/\/beta.bibliotekutvikling.no\/dfb\/#\/schema\/logo\/image\/"},"sameAs":["https:\/\/www.facebook.com\/profile.php?id=100066429046602"]}]}},"_links":{"self":[{"href":"https:\/\/beta.bibliotekutvikling.no\/dfb\/wp-json\/wp\/v2\/pages\/456","targetHints":{"allow":["GET"]}}],"collection":[{"href":"https:\/\/beta.bibliotekutvikling.no\/dfb\/wp-json\/wp\/v2\/pages"}],"about":[{"href":"https:\/\/beta.bibliotekutvikling.no\/dfb\/wp-json\/wp\/v2\/types\/page"}],"author":[{"embeddable":true,"href":"https:\/\/beta.bibliotekutvikling.no\/dfb\/wp-json\/wp\/v2\/users\/830"}],"replies":[{"embeddable":true,"href":"https:\/\/beta.bibliotekutvikling.no\/dfb\/wp-json\/wp\/v2\/comments?post=456"}],"version-history":[{"count":4,"href":"https:\/\/beta.bibliotekutvikling.no\/dfb\/wp-json\/wp\/v2\/pages\/456\/revisions"}],"predecessor-version":[{"id":1852,"href":"https:\/\/beta.bibliotekutvikling.no\/dfb\/wp-json\/wp\/v2\/pages\/456\/revisions\/1852"}],"up":[{"embeddable":true,"href":"https:\/\/beta.bibliotekutvikling.no\/dfb\/wp-json\/wp\/v2\/pages\/252"}],"wp:featuredmedia":[{"embeddable":true,"href":"https:\/\/beta.bibliotekutvikling.no\/dfb\/wp-json\/wp\/v2\/media\/459"}],"wp:attachment":[{"href":"https:\/\/beta.bibliotekutvikling.no\/dfb\/wp-json\/wp\/v2\/media?parent=456"}],"curies":[{"name":"wp","href":"https:\/\/api.w.org\/{rel}","templated":true}]}}