{"id":607,"date":"2022-09-26T13:39:54","date_gmt":"2022-09-26T11:39:54","guid":{"rendered":"https:\/\/www.nb.no\/dfb\/?page_id=607"},"modified":"2024-10-14T10:10:46","modified_gmt":"2024-10-14T08:10:46","slug":"utlansreglement","status":"publish","type":"page","link":"https:\/\/beta.bibliotekutvikling.no\/dfb\/om-oss\/utlansreglement\/","title":{"rendered":"Utl\u00e5nsreglement og adresser"},"content":{"rendered":"\n<h2 class=\"wp-block-heading\" id=\"h-adresser-ved-retur-av-bokpakker-og-enkeltlan\">Adresser ved\u00a0retur av bokpakker og enkeltl\u00e5n<\/h2>\n\n\n\n<h3 class=\"wp-block-heading\" id=\"h-for-bibliotek-som-har-avtale-med-norsk-bibliotektransport-nbsp\">For bibliotek som har avtale med Norsk bibliotektransport:&nbsp;<\/h3>\n\n\n\n<p>Biblioteknummer: 018 3300 Depotbiblioteket&nbsp;<\/p>\n\n\n\n<h3 class=\"wp-block-heading\" id=\"h-for-bibliotek-som-bruker-posten\">For bibliotek som bruker posten:<\/h3>\n\n\n\n<p>Sender du retur&nbsp;som&nbsp;brev&nbsp;via Posten (inntil 2 kg), bruk postadressen:&nbsp;<\/p>\n\n\n\n<p>Nasjonalbiblioteket, Depotbiblioteket, Postboks 615, 8607 Mo i Rana<\/p>\n\n\n\n<h3 class=\"wp-block-heading\" id=\"h-for-pakker-eller-om-du-bruker-en-budtjeneste-bruk-leveringsadressen\">For pakker, eller om du bruker en budtjeneste, bruk leveringsadressen:<\/h3>\n\n\n\n<p>Nasjonalbiblioteket, Depotbiblioteket, Finsetveien 2, 8624 Mo i Rana<\/p>\n\n\n\n<h2 class=\"wp-block-heading\" id=\"h-adresse-for-bokgaver-og-retur-av-utstillinger\">Adresse for\u00a0bokgaver\u00a0og retur av utstillinger<\/h2>\n\n\n\n<p>Hvis du vil sende\u00a0oss gaver eller skal returnere en av v\u00e5re utstillinger kan\u00a0du bruke\u00a0biblioteknummer 003 0100, eller sende til\u00a0Nasjonalbiblioteket, Observatoriegaten 1B, 0254\u00a0Oslo.<\/p>\n\n\n\n<p>Forsendelsen m\u00e5 merkes&nbsp;med &laquo;Det flerspr\u00e5klige bibliotek&raquo;<\/p>\n\n\n\n<h2 class=\"wp-block-heading\" id=\"h-utlansregler\">Utl\u00e5nsregler<\/h2>\n\n\n\n<p>Alle bibliotek med et biblioteknummer hos Nasjonalbiblioteket kan l\u00e5ne fra DFB. Institusjoner uten eget bibliotek m\u00e5&nbsp;l\u00e5ne gjennom sitt n\u00e6rmeste folkebibliotek. Utl\u00e5n fra DFBs samling h\u00e5ndteres av Depotbiblioteket.<\/p>\n\n\n\n<p>Materiell l\u00e5nes ut enten som vanlig fjernl\u00e5n eller i bokpakker p\u00e5 opptil 100 titler. Bokpakkene setter DFB sammen etter \u00f8nsker fra bestiller, men konkrete titler og forfattere skal bestilles som vanlig fjernl\u00e5n.<\/p>\n\n\n\n<p>L\u00e5netiden&nbsp;for fjernl\u00e5n er seks uker. Det kan settes andre frister ved behov. Dersom ingen st\u00e5r p\u00e5 venteliste kan&nbsp;l\u00e5netiden forlenges i&nbsp;inntil tre m\u00e5neder. L\u00e5netiden&nbsp;for bokpakker er mellom tre og seks m\u00e5neder; tiden&nbsp;bestemmes ved bestilling.<\/p>\n\n\n\n<p>Nasjonalbiblioteket dekker utgifter i forbindelse med utsendelse av materiell. Retur&nbsp;dekkes av l\u00e5ntakende bibliotek.<\/p>\n\n\n\n<p>L\u00e5ntakende bibliotek&nbsp;er ansvarlig for alt materiell l\u00e5nt ut til dem, og bes melde fra om noe er tapt eller skadet. Ved for sen levering sender vi purrebrev p\u00e5 e-post,&nbsp;men krever ikke inn purregebyr. Om materiellet ikke er blitt levert etter tre purringer sender vi&nbsp;erstatningskrav. Sp\u00f8rsm\u00e5l om purringer kan rettes til Depotbiblioteket telefon&nbsp;75 12 12 66.<\/p>\n\n\n\n<h2 class=\"wp-block-heading\" id=\"h-erstatningssatser\">Erstatningssatser<\/h2>\n\n\n\n<ul class=\"wp-block-list\">\n<li>Alle medier: 400.-, inkludert fakturagebyr.&nbsp;<\/li>\n\n\n\n<li>Det nettbaserte spr\u00e5kkurset &laquo;Veien inn&raquo;: Ingen gebyrer ved tap, men vi vil gjerne ha beskjed slik at vi kan frigj\u00f8re lisensen.&nbsp;<\/li>\n\n\n\n<li>PENpal multimediaboks:&nbsp; Erstatning b\u00f8ker: 250,-. Erstatning PENpal: 1300,-. Erstatning hele boksen: 5000,-<\/li>\n\n\n\n<li>S\u00e6rlig verdifulle media kan bli vurdert s\u00e6rskilt.<\/li>\n<\/ul>\n\n\n\n<h2 class=\"wp-block-heading\" id=\"h-\"><\/h2>\n\n\n\n<h2 class=\"wp-block-heading\" id=\"h-mine-sider\">Mine sider<\/h2>\n\n\n\n<p>Du finner&nbsp;informasjon om l\u00e5n og reservasjoner registrert p\u00e5 deg ved \u00e5 logge inn i&nbsp;bibliotekkatalogen.&nbsp;<\/p>\n\n\n\n<h2 class=\"wp-block-heading\" id=\"h-oppdatere-kontaktinformasjon\">Oppdatere kontaktinformasjon<\/h2>\n\n\n\n<p>Om du oppdager at vi har feil epostadresse eller telefonnummer til biblioteket ditt er det fint om du retter opp. Vi henter informasjonen&nbsp;fra Nasjonalbibliotekets&nbsp;<a href=\"http:\/\/www.nb.no\/BaseBibliotekSearch\/search.jsf\">Base Bibliotek<\/a>;&nbsp;melder du inn rettelser til dem blir det riktig ogs\u00e5 hos oss.<\/p>\n\n\n\n<p>Om du lurer p\u00e5 noe du ikke finner svaret p\u00e5 her h\u00e5per vi at vi h\u00f8rer fra deg!<\/p>\n","protected":false},"excerpt":{"rendered":"","protected":false},"author":830,"featured_media":0,"parent":571,"menu_order":0,"comment_status":"closed","ping_status":"closed","template":"","meta":{"nb_hide_title":false,"nb_breadcrumb_title_override":"","sub_navigation_option":"","sub_navigation_custom_items":[],"footnotes":""},"class_list":["post-607","page","type-page","status-publish","hentry"],"yoast_head":"<!-- This site is optimized with the Yoast SEO Premium plugin v27.1 (Yoast SEO v27.1.1) - https:\/\/yoast.com\/product\/yoast-seo-premium-wordpress\/ -->\n<title>Utl\u00e5nsreglement og adresser - Det flerspr\u00e5klige bibliotek<\/title>\n<meta name=\"robots\" content=\"index, follow, max-snippet:-1, max-image-preview:large, max-video-preview:-1\" \/>\n<link rel=\"canonical\" href=\"https:\/\/beta.bibliotekutvikling.no\/dfb\/om-oss\/utlansreglement\/\" \/>\n<meta property=\"og:locale\" content=\"nb_NO\" \/>\n<meta property=\"og:type\" content=\"article\" \/>\n<meta property=\"og:title\" content=\"Utl\u00e5nsreglement og adresser\" \/>\n<meta property=\"og:url\" content=\"https:\/\/beta.bibliotekutvikling.no\/dfb\/om-oss\/utlansreglement\/\" \/>\n<meta property=\"og:site_name\" content=\"Det flerspr\u00e5klige bibliotek\" \/>\n<meta property=\"article:publisher\" content=\"https:\/\/www.facebook.com\/profile.php?id=100066429046602\" \/>\n<meta property=\"article:modified_time\" content=\"2024-10-14T08:10:46+00:00\" \/>\n<meta name=\"twitter:card\" content=\"summary_large_image\" \/>\n<meta name=\"twitter:label1\" content=\"Ansl. lesetid\" \/>\n\t<meta name=\"twitter:data1\" content=\"3 minutter\" \/>\n<script type=\"application\/ld+json\" class=\"yoast-schema-graph\">{\"@context\":\"https:\/\/schema.org\",\"@graph\":[{\"@type\":\"WebPage\",\"@id\":\"https:\/\/beta.bibliotekutvikling.no\/dfb\/om-oss\/utlansreglement\/\",\"url\":\"https:\/\/beta.bibliotekutvikling.no\/dfb\/om-oss\/utlansreglement\/\",\"name\":\"Utl\u00e5nsreglement og adresser - Det flerspr\u00e5klige bibliotek\",\"isPartOf\":{\"@id\":\"https:\/\/beta.bibliotekutvikling.no\/dfb\/#website\"},\"datePublished\":\"2022-09-26T11:39:54+00:00\",\"dateModified\":\"2024-10-14T08:10:46+00:00\",\"breadcrumb\":{\"@id\":\"https:\/\/beta.bibliotekutvikling.no\/dfb\/om-oss\/utlansreglement\/#breadcrumb\"},\"inLanguage\":\"nb-NO\",\"potentialAction\":[{\"@type\":\"ReadAction\",\"target\":[\"https:\/\/beta.bibliotekutvikling.no\/dfb\/om-oss\/utlansreglement\/\"]}]},{\"@type\":\"BreadcrumbList\",\"@id\":\"https:\/\/beta.bibliotekutvikling.no\/dfb\/om-oss\/utlansreglement\/#breadcrumb\",\"itemListElement\":[{\"@type\":\"ListItem\",\"position\":1,\"name\":\"Hjem\",\"item\":\"https:\/\/beta.bibliotekutvikling.no\/dfb\/\"},{\"@type\":\"ListItem\",\"position\":2,\"name\":\"Om oss\",\"item\":\"https:\/\/beta.bibliotekutvikling.no\/dfb\/om-oss\/\"},{\"@type\":\"ListItem\",\"position\":3,\"name\":\"Utl\u00e5nsreglement og adresser\"}]},{\"@type\":\"WebSite\",\"@id\":\"https:\/\/beta.bibliotekutvikling.no\/dfb\/#website\",\"url\":\"https:\/\/beta.bibliotekutvikling.no\/dfb\/\",\"name\":\"Det flerspr\u00e5klige bibliotek\",\"description\":\"\",\"publisher\":{\"@id\":\"https:\/\/beta.bibliotekutvikling.no\/dfb\/#organization\"},\"potentialAction\":[{\"@type\":\"SearchAction\",\"target\":{\"@type\":\"EntryPoint\",\"urlTemplate\":\"https:\/\/beta.bibliotekutvikling.no\/dfb\/?s={search_term_string}\"},\"query-input\":{\"@type\":\"PropertyValueSpecification\",\"valueRequired\":true,\"valueName\":\"search_term_string\"}}],\"inLanguage\":\"nb-NO\"},{\"@type\":\"Organization\",\"@id\":\"https:\/\/beta.bibliotekutvikling.no\/dfb\/#organization\",\"name\":\"Det flerspr\u00e5klige bibliotek\",\"url\":\"https:\/\/beta.bibliotekutvikling.no\/dfb\/\",\"logo\":{\"@type\":\"ImageObject\",\"inLanguage\":\"nb-NO\",\"@id\":\"https:\/\/beta.bibliotekutvikling.no\/dfb\/#\/schema\/logo\/image\/\",\"url\":\"https:\/\/bibliotekutvikling.no\/content\/uploads\/sites\/17\/2022\/09\/dfb.svg\",\"contentUrl\":\"https:\/\/bibliotekutvikling.no\/content\/uploads\/sites\/17\/2022\/09\/dfb.svg\",\"width\":143,\"height\":65,\"caption\":\"Det flerspr\u00e5klige bibliotek\"},\"image\":{\"@id\":\"https:\/\/beta.bibliotekutvikling.no\/dfb\/#\/schema\/logo\/image\/\"},\"sameAs\":[\"https:\/\/www.facebook.com\/profile.php?id=100066429046602\"]}]}<\/script>\n<!-- \/ Yoast SEO Premium plugin. -->","yoast_head_json":{"title":"Utl\u00e5nsreglement og adresser - Det flerspr\u00e5klige bibliotek","robots":{"index":"index","follow":"follow","max-snippet":"max-snippet:-1","max-image-preview":"max-image-preview:large","max-video-preview":"max-video-preview:-1"},"canonical":"https:\/\/beta.bibliotekutvikling.no\/dfb\/om-oss\/utlansreglement\/","og_locale":"nb_NO","og_type":"article","og_title":"Utl\u00e5nsreglement og adresser","og_url":"https:\/\/beta.bibliotekutvikling.no\/dfb\/om-oss\/utlansreglement\/","og_site_name":"Det flerspr\u00e5klige bibliotek","article_publisher":"https:\/\/www.facebook.com\/profile.php?id=100066429046602","article_modified_time":"2024-10-14T08:10:46+00:00","twitter_card":"summary_large_image","twitter_misc":{"Ansl. lesetid":"3 minutter"},"schema":{"@context":"https:\/\/schema.org","@graph":[{"@type":"WebPage","@id":"https:\/\/beta.bibliotekutvikling.no\/dfb\/om-oss\/utlansreglement\/","url":"https:\/\/beta.bibliotekutvikling.no\/dfb\/om-oss\/utlansreglement\/","name":"Utl\u00e5nsreglement og adresser - Det flerspr\u00e5klige bibliotek","isPartOf":{"@id":"https:\/\/beta.bibliotekutvikling.no\/dfb\/#website"},"datePublished":"2022-09-26T11:39:54+00:00","dateModified":"2024-10-14T08:10:46+00:00","breadcrumb":{"@id":"https:\/\/beta.bibliotekutvikling.no\/dfb\/om-oss\/utlansreglement\/#breadcrumb"},"inLanguage":"nb-NO","potentialAction":[{"@type":"ReadAction","target":["https:\/\/beta.bibliotekutvikling.no\/dfb\/om-oss\/utlansreglement\/"]}]},{"@type":"BreadcrumbList","@id":"https:\/\/beta.bibliotekutvikling.no\/dfb\/om-oss\/utlansreglement\/#breadcrumb","itemListElement":[{"@type":"ListItem","position":1,"name":"Hjem","item":"https:\/\/beta.bibliotekutvikling.no\/dfb\/"},{"@type":"ListItem","position":2,"name":"Om oss","item":"https:\/\/beta.bibliotekutvikling.no\/dfb\/om-oss\/"},{"@type":"ListItem","position":3,"name":"Utl\u00e5nsreglement og adresser"}]},{"@type":"WebSite","@id":"https:\/\/beta.bibliotekutvikling.no\/dfb\/#website","url":"https:\/\/beta.bibliotekutvikling.no\/dfb\/","name":"Det flerspr\u00e5klige bibliotek","description":"","publisher":{"@id":"https:\/\/beta.bibliotekutvikling.no\/dfb\/#organization"},"potentialAction":[{"@type":"SearchAction","target":{"@type":"EntryPoint","urlTemplate":"https:\/\/beta.bibliotekutvikling.no\/dfb\/?s={search_term_string}"},"query-input":{"@type":"PropertyValueSpecification","valueRequired":true,"valueName":"search_term_string"}}],"inLanguage":"nb-NO"},{"@type":"Organization","@id":"https:\/\/beta.bibliotekutvikling.no\/dfb\/#organization","name":"Det flerspr\u00e5klige bibliotek","url":"https:\/\/beta.bibliotekutvikling.no\/dfb\/","logo":{"@type":"ImageObject","inLanguage":"nb-NO","@id":"https:\/\/beta.bibliotekutvikling.no\/dfb\/#\/schema\/logo\/image\/","url":"https:\/\/bibliotekutvikling.no\/content\/uploads\/sites\/17\/2022\/09\/dfb.svg","contentUrl":"https:\/\/bibliotekutvikling.no\/content\/uploads\/sites\/17\/2022\/09\/dfb.svg","width":143,"height":65,"caption":"Det flerspr\u00e5klige bibliotek"},"image":{"@id":"https:\/\/beta.bibliotekutvikling.no\/dfb\/#\/schema\/logo\/image\/"},"sameAs":["https:\/\/www.facebook.com\/profile.php?id=100066429046602"]}]}},"_links":{"self":[{"href":"https:\/\/beta.bibliotekutvikling.no\/dfb\/wp-json\/wp\/v2\/pages\/607","targetHints":{"allow":["GET"]}}],"collection":[{"href":"https:\/\/beta.bibliotekutvikling.no\/dfb\/wp-json\/wp\/v2\/pages"}],"about":[{"href":"https:\/\/beta.bibliotekutvikling.no\/dfb\/wp-json\/wp\/v2\/types\/page"}],"author":[{"embeddable":true,"href":"https:\/\/beta.bibliotekutvikling.no\/dfb\/wp-json\/wp\/v2\/users\/830"}],"replies":[{"embeddable":true,"href":"https:\/\/beta.bibliotekutvikling.no\/dfb\/wp-json\/wp\/v2\/comments?post=607"}],"version-history":[{"count":3,"href":"https:\/\/beta.bibliotekutvikling.no\/dfb\/wp-json\/wp\/v2\/pages\/607\/revisions"}],"predecessor-version":[{"id":3364,"href":"https:\/\/beta.bibliotekutvikling.no\/dfb\/wp-json\/wp\/v2\/pages\/607\/revisions\/3364"}],"up":[{"embeddable":true,"href":"https:\/\/beta.bibliotekutvikling.no\/dfb\/wp-json\/wp\/v2\/pages\/571"}],"wp:attachment":[{"href":"https:\/\/beta.bibliotekutvikling.no\/dfb\/wp-json\/wp\/v2\/media?parent=607"}],"curies":[{"name":"wp","href":"https:\/\/api.w.org\/{rel}","templated":true}]}}