{"id":975,"date":"2022-09-27T19:37:12","date_gmt":"2022-09-27T17:37:12","guid":{"rendered":"https:\/\/www.nb.no\/dfb\/?page_id=975"},"modified":"2024-05-15T14:58:14","modified_gmt":"2024-05-15T12:58:14","slug":"samtaler-basert-pa-litteratur","status":"publish","type":"page","link":"https:\/\/beta.bibliotekutvikling.no\/dfb\/vare-tilbud\/sprakkafe\/samtaler-basert-pa-litteratur\/","title":{"rendered":"Spr\u00e5kaf\u00e9 med samtaler basert p\u00e5 litteratur"},"content":{"rendered":"\n<figure class=\"wp-block-image alignwide size-large\"><img loading=\"lazy\" decoding=\"async\" width=\"1024\" height=\"576\" src=\"https:\/\/bibliotekutvikling.no\/content\/uploads\/sites\/17\/2022\/10\/sprakkafe2_kristiansand2019-scaled-e1664794209477-1024x576.jpg\" alt=\"\" class=\"wp-image-1212\" srcset=\"https:\/\/beta.bibliotekutvikling.no\/content\/uploads\/sites\/17\/2022\/10\/sprakkafe2_kristiansand2019-scaled-e1664794209477-1024x576.jpg 1024w, https:\/\/beta.bibliotekutvikling.no\/content\/uploads\/sites\/17\/2022\/10\/sprakkafe2_kristiansand2019-scaled-e1664794209477-300x169.jpg 300w, https:\/\/beta.bibliotekutvikling.no\/content\/uploads\/sites\/17\/2022\/10\/sprakkafe2_kristiansand2019-scaled-e1664794209477-768x432.jpg 768w, https:\/\/beta.bibliotekutvikling.no\/content\/uploads\/sites\/17\/2022\/10\/sprakkafe2_kristiansand2019-scaled-e1664794209477-1536x864.jpg 1536w, https:\/\/beta.bibliotekutvikling.no\/content\/uploads\/sites\/17\/2022\/10\/sprakkafe2_kristiansand2019-scaled-e1664794209477-2048x1152.jpg 2048w, https:\/\/beta.bibliotekutvikling.no\/content\/uploads\/sites\/17\/2022\/10\/sprakkafe2_kristiansand2019-scaled-e1664794209477-600x338.jpg 600w\" sizes=\"auto, (max-width: 1024px) 100vw, 1024px\" \/><figcaption class=\"wp-element-caption\">Spr\u00e5kkafe p\u00e5 Kristiandsand bibliotek&nbsp;<em>Fotograf: Helge Dyrholm<\/em><\/figcaption><\/figure>\n\n\n\n<p>P\u00e5 spr\u00e5kkaf\u00e9 kan alt v\u00e6re et samtaleemne. Men for mange er det en utfordring \u00e5 skape en ramme rundt samtalen,&nbsp;slik&nbsp;at samtalen&nbsp;er b\u00e5de meningsfull og stimulerende. V\u00e5rt r\u00e5d er at det f\u00f8rst og fremst brukes litteratur. Litteratur kan v\u00e6re den perfekte rammen til \u00e5 samtale p\u00e5 en trygg og god m\u00e5te.<\/p>\n\n\n\n<h2 class=\"wp-block-heading\" id=\"h-samtaler-basert-pa-litteratur\">Samtaler basert p\u00e5 litteratur<\/h2>\n\n\n\n<p>Bibliotek som spr\u00e5kkaf\u00e9-arrang\u00f8rer har et verdifullt innhold, litteraturen i hyllene. Men hvordan f\u00e5 litteraturen ut av hyllene og inn i samtalen?&nbsp;All litteratur kan brukes p\u00e5 spr\u00e5kkaf\u00e9: billedb\u00f8ker, tospr\u00e5klige b\u00f8ker, ordl\u00f8se b\u00f8ker, romaner, tegneserier og dikt. Det handler om \u00e5 lage en ramme til b\u00e5de lesing og samtale rundt boka.<\/p>\n\n\n\n<p class=\"has-primary-50-background-color has-background\">Veronica Salinas fra <em>Leser S\u00f8ker bok<\/em> forteller om sin erfaring med \u00e5 bruke en billedbok som ramme: <br><br>-Jeg kommer p\u00e5 bes\u00f8k med boka &laquo;Sulten&raquo;. Deltagerne er voksne mennesker. Jeg sier jeg har lyst til \u00e5 lese boka&nbsp;og etter at jeg har lest, kan vi snakke sammen om hva hvert dyr i fortellingen representerer. Og om vi kan se hvem som er hvert dyr? Hvilket menneske i samfunnet hvert dyr er. Jeg leser sakte. Vi ser p\u00e5 bildene. Jeg sp\u00f8r om de kan lese med meg. Vi leser sammen.<br>S\u00e5 samtaler vi. &laquo;Ja, har dere tenkt hvem anda er, og maurene?&raquo;&nbsp;sp\u00f8r jeg. &laquo;Maurene er de fattige land, anda er et land som er veldig rik&raquo;, sier en deltager. &laquo;Anda representerer for meg, de mest egoistiske&nbsp;i dette samfunnet&raquo;&nbsp;sier en annen deltager. S\u00e5 ser jeg en russiske dame reiser seg, sl\u00e5r kanten av bordet hvor vi sitter &laquo;Nei, du tar feil! Anda er Jesus!&raquo;&nbsp;ropte hun. S\u00e5 lo jeg, s\u00e5 lo de. Vi lo. Plutselig snakket vi masse om politikk og religion. Vi ber\u00f8rte store temaer uten at det ble for personlig, og uten at det ble komplisert som politikk og religion kan v\u00e6re.<\/p>\n\n\n\n<h2 class=\"wp-block-heading\" id=\"h-bruk-av-lettleste-boker\"><strong>Bruk av lettleste b\u00f8ker<\/strong><\/h2>\n\n\n\n<p>For nybegynnere og deltagere med begrenset ordforr\u00e5d, har Leser S\u00f8ker Bok en egen seksjon med lettleste b\u00f8ker<\/p>\n\n\n\n<p><a href=\"https:\/\/boksok.no\/hovedkategori\/norsk-som-andresprak\/\">Boks\u00f8k\/Norsk som andrespr\u00e5k<\/a>&nbsp;<\/p>\n\n\n\n<p>Her er det enkelt \u00e5 finne lettleste b\u00f8ker p\u00e5 forskjellige niv\u00e5er, oppdelt etter tematikk. Det finnes en egen lenke til b\u00f8ker som egner seg til spr\u00e5kkaf\u00e9er, men alle lettleste b\u00f8ker er i utgangspunktet kandidater. Ordl\u00f8se b\u00f8ker kan fungere&nbsp;like mye som spr\u00e5ktrening som til \u00e5 utl\u00f8se refleksjoner.<\/p>\n\n\n\n<h2 class=\"wp-block-heading\" id=\"h-bruk-av-romaner\"><strong>Bruk av romaner<\/strong><\/h2>\n\n\n\n<p>For mange deltagere som har deltatt p\u00e5&nbsp;spr\u00e5kkaf\u00e9 over lengre tid blir mestringsf\u00f8lelse et viktig element. Det \u00e5 kunne lese samtidslitteratur eller en klassiker er noe som nettopp gir en slik mestringsf\u00f8lelse.&nbsp;Det flerspr\u00e5klige bibliotek har flere titler av norske forfattere oversatt til en rekke spr\u00e5k som egner seg for de mer viderekomne i spr\u00e5ket.<\/p>\n\n\n\n<h3 class=\"wp-block-heading\" id=\"h-klassikere\"><strong>Klassikere<\/strong><\/h3>\n\n\n\n<ul class=\"wp-block-list\">\n<li>Knut Hamsun,&nbsp;<a href=\"http:\/\/dfb.bib.no\/cgi-bin\/m2?mode=vt&amp;eccl=hamsun+knut%2ffo+og+Sult+&amp;st=p\">Sult<\/a>.&nbsp;Emner som kan diskuteres: fremmedgj\u00f8ring, fattigdom, savn.<\/li>\n\n\n\n<li>Henrik Ibsen,&nbsp;<a href=\"http:\/\/dfb.bib.no\/cgi-bin\/m2?mode=vt&amp;eccl=Hedda+Gabler*&amp;st=p\">Hedda Gabler<\/a>.&nbsp;Emner som kan diskuteres: feminisme, sosiale endringer.<\/li>\n\n\n\n<li>Sigrid Undset,&nbsp;<a href=\"http:\/\/dfb.bib.no\/cgi-bin\/m2?mode=vt&amp;eccl=Kristin+Lavransdatter*&amp;st=p\">Kristin Lavransdatter<\/a>.&nbsp;Emner som kan diskuteres: kvinners plass i samfunnet, norsk historie.<\/li>\n\n\n\n<li>Herbj\u00f8rg Wassmo,&nbsp;<a href=\"http:\/\/dfb.bib.no\/cgi-bin\/m2?mode=vt&amp;eccl=Dinas+bok*&amp;st=p\">Dinas bok<\/a>.&nbsp;Emner som kan diskuteres: sorg, skyld, Norge f\u00f8r, kvinners plass i samfunnet.<\/li>\n<\/ul>\n\n\n\n<h3 class=\"wp-block-heading\" id=\"h-samtidslitteratur\"><strong>\u200bSamtidslitteratur<\/strong><\/h3>\n\n\n\n<ul class=\"wp-block-list\">\n<li>Per Peterson,&nbsp;<a href=\"http:\/\/dfb.bib.no\/cgi-bin\/m2?mode=vt&amp;eccl=%26quot;Ut+%C3%A5+stj%C3%A6le+hester%26quot;*+eller+(Ut+og+%C3%A5+og+stj%C3%A6le*+og+hester*)&amp;st=p\">Ut \u00e5 stj\u00e6le hester<\/a>.&nbsp;Emner som kan diskuteres: fortid, n\u00e5tid, familiekonflikt, far-s\u00f8nn relasjon.<\/li>\n\n\n\n<li>Maja Lunde,&nbsp;<a href=\"http:\/\/dfb.bib.no\/cgi-bin\/m2?mode=vt&amp;eccl=Bienes+historie*&amp;st=p\">Bienes historie<\/a>.&nbsp;Emner som kan diskuteres: naturvern, fremtid, foreldre og barn.<\/li>\n\n\n\n<li>Jostein Gaarder,&nbsp;<a href=\"http:\/\/dfb.bib.no\/cgi-bin\/m2?mode=vt&amp;eccl=Sofies+Verden*&amp;st=p\">Sofies Verden<\/a>.&nbsp;Emner som kan diskuteres: filosofi, undring, verden omkring.<\/li>\n\n\n\n<li>Erlend Loe,&nbsp;<a href=\"http:\/\/dfb.bib.no\/cgi-bin\/m2?mode=vt&amp;eccl=Naiv.Super*&amp;st=p\">Naiv.Super<\/a>.&nbsp;Emner som kan diskuteres: koselig norsk hverdagsliv.<\/li>\n\n\n\n<li>Jo Nesb\u00f8,&nbsp;<a href=\"http:\/\/dfb.bib.no\/cgi-bin\/m2?mode=vt&amp;eccl=jo+nesb%C3%B8%2ffo+og+R%C3%B8dstrupe%2fti&amp;st=p\">R\u00f8dstrupe<\/a>&nbsp;eller&nbsp;<a href=\"http:\/\/dfb.bib.no\/cgi-bin\/m2?mode=vt&amp;eccl=jo+nesb%C3%B8%2ffo+og+Sorgenfri%2fti&amp;st=p\">Sorgenfri<\/a>&nbsp;eller&nbsp;<a href=\"http:\/\/dfb.bib.no\/cgi-bin\/m2?mode=vt&amp;eccl=jo+nesb%C3%B8%2ffo+og+Marekors%2fti&amp;st=p\">Marekors<\/a>.&nbsp;Emner som kan diskuteres: handling fra Norge\/Oslo, krim.<\/li>\n<\/ul>\n\n\n\n<p>Det handler ikke om \u00e5 kunne lese hele boken men \u00e5 kunne diskutere et utdrag. Velg et kapittel eller et utdrag, fortell litt om boken, diskuter tematikken den ber\u00f8rer, f\u00e5 deltagerne til \u00e5 lese noen setninger hver.&nbsp;Er de sultne p\u00e5&nbsp;mer kan de enten lese boken p\u00e5 norsk&nbsp;eller l\u00e5ne den p\u00e5 sitt morsm\u00e5l.<\/p>\n\n\n\n<p>Som et illustrerende eksempel&nbsp;hadde en spr\u00e5kkaf\u00e9 p\u00e5 Vestlandet &laquo;Et&nbsp;dukkehjem&raquo; av Henrik Ibsen som tema. Deltagerne hadde middels niv\u00e5 i norsk. Arrang\u00f8ren begynte med \u00e5 fortelle kort om boken og forfatteren, s\u00e5 ble det lest to sider av boken med den mest dramatiske handlingen der Nora forlater hjemmet. Dette avsnittet ble diskutert i plenum&nbsp;og s\u00e5 lest av alle. Mange dro fra spr\u00e5kkaf\u00e9en den dagen meget stolte over \u00e5 ha lest noe fra&nbsp;en av bautaene i norsk litteratur, og flere l\u00e5nte boken p\u00e5 de spr\u00e5kene den var tilgjengelig p\u00e5.<\/p>\n\n\n\n<h2 class=\"wp-block-heading\" id=\"h-bruk-av-dikt\"><strong>Bruk av dikt<\/strong><\/h2>\n\n\n\n<p>Alle typer dikt egner seg i utgangspunktet til bruk i spr\u00e5kkaf\u00e9, gjerne dikt man vet tar opp noe universelt som kj\u00e6rlighet, livet, skjebnen eller d\u00f8den. Man kan gjerne bruke dikt av sin favoritt-lyriker, eller kanskje bor det en lyriker i en av de frivillige? Norske dikt som for eksempel Andr\u00e9 Bjerke sitt &laquo;Amor Fati&raquo;\u00bb og Tarjei Vesaas sitt &laquo;Innbying&raquo;&nbsp;er sv\u00e6rt treffende og egner seg sv\u00e6rt godt b\u00e5de som tematikk og tekst som helhet.<\/p>\n\n\n\n<p>Det britiske nettstedet&nbsp;<a href=\"http:\/\/www.poetrytranslation.org\/languages\">Poetry Translation Centre<\/a>,&nbsp;som driftes blant annet av det britiske kulturr\u00e5det har samlet dikt fra de ulike minoritetsspr\u00e5kene i Storbritannia, blant annet amharisk, arabisk, somali, hausa og har dem tilgjengelig b\u00e5de p\u00e5 originalspr\u00e5ket og i oversatt versjon. Her kan man be deltagerne om \u00e5 hente et&nbsp;dikt p\u00e5 sitt spr\u00e5k som man kan bruke for \u00e5 samtale om i felleskap.&nbsp;<\/p>\n\n\n\n<p class=\"has-primary-50-background-color has-background\">Dette er et eksempel som Leser S\u00f8ker bok delte&nbsp;med oss: <br><br>-Jeg har med meg Sherko Bekas sin bok i &laquo;Stormens \u00f8ye&raquo;. Boka er en tospr\u00e5klig bok p\u00e5 norsk og kurdisk med flotte illustrasjoner og utrolig sterke dikt. Gruppen blir positiv overasket over at boka er b\u00e5de p\u00e5 norsk og kurdisk. Jeg ser det lyser i ansiktet deres.&nbsp;Jeg ber dem f\u00f8rst lage en linje under de ordene de kjenner fra f\u00f8r. Jeg ser de fleste lager linjer under: fugl, elv, regn, piano. Jeg ber dem skrive de ordene p\u00e5 morsm\u00e5let sitt p\u00e5 arket.&nbsp;Jeg leser sakte det f\u00f8rste diktet. N\u00e5r jeg er ferdig, sier jeg at jeg skal telle til tre og de skal lese h\u00f8yt med meg. Jeg teller til tre. Vi leser h\u00f8yt sammen.&nbsp;<br><br>&laquo;Kan vi lese det&nbsp;en gang til?&raquo;&nbsp;sp\u00f8r en deltaker. Vi leser sammen en gang til. Sakte og h\u00f8yt. Jeg ser at flere av dem blir r\u00f8rte. Jeg kjenner jeg blir r\u00f8rt.&nbsp; Dikt har en kraft i seg. Det skjer noe n\u00e5r vi gjentar ordene flere ganger. N\u00e5r vi lar ordene komme ut i rommet. Noe skjer med oss i denne kollektive lesingen.&nbsp;De leser h\u00f8yt en og en. Jeg ser at flere f\u00e5r t\u00e5rer i \u00f8ynene. Det er en stilhet i rommet. Det blir et utrolig kraftig m\u00f8te mellom oss og diktene til Sherko Bekas.<\/p>\n\n\n\n<h2 class=\"wp-block-heading\" id=\"h-videre-lesning\">Videre lesning<\/h2>\n\n\n<ul class=\"t2-link-list has-3-items has-auto-columns wp-block-t2-link-list\">\n\t<li class=\"t2-link-list-item wp-block-t2-link-list-item\">\n\t\t<a\n\t\t\thref=\"\/dfb\/tilbud\/sprakkafe\/sprakkafe-med-verkstedsbaserte-samtaler\/\"\n\t\t\tclass=\"t2-link-list-item__link t2-link-list__icon--right\"\n\t\t\t\t\t>\n\t\t\t<span class=\"t2-link-list-item__icon\"><span class=\"t2-link-list-item__icon-box\"><\/span><svg xmlns=\"http:\/\/www.w3.org\/2000\/svg\" viewBox=\"0 0 24 24\" height=\"24\" width=\"24\" class=\"t2-icon t2-icon-external\" aria-hidden=\"true\" focusable=\"false\"><path d=\"M19 19H5V5h7V3H3v18h18v-9h-2v7zM14 3v2h3.6l-9.8 9.8 1.4 1.4L19 6.4V10h2V3h-7z\"\/><\/svg><\/span>\t\t\t<div class=\"t2-link-list-item__content\">\n\n\t\t\t\t\n\t\t\t\t<span id=\"link-list-item-text\" class=\"t2-link-list-item__text\">\n\t\t\t\t\tVerkstedbaserte samtaler\t\t\t\t<\/span>\n\t\t\t\t\t\t\t<\/div>\n\t\t<\/a>\n\t<\/li>\n\t\n\n\t<li class=\"t2-link-list-item wp-block-t2-link-list-item\">\n\t\t<a\n\t\t\thref=\"\/dfb\/tilbud\/sprakkafe\/sprakkafe-med-tematiske-samtaler\/\"\n\t\t\tclass=\"t2-link-list-item__link t2-link-list__icon--right\"\n\t\t\t\t\t>\n\t\t\t<span class=\"t2-link-list-item__icon\"><span class=\"t2-link-list-item__icon-box\"><\/span><svg xmlns=\"http:\/\/www.w3.org\/2000\/svg\" viewBox=\"0 0 24 24\" height=\"24\" width=\"24\" class=\"t2-icon t2-icon-external\" aria-hidden=\"true\" focusable=\"false\"><path d=\"M19 19H5V5h7V3H3v18h18v-9h-2v7zM14 3v2h3.6l-9.8 9.8 1.4 1.4L19 6.4V10h2V3h-7z\"\/><\/svg><\/span>\t\t\t<div class=\"t2-link-list-item__content\">\n\n\t\t\t\t\n\t\t\t\t<span id=\"link-list-item-text-1\" class=\"t2-link-list-item__text\">\n\t\t\t\t\tTematiske samtaler\t\t\t\t<\/span>\n\t\t\t\t\t\t\t<\/div>\n\t\t<\/a>\n\t<\/li>\n\t\n\n\t<li class=\"t2-link-list-item wp-block-t2-link-list-item\">\n\t\t<a\n\t\t\thref=\"\/dfb\/tilbud\/sprakkafe\/sprakkafeer-med-sprakspill\/\"\n\t\t\tclass=\"t2-link-list-item__link t2-link-list__icon--right\"\n\t\t\t\t\t>\n\t\t\t<span class=\"t2-link-list-item__icon\"><span class=\"t2-link-list-item__icon-box\"><\/span><svg xmlns=\"http:\/\/www.w3.org\/2000\/svg\" viewBox=\"0 0 24 24\" height=\"24\" width=\"24\" class=\"t2-icon t2-icon-external\" aria-hidden=\"true\" focusable=\"false\"><path d=\"M19 19H5V5h7V3H3v18h18v-9h-2v7zM14 3v2h3.6l-9.8 9.8 1.4 1.4L19 6.4V10h2V3h-7z\"\/><\/svg><\/span>\t\t\t<div class=\"t2-link-list-item__content\">\n\n\t\t\t\t\n\t\t\t\t<span id=\"link-list-item-text-2\" class=\"t2-link-list-item__text\">\n\t\t\t\t\tSpr\u00e5kspill\t\t\t\t<\/span>\n\t\t\t\t\t\t\t<\/div>\n\t\t<\/a>\n\t<\/li>\n\t\n<\/ul>","protected":false},"excerpt":{"rendered":"<p>Inspirasjon til hva man kan snakke om p\u00e5 spr\u00e5kkaf\u00e9er. <\/p>\n","protected":false},"author":830,"featured_media":1212,"parent":726,"menu_order":0,"comment_status":"closed","ping_status":"closed","template":"","meta":{"nb_hide_title":false,"nb_breadcrumb_title_override":"","sub_navigation_option":"","sub_navigation_custom_items":[],"footnotes":""},"class_list":["post-975","page","type-page","status-publish","has-post-thumbnail","hentry"],"yoast_head":"<!-- This site is optimized with the Yoast SEO Premium plugin v27.1 (Yoast SEO v27.1.1) - https:\/\/yoast.com\/product\/yoast-seo-premium-wordpress\/ -->\n<title>Spr\u00e5kaf\u00e9 med samtaler basert p\u00e5 litteratur - Det flerspr\u00e5klige bibliotek<\/title>\n<meta name=\"robots\" content=\"index, follow, max-snippet:-1, max-image-preview:large, max-video-preview:-1\" \/>\n<link rel=\"canonical\" href=\"https:\/\/beta.bibliotekutvikling.no\/dfb\/vare-tilbud\/sprakkafe\/samtaler-basert-pa-litteratur\/\" \/>\n<meta property=\"og:locale\" content=\"nb_NO\" \/>\n<meta property=\"og:type\" content=\"article\" \/>\n<meta property=\"og:title\" content=\"Spr\u00e5kaf\u00e9 med samtaler basert p\u00e5 litteratur\" \/>\n<meta property=\"og:description\" content=\"Inspirasjon til hva man kan snakke om p\u00e5 spr\u00e5kkaf\u00e9er.\" \/>\n<meta property=\"og:url\" content=\"https:\/\/beta.bibliotekutvikling.no\/dfb\/vare-tilbud\/sprakkafe\/samtaler-basert-pa-litteratur\/\" \/>\n<meta property=\"og:site_name\" content=\"Det flerspr\u00e5klige bibliotek\" \/>\n<meta property=\"article:publisher\" content=\"https:\/\/www.facebook.com\/profile.php?id=100066429046602\" \/>\n<meta property=\"article:modified_time\" content=\"2024-05-15T12:58:14+00:00\" \/>\n<meta property=\"og:image\" content=\"https:\/\/beta.bibliotekutvikling.no\/content\/uploads\/sites\/17\/2022\/10\/sprakkafe2_kristiansand2019-scaled-e1664794209477.jpg\" \/>\n\t<meta property=\"og:image:width\" content=\"2560\" \/>\n\t<meta property=\"og:image:height\" content=\"1440\" \/>\n\t<meta property=\"og:image:type\" content=\"image\/jpeg\" \/>\n<meta name=\"twitter:card\" content=\"summary_large_image\" \/>\n<meta name=\"twitter:label1\" content=\"Ansl. lesetid\" \/>\n\t<meta name=\"twitter:data1\" content=\"7 minutter\" \/>\n<script type=\"application\/ld+json\" class=\"yoast-schema-graph\">{\"@context\":\"https:\/\/schema.org\",\"@graph\":[{\"@type\":\"WebPage\",\"@id\":\"https:\/\/beta.bibliotekutvikling.no\/dfb\/vare-tilbud\/sprakkafe\/samtaler-basert-pa-litteratur\/\",\"url\":\"https:\/\/beta.bibliotekutvikling.no\/dfb\/vare-tilbud\/sprakkafe\/samtaler-basert-pa-litteratur\/\",\"name\":\"Spr\u00e5kaf\u00e9 med samtaler basert p\u00e5 litteratur - Det flerspr\u00e5klige bibliotek\",\"isPartOf\":{\"@id\":\"https:\/\/beta.bibliotekutvikling.no\/dfb\/#website\"},\"primaryImageOfPage\":{\"@id\":\"https:\/\/beta.bibliotekutvikling.no\/dfb\/vare-tilbud\/sprakkafe\/samtaler-basert-pa-litteratur\/#primaryimage\"},\"image\":{\"@id\":\"https:\/\/beta.bibliotekutvikling.no\/dfb\/vare-tilbud\/sprakkafe\/samtaler-basert-pa-litteratur\/#primaryimage\"},\"thumbnailUrl\":\"https:\/\/beta.bibliotekutvikling.no\/content\/uploads\/sites\/17\/2022\/10\/sprakkafe2_kristiansand2019-scaled-e1664794209477.jpg\",\"datePublished\":\"2022-09-27T17:37:12+00:00\",\"dateModified\":\"2024-05-15T12:58:14+00:00\",\"breadcrumb\":{\"@id\":\"https:\/\/beta.bibliotekutvikling.no\/dfb\/vare-tilbud\/sprakkafe\/samtaler-basert-pa-litteratur\/#breadcrumb\"},\"inLanguage\":\"nb-NO\",\"potentialAction\":[{\"@type\":\"ReadAction\",\"target\":[\"https:\/\/beta.bibliotekutvikling.no\/dfb\/vare-tilbud\/sprakkafe\/samtaler-basert-pa-litteratur\/\"]}]},{\"@type\":\"ImageObject\",\"inLanguage\":\"nb-NO\",\"@id\":\"https:\/\/beta.bibliotekutvikling.no\/dfb\/vare-tilbud\/sprakkafe\/samtaler-basert-pa-litteratur\/#primaryimage\",\"url\":\"https:\/\/beta.bibliotekutvikling.no\/content\/uploads\/sites\/17\/2022\/10\/sprakkafe2_kristiansand2019-scaled-e1664794209477.jpg\",\"contentUrl\":\"https:\/\/beta.bibliotekutvikling.no\/content\/uploads\/sites\/17\/2022\/10\/sprakkafe2_kristiansand2019-scaled-e1664794209477.jpg\",\"width\":2560,\"height\":1440},{\"@type\":\"BreadcrumbList\",\"@id\":\"https:\/\/beta.bibliotekutvikling.no\/dfb\/vare-tilbud\/sprakkafe\/samtaler-basert-pa-litteratur\/#breadcrumb\",\"itemListElement\":[{\"@type\":\"ListItem\",\"position\":1,\"name\":\"Hjem\",\"item\":\"https:\/\/beta.bibliotekutvikling.no\/dfb\/\"},{\"@type\":\"ListItem\",\"position\":2,\"name\":\"Tilbud\",\"item\":\"https:\/\/beta.bibliotekutvikling.no\/dfb\/vare-tilbud\/\"},{\"@type\":\"ListItem\",\"position\":3,\"name\":\"Spr\u00e5kkaf\u00e9\",\"item\":\"https:\/\/beta.bibliotekutvikling.no\/dfb\/vare-tilbud\/sprakkafe\/\"},{\"@type\":\"ListItem\",\"position\":4,\"name\":\"Spr\u00e5kaf\u00e9 med samtaler basert p\u00e5 litteratur\"}]},{\"@type\":\"WebSite\",\"@id\":\"https:\/\/beta.bibliotekutvikling.no\/dfb\/#website\",\"url\":\"https:\/\/beta.bibliotekutvikling.no\/dfb\/\",\"name\":\"Det flerspr\u00e5klige bibliotek\",\"description\":\"\",\"publisher\":{\"@id\":\"https:\/\/beta.bibliotekutvikling.no\/dfb\/#organization\"},\"potentialAction\":[{\"@type\":\"SearchAction\",\"target\":{\"@type\":\"EntryPoint\",\"urlTemplate\":\"https:\/\/beta.bibliotekutvikling.no\/dfb\/?s={search_term_string}\"},\"query-input\":{\"@type\":\"PropertyValueSpecification\",\"valueRequired\":true,\"valueName\":\"search_term_string\"}}],\"inLanguage\":\"nb-NO\"},{\"@type\":\"Organization\",\"@id\":\"https:\/\/beta.bibliotekutvikling.no\/dfb\/#organization\",\"name\":\"Det flerspr\u00e5klige bibliotek\",\"url\":\"https:\/\/beta.bibliotekutvikling.no\/dfb\/\",\"logo\":{\"@type\":\"ImageObject\",\"inLanguage\":\"nb-NO\",\"@id\":\"https:\/\/beta.bibliotekutvikling.no\/dfb\/#\/schema\/logo\/image\/\",\"url\":\"https:\/\/bibliotekutvikling.no\/content\/uploads\/sites\/17\/2022\/09\/dfb.svg\",\"contentUrl\":\"https:\/\/bibliotekutvikling.no\/content\/uploads\/sites\/17\/2022\/09\/dfb.svg\",\"width\":143,\"height\":65,\"caption\":\"Det flerspr\u00e5klige bibliotek\"},\"image\":{\"@id\":\"https:\/\/beta.bibliotekutvikling.no\/dfb\/#\/schema\/logo\/image\/\"},\"sameAs\":[\"https:\/\/www.facebook.com\/profile.php?id=100066429046602\"]}]}<\/script>\n<!-- \/ Yoast SEO Premium plugin. -->","yoast_head_json":{"title":"Spr\u00e5kaf\u00e9 med samtaler basert p\u00e5 litteratur - Det flerspr\u00e5klige bibliotek","robots":{"index":"index","follow":"follow","max-snippet":"max-snippet:-1","max-image-preview":"max-image-preview:large","max-video-preview":"max-video-preview:-1"},"canonical":"https:\/\/beta.bibliotekutvikling.no\/dfb\/vare-tilbud\/sprakkafe\/samtaler-basert-pa-litteratur\/","og_locale":"nb_NO","og_type":"article","og_title":"Spr\u00e5kaf\u00e9 med samtaler basert p\u00e5 litteratur","og_description":"Inspirasjon til hva man kan snakke om p\u00e5 spr\u00e5kkaf\u00e9er.","og_url":"https:\/\/beta.bibliotekutvikling.no\/dfb\/vare-tilbud\/sprakkafe\/samtaler-basert-pa-litteratur\/","og_site_name":"Det flerspr\u00e5klige bibliotek","article_publisher":"https:\/\/www.facebook.com\/profile.php?id=100066429046602","article_modified_time":"2024-05-15T12:58:14+00:00","og_image":[{"width":2560,"height":1440,"url":"https:\/\/beta.bibliotekutvikling.no\/content\/uploads\/sites\/17\/2022\/10\/sprakkafe2_kristiansand2019-scaled-e1664794209477.jpg","type":"image\/jpeg"}],"twitter_card":"summary_large_image","twitter_misc":{"Ansl. lesetid":"7 minutter"},"schema":{"@context":"https:\/\/schema.org","@graph":[{"@type":"WebPage","@id":"https:\/\/beta.bibliotekutvikling.no\/dfb\/vare-tilbud\/sprakkafe\/samtaler-basert-pa-litteratur\/","url":"https:\/\/beta.bibliotekutvikling.no\/dfb\/vare-tilbud\/sprakkafe\/samtaler-basert-pa-litteratur\/","name":"Spr\u00e5kaf\u00e9 med samtaler basert p\u00e5 litteratur - Det flerspr\u00e5klige bibliotek","isPartOf":{"@id":"https:\/\/beta.bibliotekutvikling.no\/dfb\/#website"},"primaryImageOfPage":{"@id":"https:\/\/beta.bibliotekutvikling.no\/dfb\/vare-tilbud\/sprakkafe\/samtaler-basert-pa-litteratur\/#primaryimage"},"image":{"@id":"https:\/\/beta.bibliotekutvikling.no\/dfb\/vare-tilbud\/sprakkafe\/samtaler-basert-pa-litteratur\/#primaryimage"},"thumbnailUrl":"https:\/\/beta.bibliotekutvikling.no\/content\/uploads\/sites\/17\/2022\/10\/sprakkafe2_kristiansand2019-scaled-e1664794209477.jpg","datePublished":"2022-09-27T17:37:12+00:00","dateModified":"2024-05-15T12:58:14+00:00","breadcrumb":{"@id":"https:\/\/beta.bibliotekutvikling.no\/dfb\/vare-tilbud\/sprakkafe\/samtaler-basert-pa-litteratur\/#breadcrumb"},"inLanguage":"nb-NO","potentialAction":[{"@type":"ReadAction","target":["https:\/\/beta.bibliotekutvikling.no\/dfb\/vare-tilbud\/sprakkafe\/samtaler-basert-pa-litteratur\/"]}]},{"@type":"ImageObject","inLanguage":"nb-NO","@id":"https:\/\/beta.bibliotekutvikling.no\/dfb\/vare-tilbud\/sprakkafe\/samtaler-basert-pa-litteratur\/#primaryimage","url":"https:\/\/beta.bibliotekutvikling.no\/content\/uploads\/sites\/17\/2022\/10\/sprakkafe2_kristiansand2019-scaled-e1664794209477.jpg","contentUrl":"https:\/\/beta.bibliotekutvikling.no\/content\/uploads\/sites\/17\/2022\/10\/sprakkafe2_kristiansand2019-scaled-e1664794209477.jpg","width":2560,"height":1440},{"@type":"BreadcrumbList","@id":"https:\/\/beta.bibliotekutvikling.no\/dfb\/vare-tilbud\/sprakkafe\/samtaler-basert-pa-litteratur\/#breadcrumb","itemListElement":[{"@type":"ListItem","position":1,"name":"Hjem","item":"https:\/\/beta.bibliotekutvikling.no\/dfb\/"},{"@type":"ListItem","position":2,"name":"Tilbud","item":"https:\/\/beta.bibliotekutvikling.no\/dfb\/vare-tilbud\/"},{"@type":"ListItem","position":3,"name":"Spr\u00e5kkaf\u00e9","item":"https:\/\/beta.bibliotekutvikling.no\/dfb\/vare-tilbud\/sprakkafe\/"},{"@type":"ListItem","position":4,"name":"Spr\u00e5kaf\u00e9 med samtaler basert p\u00e5 litteratur"}]},{"@type":"WebSite","@id":"https:\/\/beta.bibliotekutvikling.no\/dfb\/#website","url":"https:\/\/beta.bibliotekutvikling.no\/dfb\/","name":"Det flerspr\u00e5klige bibliotek","description":"","publisher":{"@id":"https:\/\/beta.bibliotekutvikling.no\/dfb\/#organization"},"potentialAction":[{"@type":"SearchAction","target":{"@type":"EntryPoint","urlTemplate":"https:\/\/beta.bibliotekutvikling.no\/dfb\/?s={search_term_string}"},"query-input":{"@type":"PropertyValueSpecification","valueRequired":true,"valueName":"search_term_string"}}],"inLanguage":"nb-NO"},{"@type":"Organization","@id":"https:\/\/beta.bibliotekutvikling.no\/dfb\/#organization","name":"Det flerspr\u00e5klige bibliotek","url":"https:\/\/beta.bibliotekutvikling.no\/dfb\/","logo":{"@type":"ImageObject","inLanguage":"nb-NO","@id":"https:\/\/beta.bibliotekutvikling.no\/dfb\/#\/schema\/logo\/image\/","url":"https:\/\/bibliotekutvikling.no\/content\/uploads\/sites\/17\/2022\/09\/dfb.svg","contentUrl":"https:\/\/bibliotekutvikling.no\/content\/uploads\/sites\/17\/2022\/09\/dfb.svg","width":143,"height":65,"caption":"Det flerspr\u00e5klige bibliotek"},"image":{"@id":"https:\/\/beta.bibliotekutvikling.no\/dfb\/#\/schema\/logo\/image\/"},"sameAs":["https:\/\/www.facebook.com\/profile.php?id=100066429046602"]}]}},"_links":{"self":[{"href":"https:\/\/beta.bibliotekutvikling.no\/dfb\/wp-json\/wp\/v2\/pages\/975","targetHints":{"allow":["GET"]}}],"collection":[{"href":"https:\/\/beta.bibliotekutvikling.no\/dfb\/wp-json\/wp\/v2\/pages"}],"about":[{"href":"https:\/\/beta.bibliotekutvikling.no\/dfb\/wp-json\/wp\/v2\/types\/page"}],"author":[{"embeddable":true,"href":"https:\/\/beta.bibliotekutvikling.no\/dfb\/wp-json\/wp\/v2\/users\/830"}],"replies":[{"embeddable":true,"href":"https:\/\/beta.bibliotekutvikling.no\/dfb\/wp-json\/wp\/v2\/comments?post=975"}],"version-history":[{"count":5,"href":"https:\/\/beta.bibliotekutvikling.no\/dfb\/wp-json\/wp\/v2\/pages\/975\/revisions"}],"predecessor-version":[{"id":3161,"href":"https:\/\/beta.bibliotekutvikling.no\/dfb\/wp-json\/wp\/v2\/pages\/975\/revisions\/3161"}],"up":[{"embeddable":true,"href":"https:\/\/beta.bibliotekutvikling.no\/dfb\/wp-json\/wp\/v2\/pages\/726"}],"wp:featuredmedia":[{"embeddable":true,"href":"https:\/\/beta.bibliotekutvikling.no\/dfb\/wp-json\/wp\/v2\/media\/1212"}],"wp:attachment":[{"href":"https:\/\/beta.bibliotekutvikling.no\/dfb\/wp-json\/wp\/v2\/media?parent=975"}],"curies":[{"name":"wp","href":"https:\/\/api.w.org\/{rel}","templated":true}]}}