{"id":987,"date":"2022-09-27T19:46:43","date_gmt":"2022-09-27T17:46:43","guid":{"rendered":"https:\/\/www.nb.no\/dfb\/?page_id=987"},"modified":"2024-05-15T14:59:05","modified_gmt":"2024-05-15T12:59:05","slug":"sprakkafe-med-tematiske-samtaler","status":"publish","type":"page","link":"https:\/\/beta.bibliotekutvikling.no\/dfb\/vare-tilbud\/sprakkafe\/sprakkafe-med-tematiske-samtaler\/","title":{"rendered":"Spr\u00e5kkafe med tematiske samtaler"},"content":{"rendered":"\n<figure class=\"wp-block-image alignwide size-large\"><img loading=\"lazy\" decoding=\"async\" width=\"1024\" height=\"576\" src=\"https:\/\/www.nb.no\/content\/uploads\/sites\/25\/2022\/10\/preparing_food-e1664793476567-1024x576.jpeg\" alt=\"\" class=\"wp-image-1224\" title=\"Preparere dumpling\" srcset=\"https:\/\/beta.bibliotekutvikling.no\/content\/uploads\/sites\/17\/2022\/10\/preparing_food-e1664793476567-1024x576.jpeg 1024w, https:\/\/beta.bibliotekutvikling.no\/content\/uploads\/sites\/17\/2022\/10\/preparing_food-e1664793476567-300x169.jpeg 300w, https:\/\/beta.bibliotekutvikling.no\/content\/uploads\/sites\/17\/2022\/10\/preparing_food-e1664793476567-768x432.jpeg 768w, https:\/\/beta.bibliotekutvikling.no\/content\/uploads\/sites\/17\/2022\/10\/preparing_food-e1664793476567-600x338.jpeg 600w, https:\/\/beta.bibliotekutvikling.no\/content\/uploads\/sites\/17\/2022\/10\/preparing_food-e1664793476567.jpeg 1280w\" sizes=\"auto, (max-width: 1024px) 100vw, 1024px\" \/><\/figure>\n\n\n\n<p>Tematiske samtaler er den formen som har v\u00e6rt mest utbredt i spr\u00e5kkaf\u00e9er frem til n\u00e5. Det fungerer utmerket for nybegynnere, og temaet er i seg selv en ramme for samtalen.<\/p>\n\n\n\n<p>Velg temaer som interesserer deltakerne.&nbsp;Fokuser p\u00e5 samtale fremfor informasjon.&nbsp;Konkrete temaer fungerer bedre enn teoretiske.&nbsp;<\/p>\n\n\n\n<h2 class=\"wp-block-heading\" id=\"h-mat-og-matlaging\"><strong>Mat og matlaging<\/strong><\/h2>\n\n\n\n<p>\u00c5 samtale om mat, matlaging og matkultur er b\u00e5de interessant og relevant uansett hvor man kommer ifra. De fleste har en rett de forbinder med noe godt. Man kan ta utgangspunkt i en kokebok eller bok om matkultur, snakke om ingredienser, sp\u00f8rre deltagerne hvilke retter de lager til hverdag og til fest.&nbsp;Hva heter forskjellige ingredienser? Hvordan&nbsp;tilbereder&nbsp;de maten?&nbsp;<\/p>\n\n\n\n<p>For eksempel er fisk noe man spiser mye av i Norge, mens fisk og sj\u00f8mat ansees som mer eksklusive produkter i Midt\u00f8sten fordi man ikke har noen kyst i umiddelbar n\u00e6rhet. Hvilke andre slike motsetninger kan man finne? Kanel er noe vi forbinder med gr\u00f8t og bakst, mens det i somaliske retter&nbsp;benyttes som krydder for \u00e5 gi en s\u00f8tlig smak til middagsretter.<\/p>\n\n\n\n<p>Dette er noe man kan g\u00e5 videre med&nbsp;og sp\u00f8rre: Hva tenker dere&nbsp;om s\u00f8te matretter? Eller om s\u00f8te oster som brunost gjerne er? Kan banan spises med ris og kj\u00f8ttgryte? Hvordan smaker stekte rosiner med ris?<\/p>\n\n\n\n<p><a href=\"https:\/\/dfb.bib.no\/cgi-bin\/m2?mode=vt&amp;eccl=matlaging%2feo+og+start&amp;st=p\">Det flerspr\u00e5klige bibliotek har en rekke b\u00f8ker om matlaging og matkultur i forskjellige land til utl\u00e5n.<\/a>&nbsp;&nbsp;<\/p>\n\n\n\n<p>Berg bibliotek arrangerte vaffelsteking og vaffelspising som en del av sin spr\u00e5kkaf\u00e9virksomhet. Det var et sosialt arrangement der alle deltagere deltok i b\u00e5de \u00e5 lage r\u00f8ra og steke vaflene. Da fikk man snakket om hva vafler betyr for nordmenn flest, matkultur i Norge, matkultur i deltagernes land og ikke minst begrepet &laquo;dugnadsmat&raquo;.<\/p>\n\n\n\n<h2 class=\"wp-block-heading\" id=\"h-mobler-og-innredning\"><strong>M\u00f8bler og innredning<\/strong><\/h2>\n\n\n\n<p><img loading=\"lazy\" decoding=\"async\" alt=\"N\u00e6rbilde av sofa\" src=\"https:\/\/dfb.nb.no\/sites\/default\/files\/styles\/article-detail\/public\/sofa-vintage-furniture.jpeg?itok=Pbtjf4E4\" width=\"550\" height=\"367\">Akkurat som vafler \u00e5pner opp for samtale om dugnadsmat, er det \u00e5 snakke om m\u00f8bler og innredning en inngang til \u00e5 snakke om det s\u00e6rnorske begrepet &laquo;koselig&raquo;, innredningsstiler og bruk av levende lys. Et bibliotek brukte IKEA-katalogen til \u00e5 l\u00e6re navn p\u00e5 m\u00f8bler, og beskrive hvordan m\u00f8blene s\u00e5 ut, farger og fasonger. Samtalen gikk etter til \u00e5 fortelle om hvordan man hadde innredet hjemmet sitt i hjemlandet, naboskap osv.<\/p>\n\n\n\n<h2 class=\"wp-block-heading\" id=\"h-nasjonale-temadager\"><strong>Nasjonale temadager<\/strong><\/h2>\n\n\n\n<p>Nasjonale temadager som FN-dagen eller Morsm\u00e5lsdagen, \u00e5pner for at man forteller om sitt hjemland, sin kultur, mattradisjoner og spr\u00e5k. Slike temadager virker samlende og det kan lett bygges noe arrangement rundt, som spr\u00e5kkaf\u00e9en kan v\u00e6re del av.<\/p>\n\n\n\n<h2 class=\"wp-block-heading\" id=\"h-folkeeventyr\">Folkeeventyr<\/h2>\n\n\n\n<p>Folkeeventyr&nbsp;er ogs\u00e5 et godt utgangspunkt som tema til spr\u00e5kkaf\u00e9. Alle land har folkeeventyr som utspiller seg ulikt. Men det de har til felles er at det som regel ender med at de gode f\u00e5r sin l\u00f8nn&nbsp;og de onde straffes. Man kan for eksempel bruke norske eventyr, som &laquo;Prinsessen som ingen kunne m\u00e5lbinde&raquo;, der Askeladden, en karakter ingen forventer noe av, ender opp med \u00e5 vinne &laquo;prinsessen&nbsp;og halve kongeriket&raquo;. Ikke bare kan man se n\u00e6rmere p\u00e5 de verdiene som trekkes frem som eventyrlyst, mot, hjelpsomhet og idealisme, men ogs\u00e5 om framstillingen av Askeladden kanskje er representativ for&nbsp;den norske v\u00e6rem\u00e5ten?&nbsp;<\/p>\n\n\n\n<p>Man kan ogs\u00e5 ta som utgangspunkt helter og heltinner fra folkeeventyr fra andre land, som for eksempel Sheherazade i &laquo;Tusen og en natt&raquo;&nbsp;og snakke om hennes betydning for deltagerne. Hva representerer hun? Hva kan man si om hennes skjebne? Hva betyr Sheherazade for de ulike deltagerne? F\u00f8ler noen av deltagerne seg som Sheherazade?<\/p>\n\n\n\n<h2 class=\"wp-block-heading\" id=\"h-tradisjoner\">Tradisjoner<\/h2>\n\n\n\n<p>Tradisjoner, som&nbsp;for eksempel julefeiring, eid-feiring, d\u00e5p og bryllup er gode temaer \u00e5 bygge spr\u00e5kkaf\u00e9er rundt. Det er gjerne noe som er forbundet med glede og tradisjoner man \u00f8nsker \u00e5 videref\u00f8re i et nytt land. Deltagere kan ogs\u00e5 oppfordres til \u00e5 ha med ting hjemmefra, som for eksempel&nbsp;egne bryllupsbilder eller&nbsp;eid-pynt,&nbsp;for \u00e5 vise frem og snakke om.<\/p>\n\n\n\n<h2 class=\"wp-block-heading\" id=\"h-vaeret\"><strong>V\u00e6ret<\/strong><\/h2>\n\n\n\n<p>V\u00e6ret er et tema som ogs\u00e5 egner seg godt&nbsp;siden man i Norge snakker mye om v\u00e6ret b\u00e5de i sosiale sammenhenger og av rent praktiske hensyn. Man kan velge \u00e5 snakke om v\u00e6ret som en del av de mange kulturelle kodene man har i Norge, og kanskje stimulere deltagerne \u00e5 finne lignende temaer som utgj\u00f8r de kulturelle kodene de kjenner fra sitt hjemland. Eller s\u00e5 kan man spinne videre til klesplagg og v\u00e6r, hvilke materialer brukes til de forskjellige \u00e5rstidene, hva er forskjell mellom ull-undert\u00f8y og superundert\u00f8y, hva betyr kuling eller frisk&nbsp;bris&nbsp;i v\u00e6rmeldingen? Hva er forskjellen p\u00e5 sludd og sn\u00f8?<\/p>\n\n\n\n<p>\u00c5 snakke om v\u00e6r og \u00e5rstider \u00e5pner opp for \u00e5 snakke om de mange utend\u00f8rsaktivitetene man kan gj\u00f8re b\u00e5de alene og sammen med familien sommer som h\u00f8st , vinter eller v\u00e5r. Hvorfor ikke kombinere en spr\u00e5kkaf\u00e9 med skikurs for nyankomne, kurs i fiske eller en skogstur, som vi vet mange frivillighetssentraler i samarbeid med friluftslivsorganisasjoner ofte arrangerer?<\/p>\n\n\n\n<h2 class=\"wp-block-heading\" id=\"h-nasjonaldager\"><strong>Nasjonaldager<\/strong><\/h2>\n\n\n\n<p>Alle har et forhold, p\u00e5 godt og vondt, til sitt lands nasjonaldag. Man kan snakke om hva det betyr \u00e5 vise frem milit\u00e6r makt i parader, begrep som folkefest og barnetog, betydningen av bunader og korps p\u00e5 17. mai og alle skikkene rundt selve dagen. \u00c5 lese gjennom f\u00f8rste vers av &laquo;Ja vi elsker&raquo;&nbsp;og snakke om det som trekkes frem av tematikk har mange bibliotek gjort p\u00e5 spr\u00e5kkaf\u00e9, til stor begeistring for h\u00f8ytidsstemte deltagere.<\/p>\n\n\n\n<p>Se ogs\u00e5&nbsp;<a href=\"https:\/\/bibliotekutvikling.no\/content\/uploads\/sites\/17\/2022\/09\/idehefte_spraakkafe_toyenbibliotek2016.pdf\">Idehefte fra T\u00f8yen bibliotek<\/a>&nbsp;for flere konkrete tips om blant annet&nbsp;kjent-\u00f8velser, tankekart, ord-skattejakt.<\/p>\n\n\n\n<p>Tematiske samtaler m\u00e5 ikke n\u00f8dvendigvis foreg\u00e5 p\u00e5 biblioteket.&nbsp;Tema kan ogs\u00e5 v\u00e6re omgivelser, natur eller fritidsaktiviteter. Et bibliotek i Danmark brukte sitt n\u00e6romr\u00e5de som tema og tok med deltagerne i grupper p\u00e5 tur, der m\u00e5let var \u00e5 bli kjent med byen man bor i og kunne konversere rundt det. Gruppen ble delt opp i mindre grupper p\u00e5 fem deltagere med \u00e9n frivillig, slik at alle fikk anledning til \u00e5 snakke. De bes\u00f8kte&nbsp;mus\u00e9er og parker,&nbsp;og samtalene dreide seg rundt det de s\u00e5 den dagen. Det var ogs\u00e5 en m\u00e5te \u00e5 komme seg ut, forklare viktigheten av turg\u00e5ing for dansker og l\u00e6re mer om hvilke aktiviteter man kan foreta seg alene, med venner eller med sin familie p\u00e5 fritiden.&nbsp;<\/p>\n\n\n\n<p>Bibliotekaren som fulgte med gruppene p\u00e5 ekskursjon kunne melde om motiverte deltagere som ble bedre kjent med hverandre og de frivillige, og der samtalen var lystbetont og fl\u00f8t bedre og bedre etter hvert bes\u00f8k. \u00c5 f\u00e5 praktisk erfaring av \u00e5 v\u00e6re sammen i daglige omgivelser gjorde at ikke bare spr\u00e5kkunnskap ble utvekslet, men man fikk bedre innsikt i landets koder og normer.&nbsp;<\/p>\n\n\n\n<h2 class=\"wp-block-heading\" id=\"h-videre-lesning\">Videre lesning<\/h2>\n\n\n<ul class=\"t2-link-list has-3-items has-auto-columns wp-block-t2-link-list\">\n\t<li class=\"t2-link-list-item wp-block-t2-link-list-item\">\n\t\t<a\n\t\t\thref=\"\/dfb\/tilbud\/sprakkafe\/sprakkafeer-med-sprakspill\/\"\n\t\t\tclass=\"t2-link-list-item__link t2-link-list__icon--right\"\n\t\t\t\t\t>\n\t\t\t<span class=\"t2-link-list-item__icon\"><span class=\"t2-link-list-item__icon-box\"><\/span><svg xmlns=\"http:\/\/www.w3.org\/2000\/svg\" viewBox=\"0 0 24 24\" height=\"24\" width=\"24\" class=\"t2-icon t2-icon-external\" aria-hidden=\"true\" focusable=\"false\"><path d=\"M19 19H5V5h7V3H3v18h18v-9h-2v7zM14 3v2h3.6l-9.8 9.8 1.4 1.4L19 6.4V10h2V3h-7z\"\/><\/svg><\/span>\t\t\t<div class=\"t2-link-list-item__content\">\n\n\t\t\t\t\n\t\t\t\t<span id=\"link-list-item-text\" class=\"t2-link-list-item__text\">\n\t\t\t\t\tVerkstedsbaserte samtaler\t\t\t\t<\/span>\n\t\t\t\t\t\t\t<\/div>\n\t\t<\/a>\n\t<\/li>\n\t\n\n\t<li class=\"t2-link-list-item wp-block-t2-link-list-item\">\n\t\t<a\n\t\t\thref=\"\/dfb\/tilbud\/sprakkafe\/samtaler-basert-pa-litteratur\/\"\n\t\t\tclass=\"t2-link-list-item__link t2-link-list__icon--right\"\n\t\t\t\t\t>\n\t\t\t<span class=\"t2-link-list-item__icon\"><span class=\"t2-link-list-item__icon-box\"><\/span><svg xmlns=\"http:\/\/www.w3.org\/2000\/svg\" viewBox=\"0 0 24 24\" height=\"24\" width=\"24\" class=\"t2-icon t2-icon-external\" aria-hidden=\"true\" focusable=\"false\"><path d=\"M19 19H5V5h7V3H3v18h18v-9h-2v7zM14 3v2h3.6l-9.8 9.8 1.4 1.4L19 6.4V10h2V3h-7z\"\/><\/svg><\/span>\t\t\t<div class=\"t2-link-list-item__content\">\n\n\t\t\t\t\n\t\t\t\t<span id=\"link-list-item-text-1\" class=\"t2-link-list-item__text\">\n\t\t\t\t\tLitter\u00e6re samtaler\t\t\t\t<\/span>\n\t\t\t\t\t\t\t<\/div>\n\t\t<\/a>\n\t<\/li>\n\t\n\n\t<li class=\"t2-link-list-item wp-block-t2-link-list-item\">\n\t\t<a\n\t\t\thref=\"\/dfb\/tilbud\/sprakkafe\/sprakkafeer-med-sprakspill\/\"\n\t\t\tclass=\"t2-link-list-item__link t2-link-list__icon--right\"\n\t\t\t\t\t>\n\t\t\t<span class=\"t2-link-list-item__icon\"><span class=\"t2-link-list-item__icon-box\"><\/span><svg xmlns=\"http:\/\/www.w3.org\/2000\/svg\" viewBox=\"0 0 24 24\" height=\"24\" width=\"24\" class=\"t2-icon t2-icon-external\" aria-hidden=\"true\" focusable=\"false\"><path d=\"M19 19H5V5h7V3H3v18h18v-9h-2v7zM14 3v2h3.6l-9.8 9.8 1.4 1.4L19 6.4V10h2V3h-7z\"\/><\/svg><\/span>\t\t\t<div class=\"t2-link-list-item__content\">\n\n\t\t\t\t\n\t\t\t\t<span id=\"link-list-item-text-2\" class=\"t2-link-list-item__text\">\n\t\t\t\t\tSpr\u00e5kspill\t\t\t\t<\/span>\n\t\t\t\t\t\t\t<\/div>\n\t\t<\/a>\n\t<\/li>\n\t\n<\/ul>","protected":false},"excerpt":{"rendered":"<p>Inspirasjon til hva man kan snakke om p\u00e5 spr\u00e5kkaf\u00e8er.<\/p>\n","protected":false},"author":830,"featured_media":1224,"parent":726,"menu_order":0,"comment_status":"closed","ping_status":"closed","template":"","meta":{"nb_hide_title":false,"nb_breadcrumb_title_override":"","sub_navigation_option":"","sub_navigation_custom_items":[],"footnotes":""},"class_list":["post-987","page","type-page","status-publish","has-post-thumbnail","hentry"],"yoast_head":"<!-- This site is optimized with the Yoast SEO Premium plugin v27.1 (Yoast SEO v27.1.1) - https:\/\/yoast.com\/product\/yoast-seo-premium-wordpress\/ -->\n<title>Spr\u00e5kkafe med tematiske samtaler - Det flerspr\u00e5klige bibliotek<\/title>\n<meta name=\"robots\" content=\"index, follow, max-snippet:-1, max-image-preview:large, max-video-preview:-1\" \/>\n<link rel=\"canonical\" href=\"https:\/\/beta.bibliotekutvikling.no\/dfb\/vare-tilbud\/sprakkafe\/sprakkafe-med-tematiske-samtaler\/\" \/>\n<meta property=\"og:locale\" content=\"nb_NO\" \/>\n<meta property=\"og:type\" content=\"article\" \/>\n<meta property=\"og:title\" content=\"Spr\u00e5kkafe med tematiske samtaler\" \/>\n<meta property=\"og:description\" content=\"Inspirasjon til hva man kan snakke om p\u00e5 spr\u00e5kkaf\u00e8er.\" \/>\n<meta property=\"og:url\" content=\"https:\/\/beta.bibliotekutvikling.no\/dfb\/vare-tilbud\/sprakkafe\/sprakkafe-med-tematiske-samtaler\/\" \/>\n<meta property=\"og:site_name\" content=\"Det flerspr\u00e5klige bibliotek\" \/>\n<meta property=\"article:publisher\" content=\"https:\/\/www.facebook.com\/profile.php?id=100066429046602\" \/>\n<meta property=\"article:modified_time\" content=\"2024-05-15T12:59:05+00:00\" \/>\n<meta property=\"og:image\" content=\"https:\/\/beta.bibliotekutvikling.no\/content\/uploads\/sites\/17\/2022\/10\/preparing_food-e1664793476567.jpeg\" \/>\n\t<meta property=\"og:image:width\" content=\"1280\" \/>\n\t<meta property=\"og:image:height\" content=\"720\" \/>\n\t<meta property=\"og:image:type\" content=\"image\/jpeg\" \/>\n<meta name=\"twitter:card\" content=\"summary_large_image\" \/>\n<meta name=\"twitter:label1\" content=\"Ansl. lesetid\" \/>\n\t<meta name=\"twitter:data1\" content=\"7 minutter\" \/>\n<script type=\"application\/ld+json\" class=\"yoast-schema-graph\">{\"@context\":\"https:\/\/schema.org\",\"@graph\":[{\"@type\":\"WebPage\",\"@id\":\"https:\/\/beta.bibliotekutvikling.no\/dfb\/vare-tilbud\/sprakkafe\/sprakkafe-med-tematiske-samtaler\/\",\"url\":\"https:\/\/beta.bibliotekutvikling.no\/dfb\/vare-tilbud\/sprakkafe\/sprakkafe-med-tematiske-samtaler\/\",\"name\":\"Spr\u00e5kkafe med tematiske samtaler - Det flerspr\u00e5klige bibliotek\",\"isPartOf\":{\"@id\":\"https:\/\/beta.bibliotekutvikling.no\/dfb\/#website\"},\"primaryImageOfPage\":{\"@id\":\"https:\/\/beta.bibliotekutvikling.no\/dfb\/vare-tilbud\/sprakkafe\/sprakkafe-med-tematiske-samtaler\/#primaryimage\"},\"image\":{\"@id\":\"https:\/\/beta.bibliotekutvikling.no\/dfb\/vare-tilbud\/sprakkafe\/sprakkafe-med-tematiske-samtaler\/#primaryimage\"},\"thumbnailUrl\":\"https:\/\/beta.bibliotekutvikling.no\/content\/uploads\/sites\/17\/2022\/10\/preparing_food-e1664793476567.jpeg\",\"datePublished\":\"2022-09-27T17:46:43+00:00\",\"dateModified\":\"2024-05-15T12:59:05+00:00\",\"breadcrumb\":{\"@id\":\"https:\/\/beta.bibliotekutvikling.no\/dfb\/vare-tilbud\/sprakkafe\/sprakkafe-med-tematiske-samtaler\/#breadcrumb\"},\"inLanguage\":\"nb-NO\",\"potentialAction\":[{\"@type\":\"ReadAction\",\"target\":[\"https:\/\/beta.bibliotekutvikling.no\/dfb\/vare-tilbud\/sprakkafe\/sprakkafe-med-tematiske-samtaler\/\"]}]},{\"@type\":\"ImageObject\",\"inLanguage\":\"nb-NO\",\"@id\":\"https:\/\/beta.bibliotekutvikling.no\/dfb\/vare-tilbud\/sprakkafe\/sprakkafe-med-tematiske-samtaler\/#primaryimage\",\"url\":\"https:\/\/beta.bibliotekutvikling.no\/content\/uploads\/sites\/17\/2022\/10\/preparing_food-e1664793476567.jpeg\",\"contentUrl\":\"https:\/\/beta.bibliotekutvikling.no\/content\/uploads\/sites\/17\/2022\/10\/preparing_food-e1664793476567.jpeg\",\"width\":1280,\"height\":720},{\"@type\":\"BreadcrumbList\",\"@id\":\"https:\/\/beta.bibliotekutvikling.no\/dfb\/vare-tilbud\/sprakkafe\/sprakkafe-med-tematiske-samtaler\/#breadcrumb\",\"itemListElement\":[{\"@type\":\"ListItem\",\"position\":1,\"name\":\"Hjem\",\"item\":\"https:\/\/beta.bibliotekutvikling.no\/dfb\/\"},{\"@type\":\"ListItem\",\"position\":2,\"name\":\"Tilbud\",\"item\":\"https:\/\/beta.bibliotekutvikling.no\/dfb\/vare-tilbud\/\"},{\"@type\":\"ListItem\",\"position\":3,\"name\":\"Spr\u00e5kkaf\u00e9\",\"item\":\"https:\/\/beta.bibliotekutvikling.no\/dfb\/vare-tilbud\/sprakkafe\/\"},{\"@type\":\"ListItem\",\"position\":4,\"name\":\"Spr\u00e5kkafe med tematiske samtaler\"}]},{\"@type\":\"WebSite\",\"@id\":\"https:\/\/beta.bibliotekutvikling.no\/dfb\/#website\",\"url\":\"https:\/\/beta.bibliotekutvikling.no\/dfb\/\",\"name\":\"Det flerspr\u00e5klige bibliotek\",\"description\":\"\",\"publisher\":{\"@id\":\"https:\/\/beta.bibliotekutvikling.no\/dfb\/#organization\"},\"potentialAction\":[{\"@type\":\"SearchAction\",\"target\":{\"@type\":\"EntryPoint\",\"urlTemplate\":\"https:\/\/beta.bibliotekutvikling.no\/dfb\/?s={search_term_string}\"},\"query-input\":{\"@type\":\"PropertyValueSpecification\",\"valueRequired\":true,\"valueName\":\"search_term_string\"}}],\"inLanguage\":\"nb-NO\"},{\"@type\":\"Organization\",\"@id\":\"https:\/\/beta.bibliotekutvikling.no\/dfb\/#organization\",\"name\":\"Det flerspr\u00e5klige bibliotek\",\"url\":\"https:\/\/beta.bibliotekutvikling.no\/dfb\/\",\"logo\":{\"@type\":\"ImageObject\",\"inLanguage\":\"nb-NO\",\"@id\":\"https:\/\/beta.bibliotekutvikling.no\/dfb\/#\/schema\/logo\/image\/\",\"url\":\"https:\/\/bibliotekutvikling.no\/content\/uploads\/sites\/17\/2022\/09\/dfb.svg\",\"contentUrl\":\"https:\/\/bibliotekutvikling.no\/content\/uploads\/sites\/17\/2022\/09\/dfb.svg\",\"width\":143,\"height\":65,\"caption\":\"Det flerspr\u00e5klige bibliotek\"},\"image\":{\"@id\":\"https:\/\/beta.bibliotekutvikling.no\/dfb\/#\/schema\/logo\/image\/\"},\"sameAs\":[\"https:\/\/www.facebook.com\/profile.php?id=100066429046602\"]}]}<\/script>\n<!-- \/ Yoast SEO Premium plugin. -->","yoast_head_json":{"title":"Spr\u00e5kkafe med tematiske samtaler - Det flerspr\u00e5klige bibliotek","robots":{"index":"index","follow":"follow","max-snippet":"max-snippet:-1","max-image-preview":"max-image-preview:large","max-video-preview":"max-video-preview:-1"},"canonical":"https:\/\/beta.bibliotekutvikling.no\/dfb\/vare-tilbud\/sprakkafe\/sprakkafe-med-tematiske-samtaler\/","og_locale":"nb_NO","og_type":"article","og_title":"Spr\u00e5kkafe med tematiske samtaler","og_description":"Inspirasjon til hva man kan snakke om p\u00e5 spr\u00e5kkaf\u00e8er.","og_url":"https:\/\/beta.bibliotekutvikling.no\/dfb\/vare-tilbud\/sprakkafe\/sprakkafe-med-tematiske-samtaler\/","og_site_name":"Det flerspr\u00e5klige bibliotek","article_publisher":"https:\/\/www.facebook.com\/profile.php?id=100066429046602","article_modified_time":"2024-05-15T12:59:05+00:00","og_image":[{"width":1280,"height":720,"url":"https:\/\/beta.bibliotekutvikling.no\/content\/uploads\/sites\/17\/2022\/10\/preparing_food-e1664793476567.jpeg","type":"image\/jpeg"}],"twitter_card":"summary_large_image","twitter_misc":{"Ansl. lesetid":"7 minutter"},"schema":{"@context":"https:\/\/schema.org","@graph":[{"@type":"WebPage","@id":"https:\/\/beta.bibliotekutvikling.no\/dfb\/vare-tilbud\/sprakkafe\/sprakkafe-med-tematiske-samtaler\/","url":"https:\/\/beta.bibliotekutvikling.no\/dfb\/vare-tilbud\/sprakkafe\/sprakkafe-med-tematiske-samtaler\/","name":"Spr\u00e5kkafe med tematiske samtaler - Det flerspr\u00e5klige bibliotek","isPartOf":{"@id":"https:\/\/beta.bibliotekutvikling.no\/dfb\/#website"},"primaryImageOfPage":{"@id":"https:\/\/beta.bibliotekutvikling.no\/dfb\/vare-tilbud\/sprakkafe\/sprakkafe-med-tematiske-samtaler\/#primaryimage"},"image":{"@id":"https:\/\/beta.bibliotekutvikling.no\/dfb\/vare-tilbud\/sprakkafe\/sprakkafe-med-tematiske-samtaler\/#primaryimage"},"thumbnailUrl":"https:\/\/beta.bibliotekutvikling.no\/content\/uploads\/sites\/17\/2022\/10\/preparing_food-e1664793476567.jpeg","datePublished":"2022-09-27T17:46:43+00:00","dateModified":"2024-05-15T12:59:05+00:00","breadcrumb":{"@id":"https:\/\/beta.bibliotekutvikling.no\/dfb\/vare-tilbud\/sprakkafe\/sprakkafe-med-tematiske-samtaler\/#breadcrumb"},"inLanguage":"nb-NO","potentialAction":[{"@type":"ReadAction","target":["https:\/\/beta.bibliotekutvikling.no\/dfb\/vare-tilbud\/sprakkafe\/sprakkafe-med-tematiske-samtaler\/"]}]},{"@type":"ImageObject","inLanguage":"nb-NO","@id":"https:\/\/beta.bibliotekutvikling.no\/dfb\/vare-tilbud\/sprakkafe\/sprakkafe-med-tematiske-samtaler\/#primaryimage","url":"https:\/\/beta.bibliotekutvikling.no\/content\/uploads\/sites\/17\/2022\/10\/preparing_food-e1664793476567.jpeg","contentUrl":"https:\/\/beta.bibliotekutvikling.no\/content\/uploads\/sites\/17\/2022\/10\/preparing_food-e1664793476567.jpeg","width":1280,"height":720},{"@type":"BreadcrumbList","@id":"https:\/\/beta.bibliotekutvikling.no\/dfb\/vare-tilbud\/sprakkafe\/sprakkafe-med-tematiske-samtaler\/#breadcrumb","itemListElement":[{"@type":"ListItem","position":1,"name":"Hjem","item":"https:\/\/beta.bibliotekutvikling.no\/dfb\/"},{"@type":"ListItem","position":2,"name":"Tilbud","item":"https:\/\/beta.bibliotekutvikling.no\/dfb\/vare-tilbud\/"},{"@type":"ListItem","position":3,"name":"Spr\u00e5kkaf\u00e9","item":"https:\/\/beta.bibliotekutvikling.no\/dfb\/vare-tilbud\/sprakkafe\/"},{"@type":"ListItem","position":4,"name":"Spr\u00e5kkafe med tematiske samtaler"}]},{"@type":"WebSite","@id":"https:\/\/beta.bibliotekutvikling.no\/dfb\/#website","url":"https:\/\/beta.bibliotekutvikling.no\/dfb\/","name":"Det flerspr\u00e5klige bibliotek","description":"","publisher":{"@id":"https:\/\/beta.bibliotekutvikling.no\/dfb\/#organization"},"potentialAction":[{"@type":"SearchAction","target":{"@type":"EntryPoint","urlTemplate":"https:\/\/beta.bibliotekutvikling.no\/dfb\/?s={search_term_string}"},"query-input":{"@type":"PropertyValueSpecification","valueRequired":true,"valueName":"search_term_string"}}],"inLanguage":"nb-NO"},{"@type":"Organization","@id":"https:\/\/beta.bibliotekutvikling.no\/dfb\/#organization","name":"Det flerspr\u00e5klige bibliotek","url":"https:\/\/beta.bibliotekutvikling.no\/dfb\/","logo":{"@type":"ImageObject","inLanguage":"nb-NO","@id":"https:\/\/beta.bibliotekutvikling.no\/dfb\/#\/schema\/logo\/image\/","url":"https:\/\/bibliotekutvikling.no\/content\/uploads\/sites\/17\/2022\/09\/dfb.svg","contentUrl":"https:\/\/bibliotekutvikling.no\/content\/uploads\/sites\/17\/2022\/09\/dfb.svg","width":143,"height":65,"caption":"Det flerspr\u00e5klige bibliotek"},"image":{"@id":"https:\/\/beta.bibliotekutvikling.no\/dfb\/#\/schema\/logo\/image\/"},"sameAs":["https:\/\/www.facebook.com\/profile.php?id=100066429046602"]}]}},"_links":{"self":[{"href":"https:\/\/beta.bibliotekutvikling.no\/dfb\/wp-json\/wp\/v2\/pages\/987","targetHints":{"allow":["GET"]}}],"collection":[{"href":"https:\/\/beta.bibliotekutvikling.no\/dfb\/wp-json\/wp\/v2\/pages"}],"about":[{"href":"https:\/\/beta.bibliotekutvikling.no\/dfb\/wp-json\/wp\/v2\/types\/page"}],"author":[{"embeddable":true,"href":"https:\/\/beta.bibliotekutvikling.no\/dfb\/wp-json\/wp\/v2\/users\/830"}],"replies":[{"embeddable":true,"href":"https:\/\/beta.bibliotekutvikling.no\/dfb\/wp-json\/wp\/v2\/comments?post=987"}],"version-history":[{"count":5,"href":"https:\/\/beta.bibliotekutvikling.no\/dfb\/wp-json\/wp\/v2\/pages\/987\/revisions"}],"predecessor-version":[{"id":3165,"href":"https:\/\/beta.bibliotekutvikling.no\/dfb\/wp-json\/wp\/v2\/pages\/987\/revisions\/3165"}],"up":[{"embeddable":true,"href":"https:\/\/beta.bibliotekutvikling.no\/dfb\/wp-json\/wp\/v2\/pages\/726"}],"wp:featuredmedia":[{"embeddable":true,"href":"https:\/\/beta.bibliotekutvikling.no\/dfb\/wp-json\/wp\/v2\/media\/1224"}],"wp:attachment":[{"href":"https:\/\/beta.bibliotekutvikling.no\/dfb\/wp-json\/wp\/v2\/media?parent=987"}],"curies":[{"name":"wp","href":"https:\/\/api.w.org\/{rel}","templated":true}]}}