{"id":1020,"date":"2023-09-13T08:55:04","date_gmt":"2023-09-13T06:55:04","guid":{"rendered":"https:\/\/bibliotekutvikling.no\/formidlingskompetanse\/?page_id=1020"},"modified":"2023-09-15T10:31:35","modified_gmt":"2023-09-15T08:31:35","slug":"leselyst-med-dei-minste-saman-om-lesekultur-ny-laeringsressurs-i-kompetansebanken","status":"publish","type":"page","link":"https:\/\/beta.bibliotekutvikling.no\/formidlingskompetanse\/leselyst-med-dei-minste-saman-om-lesekultur-ny-laeringsressurs-i-kompetansebanken\/","title":{"rendered":"Leselyst med dei minste &#8211; saman om lesekultur"},"content":{"rendered":"\n<figure class=\"wp-block-image size-full\"><img loading=\"lazy\" decoding=\"async\" width=\"604\" height=\"303\" src=\"https:\/\/bibliotekutvikling.no\/content\/uploads\/sites\/23\/2023\/09\/Header_Leselystmeddeiminste.png\" alt=\"(c) Foreningen !Les | Illustrasjon Stina Langlo \u00d8rdal\" class=\"wp-image-1024\" srcset=\"https:\/\/beta.bibliotekutvikling.no\/content\/uploads\/sites\/23\/2023\/09\/Header_Leselystmeddeiminste.png 604w, https:\/\/beta.bibliotekutvikling.no\/content\/uploads\/sites\/23\/2023\/09\/Header_Leselystmeddeiminste-300x150.png 300w\" sizes=\"auto, (max-width: 604px) 100vw, 604px\" \/><\/figure>\n\n\n\n<p>31. august vart den nye l\u00e6ringsressursen \u00abLeselyst med dei minste &#8211; saman om lesekultur\u00bb lansert! L\u00e6ringsressursen er eit bidrag for biblioteka som \u00f8nskjer \u00e5 styrke innsatsen sin for \u00e5 n\u00e5 ut med lesing og litteratur hos dei yngste barna 0-6 \u00e5r. <\/p>\n\n\n\n<p><a href=\"https:\/\/bibliotekutvikling.no\/kompetansebank\/courses\/leselyst_med_dei_minste\/\" data-type=\"link\" data-id=\"https:\/\/bibliotekutvikling.no\/kompetansebank\/courses\/leselyst_med_dei_minste\/\">G\u00e5 til l\u00e6ringsressursen<\/a><\/p>\n\n\n\n<p>Vestland fylkesbibliotek har leia ressursgruppa og utvikla l\u00e6ringsressursen saman med Viken fylkesbibliotek, Vestfold og Telemark fylkesbibliotek, Tr\u00f8ndelag fylkesbibliotek, Nordland fylkesbibliotek, Siri Larsen ved Deichman bibliotek og Sigrun Feiring ved Forenigen !les. Satsinga er del av prosjektet \u00abFormidlingskompetanse i folkebibliotek\u00bb og er st\u00f8tta med midlar fr\u00e5 Nasjonalbiblioteket og Foreningen !Les. <\/p>\n\n\n\n<p><a href=\"https:\/\/my.demio.com\/recording\/6azBKAuO\" data-type=\"link\" data-id=\"https:\/\/my.demio.com\/recording\/6azBKAuO\">Fekk du ikkje sett lanseringa som introduserte satsinga, kan du sj\u00e5 den i opptak her<\/a>. <\/p>\n","protected":false},"excerpt":{"rendered":"<p>En egen digital l\u00e6ringsressurs om litteraturformidling rettet mot de yngste barna  0-6 \u00e5r. <\/p>\n","protected":false},"author":5162,"featured_media":1058,"parent":0,"menu_order":0,"comment_status":"closed","ping_status":"closed","template":"","meta":{"_relevanssi_hide_post":"","_relevanssi_hide_content":"","_relevanssi_pin_for_all":"","_relevanssi_pin_keywords":"","_relevanssi_unpin_keywords":"","_relevanssi_related_keywords":"","_relevanssi_related_include_ids":"","_relevanssi_related_exclude_ids":"","_relevanssi_related_no_append":"","_relevanssi_related_not_related":"","_relevanssi_related_posts":"","_relevanssi_noindex_reason":"","nb_hide_title":false,"sub_navigation_option":"","sub_navigation_custom_items":[],"footnotes":""},"class_list":["post-1020","page","type-page","status-publish","has-post-thumbnail","hentry"],"yoast_head":"<!-- This site is optimized with the Yoast SEO Premium plugin v27.1 (Yoast SEO v27.1.1) - https:\/\/yoast.com\/product\/yoast-seo-premium-wordpress\/ -->\n<title>Leselyst med dei minste - saman om lesekultur - Bibliotekutvikling | Formidlingskompetanse i folkebibliotek<\/title>\n<meta name=\"robots\" content=\"index, follow, max-snippet:-1, max-image-preview:large, max-video-preview:-1\" \/>\n<link rel=\"canonical\" href=\"https:\/\/beta.bibliotekutvikling.no\/formidlingskompetanse\/leselyst-med-dei-minste-saman-om-lesekultur-ny-laeringsressurs-i-kompetansebanken\/\" \/>\n<meta property=\"og:locale\" content=\"nb_NO\" \/>\n<meta property=\"og:type\" content=\"article\" \/>\n<meta property=\"og:title\" content=\"Leselyst med dei minste - saman om lesekultur\" \/>\n<meta property=\"og:description\" content=\"En egen digital l\u00e6ringsressurs om litteraturformidling rettet mot de yngste barna 0-6 \u00e5r.\" \/>\n<meta property=\"og:url\" content=\"https:\/\/beta.bibliotekutvikling.no\/formidlingskompetanse\/leselyst-med-dei-minste-saman-om-lesekultur-ny-laeringsressurs-i-kompetansebanken\/\" \/>\n<meta property=\"og:site_name\" content=\"Bibliotekutvikling | Formidlingskompetanse i folkebibliotek\" \/>\n<meta property=\"article:modified_time\" content=\"2023-09-15T08:31:35+00:00\" \/>\n<meta property=\"og:image\" content=\"https:\/\/beta.bibliotekutvikling.no\/content\/uploads\/sites\/23\/2023\/09\/Illustrasjon_1_Illustina_Bokstart_Foreningenles.jpg\" \/>\n\t<meta property=\"og:image:width\" content=\"1819\" \/>\n\t<meta property=\"og:image:height\" content=\"1024\" \/>\n\t<meta property=\"og:image:type\" content=\"image\/jpeg\" \/>\n<meta name=\"twitter:card\" content=\"summary_large_image\" \/>\n<meta name=\"twitter:label1\" content=\"Ansl. lesetid\" \/>\n\t<meta name=\"twitter:data1\" content=\"1 minutt\" \/>\n<script type=\"application\/ld+json\" class=\"yoast-schema-graph\">{\"@context\":\"https:\/\/schema.org\",\"@graph\":[{\"@type\":\"WebPage\",\"@id\":\"https:\/\/beta.bibliotekutvikling.no\/formidlingskompetanse\/leselyst-med-dei-minste-saman-om-lesekultur-ny-laeringsressurs-i-kompetansebanken\/\",\"url\":\"https:\/\/beta.bibliotekutvikling.no\/formidlingskompetanse\/leselyst-med-dei-minste-saman-om-lesekultur-ny-laeringsressurs-i-kompetansebanken\/\",\"name\":\"Leselyst med dei minste - saman om lesekultur - Bibliotekutvikling | Formidlingskompetanse i folkebibliotek\",\"isPartOf\":{\"@id\":\"https:\/\/beta.bibliotekutvikling.no\/formidlingskompetanse\/#website\"},\"primaryImageOfPage\":{\"@id\":\"https:\/\/beta.bibliotekutvikling.no\/formidlingskompetanse\/leselyst-med-dei-minste-saman-om-lesekultur-ny-laeringsressurs-i-kompetansebanken\/#primaryimage\"},\"image\":{\"@id\":\"https:\/\/beta.bibliotekutvikling.no\/formidlingskompetanse\/leselyst-med-dei-minste-saman-om-lesekultur-ny-laeringsressurs-i-kompetansebanken\/#primaryimage\"},\"thumbnailUrl\":\"https:\/\/beta.bibliotekutvikling.no\/content\/uploads\/sites\/23\/2023\/09\/Illustrasjon_1_Illustina_Bokstart_Foreningenles.jpg\",\"datePublished\":\"2023-09-13T06:55:04+00:00\",\"dateModified\":\"2023-09-15T08:31:35+00:00\",\"breadcrumb\":{\"@id\":\"https:\/\/beta.bibliotekutvikling.no\/formidlingskompetanse\/leselyst-med-dei-minste-saman-om-lesekultur-ny-laeringsressurs-i-kompetansebanken\/#breadcrumb\"},\"inLanguage\":\"nb-NO\",\"potentialAction\":[{\"@type\":\"ReadAction\",\"target\":[\"https:\/\/beta.bibliotekutvikling.no\/formidlingskompetanse\/leselyst-med-dei-minste-saman-om-lesekultur-ny-laeringsressurs-i-kompetansebanken\/\"]}]},{\"@type\":\"ImageObject\",\"inLanguage\":\"nb-NO\",\"@id\":\"https:\/\/beta.bibliotekutvikling.no\/formidlingskompetanse\/leselyst-med-dei-minste-saman-om-lesekultur-ny-laeringsressurs-i-kompetansebanken\/#primaryimage\",\"url\":\"https:\/\/beta.bibliotekutvikling.no\/content\/uploads\/sites\/23\/2023\/09\/Illustrasjon_1_Illustina_Bokstart_Foreningenles.jpg\",\"contentUrl\":\"https:\/\/beta.bibliotekutvikling.no\/content\/uploads\/sites\/23\/2023\/09\/Illustrasjon_1_Illustina_Bokstart_Foreningenles.jpg\",\"width\":1819,\"height\":1024},{\"@type\":\"BreadcrumbList\",\"@id\":\"https:\/\/beta.bibliotekutvikling.no\/formidlingskompetanse\/leselyst-med-dei-minste-saman-om-lesekultur-ny-laeringsressurs-i-kompetansebanken\/#breadcrumb\",\"itemListElement\":[{\"@type\":\"ListItem\",\"position\":1,\"name\":\"Hjem\",\"item\":\"https:\/\/beta.bibliotekutvikling.no\/formidlingskompetanse\/\"},{\"@type\":\"ListItem\",\"position\":2,\"name\":\"Leselyst med dei minste &#8211; saman om lesekultur\"}]},{\"@type\":\"WebSite\",\"@id\":\"https:\/\/beta.bibliotekutvikling.no\/formidlingskompetanse\/#website\",\"url\":\"https:\/\/beta.bibliotekutvikling.no\/formidlingskompetanse\/\",\"name\":\"Bibliotekutvikling | Formidlingskompetanse i folkebibliotek\",\"description\":\"\",\"publisher\":{\"@id\":\"https:\/\/beta.bibliotekutvikling.no\/formidlingskompetanse\/#organization\"},\"potentialAction\":[{\"@type\":\"SearchAction\",\"target\":{\"@type\":\"EntryPoint\",\"urlTemplate\":\"https:\/\/beta.bibliotekutvikling.no\/formidlingskompetanse\/?s={search_term_string}\"},\"query-input\":{\"@type\":\"PropertyValueSpecification\",\"valueRequired\":true,\"valueName\":\"search_term_string\"}}],\"inLanguage\":\"nb-NO\"},{\"@type\":\"Organization\",\"@id\":\"https:\/\/beta.bibliotekutvikling.no\/formidlingskompetanse\/#organization\",\"name\":\"Bibliotekutvikling | Formidlingskompetanse i folkebibliotek\",\"url\":\"https:\/\/beta.bibliotekutvikling.no\/formidlingskompetanse\/\",\"logo\":{\"@type\":\"ImageObject\",\"inLanguage\":\"nb-NO\",\"@id\":\"https:\/\/beta.bibliotekutvikling.no\/formidlingskompetanse\/#\/schema\/logo\/image\/\",\"url\":\"https:\/\/beta.bibliotekutvikling.no\/content\/uploads\/sites\/23\/2022\/03\/cropped-Asset-3.png\",\"contentUrl\":\"https:\/\/beta.bibliotekutvikling.no\/content\/uploads\/sites\/23\/2022\/03\/cropped-Asset-3.png\",\"width\":1015,\"height\":604,\"caption\":\"Bibliotekutvikling | Formidlingskompetanse i folkebibliotek\"},\"image\":{\"@id\":\"https:\/\/beta.bibliotekutvikling.no\/formidlingskompetanse\/#\/schema\/logo\/image\/\"}}]}<\/script>\n<!-- \/ Yoast SEO Premium plugin. -->","yoast_head_json":{"title":"Leselyst med dei minste - saman om lesekultur - Bibliotekutvikling | Formidlingskompetanse i folkebibliotek","robots":{"index":"index","follow":"follow","max-snippet":"max-snippet:-1","max-image-preview":"max-image-preview:large","max-video-preview":"max-video-preview:-1"},"canonical":"https:\/\/beta.bibliotekutvikling.no\/formidlingskompetanse\/leselyst-med-dei-minste-saman-om-lesekultur-ny-laeringsressurs-i-kompetansebanken\/","og_locale":"nb_NO","og_type":"article","og_title":"Leselyst med dei minste - saman om lesekultur","og_description":"En egen digital l\u00e6ringsressurs om litteraturformidling rettet mot de yngste barna 0-6 \u00e5r.","og_url":"https:\/\/beta.bibliotekutvikling.no\/formidlingskompetanse\/leselyst-med-dei-minste-saman-om-lesekultur-ny-laeringsressurs-i-kompetansebanken\/","og_site_name":"Bibliotekutvikling | Formidlingskompetanse i folkebibliotek","article_modified_time":"2023-09-15T08:31:35+00:00","og_image":[{"width":1819,"height":1024,"url":"https:\/\/beta.bibliotekutvikling.no\/content\/uploads\/sites\/23\/2023\/09\/Illustrasjon_1_Illustina_Bokstart_Foreningenles.jpg","type":"image\/jpeg"}],"twitter_card":"summary_large_image","twitter_misc":{"Ansl. lesetid":"1 minutt"},"schema":{"@context":"https:\/\/schema.org","@graph":[{"@type":"WebPage","@id":"https:\/\/beta.bibliotekutvikling.no\/formidlingskompetanse\/leselyst-med-dei-minste-saman-om-lesekultur-ny-laeringsressurs-i-kompetansebanken\/","url":"https:\/\/beta.bibliotekutvikling.no\/formidlingskompetanse\/leselyst-med-dei-minste-saman-om-lesekultur-ny-laeringsressurs-i-kompetansebanken\/","name":"Leselyst med dei minste - saman om lesekultur - Bibliotekutvikling | Formidlingskompetanse i folkebibliotek","isPartOf":{"@id":"https:\/\/beta.bibliotekutvikling.no\/formidlingskompetanse\/#website"},"primaryImageOfPage":{"@id":"https:\/\/beta.bibliotekutvikling.no\/formidlingskompetanse\/leselyst-med-dei-minste-saman-om-lesekultur-ny-laeringsressurs-i-kompetansebanken\/#primaryimage"},"image":{"@id":"https:\/\/beta.bibliotekutvikling.no\/formidlingskompetanse\/leselyst-med-dei-minste-saman-om-lesekultur-ny-laeringsressurs-i-kompetansebanken\/#primaryimage"},"thumbnailUrl":"https:\/\/beta.bibliotekutvikling.no\/content\/uploads\/sites\/23\/2023\/09\/Illustrasjon_1_Illustina_Bokstart_Foreningenles.jpg","datePublished":"2023-09-13T06:55:04+00:00","dateModified":"2023-09-15T08:31:35+00:00","breadcrumb":{"@id":"https:\/\/beta.bibliotekutvikling.no\/formidlingskompetanse\/leselyst-med-dei-minste-saman-om-lesekultur-ny-laeringsressurs-i-kompetansebanken\/#breadcrumb"},"inLanguage":"nb-NO","potentialAction":[{"@type":"ReadAction","target":["https:\/\/beta.bibliotekutvikling.no\/formidlingskompetanse\/leselyst-med-dei-minste-saman-om-lesekultur-ny-laeringsressurs-i-kompetansebanken\/"]}]},{"@type":"ImageObject","inLanguage":"nb-NO","@id":"https:\/\/beta.bibliotekutvikling.no\/formidlingskompetanse\/leselyst-med-dei-minste-saman-om-lesekultur-ny-laeringsressurs-i-kompetansebanken\/#primaryimage","url":"https:\/\/beta.bibliotekutvikling.no\/content\/uploads\/sites\/23\/2023\/09\/Illustrasjon_1_Illustina_Bokstart_Foreningenles.jpg","contentUrl":"https:\/\/beta.bibliotekutvikling.no\/content\/uploads\/sites\/23\/2023\/09\/Illustrasjon_1_Illustina_Bokstart_Foreningenles.jpg","width":1819,"height":1024},{"@type":"BreadcrumbList","@id":"https:\/\/beta.bibliotekutvikling.no\/formidlingskompetanse\/leselyst-med-dei-minste-saman-om-lesekultur-ny-laeringsressurs-i-kompetansebanken\/#breadcrumb","itemListElement":[{"@type":"ListItem","position":1,"name":"Hjem","item":"https:\/\/beta.bibliotekutvikling.no\/formidlingskompetanse\/"},{"@type":"ListItem","position":2,"name":"Leselyst med dei minste &#8211; saman om lesekultur"}]},{"@type":"WebSite","@id":"https:\/\/beta.bibliotekutvikling.no\/formidlingskompetanse\/#website","url":"https:\/\/beta.bibliotekutvikling.no\/formidlingskompetanse\/","name":"Bibliotekutvikling | Formidlingskompetanse i folkebibliotek","description":"","publisher":{"@id":"https:\/\/beta.bibliotekutvikling.no\/formidlingskompetanse\/#organization"},"potentialAction":[{"@type":"SearchAction","target":{"@type":"EntryPoint","urlTemplate":"https:\/\/beta.bibliotekutvikling.no\/formidlingskompetanse\/?s={search_term_string}"},"query-input":{"@type":"PropertyValueSpecification","valueRequired":true,"valueName":"search_term_string"}}],"inLanguage":"nb-NO"},{"@type":"Organization","@id":"https:\/\/beta.bibliotekutvikling.no\/formidlingskompetanse\/#organization","name":"Bibliotekutvikling | Formidlingskompetanse i folkebibliotek","url":"https:\/\/beta.bibliotekutvikling.no\/formidlingskompetanse\/","logo":{"@type":"ImageObject","inLanguage":"nb-NO","@id":"https:\/\/beta.bibliotekutvikling.no\/formidlingskompetanse\/#\/schema\/logo\/image\/","url":"https:\/\/beta.bibliotekutvikling.no\/content\/uploads\/sites\/23\/2022\/03\/cropped-Asset-3.png","contentUrl":"https:\/\/beta.bibliotekutvikling.no\/content\/uploads\/sites\/23\/2022\/03\/cropped-Asset-3.png","width":1015,"height":604,"caption":"Bibliotekutvikling | Formidlingskompetanse i folkebibliotek"},"image":{"@id":"https:\/\/beta.bibliotekutvikling.no\/formidlingskompetanse\/#\/schema\/logo\/image\/"}}]}},"_links":{"self":[{"href":"https:\/\/beta.bibliotekutvikling.no\/formidlingskompetanse\/wp-json\/wp\/v2\/pages\/1020","targetHints":{"allow":["GET"]}}],"collection":[{"href":"https:\/\/beta.bibliotekutvikling.no\/formidlingskompetanse\/wp-json\/wp\/v2\/pages"}],"about":[{"href":"https:\/\/beta.bibliotekutvikling.no\/formidlingskompetanse\/wp-json\/wp\/v2\/types\/page"}],"author":[{"embeddable":true,"href":"https:\/\/beta.bibliotekutvikling.no\/formidlingskompetanse\/wp-json\/wp\/v2\/users\/5162"}],"replies":[{"embeddable":true,"href":"https:\/\/beta.bibliotekutvikling.no\/formidlingskompetanse\/wp-json\/wp\/v2\/comments?post=1020"}],"version-history":[{"count":5,"href":"https:\/\/beta.bibliotekutvikling.no\/formidlingskompetanse\/wp-json\/wp\/v2\/pages\/1020\/revisions"}],"predecessor-version":[{"id":1156,"href":"https:\/\/beta.bibliotekutvikling.no\/formidlingskompetanse\/wp-json\/wp\/v2\/pages\/1020\/revisions\/1156"}],"wp:featuredmedia":[{"embeddable":true,"href":"https:\/\/beta.bibliotekutvikling.no\/formidlingskompetanse\/wp-json\/wp\/v2\/media\/1058"}],"wp:attachment":[{"href":"https:\/\/beta.bibliotekutvikling.no\/formidlingskompetanse\/wp-json\/wp\/v2\/media?parent=1020"}],"curies":[{"name":"wp","href":"https:\/\/api.w.org\/{rel}","templated":true}]}}