{"id":319,"date":"2021-10-07T09:49:04","date_gmt":"2021-10-07T07:49:04","guid":{"rendered":"https:\/\/bibliotekutvikling.no\/formidlingskompetanse\/?page_id=319"},"modified":"2024-05-10T16:20:19","modified_gmt":"2024-05-10T14:20:19","slug":"nytt-nettstudium-aktiv-formidling-i-folkebibliotek","status":"publish","type":"page","link":"https:\/\/beta.bibliotekutvikling.no\/formidlingskompetanse\/nytt-nettstudium-aktiv-formidling-i-folkebibliotek\/","title":{"rendered":"Nettstudium: \u00abAktiv formidling i folkebibliotek\u00bb"},"content":{"rendered":"\n<p><strong>Den nettbaserte videreutdanningen \u00abAktiv formidling i folkebibliotek\u00bb ble bestilt av FiF-prosjektet, og utviklet sammen med Oslo Met. I 2022 og 2023 ble studiet dekket av prosjektet for rundt 80 deltakere fra folkebibliotek i hele landet. De to studie-emnene Aktiv formidling og Digital formidling inng\u00e5r i det ordin\u00e6re videreutdanningstilbudet hos Oslo Met fra januar 2024.<\/strong><\/p>\n\n\n\n<p>\u00abAktiv formidling i folkebibliotek\u00bb (20 stp) gir en innf\u00f8ring i kulturell kompetanse, kommunikative ferdigheter og litteraturkunnskap. Kulturbegrepet favner folkebibliotekenes rolle som kunnskapsakt\u00f8r i et samfunn i endring. Digital formidling er sentralt. Litteraturbegrepet dekker alt av innhold, fra forskningsartikler til spill, fra digital seniorinformasjon til pekeb\u00f8ker for de minste.<\/p>\n\n\n\n<p>Del 1 \u00abAktiv formidling\u00bb gjennomf\u00f8res i v\u00e5rsemesteret og gir 10 studiepoeng.  For oppstart v\u00e5ren 2024 var det l\u00f8pende opptak fra 1. november inntil studiet er fulltegnet. Mer informasjon  <a href=\"https:\/\/www.oslomet.no\/studier\/sam\/evu-sam\/aktiv-formidling\">her.<\/a> <\/p>\n\n\n\n<p>Del 2 \u00abDigital formidling\u00bb gjennomf\u00f8res i h\u00f8stsemesteret og gir 10 studiepoeng, med oppstart i august. Mer informasjon <a href=\"https:\/\/www.oslomet.no\/studier\/sam\/evu-sam\/digital-formidling\">her.<\/a> <\/p>\n\n\n\n<p>De to delene kan tas samlet eller hver for seg. Det legges til rette slik videreutdanningen skal kunne tas ved siden av full jobb. <\/p>\n\n\n\n<p>Opptakskrav er generell studiekompetanse eller realkompetanse.<\/p>\n\n\n\n<p><\/p>\n\n\n\n<h2 class=\"wp-block-heading\" id=\"h-m-l-med-videreutdanningen\">M\u00e5l med videreutdanningen<\/h2>\n\n\n\n<p>Folkebibliotekene er arena for menneskers m\u00f8ter med ny kunnskap, litteratur og kulturelle opplevelser \u2013 og hverandre. L\u00e6ring, leselyst og samfunnsdeltakelse er beskrivende for aktiviteter som ansatte i bibliotek legger til rette for. B\u00e5de samfunnet, mediene og bibliotekenes tjenester er i stadig endring, og det stilles nye krav til kompetanse og engasjement. Nettstudiene \u00abAktiv formidling\u00bb og &laquo;Digital formidling&raquo; er satt i gang for \u00e5 stimulere til kompetanseheving og bedre bibliotektjenester i hele landet.<\/p>\n\n\n\n<h2 class=\"wp-block-heading\">Gjennomf\u00f8ring og kostnader<\/h2>\n\n\n\n<p>Nettstudiet er utviklet som del av FiF-prosjektet, med ansatte i folkebibliotek som m\u00e5lgruppe. Det er 40 studieplasser med studenter fra alle de ti fylkene som deltar i FiF-prosjektet, slik at tilsammen ca 80 bibliotekansatte fra hele landet vil ha f\u00e5tt studiemuligheten i l\u00f8pet av prosjektperioden. Fylkesbibliotekene har tilbudt faglig st\u00f8tte underveis.<\/p>\n\n\n\n<p>FiF-prosjektet har dekket studieavgiften for ansatte i folkebibliotek i prosjektfylkene Troms og Finnmark, Nordland, Tr\u00f8ndelag, M\u00f8re og Romsdal, Innlandet, Vestland, Rogaland, Agder, Vestfold og Telemark, Viken. Dette gjaldt for 2022 og 2023. <\/p>\n\n\n\n<p><strong>Fra 2024 m\u00e5 semesteravgift og studieavgift betales av den enkelte student, eller gjennom avtale med arbeidsgiver.<\/strong><\/p>\n\n\n\n<p>Nettstudiet \u00abAktiv formidling i folkebibliotek\u00bb tilbys fra Institutt for arkiv-, bibliotek- og informasjonsfag ved OsloMet, etter initiativ fra fylkesbibliotekene i Norge. Det er prosjektet \u00abFormidlingskompetanse i folkebibliotek (FiF)\u00bb som har gjort utvikling av nettstudiet mulig. Prosjektet er st\u00f8ttet av Nasjonalbiblioteket, som del av Nasjonal bibliotekstrategi 2020-2023. Et av m\u00e5lene i strategien er \u00abat bibliotekene skal n\u00e5 nye brukere med litteratur og lesing, legge til rette for kunnskapsformidling og at bibliotekenes digitale samlinger skal \u00f8kes.\u00bb Tr\u00f8ndelag fylkesbibliotek er prosjektansvarlig.<\/p>\n\n\n\n<p>Ta gjerne kontakt med prosjektleder ved Tr\u00f8ndelag fylkesbibliotek om du har sp\u00f8rsm\u00e5l:&nbsp;<a href=\"mailto:kristo@trondelagfylke.no\">Kristin Storvig<\/a>,&nbsp;&nbsp;909 89&nbsp;407. Du kan ogs\u00e5 kontakte ditt n\u00e6rmeste fylkesbibliotek.<\/p>\n\n\n\n<p>Ved sp\u00f8rsm\u00e5l om s\u00f8knadsregistrering og opptak, ta kontakt med Oslo Met p\u00e5 e-post: <a href=\"mailto:sam-evo@oslomet.no\">sam-evo@oslomet.no<\/a><\/p>\n\n\n\n<figure class=\"wp-block-image size-large is-style-default\"><img loading=\"lazy\" decoding=\"async\" width=\"1024\" height=\"64\" src=\"https:\/\/bibliotekutvikling.no\/content\/uploads\/sites\/23\/2022\/03\/Bunnlinje@Svart-1024x64.png\" alt=\"\" class=\"wp-image-416\" srcset=\"https:\/\/beta.bibliotekutvikling.no\/content\/uploads\/sites\/23\/2022\/03\/Bunnlinje@Svart-1024x64.png 1024w, https:\/\/beta.bibliotekutvikling.no\/content\/uploads\/sites\/23\/2022\/03\/Bunnlinje@Svart-300x19.png 300w, https:\/\/beta.bibliotekutvikling.no\/content\/uploads\/sites\/23\/2022\/03\/Bunnlinje@Svart-768x48.png 768w, https:\/\/beta.bibliotekutvikling.no\/content\/uploads\/sites\/23\/2022\/03\/Bunnlinje@Svart-1536x96.png 1536w, https:\/\/beta.bibliotekutvikling.no\/content\/uploads\/sites\/23\/2022\/03\/Bunnlinje@Svart-2048x128.png 2048w\" sizes=\"auto, (max-width: 1024px) 100vw, 1024px\" \/><\/figure>\n","protected":false},"excerpt":{"rendered":"<p>Nytt studiettilbud (20 stp) fra OsloMet. <\/p>\n<p>Til sammen ca. 80 bibliotekansatte spredd fra nord til s\u00f8r vil ha gjennomf\u00f8rt videreutdanningen innen aktiv og digital formidling i forbindelse med FiF-prosjektet. <\/p>\n","protected":false},"author":5060,"featured_media":327,"parent":0,"menu_order":4,"comment_status":"closed","ping_status":"closed","template":"","meta":{"_relevanssi_hide_post":"","_relevanssi_hide_content":"","_relevanssi_pin_for_all":"","_relevanssi_pin_keywords":"","_relevanssi_unpin_keywords":"","_relevanssi_related_keywords":"","_relevanssi_related_include_ids":"","_relevanssi_related_exclude_ids":"","_relevanssi_related_no_append":"","_relevanssi_related_not_related":"","_relevanssi_related_posts":"1,14","_relevanssi_noindex_reason":"","nb_hide_title":false,"sub_navigation_option":"","sub_navigation_custom_items":null,"footnotes":""},"class_list":["post-319","page","type-page","status-publish","has-post-thumbnail","hentry"],"yoast_head":"<!-- This site is optimized with the Yoast SEO Premium plugin v27.1 (Yoast SEO v27.1.1) - https:\/\/yoast.com\/product\/yoast-seo-premium-wordpress\/ -->\n<title>Nettstudium: \u00abAktiv formidling i folkebibliotek\u00bb - Bibliotekutvikling | Formidlingskompetanse i folkebibliotek %<\/title>\n<meta name=\"robots\" content=\"index, follow, max-snippet:-1, max-image-preview:large, max-video-preview:-1\" \/>\n<link rel=\"canonical\" href=\"https:\/\/beta.bibliotekutvikling.no\/formidlingskompetanse\/nytt-nettstudium-aktiv-formidling-i-folkebibliotek\/\" \/>\n<meta property=\"og:locale\" content=\"nb_NO\" \/>\n<meta property=\"og:type\" content=\"article\" \/>\n<meta property=\"og:title\" content=\"Nettstudium: \u00abAktiv formidling i folkebibliotek\u00bb\" \/>\n<meta property=\"og:description\" content=\"Nytt studiettilbud (20 stp) fra OsloMet.  Til sammen ca. 80 bibliotekansatte spredd fra nord til s\u00f8r vil ha gjennomf\u00f8rt videreutdanningen innen aktiv og digital formidling i forbindelse med FiF-prosjektet.\" \/>\n<meta property=\"og:url\" content=\"https:\/\/beta.bibliotekutvikling.no\/formidlingskompetanse\/nytt-nettstudium-aktiv-formidling-i-folkebibliotek\/\" \/>\n<meta property=\"og:site_name\" content=\"Bibliotekutvikling | Formidlingskompetanse i folkebibliotek\" \/>\n<meta property=\"article:modified_time\" content=\"2024-05-10T14:20:19+00:00\" \/>\n<meta property=\"og:image\" content=\"https:\/\/beta.bibliotekutvikling.no\/content\/uploads\/sites\/23\/2021\/10\/Oslo-Met-2.jpg\" \/>\n\t<meta property=\"og:image:width\" content=\"679\" \/>\n\t<meta property=\"og:image:height\" content=\"377\" \/>\n\t<meta property=\"og:image:type\" content=\"image\/jpeg\" \/>\n<meta name=\"twitter:card\" content=\"summary_large_image\" \/>\n<meta name=\"twitter:label1\" content=\"Ansl. lesetid\" \/>\n\t<meta name=\"twitter:data1\" content=\"3 minutter\" \/>\n<script type=\"application\/ld+json\" class=\"yoast-schema-graph\">{\"@context\":\"https:\/\/schema.org\",\"@graph\":[{\"@type\":\"WebPage\",\"@id\":\"https:\/\/beta.bibliotekutvikling.no\/formidlingskompetanse\/nytt-nettstudium-aktiv-formidling-i-folkebibliotek\/\",\"url\":\"https:\/\/beta.bibliotekutvikling.no\/formidlingskompetanse\/nytt-nettstudium-aktiv-formidling-i-folkebibliotek\/\",\"name\":\"Nettstudium: \u00abAktiv formidling i folkebibliotek\u00bb - Bibliotekutvikling | Formidlingskompetanse i folkebibliotek %\",\"isPartOf\":{\"@id\":\"https:\/\/beta.bibliotekutvikling.no\/formidlingskompetanse\/#website\"},\"primaryImageOfPage\":{\"@id\":\"https:\/\/beta.bibliotekutvikling.no\/formidlingskompetanse\/nytt-nettstudium-aktiv-formidling-i-folkebibliotek\/#primaryimage\"},\"image\":{\"@id\":\"https:\/\/beta.bibliotekutvikling.no\/formidlingskompetanse\/nytt-nettstudium-aktiv-formidling-i-folkebibliotek\/#primaryimage\"},\"thumbnailUrl\":\"https:\/\/beta.bibliotekutvikling.no\/content\/uploads\/sites\/23\/2021\/10\/Oslo-Met-2.jpg\",\"datePublished\":\"2021-10-07T07:49:04+00:00\",\"dateModified\":\"2024-05-10T14:20:19+00:00\",\"breadcrumb\":{\"@id\":\"https:\/\/beta.bibliotekutvikling.no\/formidlingskompetanse\/nytt-nettstudium-aktiv-formidling-i-folkebibliotek\/#breadcrumb\"},\"inLanguage\":\"nb-NO\",\"potentialAction\":[{\"@type\":\"ReadAction\",\"target\":[\"https:\/\/beta.bibliotekutvikling.no\/formidlingskompetanse\/nytt-nettstudium-aktiv-formidling-i-folkebibliotek\/\"]}]},{\"@type\":\"ImageObject\",\"inLanguage\":\"nb-NO\",\"@id\":\"https:\/\/beta.bibliotekutvikling.no\/formidlingskompetanse\/nytt-nettstudium-aktiv-formidling-i-folkebibliotek\/#primaryimage\",\"url\":\"https:\/\/beta.bibliotekutvikling.no\/content\/uploads\/sites\/23\/2021\/10\/Oslo-Met-2.jpg\",\"contentUrl\":\"https:\/\/beta.bibliotekutvikling.no\/content\/uploads\/sites\/23\/2021\/10\/Oslo-Met-2.jpg\",\"width\":679,\"height\":377},{\"@type\":\"BreadcrumbList\",\"@id\":\"https:\/\/beta.bibliotekutvikling.no\/formidlingskompetanse\/nytt-nettstudium-aktiv-formidling-i-folkebibliotek\/#breadcrumb\",\"itemListElement\":[{\"@type\":\"ListItem\",\"position\":1,\"name\":\"Hjem\",\"item\":\"https:\/\/beta.bibliotekutvikling.no\/formidlingskompetanse\/\"},{\"@type\":\"ListItem\",\"position\":2,\"name\":\"Nettstudium: \u00abAktiv formidling i folkebibliotek\u00bb\"}]},{\"@type\":\"WebSite\",\"@id\":\"https:\/\/beta.bibliotekutvikling.no\/formidlingskompetanse\/#website\",\"url\":\"https:\/\/beta.bibliotekutvikling.no\/formidlingskompetanse\/\",\"name\":\"Bibliotekutvikling | Formidlingskompetanse i folkebibliotek\",\"description\":\"\",\"publisher\":{\"@id\":\"https:\/\/beta.bibliotekutvikling.no\/formidlingskompetanse\/#organization\"},\"potentialAction\":[{\"@type\":\"SearchAction\",\"target\":{\"@type\":\"EntryPoint\",\"urlTemplate\":\"https:\/\/beta.bibliotekutvikling.no\/formidlingskompetanse\/?s={search_term_string}\"},\"query-input\":{\"@type\":\"PropertyValueSpecification\",\"valueRequired\":true,\"valueName\":\"search_term_string\"}}],\"inLanguage\":\"nb-NO\"},{\"@type\":\"Organization\",\"@id\":\"https:\/\/beta.bibliotekutvikling.no\/formidlingskompetanse\/#organization\",\"name\":\"Bibliotekutvikling | Formidlingskompetanse i folkebibliotek\",\"url\":\"https:\/\/beta.bibliotekutvikling.no\/formidlingskompetanse\/\",\"logo\":{\"@type\":\"ImageObject\",\"inLanguage\":\"nb-NO\",\"@id\":\"https:\/\/beta.bibliotekutvikling.no\/formidlingskompetanse\/#\/schema\/logo\/image\/\",\"url\":\"https:\/\/beta.bibliotekutvikling.no\/content\/uploads\/sites\/23\/2022\/03\/cropped-Asset-3.png\",\"contentUrl\":\"https:\/\/beta.bibliotekutvikling.no\/content\/uploads\/sites\/23\/2022\/03\/cropped-Asset-3.png\",\"width\":1015,\"height\":604,\"caption\":\"Bibliotekutvikling | Formidlingskompetanse i folkebibliotek\"},\"image\":{\"@id\":\"https:\/\/beta.bibliotekutvikling.no\/formidlingskompetanse\/#\/schema\/logo\/image\/\"}}]}<\/script>\n<!-- \/ Yoast SEO Premium plugin. -->","yoast_head_json":{"title":"Nettstudium: \u00abAktiv formidling i folkebibliotek\u00bb - Bibliotekutvikling | Formidlingskompetanse i folkebibliotek %","robots":{"index":"index","follow":"follow","max-snippet":"max-snippet:-1","max-image-preview":"max-image-preview:large","max-video-preview":"max-video-preview:-1"},"canonical":"https:\/\/beta.bibliotekutvikling.no\/formidlingskompetanse\/nytt-nettstudium-aktiv-formidling-i-folkebibliotek\/","og_locale":"nb_NO","og_type":"article","og_title":"Nettstudium: \u00abAktiv formidling i folkebibliotek\u00bb","og_description":"Nytt studiettilbud (20 stp) fra OsloMet.  Til sammen ca. 80 bibliotekansatte spredd fra nord til s\u00f8r vil ha gjennomf\u00f8rt videreutdanningen innen aktiv og digital formidling i forbindelse med FiF-prosjektet.","og_url":"https:\/\/beta.bibliotekutvikling.no\/formidlingskompetanse\/nytt-nettstudium-aktiv-formidling-i-folkebibliotek\/","og_site_name":"Bibliotekutvikling | Formidlingskompetanse i folkebibliotek","article_modified_time":"2024-05-10T14:20:19+00:00","og_image":[{"width":679,"height":377,"url":"https:\/\/beta.bibliotekutvikling.no\/content\/uploads\/sites\/23\/2021\/10\/Oslo-Met-2.jpg","type":"image\/jpeg"}],"twitter_card":"summary_large_image","twitter_misc":{"Ansl. lesetid":"3 minutter"},"schema":{"@context":"https:\/\/schema.org","@graph":[{"@type":"WebPage","@id":"https:\/\/beta.bibliotekutvikling.no\/formidlingskompetanse\/nytt-nettstudium-aktiv-formidling-i-folkebibliotek\/","url":"https:\/\/beta.bibliotekutvikling.no\/formidlingskompetanse\/nytt-nettstudium-aktiv-formidling-i-folkebibliotek\/","name":"Nettstudium: \u00abAktiv formidling i folkebibliotek\u00bb - Bibliotekutvikling | Formidlingskompetanse i folkebibliotek %","isPartOf":{"@id":"https:\/\/beta.bibliotekutvikling.no\/formidlingskompetanse\/#website"},"primaryImageOfPage":{"@id":"https:\/\/beta.bibliotekutvikling.no\/formidlingskompetanse\/nytt-nettstudium-aktiv-formidling-i-folkebibliotek\/#primaryimage"},"image":{"@id":"https:\/\/beta.bibliotekutvikling.no\/formidlingskompetanse\/nytt-nettstudium-aktiv-formidling-i-folkebibliotek\/#primaryimage"},"thumbnailUrl":"https:\/\/beta.bibliotekutvikling.no\/content\/uploads\/sites\/23\/2021\/10\/Oslo-Met-2.jpg","datePublished":"2021-10-07T07:49:04+00:00","dateModified":"2024-05-10T14:20:19+00:00","breadcrumb":{"@id":"https:\/\/beta.bibliotekutvikling.no\/formidlingskompetanse\/nytt-nettstudium-aktiv-formidling-i-folkebibliotek\/#breadcrumb"},"inLanguage":"nb-NO","potentialAction":[{"@type":"ReadAction","target":["https:\/\/beta.bibliotekutvikling.no\/formidlingskompetanse\/nytt-nettstudium-aktiv-formidling-i-folkebibliotek\/"]}]},{"@type":"ImageObject","inLanguage":"nb-NO","@id":"https:\/\/beta.bibliotekutvikling.no\/formidlingskompetanse\/nytt-nettstudium-aktiv-formidling-i-folkebibliotek\/#primaryimage","url":"https:\/\/beta.bibliotekutvikling.no\/content\/uploads\/sites\/23\/2021\/10\/Oslo-Met-2.jpg","contentUrl":"https:\/\/beta.bibliotekutvikling.no\/content\/uploads\/sites\/23\/2021\/10\/Oslo-Met-2.jpg","width":679,"height":377},{"@type":"BreadcrumbList","@id":"https:\/\/beta.bibliotekutvikling.no\/formidlingskompetanse\/nytt-nettstudium-aktiv-formidling-i-folkebibliotek\/#breadcrumb","itemListElement":[{"@type":"ListItem","position":1,"name":"Hjem","item":"https:\/\/beta.bibliotekutvikling.no\/formidlingskompetanse\/"},{"@type":"ListItem","position":2,"name":"Nettstudium: \u00abAktiv formidling i folkebibliotek\u00bb"}]},{"@type":"WebSite","@id":"https:\/\/beta.bibliotekutvikling.no\/formidlingskompetanse\/#website","url":"https:\/\/beta.bibliotekutvikling.no\/formidlingskompetanse\/","name":"Bibliotekutvikling | Formidlingskompetanse i folkebibliotek","description":"","publisher":{"@id":"https:\/\/beta.bibliotekutvikling.no\/formidlingskompetanse\/#organization"},"potentialAction":[{"@type":"SearchAction","target":{"@type":"EntryPoint","urlTemplate":"https:\/\/beta.bibliotekutvikling.no\/formidlingskompetanse\/?s={search_term_string}"},"query-input":{"@type":"PropertyValueSpecification","valueRequired":true,"valueName":"search_term_string"}}],"inLanguage":"nb-NO"},{"@type":"Organization","@id":"https:\/\/beta.bibliotekutvikling.no\/formidlingskompetanse\/#organization","name":"Bibliotekutvikling | Formidlingskompetanse i folkebibliotek","url":"https:\/\/beta.bibliotekutvikling.no\/formidlingskompetanse\/","logo":{"@type":"ImageObject","inLanguage":"nb-NO","@id":"https:\/\/beta.bibliotekutvikling.no\/formidlingskompetanse\/#\/schema\/logo\/image\/","url":"https:\/\/beta.bibliotekutvikling.no\/content\/uploads\/sites\/23\/2022\/03\/cropped-Asset-3.png","contentUrl":"https:\/\/beta.bibliotekutvikling.no\/content\/uploads\/sites\/23\/2022\/03\/cropped-Asset-3.png","width":1015,"height":604,"caption":"Bibliotekutvikling | Formidlingskompetanse i folkebibliotek"},"image":{"@id":"https:\/\/beta.bibliotekutvikling.no\/formidlingskompetanse\/#\/schema\/logo\/image\/"}}]}},"_links":{"self":[{"href":"https:\/\/beta.bibliotekutvikling.no\/formidlingskompetanse\/wp-json\/wp\/v2\/pages\/319","targetHints":{"allow":["GET"]}}],"collection":[{"href":"https:\/\/beta.bibliotekutvikling.no\/formidlingskompetanse\/wp-json\/wp\/v2\/pages"}],"about":[{"href":"https:\/\/beta.bibliotekutvikling.no\/formidlingskompetanse\/wp-json\/wp\/v2\/types\/page"}],"author":[{"embeddable":true,"href":"https:\/\/beta.bibliotekutvikling.no\/formidlingskompetanse\/wp-json\/wp\/v2\/users\/5060"}],"replies":[{"embeddable":true,"href":"https:\/\/beta.bibliotekutvikling.no\/formidlingskompetanse\/wp-json\/wp\/v2\/comments?post=319"}],"version-history":[{"count":4,"href":"https:\/\/beta.bibliotekutvikling.no\/formidlingskompetanse\/wp-json\/wp\/v2\/pages\/319\/revisions"}],"predecessor-version":[{"id":1318,"href":"https:\/\/beta.bibliotekutvikling.no\/formidlingskompetanse\/wp-json\/wp\/v2\/pages\/319\/revisions\/1318"}],"wp:featuredmedia":[{"embeddable":true,"href":"https:\/\/beta.bibliotekutvikling.no\/formidlingskompetanse\/wp-json\/wp\/v2\/media\/327"}],"wp:attachment":[{"href":"https:\/\/beta.bibliotekutvikling.no\/formidlingskompetanse\/wp-json\/wp\/v2\/media?parent=319"}],"curies":[{"name":"wp","href":"https:\/\/api.w.org\/{rel}","templated":true}]}}