{"id":346,"date":"2021-11-09T15:44:47","date_gmt":"2021-11-09T14:44:47","guid":{"rendered":"https:\/\/bibliotekutvikling.no\/formidlingskompetanse\/?page_id=346"},"modified":"2024-02-20T14:15:01","modified_gmt":"2024-02-20T13:15:01","slug":"kulturfondstafetten","status":"publish","type":"page","link":"https:\/\/beta.bibliotekutvikling.no\/formidlingskompetanse\/kulturfondstafetten\/","title":{"rendered":"Kulturfondstafetten"},"content":{"rendered":"\n<p>Formidlere fra hele landet har i 2023 laget nesten hundre videoboktips der de formidler litteratur fra Kulturr\u00e5dets innkj\u00f8psordninger. Filmene kan brukes i bibliotekenes digitale formidling. Vi har ogs\u00e5 laget syv lesers\u00f8rvisbrosjyrer som kan lastes ned, skrives ut og deles ut p\u00e5 ditt bibliotek. Prosjektet er st\u00f8ttet av Kulturr\u00e5det. Les mer <a href=\"https:\/\/bibliotekutvikling.no\/kompetansebank\/content-resource\/kulturfondstafetten\/\">her<\/a>.<\/p>\n\n\n\n<p>Sjekk ogs\u00e5 ut <a href=\"https:\/\/bibliotekutvikling.no\/kompetansebank\/content-resource\/kulturfondstafetten\/\">nettkurset i kompetansebanken<\/a> p\u00e5 bibliotekutvikling.no, der videoene som ble laget i 2021 og 2022 er tilgjengelige for bibliotekansatte i hele Norge.<\/p>\n\n\n\n<figure class=\"wp-block-image size-full\"><img loading=\"lazy\" decoding=\"async\" width=\"605\" height=\"191\" src=\"https:\/\/bibliotekutvikling.no\/content\/uploads\/sites\/23\/2021\/11\/Skjermbilde-2021-11-09-153353.png\" alt=\"\" class=\"wp-image-352\" srcset=\"https:\/\/beta.bibliotekutvikling.no\/content\/uploads\/sites\/23\/2021\/11\/Skjermbilde-2021-11-09-153353.png 605w, https:\/\/beta.bibliotekutvikling.no\/content\/uploads\/sites\/23\/2021\/11\/Skjermbilde-2021-11-09-153353-300x95.png 300w\" sizes=\"auto, (max-width: 605px) 100vw, 605px\" \/><figcaption class=\"wp-element-caption\"><a href=\"https:\/\/eur03.safelinks.protection.outlook.com\/?url=https%3A%2F%2Fbibliotekutvikling.no%2Fkompetansebank%2Fcontent-resource%2Fkulturfondstafetten%2F&amp;data=05%7C01%7Ckristo%40trondelagfylke.no%7Cdb5b18013798467cb6c008dbf26211b9%7Cb6334d0113b94531a3a6532e479d9a1a%7C0%7C0%7C638370275244368155%7CUnknown%7CTWFpbGZsb3d8eyJWIjoiMC4wLjAwMDAiLCJQIjoiV2luMzIiLCJBTiI6Ik1haWwiLCJXVCI6Mn0%3D%7C3000%7C%7C%7C&amp;sdata=3qkviq0uTX1FkkP0%2FQ6XeU0dRaIwZJsbshZsHm1HDQI%3D&amp;reserved=0\">https:\/\/bibliotekutvikling.no\/kompetansebank\/content-resource\/kulturfondstafetten\/<\/a><\/figcaption><\/figure>\n\n\n\n<p>Kulturfondstafetten er et av satsingsomr\u00e5dene i prosjektet &laquo;Formidlingskompetanse i folkebibliotek&raquo; (FiF). <\/p>\n\n\n\n<p>Kulturfondstafetten vil gj\u00f8re det mulig \u00e5 holde seg oppdatert p\u00e5 nye kulturfondb\u00f8ker, samtidig som den gir bibliotekansatte en \u00f8vingsarena for digital formidling.<\/p>\n\n\n\n<p>Vi anbefaler at det organiseres fellesvisninger p\u00e5 personalm\u00f8ter gjennom \u00e5ret.<\/p>\n\n\n\n<p>Det vil legges ut presentasjoner fra flere fylker utover \u00e5ret. Fylkene g\u00e5r i gang etter hvert som det sendes ut flere puljer med kulturfondb\u00f8ker til bibliotekene. Rogaland, Innlandet, M\u00f8re og Romsdal, Vestfold og Telemark, Viken, Agder og Vestland skal alle ta del i kulturfondstafetten med hver sin etappe. Har du lyst til \u00e5 bidra, ta kontakt med fylkesbibliotekene! <\/p>\n\n\n\n<figure class=\"wp-block-image size-large is-style-default\"><img loading=\"lazy\" decoding=\"async\" width=\"1024\" height=\"768\" src=\"https:\/\/bibliotekutvikling.no\/content\/uploads\/sites\/23\/2021\/11\/Skjermdump_kulturfondstafetten-1024x768.png\" alt=\"\" class=\"wp-image-359\" srcset=\"https:\/\/beta.bibliotekutvikling.no\/content\/uploads\/sites\/23\/2021\/11\/Skjermdump_kulturfondstafetten-1024x768.png 1024w, https:\/\/beta.bibliotekutvikling.no\/content\/uploads\/sites\/23\/2021\/11\/Skjermdump_kulturfondstafetten-300x225.png 300w, https:\/\/beta.bibliotekutvikling.no\/content\/uploads\/sites\/23\/2021\/11\/Skjermdump_kulturfondstafetten-768x576.png 768w, https:\/\/beta.bibliotekutvikling.no\/content\/uploads\/sites\/23\/2021\/11\/Skjermdump_kulturfondstafetten.png 1248w\" sizes=\"auto, (max-width: 1024px) 100vw, 1024px\" \/><\/figure>\n\n\n\n<figure class=\"wp-block-image size-large is-style-default\"><img loading=\"lazy\" decoding=\"async\" width=\"1024\" height=\"64\" src=\"https:\/\/bibliotekutvikling.no\/content\/uploads\/sites\/23\/2022\/03\/Bunnlinje@Svart-1024x64.png\" alt=\"\" class=\"wp-image-416\" srcset=\"https:\/\/beta.bibliotekutvikling.no\/content\/uploads\/sites\/23\/2022\/03\/Bunnlinje@Svart-1024x64.png 1024w, https:\/\/beta.bibliotekutvikling.no\/content\/uploads\/sites\/23\/2022\/03\/Bunnlinje@Svart-300x19.png 300w, https:\/\/beta.bibliotekutvikling.no\/content\/uploads\/sites\/23\/2022\/03\/Bunnlinje@Svart-768x48.png 768w, https:\/\/beta.bibliotekutvikling.no\/content\/uploads\/sites\/23\/2022\/03\/Bunnlinje@Svart-1536x96.png 1536w, https:\/\/beta.bibliotekutvikling.no\/content\/uploads\/sites\/23\/2022\/03\/Bunnlinje@Svart-2048x128.png 2048w\" sizes=\"auto, (max-width: 1024px) 100vw, 1024px\" \/><\/figure>\n","protected":false},"excerpt":{"rendered":"<p>Modell for organisering og samarbeid om videoformidling av kulturfondb\u00f8ker.<\/p>\n","protected":false},"author":5060,"featured_media":475,"parent":0,"menu_order":5,"comment_status":"closed","ping_status":"closed","template":"","meta":{"_relevanssi_hide_post":"","_relevanssi_hide_content":"","_relevanssi_pin_for_all":"","_relevanssi_pin_keywords":"","_relevanssi_unpin_keywords":"","_relevanssi_related_keywords":"","_relevanssi_related_include_ids":"","_relevanssi_related_exclude_ids":"","_relevanssi_related_no_append":"","_relevanssi_related_not_related":"","_relevanssi_related_posts":"1,14","_relevanssi_noindex_reason":"","nb_hide_title":false,"sub_navigation_option":"","sub_navigation_custom_items":null,"footnotes":""},"class_list":["post-346","page","type-page","status-publish","has-post-thumbnail","hentry"],"yoast_head":"<!-- This site is optimized with the Yoast SEO Premium plugin v27.1 (Yoast SEO v27.1.1) - https:\/\/yoast.com\/product\/yoast-seo-premium-wordpress\/ -->\n<title>Kulturfondstafetten - Bibliotekutvikling | Formidlingskompetanse i folkebibliotek<\/title>\n<meta name=\"robots\" content=\"index, follow, max-snippet:-1, max-image-preview:large, max-video-preview:-1\" \/>\n<link rel=\"canonical\" href=\"https:\/\/beta.bibliotekutvikling.no\/formidlingskompetanse\/kulturfondstafetten\/\" \/>\n<meta property=\"og:locale\" content=\"nb_NO\" \/>\n<meta property=\"og:type\" content=\"article\" \/>\n<meta property=\"og:title\" content=\"Kulturfondstafetten\" \/>\n<meta property=\"og:description\" content=\"Modell for organisering og samarbeid om videoformidling av kulturfondb\u00f8ker.\" \/>\n<meta property=\"og:url\" content=\"https:\/\/beta.bibliotekutvikling.no\/formidlingskompetanse\/kulturfondstafetten\/\" \/>\n<meta property=\"og:site_name\" content=\"Bibliotekutvikling | Formidlingskompetanse i folkebibliotek\" \/>\n<meta property=\"article:modified_time\" content=\"2024-02-20T13:15:01+00:00\" \/>\n<meta property=\"og:image\" content=\"https:\/\/beta.bibliotekutvikling.no\/content\/uploads\/sites\/23\/2022\/04\/Kulturfondstafetten.png\" \/>\n\t<meta property=\"og:image:width\" content=\"384\" \/>\n\t<meta property=\"og:image:height\" content=\"219\" \/>\n\t<meta property=\"og:image:type\" content=\"image\/png\" \/>\n<meta name=\"twitter:card\" content=\"summary_large_image\" \/>\n<meta name=\"twitter:label1\" content=\"Ansl. lesetid\" \/>\n\t<meta name=\"twitter:data1\" content=\"2 minutter\" \/>\n<script type=\"application\/ld+json\" class=\"yoast-schema-graph\">{\"@context\":\"https:\/\/schema.org\",\"@graph\":[{\"@type\":\"WebPage\",\"@id\":\"https:\/\/beta.bibliotekutvikling.no\/formidlingskompetanse\/kulturfondstafetten\/\",\"url\":\"https:\/\/beta.bibliotekutvikling.no\/formidlingskompetanse\/kulturfondstafetten\/\",\"name\":\"Kulturfondstafetten - Bibliotekutvikling | Formidlingskompetanse i folkebibliotek\",\"isPartOf\":{\"@id\":\"https:\/\/beta.bibliotekutvikling.no\/formidlingskompetanse\/#website\"},\"primaryImageOfPage\":{\"@id\":\"https:\/\/beta.bibliotekutvikling.no\/formidlingskompetanse\/kulturfondstafetten\/#primaryimage\"},\"image\":{\"@id\":\"https:\/\/beta.bibliotekutvikling.no\/formidlingskompetanse\/kulturfondstafetten\/#primaryimage\"},\"thumbnailUrl\":\"https:\/\/beta.bibliotekutvikling.no\/content\/uploads\/sites\/23\/2022\/04\/Kulturfondstafetten.png\",\"datePublished\":\"2021-11-09T14:44:47+00:00\",\"dateModified\":\"2024-02-20T13:15:01+00:00\",\"breadcrumb\":{\"@id\":\"https:\/\/beta.bibliotekutvikling.no\/formidlingskompetanse\/kulturfondstafetten\/#breadcrumb\"},\"inLanguage\":\"nb-NO\",\"potentialAction\":[{\"@type\":\"ReadAction\",\"target\":[\"https:\/\/beta.bibliotekutvikling.no\/formidlingskompetanse\/kulturfondstafetten\/\"]}]},{\"@type\":\"ImageObject\",\"inLanguage\":\"nb-NO\",\"@id\":\"https:\/\/beta.bibliotekutvikling.no\/formidlingskompetanse\/kulturfondstafetten\/#primaryimage\",\"url\":\"https:\/\/beta.bibliotekutvikling.no\/content\/uploads\/sites\/23\/2022\/04\/Kulturfondstafetten.png\",\"contentUrl\":\"https:\/\/beta.bibliotekutvikling.no\/content\/uploads\/sites\/23\/2022\/04\/Kulturfondstafetten.png\",\"width\":384,\"height\":219,\"caption\":\"Logo kulturfondstafetten\"},{\"@type\":\"BreadcrumbList\",\"@id\":\"https:\/\/beta.bibliotekutvikling.no\/formidlingskompetanse\/kulturfondstafetten\/#breadcrumb\",\"itemListElement\":[{\"@type\":\"ListItem\",\"position\":1,\"name\":\"Hjem\",\"item\":\"https:\/\/beta.bibliotekutvikling.no\/formidlingskompetanse\/\"},{\"@type\":\"ListItem\",\"position\":2,\"name\":\"Kulturfondstafetten\"}]},{\"@type\":\"WebSite\",\"@id\":\"https:\/\/beta.bibliotekutvikling.no\/formidlingskompetanse\/#website\",\"url\":\"https:\/\/beta.bibliotekutvikling.no\/formidlingskompetanse\/\",\"name\":\"Bibliotekutvikling | Formidlingskompetanse i folkebibliotek\",\"description\":\"\",\"publisher\":{\"@id\":\"https:\/\/beta.bibliotekutvikling.no\/formidlingskompetanse\/#organization\"},\"potentialAction\":[{\"@type\":\"SearchAction\",\"target\":{\"@type\":\"EntryPoint\",\"urlTemplate\":\"https:\/\/beta.bibliotekutvikling.no\/formidlingskompetanse\/?s={search_term_string}\"},\"query-input\":{\"@type\":\"PropertyValueSpecification\",\"valueRequired\":true,\"valueName\":\"search_term_string\"}}],\"inLanguage\":\"nb-NO\"},{\"@type\":\"Organization\",\"@id\":\"https:\/\/beta.bibliotekutvikling.no\/formidlingskompetanse\/#organization\",\"name\":\"Bibliotekutvikling | Formidlingskompetanse i folkebibliotek\",\"url\":\"https:\/\/beta.bibliotekutvikling.no\/formidlingskompetanse\/\",\"logo\":{\"@type\":\"ImageObject\",\"inLanguage\":\"nb-NO\",\"@id\":\"https:\/\/beta.bibliotekutvikling.no\/formidlingskompetanse\/#\/schema\/logo\/image\/\",\"url\":\"https:\/\/beta.bibliotekutvikling.no\/content\/uploads\/sites\/23\/2022\/03\/cropped-Asset-3.png\",\"contentUrl\":\"https:\/\/beta.bibliotekutvikling.no\/content\/uploads\/sites\/23\/2022\/03\/cropped-Asset-3.png\",\"width\":1015,\"height\":604,\"caption\":\"Bibliotekutvikling | Formidlingskompetanse i folkebibliotek\"},\"image\":{\"@id\":\"https:\/\/beta.bibliotekutvikling.no\/formidlingskompetanse\/#\/schema\/logo\/image\/\"}}]}<\/script>\n<!-- \/ Yoast SEO Premium plugin. -->","yoast_head_json":{"title":"Kulturfondstafetten - Bibliotekutvikling | Formidlingskompetanse i folkebibliotek","robots":{"index":"index","follow":"follow","max-snippet":"max-snippet:-1","max-image-preview":"max-image-preview:large","max-video-preview":"max-video-preview:-1"},"canonical":"https:\/\/beta.bibliotekutvikling.no\/formidlingskompetanse\/kulturfondstafetten\/","og_locale":"nb_NO","og_type":"article","og_title":"Kulturfondstafetten","og_description":"Modell for organisering og samarbeid om videoformidling av kulturfondb\u00f8ker.","og_url":"https:\/\/beta.bibliotekutvikling.no\/formidlingskompetanse\/kulturfondstafetten\/","og_site_name":"Bibliotekutvikling | Formidlingskompetanse i folkebibliotek","article_modified_time":"2024-02-20T13:15:01+00:00","og_image":[{"width":384,"height":219,"url":"https:\/\/beta.bibliotekutvikling.no\/content\/uploads\/sites\/23\/2022\/04\/Kulturfondstafetten.png","type":"image\/png"}],"twitter_card":"summary_large_image","twitter_misc":{"Ansl. lesetid":"2 minutter"},"schema":{"@context":"https:\/\/schema.org","@graph":[{"@type":"WebPage","@id":"https:\/\/beta.bibliotekutvikling.no\/formidlingskompetanse\/kulturfondstafetten\/","url":"https:\/\/beta.bibliotekutvikling.no\/formidlingskompetanse\/kulturfondstafetten\/","name":"Kulturfondstafetten - Bibliotekutvikling | Formidlingskompetanse i folkebibliotek","isPartOf":{"@id":"https:\/\/beta.bibliotekutvikling.no\/formidlingskompetanse\/#website"},"primaryImageOfPage":{"@id":"https:\/\/beta.bibliotekutvikling.no\/formidlingskompetanse\/kulturfondstafetten\/#primaryimage"},"image":{"@id":"https:\/\/beta.bibliotekutvikling.no\/formidlingskompetanse\/kulturfondstafetten\/#primaryimage"},"thumbnailUrl":"https:\/\/beta.bibliotekutvikling.no\/content\/uploads\/sites\/23\/2022\/04\/Kulturfondstafetten.png","datePublished":"2021-11-09T14:44:47+00:00","dateModified":"2024-02-20T13:15:01+00:00","breadcrumb":{"@id":"https:\/\/beta.bibliotekutvikling.no\/formidlingskompetanse\/kulturfondstafetten\/#breadcrumb"},"inLanguage":"nb-NO","potentialAction":[{"@type":"ReadAction","target":["https:\/\/beta.bibliotekutvikling.no\/formidlingskompetanse\/kulturfondstafetten\/"]}]},{"@type":"ImageObject","inLanguage":"nb-NO","@id":"https:\/\/beta.bibliotekutvikling.no\/formidlingskompetanse\/kulturfondstafetten\/#primaryimage","url":"https:\/\/beta.bibliotekutvikling.no\/content\/uploads\/sites\/23\/2022\/04\/Kulturfondstafetten.png","contentUrl":"https:\/\/beta.bibliotekutvikling.no\/content\/uploads\/sites\/23\/2022\/04\/Kulturfondstafetten.png","width":384,"height":219,"caption":"Logo kulturfondstafetten"},{"@type":"BreadcrumbList","@id":"https:\/\/beta.bibliotekutvikling.no\/formidlingskompetanse\/kulturfondstafetten\/#breadcrumb","itemListElement":[{"@type":"ListItem","position":1,"name":"Hjem","item":"https:\/\/beta.bibliotekutvikling.no\/formidlingskompetanse\/"},{"@type":"ListItem","position":2,"name":"Kulturfondstafetten"}]},{"@type":"WebSite","@id":"https:\/\/beta.bibliotekutvikling.no\/formidlingskompetanse\/#website","url":"https:\/\/beta.bibliotekutvikling.no\/formidlingskompetanse\/","name":"Bibliotekutvikling | Formidlingskompetanse i folkebibliotek","description":"","publisher":{"@id":"https:\/\/beta.bibliotekutvikling.no\/formidlingskompetanse\/#organization"},"potentialAction":[{"@type":"SearchAction","target":{"@type":"EntryPoint","urlTemplate":"https:\/\/beta.bibliotekutvikling.no\/formidlingskompetanse\/?s={search_term_string}"},"query-input":{"@type":"PropertyValueSpecification","valueRequired":true,"valueName":"search_term_string"}}],"inLanguage":"nb-NO"},{"@type":"Organization","@id":"https:\/\/beta.bibliotekutvikling.no\/formidlingskompetanse\/#organization","name":"Bibliotekutvikling | Formidlingskompetanse i folkebibliotek","url":"https:\/\/beta.bibliotekutvikling.no\/formidlingskompetanse\/","logo":{"@type":"ImageObject","inLanguage":"nb-NO","@id":"https:\/\/beta.bibliotekutvikling.no\/formidlingskompetanse\/#\/schema\/logo\/image\/","url":"https:\/\/beta.bibliotekutvikling.no\/content\/uploads\/sites\/23\/2022\/03\/cropped-Asset-3.png","contentUrl":"https:\/\/beta.bibliotekutvikling.no\/content\/uploads\/sites\/23\/2022\/03\/cropped-Asset-3.png","width":1015,"height":604,"caption":"Bibliotekutvikling | Formidlingskompetanse i folkebibliotek"},"image":{"@id":"https:\/\/beta.bibliotekutvikling.no\/formidlingskompetanse\/#\/schema\/logo\/image\/"}}]}},"_links":{"self":[{"href":"https:\/\/beta.bibliotekutvikling.no\/formidlingskompetanse\/wp-json\/wp\/v2\/pages\/346","targetHints":{"allow":["GET"]}}],"collection":[{"href":"https:\/\/beta.bibliotekutvikling.no\/formidlingskompetanse\/wp-json\/wp\/v2\/pages"}],"about":[{"href":"https:\/\/beta.bibliotekutvikling.no\/formidlingskompetanse\/wp-json\/wp\/v2\/types\/page"}],"author":[{"embeddable":true,"href":"https:\/\/beta.bibliotekutvikling.no\/formidlingskompetanse\/wp-json\/wp\/v2\/users\/5060"}],"replies":[{"embeddable":true,"href":"https:\/\/beta.bibliotekutvikling.no\/formidlingskompetanse\/wp-json\/wp\/v2\/comments?post=346"}],"version-history":[{"count":4,"href":"https:\/\/beta.bibliotekutvikling.no\/formidlingskompetanse\/wp-json\/wp\/v2\/pages\/346\/revisions"}],"predecessor-version":[{"id":1286,"href":"https:\/\/beta.bibliotekutvikling.no\/formidlingskompetanse\/wp-json\/wp\/v2\/pages\/346\/revisions\/1286"}],"wp:featuredmedia":[{"embeddable":true,"href":"https:\/\/beta.bibliotekutvikling.no\/formidlingskompetanse\/wp-json\/wp\/v2\/media\/475"}],"wp:attachment":[{"href":"https:\/\/beta.bibliotekutvikling.no\/formidlingskompetanse\/wp-json\/wp\/v2\/media?parent=346"}],"curies":[{"name":"wp","href":"https:\/\/api.w.org\/{rel}","templated":true}]}}