{"id":397,"date":"2022-02-17T13:29:40","date_gmt":"2022-02-17T12:29:40","guid":{"rendered":"https:\/\/bibliotekutvikling.no\/formidlingskompetanse\/?page_id=397"},"modified":"2024-09-27T11:07:47","modified_gmt":"2024-09-27T09:07:47","slug":"digitalt-pafyll-for-bibliotekansatte","status":"publish","type":"page","link":"https:\/\/beta.bibliotekutvikling.no\/formidlingskompetanse\/formidlingskompetanse-i-bibliotek\/digitalt-pafyll-for-bibliotekansatte\/","title":{"rendered":"Digitalt p\u00e5fyll for bibliotekansatte"},"content":{"rendered":"\n<p>Digitalt p\u00e5fyll er en serie med korte faglig kurs, orienteringer og inspirasjon for bibliotekansatte. Alle kan melde seg p\u00e5 og delta helt gratis fra pc eller mobil. Tidspunktet er annenhver torsdag kl. 9:00-9:45.<\/p>\n\n\n\n<p>Agder fylkesbiblioteket har utviklet konseptet som er tatt videre i prosjektet Formidlingskompetanse i folkebibliotek (FiF) som et tilbud til bibliotek i hele landet! Agder st\u00e5r fortsatt som redakt\u00f8r for tilbudet, og tar imot \u00f8nsker og innspill om innhold. <a href=\"https:\/\/agderfk.no\/Kalender\/CalendarEvents.aspx?MId1=7&amp;soketekst=digitalt+p%C3%A5fyll&amp;OrderBy=ByDateAscending&amp;CategoryID=59&amp;Period=NextYear\"><strong>Mer informasjon hos Agder fylkesbibliotek<\/strong><\/a><\/p>\n\n\n\n\t\t<div class=\"t2-factbox wp-block-t2-factbox\" id=\"t2-factbox\">\n\t\t\t<div class=\"t2-factbox__content\">\n\t\t\t\t<div class=\"t2-factbox__blocks t2-factbox__inner-container is-layout-flow\">\n\t\t\t\t\t\n\n<p><a href=\"https:\/\/bibliotekutvikling.no\/kompetansebank\/innhold\/?_content_types=content-video\">Opptak av tidligere digitale p\u00e5fyll finner du i Kompetansebanken. De blir lagt ut fortl\u00f8pende<\/a><\/p>\n\n\n\t\t\t\t<\/div>\n\t\t\t\t\n\t\t\t<\/div>\n\t\t\t\n\t\t<\/div>\n\n\n<p>P\u00e5melding gir deg tilgang til sendinga via link i e-post. Dersom du er p\u00e5meldt f\u00e5r du ogs\u00e5 tilsendt lenke med tilgang p\u00e5 opptak selv om du ikke f\u00e5r sett sendinga direkte.<\/p>\n\n\n\n\t\t<div class=\"t2-factbox wp-block-t2-factbox\" id=\"t2-factbox-1\">\n\t\t\t<div class=\"t2-factbox__content\">\n\t\t\t\t<div class=\"t2-factbox__blocks t2-factbox__inner-container is-layout-flow\">\n\t\t\t\t\t\n\n<p><a href=\"https:\/\/bibliotekutvikling.no\/kompetansebank\/event-group\/digitalt-pafyll\/\">Oversikt over kommende digitale p\u00e5fyll p\u00e5 Kompetansebanken<\/a><\/p>\n\n\n\t\t\t\t<\/div>\n\t\t\t\t\n\t\t\t<\/div>\n\t\t\t\n\t\t<\/div>\n\n\n<p><\/p>\n\n\n\n<p><\/p>\n\n\n\n<figure class=\"wp-block-image size-large is-resized is-style-default\"><img loading=\"lazy\" decoding=\"async\" width=\"1024\" height=\"64\" src=\"https:\/\/bibliotekutvikling.no\/content\/uploads\/sites\/23\/2022\/03\/Bunnlinje@Svart-1024x64.png\" alt=\"\" class=\"wp-image-416\" style=\"width:606px;height:37px\" srcset=\"https:\/\/beta.bibliotekutvikling.no\/content\/uploads\/sites\/23\/2022\/03\/Bunnlinje@Svart-1024x64.png 1024w, https:\/\/beta.bibliotekutvikling.no\/content\/uploads\/sites\/23\/2022\/03\/Bunnlinje@Svart-300x19.png 300w, https:\/\/beta.bibliotekutvikling.no\/content\/uploads\/sites\/23\/2022\/03\/Bunnlinje@Svart-768x48.png 768w, https:\/\/beta.bibliotekutvikling.no\/content\/uploads\/sites\/23\/2022\/03\/Bunnlinje@Svart-1536x96.png 1536w, https:\/\/beta.bibliotekutvikling.no\/content\/uploads\/sites\/23\/2022\/03\/Bunnlinje@Svart-2048x128.png 2048w\" sizes=\"auto, (max-width: 1024px) 100vw, 1024px\" \/><\/figure>\n","protected":false},"excerpt":{"rendered":"<p>Digitalt p\u00e5fyll tilbyr  korte faglige program hver 14. dag for bibliotek i hele landet. <\/p>\n","protected":false},"author":5162,"featured_media":557,"parent":6,"menu_order":0,"comment_status":"closed","ping_status":"closed","template":"","meta":{"_relevanssi_hide_post":"","_relevanssi_hide_content":"","_relevanssi_pin_for_all":"","_relevanssi_pin_keywords":"","_relevanssi_unpin_keywords":"","_relevanssi_related_keywords":"","_relevanssi_related_include_ids":"","_relevanssi_related_exclude_ids":"","_relevanssi_related_no_append":"","_relevanssi_related_not_related":"","_relevanssi_related_posts":"1,14","_relevanssi_noindex_reason":"","nb_hide_title":false,"sub_navigation_option":"","sub_navigation_custom_items":null,"footnotes":""},"class_list":["post-397","page","type-page","status-publish","has-post-thumbnail","hentry"],"yoast_head":"<!-- This site is optimized with the Yoast SEO Premium plugin v27.1 (Yoast SEO v27.1.1) - https:\/\/yoast.com\/product\/yoast-seo-premium-wordpress\/ -->\n<title>Digitalt p\u00e5fyll for bibliotekansatte - Bibliotekutvikling | Formidlingskompetanse i folkebibliotek<\/title>\n<meta name=\"robots\" content=\"index, follow, max-snippet:-1, max-image-preview:large, max-video-preview:-1\" \/>\n<link rel=\"canonical\" href=\"https:\/\/beta.bibliotekutvikling.no\/formidlingskompetanse\/formidlingskompetanse-i-bibliotek\/digitalt-pafyll-for-bibliotekansatte\/\" \/>\n<meta property=\"og:locale\" content=\"nb_NO\" \/>\n<meta property=\"og:type\" content=\"article\" \/>\n<meta property=\"og:title\" content=\"Digitalt p\u00e5fyll for bibliotekansatte\" \/>\n<meta property=\"og:description\" content=\"Digitalt p\u00e5fyll tilbyr korte faglige program hver 14. dag for bibliotek i hele landet.\" \/>\n<meta property=\"og:url\" content=\"https:\/\/beta.bibliotekutvikling.no\/formidlingskompetanse\/formidlingskompetanse-i-bibliotek\/digitalt-pafyll-for-bibliotekansatte\/\" \/>\n<meta property=\"og:site_name\" content=\"Bibliotekutvikling | Formidlingskompetanse i folkebibliotek\" \/>\n<meta property=\"article:modified_time\" content=\"2024-09-27T09:07:47+00:00\" \/>\n<meta property=\"og:image\" content=\"https:\/\/beta.bibliotekutvikling.no\/content\/uploads\/sites\/23\/2022\/08\/Uten-navn.png\" \/>\n\t<meta property=\"og:image:width\" content=\"840\" \/>\n\t<meta property=\"og:image:height\" content=\"458\" \/>\n\t<meta property=\"og:image:type\" content=\"image\/png\" \/>\n<meta name=\"twitter:card\" content=\"summary_large_image\" \/>\n<meta name=\"twitter:label1\" content=\"Ansl. lesetid\" \/>\n\t<meta name=\"twitter:data1\" content=\"2 minutter\" \/>\n<script type=\"application\/ld+json\" class=\"yoast-schema-graph\">{\"@context\":\"https:\/\/schema.org\",\"@graph\":[{\"@type\":\"WebPage\",\"@id\":\"https:\/\/beta.bibliotekutvikling.no\/formidlingskompetanse\/formidlingskompetanse-i-bibliotek\/digitalt-pafyll-for-bibliotekansatte\/\",\"url\":\"https:\/\/beta.bibliotekutvikling.no\/formidlingskompetanse\/formidlingskompetanse-i-bibliotek\/digitalt-pafyll-for-bibliotekansatte\/\",\"name\":\"Digitalt p\u00e5fyll for bibliotekansatte - Bibliotekutvikling | Formidlingskompetanse i folkebibliotek\",\"isPartOf\":{\"@id\":\"https:\/\/beta.bibliotekutvikling.no\/formidlingskompetanse\/#website\"},\"primaryImageOfPage\":{\"@id\":\"https:\/\/beta.bibliotekutvikling.no\/formidlingskompetanse\/formidlingskompetanse-i-bibliotek\/digitalt-pafyll-for-bibliotekansatte\/#primaryimage\"},\"image\":{\"@id\":\"https:\/\/beta.bibliotekutvikling.no\/formidlingskompetanse\/formidlingskompetanse-i-bibliotek\/digitalt-pafyll-for-bibliotekansatte\/#primaryimage\"},\"thumbnailUrl\":\"https:\/\/beta.bibliotekutvikling.no\/content\/uploads\/sites\/23\/2022\/08\/Uten-navn.png\",\"datePublished\":\"2022-02-17T12:29:40+00:00\",\"dateModified\":\"2024-09-27T09:07:47+00:00\",\"breadcrumb\":{\"@id\":\"https:\/\/beta.bibliotekutvikling.no\/formidlingskompetanse\/formidlingskompetanse-i-bibliotek\/digitalt-pafyll-for-bibliotekansatte\/#breadcrumb\"},\"inLanguage\":\"nb-NO\",\"potentialAction\":[{\"@type\":\"ReadAction\",\"target\":[\"https:\/\/beta.bibliotekutvikling.no\/formidlingskompetanse\/formidlingskompetanse-i-bibliotek\/digitalt-pafyll-for-bibliotekansatte\/\"]}]},{\"@type\":\"ImageObject\",\"inLanguage\":\"nb-NO\",\"@id\":\"https:\/\/beta.bibliotekutvikling.no\/formidlingskompetanse\/formidlingskompetanse-i-bibliotek\/digitalt-pafyll-for-bibliotekansatte\/#primaryimage\",\"url\":\"https:\/\/beta.bibliotekutvikling.no\/content\/uploads\/sites\/23\/2022\/08\/Uten-navn.png\",\"contentUrl\":\"https:\/\/beta.bibliotekutvikling.no\/content\/uploads\/sites\/23\/2022\/08\/Uten-navn.png\",\"width\":840,\"height\":458},{\"@type\":\"BreadcrumbList\",\"@id\":\"https:\/\/beta.bibliotekutvikling.no\/formidlingskompetanse\/formidlingskompetanse-i-bibliotek\/digitalt-pafyll-for-bibliotekansatte\/#breadcrumb\",\"itemListElement\":[{\"@type\":\"ListItem\",\"position\":1,\"name\":\"Hjem\",\"item\":\"https:\/\/beta.bibliotekutvikling.no\/formidlingskompetanse\/\"},{\"@type\":\"ListItem\",\"position\":2,\"name\":\"Formidlingskompetanse i folkebibliotek(FiF)\",\"item\":\"https:\/\/beta.bibliotekutvikling.no\/formidlingskompetanse\/\"},{\"@type\":\"ListItem\",\"position\":3,\"name\":\"Digitalt p\u00e5fyll for bibliotekansatte\"}]},{\"@type\":\"WebSite\",\"@id\":\"https:\/\/beta.bibliotekutvikling.no\/formidlingskompetanse\/#website\",\"url\":\"https:\/\/beta.bibliotekutvikling.no\/formidlingskompetanse\/\",\"name\":\"Bibliotekutvikling | Formidlingskompetanse i folkebibliotek\",\"description\":\"\",\"publisher\":{\"@id\":\"https:\/\/beta.bibliotekutvikling.no\/formidlingskompetanse\/#organization\"},\"potentialAction\":[{\"@type\":\"SearchAction\",\"target\":{\"@type\":\"EntryPoint\",\"urlTemplate\":\"https:\/\/beta.bibliotekutvikling.no\/formidlingskompetanse\/?s={search_term_string}\"},\"query-input\":{\"@type\":\"PropertyValueSpecification\",\"valueRequired\":true,\"valueName\":\"search_term_string\"}}],\"inLanguage\":\"nb-NO\"},{\"@type\":\"Organization\",\"@id\":\"https:\/\/beta.bibliotekutvikling.no\/formidlingskompetanse\/#organization\",\"name\":\"Bibliotekutvikling | Formidlingskompetanse i folkebibliotek\",\"url\":\"https:\/\/beta.bibliotekutvikling.no\/formidlingskompetanse\/\",\"logo\":{\"@type\":\"ImageObject\",\"inLanguage\":\"nb-NO\",\"@id\":\"https:\/\/beta.bibliotekutvikling.no\/formidlingskompetanse\/#\/schema\/logo\/image\/\",\"url\":\"https:\/\/beta.bibliotekutvikling.no\/content\/uploads\/sites\/23\/2022\/03\/cropped-Asset-3.png\",\"contentUrl\":\"https:\/\/beta.bibliotekutvikling.no\/content\/uploads\/sites\/23\/2022\/03\/cropped-Asset-3.png\",\"width\":1015,\"height\":604,\"caption\":\"Bibliotekutvikling | Formidlingskompetanse i folkebibliotek\"},\"image\":{\"@id\":\"https:\/\/beta.bibliotekutvikling.no\/formidlingskompetanse\/#\/schema\/logo\/image\/\"}}]}<\/script>\n<!-- \/ Yoast SEO Premium plugin. -->","yoast_head_json":{"title":"Digitalt p\u00e5fyll for bibliotekansatte - Bibliotekutvikling | Formidlingskompetanse i folkebibliotek","robots":{"index":"index","follow":"follow","max-snippet":"max-snippet:-1","max-image-preview":"max-image-preview:large","max-video-preview":"max-video-preview:-1"},"canonical":"https:\/\/beta.bibliotekutvikling.no\/formidlingskompetanse\/formidlingskompetanse-i-bibliotek\/digitalt-pafyll-for-bibliotekansatte\/","og_locale":"nb_NO","og_type":"article","og_title":"Digitalt p\u00e5fyll for bibliotekansatte","og_description":"Digitalt p\u00e5fyll tilbyr korte faglige program hver 14. dag for bibliotek i hele landet.","og_url":"https:\/\/beta.bibliotekutvikling.no\/formidlingskompetanse\/formidlingskompetanse-i-bibliotek\/digitalt-pafyll-for-bibliotekansatte\/","og_site_name":"Bibliotekutvikling | Formidlingskompetanse i folkebibliotek","article_modified_time":"2024-09-27T09:07:47+00:00","og_image":[{"width":840,"height":458,"url":"https:\/\/beta.bibliotekutvikling.no\/content\/uploads\/sites\/23\/2022\/08\/Uten-navn.png","type":"image\/png"}],"twitter_card":"summary_large_image","twitter_misc":{"Ansl. lesetid":"2 minutter"},"schema":{"@context":"https:\/\/schema.org","@graph":[{"@type":"WebPage","@id":"https:\/\/beta.bibliotekutvikling.no\/formidlingskompetanse\/formidlingskompetanse-i-bibliotek\/digitalt-pafyll-for-bibliotekansatte\/","url":"https:\/\/beta.bibliotekutvikling.no\/formidlingskompetanse\/formidlingskompetanse-i-bibliotek\/digitalt-pafyll-for-bibliotekansatte\/","name":"Digitalt p\u00e5fyll for bibliotekansatte - Bibliotekutvikling | Formidlingskompetanse i folkebibliotek","isPartOf":{"@id":"https:\/\/beta.bibliotekutvikling.no\/formidlingskompetanse\/#website"},"primaryImageOfPage":{"@id":"https:\/\/beta.bibliotekutvikling.no\/formidlingskompetanse\/formidlingskompetanse-i-bibliotek\/digitalt-pafyll-for-bibliotekansatte\/#primaryimage"},"image":{"@id":"https:\/\/beta.bibliotekutvikling.no\/formidlingskompetanse\/formidlingskompetanse-i-bibliotek\/digitalt-pafyll-for-bibliotekansatte\/#primaryimage"},"thumbnailUrl":"https:\/\/beta.bibliotekutvikling.no\/content\/uploads\/sites\/23\/2022\/08\/Uten-navn.png","datePublished":"2022-02-17T12:29:40+00:00","dateModified":"2024-09-27T09:07:47+00:00","breadcrumb":{"@id":"https:\/\/beta.bibliotekutvikling.no\/formidlingskompetanse\/formidlingskompetanse-i-bibliotek\/digitalt-pafyll-for-bibliotekansatte\/#breadcrumb"},"inLanguage":"nb-NO","potentialAction":[{"@type":"ReadAction","target":["https:\/\/beta.bibliotekutvikling.no\/formidlingskompetanse\/formidlingskompetanse-i-bibliotek\/digitalt-pafyll-for-bibliotekansatte\/"]}]},{"@type":"ImageObject","inLanguage":"nb-NO","@id":"https:\/\/beta.bibliotekutvikling.no\/formidlingskompetanse\/formidlingskompetanse-i-bibliotek\/digitalt-pafyll-for-bibliotekansatte\/#primaryimage","url":"https:\/\/beta.bibliotekutvikling.no\/content\/uploads\/sites\/23\/2022\/08\/Uten-navn.png","contentUrl":"https:\/\/beta.bibliotekutvikling.no\/content\/uploads\/sites\/23\/2022\/08\/Uten-navn.png","width":840,"height":458},{"@type":"BreadcrumbList","@id":"https:\/\/beta.bibliotekutvikling.no\/formidlingskompetanse\/formidlingskompetanse-i-bibliotek\/digitalt-pafyll-for-bibliotekansatte\/#breadcrumb","itemListElement":[{"@type":"ListItem","position":1,"name":"Hjem","item":"https:\/\/beta.bibliotekutvikling.no\/formidlingskompetanse\/"},{"@type":"ListItem","position":2,"name":"Formidlingskompetanse i folkebibliotek(FiF)","item":"https:\/\/beta.bibliotekutvikling.no\/formidlingskompetanse\/"},{"@type":"ListItem","position":3,"name":"Digitalt p\u00e5fyll for bibliotekansatte"}]},{"@type":"WebSite","@id":"https:\/\/beta.bibliotekutvikling.no\/formidlingskompetanse\/#website","url":"https:\/\/beta.bibliotekutvikling.no\/formidlingskompetanse\/","name":"Bibliotekutvikling | Formidlingskompetanse i folkebibliotek","description":"","publisher":{"@id":"https:\/\/beta.bibliotekutvikling.no\/formidlingskompetanse\/#organization"},"potentialAction":[{"@type":"SearchAction","target":{"@type":"EntryPoint","urlTemplate":"https:\/\/beta.bibliotekutvikling.no\/formidlingskompetanse\/?s={search_term_string}"},"query-input":{"@type":"PropertyValueSpecification","valueRequired":true,"valueName":"search_term_string"}}],"inLanguage":"nb-NO"},{"@type":"Organization","@id":"https:\/\/beta.bibliotekutvikling.no\/formidlingskompetanse\/#organization","name":"Bibliotekutvikling | Formidlingskompetanse i folkebibliotek","url":"https:\/\/beta.bibliotekutvikling.no\/formidlingskompetanse\/","logo":{"@type":"ImageObject","inLanguage":"nb-NO","@id":"https:\/\/beta.bibliotekutvikling.no\/formidlingskompetanse\/#\/schema\/logo\/image\/","url":"https:\/\/beta.bibliotekutvikling.no\/content\/uploads\/sites\/23\/2022\/03\/cropped-Asset-3.png","contentUrl":"https:\/\/beta.bibliotekutvikling.no\/content\/uploads\/sites\/23\/2022\/03\/cropped-Asset-3.png","width":1015,"height":604,"caption":"Bibliotekutvikling | Formidlingskompetanse i folkebibliotek"},"image":{"@id":"https:\/\/beta.bibliotekutvikling.no\/formidlingskompetanse\/#\/schema\/logo\/image\/"}}]}},"_links":{"self":[{"href":"https:\/\/beta.bibliotekutvikling.no\/formidlingskompetanse\/wp-json\/wp\/v2\/pages\/397","targetHints":{"allow":["GET"]}}],"collection":[{"href":"https:\/\/beta.bibliotekutvikling.no\/formidlingskompetanse\/wp-json\/wp\/v2\/pages"}],"about":[{"href":"https:\/\/beta.bibliotekutvikling.no\/formidlingskompetanse\/wp-json\/wp\/v2\/types\/page"}],"author":[{"embeddable":true,"href":"https:\/\/beta.bibliotekutvikling.no\/formidlingskompetanse\/wp-json\/wp\/v2\/users\/5162"}],"replies":[{"embeddable":true,"href":"https:\/\/beta.bibliotekutvikling.no\/formidlingskompetanse\/wp-json\/wp\/v2\/comments?post=397"}],"version-history":[{"count":5,"href":"https:\/\/beta.bibliotekutvikling.no\/formidlingskompetanse\/wp-json\/wp\/v2\/pages\/397\/revisions"}],"predecessor-version":[{"id":1404,"href":"https:\/\/beta.bibliotekutvikling.no\/formidlingskompetanse\/wp-json\/wp\/v2\/pages\/397\/revisions\/1404"}],"up":[{"embeddable":true,"href":"https:\/\/beta.bibliotekutvikling.no\/formidlingskompetanse\/wp-json\/wp\/v2\/pages\/6"}],"wp:featuredmedia":[{"embeddable":true,"href":"https:\/\/beta.bibliotekutvikling.no\/formidlingskompetanse\/wp-json\/wp\/v2\/media\/557"}],"wp:attachment":[{"href":"https:\/\/beta.bibliotekutvikling.no\/formidlingskompetanse\/wp-json\/wp\/v2\/media?parent=397"}],"curies":[{"name":"wp","href":"https:\/\/api.w.org\/{rel}","templated":true}]}}