{"id":479,"date":"2022-04-28T11:02:08","date_gmt":"2022-04-28T09:02:08","guid":{"rendered":"https:\/\/bibliotekutvikling.no\/formidlingskompetanse\/?page_id=479"},"modified":"2024-09-13T11:47:50","modified_gmt":"2024-09-13T09:47:50","slug":"folkebiblioteket-som-kunnskapsaktor","status":"publish","type":"page","link":"https:\/\/beta.bibliotekutvikling.no\/formidlingskompetanse\/folkebiblioteket-som-kunnskapsaktor\/","title":{"rendered":"Folkebiblioteket som kunnskapsakt\u00f8r"},"content":{"rendered":"\n<div class=\"wp-block-buttons is-layout-flex wp-block-buttons-is-layout-flex\">\n<div class=\"wp-block-button\"><a class=\"wp-block-button__link wp-element-button\" href=\"https:\/\/bibliotekutvikling.no\/kompetansebank\/content-resource\/kunnskapsaktor-kursloyper-og-teksthefte\/\">Se kursl\u00f8yper og teksthefte i Kompetansebanken<\/a><\/div>\n<\/div>\n\n\n\n<p>I prosjektet <em>Formidlingskompetanse i folkebibliotek<\/em> (FiF) m\u00f8ter vi sentrale samfunnsutfordringer med satsingsomr\u00e5det \u00abkunnskapsakt\u00f8r\u00bb. Det handler om hvordan folkebibliotek jobber med og formidler referansearbeid, kildekritikk, informasjonss\u00f8king og kildekunnskaper. Rett og slett informasjonskompetanse. <\/p>\n\n\n\n<p>Satsingsomr\u00e5det er inspirert av prosjektene <em>Folkebibliotek som kunnskapsakt\u00f8r <\/em>og <em>Folkebibliotek som kunnskapsakt\u00f8r 2.0 <\/em>i Troms og Finnmark, og prosjektet <em>Morgendagens veileder<\/em> som ble gjennomf\u00f8rt av T\u00f8nsberg og F\u00e6rder bibliotek.&nbsp;&nbsp;<\/p>\n\n\n\n<h2 class=\"wp-block-heading\" id=\"h-hvorfor-kunnskapsaktor-nbsp\">Hvorfor \u00abkunnskapsakt\u00f8r\u00bb?&nbsp;<\/h2>\n\n\n\n<p>V\u00e5r sp\u00f8rreunders\u00f8kelse viste at bare 37% av folkebibliotekansatte er trygg i sin rolle som kunnskapsformidler, og at bare 39 % har trygghet i \u00e5 veilede brukere i s\u00f8k etter de riktige kildene. Dette er behov Fif-prosjektet \u00f8nsker \u00e5 komme i m\u00f8te.  <\/p>\n\n\n\n<blockquote class=\"wp-block-quote is-layout-flow wp-block-quote-is-layout-flow\"><div class=\"wp-block-t2-icon is-layout-flex wp-block-icon-is-layout-flex\"><svg xmlns=\"http:\/\/www.w3.org\/2000\/svg\" viewBox=\"0 0 32 32\" height=\"24\" width=\"24\" class=\"t2-icon t2-icon-quote\" aria-hidden=\"true\" focusable=\"false\"><path d=\"M28.5868 4L30 5.41176C28.4101 7.35294 23.1104 13.1765 23.1104 16.4412C23.1104 18.1176 28.6751 18.4706 28.6751 23.7647C28.6751 25.3529 27.7918 28 24.5237 28C20.9905 28 18.7823 25.0882 18.7823 20.5C18.7823 14.3235 24.5237 7.79412 28.5868 4ZM11.8044 4L13.2177 5.41176C11.6278 7.35294 6.32808 13.1765 6.32808 16.4412C6.32808 18.1176 11.8927 18.4706 11.8927 23.7647C11.8927 25.3529 11.0095 28 7.74132 28C4.2082 28 2 25.0882 2 20.5C2 14.3235 7.74132 7.79412 11.8044 4Z\" fill=\"currentColor\" \/><\/svg><\/div>\n<p>&laquo;\u00c5 sp\u00f8rre om vi trenger bibliotekene n\u00e5 som det finnes s\u00e5 mye informasjon avdekker omtrent samme innsikt som \u00e5 sp\u00f8rre om man trenger veikart n\u00e5 som det er blitt s\u00e5 forferdelig mange veier.&raquo;<\/p>\n<cite><em>Jon Bing<\/em><\/cite><\/blockquote>\n\n\n\n<p>Vi er omgitt av enorme mengder informasjon, og bibliotekene har en unik posisjon i samfunnet til \u00e5 legge til rette for at innbyggerne ikke bare finner et svar, men finner god og trygg informasjon. Bibliotekstrategien sier at bibliotekene er demokratihus, og vi i Fif-prosjektet ser at en viktig del av dette er \u00e5 ta enda mer grep om rollen som kunnskapsakt\u00f8r.&nbsp;&nbsp;<\/p>\n\n\n\n<h2 class=\"wp-block-heading\">Tiltak<\/h2>\n\n\n\n<h3 class=\"wp-block-heading\">Seminardager<\/h3>\n\n\n\n<p>FiF-prosjektet startet kunnskapsakt\u00f8r-satsingen med \u00e5 oppfordre alle fylkesbibliotekene til \u00e5 arrangere kunnskapsakt\u00f8rdager som m\u00f8ter behov i sine folkebibliotek.&nbsp;Det ble gjennomf\u00f8rt seminarer over hele landet, med tema som kildekritikk og rollen som kunnskapsakt\u00f8r.&nbsp;<\/p>\n\n\n\n<h3 class=\"wp-block-heading\">Kursl\u00f8yper&nbsp;og fagtekster<\/h3>\n\n\n\n<p>For \u00e5 hjelpe fylkesbibliotekene til \u00e5 \u00abrestarte\u00bb satsinger p\u00e5 kunnskapsakt\u00f8rrollen, ble det laget to hefter. Dette ble gjort med innspill og r\u00e5dgivning fra en ressursgruppe best\u00e5ende av ansatte i ulike typer folkebibliotek, universitetsbibliotek og fylkesbibliotek. <br><strong>Ressursgruppen i 2022:<\/strong><\/p>\n\n\n\n<ul class=\"wp-block-list\">\n<li>Margrethe Haslund, Nordreisa bibliotek<\/li>\n\n\n\n<li>Siri Vikse, Haugesund folkebibliotek<\/li>\n\n\n\n<li>Anett Kolstad, Str\u00f8mmen bibliotek, Lillestr\u00f8mbibliotekene<\/li>\n\n\n\n<li>Astrid Kilvik, NTNU<\/li>\n\n\n\n<li>Mariann L\u00f8kse, UiT Norges arktiske universitet<\/li>\n\n\n\n<li>Ingrid Ericson, Tr\u00f8ndelag fylkesbibliotek<\/li>\n<\/ul>\n\n\n\n<p><a href=\"https:\/\/bibliotekutvikling.no\/content\/uploads\/sites\/24\/2024\/09\/Kursloyper_v4-sept24.pdf\">Det f\u00f8rste heftet best\u00e5r av ulike kursl\u00f8yper<\/a> som fylkesbibliotekene kan kj\u00f8re i sine omr\u00e5der, ut i fra lokale behov og \u00f8nsker.<\/p>\n\n\n\n<p><a href=\"https:\/\/bibliotekutvikling.no\/content\/uploads\/sites\/23\/2023\/01\/Teksthefte_jan23.pdf\">Det andre heftet brukes i kursl\u00f8ypene, og best\u00e5r av fagtekster med refleksjonssp\u00f8rsm\u00e5l og eksempler fra praksis.<\/a><\/p>\n\n\n\n<p>I tillegg til ressursgruppen er det mange som har bidratt med alt fra tips til eksisterende kurs og retningslinjer, skriving, eksempler og korrekturlesing. Til alle dere: Tusen takk for hjelpen!<\/p>\n\n\n\n<p>Materialet ligger \u00e5pent tilgjengelig, og kan selvsagt benyttes av alle som \u00f8nsker det. Med dette materialet \u00f8nsket vi \u00e5 gi fylkesbibliotekene verkt\u00f8y som var relevant og lett \u00e5 ta i bruk.<\/p>\n\n\n\n<h3 class=\"wp-block-heading\">B\u00e6rekraftsbiblioteket&nbsp;&nbsp;<\/h3>\n\n\n\n<p>Kunnskapsformidling om klima og b\u00e6rekraft for barn og unge er viktig \u00e5 lykkes med \u2013 b\u00e5de for foreldre, skoler, bibliotek og resten av samfunnet. B\u00e6rekraftsbiblioteket er b\u00e5de et opplegg for formidling og aktivitet, og samling av litteratur og ulike kilder til kunnskap. M\u00e5let er \u00e5 engasjere barna, og styrke deres tro p\u00e5 seg selv som samfunnsakt\u00f8rer. Det er FN-sambandet, Norsk barnebokinstitutt og et stort partnerskap som st\u00e5r bak realiseringen av B\u00e6rekraftsbiblioteket, som er den norske versjonen av FNs\u202fSustainable\u202fDevelopment\u202fGoals Book Club. Det\u202fbest\u00e5r av barnelitter\u00e6re\u202fboklister med aktiviteter til alle 17\u202fb\u00e6rekraftsm\u00e5lene, og tilbyr deltakerne en litter\u00e6r og samtalebasert forst\u00e5else av verdens felles arbeidsplan. FiF \u00f8nsker \u00e5 bidra til \u00e5 fremme B\u00e6rekraftsbiblioteket som del av kunnskapsakt\u00f8rsatsingen, og har tatt initiativ til utvikling av nettkurs som publiseres p\u00e5 Bibliotekutvikling.no.&nbsp;Det er Malin Kvam ved Tr\u00f8ndelag fylkesbibliotek som utvikler nettkurset i samarbeid med FN-sambandet og Norsk barnebokinstitutt.<\/p>\n\n\n\n<h2 class=\"wp-block-heading\"><strong>Kontakt<\/strong><\/h2>\n\n\n\n<p>Koordinator for satsingsomr\u00e5de kunnskapsakt\u00f8r: <a href=\"mailto:mona.fonnes@tffk.no\">Mona Fonnes, Troms og Finnmark fylkesbibliotek<\/a><\/p>\n\n\n\n<p>Prosjektledelsen i FiF best\u00e5r av<br>prosjektleder <a href=\"mailto:kristo@trondelagfylke.no\">Kristin Storvig<\/a>, <a href=\"mailto:kristo@trondelagfylke.no\">Tr\u00f8ndelag fylkesbibliotek<\/a> <br>og prosjektr\u00e5dgiver <a href=\"mailto:Siv.Merethe.Hatlem@vlfk.no\">Siv Merethe Hatlem, Vestland fylkesbibliotek<\/a><\/p>\n","protected":false},"excerpt":{"rendered":"<p>Kursmateriale laget for \u00e5 ta nytt grep om bibliotekets rolle som kunnskapsakt\u00f8rer og for jevnlig kompetanseheving.<\/p>\n","protected":false},"author":2578,"featured_media":122,"parent":0,"menu_order":0,"comment_status":"closed","ping_status":"closed","template":"","meta":{"_relevanssi_hide_post":"","_relevanssi_hide_content":"","_relevanssi_pin_for_all":"","_relevanssi_pin_keywords":"","_relevanssi_unpin_keywords":"","_relevanssi_related_keywords":"","_relevanssi_related_include_ids":"","_relevanssi_related_exclude_ids":"","_relevanssi_related_no_append":"","_relevanssi_related_not_related":"","_relevanssi_related_posts":"1,14","_relevanssi_noindex_reason":"","nb_hide_title":false,"sub_navigation_option":"","sub_navigation_custom_items":null,"footnotes":""},"class_list":["post-479","page","type-page","status-publish","has-post-thumbnail","hentry"],"yoast_head":"<!-- This site is optimized with the Yoast SEO Premium plugin v27.1 (Yoast SEO v27.1.1) - https:\/\/yoast.com\/product\/yoast-seo-premium-wordpress\/ -->\n<title>Folkebiblioteket som kunnskapsakt\u00f8r - Bibliotekutvikling | Formidlingskompetanse i folkebibliotek<\/title>\n<meta name=\"robots\" content=\"index, follow, max-snippet:-1, max-image-preview:large, max-video-preview:-1\" \/>\n<link rel=\"canonical\" href=\"https:\/\/beta.bibliotekutvikling.no\/formidlingskompetanse\/folkebiblioteket-som-kunnskapsaktor\/\" \/>\n<meta property=\"og:locale\" content=\"nb_NO\" \/>\n<meta property=\"og:type\" content=\"article\" \/>\n<meta property=\"og:title\" content=\"Folkebiblioteket som kunnskapsakt\u00f8r\" \/>\n<meta property=\"og:description\" content=\"Kursmateriale laget for \u00e5 ta nytt grep om bibliotekets rolle som kunnskapsakt\u00f8rer og for jevnlig kompetanseheving.\" \/>\n<meta property=\"og:url\" content=\"https:\/\/beta.bibliotekutvikling.no\/formidlingskompetanse\/folkebiblioteket-som-kunnskapsaktor\/\" \/>\n<meta property=\"og:site_name\" content=\"Bibliotekutvikling | Formidlingskompetanse i folkebibliotek\" \/>\n<meta property=\"article:modified_time\" content=\"2024-09-13T09:47:50+00:00\" \/>\n<meta property=\"og:image\" content=\"https:\/\/beta.bibliotekutvikling.no\/content\/uploads\/sites\/23\/2021\/06\/Photo-by-fran-innocenti-on-Unsplash-scaled.jpg\" \/>\n\t<meta property=\"og:image:width\" content=\"2560\" \/>\n\t<meta property=\"og:image:height\" content=\"1711\" \/>\n\t<meta property=\"og:image:type\" content=\"image\/jpeg\" \/>\n<meta name=\"twitter:card\" content=\"summary_large_image\" \/>\n<meta name=\"twitter:label1\" content=\"Ansl. lesetid\" \/>\n\t<meta name=\"twitter:data1\" content=\"4 minutter\" \/>\n<script type=\"application\/ld+json\" class=\"yoast-schema-graph\">{\"@context\":\"https:\/\/schema.org\",\"@graph\":[{\"@type\":\"WebPage\",\"@id\":\"https:\/\/beta.bibliotekutvikling.no\/formidlingskompetanse\/folkebiblioteket-som-kunnskapsaktor\/\",\"url\":\"https:\/\/beta.bibliotekutvikling.no\/formidlingskompetanse\/folkebiblioteket-som-kunnskapsaktor\/\",\"name\":\"Folkebiblioteket som kunnskapsakt\u00f8r - Bibliotekutvikling | Formidlingskompetanse i folkebibliotek\",\"isPartOf\":{\"@id\":\"https:\/\/beta.bibliotekutvikling.no\/formidlingskompetanse\/#website\"},\"primaryImageOfPage\":{\"@id\":\"https:\/\/beta.bibliotekutvikling.no\/formidlingskompetanse\/folkebiblioteket-som-kunnskapsaktor\/#primaryimage\"},\"image\":{\"@id\":\"https:\/\/beta.bibliotekutvikling.no\/formidlingskompetanse\/folkebiblioteket-som-kunnskapsaktor\/#primaryimage\"},\"thumbnailUrl\":\"https:\/\/beta.bibliotekutvikling.no\/content\/uploads\/sites\/23\/2021\/06\/Photo-by-fran-innocenti-on-Unsplash-scaled.jpg\",\"datePublished\":\"2022-04-28T09:02:08+00:00\",\"dateModified\":\"2024-09-13T09:47:50+00:00\",\"breadcrumb\":{\"@id\":\"https:\/\/beta.bibliotekutvikling.no\/formidlingskompetanse\/folkebiblioteket-som-kunnskapsaktor\/#breadcrumb\"},\"inLanguage\":\"nb-NO\",\"potentialAction\":[{\"@type\":\"ReadAction\",\"target\":[\"https:\/\/beta.bibliotekutvikling.no\/formidlingskompetanse\/folkebiblioteket-som-kunnskapsaktor\/\"]}]},{\"@type\":\"ImageObject\",\"inLanguage\":\"nb-NO\",\"@id\":\"https:\/\/beta.bibliotekutvikling.no\/formidlingskompetanse\/folkebiblioteket-som-kunnskapsaktor\/#primaryimage\",\"url\":\"https:\/\/beta.bibliotekutvikling.no\/content\/uploads\/sites\/23\/2021\/06\/Photo-by-fran-innocenti-on-Unsplash-scaled.jpg\",\"contentUrl\":\"https:\/\/beta.bibliotekutvikling.no\/content\/uploads\/sites\/23\/2021\/06\/Photo-by-fran-innocenti-on-Unsplash-scaled.jpg\",\"width\":2560,\"height\":1711},{\"@type\":\"BreadcrumbList\",\"@id\":\"https:\/\/beta.bibliotekutvikling.no\/formidlingskompetanse\/folkebiblioteket-som-kunnskapsaktor\/#breadcrumb\",\"itemListElement\":[{\"@type\":\"ListItem\",\"position\":1,\"name\":\"Hjem\",\"item\":\"https:\/\/beta.bibliotekutvikling.no\/formidlingskompetanse\/\"},{\"@type\":\"ListItem\",\"position\":2,\"name\":\"Folkebiblioteket som kunnskapsakt\u00f8r\"}]},{\"@type\":\"WebSite\",\"@id\":\"https:\/\/beta.bibliotekutvikling.no\/formidlingskompetanse\/#website\",\"url\":\"https:\/\/beta.bibliotekutvikling.no\/formidlingskompetanse\/\",\"name\":\"Bibliotekutvikling | Formidlingskompetanse i folkebibliotek\",\"description\":\"\",\"publisher\":{\"@id\":\"https:\/\/beta.bibliotekutvikling.no\/formidlingskompetanse\/#organization\"},\"potentialAction\":[{\"@type\":\"SearchAction\",\"target\":{\"@type\":\"EntryPoint\",\"urlTemplate\":\"https:\/\/beta.bibliotekutvikling.no\/formidlingskompetanse\/?s={search_term_string}\"},\"query-input\":{\"@type\":\"PropertyValueSpecification\",\"valueRequired\":true,\"valueName\":\"search_term_string\"}}],\"inLanguage\":\"nb-NO\"},{\"@type\":\"Organization\",\"@id\":\"https:\/\/beta.bibliotekutvikling.no\/formidlingskompetanse\/#organization\",\"name\":\"Bibliotekutvikling | Formidlingskompetanse i folkebibliotek\",\"url\":\"https:\/\/beta.bibliotekutvikling.no\/formidlingskompetanse\/\",\"logo\":{\"@type\":\"ImageObject\",\"inLanguage\":\"nb-NO\",\"@id\":\"https:\/\/beta.bibliotekutvikling.no\/formidlingskompetanse\/#\/schema\/logo\/image\/\",\"url\":\"https:\/\/beta.bibliotekutvikling.no\/content\/uploads\/sites\/23\/2022\/03\/cropped-Asset-3.png\",\"contentUrl\":\"https:\/\/beta.bibliotekutvikling.no\/content\/uploads\/sites\/23\/2022\/03\/cropped-Asset-3.png\",\"width\":1015,\"height\":604,\"caption\":\"Bibliotekutvikling | Formidlingskompetanse i folkebibliotek\"},\"image\":{\"@id\":\"https:\/\/beta.bibliotekutvikling.no\/formidlingskompetanse\/#\/schema\/logo\/image\/\"}}]}<\/script>\n<!-- \/ Yoast SEO Premium plugin. -->","yoast_head_json":{"title":"Folkebiblioteket som kunnskapsakt\u00f8r - Bibliotekutvikling | Formidlingskompetanse i folkebibliotek","robots":{"index":"index","follow":"follow","max-snippet":"max-snippet:-1","max-image-preview":"max-image-preview:large","max-video-preview":"max-video-preview:-1"},"canonical":"https:\/\/beta.bibliotekutvikling.no\/formidlingskompetanse\/folkebiblioteket-som-kunnskapsaktor\/","og_locale":"nb_NO","og_type":"article","og_title":"Folkebiblioteket som kunnskapsakt\u00f8r","og_description":"Kursmateriale laget for \u00e5 ta nytt grep om bibliotekets rolle som kunnskapsakt\u00f8rer og for jevnlig kompetanseheving.","og_url":"https:\/\/beta.bibliotekutvikling.no\/formidlingskompetanse\/folkebiblioteket-som-kunnskapsaktor\/","og_site_name":"Bibliotekutvikling | Formidlingskompetanse i folkebibliotek","article_modified_time":"2024-09-13T09:47:50+00:00","og_image":[{"width":2560,"height":1711,"url":"https:\/\/beta.bibliotekutvikling.no\/content\/uploads\/sites\/23\/2021\/06\/Photo-by-fran-innocenti-on-Unsplash-scaled.jpg","type":"image\/jpeg"}],"twitter_card":"summary_large_image","twitter_misc":{"Ansl. lesetid":"4 minutter"},"schema":{"@context":"https:\/\/schema.org","@graph":[{"@type":"WebPage","@id":"https:\/\/beta.bibliotekutvikling.no\/formidlingskompetanse\/folkebiblioteket-som-kunnskapsaktor\/","url":"https:\/\/beta.bibliotekutvikling.no\/formidlingskompetanse\/folkebiblioteket-som-kunnskapsaktor\/","name":"Folkebiblioteket som kunnskapsakt\u00f8r - Bibliotekutvikling | Formidlingskompetanse i folkebibliotek","isPartOf":{"@id":"https:\/\/beta.bibliotekutvikling.no\/formidlingskompetanse\/#website"},"primaryImageOfPage":{"@id":"https:\/\/beta.bibliotekutvikling.no\/formidlingskompetanse\/folkebiblioteket-som-kunnskapsaktor\/#primaryimage"},"image":{"@id":"https:\/\/beta.bibliotekutvikling.no\/formidlingskompetanse\/folkebiblioteket-som-kunnskapsaktor\/#primaryimage"},"thumbnailUrl":"https:\/\/beta.bibliotekutvikling.no\/content\/uploads\/sites\/23\/2021\/06\/Photo-by-fran-innocenti-on-Unsplash-scaled.jpg","datePublished":"2022-04-28T09:02:08+00:00","dateModified":"2024-09-13T09:47:50+00:00","breadcrumb":{"@id":"https:\/\/beta.bibliotekutvikling.no\/formidlingskompetanse\/folkebiblioteket-som-kunnskapsaktor\/#breadcrumb"},"inLanguage":"nb-NO","potentialAction":[{"@type":"ReadAction","target":["https:\/\/beta.bibliotekutvikling.no\/formidlingskompetanse\/folkebiblioteket-som-kunnskapsaktor\/"]}]},{"@type":"ImageObject","inLanguage":"nb-NO","@id":"https:\/\/beta.bibliotekutvikling.no\/formidlingskompetanse\/folkebiblioteket-som-kunnskapsaktor\/#primaryimage","url":"https:\/\/beta.bibliotekutvikling.no\/content\/uploads\/sites\/23\/2021\/06\/Photo-by-fran-innocenti-on-Unsplash-scaled.jpg","contentUrl":"https:\/\/beta.bibliotekutvikling.no\/content\/uploads\/sites\/23\/2021\/06\/Photo-by-fran-innocenti-on-Unsplash-scaled.jpg","width":2560,"height":1711},{"@type":"BreadcrumbList","@id":"https:\/\/beta.bibliotekutvikling.no\/formidlingskompetanse\/folkebiblioteket-som-kunnskapsaktor\/#breadcrumb","itemListElement":[{"@type":"ListItem","position":1,"name":"Hjem","item":"https:\/\/beta.bibliotekutvikling.no\/formidlingskompetanse\/"},{"@type":"ListItem","position":2,"name":"Folkebiblioteket som kunnskapsakt\u00f8r"}]},{"@type":"WebSite","@id":"https:\/\/beta.bibliotekutvikling.no\/formidlingskompetanse\/#website","url":"https:\/\/beta.bibliotekutvikling.no\/formidlingskompetanse\/","name":"Bibliotekutvikling | Formidlingskompetanse i folkebibliotek","description":"","publisher":{"@id":"https:\/\/beta.bibliotekutvikling.no\/formidlingskompetanse\/#organization"},"potentialAction":[{"@type":"SearchAction","target":{"@type":"EntryPoint","urlTemplate":"https:\/\/beta.bibliotekutvikling.no\/formidlingskompetanse\/?s={search_term_string}"},"query-input":{"@type":"PropertyValueSpecification","valueRequired":true,"valueName":"search_term_string"}}],"inLanguage":"nb-NO"},{"@type":"Organization","@id":"https:\/\/beta.bibliotekutvikling.no\/formidlingskompetanse\/#organization","name":"Bibliotekutvikling | Formidlingskompetanse i folkebibliotek","url":"https:\/\/beta.bibliotekutvikling.no\/formidlingskompetanse\/","logo":{"@type":"ImageObject","inLanguage":"nb-NO","@id":"https:\/\/beta.bibliotekutvikling.no\/formidlingskompetanse\/#\/schema\/logo\/image\/","url":"https:\/\/beta.bibliotekutvikling.no\/content\/uploads\/sites\/23\/2022\/03\/cropped-Asset-3.png","contentUrl":"https:\/\/beta.bibliotekutvikling.no\/content\/uploads\/sites\/23\/2022\/03\/cropped-Asset-3.png","width":1015,"height":604,"caption":"Bibliotekutvikling | Formidlingskompetanse i folkebibliotek"},"image":{"@id":"https:\/\/beta.bibliotekutvikling.no\/formidlingskompetanse\/#\/schema\/logo\/image\/"}}]}},"_links":{"self":[{"href":"https:\/\/beta.bibliotekutvikling.no\/formidlingskompetanse\/wp-json\/wp\/v2\/pages\/479","targetHints":{"allow":["GET"]}}],"collection":[{"href":"https:\/\/beta.bibliotekutvikling.no\/formidlingskompetanse\/wp-json\/wp\/v2\/pages"}],"about":[{"href":"https:\/\/beta.bibliotekutvikling.no\/formidlingskompetanse\/wp-json\/wp\/v2\/types\/page"}],"author":[{"embeddable":true,"href":"https:\/\/beta.bibliotekutvikling.no\/formidlingskompetanse\/wp-json\/wp\/v2\/users\/2578"}],"replies":[{"embeddable":true,"href":"https:\/\/beta.bibliotekutvikling.no\/formidlingskompetanse\/wp-json\/wp\/v2\/comments?post=479"}],"version-history":[{"count":5,"href":"https:\/\/beta.bibliotekutvikling.no\/formidlingskompetanse\/wp-json\/wp\/v2\/pages\/479\/revisions"}],"predecessor-version":[{"id":1332,"href":"https:\/\/beta.bibliotekutvikling.no\/formidlingskompetanse\/wp-json\/wp\/v2\/pages\/479\/revisions\/1332"}],"wp:featuredmedia":[{"embeddable":true,"href":"https:\/\/beta.bibliotekutvikling.no\/formidlingskompetanse\/wp-json\/wp\/v2\/media\/122"}],"wp:attachment":[{"href":"https:\/\/beta.bibliotekutvikling.no\/formidlingskompetanse\/wp-json\/wp\/v2\/media?parent=479"}],"curies":[{"name":"wp","href":"https:\/\/api.w.org\/{rel}","templated":true}]}}