{"id":574,"date":"2022-09-07T16:36:15","date_gmt":"2022-09-07T14:36:15","guid":{"rendered":"https:\/\/bibliotekutvikling.no\/formidlingskompetanse\/?page_id=574"},"modified":"2023-09-15T10:19:53","modified_gmt":"2023-09-15T08:19:53","slug":"lesersorvis-for-dataspill","status":"publish","type":"page","link":"https:\/\/beta.bibliotekutvikling.no\/formidlingskompetanse\/lesersorvis-for-dataspill\/","title":{"rendered":"Bro mellom dataspill og bok med Lesers\u00f8rvis"},"content":{"rendered":"\n<p>B\u00f8ker og dataspill har mye til felles. Det betyr at dataspill kan v\u00e6re en god inngang for \u00e5 formidle b\u00f8ker eller andre medier til l\u00e5nerne v\u00e5re.&nbsp;&nbsp;<\/p>\n\n\n\n<p>Gjennom FiF er det n\u00e5 laget et hefte som forklarer hvordan appellfaktorene i Lesers\u00f8rvis ogs\u00e5 kan gjelde for dataspill, og hva du b\u00f8r v\u00e6re ekstra oppmerksom p\u00e5 n\u00e5r du snakker med en l\u00e5ner om dataspill og b\u00f8ker.&nbsp;Heftet er trykket og sendt ut til alle landets folkebibliotek.<\/p>\n\n\n\n<p>Det er ogs\u00e5 laget et sett med brosjyrer som inneholder bokforslag til de ulike spillene. Her er det brukt appellfaktorer for \u00e5 finne b\u00f8ker som kan interessere gameren. <\/p>\n\n\n\n<div class=\"wp-block-group has-global-padding is-layout-constrained wp-block-group-is-layout-constrained\">\n<figure class=\"wp-block-image alignright size-full is-resized is-style-default\"><img loading=\"lazy\" decoding=\"async\" src=\"https:\/\/bibliotekutvikling.no\/content\/uploads\/sites\/23\/2022\/09\/Levle-med-lesersorvis.png\" alt=\"\" class=\"wp-image-577\" style=\"width:271px;height:377px\" width=\"271\" height=\"377\" srcset=\"https:\/\/beta.bibliotekutvikling.no\/content\/uploads\/sites\/23\/2022\/09\/Levle-med-lesersorvis.png 673w, https:\/\/beta.bibliotekutvikling.no\/content\/uploads\/sites\/23\/2022\/09\/Levle-med-lesersorvis-215x300.png 215w\" sizes=\"auto, (max-width: 271px) 100vw, 271px\" \/><\/figure>\n<\/div>\n\n\n\n<p>Du finner heftet og brosjyrene p\u00e5&nbsp;<a href=\"http:\/\/www.lesersorvis.no\/\">www.lesersorvis.no<\/a>.\u202f\u202f&nbsp;<br><br>Skriv gjerne ut brosjyrene og del dem p\u00e5 ditt bibliotek.\u202fVi\u202f&nbsp;h\u00e5per heftet og brosjyrene blir tatt godt i mot og spres over hele landet! Lykke til med formidling av b\u00e5de spill og b\u00f8ker!<\/p>\n\n\n\n<p>Heftet og brosjyrene er skrevet av Karen Birgitte Borud fra Verdal folkebibliotek i samarbeid med Vestfold og Telemark fylkesbibliotek og Viken fylkesbibliotek. Layout og illustrasjoner er laget av Karine Dalene og Andreas Iversen. Heftet er en del av prosjektet Formidlingskompetanse i folkebibliotek, som er st\u00f8ttet av Nasjonalbiblioteket.\u202f&nbsp;<\/p>\n","protected":false},"excerpt":{"rendered":"<p>Hefte og brosjyrer som bruker appellfaktorer fra  lesersr\u00f8vismetoden og kobler sammen bok og spill. <\/p>\n","protected":false},"author":5162,"featured_media":577,"parent":0,"menu_order":0,"comment_status":"closed","ping_status":"closed","template":"single-post","meta":{"_relevanssi_hide_post":"","_relevanssi_hide_content":"","_relevanssi_pin_for_all":"","_relevanssi_pin_keywords":"","_relevanssi_unpin_keywords":"","_relevanssi_related_keywords":"","_relevanssi_related_include_ids":"","_relevanssi_related_exclude_ids":"","_relevanssi_related_no_append":"","_relevanssi_related_not_related":"","_relevanssi_related_posts":"14,1","_relevanssi_noindex_reason":"","nb_hide_title":false,"sub_navigation_option":"","sub_navigation_custom_items":null,"footnotes":""},"class_list":["post-574","page","type-page","status-publish","has-post-thumbnail","hentry"],"yoast_head":"<!-- This site is optimized with the Yoast SEO Premium plugin v27.1 (Yoast SEO v27.1.1) - https:\/\/yoast.com\/product\/yoast-seo-premium-wordpress\/ -->\n<title>Bro mellom dataspill og bok med Lesers\u00f8rvis - Bibliotekutvikling | Formidlingskompetanse i folkebibliotek<\/title>\n<meta name=\"robots\" content=\"index, follow, max-snippet:-1, max-image-preview:large, max-video-preview:-1\" \/>\n<link rel=\"canonical\" href=\"https:\/\/beta.bibliotekutvikling.no\/formidlingskompetanse\/lesersorvis-for-dataspill\/\" \/>\n<meta property=\"og:locale\" content=\"nb_NO\" \/>\n<meta property=\"og:type\" content=\"article\" \/>\n<meta property=\"og:title\" content=\"Bro mellom dataspill og bok med Lesers\u00f8rvis\" \/>\n<meta property=\"og:description\" content=\"Hefte og brosjyrer som bruker appellfaktorer fra lesersr\u00f8vismetoden og kobler sammen bok og spill.\" \/>\n<meta property=\"og:url\" content=\"https:\/\/beta.bibliotekutvikling.no\/formidlingskompetanse\/lesersorvis-for-dataspill\/\" \/>\n<meta property=\"og:site_name\" content=\"Bibliotekutvikling | Formidlingskompetanse i folkebibliotek\" \/>\n<meta property=\"article:modified_time\" content=\"2023-09-15T08:19:53+00:00\" \/>\n<meta property=\"og:image\" content=\"https:\/\/beta.bibliotekutvikling.no\/content\/uploads\/sites\/23\/2022\/09\/Levle-med-lesersorvis.png\" \/>\n\t<meta property=\"og:image:width\" content=\"673\" \/>\n\t<meta property=\"og:image:height\" content=\"939\" \/>\n\t<meta property=\"og:image:type\" content=\"image\/png\" \/>\n<meta name=\"twitter:card\" content=\"summary_large_image\" \/>\n<meta name=\"twitter:label1\" content=\"Ansl. lesetid\" \/>\n\t<meta name=\"twitter:data1\" content=\"2 minutter\" \/>\n<script type=\"application\/ld+json\" class=\"yoast-schema-graph\">{\"@context\":\"https:\/\/schema.org\",\"@graph\":[{\"@type\":\"WebPage\",\"@id\":\"https:\/\/beta.bibliotekutvikling.no\/formidlingskompetanse\/lesersorvis-for-dataspill\/\",\"url\":\"https:\/\/beta.bibliotekutvikling.no\/formidlingskompetanse\/lesersorvis-for-dataspill\/\",\"name\":\"Bro mellom dataspill og bok med Lesers\u00f8rvis - Bibliotekutvikling | Formidlingskompetanse i folkebibliotek\",\"isPartOf\":{\"@id\":\"https:\/\/beta.bibliotekutvikling.no\/formidlingskompetanse\/#website\"},\"primaryImageOfPage\":{\"@id\":\"https:\/\/beta.bibliotekutvikling.no\/formidlingskompetanse\/lesersorvis-for-dataspill\/#primaryimage\"},\"image\":{\"@id\":\"https:\/\/beta.bibliotekutvikling.no\/formidlingskompetanse\/lesersorvis-for-dataspill\/#primaryimage\"},\"thumbnailUrl\":\"https:\/\/beta.bibliotekutvikling.no\/content\/uploads\/sites\/23\/2022\/09\/Levle-med-lesersorvis.png\",\"datePublished\":\"2022-09-07T14:36:15+00:00\",\"dateModified\":\"2023-09-15T08:19:53+00:00\",\"breadcrumb\":{\"@id\":\"https:\/\/beta.bibliotekutvikling.no\/formidlingskompetanse\/lesersorvis-for-dataspill\/#breadcrumb\"},\"inLanguage\":\"nb-NO\",\"potentialAction\":[{\"@type\":\"ReadAction\",\"target\":[\"https:\/\/beta.bibliotekutvikling.no\/formidlingskompetanse\/lesersorvis-for-dataspill\/\"]}]},{\"@type\":\"ImageObject\",\"inLanguage\":\"nb-NO\",\"@id\":\"https:\/\/beta.bibliotekutvikling.no\/formidlingskompetanse\/lesersorvis-for-dataspill\/#primaryimage\",\"url\":\"https:\/\/beta.bibliotekutvikling.no\/content\/uploads\/sites\/23\/2022\/09\/Levle-med-lesersorvis.png\",\"contentUrl\":\"https:\/\/beta.bibliotekutvikling.no\/content\/uploads\/sites\/23\/2022\/09\/Levle-med-lesersorvis.png\",\"width\":673,\"height\":939},{\"@type\":\"BreadcrumbList\",\"@id\":\"https:\/\/beta.bibliotekutvikling.no\/formidlingskompetanse\/lesersorvis-for-dataspill\/#breadcrumb\",\"itemListElement\":[{\"@type\":\"ListItem\",\"position\":1,\"name\":\"Hjem\",\"item\":\"https:\/\/beta.bibliotekutvikling.no\/formidlingskompetanse\/\"},{\"@type\":\"ListItem\",\"position\":2,\"name\":\"Bro mellom dataspill og bok med Lesers\u00f8rvis\"}]},{\"@type\":\"WebSite\",\"@id\":\"https:\/\/beta.bibliotekutvikling.no\/formidlingskompetanse\/#website\",\"url\":\"https:\/\/beta.bibliotekutvikling.no\/formidlingskompetanse\/\",\"name\":\"Bibliotekutvikling | Formidlingskompetanse i folkebibliotek\",\"description\":\"\",\"publisher\":{\"@id\":\"https:\/\/beta.bibliotekutvikling.no\/formidlingskompetanse\/#organization\"},\"potentialAction\":[{\"@type\":\"SearchAction\",\"target\":{\"@type\":\"EntryPoint\",\"urlTemplate\":\"https:\/\/beta.bibliotekutvikling.no\/formidlingskompetanse\/?s={search_term_string}\"},\"query-input\":{\"@type\":\"PropertyValueSpecification\",\"valueRequired\":true,\"valueName\":\"search_term_string\"}}],\"inLanguage\":\"nb-NO\"},{\"@type\":\"Organization\",\"@id\":\"https:\/\/beta.bibliotekutvikling.no\/formidlingskompetanse\/#organization\",\"name\":\"Bibliotekutvikling | Formidlingskompetanse i folkebibliotek\",\"url\":\"https:\/\/beta.bibliotekutvikling.no\/formidlingskompetanse\/\",\"logo\":{\"@type\":\"ImageObject\",\"inLanguage\":\"nb-NO\",\"@id\":\"https:\/\/beta.bibliotekutvikling.no\/formidlingskompetanse\/#\/schema\/logo\/image\/\",\"url\":\"https:\/\/beta.bibliotekutvikling.no\/content\/uploads\/sites\/23\/2022\/03\/cropped-Asset-3.png\",\"contentUrl\":\"https:\/\/beta.bibliotekutvikling.no\/content\/uploads\/sites\/23\/2022\/03\/cropped-Asset-3.png\",\"width\":1015,\"height\":604,\"caption\":\"Bibliotekutvikling | Formidlingskompetanse i folkebibliotek\"},\"image\":{\"@id\":\"https:\/\/beta.bibliotekutvikling.no\/formidlingskompetanse\/#\/schema\/logo\/image\/\"}}]}<\/script>\n<!-- \/ Yoast SEO Premium plugin. -->","yoast_head_json":{"title":"Bro mellom dataspill og bok med Lesers\u00f8rvis - Bibliotekutvikling | Formidlingskompetanse i folkebibliotek","robots":{"index":"index","follow":"follow","max-snippet":"max-snippet:-1","max-image-preview":"max-image-preview:large","max-video-preview":"max-video-preview:-1"},"canonical":"https:\/\/beta.bibliotekutvikling.no\/formidlingskompetanse\/lesersorvis-for-dataspill\/","og_locale":"nb_NO","og_type":"article","og_title":"Bro mellom dataspill og bok med Lesers\u00f8rvis","og_description":"Hefte og brosjyrer som bruker appellfaktorer fra lesersr\u00f8vismetoden og kobler sammen bok og spill.","og_url":"https:\/\/beta.bibliotekutvikling.no\/formidlingskompetanse\/lesersorvis-for-dataspill\/","og_site_name":"Bibliotekutvikling | Formidlingskompetanse i folkebibliotek","article_modified_time":"2023-09-15T08:19:53+00:00","og_image":[{"width":673,"height":939,"url":"https:\/\/beta.bibliotekutvikling.no\/content\/uploads\/sites\/23\/2022\/09\/Levle-med-lesersorvis.png","type":"image\/png"}],"twitter_card":"summary_large_image","twitter_misc":{"Ansl. lesetid":"2 minutter"},"schema":{"@context":"https:\/\/schema.org","@graph":[{"@type":"WebPage","@id":"https:\/\/beta.bibliotekutvikling.no\/formidlingskompetanse\/lesersorvis-for-dataspill\/","url":"https:\/\/beta.bibliotekutvikling.no\/formidlingskompetanse\/lesersorvis-for-dataspill\/","name":"Bro mellom dataspill og bok med Lesers\u00f8rvis - Bibliotekutvikling | Formidlingskompetanse i folkebibliotek","isPartOf":{"@id":"https:\/\/beta.bibliotekutvikling.no\/formidlingskompetanse\/#website"},"primaryImageOfPage":{"@id":"https:\/\/beta.bibliotekutvikling.no\/formidlingskompetanse\/lesersorvis-for-dataspill\/#primaryimage"},"image":{"@id":"https:\/\/beta.bibliotekutvikling.no\/formidlingskompetanse\/lesersorvis-for-dataspill\/#primaryimage"},"thumbnailUrl":"https:\/\/beta.bibliotekutvikling.no\/content\/uploads\/sites\/23\/2022\/09\/Levle-med-lesersorvis.png","datePublished":"2022-09-07T14:36:15+00:00","dateModified":"2023-09-15T08:19:53+00:00","breadcrumb":{"@id":"https:\/\/beta.bibliotekutvikling.no\/formidlingskompetanse\/lesersorvis-for-dataspill\/#breadcrumb"},"inLanguage":"nb-NO","potentialAction":[{"@type":"ReadAction","target":["https:\/\/beta.bibliotekutvikling.no\/formidlingskompetanse\/lesersorvis-for-dataspill\/"]}]},{"@type":"ImageObject","inLanguage":"nb-NO","@id":"https:\/\/beta.bibliotekutvikling.no\/formidlingskompetanse\/lesersorvis-for-dataspill\/#primaryimage","url":"https:\/\/beta.bibliotekutvikling.no\/content\/uploads\/sites\/23\/2022\/09\/Levle-med-lesersorvis.png","contentUrl":"https:\/\/beta.bibliotekutvikling.no\/content\/uploads\/sites\/23\/2022\/09\/Levle-med-lesersorvis.png","width":673,"height":939},{"@type":"BreadcrumbList","@id":"https:\/\/beta.bibliotekutvikling.no\/formidlingskompetanse\/lesersorvis-for-dataspill\/#breadcrumb","itemListElement":[{"@type":"ListItem","position":1,"name":"Hjem","item":"https:\/\/beta.bibliotekutvikling.no\/formidlingskompetanse\/"},{"@type":"ListItem","position":2,"name":"Bro mellom dataspill og bok med Lesers\u00f8rvis"}]},{"@type":"WebSite","@id":"https:\/\/beta.bibliotekutvikling.no\/formidlingskompetanse\/#website","url":"https:\/\/beta.bibliotekutvikling.no\/formidlingskompetanse\/","name":"Bibliotekutvikling | Formidlingskompetanse i folkebibliotek","description":"","publisher":{"@id":"https:\/\/beta.bibliotekutvikling.no\/formidlingskompetanse\/#organization"},"potentialAction":[{"@type":"SearchAction","target":{"@type":"EntryPoint","urlTemplate":"https:\/\/beta.bibliotekutvikling.no\/formidlingskompetanse\/?s={search_term_string}"},"query-input":{"@type":"PropertyValueSpecification","valueRequired":true,"valueName":"search_term_string"}}],"inLanguage":"nb-NO"},{"@type":"Organization","@id":"https:\/\/beta.bibliotekutvikling.no\/formidlingskompetanse\/#organization","name":"Bibliotekutvikling | Formidlingskompetanse i folkebibliotek","url":"https:\/\/beta.bibliotekutvikling.no\/formidlingskompetanse\/","logo":{"@type":"ImageObject","inLanguage":"nb-NO","@id":"https:\/\/beta.bibliotekutvikling.no\/formidlingskompetanse\/#\/schema\/logo\/image\/","url":"https:\/\/beta.bibliotekutvikling.no\/content\/uploads\/sites\/23\/2022\/03\/cropped-Asset-3.png","contentUrl":"https:\/\/beta.bibliotekutvikling.no\/content\/uploads\/sites\/23\/2022\/03\/cropped-Asset-3.png","width":1015,"height":604,"caption":"Bibliotekutvikling | Formidlingskompetanse i folkebibliotek"},"image":{"@id":"https:\/\/beta.bibliotekutvikling.no\/formidlingskompetanse\/#\/schema\/logo\/image\/"}}]}},"_links":{"self":[{"href":"https:\/\/beta.bibliotekutvikling.no\/formidlingskompetanse\/wp-json\/wp\/v2\/pages\/574","targetHints":{"allow":["GET"]}}],"collection":[{"href":"https:\/\/beta.bibliotekutvikling.no\/formidlingskompetanse\/wp-json\/wp\/v2\/pages"}],"about":[{"href":"https:\/\/beta.bibliotekutvikling.no\/formidlingskompetanse\/wp-json\/wp\/v2\/types\/page"}],"author":[{"embeddable":true,"href":"https:\/\/beta.bibliotekutvikling.no\/formidlingskompetanse\/wp-json\/wp\/v2\/users\/5162"}],"replies":[{"embeddable":true,"href":"https:\/\/beta.bibliotekutvikling.no\/formidlingskompetanse\/wp-json\/wp\/v2\/comments?post=574"}],"version-history":[{"count":4,"href":"https:\/\/beta.bibliotekutvikling.no\/formidlingskompetanse\/wp-json\/wp\/v2\/pages\/574\/revisions"}],"predecessor-version":[{"id":1131,"href":"https:\/\/beta.bibliotekutvikling.no\/formidlingskompetanse\/wp-json\/wp\/v2\/pages\/574\/revisions\/1131"}],"wp:featuredmedia":[{"embeddable":true,"href":"https:\/\/beta.bibliotekutvikling.no\/formidlingskompetanse\/wp-json\/wp\/v2\/media\/577"}],"wp:attachment":[{"href":"https:\/\/beta.bibliotekutvikling.no\/formidlingskompetanse\/wp-json\/wp\/v2\/media?parent=574"}],"curies":[{"name":"wp","href":"https:\/\/api.w.org\/{rel}","templated":true}]}}