{"id":730,"date":"2023-01-27T09:23:01","date_gmt":"2023-01-27T08:23:01","guid":{"rendered":"https:\/\/bibliotekutvikling.no\/formidlingskompetanse\/?page_id=730"},"modified":"2023-09-15T08:32:26","modified_gmt":"2023-09-15T06:32:26","slug":"lesersorvis-til-barn","status":"publish","type":"page","link":"https:\/\/beta.bibliotekutvikling.no\/formidlingskompetanse\/lesersorvis-til-barn\/","title":{"rendered":"Lesers\u00f8rvis til barn"},"content":{"rendered":"\n<p><strong>Lesers\u00f8rvis er en metodisk tiln\u00e6rming til leseveiledning i bibliotek<\/strong>. I 2022 ble h\u00e5ndboka Lesers\u00f8rvis til barn gitt ut, et verkt\u00f8y som hjelper formidlere til \u00e5 finne b\u00f8ker til hvert enkelt barn, ved hjelp av lesers\u00f8rvismetoden.  <\/p>\n\n\n\n<p>Boka \u00abLesers\u00f8rvis til barn\u00bb ble lansert 8. desember 2022 og henvender seg til bibliotekarer i skole- og folkebibliotek, men kan ogs\u00e5 brukes av l\u00e6rere, formidlere og andre voksne som jobber med \u00e5 skape leselyst.<\/p>\n\n\n\n<figure class=\"wp-block-image size-large\"><a href=\"https:\/\/www.lesersorvis.no\/wp-content\/uploads\/2022\/12\/lesersorvis_til_barn-bok.pdf\"><img loading=\"lazy\" decoding=\"async\" width=\"1024\" height=\"1024\" src=\"https:\/\/bibliotekutvikling.no\/content\/uploads\/sites\/23\/2023\/01\/image-1024x1024.png\" alt=\"\" class=\"wp-image-732\" srcset=\"https:\/\/beta.bibliotekutvikling.no\/content\/uploads\/sites\/23\/2023\/01\/image-1024x1024.png 1024w, https:\/\/beta.bibliotekutvikling.no\/content\/uploads\/sites\/23\/2023\/01\/image-300x300.png 300w, https:\/\/beta.bibliotekutvikling.no\/content\/uploads\/sites\/23\/2023\/01\/image-150x150.png 150w, https:\/\/beta.bibliotekutvikling.no\/content\/uploads\/sites\/23\/2023\/01\/image-768x768.png 768w, https:\/\/beta.bibliotekutvikling.no\/content\/uploads\/sites\/23\/2023\/01\/image.png 1079w\" sizes=\"auto, (max-width: 1024px) 100vw, 1024px\" \/><\/a><figcaption class=\"wp-element-caption\">Bilde av bokomslag av Lesers\u00f8rivs til barn og med nedlastingslink for \u00e5 lese boka digitalt<\/figcaption><\/figure>\n\n\n\n<p>Nasjonalbiblioteket har st\u00f8ttet utgivelsen av boka gjennom det nasjonale prosjektet Formidlingskompetanse i folkebibliotek. Boka er skrevet av fylkesbibliotekene i Innlandet, Vestfold og Telemark, Troms og Finnmark og Viken. Underveis har vi f\u00e5tt verdifulle innspill fra skole- og folkebibliotek og Biblioteksentralen. Kultur- og likestillingsminister Anette Trettebergstuen har bidratt med forord.<\/p>\n\n\n\n<p>Boka er trykket og ble spredt til landets folkebibliotek via fylkesbibliotekene i begynnelsen av 2023. Boka er ogs\u00e5 tilgjengelig i BookBites, og den kan lastes ned som pdf. <a href=\"https:\/\/www.lesersorvis.no\/wp-content\/uploads\/2022\/12\/lesersorvis_til_barn-bok.pdf\">Les&nbsp;<strong>Lesers\u00f8rvis til barn<\/strong>&nbsp;digitalt her (pdf)<\/a>. Har du ikke f\u00e5tt boka i papirutgave ta kontakt med ditt fylkesbibliotek.<\/p>\n\n\n\n<p>Lesers\u00f8rvis bygger p\u00e5 den amerikanske tjenesten Readers\u2019 Advisory, og ble tilpasset norske forhold av Vanja \u00d8yr\u00e5s i boka&nbsp;<em>Lesers\u00f8rvis<\/em>&nbsp;(2017). I&nbsp;<em>Lesers\u00f8rvis til barn<\/em>&nbsp;har hun f\u00e5tt med seg fem medforfattere: Linn T. Sunne, Camilla S\u00f8rbye, Troels Posselt, Ida Zachariassen Sagberg og Vibeke Stokka. Sammen har de bearbeidet lesers\u00f8rvismetoden slik at den passer for deg som formidler b\u00f8ker til barn.\u202f\u202f&nbsp;<\/p>\n\n\n\n<p><\/p>\n\n\n\n<p><\/p>\n","protected":false},"excerpt":{"rendered":"<p>H\u00e5ndboka Lesers\u00f8rvis til barn skal hjelpe formidlere til \u00e5 finne b\u00f8ker til barn ved hjelp av lesers\u00f8rvismetoden. <\/p>\n","protected":false},"author":5162,"featured_media":746,"parent":0,"menu_order":0,"comment_status":"closed","ping_status":"closed","template":"","meta":{"_relevanssi_hide_post":"","_relevanssi_hide_content":"","_relevanssi_pin_for_all":"","_relevanssi_pin_keywords":"","_relevanssi_unpin_keywords":"","_relevanssi_related_keywords":"","_relevanssi_related_include_ids":"","_relevanssi_related_exclude_ids":"","_relevanssi_related_no_append":"","_relevanssi_related_not_related":"","_relevanssi_related_posts":"","_relevanssi_noindex_reason":"","nb_hide_title":false,"sub_navigation_option":"","sub_navigation_custom_items":[],"footnotes":""},"class_list":["post-730","page","type-page","status-publish","has-post-thumbnail","hentry"],"yoast_head":"<!-- This site is optimized with the Yoast SEO Premium plugin v27.1 (Yoast SEO v27.1.1) - https:\/\/yoast.com\/product\/yoast-seo-premium-wordpress\/ -->\n<title>Lesers\u00f8rvis til barn - Bibliotekutvikling | Formidlingskompetanse i folkebibliotek<\/title>\n<meta name=\"robots\" content=\"index, follow, max-snippet:-1, max-image-preview:large, max-video-preview:-1\" \/>\n<link rel=\"canonical\" href=\"https:\/\/beta.bibliotekutvikling.no\/formidlingskompetanse\/lesersorvis-til-barn\/\" \/>\n<meta property=\"og:locale\" content=\"nb_NO\" \/>\n<meta property=\"og:type\" content=\"article\" \/>\n<meta property=\"og:title\" content=\"Lesers\u00f8rvis til barn\" \/>\n<meta property=\"og:description\" content=\"H\u00e5ndboka Lesers\u00f8rvis til barn skal hjelpe formidlere til \u00e5 finne b\u00f8ker til barn ved hjelp av lesers\u00f8rvismetoden.\" \/>\n<meta property=\"og:url\" content=\"https:\/\/beta.bibliotekutvikling.no\/formidlingskompetanse\/lesersorvis-til-barn\/\" \/>\n<meta property=\"og:site_name\" content=\"Bibliotekutvikling | Formidlingskompetanse i folkebibliotek\" \/>\n<meta property=\"article:modified_time\" content=\"2023-09-15T06:32:26+00:00\" \/>\n<meta property=\"og:image\" content=\"https:\/\/beta.bibliotekutvikling.no\/content\/uploads\/sites\/23\/2023\/01\/lesersorvis-e1674808599805.png\" \/>\n\t<meta property=\"og:image:width\" content=\"483\" \/>\n\t<meta property=\"og:image:height\" content=\"345\" \/>\n\t<meta property=\"og:image:type\" content=\"image\/png\" \/>\n<meta name=\"twitter:card\" content=\"summary_large_image\" \/>\n<meta name=\"twitter:label1\" content=\"Ansl. lesetid\" \/>\n\t<meta name=\"twitter:data1\" content=\"1 minutt\" \/>\n<script type=\"application\/ld+json\" class=\"yoast-schema-graph\">{\"@context\":\"https:\/\/schema.org\",\"@graph\":[{\"@type\":\"WebPage\",\"@id\":\"https:\/\/beta.bibliotekutvikling.no\/formidlingskompetanse\/lesersorvis-til-barn\/\",\"url\":\"https:\/\/beta.bibliotekutvikling.no\/formidlingskompetanse\/lesersorvis-til-barn\/\",\"name\":\"Lesers\u00f8rvis til barn - Bibliotekutvikling | Formidlingskompetanse i folkebibliotek\",\"isPartOf\":{\"@id\":\"https:\/\/beta.bibliotekutvikling.no\/formidlingskompetanse\/#website\"},\"primaryImageOfPage\":{\"@id\":\"https:\/\/beta.bibliotekutvikling.no\/formidlingskompetanse\/lesersorvis-til-barn\/#primaryimage\"},\"image\":{\"@id\":\"https:\/\/beta.bibliotekutvikling.no\/formidlingskompetanse\/lesersorvis-til-barn\/#primaryimage\"},\"thumbnailUrl\":\"https:\/\/beta.bibliotekutvikling.no\/content\/uploads\/sites\/23\/2023\/01\/lesersorvis-e1674808599805.png\",\"datePublished\":\"2023-01-27T08:23:01+00:00\",\"dateModified\":\"2023-09-15T06:32:26+00:00\",\"breadcrumb\":{\"@id\":\"https:\/\/beta.bibliotekutvikling.no\/formidlingskompetanse\/lesersorvis-til-barn\/#breadcrumb\"},\"inLanguage\":\"nb-NO\",\"potentialAction\":[{\"@type\":\"ReadAction\",\"target\":[\"https:\/\/beta.bibliotekutvikling.no\/formidlingskompetanse\/lesersorvis-til-barn\/\"]}]},{\"@type\":\"ImageObject\",\"inLanguage\":\"nb-NO\",\"@id\":\"https:\/\/beta.bibliotekutvikling.no\/formidlingskompetanse\/lesersorvis-til-barn\/#primaryimage\",\"url\":\"https:\/\/beta.bibliotekutvikling.no\/content\/uploads\/sites\/23\/2023\/01\/lesersorvis-e1674808599805.png\",\"contentUrl\":\"https:\/\/beta.bibliotekutvikling.no\/content\/uploads\/sites\/23\/2023\/01\/lesersorvis-e1674808599805.png\",\"width\":483,\"height\":345,\"caption\":\"Illustrat\u00f8r Andreas Iversen\"},{\"@type\":\"BreadcrumbList\",\"@id\":\"https:\/\/beta.bibliotekutvikling.no\/formidlingskompetanse\/lesersorvis-til-barn\/#breadcrumb\",\"itemListElement\":[{\"@type\":\"ListItem\",\"position\":1,\"name\":\"Hjem\",\"item\":\"https:\/\/beta.bibliotekutvikling.no\/formidlingskompetanse\/\"},{\"@type\":\"ListItem\",\"position\":2,\"name\":\"Lesers\u00f8rvis til barn\"}]},{\"@type\":\"WebSite\",\"@id\":\"https:\/\/beta.bibliotekutvikling.no\/formidlingskompetanse\/#website\",\"url\":\"https:\/\/beta.bibliotekutvikling.no\/formidlingskompetanse\/\",\"name\":\"Bibliotekutvikling | Formidlingskompetanse i folkebibliotek\",\"description\":\"\",\"publisher\":{\"@id\":\"https:\/\/beta.bibliotekutvikling.no\/formidlingskompetanse\/#organization\"},\"potentialAction\":[{\"@type\":\"SearchAction\",\"target\":{\"@type\":\"EntryPoint\",\"urlTemplate\":\"https:\/\/beta.bibliotekutvikling.no\/formidlingskompetanse\/?s={search_term_string}\"},\"query-input\":{\"@type\":\"PropertyValueSpecification\",\"valueRequired\":true,\"valueName\":\"search_term_string\"}}],\"inLanguage\":\"nb-NO\"},{\"@type\":\"Organization\",\"@id\":\"https:\/\/beta.bibliotekutvikling.no\/formidlingskompetanse\/#organization\",\"name\":\"Bibliotekutvikling | Formidlingskompetanse i folkebibliotek\",\"url\":\"https:\/\/beta.bibliotekutvikling.no\/formidlingskompetanse\/\",\"logo\":{\"@type\":\"ImageObject\",\"inLanguage\":\"nb-NO\",\"@id\":\"https:\/\/beta.bibliotekutvikling.no\/formidlingskompetanse\/#\/schema\/logo\/image\/\",\"url\":\"https:\/\/beta.bibliotekutvikling.no\/content\/uploads\/sites\/23\/2022\/03\/cropped-Asset-3.png\",\"contentUrl\":\"https:\/\/beta.bibliotekutvikling.no\/content\/uploads\/sites\/23\/2022\/03\/cropped-Asset-3.png\",\"width\":1015,\"height\":604,\"caption\":\"Bibliotekutvikling | Formidlingskompetanse i folkebibliotek\"},\"image\":{\"@id\":\"https:\/\/beta.bibliotekutvikling.no\/formidlingskompetanse\/#\/schema\/logo\/image\/\"}}]}<\/script>\n<!-- \/ Yoast SEO Premium plugin. -->","yoast_head_json":{"title":"Lesers\u00f8rvis til barn - Bibliotekutvikling | Formidlingskompetanse i folkebibliotek","robots":{"index":"index","follow":"follow","max-snippet":"max-snippet:-1","max-image-preview":"max-image-preview:large","max-video-preview":"max-video-preview:-1"},"canonical":"https:\/\/beta.bibliotekutvikling.no\/formidlingskompetanse\/lesersorvis-til-barn\/","og_locale":"nb_NO","og_type":"article","og_title":"Lesers\u00f8rvis til barn","og_description":"H\u00e5ndboka Lesers\u00f8rvis til barn skal hjelpe formidlere til \u00e5 finne b\u00f8ker til barn ved hjelp av lesers\u00f8rvismetoden.","og_url":"https:\/\/beta.bibliotekutvikling.no\/formidlingskompetanse\/lesersorvis-til-barn\/","og_site_name":"Bibliotekutvikling | Formidlingskompetanse i folkebibliotek","article_modified_time":"2023-09-15T06:32:26+00:00","og_image":[{"width":483,"height":345,"url":"https:\/\/beta.bibliotekutvikling.no\/content\/uploads\/sites\/23\/2023\/01\/lesersorvis-e1674808599805.png","type":"image\/png"}],"twitter_card":"summary_large_image","twitter_misc":{"Ansl. lesetid":"1 minutt"},"schema":{"@context":"https:\/\/schema.org","@graph":[{"@type":"WebPage","@id":"https:\/\/beta.bibliotekutvikling.no\/formidlingskompetanse\/lesersorvis-til-barn\/","url":"https:\/\/beta.bibliotekutvikling.no\/formidlingskompetanse\/lesersorvis-til-barn\/","name":"Lesers\u00f8rvis til barn - Bibliotekutvikling | Formidlingskompetanse i folkebibliotek","isPartOf":{"@id":"https:\/\/beta.bibliotekutvikling.no\/formidlingskompetanse\/#website"},"primaryImageOfPage":{"@id":"https:\/\/beta.bibliotekutvikling.no\/formidlingskompetanse\/lesersorvis-til-barn\/#primaryimage"},"image":{"@id":"https:\/\/beta.bibliotekutvikling.no\/formidlingskompetanse\/lesersorvis-til-barn\/#primaryimage"},"thumbnailUrl":"https:\/\/beta.bibliotekutvikling.no\/content\/uploads\/sites\/23\/2023\/01\/lesersorvis-e1674808599805.png","datePublished":"2023-01-27T08:23:01+00:00","dateModified":"2023-09-15T06:32:26+00:00","breadcrumb":{"@id":"https:\/\/beta.bibliotekutvikling.no\/formidlingskompetanse\/lesersorvis-til-barn\/#breadcrumb"},"inLanguage":"nb-NO","potentialAction":[{"@type":"ReadAction","target":["https:\/\/beta.bibliotekutvikling.no\/formidlingskompetanse\/lesersorvis-til-barn\/"]}]},{"@type":"ImageObject","inLanguage":"nb-NO","@id":"https:\/\/beta.bibliotekutvikling.no\/formidlingskompetanse\/lesersorvis-til-barn\/#primaryimage","url":"https:\/\/beta.bibliotekutvikling.no\/content\/uploads\/sites\/23\/2023\/01\/lesersorvis-e1674808599805.png","contentUrl":"https:\/\/beta.bibliotekutvikling.no\/content\/uploads\/sites\/23\/2023\/01\/lesersorvis-e1674808599805.png","width":483,"height":345,"caption":"Illustrat\u00f8r Andreas Iversen"},{"@type":"BreadcrumbList","@id":"https:\/\/beta.bibliotekutvikling.no\/formidlingskompetanse\/lesersorvis-til-barn\/#breadcrumb","itemListElement":[{"@type":"ListItem","position":1,"name":"Hjem","item":"https:\/\/beta.bibliotekutvikling.no\/formidlingskompetanse\/"},{"@type":"ListItem","position":2,"name":"Lesers\u00f8rvis til barn"}]},{"@type":"WebSite","@id":"https:\/\/beta.bibliotekutvikling.no\/formidlingskompetanse\/#website","url":"https:\/\/beta.bibliotekutvikling.no\/formidlingskompetanse\/","name":"Bibliotekutvikling | Formidlingskompetanse i folkebibliotek","description":"","publisher":{"@id":"https:\/\/beta.bibliotekutvikling.no\/formidlingskompetanse\/#organization"},"potentialAction":[{"@type":"SearchAction","target":{"@type":"EntryPoint","urlTemplate":"https:\/\/beta.bibliotekutvikling.no\/formidlingskompetanse\/?s={search_term_string}"},"query-input":{"@type":"PropertyValueSpecification","valueRequired":true,"valueName":"search_term_string"}}],"inLanguage":"nb-NO"},{"@type":"Organization","@id":"https:\/\/beta.bibliotekutvikling.no\/formidlingskompetanse\/#organization","name":"Bibliotekutvikling | Formidlingskompetanse i folkebibliotek","url":"https:\/\/beta.bibliotekutvikling.no\/formidlingskompetanse\/","logo":{"@type":"ImageObject","inLanguage":"nb-NO","@id":"https:\/\/beta.bibliotekutvikling.no\/formidlingskompetanse\/#\/schema\/logo\/image\/","url":"https:\/\/beta.bibliotekutvikling.no\/content\/uploads\/sites\/23\/2022\/03\/cropped-Asset-3.png","contentUrl":"https:\/\/beta.bibliotekutvikling.no\/content\/uploads\/sites\/23\/2022\/03\/cropped-Asset-3.png","width":1015,"height":604,"caption":"Bibliotekutvikling | Formidlingskompetanse i folkebibliotek"},"image":{"@id":"https:\/\/beta.bibliotekutvikling.no\/formidlingskompetanse\/#\/schema\/logo\/image\/"}}]}},"_links":{"self":[{"href":"https:\/\/beta.bibliotekutvikling.no\/formidlingskompetanse\/wp-json\/wp\/v2\/pages\/730","targetHints":{"allow":["GET"]}}],"collection":[{"href":"https:\/\/beta.bibliotekutvikling.no\/formidlingskompetanse\/wp-json\/wp\/v2\/pages"}],"about":[{"href":"https:\/\/beta.bibliotekutvikling.no\/formidlingskompetanse\/wp-json\/wp\/v2\/types\/page"}],"author":[{"embeddable":true,"href":"https:\/\/beta.bibliotekutvikling.no\/formidlingskompetanse\/wp-json\/wp\/v2\/users\/5162"}],"replies":[{"embeddable":true,"href":"https:\/\/beta.bibliotekutvikling.no\/formidlingskompetanse\/wp-json\/wp\/v2\/comments?post=730"}],"version-history":[{"count":4,"href":"https:\/\/beta.bibliotekutvikling.no\/formidlingskompetanse\/wp-json\/wp\/v2\/pages\/730\/revisions"}],"predecessor-version":[{"id":1072,"href":"https:\/\/beta.bibliotekutvikling.no\/formidlingskompetanse\/wp-json\/wp\/v2\/pages\/730\/revisions\/1072"}],"wp:featuredmedia":[{"embeddable":true,"href":"https:\/\/beta.bibliotekutvikling.no\/formidlingskompetanse\/wp-json\/wp\/v2\/media\/746"}],"wp:attachment":[{"href":"https:\/\/beta.bibliotekutvikling.no\/formidlingskompetanse\/wp-json\/wp\/v2\/media?parent=730"}],"curies":[{"name":"wp","href":"https:\/\/api.w.org\/{rel}","templated":true}]}}