{"id":11400,"date":"2023-05-08T10:35:00","date_gmt":"2023-05-08T08:35:00","guid":{"rendered":"https:\/\/bibliotekutvikling.no\/kompetansebank\/?page_id=11400"},"modified":"2024-09-25T14:23:47","modified_gmt":"2024-09-25T12:23:47","slug":"arrangementer","status":"publish","type":"page","link":"https:\/\/beta.bibliotekutvikling.no\/kompetansebank\/arrangementer\/","title":{"rendered":"Arrangementer"},"content":{"rendered":"\n<p>Oversikt over komande arrangement innan biblioteksektoren<\/p>\n\n\n\n\t\t<div class=\"nb-event-archive alignwide alignwide\" data-events-that-end-after-ISO8601=\"2026-04-07T00:00:01+02:00\">\n\t\t\t\n\t\t\t\t\n\t\t\t\t\t<h2 id=\"mai-2026\" class=\"alignwide wp-block-heading\">Mai 2026<\/h2>\n\t\t\t\t\n\t\t\t\t\n\t\t\t\t<div class=\"t2-featured-content-layout alignwide alignwide wp-block-t2-featured-content-layout\" role=\"list\">\n\t\t\t\t\t<div class=\"t2-featured-single-post t2-featured-content is-post-type-event wp-block-t2-featured-single-post t2-featured-content-layout-col-4\" role=\"listitem\"><a class=\"nb-post-link  wp-block-nb-post-link\" href=\"https:\/\/beta.bibliotekutvikling.no\/kompetansebank\/event\/kunnskapsorganisasjonsdagane-2025\/\">\n<figure class=\"nb-post-featured-image has-image-ratio-16-9 wp-block-nb-post-featured-image\"><img loading=\"lazy\" decoding=\"async\" width=\"768\" height=\"495\" src=\"https:\/\/beta.bibliotekutvikling.no\/content\/uploads\/sites\/24\/2025\/01\/KORG2025-768x495.png\" class=\"attachment-medium_large size-medium_large wp-post-image\" alt=\"\" srcset=\"https:\/\/beta.bibliotekutvikling.no\/content\/uploads\/sites\/24\/2025\/01\/KORG2025-768x495.png 768w, https:\/\/beta.bibliotekutvikling.no\/content\/uploads\/sites\/24\/2025\/01\/KORG2025-300x193.png 300w, https:\/\/beta.bibliotekutvikling.no\/content\/uploads\/sites\/24\/2025\/01\/KORG2025-1024x660.png 1024w, https:\/\/beta.bibliotekutvikling.no\/content\/uploads\/sites\/24\/2025\/01\/KORG2025.png 1108w\" sizes=\"auto, (min-width: 1200px) 384px, (min-width: 700px) 33vw, 350px\" \/><\/figure>\n\n<div class=\"wp-block-group alignfull is-layout-flow wp-block-group-is-layout-flow\">\n\t\n\t<div class=\"wp-block-group content-meta-row is-content-justification-space-between is-nowrap is-layout-flex wp-container-core-group-is-layout-cb46ffcb wp-block-group-is-layout-flex\">\n\t\t<div class=\"nb-post-label wp-block-nb-post-label\">Arrangement<\/div>\n\t\t\n\t<\/div>\n\t\n\n\t<h2 class=\"t2-post-title wp-block-t2-post-title\">Kunnskapsorganisasjonsdagane 2025<\/h2>\n\t\n\t\n\t<div class=\"nb-post-subtitle wp-block-nb-post-subtitle\">Fre. 22.\u00a0mai kl.&nbsp;10:00 &ndash; L\u00f8r. 23.\u00a0mai kl.&nbsp;15:00<aside class=\"event-date-tag\">\n\t\t\t\t\t\t<span class=\"event-date-text-big\">\n\t\t\t\t\t\t\t22<span class=\"separator\">\u2013<\/span>23\n\t\t\t\t\t\t<\/span>\n\t\t\t\t\t\t<span class=\"event-date-text-small\">\n\t\t\t\t\t\t\tmai\n\t\t\t\t\t\t<\/span>\n\t\t\t\t\t<\/aside><\/div>\n\t\n<\/div>\n\n<\/a>\n<\/div>\n\t\t\t\t<\/div>\n\t\t\t\n\t\t\t\t\n\t\t\t\t\t<h2 id=\"juni-2026\" class=\"alignwide wp-block-heading\">Juni 2026<\/h2>\n\t\t\t\t\n\t\t\t\t\n\t\t\t\t<div class=\"t2-featured-content-layout alignwide alignwide wp-block-t2-featured-content-layout\" role=\"list\">\n\t\t\t\t\t<div class=\"t2-featured-single-post t2-featured-content is-post-type-event event-group-digitalt-pafyll event-type-digitalt-pafyll wp-block-t2-featured-single-post t2-featured-content-layout-col-4\" role=\"listitem\"><a class=\"nb-post-link  wp-block-nb-post-link\" href=\"https:\/\/beta.bibliotekutvikling.no\/kompetansebank\/event\/digitalt-pafyll-hva-gjor-nasjonalbiblioteket-pa-ki-omradet\/\">\n<figure class=\"nb-post-featured-image has-image-ratio-16-9 wp-block-nb-post-featured-image\"><img loading=\"lazy\" decoding=\"async\" width=\"768\" height=\"1148\" src=\"https:\/\/beta.bibliotekutvikling.no\/content\/uploads\/sites\/24\/2025\/01\/000000_wilfred_oestgulen_xxx-scaled-1-768x1148.jpg\" class=\"attachment-medium_large size-medium_large wp-post-image\" alt=\"\" srcset=\"https:\/\/beta.bibliotekutvikling.no\/content\/uploads\/sites\/24\/2025\/01\/000000_wilfred_oestgulen_xxx-scaled-1-768x1148.jpg 768w, https:\/\/beta.bibliotekutvikling.no\/content\/uploads\/sites\/24\/2025\/01\/000000_wilfred_oestgulen_xxx-scaled-1-201x300.jpg 201w, https:\/\/beta.bibliotekutvikling.no\/content\/uploads\/sites\/24\/2025\/01\/000000_wilfred_oestgulen_xxx-scaled-1-685x1024.jpg 685w, https:\/\/beta.bibliotekutvikling.no\/content\/uploads\/sites\/24\/2025\/01\/000000_wilfred_oestgulen_xxx-scaled-1-1028x1536.jpg 1028w, https:\/\/beta.bibliotekutvikling.no\/content\/uploads\/sites\/24\/2025\/01\/000000_wilfred_oestgulen_xxx-scaled-1-1370x2048.jpg 1370w, https:\/\/beta.bibliotekutvikling.no\/content\/uploads\/sites\/24\/2025\/01\/000000_wilfred_oestgulen_xxx-scaled-1.jpg 1713w\" sizes=\"auto, (min-width: 1200px) 384px, (min-width: 700px) 33vw, 350px\" \/><\/figure>\n\n<div class=\"wp-block-group alignfull is-layout-flow wp-block-group-is-layout-flow\">\n\t\n\t<div class=\"wp-block-group content-meta-row is-content-justification-space-between is-nowrap is-layout-flex wp-container-core-group-is-layout-cb46ffcb wp-block-group-is-layout-flex\">\n\t\t<div class=\"nb-post-label wp-block-nb-post-label\">Arrangement<\/div>\n\t\t\n\t<\/div>\n\t\n\n\t<h2 class=\"t2-post-title wp-block-t2-post-title\">Digitalt p\u00e5fyll &#8211; Hva gj\u00f8r Nasjonalbiblioteket p\u00e5 KI-omr\u00e5det?<\/h2>\n\t\n\t\n\t<div class=\"nb-post-subtitle wp-block-nb-post-subtitle\">Tir. 30.\u00a0juni kl.&nbsp;09:00&ndash;09:45<aside class=\"event-date-tag\">\n\t\t\t\t\t\t<span class=\"event-date-text-big\">\n\t\t\t\t\t\t\t30\n\t\t\t\t\t\t<\/span>\n\t\t\t\t\t\t<span class=\"event-date-text-small\">\n\t\t\t\t\t\t\tjun\n\t\t\t\t\t\t<\/span>\n\t\t\t\t\t<\/aside><\/div>\n\t\n<\/div>\n\n<\/a>\n<\/div>\n\t\t\t\t<\/div>\n\t\t\t\n        \n         <h2 id=\"tba-events\" class=\"alignwide wp-block-heading\">Dato kommer<\/h2>\n        \n        \n        <div class=\"t2-featured-content-layout alignwide alignwide wp-block-t2-featured-content-layout\" role=\"list\">\n         <div class=\"t2-featured-single-post t2-featured-content is-post-type-event event-type-nasjonalbiblioteket-solli-plass wp-block-t2-featured-single-post t2-featured-content-layout-col-4\" role=\"listitem\"><a class=\"nb-post-link  wp-block-nb-post-link\" href=\"https:\/\/beta.bibliotekutvikling.no\/kompetansebank\/event\/litteraert-laboratorium-ibsens-samtidsdramaer-1877-1899-fruen-fra-havet\/\">\n<figure class=\"nb-post-featured-image has-image-ratio-16-9 wp-block-nb-post-featured-image\"><img loading=\"lazy\" decoding=\"async\" width=\"768\" height=\"402\" src=\"https:\/\/beta.bibliotekutvikling.no\/content\/uploads\/sites\/24\/2025\/01\/FF-01.22-Fruen-fra-havet-768x402.png\" class=\"attachment-medium_large size-medium_large wp-post-image\" alt=\"Bokomslag &quot;Fruen fra Havet&quot;, 1888\" srcset=\"https:\/\/beta.bibliotekutvikling.no\/content\/uploads\/sites\/24\/2025\/01\/FF-01.22-Fruen-fra-havet-768x402.png 768w, https:\/\/beta.bibliotekutvikling.no\/content\/uploads\/sites\/24\/2025\/01\/FF-01.22-Fruen-fra-havet-300x157.png 300w, https:\/\/beta.bibliotekutvikling.no\/content\/uploads\/sites\/24\/2025\/01\/FF-01.22-Fruen-fra-havet-1024x536.png 1024w, https:\/\/beta.bibliotekutvikling.no\/content\/uploads\/sites\/24\/2025\/01\/FF-01.22-Fruen-fra-havet-1536x804.png 1536w, https:\/\/beta.bibliotekutvikling.no\/content\/uploads\/sites\/24\/2025\/01\/FF-01.22-Fruen-fra-havet.png 1920w\" sizes=\"auto, (min-width: 1200px) 384px, (min-width: 700px) 33vw, 350px\" \/><\/figure>\n\n<div class=\"wp-block-group alignfull is-layout-flow wp-block-group-is-layout-flow\">\n\t\n\t<div class=\"wp-block-group content-meta-row is-content-justification-space-between is-nowrap is-layout-flex wp-container-core-group-is-layout-cb46ffcb wp-block-group-is-layout-flex\">\n\t\t<div class=\"nb-post-label wp-block-nb-post-label\">Arrangement<\/div>\n\t\t\n\t<\/div>\n\t\n\n\t<h2 class=\"t2-post-title wp-block-t2-post-title\">Litter\u00e6rt laboratorium: Ibsens samtidsdramaer 1877 \u2013 1899. Fruen fra havet<\/h2>\n\t\n\t\n\t<div class=\"nb-post-subtitle wp-block-nb-post-subtitle\"><aside class=\"event-date-tag\">\n\t\t\t\t\t<span class=\"event-date-text-small\">\n\t\t\t\t\t\tTBA\n\t\t\t\t\t<\/span>\n\t\t\t\t<\/aside><\/div>\n\t\n<\/div>\n\n<\/a>\n<\/div>\n        <\/div>\n       \n\t\t<\/div>\n\t\t","protected":false},"excerpt":{"rendered":"<p>Kalender over kommende arrangementer for bibliotek og biblioteksektoren<\/p>\n","protected":false},"author":1,"featured_media":0,"parent":0,"menu_order":0,"comment_status":"closed","ping_status":"closed","template":"","meta":{"nb_hide_title":false,"single_header_image_is_disabled":false,"single_header_image_attachment_id":0,"single_header_image_attachment_url":"","sub_navigation_option":"","sub_navigation_custom_items":[],"footnotes":""},"class_list":["post-11400","page","type-page","status-publish","hentry"],"yoast_head":"<!-- This site is optimized with the Yoast SEO Premium plugin v27.1 (Yoast SEO v27.1.1) - https:\/\/yoast.com\/product\/yoast-seo-premium-wordpress\/ -->\n<title>Arrangementer - Kompetansebank<\/title>\n<meta name=\"description\" content=\"Kalender over kommende arrangementer for bibliotek og biblioteksektoren\" \/>\n<meta name=\"robots\" content=\"index, follow, max-snippet:-1, max-image-preview:large, max-video-preview:-1\" \/>\n<link rel=\"canonical\" href=\"https:\/\/beta.bibliotekutvikling.no\/kompetansebank\/arrangementer\/\" \/>\n<meta property=\"og:locale\" content=\"nb_NO\" \/>\n<meta property=\"og:type\" content=\"article\" \/>\n<meta property=\"og:title\" content=\"Arrangementer\" \/>\n<meta property=\"og:description\" content=\"Kalender over kommende arrangementer for bibliotek og biblioteksektoren\" \/>\n<meta property=\"og:url\" content=\"https:\/\/beta.bibliotekutvikling.no\/kompetansebank\/arrangementer\/\" \/>\n<meta property=\"og:site_name\" content=\"Kompetansebank\" \/>\n<meta property=\"article:publisher\" content=\"https:\/\/www.facebook.com\/bibliotekutvikling\" \/>\n<meta property=\"article:modified_time\" content=\"2024-09-25T12:23:47+00:00\" \/>\n<meta name=\"twitter:card\" content=\"summary_large_image\" \/>\n<meta name=\"twitter:label1\" content=\"Ansl. lesetid\" \/>\n\t<meta name=\"twitter:data1\" content=\"1 minutt\" \/>\n<script type=\"application\/ld+json\" class=\"yoast-schema-graph\">{\"@context\":\"https:\/\/schema.org\",\"@graph\":[{\"@type\":\"WebPage\",\"@id\":\"https:\/\/beta.bibliotekutvikling.no\/kompetansebank\/arrangementer\/\",\"url\":\"https:\/\/beta.bibliotekutvikling.no\/kompetansebank\/arrangementer\/\",\"name\":\"Arrangementer - Kompetansebank\",\"isPartOf\":{\"@id\":\"https:\/\/beta.bibliotekutvikling.no\/kompetansebank\/#website\"},\"datePublished\":\"2023-05-08T08:35:00+00:00\",\"dateModified\":\"2024-09-25T12:23:47+00:00\",\"description\":\"Kalender over kommende arrangementer for bibliotek og biblioteksektoren\",\"breadcrumb\":{\"@id\":\"https:\/\/beta.bibliotekutvikling.no\/kompetansebank\/arrangementer\/#breadcrumb\"},\"inLanguage\":\"nb-NO\",\"potentialAction\":[{\"@type\":\"ReadAction\",\"target\":[\"https:\/\/beta.bibliotekutvikling.no\/kompetansebank\/arrangementer\/\"]}]},{\"@type\":\"BreadcrumbList\",\"@id\":\"https:\/\/beta.bibliotekutvikling.no\/kompetansebank\/arrangementer\/#breadcrumb\",\"itemListElement\":[{\"@type\":\"ListItem\",\"position\":1,\"name\":\"Hjem\",\"item\":\"https:\/\/beta.bibliotekutvikling.no\/kompetansebank\/\"},{\"@type\":\"ListItem\",\"position\":2,\"name\":\"Arrangementer\"}]},{\"@type\":\"WebSite\",\"@id\":\"https:\/\/beta.bibliotekutvikling.no\/kompetansebank\/#website\",\"url\":\"https:\/\/beta.bibliotekutvikling.no\/kompetansebank\/\",\"name\":\"Kompetansebank\",\"description\":\"kurs og kunnskap for bibliotekansatte\",\"publisher\":{\"@id\":\"https:\/\/beta.bibliotekutvikling.no\/kompetansebank\/#organization\"},\"potentialAction\":[{\"@type\":\"SearchAction\",\"target\":{\"@type\":\"EntryPoint\",\"urlTemplate\":\"https:\/\/beta.bibliotekutvikling.no\/kompetansebank\/?s={search_term_string}\"},\"query-input\":{\"@type\":\"PropertyValueSpecification\",\"valueRequired\":true,\"valueName\":\"search_term_string\"}}],\"inLanguage\":\"nb-NO\"},{\"@type\":\"Organization\",\"@id\":\"https:\/\/beta.bibliotekutvikling.no\/kompetansebank\/#organization\",\"name\":\"Bibliotekutvikling\",\"url\":\"https:\/\/beta.bibliotekutvikling.no\/kompetansebank\/\",\"logo\":{\"@type\":\"ImageObject\",\"inLanguage\":\"nb-NO\",\"@id\":\"https:\/\/beta.bibliotekutvikling.no\/kompetansebank\/#\/schema\/logo\/image\/\",\"url\":\"https:\/\/bibliotekutvikling.no\/content\/uploads\/sites\/24\/2023\/10\/Favikon-BU.png\",\"contentUrl\":\"https:\/\/bibliotekutvikling.no\/content\/uploads\/sites\/24\/2023\/10\/Favikon-BU.png\",\"width\":1055,\"height\":1054,\"caption\":\"Bibliotekutvikling\"},\"image\":{\"@id\":\"https:\/\/beta.bibliotekutvikling.no\/kompetansebank\/#\/schema\/logo\/image\/\"},\"sameAs\":[\"https:\/\/www.facebook.com\/bibliotekutvikling\"]}]}<\/script>\n<!-- \/ Yoast SEO Premium plugin. -->","yoast_head_json":{"title":"Arrangementer - Kompetansebank","description":"Kalender over kommende arrangementer for bibliotek og biblioteksektoren","robots":{"index":"index","follow":"follow","max-snippet":"max-snippet:-1","max-image-preview":"max-image-preview:large","max-video-preview":"max-video-preview:-1"},"canonical":"https:\/\/beta.bibliotekutvikling.no\/kompetansebank\/arrangementer\/","og_locale":"nb_NO","og_type":"article","og_title":"Arrangementer","og_description":"Kalender over kommende arrangementer for bibliotek og biblioteksektoren","og_url":"https:\/\/beta.bibliotekutvikling.no\/kompetansebank\/arrangementer\/","og_site_name":"Kompetansebank","article_publisher":"https:\/\/www.facebook.com\/bibliotekutvikling","article_modified_time":"2024-09-25T12:23:47+00:00","twitter_card":"summary_large_image","twitter_misc":{"Ansl. lesetid":"1 minutt"},"schema":{"@context":"https:\/\/schema.org","@graph":[{"@type":"WebPage","@id":"https:\/\/beta.bibliotekutvikling.no\/kompetansebank\/arrangementer\/","url":"https:\/\/beta.bibliotekutvikling.no\/kompetansebank\/arrangementer\/","name":"Arrangementer - Kompetansebank","isPartOf":{"@id":"https:\/\/beta.bibliotekutvikling.no\/kompetansebank\/#website"},"datePublished":"2023-05-08T08:35:00+00:00","dateModified":"2024-09-25T12:23:47+00:00","description":"Kalender over kommende arrangementer for bibliotek og biblioteksektoren","breadcrumb":{"@id":"https:\/\/beta.bibliotekutvikling.no\/kompetansebank\/arrangementer\/#breadcrumb"},"inLanguage":"nb-NO","potentialAction":[{"@type":"ReadAction","target":["https:\/\/beta.bibliotekutvikling.no\/kompetansebank\/arrangementer\/"]}]},{"@type":"BreadcrumbList","@id":"https:\/\/beta.bibliotekutvikling.no\/kompetansebank\/arrangementer\/#breadcrumb","itemListElement":[{"@type":"ListItem","position":1,"name":"Hjem","item":"https:\/\/beta.bibliotekutvikling.no\/kompetansebank\/"},{"@type":"ListItem","position":2,"name":"Arrangementer"}]},{"@type":"WebSite","@id":"https:\/\/beta.bibliotekutvikling.no\/kompetansebank\/#website","url":"https:\/\/beta.bibliotekutvikling.no\/kompetansebank\/","name":"Kompetansebank","description":"kurs og kunnskap for bibliotekansatte","publisher":{"@id":"https:\/\/beta.bibliotekutvikling.no\/kompetansebank\/#organization"},"potentialAction":[{"@type":"SearchAction","target":{"@type":"EntryPoint","urlTemplate":"https:\/\/beta.bibliotekutvikling.no\/kompetansebank\/?s={search_term_string}"},"query-input":{"@type":"PropertyValueSpecification","valueRequired":true,"valueName":"search_term_string"}}],"inLanguage":"nb-NO"},{"@type":"Organization","@id":"https:\/\/beta.bibliotekutvikling.no\/kompetansebank\/#organization","name":"Bibliotekutvikling","url":"https:\/\/beta.bibliotekutvikling.no\/kompetansebank\/","logo":{"@type":"ImageObject","inLanguage":"nb-NO","@id":"https:\/\/beta.bibliotekutvikling.no\/kompetansebank\/#\/schema\/logo\/image\/","url":"https:\/\/bibliotekutvikling.no\/content\/uploads\/sites\/24\/2023\/10\/Favikon-BU.png","contentUrl":"https:\/\/bibliotekutvikling.no\/content\/uploads\/sites\/24\/2023\/10\/Favikon-BU.png","width":1055,"height":1054,"caption":"Bibliotekutvikling"},"image":{"@id":"https:\/\/beta.bibliotekutvikling.no\/kompetansebank\/#\/schema\/logo\/image\/"},"sameAs":["https:\/\/www.facebook.com\/bibliotekutvikling"]}]}},"_links":{"self":[{"href":"https:\/\/beta.bibliotekutvikling.no\/kompetansebank\/wp-json\/wp\/v2\/pages\/11400","targetHints":{"allow":["GET"]}}],"collection":[{"href":"https:\/\/beta.bibliotekutvikling.no\/kompetansebank\/wp-json\/wp\/v2\/pages"}],"about":[{"href":"https:\/\/beta.bibliotekutvikling.no\/kompetansebank\/wp-json\/wp\/v2\/types\/page"}],"author":[{"embeddable":true,"href":"https:\/\/beta.bibliotekutvikling.no\/kompetansebank\/wp-json\/wp\/v2\/users\/1"}],"replies":[{"embeddable":true,"href":"https:\/\/beta.bibliotekutvikling.no\/kompetansebank\/wp-json\/wp\/v2\/comments?post=11400"}],"version-history":[{"count":4,"href":"https:\/\/beta.bibliotekutvikling.no\/kompetansebank\/wp-json\/wp\/v2\/pages\/11400\/revisions"}],"predecessor-version":[{"id":33925,"href":"https:\/\/beta.bibliotekutvikling.no\/kompetansebank\/wp-json\/wp\/v2\/pages\/11400\/revisions\/33925"}],"wp:attachment":[{"href":"https:\/\/beta.bibliotekutvikling.no\/kompetansebank\/wp-json\/wp\/v2\/media?parent=11400"}],"curies":[{"name":"wp","href":"https:\/\/api.w.org\/{rel}","templated":true}]}}