{"id":53,"date":"2023-04-17T10:39:40","date_gmt":"2023-04-17T08:39:40","guid":{"rendered":"https:\/\/bibliotekutvikling.no\/kompetansebank\/?page_id=53"},"modified":"2023-04-17T10:39:40","modified_gmt":"2023-04-17T08:39:40","slug":"barn-og-unge","status":"publish","type":"page","link":"https:\/\/beta.bibliotekutvikling.no\/kompetansebank\/barn-og-unge\/","title":{"rendered":"Barn og unge"},"content":{"rendered":"\n<p>Barn og unge kan vere b\u00e5de ei berikande og krevande brukargruppe i bibliotek. Det viser seg at det er ei rekke utfordringar med barn og unge som bibliotektilsette ikkje n\u00f8dvendigvis er rusta til \u00e5 handtere. Kanskje har du ein mistanke om at eit barn blir utsett for omsorgssvikt eller overgrep, det kan vere barn som har det vanskeleg, eller ein ungdom som blir mobba. I slike situasjonar er det viktig \u00e5 vite kor ein kan henvende seg med problemet.<\/p>\n\n\n\n<h2 class=\"wp-block-heading\">Innhald<\/h2>\n\n\n\n<ul class=\"wp-block-list\">\n<li><a href=\"https:\/\/bibliotekutvikling.no\/konflikthandteringibiblioteket\/barn-og-unge\/#orientert\">Orientert i eigen organisasjon<\/a><\/li>\n\n\n\n<li><a href=\"https:\/\/bibliotekutvikling.no\/konflikthandteringibiblioteket\/barn-og-unge\/#snakke\">Om \u00e5 snakke med barn og unge<\/a><\/li>\n\n\n\n<li><a href=\"https:\/\/bibliotekutvikling.no\/konflikthandteringibiblioteket\/barn-og-unge\/#dersomduerbekymra\">Dersom du er bekymra<\/a><\/li>\n\n\n\n<li><a href=\"https:\/\/bibliotekutvikling.no\/konflikthandteringibiblioteket\/barn-og-unge\/#biblioteket\">Biblioteket som m\u00f8teplass &#8211; n\u00e5r det blir vanskeleg<\/a><\/li>\n<\/ul>\n\n\n\n<h2 class=\"wp-block-heading\" id=\"orientert\"><strong>Orientert i eigen organisasjon<\/strong><\/h2>\n\n\n\n<p>I f\u00f8rste omgang vil det vere viktig at biblioteka held seg orientert i eigen organisasjon, og har oversikt over kven som arbeider med barn og unge i eigen kommune. Det kan og vere nyttig \u00e5 opprette ein dialog med skular og barnehagar. Slik kontakt vil gjere biblioteket meir synleg innad i organisasjonen, og en kan f\u00e5 invitasjon til for eksempel nyttige fagdagar eller liknande som ein elles ville g\u00e5tt glipp av. Kommunane har ofte eigne handlingsrettleiarar og tiltaksplaner som omhandlar barn og unge, og det er viktig at dei bibliotektilsette er orientert om desse p\u00e5 lik linje med for eksempel tilsette i skular og barnehagar. Vi anbefaler \u00e5 ha ei eigen kontaktliste (det ligg eksempel under<a href=\"https:\/\/bibliotekutvikling.no\/konflikthandteringibiblioteket\/maler\/\" target=\"_blank\" rel=\"noreferrer noopener\" aria-label=\" (opens in a new tab)\"> Malar<\/a>) med n\u00f8kkelpersonar og \u2013institusjonar i eiga kommune lett tilgjengeleg.  <\/p>\n\n\n\n<p>Mange kommunar har ein eigen <a href=\"https:\/\/konfliktraadet.no\/slt-modellen\/hva-kan-vi-hjelpe-deg-med\/slt-koordinatorer\/\" target=\"_blank\" rel=\"noreferrer noopener\">SLT-koordinator<\/a>. SLT st\u00e5r for Samordning av lokale rus og kriminalitetsforebyggende tiltak. SLT-modellen skal samordne rus og kriminalitetsforebyggande tiltak for barn og unge. M\u00e5let er at kommunens barn og unge skal f\u00e5 riktig hjelp til riktig tid, av eit hjelpeapparat som samarbeider godt p\u00e5 tvers av etatar og faggrupper. <\/p>\n\n\n\n<h2 class=\"wp-block-heading\" id=\"snakke\"><strong>Om \u00e5 snakke med barn og unge<\/strong><\/h2>\n\n\n\n<p>N\u00e5r ein snakker med barn og unge kan det\nvere vanskeleg for mange \u00e5 vite korleis ein b\u00f8r g\u00e5 fram, s\u00e6rleg om ein har\nmistanke om at det har skjedd noko vondt med den du snakkar med. Nokre gonger\nkan det ogs\u00e5 vere vanskeleg berre \u00e5 \u00abn\u00e5 fram\u00bb med enkle beskjedar, som ikkje\nn\u00f8dvendigvis har ein samanheng med ei straffbar handling. <\/p>\n\n\n\n<p>I f\u00f8rste omgang kan ein starte med \u00e5 si \u00abHei!\u00bb.\nBarn og unge er som oss andre; vi likar \u00e5 bli sett og f\u00f8le oss velkomne. Dersom\nnokon kjenner oss att, og huskar kva vi heiter, er det ekstra stas. \u00c5 bli tatt\ngodt i mot aukar sjansen for at ein kjem tilbake, og snakkar positivt om\nbiblioteket. Har dei tilsette tid til ein ekstra prat eller spele eit spel, kan\ndet skape gode relasjonar med dei unge. Tenk gjerne over om ditt bibliotek har\nein eigna stad til \u00e5 prate, eller eit bord der ein kan sette seg ned for \u00e5\nspele spel. <\/p>\n\n\n\n<p>Ein anna ting \u00e5 tenke p\u00e5, er \u00e5 bruke dei unge sine ressursar. Barn og unge kan ha gode tips og idear, og kanskje vil dei hjelpe til dersom dei f\u00e5r sjansen. Det kan vere lurt \u00e5 invitere til samarbeid om arrangement. Skulen, fritidsklubbar eller ungdomsr\u00e5d kan vere gode samarbeidspartnerar p\u00e5 dette.<\/p>\n\n\n\n<p>Oppl\u00e6ringplattformen <a href=\"https:\/\/snakkemedbarn.no\/\" target=\"_blank\" rel=\"noreferrer noopener\" aria-label=\" (\u00e5pnes i ny fane)\">SNAKKE<\/a> er ein del av Regjeringas tiltaksplan <em>En god barndom varer livet ut (2014-17). <\/em>&nbsp;Den er utvikla av RVTS nasjonalt p\u00e5 oppdrag fr\u00e5 Barne- Ungdoms og Familiedirektoratet. Tanken bak snakke er \u00e5 auke fagkunnskap, men prim\u00e6rt gi handlingskompetanse for dei som arbeider med barn og unge. SNAKKE har fleire delar; SNAKKElab, SNAKKEsim og kunnskapsdelen L\u00e6rMer. I SNAKKElab visast filmar av vaksne i samtale med barn, der samtalane er meint som l\u00e6ring og inspirasjon. I SNAKKEsim kan du gjennom ein simulert relasjon \u00f8ve deg p\u00e5 betre dialog med barn og unge. I L\u00e6rMer kan du lese om det du blir opptatt av n\u00e5r du speler eller ser ein av filmane. <\/p>\n\n\n\n<p><a href=\"https:\/\/www.stinesofiesstiftelse.no\/\" target=\"_blank\" rel=\"noreferrer noopener\" aria-label=\" (\u00e5pnes i ny fane)\">Stine Sofies Stiftelse<\/a> st\u00e5r bak <a href=\"https:\/\/jegvilvite.no\/?cat=12\" target=\"_blank\" rel=\"noreferrer noopener\" aria-label=\" (\u00e5pnes i ny fane)\">Jegvilvite.no<\/a>. Sida er eit e-l\u00e6ringsverkt\u00f8y om vald og overgrep, prim\u00e6rt retta mot barn og unge. Jegvilsnakke.no er og til hjelp for vaksne, slik at dei kan l\u00e6re \u00e5 snakke med barn om dette. Hovudm\u00e5la for sida er \u00e5 spreie kunnskap om vald og overgrep, f\u00e5 fleire til \u00e5 seie fr\u00e5 dersom dei er utsatt eller veit om nokon andre som er det, samt \u00e5 fjerne tabu i samfunnet. P\u00e5 sida for vaksne finn du tips om korleis snakke med barn, signal p\u00e5 misbruk, samling av artiklar og forskning, samt nedlastbart undervisningsmateriell og plakatar. &nbsp;<\/p>\n\n\n\n<p>Det kan l\u00f8nne seg \u00e5 opprette kontakt med eventuelle fritidsklubbar eller andre organiserte fritidsaktivitetar. \u00c5 kople seg p\u00e5 desse kan gi moglegheit for \u00e5 vere med p\u00e5 kompetansehevande kurs, eller f\u00e5 gode tips og r\u00e5d fr\u00e5 dei som arbeider med dette. Eit anna tips er \u00e5 f\u00f8lge med p\u00e5 om det haldast vektarkurs i n\u00e6rleiken, d\u00e5 kommunikasjon og konflikthandtering er noko av kursinnhaldet. Det g\u00e5r an \u00e5 forh\u00f8yre seg om det er mogleg \u00e5 vere med p\u00e5 delar av kurset. <\/p>\n\n\n\n<h2 class=\"wp-block-heading\" id=\"dersomduerbekymra\"><strong>Dersom du er bekymra<\/strong><\/h2>\n\n\n\n<p>Det f\u00f8rste du b\u00f8r sp\u00f8rje deg sj\u00f8lv om, er\nom du har mistanke om at det skjer noko som er straffbart eller ikkje. Det kan\ntil d\u00f8mes vere at du ser nokon blir haldt utanfor, blir mobba, eller har\nkj\u00e6rleikssorg. I slike situasjonar kan ein gjerne kontakte foreldre, for \u00e5\ngjere dei oppmerksom p\u00e5 situasjonen. <\/p>\n\n\n\n<p>Dersom du har mistanke om at eit barn\neller ein ungdom blir utsett for ei straffbar handling, <strong>skal<\/strong> du alltid melde i fr\u00e5 til nokon. Du kan enten melde vidare til\nfor eksempel ein overordna, eller du kan melde vidare til skule\/barnehage eller\nhelses\u00f8ster i kommunen. Dersom du snakkar med barnet sj\u00f8lv, er det viktig \u00e5\nloggf\u00f8re kva som blir sagt. <\/p>\n\n\n\n<p>Du kan melde bekymring direkte til\nbarnevernet. Under f\u00f8lger ei\nrekke lenker til meir utfyllande informasjon.<\/p>\n\n\n\n<ul class=\"wp-block-list\">\n<li>P\u00e5 <a href=\"http:\/\/www.bufdir.no\/barnevern\/\" target=\"_blank\" rel=\"noreferrer noopener\" aria-label=\" (\u00e5pnes i ny fane)\">Bufdir.no<\/a> finn du informasjon om barnevernet og korleis melde fr\u00e5. <\/li>\n\n\n\n<li><a href=\"http:\/\/www.plikt.no\" target=\"_blank\" rel=\"noreferrer noopener\" aria-label=\" (\u00e5pnes i ny fane)\">Plikt.no<\/a> gir informasjon om avvergingsplikta og opplysningsplikta (meldeplikta). Her kan du og lese meir om unntak fr\u00e5 taushetsplikta. <\/li>\n\n\n\n<li><a href=\"http:\/\/www.dinutvei.no\" target=\"_blank\" rel=\"noreferrer noopener\" aria-label=\" (\u00e5pnes i ny fane)\">Dinutvei.no<\/a>, den nasjonale veiviseren ved vald og overgrep. Her kan du og finne informasjon om negativ sosial kontroll. <\/li>\n\n\n\n<li><a href=\"http:\/\/www.politiet.no\/rad\/\" target=\"_blank\" rel=\"noreferrer noopener\" aria-label=\" (\u00e5pnes i ny fane)\">Politiet.no<\/a> har ei eigen side om r\u00e5d og forebygging, med tema som for eksempel vald i n\u00e6re relasjonar og overgrep mot barn.<\/li>\n\n\n\n<li><a href=\"http:\/\/www.statensbarnehus.no\" target=\"_blank\" rel=\"noreferrer noopener\" aria-label=\" (\u00e5pnes i ny fane)\">Statens barnehus<\/a> er eit tilbod til barn og ungdom som kan ha vorte utsett for, eller har vore vitne til vald eller seksuelle overgrep, kor det f\u00f8religg ein politianmeldelse. Statens Barnehus gir ogs\u00e5 r\u00e5d og veiledning til privatpersoner og offentlige instanser i anonyme saker som er uavklarte. <\/li>\n<\/ul>\n\n\n\n<h2 class=\"wp-block-heading\" id=\"biblioteket\"><strong>Biblioteket som m\u00f8teplass &#8211; n\u00e5r det blir vanskeleg<\/strong><\/h2>\n\n\n\n<p>Dersom\/n\u00e5r biblioteket blir ein m\u00f8testad\nfor barn og unge utan tydelege grenser, kan det vere vanskeleg \u00e5 ha oversikt\nover det som skjer. Det er ikkje ein god f\u00f8lelse \u00e5 miste kontroll og sj\u00e5 at\nandre bibliotekbrukarar blir engstelege. <\/p>\n\n\n\n<p>Slike situasjonar m\u00e5 l\u00f8ysast i fellesskap \u2013\ntiltak m\u00e5 vere beskrive i ei ROS-analyse, og det m\u00e5 vere klart kva st\u00f8tte som\nkan p\u00e5reknast fr\u00e5 politi, vektarteneste eller andre tilsette. Her har\narbeidsgjevar eit klart ansvar. Bibliotektilsette har og rett til ein trygg\narbeidskvardag. <\/p>\n\n\n\n<p>Nokon situasjonar oppst\u00e5r plutseleg utan\nforvarsel, medan andre situasjonar kan vere meir forutsigbare og varslast p\u00e5\nf\u00f8rehand. Det er ein fordel \u00e5 ha litt kunnskap om lokalsamfunnet \u2013 kva r\u00f8rer\nseg i ungdomsmilj\u00f8a? B\u00e5de politi, utekontakt og fritidsklubbtilsette har\ninnsikt i fleire milj\u00f8. Ofte har dei kontakt med ungdommane, og kan bidra til \u00e5\nforhindre uheldige situasjonar, og kanskje til og med rekruttere \u00abpotensielle\u00bb\nbibliotekbrukarar. <\/p>\n\n\n\n<p>Bibliotekets beliggenheit og inreiing kan ha betydning for kven som opps\u00f8ker biblioteket med d\u00e5rlege hensikter. S\u00f8rg for at lokala er innreia slik at de har oversikt over krikar og krokar, og ikkje inviterar til lyssky verksemd. Husk at det som er forbode i offentlege rom, er og forbode p\u00e5 biblioteket. <\/p>\n\n\n<div class=\"t2-featured-content-layout alignwide alignwide wp-block-t2-featured-content-layout\" role=\"list\">\n<div class=\"t2-featured-single-post t2-featured-content is-post-type-attachment is-mime-type-image-jpeg wp-block-t2-featured-single-post\" role=\"listitem\"><a class=\"nb-post-link  wp-block-nb-post-link\" href=\"https:\/\/beta.bibliotekutvikling.no\/kompetansebank\/banner_dfb-lysere\/\">\n<figure class=\"nb-post-featured-image has-image-ratio-16-9 wp-block-nb-post-featured-image\">\n\t\t\t<svg viewBox=\"0 0 320 180\" width=\"320px\" height=\"180px\" xmlns=\"http:\/\/www.w3.org\/2000\/svg\" aria-hidden=\"true\">\n\t\t\t\t<text x=\"160\" y=\"152.185\">B<\/text>\n\t\t\t<\/svg>\n\t\t\t<\/figure>\n\n<div class=\"wp-block-group alignfull is-layout-flow wp-block-group-is-layout-flow\">\n\t\n\t<div class=\"wp-block-group content-meta-row is-content-justification-space-between is-nowrap is-layout-flex wp-container-core-group-is-layout-cb46ffcb wp-block-group-is-layout-flex\">\n\t\t\n\t\t\n\t<\/div>\n\t\n\n\t<h2 class=\"t2-post-title wp-block-t2-post-title\">Banner_DFB-lysere<\/h2>\n\t\n\t\n\t\n\t\n<\/div>\n\n<\/a>\n<\/div>\n\n\n\n\n<\/div>","protected":false},"excerpt":{"rendered":"","protected":false},"author":1,"featured_media":0,"parent":0,"menu_order":0,"comment_status":"closed","ping_status":"closed","template":"","meta":{"nb_hide_title":false,"single_header_image_is_disabled":false,"single_header_image_attachment_id":0,"single_header_image_attachment_url":"","sub_navigation_option":"","sub_navigation_custom_items":[],"footnotes":""},"class_list":["post-53","page","type-page","status-publish","hentry"],"yoast_head":"<!-- This site is optimized with the Yoast SEO Premium plugin v27.1 (Yoast SEO v27.1.1) - https:\/\/yoast.com\/product\/yoast-seo-premium-wordpress\/ -->\n<title>Barn og unge - Kompetansebank<\/title>\n<meta name=\"robots\" content=\"index, follow, max-snippet:-1, max-image-preview:large, max-video-preview:-1\" \/>\n<link rel=\"canonical\" href=\"https:\/\/beta.bibliotekutvikling.no\/kompetansebank\/barn-og-unge\/\" \/>\n<meta property=\"og:locale\" content=\"nb_NO\" \/>\n<meta property=\"og:type\" content=\"article\" \/>\n<meta property=\"og:title\" content=\"Barn og unge\" \/>\n<meta property=\"og:url\" content=\"https:\/\/beta.bibliotekutvikling.no\/kompetansebank\/barn-og-unge\/\" \/>\n<meta property=\"og:site_name\" content=\"Kompetansebank\" \/>\n<meta property=\"article:publisher\" content=\"https:\/\/www.facebook.com\/bibliotekutvikling\" \/>\n<meta name=\"twitter:card\" content=\"summary_large_image\" \/>\n<meta name=\"twitter:label1\" content=\"Ansl. lesetid\" \/>\n\t<meta name=\"twitter:data1\" content=\"6 minutter\" \/>\n<script type=\"application\/ld+json\" class=\"yoast-schema-graph\">{\"@context\":\"https:\/\/schema.org\",\"@graph\":[{\"@type\":\"WebPage\",\"@id\":\"https:\/\/beta.bibliotekutvikling.no\/kompetansebank\/barn-og-unge\/\",\"url\":\"https:\/\/beta.bibliotekutvikling.no\/kompetansebank\/barn-og-unge\/\",\"name\":\"Barn og unge - Kompetansebank\",\"isPartOf\":{\"@id\":\"https:\/\/beta.bibliotekutvikling.no\/kompetansebank\/#website\"},\"datePublished\":\"2023-04-17T08:39:40+00:00\",\"breadcrumb\":{\"@id\":\"https:\/\/beta.bibliotekutvikling.no\/kompetansebank\/barn-og-unge\/#breadcrumb\"},\"inLanguage\":\"nb-NO\",\"potentialAction\":[{\"@type\":\"ReadAction\",\"target\":[\"https:\/\/beta.bibliotekutvikling.no\/kompetansebank\/barn-og-unge\/\"]}]},{\"@type\":\"BreadcrumbList\",\"@id\":\"https:\/\/beta.bibliotekutvikling.no\/kompetansebank\/barn-og-unge\/#breadcrumb\",\"itemListElement\":[{\"@type\":\"ListItem\",\"position\":1,\"name\":\"Hjem\",\"item\":\"https:\/\/beta.bibliotekutvikling.no\/kompetansebank\/\"},{\"@type\":\"ListItem\",\"position\":2,\"name\":\"Barn og unge\"}]},{\"@type\":\"WebSite\",\"@id\":\"https:\/\/beta.bibliotekutvikling.no\/kompetansebank\/#website\",\"url\":\"https:\/\/beta.bibliotekutvikling.no\/kompetansebank\/\",\"name\":\"Kompetansebank\",\"description\":\"kurs og kunnskap for bibliotekansatte\",\"publisher\":{\"@id\":\"https:\/\/beta.bibliotekutvikling.no\/kompetansebank\/#organization\"},\"potentialAction\":[{\"@type\":\"SearchAction\",\"target\":{\"@type\":\"EntryPoint\",\"urlTemplate\":\"https:\/\/beta.bibliotekutvikling.no\/kompetansebank\/?s={search_term_string}\"},\"query-input\":{\"@type\":\"PropertyValueSpecification\",\"valueRequired\":true,\"valueName\":\"search_term_string\"}}],\"inLanguage\":\"nb-NO\"},{\"@type\":\"Organization\",\"@id\":\"https:\/\/beta.bibliotekutvikling.no\/kompetansebank\/#organization\",\"name\":\"Bibliotekutvikling\",\"url\":\"https:\/\/beta.bibliotekutvikling.no\/kompetansebank\/\",\"logo\":{\"@type\":\"ImageObject\",\"inLanguage\":\"nb-NO\",\"@id\":\"https:\/\/beta.bibliotekutvikling.no\/kompetansebank\/#\/schema\/logo\/image\/\",\"url\":\"https:\/\/bibliotekutvikling.no\/content\/uploads\/sites\/24\/2023\/10\/Favikon-BU.png\",\"contentUrl\":\"https:\/\/bibliotekutvikling.no\/content\/uploads\/sites\/24\/2023\/10\/Favikon-BU.png\",\"width\":1055,\"height\":1054,\"caption\":\"Bibliotekutvikling\"},\"image\":{\"@id\":\"https:\/\/beta.bibliotekutvikling.no\/kompetansebank\/#\/schema\/logo\/image\/\"},\"sameAs\":[\"https:\/\/www.facebook.com\/bibliotekutvikling\"]}]}<\/script>\n<!-- \/ Yoast SEO Premium plugin. -->","yoast_head_json":{"title":"Barn og unge - Kompetansebank","robots":{"index":"index","follow":"follow","max-snippet":"max-snippet:-1","max-image-preview":"max-image-preview:large","max-video-preview":"max-video-preview:-1"},"canonical":"https:\/\/beta.bibliotekutvikling.no\/kompetansebank\/barn-og-unge\/","og_locale":"nb_NO","og_type":"article","og_title":"Barn og unge","og_url":"https:\/\/beta.bibliotekutvikling.no\/kompetansebank\/barn-og-unge\/","og_site_name":"Kompetansebank","article_publisher":"https:\/\/www.facebook.com\/bibliotekutvikling","twitter_card":"summary_large_image","twitter_misc":{"Ansl. lesetid":"6 minutter"},"schema":{"@context":"https:\/\/schema.org","@graph":[{"@type":"WebPage","@id":"https:\/\/beta.bibliotekutvikling.no\/kompetansebank\/barn-og-unge\/","url":"https:\/\/beta.bibliotekutvikling.no\/kompetansebank\/barn-og-unge\/","name":"Barn og unge - Kompetansebank","isPartOf":{"@id":"https:\/\/beta.bibliotekutvikling.no\/kompetansebank\/#website"},"datePublished":"2023-04-17T08:39:40+00:00","breadcrumb":{"@id":"https:\/\/beta.bibliotekutvikling.no\/kompetansebank\/barn-og-unge\/#breadcrumb"},"inLanguage":"nb-NO","potentialAction":[{"@type":"ReadAction","target":["https:\/\/beta.bibliotekutvikling.no\/kompetansebank\/barn-og-unge\/"]}]},{"@type":"BreadcrumbList","@id":"https:\/\/beta.bibliotekutvikling.no\/kompetansebank\/barn-og-unge\/#breadcrumb","itemListElement":[{"@type":"ListItem","position":1,"name":"Hjem","item":"https:\/\/beta.bibliotekutvikling.no\/kompetansebank\/"},{"@type":"ListItem","position":2,"name":"Barn og unge"}]},{"@type":"WebSite","@id":"https:\/\/beta.bibliotekutvikling.no\/kompetansebank\/#website","url":"https:\/\/beta.bibliotekutvikling.no\/kompetansebank\/","name":"Kompetansebank","description":"kurs og kunnskap for bibliotekansatte","publisher":{"@id":"https:\/\/beta.bibliotekutvikling.no\/kompetansebank\/#organization"},"potentialAction":[{"@type":"SearchAction","target":{"@type":"EntryPoint","urlTemplate":"https:\/\/beta.bibliotekutvikling.no\/kompetansebank\/?s={search_term_string}"},"query-input":{"@type":"PropertyValueSpecification","valueRequired":true,"valueName":"search_term_string"}}],"inLanguage":"nb-NO"},{"@type":"Organization","@id":"https:\/\/beta.bibliotekutvikling.no\/kompetansebank\/#organization","name":"Bibliotekutvikling","url":"https:\/\/beta.bibliotekutvikling.no\/kompetansebank\/","logo":{"@type":"ImageObject","inLanguage":"nb-NO","@id":"https:\/\/beta.bibliotekutvikling.no\/kompetansebank\/#\/schema\/logo\/image\/","url":"https:\/\/bibliotekutvikling.no\/content\/uploads\/sites\/24\/2023\/10\/Favikon-BU.png","contentUrl":"https:\/\/bibliotekutvikling.no\/content\/uploads\/sites\/24\/2023\/10\/Favikon-BU.png","width":1055,"height":1054,"caption":"Bibliotekutvikling"},"image":{"@id":"https:\/\/beta.bibliotekutvikling.no\/kompetansebank\/#\/schema\/logo\/image\/"},"sameAs":["https:\/\/www.facebook.com\/bibliotekutvikling"]}]}},"_links":{"self":[{"href":"https:\/\/beta.bibliotekutvikling.no\/kompetansebank\/wp-json\/wp\/v2\/pages\/53","targetHints":{"allow":["GET"]}}],"collection":[{"href":"https:\/\/beta.bibliotekutvikling.no\/kompetansebank\/wp-json\/wp\/v2\/pages"}],"about":[{"href":"https:\/\/beta.bibliotekutvikling.no\/kompetansebank\/wp-json\/wp\/v2\/types\/page"}],"author":[{"embeddable":true,"href":"https:\/\/beta.bibliotekutvikling.no\/kompetansebank\/wp-json\/wp\/v2\/users\/1"}],"replies":[{"embeddable":true,"href":"https:\/\/beta.bibliotekutvikling.no\/kompetansebank\/wp-json\/wp\/v2\/comments?post=53"}],"version-history":[{"count":1,"href":"https:\/\/beta.bibliotekutvikling.no\/kompetansebank\/wp-json\/wp\/v2\/pages\/53\/revisions"}],"predecessor-version":[{"id":54,"href":"https:\/\/beta.bibliotekutvikling.no\/kompetansebank\/wp-json\/wp\/v2\/pages\/53\/revisions\/54"}],"wp:attachment":[{"href":"https:\/\/beta.bibliotekutvikling.no\/kompetansebank\/wp-json\/wp\/v2\/media?parent=53"}],"curies":[{"name":"wp","href":"https:\/\/api.w.org\/{rel}","templated":true}]}}