{"id":1530,"date":"2022-11-15T09:55:37","date_gmt":"2022-11-15T08:55:37","guid":{"rendered":"https:\/\/bibliotekutvikling.no\/kunnskapsorganisering\/?page_id=1530"},"modified":"2023-11-22T15:56:18","modified_gmt":"2023-11-22T14:56:18","slug":"endringer-i-dewey-nar-det-gjelder-grafisk-design-og-kommunikasjonsdesign","status":"publish","type":"page","link":"https:\/\/beta.bibliotekutvikling.no\/kunnskapsorganisering\/norsk-webdewey\/endringer-i-dewey-nar-det-gjelder-grafisk-design-og-kommunikasjonsdesign\/","title":{"rendered":"Endringer i Dewey: Grafisk design og kommunikasjonsdesign"},"content":{"rendered":"\n<p>Endringene innen grafisk design og kommunikasjonsdesign er de mest omfattende endringene siden DDC23 ble lansert. &nbsp;Du kan lese mer om bakgrunnen og prosessen i brev fra OCLC her: <a href=\"https:\/\/drive.google.com\/file\/d\/1cshboqu6h7Ppe2J4ZXz2pqvwaQgEGmAt\/view?usp=sharing\">EPC Exhibit 143-S74.1<\/a>.&nbsp;<\/p>\n\n\n\n<p><strong>744,<\/strong> som ikke har blitt brukt siden utgave 17 (1965) har blitt reaktivert og tatt i bruk som samlenummer for kommunikasjonsdesign, visuell design og grafisk design. Til n\u00e5 har illustrasjon og design v\u00e6rt behandlet sammen i <strong>741.6.<\/strong><\/p>\n\n\n\n<p><strong>741.6<\/strong> skal n\u00e5 brukes til bare illustrasjon, oversiktsverker om illustrasjon og oversiktsverker om spesielle former for tegning.<\/p>\n\n\n\n<p>Design og utsmykning er flyttet fra <strong>745.4.<\/strong><\/p>\n\n\n\n<p>Grafiske designprodukter har f\u00e5tt nummeret <strong>744.7.<\/strong> Det inneb\u00e6rer at <strong>769.55 <\/strong>Frimerker er flyttet til <strong>744.72<\/strong> og &nbsp;og <strong>769.56<\/strong> Papirpenger er flyttet til <strong>744.75<\/strong>.<\/p>\n\n\n\n<p>Tverrfaglige verker om typografi er flyttet fra <strong>686.22<\/strong> til <strong>744.47.<\/strong><\/p>\n\n\n\n<p><strong>686.22 <\/strong>Typografi er blitt mindre inndelt.<\/p>\n\n\n\n<h2 class=\"wp-block-heading is-style-default\">Oversikt over deweynumre som har blitt flyttet eller avviklet<\/h2>\n\n\n\n<p>Under er det en oversikt over dewynumre som har blitt flyttet eller avviklet. Avviklede numre er angitt med hakeparentes.&nbsp;Autoriserte numre er ikke listet opp enkeltvis; alle numre i 744 er nylig autoriserte, det gjelder ogs\u00e5 741.647 og 741.6474.<\/p>\n\n\n\n<p>&nbsp;V\u00e6r ogs\u00e5 oppmerksom p\u00e5 at bygde numre blir ber\u00f8rt av endringene, spesielt dersom det gamle nummeret har blitt avviklet. For eksempel vil et leksikon for design og utsmykning som st\u00e5r p\u00e5 745.403, flyttes til 744.03. Det finnes ogs\u00e5 tilfeller der et emne har blitt flyttet til et \u00abventerom.\u00bb For eksempel blir verker om forfalskede frimerker ved 769.56, som n\u00e5 har generell forminndeling tilf\u00f8yd, n\u00e5 bli degradert til bare 744.72. P\u00e5 samme m\u00e5te blir de tilmappede termene&nbsp; ber\u00f8rt.<\/p>\n\n\n\n<h3 class=\"wp-block-heading is-style-default\" id=\"h-omplasseringer\"><strong>Omplasseringer<\/strong><\/h3>\n\n\n\n<figure class=\"wp-block-table\"><table><tbody><tr><td>F<strong>ra<\/strong><\/td><td><strong>Til<\/strong><\/td><td><strong>Emne<\/strong><\/td><\/tr><tr><td>686.22<\/td><td>744.47<\/td><td>Typografi (tverrfaglige verker)<\/td><\/tr><tr><td>[686.224]<\/td><td>744.452<\/td><td>Skrifttyper (tverrfaglige verker)<\/td><\/tr><tr><td>[686.2252]<\/td><td>744.5<\/td><td>Sideutforming<\/td><\/tr><tr><td>741.6<\/td><td>744<\/td><td>Grafisk design<\/td><\/tr><tr><td>741.674<\/td><td>744.78<\/td><td>Plakater (oversiktsverker)<\/td><\/tr><tr><td>[745.4]<\/td><td>744<\/td><td>Design og utsmykning<\/td><\/tr><tr><td>[745.61]<\/td><td>744.42<\/td><td>Kalligrafi<\/td><\/tr><tr><td>[745.66]<\/td><td>744.62<\/td><td>Heraldisk tegning<\/td><\/tr><tr><td>[745.67]<\/td><td>741.647<\/td><td>Illuminering<\/td><\/tr><tr><td>745.7<\/td><td>741.6<\/td><td>Fargeleggingsb\u00f8ker<\/td><\/tr><tr><td>[769.55]<\/td><td>744.73<\/td><td>Papirpenger<\/td><\/tr><tr><td>[769.559]<\/td><td>744.739<\/td><td>Historie, geografisk behandling, biografier<\/td><\/tr><tr><td>[769.56]<\/td><td>744.72<\/td><td>Frimerker og lignende materiale<\/td><\/tr><tr><td>[769.561]<\/td><td>744.72<\/td><td>FN-frimerker, -skrivemateriell, -omslag<\/td><\/tr><tr><td>[769.562]<\/td><td>744.72<\/td><td>Forfalskede frimerker, omslag, annulleringer<\/td><\/tr><tr><td>[769.563]<\/td><td>744.72<\/td><td>Frimerker til minne om personer og hendelser<\/td><\/tr><tr><td>[769.564]<\/td><td>744.724<\/td><td>Frimerker med ulike bestemte motiver (ikonografi)<\/td><\/tr><tr><td>[769.565]<\/td><td>744.72<\/td><td>Omslag<\/td><\/tr><tr><td>[769.566]<\/td><td>744.72<\/td><td>Helpost<\/td><\/tr><tr><td>[769.567]<\/td><td>744.72<\/td><td>Poststempler, annulleringer, stempler<\/td><\/tr><tr><td>[769.569]<\/td><td>744.729<\/td><td>Historie, geografisk behandling, biografier<\/td><\/tr><tr><td>[769.57]<\/td><td>744.72<\/td><td>Andre merker enn frimerker<\/td><\/tr><\/tbody><\/table><\/figure>\n\n\n\n<h3 class=\"wp-block-heading is-style-default\"><strong>Avviklinger<\/strong><\/h3>\n\n\n\n<figure class=\"wp-block-table\"><table><tbody><tr><td><strong>Fra<\/strong><\/td><td><strong>Til<\/strong><\/td><td><strong>Emne<\/strong><\/td><\/tr><tr><td>[686.221]<\/td><td>686.22<\/td><td>Typest\u00f8ping og skriftst\u00f8ping\u2014trykketeknologi<\/td><\/tr><tr><td>[686.224]<\/td><td>686.22<\/td><td>Skrifttyper\u2014trykketeknologi<\/td><\/tr><tr><td>[686.2253]<\/td><td>686.225<\/td><td>Setting for h\u00e5nd<\/td><\/tr><tr><td>[686.2256]<\/td><td>686.225<\/td><td>Utskyting og l\u00e5sing<\/td><\/tr><\/tbody><\/table><\/figure>\n\n\n\n<h3 class=\"wp-block-heading is-style-default\"><strong>Avviklinger som skyldes at nummeret ikke gir mening i sammenhengen<\/strong><\/h3>\n\n\n\n<figure class=\"wp-block-table\"><table><tbody><tr><td><strong>Fra<\/strong><\/td><td><strong>Emne<\/strong><\/td><\/tr><tr><td>[686.2247]<\/td><td>Bestemte skrifttyper og ulike typer skrifttyper for det latinske alfabet<\/td><\/tr><tr><td>741.6<\/td><td>Reklamekunst<\/td><\/tr><\/tbody><\/table><\/figure>\n\n\n\n<h3 class=\"wp-block-heading is-style-default\"><strong>Utvidelser<\/strong><\/h3>\n\n\n\n<figure class=\"wp-block-table\"><table><tbody><tr><td><strong>Fra<\/strong><\/td><td><strong>Til<\/strong><\/td><td>Emne<\/td><\/tr><tr><td>740<\/td><td>744.4<\/td><td>Typografisk design<\/td><\/tr><\/tbody><\/table><\/figure>\n","protected":false},"excerpt":{"rendered":"","protected":false},"author":6868,"featured_media":0,"parent":290,"menu_order":0,"comment_status":"closed","ping_status":"closed","template":"","meta":{"nb_hide_title":false,"sub_navigation_option":"","sub_navigation_custom_items":null,"footnotes":""},"class_list":["post-1530","page","type-page","status-publish","hentry"],"yoast_head":"<!-- This site is optimized with the Yoast SEO Premium plugin v27.1 (Yoast SEO v27.1.1) - https:\/\/yoast.com\/product\/yoast-seo-premium-wordpress\/ -->\n<title>Endringer i Dewey: Grafisk design og kommunikasjonsdesign - Kunnskapsorganisering<\/title>\n<meta name=\"robots\" content=\"index, follow, max-snippet:-1, max-image-preview:large, max-video-preview:-1\" \/>\n<link rel=\"canonical\" href=\"https:\/\/beta.bibliotekutvikling.no\/kunnskapsorganisering\/norsk-webdewey\/endringer-i-dewey-nar-det-gjelder-grafisk-design-og-kommunikasjonsdesign\/\" \/>\n<meta property=\"og:locale\" content=\"nb_NO\" \/>\n<meta property=\"og:type\" content=\"article\" \/>\n<meta property=\"og:title\" content=\"Endringer i Dewey: Grafisk design og kommunikasjonsdesign\" \/>\n<meta property=\"og:url\" content=\"https:\/\/beta.bibliotekutvikling.no\/kunnskapsorganisering\/norsk-webdewey\/endringer-i-dewey-nar-det-gjelder-grafisk-design-og-kommunikasjonsdesign\/\" \/>\n<meta property=\"og:site_name\" content=\"Kunnskapsorganisering\" \/>\n<meta property=\"article:modified_time\" content=\"2023-11-22T14:56:18+00:00\" \/>\n<meta name=\"twitter:card\" content=\"summary_large_image\" \/>\n<meta name=\"twitter:label1\" content=\"Ansl. lesetid\" \/>\n\t<meta name=\"twitter:data1\" content=\"3 minutter\" \/>\n<script type=\"application\/ld+json\" class=\"yoast-schema-graph\">{\"@context\":\"https:\/\/schema.org\",\"@graph\":[{\"@type\":\"WebPage\",\"@id\":\"https:\/\/beta.bibliotekutvikling.no\/kunnskapsorganisering\/norsk-webdewey\/endringer-i-dewey-nar-det-gjelder-grafisk-design-og-kommunikasjonsdesign\/\",\"url\":\"https:\/\/beta.bibliotekutvikling.no\/kunnskapsorganisering\/norsk-webdewey\/endringer-i-dewey-nar-det-gjelder-grafisk-design-og-kommunikasjonsdesign\/\",\"name\":\"Endringer i Dewey: Grafisk design og kommunikasjonsdesign - Kunnskapsorganisering\",\"isPartOf\":{\"@id\":\"https:\/\/beta.bibliotekutvikling.no\/kunnskapsorganisering\/#website\"},\"datePublished\":\"2022-11-15T08:55:37+00:00\",\"dateModified\":\"2023-11-22T14:56:18+00:00\",\"breadcrumb\":{\"@id\":\"https:\/\/beta.bibliotekutvikling.no\/kunnskapsorganisering\/norsk-webdewey\/endringer-i-dewey-nar-det-gjelder-grafisk-design-og-kommunikasjonsdesign\/#breadcrumb\"},\"inLanguage\":\"nb-NO\",\"potentialAction\":[{\"@type\":\"ReadAction\",\"target\":[\"https:\/\/beta.bibliotekutvikling.no\/kunnskapsorganisering\/norsk-webdewey\/endringer-i-dewey-nar-det-gjelder-grafisk-design-og-kommunikasjonsdesign\/\"]}]},{\"@type\":\"BreadcrumbList\",\"@id\":\"https:\/\/beta.bibliotekutvikling.no\/kunnskapsorganisering\/norsk-webdewey\/endringer-i-dewey-nar-det-gjelder-grafisk-design-og-kommunikasjonsdesign\/#breadcrumb\",\"itemListElement\":[{\"@type\":\"ListItem\",\"position\":1,\"name\":\"Home\",\"item\":\"https:\/\/beta.bibliotekutvikling.no\/kunnskapsorganisering\/\"},{\"@type\":\"ListItem\",\"position\":2,\"name\":\"Norsk WebDewey\",\"item\":\"https:\/\/beta.bibliotekutvikling.no\/kunnskapsorganisering\/norsk-webdewey\/\"},{\"@type\":\"ListItem\",\"position\":3,\"name\":\"Endringer i Dewey: Grafisk design og kommunikasjonsdesign\"}]},{\"@type\":\"WebSite\",\"@id\":\"https:\/\/beta.bibliotekutvikling.no\/kunnskapsorganisering\/#website\",\"url\":\"https:\/\/beta.bibliotekutvikling.no\/kunnskapsorganisering\/\",\"name\":\"Kunnskapsorganisering\",\"description\":\"Ressurser i kunnskapsorganisering\",\"publisher\":{\"@id\":\"https:\/\/beta.bibliotekutvikling.no\/kunnskapsorganisering\/#organization\"},\"potentialAction\":[{\"@type\":\"SearchAction\",\"target\":{\"@type\":\"EntryPoint\",\"urlTemplate\":\"https:\/\/beta.bibliotekutvikling.no\/kunnskapsorganisering\/?s={search_term_string}\"},\"query-input\":{\"@type\":\"PropertyValueSpecification\",\"valueRequired\":true,\"valueName\":\"search_term_string\"}}],\"inLanguage\":\"nb-NO\"},{\"@type\":\"Organization\",\"@id\":\"https:\/\/beta.bibliotekutvikling.no\/kunnskapsorganisering\/#organization\",\"name\":\"Kunnskapsorganisering\",\"url\":\"https:\/\/beta.bibliotekutvikling.no\/kunnskapsorganisering\/\",\"logo\":{\"@type\":\"ImageObject\",\"inLanguage\":\"nb-NO\",\"@id\":\"https:\/\/beta.bibliotekutvikling.no\/kunnskapsorganisering\/#\/schema\/logo\/image\/\",\"url\":\"https:\/\/bibliotekutvikling.no\/content\/uploads\/sites\/8\/2024\/07\/MiniatyrBilde_logo.png\",\"contentUrl\":\"https:\/\/bibliotekutvikling.no\/content\/uploads\/sites\/8\/2024\/07\/MiniatyrBilde_logo.png\",\"width\":824,\"height\":744,\"caption\":\"Kunnskapsorganisering\"},\"image\":{\"@id\":\"https:\/\/beta.bibliotekutvikling.no\/kunnskapsorganisering\/#\/schema\/logo\/image\/\"}}]}<\/script>\n<!-- \/ Yoast SEO Premium plugin. -->","yoast_head_json":{"title":"Endringer i Dewey: Grafisk design og kommunikasjonsdesign - Kunnskapsorganisering","robots":{"index":"index","follow":"follow","max-snippet":"max-snippet:-1","max-image-preview":"max-image-preview:large","max-video-preview":"max-video-preview:-1"},"canonical":"https:\/\/beta.bibliotekutvikling.no\/kunnskapsorganisering\/norsk-webdewey\/endringer-i-dewey-nar-det-gjelder-grafisk-design-og-kommunikasjonsdesign\/","og_locale":"nb_NO","og_type":"article","og_title":"Endringer i Dewey: Grafisk design og kommunikasjonsdesign","og_url":"https:\/\/beta.bibliotekutvikling.no\/kunnskapsorganisering\/norsk-webdewey\/endringer-i-dewey-nar-det-gjelder-grafisk-design-og-kommunikasjonsdesign\/","og_site_name":"Kunnskapsorganisering","article_modified_time":"2023-11-22T14:56:18+00:00","twitter_card":"summary_large_image","twitter_misc":{"Ansl. lesetid":"3 minutter"},"schema":{"@context":"https:\/\/schema.org","@graph":[{"@type":"WebPage","@id":"https:\/\/beta.bibliotekutvikling.no\/kunnskapsorganisering\/norsk-webdewey\/endringer-i-dewey-nar-det-gjelder-grafisk-design-og-kommunikasjonsdesign\/","url":"https:\/\/beta.bibliotekutvikling.no\/kunnskapsorganisering\/norsk-webdewey\/endringer-i-dewey-nar-det-gjelder-grafisk-design-og-kommunikasjonsdesign\/","name":"Endringer i Dewey: Grafisk design og kommunikasjonsdesign - Kunnskapsorganisering","isPartOf":{"@id":"https:\/\/beta.bibliotekutvikling.no\/kunnskapsorganisering\/#website"},"datePublished":"2022-11-15T08:55:37+00:00","dateModified":"2023-11-22T14:56:18+00:00","breadcrumb":{"@id":"https:\/\/beta.bibliotekutvikling.no\/kunnskapsorganisering\/norsk-webdewey\/endringer-i-dewey-nar-det-gjelder-grafisk-design-og-kommunikasjonsdesign\/#breadcrumb"},"inLanguage":"nb-NO","potentialAction":[{"@type":"ReadAction","target":["https:\/\/beta.bibliotekutvikling.no\/kunnskapsorganisering\/norsk-webdewey\/endringer-i-dewey-nar-det-gjelder-grafisk-design-og-kommunikasjonsdesign\/"]}]},{"@type":"BreadcrumbList","@id":"https:\/\/beta.bibliotekutvikling.no\/kunnskapsorganisering\/norsk-webdewey\/endringer-i-dewey-nar-det-gjelder-grafisk-design-og-kommunikasjonsdesign\/#breadcrumb","itemListElement":[{"@type":"ListItem","position":1,"name":"Home","item":"https:\/\/beta.bibliotekutvikling.no\/kunnskapsorganisering\/"},{"@type":"ListItem","position":2,"name":"Norsk WebDewey","item":"https:\/\/beta.bibliotekutvikling.no\/kunnskapsorganisering\/norsk-webdewey\/"},{"@type":"ListItem","position":3,"name":"Endringer i Dewey: Grafisk design og kommunikasjonsdesign"}]},{"@type":"WebSite","@id":"https:\/\/beta.bibliotekutvikling.no\/kunnskapsorganisering\/#website","url":"https:\/\/beta.bibliotekutvikling.no\/kunnskapsorganisering\/","name":"Kunnskapsorganisering","description":"Ressurser i kunnskapsorganisering","publisher":{"@id":"https:\/\/beta.bibliotekutvikling.no\/kunnskapsorganisering\/#organization"},"potentialAction":[{"@type":"SearchAction","target":{"@type":"EntryPoint","urlTemplate":"https:\/\/beta.bibliotekutvikling.no\/kunnskapsorganisering\/?s={search_term_string}"},"query-input":{"@type":"PropertyValueSpecification","valueRequired":true,"valueName":"search_term_string"}}],"inLanguage":"nb-NO"},{"@type":"Organization","@id":"https:\/\/beta.bibliotekutvikling.no\/kunnskapsorganisering\/#organization","name":"Kunnskapsorganisering","url":"https:\/\/beta.bibliotekutvikling.no\/kunnskapsorganisering\/","logo":{"@type":"ImageObject","inLanguage":"nb-NO","@id":"https:\/\/beta.bibliotekutvikling.no\/kunnskapsorganisering\/#\/schema\/logo\/image\/","url":"https:\/\/bibliotekutvikling.no\/content\/uploads\/sites\/8\/2024\/07\/MiniatyrBilde_logo.png","contentUrl":"https:\/\/bibliotekutvikling.no\/content\/uploads\/sites\/8\/2024\/07\/MiniatyrBilde_logo.png","width":824,"height":744,"caption":"Kunnskapsorganisering"},"image":{"@id":"https:\/\/beta.bibliotekutvikling.no\/kunnskapsorganisering\/#\/schema\/logo\/image\/"}}]}},"_links":{"self":[{"href":"https:\/\/beta.bibliotekutvikling.no\/kunnskapsorganisering\/wp-json\/wp\/v2\/pages\/1530","targetHints":{"allow":["GET"]}}],"collection":[{"href":"https:\/\/beta.bibliotekutvikling.no\/kunnskapsorganisering\/wp-json\/wp\/v2\/pages"}],"about":[{"href":"https:\/\/beta.bibliotekutvikling.no\/kunnskapsorganisering\/wp-json\/wp\/v2\/types\/page"}],"author":[{"embeddable":true,"href":"https:\/\/beta.bibliotekutvikling.no\/kunnskapsorganisering\/wp-json\/wp\/v2\/users\/6868"}],"replies":[{"embeddable":true,"href":"https:\/\/beta.bibliotekutvikling.no\/kunnskapsorganisering\/wp-json\/wp\/v2\/comments?post=1530"}],"version-history":[{"count":6,"href":"https:\/\/beta.bibliotekutvikling.no\/kunnskapsorganisering\/wp-json\/wp\/v2\/pages\/1530\/revisions"}],"predecessor-version":[{"id":2129,"href":"https:\/\/beta.bibliotekutvikling.no\/kunnskapsorganisering\/wp-json\/wp\/v2\/pages\/1530\/revisions\/2129"}],"up":[{"embeddable":true,"href":"https:\/\/beta.bibliotekutvikling.no\/kunnskapsorganisering\/wp-json\/wp\/v2\/pages\/290"}],"wp:attachment":[{"href":"https:\/\/beta.bibliotekutvikling.no\/kunnskapsorganisering\/wp-json\/wp\/v2\/media?parent=1530"}],"curies":[{"name":"wp","href":"https:\/\/api.w.org\/{rel}","templated":true}]}}