{"id":1735,"date":"2022-12-19T10:38:40","date_gmt":"2022-12-19T09:38:40","guid":{"rendered":"https:\/\/bibliotekutvikling.no\/kunnskapsorganisering\/?page_id=1735"},"modified":"2023-02-01T14:17:57","modified_gmt":"2023-02-01T13:17:57","slug":"datomarkering-av-dewey-i-katalogen","status":"publish","type":"page","link":"https:\/\/beta.bibliotekutvikling.no\/kunnskapsorganisering\/datomarkering-av-dewey-i-katalogen\/","title":{"rendered":"Datomarkering av Dewey i katalogen"},"content":{"rendered":"\n\t<div class=\"wp-block-nb-byline\">\n\t\t\t\t\t<div class=\"nb-byline__author\">\n\t\t\t\t\t\t\t\t\t<p class=\"nb-byline__role\">Tilvekst og kunnskapsorganisering<\/p>\n\t\t\t\t\t\t\t\t<p class=\"nb-byline__name\">\n\t\t\t\t\t\t\t\t\t<\/p>\n\t\t\t<\/div>\n\t\t\t\t\t\t\t<time class=\"nb-byline__time__published\" datetime=\"2022-12-19T10:38:40+01:00\">\n\t\t\t\t<span>Posted<\/span>\n\t\t\t\t<span>19. desember 2022 10:38<\/span>\n\t\t\t<\/time>\n\t\t\t\t\t\t\t\t\t<time class=\"nb-byline__time__updated\" datetime=\"2023-02-01T14:17:57+01:00\" >\n\t\t\t\t\t\t<span>Updated<\/span>\n\t\t\t\t\t\t<span>1. februar 2023 14:17<\/span>\n\t\t\t\t\t<\/time>\n\t\t\t\t\t\t\t<\/div>\n\t\n\n\n<p>Siden 2011 har Deweys desimalklassifikasjon kun eksistert i nettversjon, og blitt oppdatert l\u00f8pende ved endringer og utvidelser. Dette gj\u00f8r oppgraderingsarbeidet mer effektivt, men en ulempe er at man ikke har kunnet se hvilken versjon man har hentet deweynummeret fra.<\/p>\n\n\n\n<p>For eksempel har det ikke v\u00e6rt mulig \u00e5 skille mellom et nummer som kan ha v\u00e6rt riktig i 2016, men ikke lenger er det i 2022. Det har heller ikke v\u00e6rt mulig \u00e5 skille mellom papirutgaven og webutgaven.<\/p>\n\n\n\n<p>For \u00e5 pr\u00f8ve \u00e5 l\u00f8se dette har MARC 21 n\u00e5 innf\u00f8rt et tillegg i&nbsp; <a href=\"https:\/\/www.loc.gov\/marc\/bibliographic\/concise\/bd082.html\">082 $2<\/a>. Der kan man legge inn datoen for n\u00e5r man har hentet klassenummeret i WebDewey, eller \u00e5rstall hvis man bruker de trykte utgavene av DDK.<\/p>\n\n\n\n<p>Slik kan man f\u00f8lge med p\u00e5 endringer i nummer, og det betyr at det er viktig \u00e5 sjekke Norsk WebDewey n\u00e5r man gjenbruker klassenumre. Hvis nummeret er endret, m\u00e5 det nye nummeret registreres i en ny 082.<\/p>\n\n\n\n\t\t<div class=\"t2-factbox wp-block-t2-factbox\" id=\"t2-factbox\">\n\t\t\t<div class=\"t2-factbox__content\">\n\t\t\t\t<div class=\"t2-factbox__blocks t2-factbox__inner-container is-layout-flow\">\n\t\t\t\t\t\n\n<h3 class=\"wp-block-heading\">Eksempel:<\/h3>\n\n\n\n<p>En bok om design vil n\u00e5 f\u00e5 ulikt nummer avhengig av om den er klassifisert f\u00f8r eller etter endringene av numrene for design i 2022.<\/p>\n\n\n\n<p><strong>0820# $a<\/strong>741.6<strong>$2<\/strong>23\/nor\/20220707<\/p>\n\n\n\n<p>(nummer for grafisk design f\u00f8r 22-08-15)<\/p>\n\n\n\n<p><strong>0820# $a<\/strong>744<strong>$2<\/strong>23\/nor\/20221121<\/p>\n\n\n\n<p>(nummer for grafisk design etter 22-08-15)<\/p>\n\n\n\t\t\t\t<\/div>\n\t\t\t\t\n\t\t\t<\/div>\n\t\t\t\n\t\t<\/div>\n\n\n<p><a href=\"https:\/\/bibliotekutvikling.no\/kunnskapsorganisering\/norsk-webdewey\/anbefalinger\/\">I forbindelse med denne endringen har emnedatakomit\u00e9en revidert  Anbefalinger til bruk av Norsk WebDewey<\/a><\/p>\n\n\n<ul class=\"t2-link-list has-1-items has-auto-columns wp-block-t2-link-list\">\n\t<li class=\"t2-link-list-item wp-block-t2-link-list-item\">\n\t\t<a\n\t\t\thref=\"https:\/\/bibliotekutvikling.no\/content\/uploads\/sites\/8\/2023\/02\/Datomarkering.pptx\"\n\t\t\tclass=\"t2-link-list-item__link t2-link-list__icon--right\"\n\t\t\t\t\t>\n\t\t\t<span class=\"t2-link-list-item__icon\"><span class=\"t2-link-list-item__icon-box\"><\/span><svg xmlns=\"http:\/\/www.w3.org\/2000\/svg\" viewBox=\"0 0 24 24\" height=\"24\" width=\"24\" class=\"t2-icon t2-icon-external\" aria-hidden=\"true\" focusable=\"false\"><path d=\"M19 19H5V5h7V3H3v18h18v-9h-2v7zM14 3v2h3.6l-9.8 9.8 1.4 1.4L19 6.4V10h2V3h-7z\"\/><\/svg><\/span>\t\t\t<div class=\"t2-link-list-item__content\">\n\n\t\t\t\t\n\t\t\t\t<span id=\"link-list-item-text\" class=\"t2-link-list-item__text\">\n\t\t\t\t\tPresentasjon om datomarkering til Sikt-webinar, av Ingebj\u00f8rg Ryp (ppt) \t\t\t\t<\/span>\n\t\t\t\t\t\t\t<\/div>\n\t\t<\/a>\n\t<\/li>\n\t\n<\/ul>","protected":false},"excerpt":{"rendered":"","protected":false},"author":6868,"featured_media":1737,"parent":0,"menu_order":0,"comment_status":"closed","ping_status":"closed","template":"","meta":{"nb_hide_title":false,"sub_navigation_option":"","sub_navigation_custom_items":[],"footnotes":""},"class_list":["post-1735","page","type-page","status-publish","has-post-thumbnail","hentry"],"yoast_head":"<!-- This site is optimized with the Yoast SEO Premium plugin v27.1 (Yoast SEO v27.1.1) - https:\/\/yoast.com\/product\/yoast-seo-premium-wordpress\/ -->\n<title>Datomarkering av Dewey i katalogen - Kunnskapsorganisering<\/title>\n<meta name=\"robots\" content=\"index, follow, max-snippet:-1, max-image-preview:large, max-video-preview:-1\" \/>\n<link rel=\"canonical\" href=\"https:\/\/beta.bibliotekutvikling.no\/kunnskapsorganisering\/datomarkering-av-dewey-i-katalogen\/\" \/>\n<meta property=\"og:locale\" content=\"nb_NO\" \/>\n<meta property=\"og:type\" content=\"article\" \/>\n<meta property=\"og:title\" content=\"Datomarkering av Dewey i katalogen\" \/>\n<meta property=\"og:url\" content=\"https:\/\/beta.bibliotekutvikling.no\/kunnskapsorganisering\/datomarkering-av-dewey-i-katalogen\/\" \/>\n<meta property=\"og:site_name\" content=\"Kunnskapsorganisering\" \/>\n<meta property=\"article:modified_time\" content=\"2023-02-01T13:17:57+00:00\" \/>\n<meta property=\"og:image\" content=\"https:\/\/beta.bibliotekutvikling.no\/content\/uploads\/sites\/8\/2022\/12\/Lambertseter_bibliotek_NETT-9.jpg\" \/>\n\t<meta property=\"og:image:width\" content=\"2500\" \/>\n\t<meta property=\"og:image:height\" content=\"1669\" \/>\n\t<meta property=\"og:image:type\" content=\"image\/jpeg\" \/>\n<meta name=\"twitter:card\" content=\"summary_large_image\" \/>\n<meta name=\"twitter:label1\" content=\"Ansl. lesetid\" \/>\n\t<meta name=\"twitter:data1\" content=\"1 minutt\" \/>\n<script type=\"application\/ld+json\" class=\"yoast-schema-graph\">{\"@context\":\"https:\/\/schema.org\",\"@graph\":[{\"@type\":\"WebPage\",\"@id\":\"https:\/\/beta.bibliotekutvikling.no\/kunnskapsorganisering\/datomarkering-av-dewey-i-katalogen\/\",\"url\":\"https:\/\/beta.bibliotekutvikling.no\/kunnskapsorganisering\/datomarkering-av-dewey-i-katalogen\/\",\"name\":\"Datomarkering av Dewey i katalogen - Kunnskapsorganisering\",\"isPartOf\":{\"@id\":\"https:\/\/beta.bibliotekutvikling.no\/kunnskapsorganisering\/#website\"},\"primaryImageOfPage\":{\"@id\":\"https:\/\/beta.bibliotekutvikling.no\/kunnskapsorganisering\/datomarkering-av-dewey-i-katalogen\/#primaryimage\"},\"image\":{\"@id\":\"https:\/\/beta.bibliotekutvikling.no\/kunnskapsorganisering\/datomarkering-av-dewey-i-katalogen\/#primaryimage\"},\"thumbnailUrl\":\"https:\/\/beta.bibliotekutvikling.no\/content\/uploads\/sites\/8\/2022\/12\/Lambertseter_bibliotek_NETT-9.jpg\",\"datePublished\":\"2022-12-19T09:38:40+00:00\",\"dateModified\":\"2023-02-01T13:17:57+00:00\",\"breadcrumb\":{\"@id\":\"https:\/\/beta.bibliotekutvikling.no\/kunnskapsorganisering\/datomarkering-av-dewey-i-katalogen\/#breadcrumb\"},\"inLanguage\":\"nb-NO\",\"potentialAction\":[{\"@type\":\"ReadAction\",\"target\":[\"https:\/\/beta.bibliotekutvikling.no\/kunnskapsorganisering\/datomarkering-av-dewey-i-katalogen\/\"]}]},{\"@type\":\"ImageObject\",\"inLanguage\":\"nb-NO\",\"@id\":\"https:\/\/beta.bibliotekutvikling.no\/kunnskapsorganisering\/datomarkering-av-dewey-i-katalogen\/#primaryimage\",\"url\":\"https:\/\/beta.bibliotekutvikling.no\/content\/uploads\/sites\/8\/2022\/12\/Lambertseter_bibliotek_NETT-9.jpg\",\"contentUrl\":\"https:\/\/beta.bibliotekutvikling.no\/content\/uploads\/sites\/8\/2022\/12\/Lambertseter_bibliotek_NETT-9.jpg\",\"width\":2500,\"height\":1669},{\"@type\":\"BreadcrumbList\",\"@id\":\"https:\/\/beta.bibliotekutvikling.no\/kunnskapsorganisering\/datomarkering-av-dewey-i-katalogen\/#breadcrumb\",\"itemListElement\":[{\"@type\":\"ListItem\",\"position\":1,\"name\":\"Home\",\"item\":\"https:\/\/beta.bibliotekutvikling.no\/kunnskapsorganisering\/\"},{\"@type\":\"ListItem\",\"position\":2,\"name\":\"Datomarkering av Dewey i katalogen\"}]},{\"@type\":\"WebSite\",\"@id\":\"https:\/\/beta.bibliotekutvikling.no\/kunnskapsorganisering\/#website\",\"url\":\"https:\/\/beta.bibliotekutvikling.no\/kunnskapsorganisering\/\",\"name\":\"Kunnskapsorganisering\",\"description\":\"Ressurser i kunnskapsorganisering\",\"publisher\":{\"@id\":\"https:\/\/beta.bibliotekutvikling.no\/kunnskapsorganisering\/#organization\"},\"potentialAction\":[{\"@type\":\"SearchAction\",\"target\":{\"@type\":\"EntryPoint\",\"urlTemplate\":\"https:\/\/beta.bibliotekutvikling.no\/kunnskapsorganisering\/?s={search_term_string}\"},\"query-input\":{\"@type\":\"PropertyValueSpecification\",\"valueRequired\":true,\"valueName\":\"search_term_string\"}}],\"inLanguage\":\"nb-NO\"},{\"@type\":\"Organization\",\"@id\":\"https:\/\/beta.bibliotekutvikling.no\/kunnskapsorganisering\/#organization\",\"name\":\"Kunnskapsorganisering\",\"url\":\"https:\/\/beta.bibliotekutvikling.no\/kunnskapsorganisering\/\",\"logo\":{\"@type\":\"ImageObject\",\"inLanguage\":\"nb-NO\",\"@id\":\"https:\/\/beta.bibliotekutvikling.no\/kunnskapsorganisering\/#\/schema\/logo\/image\/\",\"url\":\"https:\/\/bibliotekutvikling.no\/content\/uploads\/sites\/8\/2024\/07\/MiniatyrBilde_logo.png\",\"contentUrl\":\"https:\/\/bibliotekutvikling.no\/content\/uploads\/sites\/8\/2024\/07\/MiniatyrBilde_logo.png\",\"width\":824,\"height\":744,\"caption\":\"Kunnskapsorganisering\"},\"image\":{\"@id\":\"https:\/\/beta.bibliotekutvikling.no\/kunnskapsorganisering\/#\/schema\/logo\/image\/\"}}]}<\/script>\n<!-- \/ Yoast SEO Premium plugin. -->","yoast_head_json":{"title":"Datomarkering av Dewey i katalogen - Kunnskapsorganisering","robots":{"index":"index","follow":"follow","max-snippet":"max-snippet:-1","max-image-preview":"max-image-preview:large","max-video-preview":"max-video-preview:-1"},"canonical":"https:\/\/beta.bibliotekutvikling.no\/kunnskapsorganisering\/datomarkering-av-dewey-i-katalogen\/","og_locale":"nb_NO","og_type":"article","og_title":"Datomarkering av Dewey i katalogen","og_url":"https:\/\/beta.bibliotekutvikling.no\/kunnskapsorganisering\/datomarkering-av-dewey-i-katalogen\/","og_site_name":"Kunnskapsorganisering","article_modified_time":"2023-02-01T13:17:57+00:00","og_image":[{"width":2500,"height":1669,"url":"https:\/\/beta.bibliotekutvikling.no\/content\/uploads\/sites\/8\/2022\/12\/Lambertseter_bibliotek_NETT-9.jpg","type":"image\/jpeg"}],"twitter_card":"summary_large_image","twitter_misc":{"Ansl. lesetid":"1 minutt"},"schema":{"@context":"https:\/\/schema.org","@graph":[{"@type":"WebPage","@id":"https:\/\/beta.bibliotekutvikling.no\/kunnskapsorganisering\/datomarkering-av-dewey-i-katalogen\/","url":"https:\/\/beta.bibliotekutvikling.no\/kunnskapsorganisering\/datomarkering-av-dewey-i-katalogen\/","name":"Datomarkering av Dewey i katalogen - Kunnskapsorganisering","isPartOf":{"@id":"https:\/\/beta.bibliotekutvikling.no\/kunnskapsorganisering\/#website"},"primaryImageOfPage":{"@id":"https:\/\/beta.bibliotekutvikling.no\/kunnskapsorganisering\/datomarkering-av-dewey-i-katalogen\/#primaryimage"},"image":{"@id":"https:\/\/beta.bibliotekutvikling.no\/kunnskapsorganisering\/datomarkering-av-dewey-i-katalogen\/#primaryimage"},"thumbnailUrl":"https:\/\/beta.bibliotekutvikling.no\/content\/uploads\/sites\/8\/2022\/12\/Lambertseter_bibliotek_NETT-9.jpg","datePublished":"2022-12-19T09:38:40+00:00","dateModified":"2023-02-01T13:17:57+00:00","breadcrumb":{"@id":"https:\/\/beta.bibliotekutvikling.no\/kunnskapsorganisering\/datomarkering-av-dewey-i-katalogen\/#breadcrumb"},"inLanguage":"nb-NO","potentialAction":[{"@type":"ReadAction","target":["https:\/\/beta.bibliotekutvikling.no\/kunnskapsorganisering\/datomarkering-av-dewey-i-katalogen\/"]}]},{"@type":"ImageObject","inLanguage":"nb-NO","@id":"https:\/\/beta.bibliotekutvikling.no\/kunnskapsorganisering\/datomarkering-av-dewey-i-katalogen\/#primaryimage","url":"https:\/\/beta.bibliotekutvikling.no\/content\/uploads\/sites\/8\/2022\/12\/Lambertseter_bibliotek_NETT-9.jpg","contentUrl":"https:\/\/beta.bibliotekutvikling.no\/content\/uploads\/sites\/8\/2022\/12\/Lambertseter_bibliotek_NETT-9.jpg","width":2500,"height":1669},{"@type":"BreadcrumbList","@id":"https:\/\/beta.bibliotekutvikling.no\/kunnskapsorganisering\/datomarkering-av-dewey-i-katalogen\/#breadcrumb","itemListElement":[{"@type":"ListItem","position":1,"name":"Home","item":"https:\/\/beta.bibliotekutvikling.no\/kunnskapsorganisering\/"},{"@type":"ListItem","position":2,"name":"Datomarkering av Dewey i katalogen"}]},{"@type":"WebSite","@id":"https:\/\/beta.bibliotekutvikling.no\/kunnskapsorganisering\/#website","url":"https:\/\/beta.bibliotekutvikling.no\/kunnskapsorganisering\/","name":"Kunnskapsorganisering","description":"Ressurser i kunnskapsorganisering","publisher":{"@id":"https:\/\/beta.bibliotekutvikling.no\/kunnskapsorganisering\/#organization"},"potentialAction":[{"@type":"SearchAction","target":{"@type":"EntryPoint","urlTemplate":"https:\/\/beta.bibliotekutvikling.no\/kunnskapsorganisering\/?s={search_term_string}"},"query-input":{"@type":"PropertyValueSpecification","valueRequired":true,"valueName":"search_term_string"}}],"inLanguage":"nb-NO"},{"@type":"Organization","@id":"https:\/\/beta.bibliotekutvikling.no\/kunnskapsorganisering\/#organization","name":"Kunnskapsorganisering","url":"https:\/\/beta.bibliotekutvikling.no\/kunnskapsorganisering\/","logo":{"@type":"ImageObject","inLanguage":"nb-NO","@id":"https:\/\/beta.bibliotekutvikling.no\/kunnskapsorganisering\/#\/schema\/logo\/image\/","url":"https:\/\/bibliotekutvikling.no\/content\/uploads\/sites\/8\/2024\/07\/MiniatyrBilde_logo.png","contentUrl":"https:\/\/bibliotekutvikling.no\/content\/uploads\/sites\/8\/2024\/07\/MiniatyrBilde_logo.png","width":824,"height":744,"caption":"Kunnskapsorganisering"},"image":{"@id":"https:\/\/beta.bibliotekutvikling.no\/kunnskapsorganisering\/#\/schema\/logo\/image\/"}}]}},"_links":{"self":[{"href":"https:\/\/beta.bibliotekutvikling.no\/kunnskapsorganisering\/wp-json\/wp\/v2\/pages\/1735","targetHints":{"allow":["GET"]}}],"collection":[{"href":"https:\/\/beta.bibliotekutvikling.no\/kunnskapsorganisering\/wp-json\/wp\/v2\/pages"}],"about":[{"href":"https:\/\/beta.bibliotekutvikling.no\/kunnskapsorganisering\/wp-json\/wp\/v2\/types\/page"}],"author":[{"embeddable":true,"href":"https:\/\/beta.bibliotekutvikling.no\/kunnskapsorganisering\/wp-json\/wp\/v2\/users\/6868"}],"replies":[{"embeddable":true,"href":"https:\/\/beta.bibliotekutvikling.no\/kunnskapsorganisering\/wp-json\/wp\/v2\/comments?post=1735"}],"version-history":[{"count":2,"href":"https:\/\/beta.bibliotekutvikling.no\/kunnskapsorganisering\/wp-json\/wp\/v2\/pages\/1735\/revisions"}],"predecessor-version":[{"id":1784,"href":"https:\/\/beta.bibliotekutvikling.no\/kunnskapsorganisering\/wp-json\/wp\/v2\/pages\/1735\/revisions\/1784"}],"wp:featuredmedia":[{"embeddable":true,"href":"https:\/\/beta.bibliotekutvikling.no\/kunnskapsorganisering\/wp-json\/wp\/v2\/media\/1737"}],"wp:attachment":[{"href":"https:\/\/beta.bibliotekutvikling.no\/kunnskapsorganisering\/wp-json\/wp\/v2\/media?parent=1735"}],"curies":[{"name":"wp","href":"https:\/\/api.w.org\/{rel}","templated":true}]}}