{"id":1895,"date":"2023-06-12T14:28:09","date_gmt":"2023-06-12T12:28:09","guid":{"rendered":"https:\/\/bibliotekutvikling.no\/kunnskapsorganisering\/?page_id=1895"},"modified":"2024-07-03T09:52:31","modified_gmt":"2024-07-03T07:52:31","slug":"oversatte-publikasjoner-i-nasjonalbibliografien","status":"publish","type":"page","link":"https:\/\/beta.bibliotekutvikling.no\/kunnskapsorganisering\/uthenting-av-data-fra-nasjonalbibliografien\/oversatte-publikasjoner-i-nasjonalbibliografien\/","title":{"rendered":"Oversatte publikasjoner i Nasjonalbibliografien \/ Translated publications in the National Bibliography\u00a0"},"content":{"rendered":"\n<p>Listene gir oversikt over publikasjoner som er oversatt til norsk fra f\u00f8lgende spr\u00e5k (antall oversatte b\u00f8ker).&nbsp;<\/p>\n\n\n\n<p>The lists provide an overview of publications that have been translated into Norwegian from the following languages (number of translated publications).&nbsp;<\/p>\n\n\n\n<h3 class=\"wp-block-heading\">Svensk\/Swedish\u202f\u202f&nbsp;<\/h3>\n\n\n\n<p><a href=\"https:\/\/bibliotekutvikling.no\/content\/uploads\/sites\/8\/2024\/07\/Oversatt-fra-svensk-2021.txt\">2021<\/a> (221) &#8211; <a href=\"https:\/\/bibliotekutvikling.no\/content\/uploads\/sites\/8\/2024\/07\/Oversatt-fra-svensk-2022.txt\">2022<\/a> (248)\u00a0&#8211; <a href=\"https:\/\/bibliotekutvikling.no\/content\/uploads\/sites\/8\/2024\/07\/Oversatt-fra-svensk-2023.txt\">2023<\/a> (252)<\/p>\n\n\n\n<h3 class=\"wp-block-heading\">Dansk\/Danish\u202f&nbsp;<\/h3>\n\n\n\n<p><a href=\"https:\/\/bibliotekutvikling.no\/content\/uploads\/sites\/8\/2024\/07\/Oversatt-fra-dansk-2021.txt\">2021 <\/a>(99) &#8211; <a href=\"https:\/\/bibliotekutvikling.no\/content\/uploads\/sites\/8\/2024\/07\/Oversatt-fra-dansk-2022.txt\">2022<\/a> (93)\u00a0&#8211; <a href=\"https:\/\/bibliotekutvikling.no\/content\/uploads\/sites\/8\/2024\/07\/Oversatt-fra-dansk-2023.txt\">2023<\/a> (257)<\/p>\n\n\n\n<h3 class=\"wp-block-heading\">Finsk\/Finnish\u202f\u202f&nbsp;<\/h3>\n\n\n\n<p><a href=\"https:\/\/bibliotekutvikling.no\/content\/uploads\/sites\/8\/2024\/07\/Oversatt-fra-finsk-2021.txt\">2021<\/a> (12) &#8211; <a href=\"https:\/\/bibliotekutvikling.no\/content\/uploads\/sites\/8\/2024\/07\/Oversatt-fra-finsk-2022.txt\">2022<\/a> (11)\u00a0&#8211; <a href=\"https:\/\/bibliotekutvikling.no\/content\/uploads\/sites\/8\/2024\/07\/Oversatt-fra-finsk-2023.txt\">2023<\/a> (15)<\/p>\n\n\n\n<h3 class=\"wp-block-heading\">Islandsk\/Icelandic&nbsp;<\/h3>\n\n\n\n<p><a href=\"https:\/\/bibliotekutvikling.no\/content\/uploads\/sites\/8\/2024\/07\/Oversatt-fra-islandsk-2021.txt\">2021 <\/a>(17) &#8211; <a href=\"https:\/\/bibliotekutvikling.no\/content\/uploads\/sites\/8\/2024\/07\/Oversatt-fra-islandsk-2022.txt\">2022 <\/a>(9)\u00a0&#8211; <a href=\"https:\/\/bibliotekutvikling.no\/content\/uploads\/sites\/8\/2024\/07\/Oversatt-fra-islandsk-2023.txt\">2023<\/a> (11)<\/p>\n\n\n\n<h3 class=\"wp-block-heading\">Engelsk\/English&nbsp;<\/h3>\n\n\n\n<p><a href=\"https:\/\/bibliotekutvikling.no\/content\/uploads\/sites\/8\/2024\/07\/Oversatt-fra-engelsk-2021.txt\">2021<\/a> (1393) &#8211; <a href=\"https:\/\/bibliotekutvikling.no\/content\/uploads\/sites\/8\/2024\/07\/Oversatt-fra-engelsk-2022.txt\">2022<\/a> (1221)\u00a0&#8211; <a href=\"https:\/\/bibliotekutvikling.no\/content\/uploads\/sites\/8\/2024\/07\/Oversatt-fra-engelsk-2023.txt\">2023<\/a> (1328)<\/p>\n\n\n\n<h3 class=\"wp-block-heading\">Tysk\/German&nbsp;<\/h3>\n\n\n\n<p><a href=\"https:\/\/bibliotekutvikling.no\/content\/uploads\/sites\/8\/2024\/07\/Oversatt-fra-tysk-2021.txt\">2021<\/a> (72) &#8211; <a href=\"https:\/\/bibliotekutvikling.no\/content\/uploads\/sites\/8\/2024\/07\/Oversatt-fra-tysk-2022.txt\">2022<\/a> (63)\u00a0\u00a0&#8211; <a href=\"https:\/\/bibliotekutvikling.no\/content\/uploads\/sites\/8\/2024\/07\/Oversatt-fra-tysk-2023.txt\">2023<\/a> (63)<\/p>\n\n\n\n<h3 class=\"wp-block-heading\">Fransk\/French\u202f&nbsp;<\/h3>\n\n\n\n<p><a href=\"https:\/\/bibliotekutvikling.no\/content\/uploads\/sites\/8\/2024\/07\/Oversatt-fra-fransk-2021.txt\">2021<\/a> (94) &#8211; <a href=\"https:\/\/bibliotekutvikling.no\/content\/uploads\/sites\/8\/2024\/07\/Oversatt-fra-fransk-2022.txt\">2022<\/a> (93)\u00a0&#8211; <a href=\"https:\/\/bibliotekutvikling.no\/content\/uploads\/sites\/8\/2024\/07\/Oversatt-fra-fransk-2023.txt\">2023<\/a> (101)<\/p>\n\n\n\n<h3 class=\"wp-block-heading\">Spansk\/Spanish&nbsp;<\/h3>\n\n\n\n<p><a href=\"https:\/\/bibliotekutvikling.no\/content\/uploads\/sites\/8\/2024\/07\/Oversatt-fra-spansk-2021.txt\">2021<\/a> (22) &#8211; <a href=\"https:\/\/bibliotekutvikling.no\/content\/uploads\/sites\/8\/2024\/07\/Oversatt-fra-spansk-2022.txt\">2022<\/a> (24)\u00a0&#8211; <a href=\"https:\/\/bibliotekutvikling.no\/content\/uploads\/sites\/8\/2024\/07\/Oversatt-fra-spansk-2023.txt\">2023<\/a> (13)<\/p>\n","protected":false},"excerpt":{"rendered":"","protected":false},"author":6868,"featured_media":0,"parent":1887,"menu_order":0,"comment_status":"closed","ping_status":"closed","template":"","meta":{"nb_hide_title":false,"sub_navigation_option":"","sub_navigation_custom_items":[],"footnotes":""},"class_list":["post-1895","page","type-page","status-publish","hentry"],"yoast_head":"<!-- This site is optimized with the Yoast SEO Premium plugin v27.1 (Yoast SEO v27.1.1) - https:\/\/yoast.com\/product\/yoast-seo-premium-wordpress\/ -->\n<title>Oversatte publikasjoner i Nasjonalbibliografien \/ Translated publications in the National Bibliography\u00a0 - Kunnskapsorganisering<\/title>\n<meta name=\"robots\" content=\"index, follow, max-snippet:-1, max-image-preview:large, max-video-preview:-1\" \/>\n<link rel=\"canonical\" href=\"https:\/\/beta.bibliotekutvikling.no\/kunnskapsorganisering\/uthenting-av-data-fra-nasjonalbibliografien\/oversatte-publikasjoner-i-nasjonalbibliografien\/\" \/>\n<meta property=\"og:locale\" content=\"nb_NO\" \/>\n<meta property=\"og:type\" content=\"article\" \/>\n<meta property=\"og:title\" content=\"Oversatte publikasjoner i Nasjonalbibliografien \/ Translated publications in the National Bibliography\u00a0\" \/>\n<meta property=\"og:url\" content=\"https:\/\/beta.bibliotekutvikling.no\/kunnskapsorganisering\/uthenting-av-data-fra-nasjonalbibliografien\/oversatte-publikasjoner-i-nasjonalbibliografien\/\" \/>\n<meta property=\"og:site_name\" content=\"Kunnskapsorganisering\" \/>\n<meta property=\"article:modified_time\" content=\"2024-07-03T07:52:31+00:00\" \/>\n<meta name=\"twitter:card\" content=\"summary_large_image\" \/>\n<meta name=\"twitter:label1\" content=\"Ansl. lesetid\" \/>\n\t<meta name=\"twitter:data1\" content=\"1 minutt\" \/>\n<script type=\"application\/ld+json\" class=\"yoast-schema-graph\">{\"@context\":\"https:\/\/schema.org\",\"@graph\":[{\"@type\":\"WebPage\",\"@id\":\"https:\/\/beta.bibliotekutvikling.no\/kunnskapsorganisering\/uthenting-av-data-fra-nasjonalbibliografien\/oversatte-publikasjoner-i-nasjonalbibliografien\/\",\"url\":\"https:\/\/beta.bibliotekutvikling.no\/kunnskapsorganisering\/uthenting-av-data-fra-nasjonalbibliografien\/oversatte-publikasjoner-i-nasjonalbibliografien\/\",\"name\":\"Oversatte publikasjoner i Nasjonalbibliografien \/ Translated publications in the National Bibliography\u00a0 - Kunnskapsorganisering\",\"isPartOf\":{\"@id\":\"https:\/\/beta.bibliotekutvikling.no\/kunnskapsorganisering\/#website\"},\"datePublished\":\"2023-06-12T12:28:09+00:00\",\"dateModified\":\"2024-07-03T07:52:31+00:00\",\"breadcrumb\":{\"@id\":\"https:\/\/beta.bibliotekutvikling.no\/kunnskapsorganisering\/uthenting-av-data-fra-nasjonalbibliografien\/oversatte-publikasjoner-i-nasjonalbibliografien\/#breadcrumb\"},\"inLanguage\":\"nb-NO\",\"potentialAction\":[{\"@type\":\"ReadAction\",\"target\":[\"https:\/\/beta.bibliotekutvikling.no\/kunnskapsorganisering\/uthenting-av-data-fra-nasjonalbibliografien\/oversatte-publikasjoner-i-nasjonalbibliografien\/\"]}]},{\"@type\":\"BreadcrumbList\",\"@id\":\"https:\/\/beta.bibliotekutvikling.no\/kunnskapsorganisering\/uthenting-av-data-fra-nasjonalbibliografien\/oversatte-publikasjoner-i-nasjonalbibliografien\/#breadcrumb\",\"itemListElement\":[{\"@type\":\"ListItem\",\"position\":1,\"name\":\"Home\",\"item\":\"https:\/\/beta.bibliotekutvikling.no\/kunnskapsorganisering\/\"},{\"@type\":\"ListItem\",\"position\":2,\"name\":\"Uthenting av data fra nasjonalbibliografien\u00a0\",\"item\":\"https:\/\/beta.bibliotekutvikling.no\/kunnskapsorganisering\/uthenting-av-data-fra-nasjonalbibliografien\/\"},{\"@type\":\"ListItem\",\"position\":3,\"name\":\"Oversatte publikasjoner i Nasjonalbibliografien \/ Translated publications in the National Bibliography\u00a0\"}]},{\"@type\":\"WebSite\",\"@id\":\"https:\/\/beta.bibliotekutvikling.no\/kunnskapsorganisering\/#website\",\"url\":\"https:\/\/beta.bibliotekutvikling.no\/kunnskapsorganisering\/\",\"name\":\"Kunnskapsorganisering\",\"description\":\"Ressurser i kunnskapsorganisering\",\"publisher\":{\"@id\":\"https:\/\/beta.bibliotekutvikling.no\/kunnskapsorganisering\/#organization\"},\"potentialAction\":[{\"@type\":\"SearchAction\",\"target\":{\"@type\":\"EntryPoint\",\"urlTemplate\":\"https:\/\/beta.bibliotekutvikling.no\/kunnskapsorganisering\/?s={search_term_string}\"},\"query-input\":{\"@type\":\"PropertyValueSpecification\",\"valueRequired\":true,\"valueName\":\"search_term_string\"}}],\"inLanguage\":\"nb-NO\"},{\"@type\":\"Organization\",\"@id\":\"https:\/\/beta.bibliotekutvikling.no\/kunnskapsorganisering\/#organization\",\"name\":\"Kunnskapsorganisering\",\"url\":\"https:\/\/beta.bibliotekutvikling.no\/kunnskapsorganisering\/\",\"logo\":{\"@type\":\"ImageObject\",\"inLanguage\":\"nb-NO\",\"@id\":\"https:\/\/beta.bibliotekutvikling.no\/kunnskapsorganisering\/#\/schema\/logo\/image\/\",\"url\":\"https:\/\/bibliotekutvikling.no\/content\/uploads\/sites\/8\/2024\/07\/MiniatyrBilde_logo.png\",\"contentUrl\":\"https:\/\/bibliotekutvikling.no\/content\/uploads\/sites\/8\/2024\/07\/MiniatyrBilde_logo.png\",\"width\":824,\"height\":744,\"caption\":\"Kunnskapsorganisering\"},\"image\":{\"@id\":\"https:\/\/beta.bibliotekutvikling.no\/kunnskapsorganisering\/#\/schema\/logo\/image\/\"}}]}<\/script>\n<!-- \/ Yoast SEO Premium plugin. -->","yoast_head_json":{"title":"Oversatte publikasjoner i Nasjonalbibliografien \/ Translated publications in the National Bibliography\u00a0 - Kunnskapsorganisering","robots":{"index":"index","follow":"follow","max-snippet":"max-snippet:-1","max-image-preview":"max-image-preview:large","max-video-preview":"max-video-preview:-1"},"canonical":"https:\/\/beta.bibliotekutvikling.no\/kunnskapsorganisering\/uthenting-av-data-fra-nasjonalbibliografien\/oversatte-publikasjoner-i-nasjonalbibliografien\/","og_locale":"nb_NO","og_type":"article","og_title":"Oversatte publikasjoner i Nasjonalbibliografien \/ Translated publications in the National Bibliography\u00a0","og_url":"https:\/\/beta.bibliotekutvikling.no\/kunnskapsorganisering\/uthenting-av-data-fra-nasjonalbibliografien\/oversatte-publikasjoner-i-nasjonalbibliografien\/","og_site_name":"Kunnskapsorganisering","article_modified_time":"2024-07-03T07:52:31+00:00","twitter_card":"summary_large_image","twitter_misc":{"Ansl. lesetid":"1 minutt"},"schema":{"@context":"https:\/\/schema.org","@graph":[{"@type":"WebPage","@id":"https:\/\/beta.bibliotekutvikling.no\/kunnskapsorganisering\/uthenting-av-data-fra-nasjonalbibliografien\/oversatte-publikasjoner-i-nasjonalbibliografien\/","url":"https:\/\/beta.bibliotekutvikling.no\/kunnskapsorganisering\/uthenting-av-data-fra-nasjonalbibliografien\/oversatte-publikasjoner-i-nasjonalbibliografien\/","name":"Oversatte publikasjoner i Nasjonalbibliografien \/ Translated publications in the National Bibliography\u00a0 - Kunnskapsorganisering","isPartOf":{"@id":"https:\/\/beta.bibliotekutvikling.no\/kunnskapsorganisering\/#website"},"datePublished":"2023-06-12T12:28:09+00:00","dateModified":"2024-07-03T07:52:31+00:00","breadcrumb":{"@id":"https:\/\/beta.bibliotekutvikling.no\/kunnskapsorganisering\/uthenting-av-data-fra-nasjonalbibliografien\/oversatte-publikasjoner-i-nasjonalbibliografien\/#breadcrumb"},"inLanguage":"nb-NO","potentialAction":[{"@type":"ReadAction","target":["https:\/\/beta.bibliotekutvikling.no\/kunnskapsorganisering\/uthenting-av-data-fra-nasjonalbibliografien\/oversatte-publikasjoner-i-nasjonalbibliografien\/"]}]},{"@type":"BreadcrumbList","@id":"https:\/\/beta.bibliotekutvikling.no\/kunnskapsorganisering\/uthenting-av-data-fra-nasjonalbibliografien\/oversatte-publikasjoner-i-nasjonalbibliografien\/#breadcrumb","itemListElement":[{"@type":"ListItem","position":1,"name":"Home","item":"https:\/\/beta.bibliotekutvikling.no\/kunnskapsorganisering\/"},{"@type":"ListItem","position":2,"name":"Uthenting av data fra nasjonalbibliografien\u00a0","item":"https:\/\/beta.bibliotekutvikling.no\/kunnskapsorganisering\/uthenting-av-data-fra-nasjonalbibliografien\/"},{"@type":"ListItem","position":3,"name":"Oversatte publikasjoner i Nasjonalbibliografien \/ Translated publications in the National Bibliography\u00a0"}]},{"@type":"WebSite","@id":"https:\/\/beta.bibliotekutvikling.no\/kunnskapsorganisering\/#website","url":"https:\/\/beta.bibliotekutvikling.no\/kunnskapsorganisering\/","name":"Kunnskapsorganisering","description":"Ressurser i kunnskapsorganisering","publisher":{"@id":"https:\/\/beta.bibliotekutvikling.no\/kunnskapsorganisering\/#organization"},"potentialAction":[{"@type":"SearchAction","target":{"@type":"EntryPoint","urlTemplate":"https:\/\/beta.bibliotekutvikling.no\/kunnskapsorganisering\/?s={search_term_string}"},"query-input":{"@type":"PropertyValueSpecification","valueRequired":true,"valueName":"search_term_string"}}],"inLanguage":"nb-NO"},{"@type":"Organization","@id":"https:\/\/beta.bibliotekutvikling.no\/kunnskapsorganisering\/#organization","name":"Kunnskapsorganisering","url":"https:\/\/beta.bibliotekutvikling.no\/kunnskapsorganisering\/","logo":{"@type":"ImageObject","inLanguage":"nb-NO","@id":"https:\/\/beta.bibliotekutvikling.no\/kunnskapsorganisering\/#\/schema\/logo\/image\/","url":"https:\/\/bibliotekutvikling.no\/content\/uploads\/sites\/8\/2024\/07\/MiniatyrBilde_logo.png","contentUrl":"https:\/\/bibliotekutvikling.no\/content\/uploads\/sites\/8\/2024\/07\/MiniatyrBilde_logo.png","width":824,"height":744,"caption":"Kunnskapsorganisering"},"image":{"@id":"https:\/\/beta.bibliotekutvikling.no\/kunnskapsorganisering\/#\/schema\/logo\/image\/"}}]}},"_links":{"self":[{"href":"https:\/\/beta.bibliotekutvikling.no\/kunnskapsorganisering\/wp-json\/wp\/v2\/pages\/1895","targetHints":{"allow":["GET"]}}],"collection":[{"href":"https:\/\/beta.bibliotekutvikling.no\/kunnskapsorganisering\/wp-json\/wp\/v2\/pages"}],"about":[{"href":"https:\/\/beta.bibliotekutvikling.no\/kunnskapsorganisering\/wp-json\/wp\/v2\/types\/page"}],"author":[{"embeddable":true,"href":"https:\/\/beta.bibliotekutvikling.no\/kunnskapsorganisering\/wp-json\/wp\/v2\/users\/6868"}],"replies":[{"embeddable":true,"href":"https:\/\/beta.bibliotekutvikling.no\/kunnskapsorganisering\/wp-json\/wp\/v2\/comments?post=1895"}],"version-history":[{"count":5,"href":"https:\/\/beta.bibliotekutvikling.no\/kunnskapsorganisering\/wp-json\/wp\/v2\/pages\/1895\/revisions"}],"predecessor-version":[{"id":2296,"href":"https:\/\/beta.bibliotekutvikling.no\/kunnskapsorganisering\/wp-json\/wp\/v2\/pages\/1895\/revisions\/2296"}],"up":[{"embeddable":true,"href":"https:\/\/beta.bibliotekutvikling.no\/kunnskapsorganisering\/wp-json\/wp\/v2\/pages\/1887"}],"wp:attachment":[{"href":"https:\/\/beta.bibliotekutvikling.no\/kunnskapsorganisering\/wp-json\/wp\/v2\/media?parent=1895"}],"curies":[{"name":"wp","href":"https:\/\/api.w.org\/{rel}","templated":true}]}}