{"id":192,"date":"2019-11-18T17:46:21","date_gmt":"2019-11-18T16:46:21","guid":{"rendered":"https:\/\/bibliotekutvikling.dev04.dekodes.no\/kunnskapsorganisering\/?page_id=192"},"modified":"2022-12-01T09:24:02","modified_gmt":"2022-12-01T08:24:02","slug":"felles-autoritetsregister-for-personer-og-korporasjoner","status":"publish","type":"page","link":"https:\/\/beta.bibliotekutvikling.no\/kunnskapsorganisering\/vokabularer-utkast\/felles-autoritetsregister-for-personer-og-korporasjoner\/","title":{"rendered":"Felles autoritetsregister for personer og korporasjoner"},"content":{"rendered":"\n<p>Felles autoritetsregister for personer og korporasjoner (p\u00e5 engelsk:&nbsp;<em>Norwegian Authority File:&nbsp;Persons and Corporate Bodies<\/em>) inneholder autoriserte opplysninger om personer, konferanser og korporasjoner (navngitt gruppe personer eller organisasjoner som kan handle som en enhet). <\/p>\n\n\n\n<p>Hensikten er \u00e5 sikre korrekte data og konsistent bruk ved registrering av metadata, i praksis at navn skrives likt hver gang og at likelydende navn kan skilles fra hverandre.<\/p>\n\n\n<ul class=\"t2-link-list has-2-items has-auto-columns wp-block-t2-link-list\">\n\t<li class=\"t2-link-list-item wp-block-t2-link-list-item\">\n\t\t<a\n\t\t\thref=\"https:\/\/bibsys-almaprimo.hosted.exlibrisgroup.com\/primo-explore\/search?vid=AUTREG\"\n\t\t\tclass=\"t2-link-list-item__link t2-link-list__icon--right\"\n\t\t\t\t\t>\n\t\t\t<span class=\"t2-link-list-item__icon\"><span class=\"t2-link-list-item__icon-box\"><\/span><svg xmlns=\"http:\/\/www.w3.org\/2000\/svg\" viewBox=\"0 0 24 24\" height=\"24\" width=\"24\" class=\"t2-icon t2-icon-external\" aria-hidden=\"true\" focusable=\"false\"><path d=\"M19 19H5V5h7V3H3v18h18v-9h-2v7zM14 3v2h3.6l-9.8 9.8 1.4 1.4L19 6.4V10h2V3h-7z\"\/><\/svg><\/span>\t\t\t<div class=\"t2-link-list-item__content\">\n\n\t\t\t\t\n\t\t\t\t<span id=\"link-list-item-text\" class=\"t2-link-list-item__text\">\n\t\t\t\t\tS\u00f8kegrensesnitt til autoritetsregisteret\t\t\t\t<\/span>\n\t\t\t\t\t\t\t<\/div>\n\t\t<\/a>\n\t<\/li>\n\t\n\n\t<li class=\"t2-link-list-item wp-block-t2-link-list-item\">\n\t\t<a\n\t\t\thref=\"https:\/\/authority.bibsys.no\/authority\/\"\n\t\t\tclass=\"t2-link-list-item__link t2-link-list__icon--right\"\n\t\t\t\t\t>\n\t\t\t<span class=\"t2-link-list-item__icon\"><span class=\"t2-link-list-item__icon-box\"><\/span><svg xmlns=\"http:\/\/www.w3.org\/2000\/svg\" viewBox=\"0 0 24 24\" height=\"24\" width=\"24\" class=\"t2-icon t2-icon-external\" aria-hidden=\"true\" focusable=\"false\"><path d=\"M19 19H5V5h7V3H3v18h18v-9h-2v7zM14 3v2h3.6l-9.8 9.8 1.4 1.4L19 6.4V10h2V3h-7z\"\/><\/svg><\/span>\t\t\t<div class=\"t2-link-list-item__content\">\n\n\t\t\t\t\n\t\t\t\t<span id=\"link-list-item-text-1\" class=\"t2-link-list-item__text\">\n\t\t\t\t\tTilgang via API-er til autoritetsregisteret\t\t\t\t<\/span>\n\t\t\t\t\t\t\t<\/div>\n\t\t<\/a>\n\t<\/li>\n\t\n<\/ul>\n\n\n<h2 class=\"wp-block-heading\" id=\"h-hva-blir-registrert\">Hva blir registrert?<\/h2>\n\n\n\n<p>F\u00f8lgende opplysninger kan v\u00e6re registrert om hver autoritet: <\/p>\n\n\n\n<ul class=\"wp-block-list\">\n<li>Navn (for personer ogs\u00e5 leve\u00e5r, kj\u00f8nn, yrke\/arbeidsfelt og tilknytning til land)<\/li>\n\n\n\n<li>Unik identifikator i form av en&nbsp;<a href=\"http:\/\/www.handle.net\/\">Handle<\/a> <\/li>\n\n\n\n<li>ID-er fra&nbsp;<a href=\"http:\/\/www.isni.org\/\">ISNI<\/a>,&nbsp;<a href=\"http:\/\/viaf.org\/\">VIAF<\/a>&nbsp;&nbsp;og&nbsp;<a href=\"https:\/\/orcid.org\/\">ORCID<\/a> <\/li>\n\n\n\n<li>Henvisninger <\/li>\n\n\n\n<li>Utfyllende opplysninger <\/li>\n\n\n\n<li>Kvalitetsniv\u00e5 <\/li>\n\n\n\n<li>Kilde<\/li>\n<\/ul>\n\n\n\n<p>Kvalitetsniv\u00e5 er definert slik:<\/p>\n\n\n\n<ul class=\"wp-block-list\">\n<li>kat1: Autoritetsposten er ufullstendig registrert eller har av andre grunner usikker kvalitet<\/li>\n\n\n\n<li>kat2: Autoritetsposten er fullstendig registrert, men ikke kontrollert av Nasjonalbiblioteket<\/li>\n\n\n\n<li>kat3: Autoritetsposten er kvalitetssikret av Nasjonalbiblioteket eller en tredjepart som Nasjonalbiblioteket har gitt ansvaret til<\/li>\n<\/ul>\n\n\n\n<h2 class=\"wp-block-heading\">Publikasjoner knyttet til navneautoriteten<\/h2>\n\n\n\n<p>I tillegg viser registeret til informasjon om publikasjoner som er knyttet til den enkelte navneautoriteten, for eksempel b\u00f8ker som en forfatter har skrevet. Dette er nyttig for verifisering.&nbsp;<\/p>\n\n\n\n<p>Titlene kan finnes i <a href=\"http:\/\/autoritet.oria.no\/\">s\u00f8kegrensesnittet for autoritetsregisteret<\/a> eller i MARC-visningen samme sted:&nbsp;<\/p>\n\n\n\n<ul class=\"wp-block-list\">\n<li>Bibliografiske poster som er knyttet til navneautoriteten i Alma, i praksis bestanden i BIBSYS-konsortiets bibliotek, inkludert Nasjonalbiblioteket. &nbsp;<\/li>\n\n\n\n<li>Navneautoriteter som er tatt i bruk av Biblioteksentralen, inneholder en URI i&nbsp;MARC-felt 024&nbsp;(Other Standard Identifier) som lenker til&nbsp;<a href=\"https:\/\/vokabular.bs.no\/nb\/\">Biblioteksentralens<\/a> vokabulartjeneste&nbsp;der det finnes oversikt over verk som er knyttet til navneautoriteten. &nbsp;<\/li>\n\n\n\n<li>Enkelte navneautoriteter, for eksempel de som er importert fra NRK, kan ha titler listet i&nbsp;MARC-felt 672&nbsp;(Title Related to the Entity). &nbsp;<\/li>\n\n\n\n<li>Mange navneautoriteter inneholder en lenke til <a href=\"https:\/\/viaf.org\/\">VIAF<\/a> (Virtual International Authority File) og til <a href=\"https:\/\/isni.org\/page\/search-database\/\">ISNI<\/a>. Her kan det finnes titler p\u00e5 utgivelser som er knyttet til navneautoriteten.&nbsp;&nbsp;&nbsp;<\/li>\n<\/ul>\n\n\n\n<p>Dataelementene er strukturert i&nbsp;<a href=\"https:\/\/www.loc.gov\/marc\/authority\/\">MARC 21 Format for&nbsp;Authority Data<\/a><em>.&nbsp;<\/em><\/p>\n\n\n\n<h2 class=\"wp-block-heading\" id=\"h-ansvaret-for-innholdet-i-registeret-er-delt\">Ansvaret for innholdet i registeret er delt. <\/h2>\n\n\n\n<p id=\"h-ansvaret-for-innholdet-i-registeret-er-delt\">Nasjonalbiblioteket er ansvarlig for autoriteter som er knyttet til pliktavlevert materiale og annet materiale i Nasjonalbibliotekets samling.<\/p>\n\n\n\n<p id=\"h-ansvaret-for-innholdet-i-registeret-er-delt\">Bokbasen (2017 \u2013 november 2020) og Biblioteksentralen registrerer (fra november 2020) autoriteter p\u00e5 vegne av Nasjonalbiblioteket som en del av&nbsp;<a href=\"https:\/\/bibliotekutvikling.no\/kunnskapsorganisering\/kunnskapsorganisering\/metadata-fra-nasjonalbiblioteket\/metadata-til-folke-og-skolebibliotek\/\" target=\"_blank\" rel=\"noreferrer noopener\">leveransen av metadata til folke- og skolebibliotek.<\/a>&nbsp;Autoritets-ID-en fra autoritetsregisteret som er inkludert i metadataposter gir grunnlag for framtidige fellestjenester basert p\u00e5 autoritetsregisteret. Det er derfor sv\u00e6rt viktig at de ikke slettes i bibliotekenes kataloger.&nbsp;<\/p>\n\n\n\n<p>Bibliotekene i BIBSYS-konsortiet er ansvarlig for autoriteter som er knyttet til deres samlinger. Bokbasen bruker ogs\u00e5 autoriteter fra<em> Felles autoritetsregister for personer og korporasjoner<\/em> i sin produksjon av bibliografiske poster.<\/p>\n\n\n\n<p>NRK bidrar med autoriteter for musikkutgivelser.<\/p>\n\n\n\n<p>Registeret kan bli utvidet med autoriteter fra flere kilder.&nbsp;<\/p>\n\n\n\n<p>Felles autoritetsregister for personer og korporasjoner er tatt h\u00f8yde for i <a href=\"https:\/\/www.nb.no\/personvernerklaering\/#autreg\" target=\"_blank\" rel=\"noreferrer noopener\">Nasjonalbibliotekets personvernerkl\u00e6ring<\/a>.&nbsp;<\/p>\n","protected":false},"excerpt":{"rendered":"","protected":false},"author":54,"featured_media":0,"parent":769,"menu_order":0,"comment_status":"closed","ping_status":"closed","template":"","meta":{"nb_hide_title":false,"sub_navigation_option":"","sub_navigation_custom_items":null,"footnotes":""},"class_list":["post-192","page","type-page","status-publish","hentry"],"yoast_head":"<!-- This site is optimized with the Yoast SEO Premium plugin v27.1 (Yoast SEO v27.1.1) - https:\/\/yoast.com\/product\/yoast-seo-premium-wordpress\/ -->\n<title>Felles autoritetsregister for personer og korporasjoner - Kunnskapsorganisering<\/title>\n<meta name=\"robots\" content=\"index, follow, max-snippet:-1, max-image-preview:large, max-video-preview:-1\" \/>\n<link rel=\"canonical\" href=\"https:\/\/beta.bibliotekutvikling.no\/kunnskapsorganisering\/vokabularer-utkast\/felles-autoritetsregister-for-personer-og-korporasjoner\/\" \/>\n<meta property=\"og:locale\" content=\"nb_NO\" \/>\n<meta property=\"og:type\" content=\"article\" \/>\n<meta property=\"og:title\" content=\"Felles autoritetsregister for personer og korporasjoner\" \/>\n<meta property=\"og:url\" content=\"https:\/\/beta.bibliotekutvikling.no\/kunnskapsorganisering\/vokabularer-utkast\/felles-autoritetsregister-for-personer-og-korporasjoner\/\" \/>\n<meta property=\"og:site_name\" content=\"Kunnskapsorganisering\" \/>\n<meta property=\"article:modified_time\" content=\"2022-12-01T08:24:02+00:00\" \/>\n<meta name=\"twitter:card\" content=\"summary_large_image\" \/>\n<meta name=\"twitter:label1\" content=\"Ansl. lesetid\" \/>\n\t<meta name=\"twitter:data1\" content=\"3 minutter\" \/>\n<script type=\"application\/ld+json\" class=\"yoast-schema-graph\">{\"@context\":\"https:\/\/schema.org\",\"@graph\":[{\"@type\":\"WebPage\",\"@id\":\"https:\/\/beta.bibliotekutvikling.no\/kunnskapsorganisering\/vokabularer-utkast\/felles-autoritetsregister-for-personer-og-korporasjoner\/\",\"url\":\"https:\/\/beta.bibliotekutvikling.no\/kunnskapsorganisering\/vokabularer-utkast\/felles-autoritetsregister-for-personer-og-korporasjoner\/\",\"name\":\"Felles autoritetsregister for personer og korporasjoner - Kunnskapsorganisering\",\"isPartOf\":{\"@id\":\"https:\/\/beta.bibliotekutvikling.no\/kunnskapsorganisering\/#website\"},\"datePublished\":\"2019-11-18T16:46:21+00:00\",\"dateModified\":\"2022-12-01T08:24:02+00:00\",\"breadcrumb\":{\"@id\":\"https:\/\/beta.bibliotekutvikling.no\/kunnskapsorganisering\/vokabularer-utkast\/felles-autoritetsregister-for-personer-og-korporasjoner\/#breadcrumb\"},\"inLanguage\":\"nb-NO\",\"potentialAction\":[{\"@type\":\"ReadAction\",\"target\":[\"https:\/\/beta.bibliotekutvikling.no\/kunnskapsorganisering\/vokabularer-utkast\/felles-autoritetsregister-for-personer-og-korporasjoner\/\"]}]},{\"@type\":\"BreadcrumbList\",\"@id\":\"https:\/\/beta.bibliotekutvikling.no\/kunnskapsorganisering\/vokabularer-utkast\/felles-autoritetsregister-for-personer-og-korporasjoner\/#breadcrumb\",\"itemListElement\":[{\"@type\":\"ListItem\",\"position\":1,\"name\":\"Home\",\"item\":\"https:\/\/beta.bibliotekutvikling.no\/kunnskapsorganisering\/\"},{\"@type\":\"ListItem\",\"position\":2,\"name\":\"Autoritetsregistre og vokabularer\",\"item\":\"https:\/\/beta.bibliotekutvikling.no\/kunnskapsorganisering\/vokabularer-utkast\/\"},{\"@type\":\"ListItem\",\"position\":3,\"name\":\"Felles autoritetsregister for personer og korporasjoner\"}]},{\"@type\":\"WebSite\",\"@id\":\"https:\/\/beta.bibliotekutvikling.no\/kunnskapsorganisering\/#website\",\"url\":\"https:\/\/beta.bibliotekutvikling.no\/kunnskapsorganisering\/\",\"name\":\"Kunnskapsorganisering\",\"description\":\"Ressurser i kunnskapsorganisering\",\"publisher\":{\"@id\":\"https:\/\/beta.bibliotekutvikling.no\/kunnskapsorganisering\/#organization\"},\"potentialAction\":[{\"@type\":\"SearchAction\",\"target\":{\"@type\":\"EntryPoint\",\"urlTemplate\":\"https:\/\/beta.bibliotekutvikling.no\/kunnskapsorganisering\/?s={search_term_string}\"},\"query-input\":{\"@type\":\"PropertyValueSpecification\",\"valueRequired\":true,\"valueName\":\"search_term_string\"}}],\"inLanguage\":\"nb-NO\"},{\"@type\":\"Organization\",\"@id\":\"https:\/\/beta.bibliotekutvikling.no\/kunnskapsorganisering\/#organization\",\"name\":\"Kunnskapsorganisering\",\"url\":\"https:\/\/beta.bibliotekutvikling.no\/kunnskapsorganisering\/\",\"logo\":{\"@type\":\"ImageObject\",\"inLanguage\":\"nb-NO\",\"@id\":\"https:\/\/beta.bibliotekutvikling.no\/kunnskapsorganisering\/#\/schema\/logo\/image\/\",\"url\":\"https:\/\/bibliotekutvikling.no\/content\/uploads\/sites\/8\/2024\/07\/MiniatyrBilde_logo.png\",\"contentUrl\":\"https:\/\/bibliotekutvikling.no\/content\/uploads\/sites\/8\/2024\/07\/MiniatyrBilde_logo.png\",\"width\":824,\"height\":744,\"caption\":\"Kunnskapsorganisering\"},\"image\":{\"@id\":\"https:\/\/beta.bibliotekutvikling.no\/kunnskapsorganisering\/#\/schema\/logo\/image\/\"}}]}<\/script>\n<!-- \/ Yoast SEO Premium plugin. -->","yoast_head_json":{"title":"Felles autoritetsregister for personer og korporasjoner - Kunnskapsorganisering","robots":{"index":"index","follow":"follow","max-snippet":"max-snippet:-1","max-image-preview":"max-image-preview:large","max-video-preview":"max-video-preview:-1"},"canonical":"https:\/\/beta.bibliotekutvikling.no\/kunnskapsorganisering\/vokabularer-utkast\/felles-autoritetsregister-for-personer-og-korporasjoner\/","og_locale":"nb_NO","og_type":"article","og_title":"Felles autoritetsregister for personer og korporasjoner","og_url":"https:\/\/beta.bibliotekutvikling.no\/kunnskapsorganisering\/vokabularer-utkast\/felles-autoritetsregister-for-personer-og-korporasjoner\/","og_site_name":"Kunnskapsorganisering","article_modified_time":"2022-12-01T08:24:02+00:00","twitter_card":"summary_large_image","twitter_misc":{"Ansl. lesetid":"3 minutter"},"schema":{"@context":"https:\/\/schema.org","@graph":[{"@type":"WebPage","@id":"https:\/\/beta.bibliotekutvikling.no\/kunnskapsorganisering\/vokabularer-utkast\/felles-autoritetsregister-for-personer-og-korporasjoner\/","url":"https:\/\/beta.bibliotekutvikling.no\/kunnskapsorganisering\/vokabularer-utkast\/felles-autoritetsregister-for-personer-og-korporasjoner\/","name":"Felles autoritetsregister for personer og korporasjoner - Kunnskapsorganisering","isPartOf":{"@id":"https:\/\/beta.bibliotekutvikling.no\/kunnskapsorganisering\/#website"},"datePublished":"2019-11-18T16:46:21+00:00","dateModified":"2022-12-01T08:24:02+00:00","breadcrumb":{"@id":"https:\/\/beta.bibliotekutvikling.no\/kunnskapsorganisering\/vokabularer-utkast\/felles-autoritetsregister-for-personer-og-korporasjoner\/#breadcrumb"},"inLanguage":"nb-NO","potentialAction":[{"@type":"ReadAction","target":["https:\/\/beta.bibliotekutvikling.no\/kunnskapsorganisering\/vokabularer-utkast\/felles-autoritetsregister-for-personer-og-korporasjoner\/"]}]},{"@type":"BreadcrumbList","@id":"https:\/\/beta.bibliotekutvikling.no\/kunnskapsorganisering\/vokabularer-utkast\/felles-autoritetsregister-for-personer-og-korporasjoner\/#breadcrumb","itemListElement":[{"@type":"ListItem","position":1,"name":"Home","item":"https:\/\/beta.bibliotekutvikling.no\/kunnskapsorganisering\/"},{"@type":"ListItem","position":2,"name":"Autoritetsregistre og vokabularer","item":"https:\/\/beta.bibliotekutvikling.no\/kunnskapsorganisering\/vokabularer-utkast\/"},{"@type":"ListItem","position":3,"name":"Felles autoritetsregister for personer og korporasjoner"}]},{"@type":"WebSite","@id":"https:\/\/beta.bibliotekutvikling.no\/kunnskapsorganisering\/#website","url":"https:\/\/beta.bibliotekutvikling.no\/kunnskapsorganisering\/","name":"Kunnskapsorganisering","description":"Ressurser i kunnskapsorganisering","publisher":{"@id":"https:\/\/beta.bibliotekutvikling.no\/kunnskapsorganisering\/#organization"},"potentialAction":[{"@type":"SearchAction","target":{"@type":"EntryPoint","urlTemplate":"https:\/\/beta.bibliotekutvikling.no\/kunnskapsorganisering\/?s={search_term_string}"},"query-input":{"@type":"PropertyValueSpecification","valueRequired":true,"valueName":"search_term_string"}}],"inLanguage":"nb-NO"},{"@type":"Organization","@id":"https:\/\/beta.bibliotekutvikling.no\/kunnskapsorganisering\/#organization","name":"Kunnskapsorganisering","url":"https:\/\/beta.bibliotekutvikling.no\/kunnskapsorganisering\/","logo":{"@type":"ImageObject","inLanguage":"nb-NO","@id":"https:\/\/beta.bibliotekutvikling.no\/kunnskapsorganisering\/#\/schema\/logo\/image\/","url":"https:\/\/bibliotekutvikling.no\/content\/uploads\/sites\/8\/2024\/07\/MiniatyrBilde_logo.png","contentUrl":"https:\/\/bibliotekutvikling.no\/content\/uploads\/sites\/8\/2024\/07\/MiniatyrBilde_logo.png","width":824,"height":744,"caption":"Kunnskapsorganisering"},"image":{"@id":"https:\/\/beta.bibliotekutvikling.no\/kunnskapsorganisering\/#\/schema\/logo\/image\/"}}]}},"_links":{"self":[{"href":"https:\/\/beta.bibliotekutvikling.no\/kunnskapsorganisering\/wp-json\/wp\/v2\/pages\/192","targetHints":{"allow":["GET"]}}],"collection":[{"href":"https:\/\/beta.bibliotekutvikling.no\/kunnskapsorganisering\/wp-json\/wp\/v2\/pages"}],"about":[{"href":"https:\/\/beta.bibliotekutvikling.no\/kunnskapsorganisering\/wp-json\/wp\/v2\/types\/page"}],"author":[{"embeddable":true,"href":"https:\/\/beta.bibliotekutvikling.no\/kunnskapsorganisering\/wp-json\/wp\/v2\/users\/54"}],"replies":[{"embeddable":true,"href":"https:\/\/beta.bibliotekutvikling.no\/kunnskapsorganisering\/wp-json\/wp\/v2\/comments?post=192"}],"version-history":[{"count":4,"href":"https:\/\/beta.bibliotekutvikling.no\/kunnskapsorganisering\/wp-json\/wp\/v2\/pages\/192\/revisions"}],"predecessor-version":[{"id":1620,"href":"https:\/\/beta.bibliotekutvikling.no\/kunnskapsorganisering\/wp-json\/wp\/v2\/pages\/192\/revisions\/1620"}],"up":[{"embeddable":true,"href":"https:\/\/beta.bibliotekutvikling.no\/kunnskapsorganisering\/wp-json\/wp\/v2\/pages\/769"}],"wp:attachment":[{"href":"https:\/\/beta.bibliotekutvikling.no\/kunnskapsorganisering\/wp-json\/wp\/v2\/media?parent=192"}],"curies":[{"name":"wp","href":"https:\/\/api.w.org\/{rel}","templated":true}]}}