{"id":2020,"date":"2023-11-22T15:49:33","date_gmt":"2023-11-22T14:49:33","guid":{"rendered":"https:\/\/bibliotekutvikling.no\/kunnskapsorganisering\/?page_id=2020"},"modified":"2023-11-30T12:31:56","modified_gmt":"2023-11-30T11:31:56","slug":"endringer-i-dewey-klimaendringer-befolkningsbevegelser-og-kjonnsforstaelse","status":"publish","type":"page","link":"https:\/\/beta.bibliotekutvikling.no\/kunnskapsorganisering\/norsk-webdewey\/endringer-i-dewey-klimaendringer-befolkningsbevegelser-og-kjonnsforstaelse\/","title":{"rendered":"Endringer i Dewey: Klimaendringer, befolkningsbevegelser og kj\u00f8nnsforst\u00e5else"},"content":{"rendered":"\n<p>Det 144. m\u00f8tet i <a href=\"https:\/\/www.oclc.org\/en\/dewey\/resources\/epc.html\">DDC Editorial Policy Committee (EPC)<\/a> ble avholdt i juli 2023, og den norske Webdewey-redaksjonen i Nasjonalbiblioteket har n\u00e5 oversatt og publisert de fleste av de foresl\u00e5tte og godkjente oppdateringene. Vi vil imidlertid vente med oppdateringene av geografisk underinndeling av Pakistan og landene i Sentral-Asia.<\/p>\n\n\n\n<p>De viktigste oppdateringene er innenfor klimaendringer, befolkningsbevegelser og internasjonal migrasjon og kolonisering, forf\u00f8lgelser i generell kirkehistorie, kj\u00f8nnsdysfori, transvestisme, cross-dressing og drag, autismespekterforstyrrelse \/ ADHD, samt hjemmepleie av funksjonshemmede og syke utf\u00f8rt av familie og venner.<\/p>\n\n\n\n<p>Vi vil her kun informere om hovedtrekkene ved de viktigste oppdateringene. Utdypende informasjon om oppdateringene og bakgrunnen for disse finnes p\u00e5 <a href=\"https:\/\/ddc.typepad.com\/025431\/2023\/08\/results-of-epc-meeting-144.html\"><strong>The Dewey Blog<\/strong><\/a><\/p>\n\n\n\n<h2 class=\"wp-block-heading\">Klimaendringer <strong><\/strong><\/h2>\n\n\n\n<figure class=\"wp-block-table\"><table><tbody><tr><td><strong>Flyttet fra<\/strong><\/td><td><strong>Flyttet til<\/strong><\/td><td><strong>Emne<\/strong><\/td><\/tr><tr><td>363.73874<\/td><td>363.7<\/td><td>Global oppvarming<\/td><\/tr><\/tbody><\/table><\/figure>\n\n\n\n<ul class=\"wp-block-list\">\n<li>Klimaendringer og Global oppvarming finnes n\u00e5 i Her-note under 363.7 Milj\u00f8problemer. Tidligere sto Global oppvarming i Her-note under 363.73874 Klimagasser under Forurensning.<\/li>\n\n\n\n<li>551.6 Klimatologi og v\u00e6r er utpekt som nummer for oversiktsverk om vitenskapelige verker om klimaendringer. Tidligere pekte manualen til 551.5 kontra 551.6 mot \u00e5 bruke 551.5 Meteorologi.<\/li>\n\n\n\n<li>Nye emner har kommet til, som Klimarettferdighet og Sosiale konsekvenser av klimaendringer<\/li>\n<\/ul>\n\n\n\n<h2 class=\"wp-block-heading\">Kj\u00f8nnsdysfori<\/h2>\n\n\n\n<p>Kj\u00f8nnsidentitetsforstyrrelser, som tidligere var plassert under psykiske forstyrrelser, har blitt endret b\u00e5de n\u00e5r det gjelder terminologi og plassering. Den stigmatiserte termen \u201cforstyrrelser\u201d har blitt erstattet med \u201cdysfori\u201d, som er en f\u00f8lelsesmessig tilstand av dyp tristhet, ikke en forstyrrelse. Dysfori forekommer i mange former, hvor kj\u00f8nnsdysfori er \u00e9n form for dysfori. Emnet Kj\u00f8nnsdysfori har f\u00e5tt klassifikasjonsnummeret 616.85277 under 616.8527 som har f\u00e5tt den utvidede klassebetegnelsen Depressiv forstyrrelse og dysfori.<\/p>\n\n\n\n<h2 class=\"wp-block-heading\">304.8 Befolkningsbevegelser og 325 Internasjonal migrasjon og kolonisering<strong><\/strong><\/h2>\n\n\n\n<h3 class=\"wp-block-heading\"><strong>Indre migrasjon (innen landegrenser)<\/strong><\/h3>\n\n\n\n<figure class=\"wp-block-table\"><table><tbody><tr><td><strong>Flyttet fra<\/strong><\/td><td><strong>Flyttet til<\/strong><\/td><td><strong>Emne<\/strong><\/td><\/tr><tr><td>304.809<\/td><td>304.804<\/td><td>Indre migrasjon<\/td><\/tr><\/tbody><\/table><\/figure>\n\n\n\n<p>Indre migrasjon har n\u00e5 f\u00e5tt sitt eget nummer 304.804. Tidligere sto b\u00e5de Indre migrasjon og Utvandring i Her-note under 304.809 Historie, geografisk behandling, biografier. Generell forminndeling kan tilf\u00f8yes for 304.804; for eksempel Indre migrasjon i USA: 304.804973.<\/p>\n\n\n\n<h3 class=\"wp-block-heading\"><strong>Internasjonal migrasjon (over landegrenser)<\/strong><\/h3>\n\n\n\n<figure class=\"wp-block-table\"><table><tbody><tr><td><strong>Avviklet fra<\/strong><\/td><td><strong>Avviklet til<\/strong><\/td><td><strong>Emne<\/strong><\/td><\/tr><tr><td>304.82<\/td><td>304.8<\/td><td>Internasjonal migrasjon<\/td><\/tr><\/tbody><\/table><\/figure>\n\n\n\n<p>304.82 er avviklet til 304.8 for Internasjonal migrasjon. &nbsp;304.8 er n\u00e5 det tverrfaglige nummeret for internasjonal migrasjon og indre migrasjon, det tverrfaglige nummeret for verker om internasjonal migrasjon, det tverrfaglige nummeret for verker om utvandring og det tverrfaglige nummeret for verker om innvandring. Det tverrfaglige nummeret for verker om <em>flyktninger <\/em>er imidlertid 305.906912, og det er n\u00e5 en \u201cklassifiser-i-note&raquo; under 304.8 som viser til 305.906912<\/p>\n\n\n\n<h3 class=\"wp-block-heading\"><strong>Internasjonal flytting fra et bestemt omr\u00e5de; internasjonal flytting til et bestemt omr\u00e5de;<\/strong> <strong>oversiktsverker om internasjonal flytting til og internasjonal flytting fra samme bestemte omr\u00e5de<\/strong><\/h3>\n\n\n\n<p>For \u00e5 tydeliggj\u00f8re at oversiktsverker om \u201cinternasjonal migrasjon fra\u201d og \u201cinternasjonal migrasjon til\u201d samme bestemte omr\u00e5de skal klassifiseres i 304.8093-304.8099, har det kommet en Her-note under 304.8093-3048099 og en Klassifiser-i-note under 304.83-304.89<\/p>\n\n\n\n<h3 class=\"wp-block-heading\"><strong>Flyktninger etter destinasjonssted<\/strong><\/h3>\n\n\n\n<figure class=\"wp-block-table\"><table><tbody><tr><td><strong>Utvidet fra<\/strong><\/td><td><strong>Utvidet til<\/strong><\/td><td><strong>Emne<\/strong><\/td><\/tr><tr><td>325.21<\/td><td>325.214<\/td><td>Flyktninger etter destinasjonssted<\/td><\/tr><\/tbody><\/table><\/figure>\n\n\n\n<p>Hittil har det ikke v\u00e6rt mulig \u00e5 skille mellom verker som fokuserer p\u00e5 flyktninger fra land X som har s\u00f8kt tilflukt i flere land, og verker som fokuserer p\u00e5 flyktninger fra flere land som s\u00f8ker tilflukt i land X. Begge typer verker har blitt klassifisert i 325.2109X, og i henhold til instruksjon i note skal opprinnelsesland komme f\u00f8rst n\u00e5r b\u00e5de opprinnelsesland og destinasjonsland er oppgitt, for eksempel Polske politiske flyktninger i Canada 325.21094380971. N\u00e5 har det kommet et nytt nummer 325.214 Flyktninger etter destinasjonssted, og klassebetegnelse for 325.2 er endret til Internasjonal migrasjon fra omr\u00e5der (Utvandring) og flyktninger.<\/p>\n\n\n\n<h3 class=\"wp-block-heading\"><strong>Institusjoner for innvandrere og flyktninger<\/strong><\/h3>\n\n\n\n<figure class=\"wp-block-table\"><table><tbody><tr><td><strong>Utvidet fra<\/strong><\/td><td><strong>Utvidet til<\/strong><\/td><td><strong>Emne<\/strong><\/td><\/tr><tr><td>365.4<\/td><td>365.47<\/td><td>Institusjoner for innvandrere og flyktninger<\/td><\/tr><\/tbody><\/table><\/figure>\n\n\n\n<h2 class=\"wp-block-heading\">Transvestisme, crossdressing og drag<\/h2>\n\n\n\n<figure class=\"wp-block-table\"><table><tbody><tr><td><strong>Flyttet fra<\/strong><\/td><td><strong>Flyttet til<\/strong><\/td><td><strong>Emne<\/strong><\/td><\/tr><tr><td>[306.778]<\/td><td>306.777<\/td><td>Cross-dressing som seksuell praksis<\/td><\/tr><tr><td>[306.778]&nbsp;<\/td><td>391.68<\/td><td>Cross-dressing<\/td><\/tr><\/tbody><\/table><\/figure>\n\n\n\n<figure class=\"wp-block-table\"><table><tbody><tr><td><strong>Utvidet fra<\/strong><\/td><td><strong>Utvidet til<\/strong><\/td><td><strong>Emne<\/strong><\/td><\/tr><tr><td>792.7<\/td><td>792.72<\/td><td>Drag<\/td><\/tr><\/tbody><\/table><\/figure>\n\n\n\n<p>Transvestisme sto tidligere i 306.778 under 306.77 Seksuell og relatert praksis. Her var det to noter; Her: Cross-dressing og Klassifiser imitasjon av kvinner og imitasjon av menn i skuespillerkunst og opptreden i 792.028. Samtidig anses termene Transvestisme og Transvestitt er utdaterte begreper.<\/p>\n\n\n\n<p>Som en f\u00f8lge av utvidet forst\u00e5else av spr\u00e5k og konsepter har cross-dressing og transvestisme n\u00e5 blitt adskilt i Deweyhierarkiet.<\/p>\n\n\n\n<p>Termen Transvestisme er endret til cross-dressing som seksuell praksis. Transvestisme vil fortsatt finnes som en ikke-preferert term i registeret<\/p>\n\n\n\n<p>Crossdressing er flyttet til det nyopprettede nummeret 391.68 Cross-dressing, som er under 361.6 Personlig framtreden. Her er det noter om at tverrfaglige verker om crossdressing skal her og at cross-dressing for et bestemt form\u00e5l skal klassifiseres med form\u00e5let, f.eks Drag 792.72<\/p>\n\n\n\n<p>Seksuell cross-dressing er flyttet til 306.777 Fetisjisme, hvor Seksuell cross-dressing st\u00e5r i Inkluderer-note og med notehenvisning til 391.68 for tverrfaglige verker om cross-dressing.&nbsp;<\/p>\n\n\n\n<h2 class=\"wp-block-heading\">272.1-.9 Forf\u00f8lgelser i generell kirkehistorie\u2014historiske perioder<strong><\/strong><\/h2>\n\n\n\n<figure class=\"wp-block-table\"><table><tbody><tr><td><strong>Flyttet fra<\/strong><\/td><td><strong>Flyttet til<\/strong><\/td><td><strong>Emne<\/strong><\/td><\/tr><tr><td>272.2<\/td><td>272.5<\/td><td>Forf\u00f8lgelser under inkvisisjonen<\/td><\/tr><tr><td>272.3<\/td><td>272.0882844<\/td><td>Forf\u00f8lgelser av valdensere<\/td><\/tr><tr><td>272.3<\/td><td>272.5044<\/td><td>Forf\u00f8lgelser av albigensere &nbsp;<\/td><\/tr><tr><td>272.4<\/td><td>272.6045<\/td><td>Forf\u00f8lgelser av hugenotter<\/td><\/tr><tr><td>272.5<\/td><td>272.7<\/td><td>Forf\u00f8lgelser av molinister og kvietister<\/td><\/tr><tr><td>272.7<\/td><td>272.6024203&nbsp;<\/td><td>Forf\u00f8lgelser av den romersk-katolske kirke under Elisabet I og anglikanerne<\/td><\/tr><tr><td>272.8<\/td><td>272.700882859<\/td><td>Forf\u00f8lgelser av andre i puritansk tid<\/td><\/tr><tr><td>272.8<\/td><td>272.706059<\/td><td>F\u00f8rf\u00f8lgelser av babtister utf\u00f8rt av puritanere<\/td><\/tr><tr><td>272.8<\/td><td>272.7096059<\/td><td>F\u00f8rf\u00f8lgelser av kvekere utf\u00f8rt av puritanere<\/td><\/tr><tr><td>[272.9]<\/td><td>272.8<\/td><td>Forf\u00f8lgelser og martyrer i nyere tid<\/td><\/tr><\/tbody><\/table><\/figure>\n\n\n\n<figure class=\"wp-block-table\"><table><tbody><tr><td><strong>Utvidet fra<\/strong><\/td><td><strong>Utvidet til<\/strong><\/td><td><strong>Emne<\/strong><\/td><\/tr><tr><td>272.6<\/td><td>272.6034202&nbsp;<\/td><td>Forf\u00f8lgelser av de anglikanske reformatorer under Maria I<\/td><\/tr><\/tbody><\/table><\/figure>\n\n\n\n<p>Det later til at 272 Forf\u00f8lgelser i generell kirkehistorie har v\u00e6rt veldig tilpasset den vestlige kirken. Dessuten viste det seg at 272 var ordnet etter en merkelig blanding av tematisk og kronologiske fasetter. For \u00e5 b\u00f8te p\u00e5 dette har hele 272-tabellen blitt revidert og ordnet strengt etter historiske perioder, og dermed gitt rom for hele kristendommen ogs\u00e5.<\/p>\n\n\n\n<h2 class=\"wp-block-heading\">Autismespekterforstyrrelse \/ ADHD<strong><\/strong><\/h2>\n\n\n\n<figure class=\"wp-block-table\"><table><tbody><tr><td><strong>Flyttet fra<\/strong><\/td><td><strong>Flyttet til<\/strong><\/td><td><strong>Emne<\/strong><\/td><\/tr><tr><td>[616.85883]<\/td><td>616.85882<\/td><td>Andre gjennomgripende utviklingsforstyrrelser<\/td><\/tr><tr><td>[616.858832]<\/td><td>616.85882<\/td><td>Aspergers syndrom<\/td><\/tr><\/tbody><\/table><\/figure>\n\n\n\n<p>Termen Autisme er oppdatert til Autismespekterforstyrrelse.<\/p>\n\n\n\n<h2 class=\"wp-block-heading\">649.8 Hjemmepleie av funksjonshemmede og syke utf\u00f8rt av familie og venner<strong><\/strong><\/h2>\n\n\n\n<figure class=\"wp-block-table\"><table><tbody><tr><td><strong>Flyttet fra<\/strong><strong><\/strong><\/td><td><strong>Flyttet til<\/strong><strong><\/strong><\/td><td><strong>Emne<\/strong><strong><\/strong><\/td><\/tr><tr><td>649.8<\/td><td>362.14<\/td><td>Hjemmebasert medisinsk &nbsp;pleie utf\u00f8rt av ikke-profesjonelle<\/td><\/tr><tr><td>649.8<\/td><td>362.24<\/td><td>Hjemmebasert medisinsk pleie av personer med psykiske sykdommer utf\u00f8rt av ikke-profesjonelle<\/td><\/tr><tr><td>649.8<\/td><td>610.7343<\/td><td>Hjemmesykepleie utf\u00f8rt av ikke-profesjonelle<\/td><\/tr><\/tbody><\/table><\/figure>\n\n\n\n<figure class=\"wp-block-table\"><table><tbody><tr><td><strong>Utvidet fra fra<\/strong><\/td><td><strong>Utvidet til<\/strong><\/td><td><strong>Emne<\/strong><\/td><\/tr><tr><td>362-363:8<\/td><td>362-363:852<\/td><td>Hjemmeomsorg<\/td><\/tr><tr><td>362.6<\/td><td>362.612<\/td><td>Hjemmeomsorg<\/td><\/tr><\/tbody><\/table><\/figure>\n\n\n\n<p>Endringene g\u00e5r ut p\u00e5 at hjemmebaserte medisinske tjenester og hjemmeomsorg flyttes fra 649.8 til 362 eller 610. Det eneste som da blir igjen er 649.8, verker som vektlegger aspekter knyttet til personlig liv og familieliv, for eksempel praktiske tips til hvordan du tar vare p\u00e5 deg selv og familien som p\u00e5r\u00f8rende.<\/p>\n","protected":false},"excerpt":{"rendered":"","protected":false},"author":6868,"featured_media":0,"parent":290,"menu_order":0,"comment_status":"closed","ping_status":"closed","template":"","meta":{"nb_hide_title":false,"sub_navigation_option":"","sub_navigation_custom_items":[],"footnotes":""},"class_list":["post-2020","page","type-page","status-publish","hentry"],"yoast_head":"<!-- This site is optimized with the Yoast SEO Premium plugin v27.1 (Yoast SEO v27.1.1) - https:\/\/yoast.com\/product\/yoast-seo-premium-wordpress\/ -->\n<title>Endringer i Dewey: Klimaendringer, befolkningsbevegelser og kj\u00f8nnsforst\u00e5else - Kunnskapsorganisering<\/title>\n<meta name=\"robots\" content=\"index, follow, max-snippet:-1, max-image-preview:large, max-video-preview:-1\" \/>\n<link rel=\"canonical\" href=\"https:\/\/beta.bibliotekutvikling.no\/kunnskapsorganisering\/norsk-webdewey\/endringer-i-dewey-klimaendringer-befolkningsbevegelser-og-kjonnsforstaelse\/\" \/>\n<meta property=\"og:locale\" content=\"nb_NO\" \/>\n<meta property=\"og:type\" content=\"article\" \/>\n<meta property=\"og:title\" content=\"Endringer i Dewey: Klimaendringer, befolkningsbevegelser og kj\u00f8nnsforst\u00e5else\" \/>\n<meta property=\"og:url\" content=\"https:\/\/beta.bibliotekutvikling.no\/kunnskapsorganisering\/norsk-webdewey\/endringer-i-dewey-klimaendringer-befolkningsbevegelser-og-kjonnsforstaelse\/\" \/>\n<meta property=\"og:site_name\" content=\"Kunnskapsorganisering\" \/>\n<meta property=\"article:modified_time\" content=\"2023-11-30T11:31:56+00:00\" \/>\n<meta name=\"twitter:card\" content=\"summary_large_image\" \/>\n<meta name=\"twitter:label1\" content=\"Ansl. lesetid\" \/>\n\t<meta name=\"twitter:data1\" content=\"6 minutter\" \/>\n<script type=\"application\/ld+json\" class=\"yoast-schema-graph\">{\"@context\":\"https:\/\/schema.org\",\"@graph\":[{\"@type\":\"WebPage\",\"@id\":\"https:\/\/beta.bibliotekutvikling.no\/kunnskapsorganisering\/norsk-webdewey\/endringer-i-dewey-klimaendringer-befolkningsbevegelser-og-kjonnsforstaelse\/\",\"url\":\"https:\/\/beta.bibliotekutvikling.no\/kunnskapsorganisering\/norsk-webdewey\/endringer-i-dewey-klimaendringer-befolkningsbevegelser-og-kjonnsforstaelse\/\",\"name\":\"Endringer i Dewey: Klimaendringer, befolkningsbevegelser og kj\u00f8nnsforst\u00e5else - Kunnskapsorganisering\",\"isPartOf\":{\"@id\":\"https:\/\/beta.bibliotekutvikling.no\/kunnskapsorganisering\/#website\"},\"datePublished\":\"2023-11-22T14:49:33+00:00\",\"dateModified\":\"2023-11-30T11:31:56+00:00\",\"breadcrumb\":{\"@id\":\"https:\/\/beta.bibliotekutvikling.no\/kunnskapsorganisering\/norsk-webdewey\/endringer-i-dewey-klimaendringer-befolkningsbevegelser-og-kjonnsforstaelse\/#breadcrumb\"},\"inLanguage\":\"nb-NO\",\"potentialAction\":[{\"@type\":\"ReadAction\",\"target\":[\"https:\/\/beta.bibliotekutvikling.no\/kunnskapsorganisering\/norsk-webdewey\/endringer-i-dewey-klimaendringer-befolkningsbevegelser-og-kjonnsforstaelse\/\"]}]},{\"@type\":\"BreadcrumbList\",\"@id\":\"https:\/\/beta.bibliotekutvikling.no\/kunnskapsorganisering\/norsk-webdewey\/endringer-i-dewey-klimaendringer-befolkningsbevegelser-og-kjonnsforstaelse\/#breadcrumb\",\"itemListElement\":[{\"@type\":\"ListItem\",\"position\":1,\"name\":\"Home\",\"item\":\"https:\/\/beta.bibliotekutvikling.no\/kunnskapsorganisering\/\"},{\"@type\":\"ListItem\",\"position\":2,\"name\":\"Norsk WebDewey\",\"item\":\"https:\/\/beta.bibliotekutvikling.no\/kunnskapsorganisering\/norsk-webdewey\/\"},{\"@type\":\"ListItem\",\"position\":3,\"name\":\"Endringer i Dewey: Klimaendringer, befolkningsbevegelser og kj\u00f8nnsforst\u00e5else\"}]},{\"@type\":\"WebSite\",\"@id\":\"https:\/\/beta.bibliotekutvikling.no\/kunnskapsorganisering\/#website\",\"url\":\"https:\/\/beta.bibliotekutvikling.no\/kunnskapsorganisering\/\",\"name\":\"Kunnskapsorganisering\",\"description\":\"Ressurser i kunnskapsorganisering\",\"publisher\":{\"@id\":\"https:\/\/beta.bibliotekutvikling.no\/kunnskapsorganisering\/#organization\"},\"potentialAction\":[{\"@type\":\"SearchAction\",\"target\":{\"@type\":\"EntryPoint\",\"urlTemplate\":\"https:\/\/beta.bibliotekutvikling.no\/kunnskapsorganisering\/?s={search_term_string}\"},\"query-input\":{\"@type\":\"PropertyValueSpecification\",\"valueRequired\":true,\"valueName\":\"search_term_string\"}}],\"inLanguage\":\"nb-NO\"},{\"@type\":\"Organization\",\"@id\":\"https:\/\/beta.bibliotekutvikling.no\/kunnskapsorganisering\/#organization\",\"name\":\"Kunnskapsorganisering\",\"url\":\"https:\/\/beta.bibliotekutvikling.no\/kunnskapsorganisering\/\",\"logo\":{\"@type\":\"ImageObject\",\"inLanguage\":\"nb-NO\",\"@id\":\"https:\/\/beta.bibliotekutvikling.no\/kunnskapsorganisering\/#\/schema\/logo\/image\/\",\"url\":\"https:\/\/bibliotekutvikling.no\/content\/uploads\/sites\/8\/2024\/07\/MiniatyrBilde_logo.png\",\"contentUrl\":\"https:\/\/bibliotekutvikling.no\/content\/uploads\/sites\/8\/2024\/07\/MiniatyrBilde_logo.png\",\"width\":824,\"height\":744,\"caption\":\"Kunnskapsorganisering\"},\"image\":{\"@id\":\"https:\/\/beta.bibliotekutvikling.no\/kunnskapsorganisering\/#\/schema\/logo\/image\/\"}}]}<\/script>\n<!-- \/ Yoast SEO Premium plugin. -->","yoast_head_json":{"title":"Endringer i Dewey: Klimaendringer, befolkningsbevegelser og kj\u00f8nnsforst\u00e5else - Kunnskapsorganisering","robots":{"index":"index","follow":"follow","max-snippet":"max-snippet:-1","max-image-preview":"max-image-preview:large","max-video-preview":"max-video-preview:-1"},"canonical":"https:\/\/beta.bibliotekutvikling.no\/kunnskapsorganisering\/norsk-webdewey\/endringer-i-dewey-klimaendringer-befolkningsbevegelser-og-kjonnsforstaelse\/","og_locale":"nb_NO","og_type":"article","og_title":"Endringer i Dewey: Klimaendringer, befolkningsbevegelser og kj\u00f8nnsforst\u00e5else","og_url":"https:\/\/beta.bibliotekutvikling.no\/kunnskapsorganisering\/norsk-webdewey\/endringer-i-dewey-klimaendringer-befolkningsbevegelser-og-kjonnsforstaelse\/","og_site_name":"Kunnskapsorganisering","article_modified_time":"2023-11-30T11:31:56+00:00","twitter_card":"summary_large_image","twitter_misc":{"Ansl. lesetid":"6 minutter"},"schema":{"@context":"https:\/\/schema.org","@graph":[{"@type":"WebPage","@id":"https:\/\/beta.bibliotekutvikling.no\/kunnskapsorganisering\/norsk-webdewey\/endringer-i-dewey-klimaendringer-befolkningsbevegelser-og-kjonnsforstaelse\/","url":"https:\/\/beta.bibliotekutvikling.no\/kunnskapsorganisering\/norsk-webdewey\/endringer-i-dewey-klimaendringer-befolkningsbevegelser-og-kjonnsforstaelse\/","name":"Endringer i Dewey: Klimaendringer, befolkningsbevegelser og kj\u00f8nnsforst\u00e5else - Kunnskapsorganisering","isPartOf":{"@id":"https:\/\/beta.bibliotekutvikling.no\/kunnskapsorganisering\/#website"},"datePublished":"2023-11-22T14:49:33+00:00","dateModified":"2023-11-30T11:31:56+00:00","breadcrumb":{"@id":"https:\/\/beta.bibliotekutvikling.no\/kunnskapsorganisering\/norsk-webdewey\/endringer-i-dewey-klimaendringer-befolkningsbevegelser-og-kjonnsforstaelse\/#breadcrumb"},"inLanguage":"nb-NO","potentialAction":[{"@type":"ReadAction","target":["https:\/\/beta.bibliotekutvikling.no\/kunnskapsorganisering\/norsk-webdewey\/endringer-i-dewey-klimaendringer-befolkningsbevegelser-og-kjonnsforstaelse\/"]}]},{"@type":"BreadcrumbList","@id":"https:\/\/beta.bibliotekutvikling.no\/kunnskapsorganisering\/norsk-webdewey\/endringer-i-dewey-klimaendringer-befolkningsbevegelser-og-kjonnsforstaelse\/#breadcrumb","itemListElement":[{"@type":"ListItem","position":1,"name":"Home","item":"https:\/\/beta.bibliotekutvikling.no\/kunnskapsorganisering\/"},{"@type":"ListItem","position":2,"name":"Norsk WebDewey","item":"https:\/\/beta.bibliotekutvikling.no\/kunnskapsorganisering\/norsk-webdewey\/"},{"@type":"ListItem","position":3,"name":"Endringer i Dewey: Klimaendringer, befolkningsbevegelser og kj\u00f8nnsforst\u00e5else"}]},{"@type":"WebSite","@id":"https:\/\/beta.bibliotekutvikling.no\/kunnskapsorganisering\/#website","url":"https:\/\/beta.bibliotekutvikling.no\/kunnskapsorganisering\/","name":"Kunnskapsorganisering","description":"Ressurser i kunnskapsorganisering","publisher":{"@id":"https:\/\/beta.bibliotekutvikling.no\/kunnskapsorganisering\/#organization"},"potentialAction":[{"@type":"SearchAction","target":{"@type":"EntryPoint","urlTemplate":"https:\/\/beta.bibliotekutvikling.no\/kunnskapsorganisering\/?s={search_term_string}"},"query-input":{"@type":"PropertyValueSpecification","valueRequired":true,"valueName":"search_term_string"}}],"inLanguage":"nb-NO"},{"@type":"Organization","@id":"https:\/\/beta.bibliotekutvikling.no\/kunnskapsorganisering\/#organization","name":"Kunnskapsorganisering","url":"https:\/\/beta.bibliotekutvikling.no\/kunnskapsorganisering\/","logo":{"@type":"ImageObject","inLanguage":"nb-NO","@id":"https:\/\/beta.bibliotekutvikling.no\/kunnskapsorganisering\/#\/schema\/logo\/image\/","url":"https:\/\/bibliotekutvikling.no\/content\/uploads\/sites\/8\/2024\/07\/MiniatyrBilde_logo.png","contentUrl":"https:\/\/bibliotekutvikling.no\/content\/uploads\/sites\/8\/2024\/07\/MiniatyrBilde_logo.png","width":824,"height":744,"caption":"Kunnskapsorganisering"},"image":{"@id":"https:\/\/beta.bibliotekutvikling.no\/kunnskapsorganisering\/#\/schema\/logo\/image\/"}}]}},"_links":{"self":[{"href":"https:\/\/beta.bibliotekutvikling.no\/kunnskapsorganisering\/wp-json\/wp\/v2\/pages\/2020","targetHints":{"allow":["GET"]}}],"collection":[{"href":"https:\/\/beta.bibliotekutvikling.no\/kunnskapsorganisering\/wp-json\/wp\/v2\/pages"}],"about":[{"href":"https:\/\/beta.bibliotekutvikling.no\/kunnskapsorganisering\/wp-json\/wp\/v2\/types\/page"}],"author":[{"embeddable":true,"href":"https:\/\/beta.bibliotekutvikling.no\/kunnskapsorganisering\/wp-json\/wp\/v2\/users\/6868"}],"replies":[{"embeddable":true,"href":"https:\/\/beta.bibliotekutvikling.no\/kunnskapsorganisering\/wp-json\/wp\/v2\/comments?post=2020"}],"version-history":[{"count":5,"href":"https:\/\/beta.bibliotekutvikling.no\/kunnskapsorganisering\/wp-json\/wp\/v2\/pages\/2020\/revisions"}],"predecessor-version":[{"id":2050,"href":"https:\/\/beta.bibliotekutvikling.no\/kunnskapsorganisering\/wp-json\/wp\/v2\/pages\/2020\/revisions\/2050"}],"up":[{"embeddable":true,"href":"https:\/\/beta.bibliotekutvikling.no\/kunnskapsorganisering\/wp-json\/wp\/v2\/pages\/290"}],"wp:attachment":[{"href":"https:\/\/beta.bibliotekutvikling.no\/kunnskapsorganisering\/wp-json\/wp\/v2\/media?parent=2020"}],"curies":[{"name":"wp","href":"https:\/\/api.w.org\/{rel}","templated":true}]}}