{"id":275,"date":"2019-11-21T15:08:41","date_gmt":"2019-11-21T14:08:41","guid":{"rendered":"https:\/\/bibliotekutvikling.dev04.dekodes.no\/kunnskapsorganisering\/?page_id=275"},"modified":"2024-11-06T14:14:38","modified_gmt":"2024-11-06T13:14:38","slug":"metadata-til-folke-og-skolebibliotek","status":"publish","type":"page","link":"https:\/\/beta.bibliotekutvikling.no\/kunnskapsorganisering\/metadata-fra-nasjonalbiblioteket\/metadata-til-folke-og-skolebibliotek\/","title":{"rendered":"Metadata til folke- og skolebibliotek"},"content":{"rendered":"\n<p class=\"has-primary-color has-text-color has-link-color wp-elements-4d4d571fe6af7678e581f2ed4b887022\"><sub>Sist oppdatert 6.november 2024<\/sub><\/p>\n\n\n\n<p>I&nbsp;henhold til <a href=\"https:\/\/bibliotekutvikling.no\/nyheter\/utvida-nasjonal-bibliotekstrategi-ut-2025\/\" target=\"_blank\" rel=\"noreferrer noopener\">utvidet nasjonal bibliotekstrategi &#8211; ut 2025<\/a> videref\u00f8rer Nasjonalbiblioteket ordningen med fri tilgang til metadata til alle bibliotek. Metadataleveransen best\u00e5r av metadata og forsidebilder for dokument som er omfattet av Lov om pliktavlevering. I praksis betyr dette norsk forlagslitteratur, trykte b\u00f8ker, e-b\u00f8ker, lydb\u00f8ker og l\u00e6reb\u00f8ker\/l\u00e6ringsressurser i grunn- og videreg\u00e5ende skoler.&nbsp;&nbsp;<\/p>\n\n\n\n<p>En forh\u00e5ndsbeskrivelse skal v\u00e6re tilgjengelig senest to virkedager etter at utgivelsen er gjort kjent, og en fullstendig bibliografisk beskrivelse, forsidebilder og et sammendrag senest to virkedager etter utgivelse. Data leveres i MARC 21.<\/p>\n\n\n\n<p>Fra november 2024 er <strong>Bokbasen<\/strong> Nasjonalbibliotekets leverand\u00f8r av bibliografisk beskrivelse (unntatt emnebeskrivelse), sammendrag og forsidebilder.&nbsp;&nbsp;<\/p>\n\n\n\n<p>I en overgangsperiode vil <strong>Biblioteksentralen<\/strong> fra samme tidspunkt lage emnebeskrivelsen, dvs. Dewey-klassifikasjon, hyllesignatur og alle innholdsbeskrivende emneord for den litteraturen de selv selger. Nasjonalbiblioteket kan p\u00e5 foresp\u00f8rsel klassifisere det som Biblioteksentralen eventuelt ikke klassifiserer: Send en e-post til <a href=\"mailto:TK-meldkat@nb.no\" target=\"_blank\" rel=\"noreferrer noopener\">TK-meldkat@nb.no<\/a>\u202f&nbsp;<\/p>\n\n\n\n<h2 class=\"wp-block-heading\" id=\"om-dataene\">Om dataene i metadataleveransen<\/h2>\n\n\n\n<h3 class=\"wp-block-heading\" id=\"om-dataene\">Merking av MARC 21-poster fra Nasjonalbibliotekets metadataleveranse<\/h3>\n\n\n\n<ul class=\"wp-block-list\">\n<li>Leverand\u00f8r av bibliografisk beskrivelse: felt 035 $a (NO-OsBAS)&nbsp;<\/li>\n\n\n\n<li>Leverand\u00f8r av Dewey-klassifikasjon: felt 082 $q a (NO-OsBA)&nbsp;<\/li>\n\n\n\n<li>Leverand\u00f8r av emneord: 6xx $0 (NO-OsBA)&nbsp;<\/li>\n\n\n\n<li>Forh\u00e5ndspost (beskrivelsesniv\u00e5): Leader pos 17 verdi 5&nbsp;<\/li>\n\n\n\n<li>Fullstendig post (beskrivelsesniv\u00e5): Leader pos 17 verdi #&nbsp;<\/li>\n\n\n\n<li>Ny post: Leader pos 5 med verdi n&nbsp;&nbsp;<\/li>\n\n\n\n<li>Endret post: Leader pos 5 med verdi c&nbsp;&nbsp;<\/li>\n\n\n\n<li>Slettet forh\u00e5ndspost: Leader pos 5 med verdi d&nbsp;<\/li>\n<\/ul>\n\n\n\n<h3 class=\"wp-block-heading\">Bibliografisk beskrivelse, levert av Bokbasen&nbsp;<\/h3>\n\n\n\n<p>De bibliografiske dataene som leveres, vil v\u00e6re registrert i henhold til gjeldende <a href=\"https:\/\/bibliotekutvikling.no\/kunnskapsorganisering\/katalogiseringsregler\/\" target=\"_blank\" rel=\"noreferrer noopener\">norsk regelverk for katalogisering<\/a> Resource Description and Access (RDA), Nasjonale anbefalinger og Nasjonalbibliotekets retningslinjer for bruk av RDA.&nbsp;<\/p>\n\n\n\n<p>Bokbasens metadata er basert p\u00e5 entitetsbasert katalogisering. Dette inneb\u00e6rer noen forenklinger i konverteringen til MARC 21, blant annet er sorteringsindikatoren utelatt.&nbsp;&nbsp;<\/p>\n\n\n\n<p>Se oversikt over hvilke dataelementer som er tilgjengelige i leveransen: <\/p>\n\n\n\n<ul class=\"wp-block-list\">\n<li><a href=\"https:\/\/bibliotekutvikling.no\/content\/uploads\/sites\/8\/2024\/11\/Vedlegg-1_metadata-i-leveransen.pdf\">Metadataelementer i leveransen<\/a><\/li>\n\n\n\n<li><a href=\"https:\/\/bibliotekutvikling.no\/content\/uploads\/sites\/8\/2024\/11\/Vedlegg-2_MARC-21.pdf\">MARC 21-felt<\/a> <\/li>\n\n\n\n<li><a href=\"https:\/\/bokbasen.jira.com\/wiki\/spaces\/api\/pages\/3466362883\/Marc-postens+innhold\">Se ogs\u00e5 Bokbasens fullstendige oversikt over leveransen i MARC 21.&nbsp;&nbsp;<\/a><\/li>\n<\/ul>\n\n\n\n<h3 class=\"wp-block-heading\">Felles autoritetsregister for personer og korporasjoner, levert av Bokbasen og Biblioteksentralen&nbsp;&nbsp;<\/h3>\n\n\n\n<p>Alle navneautoriteter som forekommer i autoriserte s\u00f8keinnganger og som emne, hentes fra <a href=\"https:\/\/bibliotekutvikling.no\/kunnskapsorganisering\/vokabularer-utkast\/felles-autoritetsregister-for-personer-og-korporasjoner\/\">Felles autoritetsregister for personer og korporasjoner. <\/a>Den bibliografiske posten vil ogs\u00e5 inneholde en unik identifikator fra Felles autoritetsregister for personer og korporasjoner i delfelt 0 i feltene 100, 110, 111 og 130, 600, 610, 611 og 630, 700, 710, 711 og 730, 800, 810, 811 og 830. Det er viktig at identifikatoren beholdes i postene.&nbsp;<\/p>\n\n\n\n<h3 class=\"wp-block-heading\">Sjanger og form, levert av Bokbasen&nbsp;&nbsp;<\/h3>\n\n\n\n<p>Sjanger- og formtermer vil inneholde en unik identifikator fra <a href=\"https:\/\/www.nb.no\/nbvok\/ntsf\/nb\/\" target=\"_blank\" rel=\"noreferrer noopener\">Norsk tesaurus for sjanger og form<\/a>.&nbsp;&nbsp;<\/p>\n\n\n\n<h3 class=\"wp-block-heading\">Klassifikasjon, levert av Biblioteksentralen<\/h3>\n\n\n\n<p>Dokumentene som beskrives i de bibliografiske postene, vil v\u00e6re klassifisert fullt ut etter gjeldende norske utgave av Deweys desimalklassifikasjon (<a href=\"https:\/\/bibliotekutvikling.no\/kunnskapsorganisering\/kunnskapsorganisering\/norsk-webdewey\/\" target=\"_blank\" rel=\"noreferrer noopener\">Norsk WebDewey<\/a>) og <a href=\"https:\/\/bibliotekutvikling.no\/kunnskapsorganisering\/kunnskapsorganisering\/norsk-webdewey\/anbefalinger\/\" target=\"_blank\" rel=\"noreferrer noopener\">Anbefalinger for bruk av Norsk WebDewey<\/a>.&nbsp;<br>&nbsp;<br>Klassifikasjonen skal gjenspeile emnet i dokumentet spesifikt. Det kan i tillegg brukes alternative numre der dette er hensiktsmessig. Det skal v\u00e6re en konsistent klassifikasjonspraksis slik at samme emne klassifiseres p\u00e5 samme m\u00e5te over tid.&nbsp;<br>&nbsp;<br>Skj\u00f8nnlitteratur klassifiseres som litteratur, ikke ut fra hva den handler om. Det klassifiseres med periodeinndeling s\u00e5 sant perioden er lett tilgjengelig.&nbsp;&nbsp;<\/p>\n\n\n\n<p>Klassifikasjonen skal inng\u00e5 i Nasjonalbibliografien.&nbsp;&nbsp;<\/p>\n\n\n\n<h3 class=\"wp-block-heading\">Hyllesignatur, levert av Biblioteksentralen&nbsp;&nbsp;<\/h3>\n\n\n\n<p>Metadatapostene inneholder hyllesignatur for faglitteraturen. Klassifikasjonsnummeret i hyllesignaturen angis som forkortet nummer i henhold til forkortelsesangivelsene i Norsk WebDewey og registreres slik i MARC 21:&nbsp;<\/p>\n\n\n\n<p>MARC 21-felt 852&nbsp;<\/p>\n\n\n\n<ul class=\"wp-block-list\">\n<li>$h &lt; klassifikasjonsnummer&gt;&nbsp;<\/li>\n\n\n\n<li>$i &lt;f\u00f8rste bokstav i ordningsordet&gt;&nbsp;<\/li>\n\n\n\n<li>$k &lt;st\u00f8rrelse&gt;&nbsp;<\/li>\n<\/ul>\n\n\n\n<h3 class=\"wp-block-heading\">Emneord, levert av Biblioteksentralen<\/h3>\n\n\n\n<p>De bibliografiske dataene vil bli levert med emneord fra Biblioteksentralens emneordsliste: <a href=\"https:\/\/vokabular.bs.no\/nb\/\" target=\"_blank\" rel=\"noreferrer noopener\">Bibbi autoriteter<\/a>.<br><br>Emneordene tilordnes i henhold til gjeldende prinsipper for emneordskatalogisering (Ellen Hjorts\u00e6ter: <a href=\"https:\/\/urn.nb.no\/URN:NBN:no-nb_digibok_2015101906004\" target=\"_blank\" rel=\"noreferrer noopener\">Emneordskatalogisering<\/a>). Emneordene skal v\u00e6re spesifikke, dvs. det skal v\u00e6re st\u00f8rst mulig overensstemmelse mellom emneordet som velges og innholdet i dokumentet som helhet. Det skal f\u00f8lges en konsistent praksis slik at samme emne behandles p\u00e5 samme m\u00e5te over tid.&nbsp;<br>&nbsp;<br>Det leveres ogs\u00e5 emnebeskrivelse for omhandlet person, korporasjon, konferanse, m\u00f8te eller utstilling, geografisk sted og verk.&nbsp;<\/p>\n\n\n\n<p>For skj\u00f8nnlitteratur registreres omhandlet emne og omhandlet fiktiv karakter n\u00e5r det er relevant.&nbsp;<br>&nbsp;<br>Alle emneordene vil foreligge b\u00e5de p\u00e5 bokm\u00e5l og nynorsk. Spr\u00e5k i emneord registreres i MARC-delfelt 650 $9 i form av en spr\u00e5kkode.<\/p>\n\n\n\n<h3 class=\"wp-block-heading\">Forsidebilder, levert av Bokbasen<\/h3>\n\n\n\n<p>Omslagsbildene leveres i form av en lenke til et jpg-bilde av forsiden av boken slik:&nbsp;<\/p>\n\n\n\n<p>MARC 21: Felt 856 Indikator 1=4, 2=1&nbsp;<\/p>\n\n\n\n<ul class=\"wp-block-list\">\n<li>$a \u2013 Host name (R)&nbsp;<\/li>\n\n\n\n<li>$3 \u2013 Materials specified (NR)&nbsp;<\/li>\n\n\n\n<li>$u \u2013 Uniform Resource Identifier (R)&nbsp;<\/li>\n\n\n\n<li>$q \u2013 Electronic format type (NR)&nbsp;<\/li>\n<\/ul>\n\n\n\n<h2 class=\"wp-block-heading\" id=\"tilgang-til\">Tilgang til metadata<\/h2>\n\n\n\n<p>Metadataleveransen vil v\u00e6re tilgjengelig b\u00e5de fra Bokbasen og Biblioteksentralen.&nbsp;&nbsp;<\/p>\n\n\n\n<p>Fra 1. november 2024 vil <strong>Biblioteksentralen <\/strong>distribuere en samlet metadatabeskrivelse med data b\u00e5de fra Bokbasen og Biblioteksentralen (se over).&nbsp;&nbsp; Data gj\u00f8res tilgjengelig i MARC 21 via OAI-PMH og SRU. Tegnsettet er UTF-8.&nbsp;<\/p>\n\n\n\n<p>F\u00f8lgende lenker kan brukes for \u00e5 f\u00e5 tilgang til metadatapostene fra Biblioteksentralen:&nbsp;<\/p>\n\n\n\n<ul class=\"wp-block-list\">\n<li>OAI-PMH: <a href=\"https:\/\/oai.aja.bs.no\/mlnb\" target=\"_blank\" rel=\"noreferrer noopener\">https:\/\/oai.aja.bs.no\/mlnb<\/a><\/li>\n\n\n\n<li>SRU: <a href=\"https:\/\/sru.aja.bs.no\/mlnb\" target=\"_blank\" rel=\"noreferrer noopener\">https:\/\/sru.aja.bs.no\/mlnb<\/a><\/li>\n\n\n\n<li>Dokumentasjonen: <a href=\"https:\/\/doc.aja.bs.no\/hente\/bibliografiske-data\/mlnb.html\" target=\"_blank\" rel=\"noreferrer noopener\">https:\/\/doc.aja.bs.no\/hente\/bibliografiske-data\/mlnb.html<\/a><\/li>\n<\/ul>\n\n\n\n<p><strong>Bokbasen<\/strong> distribuerer ogs\u00e5 en fullstendig metadatabeskrivelse i MARC 21 med UTF-8.&nbsp;<strong>&nbsp; <\/strong>Bokbasen vil hente inn Dewey-klassifikasjon og emneord fra Biblioteksentralen og inkludere dette i metadatabeskrivelsen sine. Det vil ta litt tid etter 1. november f\u00f8r Dewey-klassifikasjon og emneord er p\u00e5 plass. Den bibliografiske beskrivelsen (unntatt emnebeskrivelse) vil v\u00e6re tilgjengelig fra 1. november.&nbsp;&nbsp;<\/p>\n\n\n\n<p>De som \u00f8nsker tilgang til data fra Bokbasen, m\u00e5 f\u00e5 godkjenning fra Nasjonalbiblioteket. Send en e-post til <a href=\"mailto:metadataleveranse@nb.no\" target=\"_blank\" rel=\"noreferrer noopener\">metadataleveranse@nb.no<\/a> for \u00e5 f\u00e5 godkjent tilgang.&nbsp;&nbsp;<\/p>\n\n\n\n<p>Se n\u00e6rmere beskrivelse av tilgangen til leveransen hos Bokbasen: <a href=\"https:\/\/bokbasen.jira.com\/wiki\/spaces\/api\/pages\/67993627\/MARC\" target=\"_blank\" rel=\"noreferrer noopener\">API<\/a> og&nbsp; <a href=\"https:\/\/bokbasen.jira.com\/wiki\/spaces\/api\/pages\/3466362883\/Marc-postens+innhold\" target=\"_blank\" rel=\"noreferrer noopener\">MARC 21-postens<\/a> innhold.&nbsp;&nbsp;<\/p>\n\n\n\n<p>Bokbasen og Biblioteksentralen vil fortsette \u00e5 levere katalogdata til sine kunder via abonnement p\u00e5 samme m\u00e5te som i dag.&nbsp;<\/p>\n\n\n\n<p>Ta kontakt med egen systemleverand\u00f8r for \u00e5 f\u00e5 avklart hvordan importen av metadataleveransen kan gj\u00f8res til bibliotekets katalog.&nbsp;&nbsp;<\/p>\n\n\n\n<h2 class=\"wp-block-heading\" id=\"Kontakt-og-sp\u00f8rsm\u00e5l\">Kontakt og sp\u00f8rsm\u00e5l om metadataleveransen<\/h2>\n\n\n\n<p>Ta kontakt med Nasjonalbiblioteket p\u00e5 e-postadressen&nbsp;<a href=\"mailto:metadataleveranse@nb.no\">metadataleveranse@nb.no<\/a>&nbsp;hvis dere har sp\u00f8rsm\u00e5l eller \u00f8nsker \u00e5 melde fra om feil i leveransen.<\/p>\n\n\n\n<h2 class=\"wp-block-heading\" id=\"bibliografiske-data\">Tilgang til bibliografiske data direkte fra Nasjonalbiblioteket<\/h2>\n\n\n\n<p>Bibliografiske data som Nasjonalbiblioteket produserer til Nasjonalbibliografien og spesialbibliografiene i Alma (BIBSYS-konsortiets felleskatalog) er tilgjengelig i MARC 21 og Dublin Core via Sikts OAI-PMH-tjener. <a href=\"https:\/\/bibliotekutvikling.no\/kunnskapsorganisering\/kunnskapsorganisering\/metadata-fra-nasjonalbiblioteket\/hosting-av-nasjonalbibliografien-og-spesialbibliografien\/\">Mer informasjon om h\u00f8sting av nasjonalbibliografien og spesialbibliografien.&nbsp;<\/a><br>&nbsp;<br>Merk at siden Nasjonalbiblioteket selv h\u00f8ster metadata fra Bokbasen\/Biblioteksentralen for \u00e5 lage nasjonalbibliografi og katalog, vil det v\u00e6re overlapp mellom det som kan h\u00f8stes fra Bokbasen\/Biblioteksentralen og det som kan h\u00f8stes fra Nasjonalbiblioteket\/Sikt. Alle poster som produsert av Bokbasen er merket med Bokbasens postidentifikator: MARC-felt 035 $a (NO-OsBAS)&lt;post-id&gt;.&nbsp;<\/p>\n","protected":false},"excerpt":{"rendered":"","protected":false},"author":54,"featured_media":417,"parent":5,"menu_order":0,"comment_status":"closed","ping_status":"closed","template":"","meta":{"nb_hide_title":false,"sub_navigation_option":"","sub_navigation_custom_items":null,"footnotes":""},"class_list":["post-275","page","type-page","status-publish","has-post-thumbnail","hentry"],"yoast_head":"<!-- This site is optimized with the Yoast SEO Premium plugin v27.1 (Yoast SEO v27.1.1) - https:\/\/yoast.com\/product\/yoast-seo-premium-wordpress\/ -->\n<title>Metadata til folke- og skolebibliotek - Kunnskapsorganisering<\/title>\n<meta name=\"robots\" content=\"index, follow, max-snippet:-1, max-image-preview:large, max-video-preview:-1\" \/>\n<link rel=\"canonical\" href=\"https:\/\/beta.bibliotekutvikling.no\/kunnskapsorganisering\/metadata-fra-nasjonalbiblioteket\/metadata-til-folke-og-skolebibliotek\/\" \/>\n<meta property=\"og:locale\" content=\"nb_NO\" \/>\n<meta property=\"og:type\" content=\"article\" \/>\n<meta property=\"og:title\" content=\"Metadata til folke- og skolebibliotek\" \/>\n<meta property=\"og:url\" content=\"https:\/\/beta.bibliotekutvikling.no\/kunnskapsorganisering\/metadata-fra-nasjonalbiblioteket\/metadata-til-folke-og-skolebibliotek\/\" \/>\n<meta property=\"og:site_name\" content=\"Kunnskapsorganisering\" \/>\n<meta property=\"article:modified_time\" content=\"2024-11-06T13:14:38+00:00\" \/>\n<meta property=\"og:image\" content=\"https:\/\/beta.bibliotekutvikling.no\/content\/uploads\/sites\/8\/2019\/11\/images.jpg\" \/>\n\t<meta property=\"og:image:width\" content=\"276\" \/>\n\t<meta property=\"og:image:height\" content=\"183\" \/>\n\t<meta property=\"og:image:type\" content=\"image\/jpeg\" \/>\n<meta name=\"twitter:card\" content=\"summary_large_image\" \/>\n<meta name=\"twitter:label1\" content=\"Ansl. lesetid\" \/>\n\t<meta name=\"twitter:data1\" content=\"6 minutter\" \/>\n<script type=\"application\/ld+json\" class=\"yoast-schema-graph\">{\"@context\":\"https:\/\/schema.org\",\"@graph\":[{\"@type\":\"WebPage\",\"@id\":\"https:\/\/beta.bibliotekutvikling.no\/kunnskapsorganisering\/metadata-fra-nasjonalbiblioteket\/metadata-til-folke-og-skolebibliotek\/\",\"url\":\"https:\/\/beta.bibliotekutvikling.no\/kunnskapsorganisering\/metadata-fra-nasjonalbiblioteket\/metadata-til-folke-og-skolebibliotek\/\",\"name\":\"Metadata til folke- og skolebibliotek - Kunnskapsorganisering\",\"isPartOf\":{\"@id\":\"https:\/\/beta.bibliotekutvikling.no\/kunnskapsorganisering\/#website\"},\"primaryImageOfPage\":{\"@id\":\"https:\/\/beta.bibliotekutvikling.no\/kunnskapsorganisering\/metadata-fra-nasjonalbiblioteket\/metadata-til-folke-og-skolebibliotek\/#primaryimage\"},\"image\":{\"@id\":\"https:\/\/beta.bibliotekutvikling.no\/kunnskapsorganisering\/metadata-fra-nasjonalbiblioteket\/metadata-til-folke-og-skolebibliotek\/#primaryimage\"},\"thumbnailUrl\":\"https:\/\/beta.bibliotekutvikling.no\/content\/uploads\/sites\/8\/2019\/11\/images.jpg\",\"datePublished\":\"2019-11-21T14:08:41+00:00\",\"dateModified\":\"2024-11-06T13:14:38+00:00\",\"breadcrumb\":{\"@id\":\"https:\/\/beta.bibliotekutvikling.no\/kunnskapsorganisering\/metadata-fra-nasjonalbiblioteket\/metadata-til-folke-og-skolebibliotek\/#breadcrumb\"},\"inLanguage\":\"nb-NO\",\"potentialAction\":[{\"@type\":\"ReadAction\",\"target\":[\"https:\/\/beta.bibliotekutvikling.no\/kunnskapsorganisering\/metadata-fra-nasjonalbiblioteket\/metadata-til-folke-og-skolebibliotek\/\"]}]},{\"@type\":\"ImageObject\",\"inLanguage\":\"nb-NO\",\"@id\":\"https:\/\/beta.bibliotekutvikling.no\/kunnskapsorganisering\/metadata-fra-nasjonalbiblioteket\/metadata-til-folke-og-skolebibliotek\/#primaryimage\",\"url\":\"https:\/\/beta.bibliotekutvikling.no\/content\/uploads\/sites\/8\/2019\/11\/images.jpg\",\"contentUrl\":\"https:\/\/beta.bibliotekutvikling.no\/content\/uploads\/sites\/8\/2019\/11\/images.jpg\",\"width\":276,\"height\":183},{\"@type\":\"BreadcrumbList\",\"@id\":\"https:\/\/beta.bibliotekutvikling.no\/kunnskapsorganisering\/metadata-fra-nasjonalbiblioteket\/metadata-til-folke-og-skolebibliotek\/#breadcrumb\",\"itemListElement\":[{\"@type\":\"ListItem\",\"position\":1,\"name\":\"Home\",\"item\":\"https:\/\/beta.bibliotekutvikling.no\/kunnskapsorganisering\/\"},{\"@type\":\"ListItem\",\"position\":2,\"name\":\"Metadata fra Nasjonalbiblioteket\",\"item\":\"https:\/\/beta.bibliotekutvikling.no\/kunnskapsorganisering\/metadata-fra-nasjonalbiblioteket\/\"},{\"@type\":\"ListItem\",\"position\":3,\"name\":\"Metadata til folke- og skolebibliotek\"}]},{\"@type\":\"WebSite\",\"@id\":\"https:\/\/beta.bibliotekutvikling.no\/kunnskapsorganisering\/#website\",\"url\":\"https:\/\/beta.bibliotekutvikling.no\/kunnskapsorganisering\/\",\"name\":\"Kunnskapsorganisering\",\"description\":\"Ressurser i kunnskapsorganisering\",\"publisher\":{\"@id\":\"https:\/\/beta.bibliotekutvikling.no\/kunnskapsorganisering\/#organization\"},\"potentialAction\":[{\"@type\":\"SearchAction\",\"target\":{\"@type\":\"EntryPoint\",\"urlTemplate\":\"https:\/\/beta.bibliotekutvikling.no\/kunnskapsorganisering\/?s={search_term_string}\"},\"query-input\":{\"@type\":\"PropertyValueSpecification\",\"valueRequired\":true,\"valueName\":\"search_term_string\"}}],\"inLanguage\":\"nb-NO\"},{\"@type\":\"Organization\",\"@id\":\"https:\/\/beta.bibliotekutvikling.no\/kunnskapsorganisering\/#organization\",\"name\":\"Kunnskapsorganisering\",\"url\":\"https:\/\/beta.bibliotekutvikling.no\/kunnskapsorganisering\/\",\"logo\":{\"@type\":\"ImageObject\",\"inLanguage\":\"nb-NO\",\"@id\":\"https:\/\/beta.bibliotekutvikling.no\/kunnskapsorganisering\/#\/schema\/logo\/image\/\",\"url\":\"https:\/\/bibliotekutvikling.no\/content\/uploads\/sites\/8\/2024\/07\/MiniatyrBilde_logo.png\",\"contentUrl\":\"https:\/\/bibliotekutvikling.no\/content\/uploads\/sites\/8\/2024\/07\/MiniatyrBilde_logo.png\",\"width\":824,\"height\":744,\"caption\":\"Kunnskapsorganisering\"},\"image\":{\"@id\":\"https:\/\/beta.bibliotekutvikling.no\/kunnskapsorganisering\/#\/schema\/logo\/image\/\"}}]}<\/script>\n<!-- \/ Yoast SEO Premium plugin. -->","yoast_head_json":{"title":"Metadata til folke- og skolebibliotek - Kunnskapsorganisering","robots":{"index":"index","follow":"follow","max-snippet":"max-snippet:-1","max-image-preview":"max-image-preview:large","max-video-preview":"max-video-preview:-1"},"canonical":"https:\/\/beta.bibliotekutvikling.no\/kunnskapsorganisering\/metadata-fra-nasjonalbiblioteket\/metadata-til-folke-og-skolebibliotek\/","og_locale":"nb_NO","og_type":"article","og_title":"Metadata til folke- og skolebibliotek","og_url":"https:\/\/beta.bibliotekutvikling.no\/kunnskapsorganisering\/metadata-fra-nasjonalbiblioteket\/metadata-til-folke-og-skolebibliotek\/","og_site_name":"Kunnskapsorganisering","article_modified_time":"2024-11-06T13:14:38+00:00","og_image":[{"width":276,"height":183,"url":"https:\/\/beta.bibliotekutvikling.no\/content\/uploads\/sites\/8\/2019\/11\/images.jpg","type":"image\/jpeg"}],"twitter_card":"summary_large_image","twitter_misc":{"Ansl. lesetid":"6 minutter"},"schema":{"@context":"https:\/\/schema.org","@graph":[{"@type":"WebPage","@id":"https:\/\/beta.bibliotekutvikling.no\/kunnskapsorganisering\/metadata-fra-nasjonalbiblioteket\/metadata-til-folke-og-skolebibliotek\/","url":"https:\/\/beta.bibliotekutvikling.no\/kunnskapsorganisering\/metadata-fra-nasjonalbiblioteket\/metadata-til-folke-og-skolebibliotek\/","name":"Metadata til folke- og skolebibliotek - Kunnskapsorganisering","isPartOf":{"@id":"https:\/\/beta.bibliotekutvikling.no\/kunnskapsorganisering\/#website"},"primaryImageOfPage":{"@id":"https:\/\/beta.bibliotekutvikling.no\/kunnskapsorganisering\/metadata-fra-nasjonalbiblioteket\/metadata-til-folke-og-skolebibliotek\/#primaryimage"},"image":{"@id":"https:\/\/beta.bibliotekutvikling.no\/kunnskapsorganisering\/metadata-fra-nasjonalbiblioteket\/metadata-til-folke-og-skolebibliotek\/#primaryimage"},"thumbnailUrl":"https:\/\/beta.bibliotekutvikling.no\/content\/uploads\/sites\/8\/2019\/11\/images.jpg","datePublished":"2019-11-21T14:08:41+00:00","dateModified":"2024-11-06T13:14:38+00:00","breadcrumb":{"@id":"https:\/\/beta.bibliotekutvikling.no\/kunnskapsorganisering\/metadata-fra-nasjonalbiblioteket\/metadata-til-folke-og-skolebibliotek\/#breadcrumb"},"inLanguage":"nb-NO","potentialAction":[{"@type":"ReadAction","target":["https:\/\/beta.bibliotekutvikling.no\/kunnskapsorganisering\/metadata-fra-nasjonalbiblioteket\/metadata-til-folke-og-skolebibliotek\/"]}]},{"@type":"ImageObject","inLanguage":"nb-NO","@id":"https:\/\/beta.bibliotekutvikling.no\/kunnskapsorganisering\/metadata-fra-nasjonalbiblioteket\/metadata-til-folke-og-skolebibliotek\/#primaryimage","url":"https:\/\/beta.bibliotekutvikling.no\/content\/uploads\/sites\/8\/2019\/11\/images.jpg","contentUrl":"https:\/\/beta.bibliotekutvikling.no\/content\/uploads\/sites\/8\/2019\/11\/images.jpg","width":276,"height":183},{"@type":"BreadcrumbList","@id":"https:\/\/beta.bibliotekutvikling.no\/kunnskapsorganisering\/metadata-fra-nasjonalbiblioteket\/metadata-til-folke-og-skolebibliotek\/#breadcrumb","itemListElement":[{"@type":"ListItem","position":1,"name":"Home","item":"https:\/\/beta.bibliotekutvikling.no\/kunnskapsorganisering\/"},{"@type":"ListItem","position":2,"name":"Metadata fra Nasjonalbiblioteket","item":"https:\/\/beta.bibliotekutvikling.no\/kunnskapsorganisering\/metadata-fra-nasjonalbiblioteket\/"},{"@type":"ListItem","position":3,"name":"Metadata til folke- og skolebibliotek"}]},{"@type":"WebSite","@id":"https:\/\/beta.bibliotekutvikling.no\/kunnskapsorganisering\/#website","url":"https:\/\/beta.bibliotekutvikling.no\/kunnskapsorganisering\/","name":"Kunnskapsorganisering","description":"Ressurser i kunnskapsorganisering","publisher":{"@id":"https:\/\/beta.bibliotekutvikling.no\/kunnskapsorganisering\/#organization"},"potentialAction":[{"@type":"SearchAction","target":{"@type":"EntryPoint","urlTemplate":"https:\/\/beta.bibliotekutvikling.no\/kunnskapsorganisering\/?s={search_term_string}"},"query-input":{"@type":"PropertyValueSpecification","valueRequired":true,"valueName":"search_term_string"}}],"inLanguage":"nb-NO"},{"@type":"Organization","@id":"https:\/\/beta.bibliotekutvikling.no\/kunnskapsorganisering\/#organization","name":"Kunnskapsorganisering","url":"https:\/\/beta.bibliotekutvikling.no\/kunnskapsorganisering\/","logo":{"@type":"ImageObject","inLanguage":"nb-NO","@id":"https:\/\/beta.bibliotekutvikling.no\/kunnskapsorganisering\/#\/schema\/logo\/image\/","url":"https:\/\/bibliotekutvikling.no\/content\/uploads\/sites\/8\/2024\/07\/MiniatyrBilde_logo.png","contentUrl":"https:\/\/bibliotekutvikling.no\/content\/uploads\/sites\/8\/2024\/07\/MiniatyrBilde_logo.png","width":824,"height":744,"caption":"Kunnskapsorganisering"},"image":{"@id":"https:\/\/beta.bibliotekutvikling.no\/kunnskapsorganisering\/#\/schema\/logo\/image\/"}}]}},"_links":{"self":[{"href":"https:\/\/beta.bibliotekutvikling.no\/kunnskapsorganisering\/wp-json\/wp\/v2\/pages\/275","targetHints":{"allow":["GET"]}}],"collection":[{"href":"https:\/\/beta.bibliotekutvikling.no\/kunnskapsorganisering\/wp-json\/wp\/v2\/pages"}],"about":[{"href":"https:\/\/beta.bibliotekutvikling.no\/kunnskapsorganisering\/wp-json\/wp\/v2\/types\/page"}],"author":[{"embeddable":true,"href":"https:\/\/beta.bibliotekutvikling.no\/kunnskapsorganisering\/wp-json\/wp\/v2\/users\/54"}],"replies":[{"embeddable":true,"href":"https:\/\/beta.bibliotekutvikling.no\/kunnskapsorganisering\/wp-json\/wp\/v2\/comments?post=275"}],"version-history":[{"count":4,"href":"https:\/\/beta.bibliotekutvikling.no\/kunnskapsorganisering\/wp-json\/wp\/v2\/pages\/275\/revisions"}],"predecessor-version":[{"id":2395,"href":"https:\/\/beta.bibliotekutvikling.no\/kunnskapsorganisering\/wp-json\/wp\/v2\/pages\/275\/revisions\/2395"}],"up":[{"embeddable":true,"href":"https:\/\/beta.bibliotekutvikling.no\/kunnskapsorganisering\/wp-json\/wp\/v2\/pages\/5"}],"wp:featuredmedia":[{"embeddable":true,"href":"https:\/\/beta.bibliotekutvikling.no\/kunnskapsorganisering\/wp-json\/wp\/v2\/media\/417"}],"wp:attachment":[{"href":"https:\/\/beta.bibliotekutvikling.no\/kunnskapsorganisering\/wp-json\/wp\/v2\/media?parent=275"}],"curies":[{"name":"wp","href":"https:\/\/api.w.org\/{rel}","templated":true}]}}