{"id":283,"date":"2019-11-22T10:04:53","date_gmt":"2019-11-22T09:04:53","guid":{"rendered":"https:\/\/bibliotekutvikling.dev04.dekodes.no\/kunnskapsorganisering\/?page_id=283"},"modified":"2024-11-22T11:31:14","modified_gmt":"2024-11-22T10:31:14","slug":"krav-til-biblioteksystem-integrering-mot-nasjonale-tjenester","status":"publish","type":"page","link":"https:\/\/beta.bibliotekutvikling.no\/kunnskapsorganisering\/krav-til-biblioteksystem-integrering-mot-nasjonale-tjenester\/","title":{"rendered":"Krav til biblioteksystem &#8211; integrering mot nasjonale tjenester"},"content":{"rendered":"<p class=\"t2-ingress wp-block-t2-ingress\">Nasjonalbiblioteket anbefaler at norske bibliotek bruker oversikten under som grunnlag for \u00e5 stille krav til sine leverand\u00f8rer av biblioteksystem, ved for eksempel innkj\u00f8p av nytt biblioteksystem.<\/p>\n\n\n<p>Nasjonalbiblioteket anbefaler og vedlikeholder standarder, vokabularer, databaser og protokoller som st\u00f8tter opp under utveksling av data mellom norske bibliotek. Dette omfatter b\u00e5de bibliografiske data, data om bibliotek, l\u00e5nere, l\u00e5n, fjernl\u00e5n og utl\u00e5n av bokpakker. I tillegg gir Nasjonalbiblioteket retningslinjer for hvordan statistikk skal samles inn p\u00e5 nasjonalt niv\u00e5 og retningslinjer for fjernl\u00e5n <\/p>\n\n\n\n<div class=\"wp-block-columns alignwide is-layout-flex wp-container-core-columns-is-layout-28f84493 wp-block-columns-is-layout-flex\">\n<div class=\"wp-block-column is-layout-flow wp-block-column-is-layout-flow\" style=\"flex-basis:10%\"><\/div>\n\n\n\n<div class=\"wp-block-column is-layout-flow wp-block-column-is-layout-flow\" style=\"flex-basis:80%\">\n<figure class=\"wp-block-table\"><table><thead><tr><th class=\"has-text-align-left\" data-align=\"left\"><\/th><th class=\"has-text-align-left\" data-align=\"left\"><\/th><\/tr><\/thead><tbody><tr><td class=\"has-text-align-left\" data-align=\"left\"><strong>Bibliografiske data<\/strong> <\/td><td class=\"has-text-align-left\" data-align=\"left\"><strong>RDA<\/strong><br>Bibliotekenes kataloger m\u00e5 st\u00f8tte katalogisering i henhold til standard katalogiseringsregelverk for norske bibliotek &#8211; Resource Description and Access (RDA). <a href=\"https:\/\/bibliotekutvikling.no\/kunnskapsorganisering\/katalogiseringsregler\/\">Mer informasjon<\/a><br>Kontakt: <a href=\"mailto:rda@nb.no\">rda@nb.no<\/a><\/td><\/tr><tr><td class=\"has-text-align-left\" data-align=\"left\"><\/td><td class=\"has-text-align-left\" data-align=\"left\"><strong>MARC 21<\/strong><br>Bibliotekenes kataloger m\u00e5 st\u00f8tte utveksling av bibliografiske data i MARC 21. Metadata som Nasjonalbiblioteket stiller til r\u00e5dighet for bibliotekene, leveres i MARC 21. Bibliotekene skal levere bibliografiske poster til Biblioteks\u00f8k i MARC 21. <a href=\"https:\/\/bibliotekutvikling.no\/kunnskapsorganisering\/marc-utvekslingsformat-for-bibliografiske-data\/\">Mer informasjon<\/a><br>Kontaktperson: <a href=\"mailto:hilde.hogas@nb.no\">Hilde H\u00f8g\u00e5s<\/a><\/td><\/tr><tr><td class=\"has-text-align-left\" data-align=\"left\"><\/td><td class=\"has-text-align-left\" data-align=\"left\"><strong>Metadataleveransen<\/strong><br>Bibliotekenes kataloger m\u00e5 kunne importere data fra Nasjonalbibliotekets metadataleveranse som gir fri tilgang til metadata til alle bibliotek. Data er tilgjengelig i MARC 21 (MARCXML) via protokollene SRU og OAI-PMH. Tegnsettet er UTF-8&nbsp;<a href=\"https:\/\/bibliotekutvikling.no\/kunnskapsorganisering\/kunnskapsorganisering\/metadata-fra-nasjonalbiblioteket\/metadata-til-folke-og-skolebibliotek\/\" target=\"_blank\" rel=\"noreferrer noopener\">Mer informasjon.<\/a><\/td><\/tr><tr><td class=\"has-text-align-left\" data-align=\"left\"><\/td><td class=\"has-text-align-left\" data-align=\"left\"><strong>Norsk WebDewey<\/strong><br>Bibliotekenes kataloger m\u00e5 st\u00f8tte bruk av standard klassifikasjonssystem for norske bibliotek \u2013 Norsk WebDewey. Norsk WebDewey er en norsk oversettelse av DDC 23. Bibliotek som \u00f8nsker det, har mulighet til \u00e5 lage en integrasjon mot Norsk WebDewey for \u00e5 berike s\u00f8ketjenesten mot katalogen. Dette beh\u00f8ver ikke v\u00e6re et obligatorisk krav til leverand\u00f8rer. <a href=\"https:\/\/bibliotekutvikling.no\/kunnskapsorganisering\/norsk-webdewey\/integrering-mot-norsk-webdewey\/\">Mer informasjon.<\/a> <br>Kontakt: <a href=\"mailto:webdewey@nb.no\">webdewey@nb.no<\/a><\/td><\/tr><tr><td class=\"has-text-align-left\" data-align=\"left\"><\/td><td class=\"has-text-align-left\" data-align=\"left\"><strong>Vokabularer<\/strong><br>Bibliotekenes kataloger m\u00e5 st\u00f8tte bruk av Nasjonalbibliotekets anbefalte sett av autoritetsregister, vokabularer og kodelister. En del av vokabularene er publisert som lenkede data i henhold til SKOS-ontologien. <a href=\"https:\/\/bibliotekutvikling.no\/kunnskapsorganisering\/vokabularer-utkast\/\">Mer informasjon.<\/a><br>Kontaktperson hos Nasjonalbiblioteket: <a href=\"mailto:hilde.hogas@nb.no\">Hilde H\u00f8g\u00e5s<\/a> Tekniske sp\u00f8rsm\u00e5l om tilgang til, og integrering med, Felles autoritetsregister kan rettes til <a href=\"mailto:support@bibsys.no\">support@bibsys.no<\/a><\/td><\/tr><tr><td class=\"has-text-align-left\" data-align=\"left\"><strong>L\u00e5nerdata<\/strong><\/td><td class=\"has-text-align-left\" data-align=\"left\"><strong>Bibliotekkortet og nasjonalt l\u00e5nerregister<\/strong><br>Bibliotekenes systemleverand\u00f8rer m\u00e5 st\u00f8tte krav til integrasjon med nasjonalt l\u00e5nerregister for \u00e5 tilby Bibliotekkortet og bestilling av fjernl\u00e5n gjennom Biblioteks\u00f8k.&nbsp;<br><a href=\"https:\/\/bibliotekutvikling.no\/kunnskapsorganisering\/nasjonalt-samarbeid-om-lanerregister-og-bibliotekkortet\/\">Beskrivelse av l\u00f8sningen<\/a> <br><a href=\"https:\/\/bibliotekutvikling.no\/kunnskapsorganisering\/nasjonalt-samarbeid-om-lanerregister-og-bibliotekkortet\/krav-til-leverandorer-nasjonalt-lanerregister\/\">Krav til leverand\u00f8rer<\/a> <br><a href=\"https:\/\/bibliotekutvikling.no\/kunnskapsorganisering\/nasjonalt-samarbeid-om-lanerregister-og-bibliotekkortet\/dokumentasjon-til-den-tekniske-losningen\/\">Dokumentasjon for den tekniske l\u00f8sningen <\/a><br>Kontakt: <a href=\"mailto:bibliotekkortet@nb.no\">bibliotekkortet@nb.no<\/a><\/td><\/tr><tr><td class=\"has-text-align-left\" data-align=\"left\"><strong>Beholdningsdata og fjernl\u00e5n<\/strong><\/td><td class=\"has-text-align-left\" data-align=\"left\"><strong>Biblioteks\u00f8k<\/strong><br>Bibliotekenes kataloger m\u00e5 st\u00f8tte l\u00f8sning som gj\u00f8r at katalogen er tilgjengelig for innh\u00f8sting for \u00e5 kunne delta i tjenesten Biblioteks\u00f8k.  <br><a href=\"https:\/\/bibliotekutvikling.no\/biblioteksok\/#avleveringavdata\">Mer informasjon<\/a>.<br>L\u00e5n gjennom Biblioteks\u00f8k krever integrasjon med Bibliotekkortet.<br>Kontakt for Biblioteks\u00f8k: <a href=\"mailto:bibsok@nb.no\">bibsok@nb.no<\/a><\/td><\/tr><tr><td class=\"has-text-align-left\" data-align=\"left\"><strong>Utveksling av fjernl\u00e5nsdata og depot\/bokpakker<\/strong><\/td><td class=\"has-text-align-left\" data-align=\"left\"><strong>NCIP: utvekslingsprotokoll for fjernl\u00e5nsdata<\/strong><br>Bibliotekenes kataloger m\u00e5 st\u00f8tte bruk av Norsk NCIP-profil brukes som standard utvekslingsprotokoll for fjernl\u00e5n og bestilling av bokpakker fra Det flerspr\u00e5klige bibliotek. <a href=\"https:\/\/bibliotekutvikling.no\/kunnskapsorganisering\/norsk-ncip-profil\/\">Mer informasjon<\/a><br>Kontaktperson :<a href=\"mailto:hilde.hogas@nb.no\"> Hilde H\u00f8g\u00e5s<\/a><\/td><\/tr><tr><td class=\"has-text-align-left\" data-align=\"left\"><strong>Bibliotekdata<\/strong><\/td><td class=\"has-text-align-left\" data-align=\"left\"><strong>BaseBibliotek<\/strong><br>Bibliotek m\u00e5 v\u00e6re registrert i BaseBibliotek for \u00e5 bruke felles tjenester som Bibs\u00f8k, Bibliotekkortet, DFB, Oria o.a.  <br>Biblioteket er selv ansvarlig for \u00e5 vedlikeholde sine adresseopplysninger. <a href=\"https:\/\/bibliotekutvikling.no\/lan-fra-nasjonalbiblioteket\/basebibliotek\/\">Mer informasjon<\/a><br>For informasjon om integrasjon med biblioteksystem, ta kontakt med&nbsp;<a href=\"mailto:basebibliotek@nb.no\" target=\"_blank\" rel=\"noreferrer noopener\">basebibliotek@nb.no<\/a><\/td><\/tr><tr><td class=\"has-text-align-left\" data-align=\"left\"><strong>Statistikk<\/strong><\/td><td class=\"has-text-align-left\" data-align=\"left\"><strong>Statistikkrapportering<\/strong><br>Bibliotekenes kataloger m\u00e5 st\u00f8tte Nasjonalbibliotekets krav til statistikkinnlevering. Definisjoner\/veiledningstekster til de ulike datafeltene ligger i <a href=\"https:\/\/bibliotekutvikling.no\/statistikk\/rapportering\/forhandsvisning\/\">statistikkskjemaene<\/a>.<strong>&nbsp;<\/strong><br>For \u00e5 levere data automatisk i forh\u00e5ndsutfylte skjema m\u00e5 systemleverand\u00f8ren kunne levere csv-filer av bibliotekenes data til Nasjonalbiblioteket. Dette anbefales av Nasjonalbiblioteket. Kontakt: <a href=\"mailto:bibliotekutvikling@nb.no\">bibliotekutvikling@nb.no<\/a><\/td><\/tr><\/tbody><tfoot><tr><td class=\"has-text-align-left\" data-align=\"left\"><\/td><td class=\"has-text-align-left\" data-align=\"left\"><\/td><\/tr><\/tfoot><\/table><\/figure>\n<\/div>\n\n\n\n<div class=\"wp-block-column is-layout-flow wp-block-column-is-layout-flow\" style=\"flex-basis:10%\"><\/div>\n<\/div>\n\n\n\n<p>Leverand\u00f8rene av biblioteksystem i Norge har et eget nettverk, p\u00e5 disse sidene finner du mer informasjon: <a href=\"https:\/\/bibliotekutvikling.no\/biblioteksystemleverandorene-i-norge\/\">Bibliotekssystemleverand\u00f8rene i Norge<\/a><\/p>\n","protected":false},"excerpt":{"rendered":"","protected":false},"author":6868,"featured_media":2204,"parent":0,"menu_order":0,"comment_status":"closed","ping_status":"closed","template":"","meta":{"nb_hide_title":false,"sub_navigation_option":"","sub_navigation_custom_items":null,"footnotes":""},"class_list":["post-283","page","type-page","status-publish","has-post-thumbnail","hentry"],"yoast_head":"<!-- This site is optimized with the Yoast SEO Premium plugin v27.1 (Yoast SEO v27.1.1) - https:\/\/yoast.com\/product\/yoast-seo-premium-wordpress\/ -->\n<title>Krav til biblioteksystem - integrering mot nasjonale tjenester - Kunnskapsorganisering<\/title>\n<meta name=\"description\" content=\"krav til bibliotek webdewey, statistikk, rda, ncip, autoritetsregister, basebibliotek, nasjonalt l\u00e5nekort.\" \/>\n<meta name=\"robots\" content=\"index, follow, max-snippet:-1, max-image-preview:large, max-video-preview:-1\" \/>\n<link rel=\"canonical\" href=\"https:\/\/beta.bibliotekutvikling.no\/kunnskapsorganisering\/krav-til-biblioteksystem-integrering-mot-nasjonale-tjenester\/\" \/>\n<meta property=\"og:locale\" content=\"nb_NO\" \/>\n<meta property=\"og:type\" content=\"article\" \/>\n<meta property=\"og:title\" content=\"Krav til biblioteksystem - integrering mot nasjonale tjenester\" \/>\n<meta property=\"og:description\" content=\"krav til bibliotek webdewey, statistikk, rda, ncip, autoritetsregister, basebibliotek, nasjonalt l\u00e5nekort.\" \/>\n<meta property=\"og:url\" content=\"https:\/\/beta.bibliotekutvikling.no\/kunnskapsorganisering\/krav-til-biblioteksystem-integrering-mot-nasjonale-tjenester\/\" \/>\n<meta property=\"og:site_name\" content=\"Kunnskapsorganisering\" \/>\n<meta property=\"article:modified_time\" content=\"2024-11-22T10:31:14+00:00\" \/>\n<meta property=\"og:image\" content=\"https:\/\/beta.bibliotekutvikling.no\/content\/uploads\/sites\/8\/2024\/06\/Oppegard_bibliotek_NETT-53.jpg\" \/>\n\t<meta property=\"og:image:width\" content=\"2500\" \/>\n\t<meta property=\"og:image:height\" content=\"1669\" \/>\n\t<meta property=\"og:image:type\" content=\"image\/jpeg\" \/>\n<meta name=\"twitter:card\" content=\"summary_large_image\" \/>\n<meta name=\"twitter:label1\" content=\"Ansl. lesetid\" \/>\n\t<meta name=\"twitter:data1\" content=\"3 minutter\" \/>\n<script type=\"application\/ld+json\" class=\"yoast-schema-graph\">{\"@context\":\"https:\/\/schema.org\",\"@graph\":[{\"@type\":\"WebPage\",\"@id\":\"https:\/\/beta.bibliotekutvikling.no\/kunnskapsorganisering\/krav-til-biblioteksystem-integrering-mot-nasjonale-tjenester\/\",\"url\":\"https:\/\/beta.bibliotekutvikling.no\/kunnskapsorganisering\/krav-til-biblioteksystem-integrering-mot-nasjonale-tjenester\/\",\"name\":\"Krav til biblioteksystem - integrering mot nasjonale tjenester - Kunnskapsorganisering\",\"isPartOf\":{\"@id\":\"https:\/\/beta.bibliotekutvikling.no\/kunnskapsorganisering\/#website\"},\"primaryImageOfPage\":{\"@id\":\"https:\/\/beta.bibliotekutvikling.no\/kunnskapsorganisering\/krav-til-biblioteksystem-integrering-mot-nasjonale-tjenester\/#primaryimage\"},\"image\":{\"@id\":\"https:\/\/beta.bibliotekutvikling.no\/kunnskapsorganisering\/krav-til-biblioteksystem-integrering-mot-nasjonale-tjenester\/#primaryimage\"},\"thumbnailUrl\":\"https:\/\/beta.bibliotekutvikling.no\/content\/uploads\/sites\/8\/2024\/06\/Oppegard_bibliotek_NETT-53.jpg\",\"datePublished\":\"2019-11-22T09:04:53+00:00\",\"dateModified\":\"2024-11-22T10:31:14+00:00\",\"description\":\"krav til bibliotek webdewey, statistikk, rda, ncip, autoritetsregister, basebibliotek, nasjonalt l\u00e5nekort.\",\"breadcrumb\":{\"@id\":\"https:\/\/beta.bibliotekutvikling.no\/kunnskapsorganisering\/krav-til-biblioteksystem-integrering-mot-nasjonale-tjenester\/#breadcrumb\"},\"inLanguage\":\"nb-NO\",\"potentialAction\":[{\"@type\":\"ReadAction\",\"target\":[\"https:\/\/beta.bibliotekutvikling.no\/kunnskapsorganisering\/krav-til-biblioteksystem-integrering-mot-nasjonale-tjenester\/\"]}]},{\"@type\":\"ImageObject\",\"inLanguage\":\"nb-NO\",\"@id\":\"https:\/\/beta.bibliotekutvikling.no\/kunnskapsorganisering\/krav-til-biblioteksystem-integrering-mot-nasjonale-tjenester\/#primaryimage\",\"url\":\"https:\/\/beta.bibliotekutvikling.no\/content\/uploads\/sites\/8\/2024\/06\/Oppegard_bibliotek_NETT-53.jpg\",\"contentUrl\":\"https:\/\/beta.bibliotekutvikling.no\/content\/uploads\/sites\/8\/2024\/06\/Oppegard_bibliotek_NETT-53.jpg\",\"width\":2500,\"height\":1669,\"caption\":\"Veildning i bibliotekskranke\"},{\"@type\":\"BreadcrumbList\",\"@id\":\"https:\/\/beta.bibliotekutvikling.no\/kunnskapsorganisering\/krav-til-biblioteksystem-integrering-mot-nasjonale-tjenester\/#breadcrumb\",\"itemListElement\":[{\"@type\":\"ListItem\",\"position\":1,\"name\":\"Home\",\"item\":\"https:\/\/beta.bibliotekutvikling.no\/kunnskapsorganisering\/\"},{\"@type\":\"ListItem\",\"position\":2,\"name\":\"Krav til biblioteksystem &#8211; integrering mot nasjonale tjenester\"}]},{\"@type\":\"WebSite\",\"@id\":\"https:\/\/beta.bibliotekutvikling.no\/kunnskapsorganisering\/#website\",\"url\":\"https:\/\/beta.bibliotekutvikling.no\/kunnskapsorganisering\/\",\"name\":\"Kunnskapsorganisering\",\"description\":\"Ressurser i kunnskapsorganisering\",\"publisher\":{\"@id\":\"https:\/\/beta.bibliotekutvikling.no\/kunnskapsorganisering\/#organization\"},\"potentialAction\":[{\"@type\":\"SearchAction\",\"target\":{\"@type\":\"EntryPoint\",\"urlTemplate\":\"https:\/\/beta.bibliotekutvikling.no\/kunnskapsorganisering\/?s={search_term_string}\"},\"query-input\":{\"@type\":\"PropertyValueSpecification\",\"valueRequired\":true,\"valueName\":\"search_term_string\"}}],\"inLanguage\":\"nb-NO\"},{\"@type\":\"Organization\",\"@id\":\"https:\/\/beta.bibliotekutvikling.no\/kunnskapsorganisering\/#organization\",\"name\":\"Kunnskapsorganisering\",\"url\":\"https:\/\/beta.bibliotekutvikling.no\/kunnskapsorganisering\/\",\"logo\":{\"@type\":\"ImageObject\",\"inLanguage\":\"nb-NO\",\"@id\":\"https:\/\/beta.bibliotekutvikling.no\/kunnskapsorganisering\/#\/schema\/logo\/image\/\",\"url\":\"https:\/\/bibliotekutvikling.no\/content\/uploads\/sites\/8\/2024\/07\/MiniatyrBilde_logo.png\",\"contentUrl\":\"https:\/\/bibliotekutvikling.no\/content\/uploads\/sites\/8\/2024\/07\/MiniatyrBilde_logo.png\",\"width\":824,\"height\":744,\"caption\":\"Kunnskapsorganisering\"},\"image\":{\"@id\":\"https:\/\/beta.bibliotekutvikling.no\/kunnskapsorganisering\/#\/schema\/logo\/image\/\"}}]}<\/script>\n<!-- \/ Yoast SEO Premium plugin. -->","yoast_head_json":{"title":"Krav til biblioteksystem - integrering mot nasjonale tjenester - Kunnskapsorganisering","description":"krav til bibliotek webdewey, statistikk, rda, ncip, autoritetsregister, basebibliotek, nasjonalt l\u00e5nekort.","robots":{"index":"index","follow":"follow","max-snippet":"max-snippet:-1","max-image-preview":"max-image-preview:large","max-video-preview":"max-video-preview:-1"},"canonical":"https:\/\/beta.bibliotekutvikling.no\/kunnskapsorganisering\/krav-til-biblioteksystem-integrering-mot-nasjonale-tjenester\/","og_locale":"nb_NO","og_type":"article","og_title":"Krav til biblioteksystem - integrering mot nasjonale tjenester","og_description":"krav til bibliotek webdewey, statistikk, rda, ncip, autoritetsregister, basebibliotek, nasjonalt l\u00e5nekort.","og_url":"https:\/\/beta.bibliotekutvikling.no\/kunnskapsorganisering\/krav-til-biblioteksystem-integrering-mot-nasjonale-tjenester\/","og_site_name":"Kunnskapsorganisering","article_modified_time":"2024-11-22T10:31:14+00:00","og_image":[{"width":2500,"height":1669,"url":"https:\/\/beta.bibliotekutvikling.no\/content\/uploads\/sites\/8\/2024\/06\/Oppegard_bibliotek_NETT-53.jpg","type":"image\/jpeg"}],"twitter_card":"summary_large_image","twitter_misc":{"Ansl. lesetid":"3 minutter"},"schema":{"@context":"https:\/\/schema.org","@graph":[{"@type":"WebPage","@id":"https:\/\/beta.bibliotekutvikling.no\/kunnskapsorganisering\/krav-til-biblioteksystem-integrering-mot-nasjonale-tjenester\/","url":"https:\/\/beta.bibliotekutvikling.no\/kunnskapsorganisering\/krav-til-biblioteksystem-integrering-mot-nasjonale-tjenester\/","name":"Krav til biblioteksystem - integrering mot nasjonale tjenester - Kunnskapsorganisering","isPartOf":{"@id":"https:\/\/beta.bibliotekutvikling.no\/kunnskapsorganisering\/#website"},"primaryImageOfPage":{"@id":"https:\/\/beta.bibliotekutvikling.no\/kunnskapsorganisering\/krav-til-biblioteksystem-integrering-mot-nasjonale-tjenester\/#primaryimage"},"image":{"@id":"https:\/\/beta.bibliotekutvikling.no\/kunnskapsorganisering\/krav-til-biblioteksystem-integrering-mot-nasjonale-tjenester\/#primaryimage"},"thumbnailUrl":"https:\/\/beta.bibliotekutvikling.no\/content\/uploads\/sites\/8\/2024\/06\/Oppegard_bibliotek_NETT-53.jpg","datePublished":"2019-11-22T09:04:53+00:00","dateModified":"2024-11-22T10:31:14+00:00","description":"krav til bibliotek webdewey, statistikk, rda, ncip, autoritetsregister, basebibliotek, nasjonalt l\u00e5nekort.","breadcrumb":{"@id":"https:\/\/beta.bibliotekutvikling.no\/kunnskapsorganisering\/krav-til-biblioteksystem-integrering-mot-nasjonale-tjenester\/#breadcrumb"},"inLanguage":"nb-NO","potentialAction":[{"@type":"ReadAction","target":["https:\/\/beta.bibliotekutvikling.no\/kunnskapsorganisering\/krav-til-biblioteksystem-integrering-mot-nasjonale-tjenester\/"]}]},{"@type":"ImageObject","inLanguage":"nb-NO","@id":"https:\/\/beta.bibliotekutvikling.no\/kunnskapsorganisering\/krav-til-biblioteksystem-integrering-mot-nasjonale-tjenester\/#primaryimage","url":"https:\/\/beta.bibliotekutvikling.no\/content\/uploads\/sites\/8\/2024\/06\/Oppegard_bibliotek_NETT-53.jpg","contentUrl":"https:\/\/beta.bibliotekutvikling.no\/content\/uploads\/sites\/8\/2024\/06\/Oppegard_bibliotek_NETT-53.jpg","width":2500,"height":1669,"caption":"Veildning i bibliotekskranke"},{"@type":"BreadcrumbList","@id":"https:\/\/beta.bibliotekutvikling.no\/kunnskapsorganisering\/krav-til-biblioteksystem-integrering-mot-nasjonale-tjenester\/#breadcrumb","itemListElement":[{"@type":"ListItem","position":1,"name":"Home","item":"https:\/\/beta.bibliotekutvikling.no\/kunnskapsorganisering\/"},{"@type":"ListItem","position":2,"name":"Krav til biblioteksystem &#8211; integrering mot nasjonale tjenester"}]},{"@type":"WebSite","@id":"https:\/\/beta.bibliotekutvikling.no\/kunnskapsorganisering\/#website","url":"https:\/\/beta.bibliotekutvikling.no\/kunnskapsorganisering\/","name":"Kunnskapsorganisering","description":"Ressurser i kunnskapsorganisering","publisher":{"@id":"https:\/\/beta.bibliotekutvikling.no\/kunnskapsorganisering\/#organization"},"potentialAction":[{"@type":"SearchAction","target":{"@type":"EntryPoint","urlTemplate":"https:\/\/beta.bibliotekutvikling.no\/kunnskapsorganisering\/?s={search_term_string}"},"query-input":{"@type":"PropertyValueSpecification","valueRequired":true,"valueName":"search_term_string"}}],"inLanguage":"nb-NO"},{"@type":"Organization","@id":"https:\/\/beta.bibliotekutvikling.no\/kunnskapsorganisering\/#organization","name":"Kunnskapsorganisering","url":"https:\/\/beta.bibliotekutvikling.no\/kunnskapsorganisering\/","logo":{"@type":"ImageObject","inLanguage":"nb-NO","@id":"https:\/\/beta.bibliotekutvikling.no\/kunnskapsorganisering\/#\/schema\/logo\/image\/","url":"https:\/\/bibliotekutvikling.no\/content\/uploads\/sites\/8\/2024\/07\/MiniatyrBilde_logo.png","contentUrl":"https:\/\/bibliotekutvikling.no\/content\/uploads\/sites\/8\/2024\/07\/MiniatyrBilde_logo.png","width":824,"height":744,"caption":"Kunnskapsorganisering"},"image":{"@id":"https:\/\/beta.bibliotekutvikling.no\/kunnskapsorganisering\/#\/schema\/logo\/image\/"}}]}},"_links":{"self":[{"href":"https:\/\/beta.bibliotekutvikling.no\/kunnskapsorganisering\/wp-json\/wp\/v2\/pages\/283","targetHints":{"allow":["GET"]}}],"collection":[{"href":"https:\/\/beta.bibliotekutvikling.no\/kunnskapsorganisering\/wp-json\/wp\/v2\/pages"}],"about":[{"href":"https:\/\/beta.bibliotekutvikling.no\/kunnskapsorganisering\/wp-json\/wp\/v2\/types\/page"}],"author":[{"embeddable":true,"href":"https:\/\/beta.bibliotekutvikling.no\/kunnskapsorganisering\/wp-json\/wp\/v2\/users\/6868"}],"replies":[{"embeddable":true,"href":"https:\/\/beta.bibliotekutvikling.no\/kunnskapsorganisering\/wp-json\/wp\/v2\/comments?post=283"}],"version-history":[{"count":4,"href":"https:\/\/beta.bibliotekutvikling.no\/kunnskapsorganisering\/wp-json\/wp\/v2\/pages\/283\/revisions"}],"predecessor-version":[{"id":2406,"href":"https:\/\/beta.bibliotekutvikling.no\/kunnskapsorganisering\/wp-json\/wp\/v2\/pages\/283\/revisions\/2406"}],"wp:featuredmedia":[{"embeddable":true,"href":"https:\/\/beta.bibliotekutvikling.no\/kunnskapsorganisering\/wp-json\/wp\/v2\/media\/2204"}],"wp:attachment":[{"href":"https:\/\/beta.bibliotekutvikling.no\/kunnskapsorganisering\/wp-json\/wp\/v2\/media?parent=283"}],"curies":[{"name":"wp","href":"https:\/\/api.w.org\/{rel}","templated":true}]}}