{"id":290,"date":"2019-11-22T13:42:15","date_gmt":"2019-11-22T12:42:15","guid":{"rendered":"https:\/\/bibliotekutvikling.dev04.dekodes.no\/kunnskapsorganisering\/?page_id=290"},"modified":"2024-04-03T15:26:47","modified_gmt":"2024-04-03T13:26:47","slug":"norsk-webdewey","status":"publish","type":"page","link":"https:\/\/beta.bibliotekutvikling.no\/kunnskapsorganisering\/norsk-webdewey\/","title":{"rendered":"Norsk WebDewey"},"content":{"rendered":"<ul class=\"t2-link-list has-1-items has-auto-columns wp-block-t2-link-list\">\n\t<li class=\"t2-link-list-item wp-block-t2-link-list-item\">\n\t\t<a\n\t\t\thref=\"https:\/\/deweyno.pansoft.de\/webdewey\/login\/login.html\"\n\t\t\tclass=\"t2-link-list-item__link t2-link-list__icon--right\"\n\t\t\t\t\t>\n\t\t\t<span class=\"t2-link-list-item__icon\"><span class=\"t2-link-list-item__icon-box\"><\/span><svg xmlns=\"http:\/\/www.w3.org\/2000\/svg\" viewBox=\"0 0 24 24\" height=\"24\" width=\"24\" class=\"t2-icon t2-icon-external\" aria-hidden=\"true\" focusable=\"false\"><path d=\"M19 19H5V5h7V3H3v18h18v-9h-2v7zM14 3v2h3.6l-9.8 9.8 1.4 1.4L19 6.4V10h2V3h-7z\"\/><\/svg><\/span>\t\t\t<div class=\"t2-link-list-item__content\">\n\n\t\t\t\t\n\t\t\t\t<span id=\"link-list-item-text\" class=\"t2-link-list-item__text\">\n\t\t\t\t\tWebDewey\t\t\t\t<\/span>\n\t\t\t\t<span id=\"link-list-item-description\" class=\"t2-link-list-item__description\">Til databasen &quot;Norsk webdewey&quot;<\/span>\t\t\t<\/div>\n\t\t<\/a>\n\t<\/li>\n\t\n<\/ul>\n\n\n<h2 class=\"wp-block-heading\"> Informasjon og ressurser om WebDewey for bibliotekene <\/h2>\n\n\n\n<p>Fra 1. oktober 2015 ble Norsk WebDewey den gjeldende norske utgave av Deweys desimalklassifikasjon. Norsk WebDewey er en fullstendig  oversettelse av DDC 23 (Dewey Decimal Classification). <\/p>\n\n\n\n<p>Norsk WebDewey er kun tilgjengelig p\u00e5 nett, og den blir oppdatert l\u00f8pende. Alle norske bibliotek f\u00e5r gratis tilgang til en grunnversjon av tjenesten. <\/p>\n\n\n\n<p>Nederst p\u00e5 siden finner du v\u00e5r kontaktinformasjon. <\/p>\n\n\n<div class=\"t2-featured-content-layout alignwide alignwide wp-block-t2-featured-content-layout\" role=\"list\">\n<div class=\"t2-featured-single-post t2-featured-content is-post-type-page wp-block-t2-featured-single-post\" role=\"listitem\"><a class=\"nb-post-link  wp-block-nb-post-link\" href=\"https:\/\/beta.bibliotekutvikling.no\/kunnskapsorganisering\/norsk-webdewey\/opplaering-i-norsk-webdewey\/\">\n<figure class=\"nb-post-featured-image has-image-ratio-16-9 wp-block-nb-post-featured-image\"><img loading=\"lazy\" decoding=\"async\" width=\"768\" height=\"404\" src=\"https:\/\/beta.bibliotekutvikling.no\/content\/uploads\/sites\/8\/2023\/03\/webdewey-forside-kurs-liten-variant-768x404.png\" class=\"attachment-medium_large size-medium_large wp-post-image\" alt=\"\" srcset=\"https:\/\/beta.bibliotekutvikling.no\/content\/uploads\/sites\/8\/2023\/03\/webdewey-forside-kurs-liten-variant-768x404.png 768w, https:\/\/beta.bibliotekutvikling.no\/content\/uploads\/sites\/8\/2023\/03\/webdewey-forside-kurs-liten-variant-300x158.png 300w, https:\/\/beta.bibliotekutvikling.no\/content\/uploads\/sites\/8\/2023\/03\/webdewey-forside-kurs-liten-variant-1024x539.png 1024w, https:\/\/beta.bibliotekutvikling.no\/content\/uploads\/sites\/8\/2023\/03\/webdewey-forside-kurs-liten-variant-1536x808.png 1536w, https:\/\/beta.bibliotekutvikling.no\/content\/uploads\/sites\/8\/2023\/03\/webdewey-forside-kurs-liten-variant.png 1996w\" sizes=\"auto, (min-width: 1200px) 384px, (min-width: 700px) 33vw, 350px\" \/><\/figure>\n\n<div class=\"wp-block-group alignfull is-layout-flow wp-block-group-is-layout-flow\">\n\t\n\t<h2 class=\"t2-post-title wp-block-t2-post-title\">Oppl\u00e6ring i norsk WebDewey<\/h2>\n\t\n\t\n\t\n<\/div>\n\n<\/a>\n<\/div>\n\n<div class=\"t2-featured-single-post t2-featured-content is-post-type-page wp-block-t2-featured-single-post\" role=\"listitem\"><a class=\"nb-post-link  wp-block-nb-post-link\" href=\"https:\/\/beta.bibliotekutvikling.no\/kunnskapsorganisering\/datomarkering-av-dewey-i-katalogen\/\">\n<figure class=\"nb-post-featured-image has-image-ratio-16-9 wp-block-nb-post-featured-image\"><img loading=\"lazy\" decoding=\"async\" width=\"768\" height=\"513\" src=\"https:\/\/beta.bibliotekutvikling.no\/content\/uploads\/sites\/8\/2022\/12\/Lambertseter_bibliotek_NETT-9-768x513.jpg\" class=\"attachment-medium_large size-medium_large wp-post-image\" alt=\"\" srcset=\"https:\/\/beta.bibliotekutvikling.no\/content\/uploads\/sites\/8\/2022\/12\/Lambertseter_bibliotek_NETT-9-768x513.jpg 768w, https:\/\/beta.bibliotekutvikling.no\/content\/uploads\/sites\/8\/2022\/12\/Lambertseter_bibliotek_NETT-9-300x200.jpg 300w, https:\/\/beta.bibliotekutvikling.no\/content\/uploads\/sites\/8\/2022\/12\/Lambertseter_bibliotek_NETT-9-1024x684.jpg 1024w, https:\/\/beta.bibliotekutvikling.no\/content\/uploads\/sites\/8\/2022\/12\/Lambertseter_bibliotek_NETT-9-1536x1025.jpg 1536w, https:\/\/beta.bibliotekutvikling.no\/content\/uploads\/sites\/8\/2022\/12\/Lambertseter_bibliotek_NETT-9-2048x1367.jpg 2048w\" sizes=\"auto, (min-width: 1200px) 384px, (min-width: 700px) 33vw, 350px\" \/><\/figure>\n\n<div class=\"wp-block-group alignfull is-layout-flow wp-block-group-is-layout-flow\">\n\t\n\t<h2 class=\"t2-post-title wp-block-t2-post-title\">Datomarkering av Dewey i katalogen<\/h2>\n\t\n\t\n\t\n<\/div>\n\n<\/a>\n<\/div>\n\n<div class=\"t2-featured-single-post t2-featured-content is-post-type-page wp-block-t2-featured-single-post\" role=\"listitem\"><a class=\"nb-post-link  wp-block-nb-post-link\" href=\"https:\/\/beta.bibliotekutvikling.no\/kunnskapsorganisering\/norsk-webdewey\/anbefalinger\/\">\n<figure class=\"nb-post-featured-image has-image-ratio-16-9 wp-block-nb-post-featured-image\"><img loading=\"lazy\" decoding=\"async\" width=\"768\" height=\"513\" src=\"https:\/\/beta.bibliotekutvikling.no\/content\/uploads\/sites\/8\/2019\/12\/Lambertseter_bibliotek_NETT-21-768x513.jpg\" class=\"attachment-medium_large size-medium_large wp-post-image\" alt=\"\" srcset=\"https:\/\/beta.bibliotekutvikling.no\/content\/uploads\/sites\/8\/2019\/12\/Lambertseter_bibliotek_NETT-21-768x513.jpg 768w, https:\/\/beta.bibliotekutvikling.no\/content\/uploads\/sites\/8\/2019\/12\/Lambertseter_bibliotek_NETT-21-300x200.jpg 300w, https:\/\/beta.bibliotekutvikling.no\/content\/uploads\/sites\/8\/2019\/12\/Lambertseter_bibliotek_NETT-21-1024x684.jpg 1024w, https:\/\/beta.bibliotekutvikling.no\/content\/uploads\/sites\/8\/2019\/12\/Lambertseter_bibliotek_NETT-21-1536x1025.jpg 1536w, https:\/\/beta.bibliotekutvikling.no\/content\/uploads\/sites\/8\/2019\/12\/Lambertseter_bibliotek_NETT-21-2048x1367.jpg 2048w\" sizes=\"auto, (min-width: 1200px) 384px, (min-width: 700px) 33vw, 350px\" \/><\/figure>\n\n<div class=\"wp-block-group alignfull is-layout-flow wp-block-group-is-layout-flow\">\n\t\n\t<h2 class=\"t2-post-title wp-block-t2-post-title\">Anbefalinger for bruk av Norsk WebDewey<\/h2>\n\t\n\t\n\t\n<\/div>\n\n<\/a>\n<\/div>\n\n<div class=\"t2-featured-single-post t2-featured-content is-post-type-page wp-block-t2-featured-single-post\" role=\"listitem\"><a class=\"nb-post-link  wp-block-nb-post-link\" href=\"https:\/\/beta.bibliotekutvikling.no\/kunnskapsorganisering\/norsk-webdewey\/endringer-i-dewey-nar-det-gjelder-grafisk-design-og-kommunikasjonsdesign\/\">\n<figure class=\"nb-post-featured-image has-image-ratio-16-9 wp-block-nb-post-featured-image\">\n\t\t\t<svg viewBox=\"0 0 320 180\" width=\"320px\" height=\"180px\" xmlns=\"http:\/\/www.w3.org\/2000\/svg\" aria-hidden=\"true\">\n\t\t\t\t<text x=\"160\" y=\"152.185\">E<\/text>\n\t\t\t<\/svg>\n\t\t\t<\/figure>\n\n<div class=\"wp-block-group alignfull is-layout-flow wp-block-group-is-layout-flow\">\n\t\n\t<h2 class=\"t2-post-title wp-block-t2-post-title\">Endringer i Dewey: Grafisk design og kommunikasjonsdesign<\/h2>\n\t\n\t\n\t\n<\/div>\n\n<\/a>\n<\/div>\n\n<div class=\"t2-featured-single-post t2-featured-content is-post-type-page wp-block-t2-featured-single-post\" role=\"listitem\"><a class=\"nb-post-link  wp-block-nb-post-link\" href=\"https:\/\/beta.bibliotekutvikling.no\/kunnskapsorganisering\/norsk-webdewey\/endringer-i-dewey-klimaendringer-befolkningsbevegelser-og-kjonnsforstaelse\/\">\n<figure class=\"nb-post-featured-image has-image-ratio-16-9 wp-block-nb-post-featured-image\">\n\t\t\t<svg viewBox=\"0 0 320 180\" width=\"320px\" height=\"180px\" xmlns=\"http:\/\/www.w3.org\/2000\/svg\" aria-hidden=\"true\">\n\t\t\t\t<text x=\"160\" y=\"152.185\">E<\/text>\n\t\t\t<\/svg>\n\t\t\t<\/figure>\n\n<div class=\"wp-block-group alignfull is-layout-flow wp-block-group-is-layout-flow\">\n\t\n\t<h2 class=\"t2-post-title wp-block-t2-post-title\">Endringer i Dewey: Klimaendringer, befolkningsbevegelser og kj\u00f8nnsforst\u00e5else<\/h2>\n\t\n\t\n\t\n<\/div>\n\n<\/a>\n<\/div>\n\n<div class=\"t2-featured-single-post t2-featured-content is-post-type-page wp-block-t2-featured-single-post\" role=\"listitem\"><a class=\"nb-post-link  wp-block-nb-post-link\" href=\"https:\/\/beta.bibliotekutvikling.no\/kunnskapsorganisering\/norsk-webdewey\/kommune-og-fylkessammenslainger-i-norsk-webdewey\/\">\n<figure class=\"nb-post-featured-image has-image-ratio-16-9 wp-block-nb-post-featured-image\">\n\t\t\t<svg viewBox=\"0 0 320 180\" width=\"320px\" height=\"180px\" xmlns=\"http:\/\/www.w3.org\/2000\/svg\" aria-hidden=\"true\">\n\t\t\t\t<text x=\"160\" y=\"152.185\">E<\/text>\n\t\t\t<\/svg>\n\t\t\t<\/figure>\n\n<div class=\"wp-block-group alignfull is-layout-flow wp-block-group-is-layout-flow\">\n\t\n\t<h2 class=\"t2-post-title wp-block-t2-post-title\">Endringer i Dewey: Kommune- og fylkessammensl\u00e5inger<\/h2>\n\t\n\t\n\t\n<\/div>\n\n<\/a>\n<\/div>\n\n<div class=\"t2-featured-single-post t2-featured-content is-post-type-page wp-block-t2-featured-single-post\" role=\"listitem\"><a class=\"nb-post-link  wp-block-nb-post-link\" href=\"https:\/\/beta.bibliotekutvikling.no\/kunnskapsorganisering\/norsk-webdewey\/lisenser\/\">\n<figure class=\"nb-post-featured-image has-image-ratio-16-9 wp-block-nb-post-featured-image\">\n\t\t\t<svg viewBox=\"0 0 320 180\" width=\"320px\" height=\"180px\" xmlns=\"http:\/\/www.w3.org\/2000\/svg\" aria-hidden=\"true\">\n\t\t\t\t<text x=\"160\" y=\"152.185\">H<\/text>\n\t\t\t<\/svg>\n\t\t\t<\/figure>\n\n<div class=\"wp-block-group alignfull is-layout-flow wp-block-group-is-layout-flow\">\n\t\n\t<h2 class=\"t2-post-title wp-block-t2-post-title\">Hvordan f\u00e5 lisenser til Norsk Webdewey<\/h2>\n\t\n\t\n\t\n<\/div>\n\n<\/a>\n<\/div>\n\n<div class=\"t2-featured-single-post t2-featured-content is-post-type-page wp-block-t2-featured-single-post\" role=\"listitem\"><a class=\"nb-post-link  wp-block-nb-post-link\" href=\"https:\/\/beta.bibliotekutvikling.no\/kunnskapsorganisering\/norsk-webdewey\/a-lenke-til-egen-katalog-fra-norsk-webdewey\/\">\n<figure class=\"nb-post-featured-image has-image-ratio-16-9 wp-block-nb-post-featured-image\">\n\t\t\t<svg viewBox=\"0 0 320 180\" width=\"320px\" height=\"180px\" xmlns=\"http:\/\/www.w3.org\/2000\/svg\" aria-hidden=\"true\">\n\t\t\t\t<text x=\"160\" y=\"152.185\">H<\/text>\n\t\t\t<\/svg>\n\t\t\t<\/figure>\n\n<div class=\"wp-block-group alignfull is-layout-flow wp-block-group-is-layout-flow\">\n\t\n\t<h2 class=\"t2-post-title wp-block-t2-post-title\">Hvordan lenke til katalog fra Norsk WebDewey<\/h2>\n\t\n\t\n\t\n<\/div>\n\n<\/a>\n<\/div>\n\n<div class=\"t2-featured-single-post t2-featured-content is-post-type-page wp-block-t2-featured-single-post\" role=\"listitem\"><a class=\"nb-post-link  wp-block-nb-post-link\" href=\"https:\/\/beta.bibliotekutvikling.no\/kunnskapsorganisering\/norsk-webdewey\/integrering-mot-norsk-webdewey\/\">\n<figure class=\"nb-post-featured-image has-image-ratio-16-9 wp-block-nb-post-featured-image\">\n\t\t\t<svg viewBox=\"0 0 320 180\" width=\"320px\" height=\"180px\" xmlns=\"http:\/\/www.w3.org\/2000\/svg\" aria-hidden=\"true\">\n\t\t\t\t<text x=\"160\" y=\"152.185\">I<\/text>\n\t\t\t<\/svg>\n\t\t\t<\/figure>\n\n<div class=\"wp-block-group alignfull is-layout-flow wp-block-group-is-layout-flow\">\n\t\n\t<h2 class=\"t2-post-title wp-block-t2-post-title\">Integrering mot Norsk Webdewey<\/h2>\n\t\n\t\n\t\n<\/div>\n\n<\/a>\n<\/div>\n<\/div>\n\n\n<h2 class=\"wp-block-heading is-style-default\" id=\"h-kontaktinformasjon\">Kontaktinformasjon <\/h2>\n\n\n\n<p>Henvendelser om <strong>klassifikasjonsp\u00f8rsm\u00e5l<\/strong> kan sendes til <a href=\"mailto:dewey-sporsmal@nb.no\">dewey-sporsmal@nb.no<\/a><\/p>\n\n\n\n<p>Henvendelser om <strong>WebDewey-verkt\u00f8yet og oversettelse<\/strong>r kan sendes til <a href=\"mailto:webdewey@nb.no\">webdewey@nb.no<\/a><\/p>\n\n\n\n<p>Henvendelser om<strong> lisenser, brukernavn og passord<\/strong> til WebDewey kan sendes til <a href=\"mailto:webdewey-lisenser@nb.no\">webdewey-lisenser@nb.no<\/a><\/p>\n\n\n\n<p><a href=\"https:\/\/forum.bibliotekutvikling.no\/groups\/5115\/\">Diskusjonsforum for&nbsp;Norsk WebDewey. <\/a>Registrer deg som bruker, finn gruppa&nbsp;<em>Norsk WebDewey,&nbsp;<\/em>og bli medlem.<\/p>\n\n\n\n<h2 class=\"wp-block-heading\" id=\"h-andre-ressurser\">Flere ressurser<\/h2>\n\n\n<ul class=\"t2-link-list has-3-items has-1-columns wp-block-t2-link-list\">\n\t<li class=\"t2-link-list-item wp-block-t2-link-list-item\">\n\t\t<a\n\t\t\thref=\"https:\/\/bibliotekutvikling.no\/content\/uploads\/sites\/8\/2022\/10\/Innledning-til-Deweys-desimalklassifikasjon_29082022.pdf\"\n\t\t\tclass=\"t2-link-list-item__link t2-link-list__icon--right\"\n\t\t\t\t\t>\n\t\t\t<span class=\"t2-link-list-item__icon\"><span class=\"t2-link-list-item__icon-box\"><\/span><svg xmlns=\"http:\/\/www.w3.org\/2000\/svg\" viewBox=\"0 0 24 24\" height=\"24\" width=\"24\" class=\"t2-icon t2-icon-external\" aria-hidden=\"true\" focusable=\"false\"><path d=\"M19 19H5V5h7V3H3v18h18v-9h-2v7zM14 3v2h3.6l-9.8 9.8 1.4 1.4L19 6.4V10h2V3h-7z\"\/><\/svg><\/span>\t\t\t<div class=\"t2-link-list-item__content\">\n\n\t\t\t\t\n\t\t\t\t<span id=\"link-list-item-text-1\" class=\"t2-link-list-item__text\">\n\t\t\t\t\tInnledning til DDK 23\t\t\t\t<\/span>\n\t\t\t\t\t\t\t<\/div>\n\t\t<\/a>\n\t<\/li>\n\t\n\n\t<li class=\"t2-link-list-item wp-block-t2-link-list-item\">\n\t\t<a\n\t\t\thref=\"\/content\/uploads\/sites\/8\/2019\/12\/Ordforklaringer_20151510.pdf\"\n\t\t\tclass=\"t2-link-list-item__link t2-link-list__icon--right\"\n\t\t\t\t\t>\n\t\t\t<span class=\"t2-link-list-item__icon\"><span class=\"t2-link-list-item__icon-box\"><\/span><svg xmlns=\"http:\/\/www.w3.org\/2000\/svg\" viewBox=\"0 0 24 24\" height=\"24\" width=\"24\" class=\"t2-icon t2-icon-external\" aria-hidden=\"true\" focusable=\"false\"><path d=\"M19 19H5V5h7V3H3v18h18v-9h-2v7zM14 3v2h3.6l-9.8 9.8 1.4 1.4L19 6.4V10h2V3h-7z\"\/><\/svg><\/span>\t\t\t<div class=\"t2-link-list-item__content\">\n\n\t\t\t\t\n\t\t\t\t<span id=\"link-list-item-text-2\" class=\"t2-link-list-item__text\">\n\t\t\t\t\tOrdforklaringer til DDK 23\t\t\t\t<\/span>\n\t\t\t\t\t\t\t<\/div>\n\t\t<\/a>\n\t<\/li>\n\t\n\n\t<li class=\"t2-link-list-item wp-block-t2-link-list-item\">\n\t\t<a\n\t\t\thref=\"https:\/\/edug.pansoft.de\/tiki-index.php\"\n\t\t\tclass=\"t2-link-list-item__link t2-link-list__icon--right\"\n\t\t\t\t\t>\n\t\t\t<span class=\"t2-link-list-item__icon\"><span class=\"t2-link-list-item__icon-box\"><\/span><svg xmlns=\"http:\/\/www.w3.org\/2000\/svg\" viewBox=\"0 0 24 24\" height=\"24\" width=\"24\" class=\"t2-icon t2-icon-external\" aria-hidden=\"true\" focusable=\"false\"><path d=\"M19 19H5V5h7V3H3v18h18v-9h-2v7zM14 3v2h3.6l-9.8 9.8 1.4 1.4L19 6.4V10h2V3h-7z\"\/><\/svg><\/span>\t\t\t<div class=\"t2-link-list-item__content\">\n\n\t\t\t\t\n\t\t\t\t<span id=\"link-list-item-text-3\" class=\"t2-link-list-item__text\">\n\t\t\t\t\tEDUG &#8211; European DDC Users Group\t\t\t\t<\/span>\n\t\t\t\t\t\t\t<\/div>\n\t\t<\/a>\n\t<\/li>\n\t\n<\/ul>","protected":false},"excerpt":{"rendered":"","protected":false},"author":6868,"featured_media":1439,"parent":0,"menu_order":0,"comment_status":"closed","ping_status":"closed","template":"","meta":{"nb_hide_title":false,"sub_navigation_option":"","sub_navigation_custom_items":null,"footnotes":""},"class_list":["post-290","page","type-page","status-publish","has-post-thumbnail","hentry"],"yoast_head":"<!-- This site is optimized with the Yoast SEO Premium plugin v27.1 (Yoast SEO v27.1.1) - https:\/\/yoast.com\/product\/yoast-seo-premium-wordpress\/ -->\n<title>Norsk WebDewey - Kunnskapsorganisering<\/title>\n<meta name=\"description\" content=\"Nasjonalbiblioteket har ansvar for oppl\u00e6ring i og oppf\u00f8lging av norsk web-dewey\" \/>\n<meta name=\"robots\" content=\"index, follow, max-snippet:-1, max-image-preview:large, max-video-preview:-1\" \/>\n<link rel=\"canonical\" href=\"https:\/\/beta.bibliotekutvikling.no\/kunnskapsorganisering\/norsk-webdewey\/\" \/>\n<meta property=\"og:locale\" content=\"nb_NO\" \/>\n<meta property=\"og:type\" content=\"article\" \/>\n<meta property=\"og:title\" content=\"Norsk WebDewey\" \/>\n<meta property=\"og:description\" content=\"Nasjonalbiblioteket har ansvar for oppl\u00e6ring i og oppf\u00f8lging av norsk web-dewey\" \/>\n<meta property=\"og:url\" content=\"https:\/\/beta.bibliotekutvikling.no\/kunnskapsorganisering\/norsk-webdewey\/\" \/>\n<meta property=\"og:site_name\" content=\"Kunnskapsorganisering\" \/>\n<meta property=\"article:modified_time\" content=\"2024-04-03T13:26:47+00:00\" \/>\n<meta property=\"og:image\" content=\"https:\/\/beta.bibliotekutvikling.no\/content\/uploads\/sites\/8\/2022\/04\/Lambertseter_bibliotek_NETT-10.jpg\" \/>\n\t<meta property=\"og:image:width\" content=\"2500\" \/>\n\t<meta property=\"og:image:height\" content=\"1669\" \/>\n\t<meta property=\"og:image:type\" content=\"image\/jpeg\" \/>\n<meta name=\"twitter:card\" content=\"summary_large_image\" \/>\n<meta name=\"twitter:label1\" content=\"Ansl. lesetid\" \/>\n\t<meta name=\"twitter:data1\" content=\"1 minutt\" \/>\n<script type=\"application\/ld+json\" class=\"yoast-schema-graph\">{\"@context\":\"https:\/\/schema.org\",\"@graph\":[{\"@type\":\"WebPage\",\"@id\":\"https:\/\/beta.bibliotekutvikling.no\/kunnskapsorganisering\/norsk-webdewey\/\",\"url\":\"https:\/\/beta.bibliotekutvikling.no\/kunnskapsorganisering\/norsk-webdewey\/\",\"name\":\"Norsk WebDewey - Kunnskapsorganisering\",\"isPartOf\":{\"@id\":\"https:\/\/beta.bibliotekutvikling.no\/kunnskapsorganisering\/#website\"},\"primaryImageOfPage\":{\"@id\":\"https:\/\/beta.bibliotekutvikling.no\/kunnskapsorganisering\/norsk-webdewey\/#primaryimage\"},\"image\":{\"@id\":\"https:\/\/beta.bibliotekutvikling.no\/kunnskapsorganisering\/norsk-webdewey\/#primaryimage\"},\"thumbnailUrl\":\"https:\/\/beta.bibliotekutvikling.no\/content\/uploads\/sites\/8\/2022\/04\/Lambertseter_bibliotek_NETT-10.jpg\",\"datePublished\":\"2019-11-22T12:42:15+00:00\",\"dateModified\":\"2024-04-03T13:26:47+00:00\",\"description\":\"Nasjonalbiblioteket har ansvar for oppl\u00e6ring i og oppf\u00f8lging av norsk web-dewey\",\"breadcrumb\":{\"@id\":\"https:\/\/beta.bibliotekutvikling.no\/kunnskapsorganisering\/norsk-webdewey\/#breadcrumb\"},\"inLanguage\":\"nb-NO\",\"potentialAction\":[{\"@type\":\"ReadAction\",\"target\":[\"https:\/\/beta.bibliotekutvikling.no\/kunnskapsorganisering\/norsk-webdewey\/\"]}]},{\"@type\":\"ImageObject\",\"inLanguage\":\"nb-NO\",\"@id\":\"https:\/\/beta.bibliotekutvikling.no\/kunnskapsorganisering\/norsk-webdewey\/#primaryimage\",\"url\":\"https:\/\/beta.bibliotekutvikling.no\/content\/uploads\/sites\/8\/2022\/04\/Lambertseter_bibliotek_NETT-10.jpg\",\"contentUrl\":\"https:\/\/beta.bibliotekutvikling.no\/content\/uploads\/sites\/8\/2022\/04\/Lambertseter_bibliotek_NETT-10.jpg\",\"width\":2500,\"height\":1669},{\"@type\":\"BreadcrumbList\",\"@id\":\"https:\/\/beta.bibliotekutvikling.no\/kunnskapsorganisering\/norsk-webdewey\/#breadcrumb\",\"itemListElement\":[{\"@type\":\"ListItem\",\"position\":1,\"name\":\"Home\",\"item\":\"https:\/\/beta.bibliotekutvikling.no\/kunnskapsorganisering\/\"},{\"@type\":\"ListItem\",\"position\":2,\"name\":\"Norsk WebDewey\"}]},{\"@type\":\"WebSite\",\"@id\":\"https:\/\/beta.bibliotekutvikling.no\/kunnskapsorganisering\/#website\",\"url\":\"https:\/\/beta.bibliotekutvikling.no\/kunnskapsorganisering\/\",\"name\":\"Kunnskapsorganisering\",\"description\":\"Ressurser i kunnskapsorganisering\",\"publisher\":{\"@id\":\"https:\/\/beta.bibliotekutvikling.no\/kunnskapsorganisering\/#organization\"},\"potentialAction\":[{\"@type\":\"SearchAction\",\"target\":{\"@type\":\"EntryPoint\",\"urlTemplate\":\"https:\/\/beta.bibliotekutvikling.no\/kunnskapsorganisering\/?s={search_term_string}\"},\"query-input\":{\"@type\":\"PropertyValueSpecification\",\"valueRequired\":true,\"valueName\":\"search_term_string\"}}],\"inLanguage\":\"nb-NO\"},{\"@type\":\"Organization\",\"@id\":\"https:\/\/beta.bibliotekutvikling.no\/kunnskapsorganisering\/#organization\",\"name\":\"Kunnskapsorganisering\",\"url\":\"https:\/\/beta.bibliotekutvikling.no\/kunnskapsorganisering\/\",\"logo\":{\"@type\":\"ImageObject\",\"inLanguage\":\"nb-NO\",\"@id\":\"https:\/\/beta.bibliotekutvikling.no\/kunnskapsorganisering\/#\/schema\/logo\/image\/\",\"url\":\"https:\/\/bibliotekutvikling.no\/content\/uploads\/sites\/8\/2024\/07\/MiniatyrBilde_logo.png\",\"contentUrl\":\"https:\/\/bibliotekutvikling.no\/content\/uploads\/sites\/8\/2024\/07\/MiniatyrBilde_logo.png\",\"width\":824,\"height\":744,\"caption\":\"Kunnskapsorganisering\"},\"image\":{\"@id\":\"https:\/\/beta.bibliotekutvikling.no\/kunnskapsorganisering\/#\/schema\/logo\/image\/\"}}]}<\/script>\n<!-- \/ Yoast SEO Premium plugin. -->","yoast_head_json":{"title":"Norsk WebDewey - Kunnskapsorganisering","description":"Nasjonalbiblioteket har ansvar for oppl\u00e6ring i og oppf\u00f8lging av norsk web-dewey","robots":{"index":"index","follow":"follow","max-snippet":"max-snippet:-1","max-image-preview":"max-image-preview:large","max-video-preview":"max-video-preview:-1"},"canonical":"https:\/\/beta.bibliotekutvikling.no\/kunnskapsorganisering\/norsk-webdewey\/","og_locale":"nb_NO","og_type":"article","og_title":"Norsk WebDewey","og_description":"Nasjonalbiblioteket har ansvar for oppl\u00e6ring i og oppf\u00f8lging av norsk web-dewey","og_url":"https:\/\/beta.bibliotekutvikling.no\/kunnskapsorganisering\/norsk-webdewey\/","og_site_name":"Kunnskapsorganisering","article_modified_time":"2024-04-03T13:26:47+00:00","og_image":[{"width":2500,"height":1669,"url":"https:\/\/beta.bibliotekutvikling.no\/content\/uploads\/sites\/8\/2022\/04\/Lambertseter_bibliotek_NETT-10.jpg","type":"image\/jpeg"}],"twitter_card":"summary_large_image","twitter_misc":{"Ansl. lesetid":"1 minutt"},"schema":{"@context":"https:\/\/schema.org","@graph":[{"@type":"WebPage","@id":"https:\/\/beta.bibliotekutvikling.no\/kunnskapsorganisering\/norsk-webdewey\/","url":"https:\/\/beta.bibliotekutvikling.no\/kunnskapsorganisering\/norsk-webdewey\/","name":"Norsk WebDewey - Kunnskapsorganisering","isPartOf":{"@id":"https:\/\/beta.bibliotekutvikling.no\/kunnskapsorganisering\/#website"},"primaryImageOfPage":{"@id":"https:\/\/beta.bibliotekutvikling.no\/kunnskapsorganisering\/norsk-webdewey\/#primaryimage"},"image":{"@id":"https:\/\/beta.bibliotekutvikling.no\/kunnskapsorganisering\/norsk-webdewey\/#primaryimage"},"thumbnailUrl":"https:\/\/beta.bibliotekutvikling.no\/content\/uploads\/sites\/8\/2022\/04\/Lambertseter_bibliotek_NETT-10.jpg","datePublished":"2019-11-22T12:42:15+00:00","dateModified":"2024-04-03T13:26:47+00:00","description":"Nasjonalbiblioteket har ansvar for oppl\u00e6ring i og oppf\u00f8lging av norsk web-dewey","breadcrumb":{"@id":"https:\/\/beta.bibliotekutvikling.no\/kunnskapsorganisering\/norsk-webdewey\/#breadcrumb"},"inLanguage":"nb-NO","potentialAction":[{"@type":"ReadAction","target":["https:\/\/beta.bibliotekutvikling.no\/kunnskapsorganisering\/norsk-webdewey\/"]}]},{"@type":"ImageObject","inLanguage":"nb-NO","@id":"https:\/\/beta.bibliotekutvikling.no\/kunnskapsorganisering\/norsk-webdewey\/#primaryimage","url":"https:\/\/beta.bibliotekutvikling.no\/content\/uploads\/sites\/8\/2022\/04\/Lambertseter_bibliotek_NETT-10.jpg","contentUrl":"https:\/\/beta.bibliotekutvikling.no\/content\/uploads\/sites\/8\/2022\/04\/Lambertseter_bibliotek_NETT-10.jpg","width":2500,"height":1669},{"@type":"BreadcrumbList","@id":"https:\/\/beta.bibliotekutvikling.no\/kunnskapsorganisering\/norsk-webdewey\/#breadcrumb","itemListElement":[{"@type":"ListItem","position":1,"name":"Home","item":"https:\/\/beta.bibliotekutvikling.no\/kunnskapsorganisering\/"},{"@type":"ListItem","position":2,"name":"Norsk WebDewey"}]},{"@type":"WebSite","@id":"https:\/\/beta.bibliotekutvikling.no\/kunnskapsorganisering\/#website","url":"https:\/\/beta.bibliotekutvikling.no\/kunnskapsorganisering\/","name":"Kunnskapsorganisering","description":"Ressurser i kunnskapsorganisering","publisher":{"@id":"https:\/\/beta.bibliotekutvikling.no\/kunnskapsorganisering\/#organization"},"potentialAction":[{"@type":"SearchAction","target":{"@type":"EntryPoint","urlTemplate":"https:\/\/beta.bibliotekutvikling.no\/kunnskapsorganisering\/?s={search_term_string}"},"query-input":{"@type":"PropertyValueSpecification","valueRequired":true,"valueName":"search_term_string"}}],"inLanguage":"nb-NO"},{"@type":"Organization","@id":"https:\/\/beta.bibliotekutvikling.no\/kunnskapsorganisering\/#organization","name":"Kunnskapsorganisering","url":"https:\/\/beta.bibliotekutvikling.no\/kunnskapsorganisering\/","logo":{"@type":"ImageObject","inLanguage":"nb-NO","@id":"https:\/\/beta.bibliotekutvikling.no\/kunnskapsorganisering\/#\/schema\/logo\/image\/","url":"https:\/\/bibliotekutvikling.no\/content\/uploads\/sites\/8\/2024\/07\/MiniatyrBilde_logo.png","contentUrl":"https:\/\/bibliotekutvikling.no\/content\/uploads\/sites\/8\/2024\/07\/MiniatyrBilde_logo.png","width":824,"height":744,"caption":"Kunnskapsorganisering"},"image":{"@id":"https:\/\/beta.bibliotekutvikling.no\/kunnskapsorganisering\/#\/schema\/logo\/image\/"}}]}},"_links":{"self":[{"href":"https:\/\/beta.bibliotekutvikling.no\/kunnskapsorganisering\/wp-json\/wp\/v2\/pages\/290","targetHints":{"allow":["GET"]}}],"collection":[{"href":"https:\/\/beta.bibliotekutvikling.no\/kunnskapsorganisering\/wp-json\/wp\/v2\/pages"}],"about":[{"href":"https:\/\/beta.bibliotekutvikling.no\/kunnskapsorganisering\/wp-json\/wp\/v2\/types\/page"}],"author":[{"embeddable":true,"href":"https:\/\/beta.bibliotekutvikling.no\/kunnskapsorganisering\/wp-json\/wp\/v2\/users\/6868"}],"replies":[{"embeddable":true,"href":"https:\/\/beta.bibliotekutvikling.no\/kunnskapsorganisering\/wp-json\/wp\/v2\/comments?post=290"}],"version-history":[{"count":4,"href":"https:\/\/beta.bibliotekutvikling.no\/kunnskapsorganisering\/wp-json\/wp\/v2\/pages\/290\/revisions"}],"predecessor-version":[{"id":2084,"href":"https:\/\/beta.bibliotekutvikling.no\/kunnskapsorganisering\/wp-json\/wp\/v2\/pages\/290\/revisions\/2084"}],"wp:featuredmedia":[{"embeddable":true,"href":"https:\/\/beta.bibliotekutvikling.no\/kunnskapsorganisering\/wp-json\/wp\/v2\/media\/1439"}],"wp:attachment":[{"href":"https:\/\/beta.bibliotekutvikling.no\/kunnskapsorganisering\/wp-json\/wp\/v2\/media?parent=290"}],"curies":[{"name":"wp","href":"https:\/\/api.w.org\/{rel}","templated":true}]}}