{"id":719,"date":"2019-12-10T10:13:38","date_gmt":"2019-12-10T09:13:38","guid":{"rendered":"https:\/\/bibliotekutvikling.no\/kunnskapsorganisering\/?page_id=719"},"modified":"2019-12-10T10:13:38","modified_gmt":"2019-12-10T09:13:38","slug":"integrering-mot-norsk-webdewey","status":"publish","type":"page","link":"https:\/\/beta.bibliotekutvikling.no\/kunnskapsorganisering\/norsk-webdewey\/integrering-mot-norsk-webdewey\/","title":{"rendered":"Integrering mot Norsk Webdewey"},"content":{"rendered":"\n<h2 class=\"wp-block-heading\">Integrering mot Norsk WebDewey <\/h2>\n\n\n\n<p>Deweydata kan berike katalogen p\u00e5 mange ulike m\u00e5ter. Her er noen\neksempler:<\/p>\n\n\n\n<ul class=\"wp-block-list\"><li>Treff p\u00e5 deweyklassifisert materiale n\u00e5r man s\u00f8ker med\nord (st\u00f8tter b\u00e5de norsk og engelsk)<\/li><li>Mulighet for \u00e5 automatisk s\u00f8ke snevrere eller bredere<\/li><li>Visning av klassebetegnelser (kategoritittel) sammen\nmed deweykoden i trefflister<\/li><\/ul>\n\n\n\n<h2 class=\"wp-block-heading\">Eierskap av Dewey<\/h2>\n\n\n\n<p>Deweysystemet eies av OCLC, og deweydata er lisensiert under en CC-BY-NC-ND 3.0 lisens. Nasjonalbiblioteket forvalter den norske oversettelsen av deweysystemet og deweydata. For \u00e5 f\u00e5 tilgang til datasettet m\u00e5 tredjeparter inng\u00e5 i en kontrakt med Nasjonalbiblioteket.<\/p>\n\n\n\n<h2 class=\"wp-block-heading\">Tilgang til deweydatasettet<\/h2>\n\n\n\n<p>Deweydata kan hentes inn maskinelt p\u00e5 to m\u00e5ter: 1) med et API eller 2) med et abonnement p\u00e5 hele datasettet. <\/p>\n\n\n\n<h2 class=\"wp-block-heading\">API<\/h2>\n\n\n\n<p>API-et tillater sp\u00f8rringer etter deweynumre eller etter norske eller engelske termer. Resultatene kommer i XML. Det kreves en n\u00f8kkel for \u00e5 ta i bruk API-et.<br>Sp\u00f8rring etter deweynummer gir f\u00f8lgende informasjon:<\/p>\n\n\n\n<ul class=\"wp-block-list\"><li>Forelder (bredere emnekategori)<\/li><li>Barn (snevrere emnekategori(er))<\/li><li>Klassebetegnelse (kategoritittel)<\/li><li>Henvisninger til andre relevante klasser <\/li><li>Treffliste i Biblioteks\u00f8k (under arbeid)<\/li><\/ul>\n\n\n\n<p>Eksempel:<a href=\"http:\/\/deweysearchno.pansoft.de\/webdeweysearch\/rest?query=113\">http:\/\/deweysearchno.pansoft.de\/webdeweysearch\/rest?query=113<\/a><\/p>\n\n\n\n<p>&lt;webdeweySearchResult xmlns:xsi=&raquo;http:\/\/www.w3.org\/2001\/XMLSchema-instance&raquo; query=&raquo;113&#8243; queryUrl=&raquo;http:\/\/deweysearchno.pansoft.de\/webdeweysearch\/rest&raquo;xsi:schemaLocation=&raquo;http:\/\/deweysearchno.pansoft.de\/webdeweysearch\/rest\/schema.xsd&raquo;><br>&lt;ddcResult><br>&lt;ddc>113&lt;\/ddc><br>&lt;parent>11&lt;\/parent><br>&lt;child>113.0&lt;\/child><br>&lt;child>113.8&lt;\/child><br>&lt;caption lang=&raquo;nob&raquo;>Kosmologi (naturfilosofi)&lt;\/caption><br>&lt;forSee><br>&lt;text><br>Bestemte emner vedr\u00f8rende kosmologi som ikke er plassert her, se<br>&lt;\/text><br>&lt;link ddc=&raquo;114-119&#8243;\/><br>&lt;\/forSee><br>&lt;catalogResult catalog=&raquo;nb.no&raquo; count=&raquo;635&#8243; link=&raquo;http:\/\/www.nb.no\/bibsok\/search.jsf?query=ddc:113*&raquo;\/><br>&lt;\/ddcResult><br>&lt;\/webdeweySearchResult><\/p>\n\n\n\n<p>Sp\u00f8rring etter norske eller engelske termer gir f\u00f8lgende\ninformasjon:<\/p>\n\n\n\n<ul class=\"wp-block-list\"><li>Antall treff (hvor mange deweynumre relatert til\ns\u00f8ketermen)<\/li><li>Alle deweynumre relatert til s\u00f8ketermen<\/li><li>Termen p\u00e5 norsk &nbsp;<\/li><li>Termen p\u00e5 engelsk<\/li><li>Treffliste i Biblioteks\u00f8k (under arbeid)<\/li><\/ul>\n\n\n\n<p>Eksempel p\u00e5 s\u00f8k p\u00e5 engelsk:  <br>http:\/\/deweysearchno.pansoft.de\/webdeweysearch\/rest?query=laptop<\/p>\n\n\n\n<p>&lt;webdeweySearchResult xmlns:xsi=&raquo;http:\/\/www.w3.org\/2001\/XMLSchema-instance&raquo; query=&raquo;laptop&raquo; queryUrl=&raquo;http:\/\/deweysearchno.pansoft.de\/webdeweysearch\/rest&raquo;xsi:schemaLocation=&raquo;http:\/\/deweysearchno.pansoft.de\/webdeweysearch\/rest\/schema.xsd&raquo;><br>&lt;scheduleResults><br>&lt;mainTermResults><br>&lt;resultset count=&raquo;1&#8243; query=&raquo;laptop&raquo;><br>&lt;result><br>&lt;ddc>004.167&lt;\/ddc><br>&lt;caption lang=&raquo;nob&raquo;><br>&lt;captionLevel>B\u00e6rbare datamaskiner&lt;\/captionLevel><br>&lt;\/caption><br>&lt;caption lang=&raquo;eng&raquo; matching=&raquo;true&raquo;><br>&lt;captionLevel matching=&raquo;true&raquo;>Laptop computers&lt;\/captionLevel><br>&lt;\/caption><br>&lt;catalogResult catalog=&raquo;nb.no&raquo; count=&raquo;30&#8243; link=&raquo;http:\/\/www.nb.no\/bibsok\/search.jsf?query=ddc:004.167&#8243;\/><br>&lt;\/result><br>&lt;\/resultset><br>&lt;\/mainTermResults><br>&lt;subtermResults><br>&lt;resultset count=&raquo;0&#8243; query=&raquo;laptop&raquo;\/><br>&lt;\/subtermResults><br>&lt;\/scheduleResults> &lt;\/webdeweySearchResult> <\/p>\n\n\n\n<p> Eksempel p\u00e5 s\u00f8k p\u00e5 norsk:<br> http:\/\/deweysearchno.pansoft.de\/webdeweysearch\/rest?query=jakt<\/p>\n\n\n\n<p>&lt;webdeweySearchResult xmlns:xsi=&raquo;http:\/\/www.w3.org\/2001\/XMLSchema-instance&raquo; query=&raquo;jakt&raquo; queryUrl=&raquo;http:\/\/deweysearchno.pansoft.de\/webdeweysearch\/rest&raquo;xsi:schemaLocation=&raquo;http:\/\/deweysearchno.pansoft.de\/webdeweysearch\/rest\/schema.xsd&raquo;><br>&lt;scheduleResults><br>&lt;mainTermResults><br>&lt;resultset count=&raquo;34&#8243; query=&raquo;jakt&raquo;><br>&lt;result><br>&lt;ddc>799.2&lt;\/ddc><br>&lt;caption lang=&raquo;nob&raquo; matching=&raquo;true&raquo;><br>&lt;captionLevel matching=&raquo;true&raquo;>Jakt&lt;\/captionLevel><br>&lt;\/caption><br>&lt;caption lang=&raquo;eng&raquo;><br>&lt;captionLevel>Hunting&lt;\/captionLevel><br>&lt;\/caption><br>&lt;catalogResult catalog=&raquo;nb.no&raquo; count=&raquo;2958&#8243; link=&raquo;http:\/\/www.nb.no\/bibsok\/search.jsf?query=ddc:799.2&#8243;\/><br>&lt;\/result><br>&lt;result><br>&lt;ddc>179.3&lt;\/ddc><br>&lt;caption lang=&raquo;nob&raquo; matching=&raquo;true&raquo;><br>&lt;captionLevel matching=&raquo;true&raquo;>Jakt&lt;\/captionLevel><br>&lt;captionLevel>etikk&lt;\/captionLevel><br>&lt;\/caption><br>&lt;caption lang=&raquo;eng&raquo;><br>&lt;captionLevel>Hunting&lt;\/captionLevel><br>&lt;captionLevel>ethics&lt;\/captionLevel><br>&lt;\/caption><br>&lt;catalogResult catalog=&raquo;nb.no&raquo; count=&raquo;302&#8243; link=&raquo;http:\/\/www.nb.no\/bibsok\/search.jsf?query=ddc:179.3&#8243;\/><br>&lt;\/result><br>&lt;result><br>&lt;ddc>296.365&lt;\/ddc><br>&lt;caption lang=&raquo;nob&raquo; matching=&raquo;true&raquo;><br>&lt;captionLevel matching=&raquo;true&raquo;>Jakt&lt;\/captionLevel><br>&lt;captionLevel>etikk&lt;\/captionLevel><br>&lt;captionLevel>religion&lt;\/captionLevel><br>&lt;captionLevel>j\u00f8dedom&lt;\/captionLevel><br>&lt;\/caption><br>&lt;caption lang=&raquo;eng&raquo;><br>&lt;captionLevel>Hunting&lt;\/captionLevel><br>&lt;captionLevel>ethics&lt;\/captionLevel><br>&lt;captionLevel>religion&lt;\/captionLevel><br>&lt;captionLevel>Judaism&lt;\/captionLevel><br>&lt;\/caption><br>&lt;catalogResult catalog=&raquo;nb.no&raquo; count=&raquo;0&#8243; link=&raquo;http:\/\/www.nb.no\/bibsok\/search.jsf?query=ddc:296.365&#8243;\/><br>&lt;\/result><\/p>\n\n\n\n<p>\u2026<\/p>\n\n\n\n<p>&lt;result><br>&lt;ddc>639.29&lt;\/ddc><br>&lt;caption lang=&raquo;nob&raquo; matching=&raquo;true&raquo;><br>&lt;captionLevel>Seler (dyr)&lt;\/captionLevel><br>&lt;captionLevel matching=&raquo;true&raquo;>jakt&lt;\/captionLevel><br>&lt;\/caption><br>&lt;caption lang=&raquo;eng&raquo;><br>&lt;captionLevel>Seals (Animals)&lt;\/captionLevel><br>&lt;captionLevel>hunting&lt;\/captionLevel><br>&lt;\/caption><br>&lt;catalogResult catalog=&raquo;nb.no&raquo; count=&raquo;278&#8243; link=&raquo;http:\/\/www.nb.no\/bibsok\/search.jsf?query=ddc:639.29&#8243;\/><br>&lt;\/result><br>&lt;\/resultset><br>&lt;\/subtermResults><br>&lt;\/scheduleResults><br>&lt;\/webdeweySearchResult><\/p>\n","protected":false},"excerpt":{"rendered":"","protected":false},"author":52,"featured_media":0,"parent":290,"menu_order":0,"comment_status":"closed","ping_status":"closed","template":"","meta":{"nb_hide_title":false,"sub_navigation_option":"","sub_navigation_custom_items":null,"footnotes":""},"class_list":["post-719","page","type-page","status-publish","hentry"],"yoast_head":"<!-- This site is optimized with the Yoast SEO Premium plugin v27.1 (Yoast SEO v27.1.1) - https:\/\/yoast.com\/product\/yoast-seo-premium-wordpress\/ -->\n<title>Integrering mot Norsk Webdewey - Kunnskapsorganisering<\/title>\n<meta name=\"robots\" content=\"index, follow, max-snippet:-1, max-image-preview:large, max-video-preview:-1\" \/>\n<link rel=\"canonical\" href=\"https:\/\/beta.bibliotekutvikling.no\/kunnskapsorganisering\/norsk-webdewey\/integrering-mot-norsk-webdewey\/\" \/>\n<meta property=\"og:locale\" content=\"nb_NO\" \/>\n<meta property=\"og:type\" content=\"article\" \/>\n<meta property=\"og:title\" content=\"Integrering mot Norsk Webdewey\" \/>\n<meta property=\"og:url\" content=\"https:\/\/beta.bibliotekutvikling.no\/kunnskapsorganisering\/norsk-webdewey\/integrering-mot-norsk-webdewey\/\" \/>\n<meta property=\"og:site_name\" content=\"Kunnskapsorganisering\" \/>\n<meta name=\"twitter:card\" content=\"summary_large_image\" \/>\n<meta name=\"twitter:label1\" content=\"Ansl. lesetid\" \/>\n\t<meta name=\"twitter:data1\" content=\"4 minutter\" \/>\n<script type=\"application\/ld+json\" class=\"yoast-schema-graph\">{\"@context\":\"https:\/\/schema.org\",\"@graph\":[{\"@type\":\"WebPage\",\"@id\":\"https:\/\/beta.bibliotekutvikling.no\/kunnskapsorganisering\/norsk-webdewey\/integrering-mot-norsk-webdewey\/\",\"url\":\"https:\/\/beta.bibliotekutvikling.no\/kunnskapsorganisering\/norsk-webdewey\/integrering-mot-norsk-webdewey\/\",\"name\":\"Integrering mot Norsk Webdewey - Kunnskapsorganisering\",\"isPartOf\":{\"@id\":\"https:\/\/beta.bibliotekutvikling.no\/kunnskapsorganisering\/#website\"},\"datePublished\":\"2019-12-10T09:13:38+00:00\",\"breadcrumb\":{\"@id\":\"https:\/\/beta.bibliotekutvikling.no\/kunnskapsorganisering\/norsk-webdewey\/integrering-mot-norsk-webdewey\/#breadcrumb\"},\"inLanguage\":\"nb-NO\",\"potentialAction\":[{\"@type\":\"ReadAction\",\"target\":[\"https:\/\/beta.bibliotekutvikling.no\/kunnskapsorganisering\/norsk-webdewey\/integrering-mot-norsk-webdewey\/\"]}]},{\"@type\":\"BreadcrumbList\",\"@id\":\"https:\/\/beta.bibliotekutvikling.no\/kunnskapsorganisering\/norsk-webdewey\/integrering-mot-norsk-webdewey\/#breadcrumb\",\"itemListElement\":[{\"@type\":\"ListItem\",\"position\":1,\"name\":\"Home\",\"item\":\"https:\/\/beta.bibliotekutvikling.no\/kunnskapsorganisering\/\"},{\"@type\":\"ListItem\",\"position\":2,\"name\":\"Norsk WebDewey\",\"item\":\"https:\/\/beta.bibliotekutvikling.no\/kunnskapsorganisering\/norsk-webdewey\/\"},{\"@type\":\"ListItem\",\"position\":3,\"name\":\"Integrering mot Norsk Webdewey\"}]},{\"@type\":\"WebSite\",\"@id\":\"https:\/\/beta.bibliotekutvikling.no\/kunnskapsorganisering\/#website\",\"url\":\"https:\/\/beta.bibliotekutvikling.no\/kunnskapsorganisering\/\",\"name\":\"Kunnskapsorganisering\",\"description\":\"Ressurser i kunnskapsorganisering\",\"publisher\":{\"@id\":\"https:\/\/beta.bibliotekutvikling.no\/kunnskapsorganisering\/#organization\"},\"potentialAction\":[{\"@type\":\"SearchAction\",\"target\":{\"@type\":\"EntryPoint\",\"urlTemplate\":\"https:\/\/beta.bibliotekutvikling.no\/kunnskapsorganisering\/?s={search_term_string}\"},\"query-input\":{\"@type\":\"PropertyValueSpecification\",\"valueRequired\":true,\"valueName\":\"search_term_string\"}}],\"inLanguage\":\"nb-NO\"},{\"@type\":\"Organization\",\"@id\":\"https:\/\/beta.bibliotekutvikling.no\/kunnskapsorganisering\/#organization\",\"name\":\"Kunnskapsorganisering\",\"url\":\"https:\/\/beta.bibliotekutvikling.no\/kunnskapsorganisering\/\",\"logo\":{\"@type\":\"ImageObject\",\"inLanguage\":\"nb-NO\",\"@id\":\"https:\/\/beta.bibliotekutvikling.no\/kunnskapsorganisering\/#\/schema\/logo\/image\/\",\"url\":\"https:\/\/bibliotekutvikling.no\/content\/uploads\/sites\/8\/2024\/07\/MiniatyrBilde_logo.png\",\"contentUrl\":\"https:\/\/bibliotekutvikling.no\/content\/uploads\/sites\/8\/2024\/07\/MiniatyrBilde_logo.png\",\"width\":824,\"height\":744,\"caption\":\"Kunnskapsorganisering\"},\"image\":{\"@id\":\"https:\/\/beta.bibliotekutvikling.no\/kunnskapsorganisering\/#\/schema\/logo\/image\/\"}}]}<\/script>\n<!-- \/ Yoast SEO Premium plugin. -->","yoast_head_json":{"title":"Integrering mot Norsk Webdewey - Kunnskapsorganisering","robots":{"index":"index","follow":"follow","max-snippet":"max-snippet:-1","max-image-preview":"max-image-preview:large","max-video-preview":"max-video-preview:-1"},"canonical":"https:\/\/beta.bibliotekutvikling.no\/kunnskapsorganisering\/norsk-webdewey\/integrering-mot-norsk-webdewey\/","og_locale":"nb_NO","og_type":"article","og_title":"Integrering mot Norsk Webdewey","og_url":"https:\/\/beta.bibliotekutvikling.no\/kunnskapsorganisering\/norsk-webdewey\/integrering-mot-norsk-webdewey\/","og_site_name":"Kunnskapsorganisering","twitter_card":"summary_large_image","twitter_misc":{"Ansl. lesetid":"4 minutter"},"schema":{"@context":"https:\/\/schema.org","@graph":[{"@type":"WebPage","@id":"https:\/\/beta.bibliotekutvikling.no\/kunnskapsorganisering\/norsk-webdewey\/integrering-mot-norsk-webdewey\/","url":"https:\/\/beta.bibliotekutvikling.no\/kunnskapsorganisering\/norsk-webdewey\/integrering-mot-norsk-webdewey\/","name":"Integrering mot Norsk Webdewey - Kunnskapsorganisering","isPartOf":{"@id":"https:\/\/beta.bibliotekutvikling.no\/kunnskapsorganisering\/#website"},"datePublished":"2019-12-10T09:13:38+00:00","breadcrumb":{"@id":"https:\/\/beta.bibliotekutvikling.no\/kunnskapsorganisering\/norsk-webdewey\/integrering-mot-norsk-webdewey\/#breadcrumb"},"inLanguage":"nb-NO","potentialAction":[{"@type":"ReadAction","target":["https:\/\/beta.bibliotekutvikling.no\/kunnskapsorganisering\/norsk-webdewey\/integrering-mot-norsk-webdewey\/"]}]},{"@type":"BreadcrumbList","@id":"https:\/\/beta.bibliotekutvikling.no\/kunnskapsorganisering\/norsk-webdewey\/integrering-mot-norsk-webdewey\/#breadcrumb","itemListElement":[{"@type":"ListItem","position":1,"name":"Home","item":"https:\/\/beta.bibliotekutvikling.no\/kunnskapsorganisering\/"},{"@type":"ListItem","position":2,"name":"Norsk WebDewey","item":"https:\/\/beta.bibliotekutvikling.no\/kunnskapsorganisering\/norsk-webdewey\/"},{"@type":"ListItem","position":3,"name":"Integrering mot Norsk Webdewey"}]},{"@type":"WebSite","@id":"https:\/\/beta.bibliotekutvikling.no\/kunnskapsorganisering\/#website","url":"https:\/\/beta.bibliotekutvikling.no\/kunnskapsorganisering\/","name":"Kunnskapsorganisering","description":"Ressurser i kunnskapsorganisering","publisher":{"@id":"https:\/\/beta.bibliotekutvikling.no\/kunnskapsorganisering\/#organization"},"potentialAction":[{"@type":"SearchAction","target":{"@type":"EntryPoint","urlTemplate":"https:\/\/beta.bibliotekutvikling.no\/kunnskapsorganisering\/?s={search_term_string}"},"query-input":{"@type":"PropertyValueSpecification","valueRequired":true,"valueName":"search_term_string"}}],"inLanguage":"nb-NO"},{"@type":"Organization","@id":"https:\/\/beta.bibliotekutvikling.no\/kunnskapsorganisering\/#organization","name":"Kunnskapsorganisering","url":"https:\/\/beta.bibliotekutvikling.no\/kunnskapsorganisering\/","logo":{"@type":"ImageObject","inLanguage":"nb-NO","@id":"https:\/\/beta.bibliotekutvikling.no\/kunnskapsorganisering\/#\/schema\/logo\/image\/","url":"https:\/\/bibliotekutvikling.no\/content\/uploads\/sites\/8\/2024\/07\/MiniatyrBilde_logo.png","contentUrl":"https:\/\/bibliotekutvikling.no\/content\/uploads\/sites\/8\/2024\/07\/MiniatyrBilde_logo.png","width":824,"height":744,"caption":"Kunnskapsorganisering"},"image":{"@id":"https:\/\/beta.bibliotekutvikling.no\/kunnskapsorganisering\/#\/schema\/logo\/image\/"}}]}},"_links":{"self":[{"href":"https:\/\/beta.bibliotekutvikling.no\/kunnskapsorganisering\/wp-json\/wp\/v2\/pages\/719","targetHints":{"allow":["GET"]}}],"collection":[{"href":"https:\/\/beta.bibliotekutvikling.no\/kunnskapsorganisering\/wp-json\/wp\/v2\/pages"}],"about":[{"href":"https:\/\/beta.bibliotekutvikling.no\/kunnskapsorganisering\/wp-json\/wp\/v2\/types\/page"}],"author":[{"embeddable":true,"href":"https:\/\/beta.bibliotekutvikling.no\/kunnskapsorganisering\/wp-json\/wp\/v2\/users\/52"}],"replies":[{"embeddable":true,"href":"https:\/\/beta.bibliotekutvikling.no\/kunnskapsorganisering\/wp-json\/wp\/v2\/comments?post=719"}],"version-history":[{"count":1,"href":"https:\/\/beta.bibliotekutvikling.no\/kunnskapsorganisering\/wp-json\/wp\/v2\/pages\/719\/revisions"}],"predecessor-version":[{"id":720,"href":"https:\/\/beta.bibliotekutvikling.no\/kunnskapsorganisering\/wp-json\/wp\/v2\/pages\/719\/revisions\/720"}],"up":[{"embeddable":true,"href":"https:\/\/beta.bibliotekutvikling.no\/kunnskapsorganisering\/wp-json\/wp\/v2\/pages\/290"}],"wp:attachment":[{"href":"https:\/\/beta.bibliotekutvikling.no\/kunnskapsorganisering\/wp-json\/wp\/v2\/media?parent=719"}],"curies":[{"name":"wp","href":"https:\/\/api.w.org\/{rel}","templated":true}]}}