{"id":769,"date":"2019-12-11T22:51:59","date_gmt":"2019-12-11T21:51:59","guid":{"rendered":"https:\/\/bibliotekutvikling.no\/kunnskapsorganisering\/?page_id=769"},"modified":"2024-08-05T12:53:04","modified_gmt":"2024-08-05T10:53:04","slug":"vokabularer-utkast","status":"publish","type":"page","link":"https:\/\/beta.bibliotekutvikling.no\/kunnskapsorganisering\/vokabularer-utkast\/","title":{"rendered":"Autoritetsregistre og vokabularer"},"content":{"rendered":"\n<p>Under finnes informasjon om vokabularer og kodelister som brukes i metadata. Det er hovedsakelig vokabularer forvaltet av Nasjonalbiblioteket som er inkludert, samt noen f\u00e5 eksterne som forvaltes av organer utenfor biblioteksektoren. <\/p>\n\n\n\n<h2 class=\"wp-block-heading\" id=\"h-nasjonalbibliotekets-vokabulartjeneste-nbvok\">Nasjonalbibliotekets vokabulartjeneste (nbvok)<\/h2>\n\n\n\n<p>Nbvok er <a href=\"https:\/\/www.nb.no\/nbvok\/nb\/\" target=\"_blank\" rel=\"noreferrer noopener\">Nasjonalbibliotekets vokabulartjeneste<\/a>, hvor kontrollerte vokabularer publiseres som \u00e5pne lenkede data i henhold til <a href=\"https:\/\/www.w3.org\/2004\/02\/skos\/\" target=\"_blank\" rel=\"noreferrer noopener\">SKOS<\/a>-ontologien. Det betyr blant annet at hvert begrep har en globalt unik id (URI), som entydig representerer begrepet og den informasjon som er registrert om det. <\/p>\n\n\n\n<p>Som publiseringsplattform har vi valgt <a href=\"https:\/\/skosmos.org\/\" target=\"_blank\" rel=\"noreferrer noopener\">SKOSMOS<\/a>, en applikasjon utviklet ved Nasjonalbiblioteket i Finland, spesielt designet for navigering og s\u00f8k i strukturerte vokabularer.<\/p>\n\n\n\n<h2 class=\"wp-block-heading\">F\u00f8lgende vokabularer er tilgjengelige i nbvok:<\/h2>\n\n\n\n<h3 class=\"wp-block-heading\">Norsk tesaurus for sjanger og form<\/h3>\n\n\n\n<p>En tesaurus med form- og sjangerbegreper for trykt materiale og e-publikasjoner, samt for film og TV-programmer. Tesaurusen dekker b\u00e5de barne- og voksenlitteratur. Termene finnes p\u00e5 bokm\u00e5l, nynorsk og engelsk. Der det er sammenfallende begreper, er det referanser til <a href=\"https:\/\/id.loc.gov\/authorities\/genreForms.html\" target=\"_blank\" rel=\"noreferrer noopener\">Library of Congress Genre\/Form Terms<\/a>.<br><br>Tesaurusen bygger p\u00e5 Biblioteksentralens, Bokbasens og Nasjonalbibliotekets opprinnelige sjanger- og formlister. Humords formtermer og formtermene i Realfagstermer er ogs\u00e5 innlemmet. Tesaurusen blir vedlikeholdt av en gruppe med medlemmer fra Nasjonalbiblioteket, Biblioteksentralen, Bokbasen  og Universitetsbiblioteket i Oslo.<br>Marc-kode: <strong>ntsf<\/strong><br><a href=\"https:\/\/www.nb.no\/nbvok\/ntsf\/nb\/\">Norsk tesaurus for sjanger og form<\/a><\/p>\n\n\n\n<p>Forslag til nye termer eller endringer sendes ntsf@nb.no. <br><a href=\"http:\/\/bibliotekutvikling.no\/kunnskapsorganisering\/kunnskapsorganisering\/vokabularer-utkast\/norsk-tesaurus-for-sjanger-og-form\/\">Mer informasjon<\/a><\/p>\n\n\n\n<h3 class=\"wp-block-heading\">M\u00e5lgrupper<\/h3>\n\n\n\n<p>To korte lister over m\u00e5lgrupper som kan knyttes til dokumenter: (i) Aldersbaserte m\u00e5lgrupper for barne- og ungdomslitteratur (ii) Spesielle m\u00e5lgrupper uavhengig av alder<br>Marc-kode: <strong>nortarget<\/strong> <br><a href=\"https:\/\/www.nb.no\/nbvok\/tg\/nb\/\" target=\"_blank\" rel=\"noreferrer noopener\">M\u00e5lgrupper<\/a><\/p>\n\n\n\n<h3 class=\"wp-block-heading\"><strong>Aldersgrenser for film<\/strong><\/h3>\n\n\n\n<p>Medietilsynets aldersgrenser for film<br>Marc-kode: <strong>nma<\/strong> <br><a href=\"https:\/\/www.nb.no\/nbvok\/nma\/nb\/\" target=\"_blank\" rel=\"noreferrer noopener\">Aldersgrenser for film<\/a><\/p>\n\n\n\n<h3 class=\"wp-block-heading\"><strong>Aldersgrenser for dataspill<\/strong><\/h3>\n\n\n\n<p>System for aldersmerking av dataspill, forvaltet av Pan European Game Information (PEGI).<br>Marc-kode: <strong>pegi<\/strong><br><a href=\"https:\/\/www.nb.no\/nbvok\/pegi\/nb\/\" target=\"_blank\" rel=\"noreferrer noopener\">Aldersmerking av dataspill<\/a><\/p>\n\n\n\n<h3 class=\"wp-block-heading\"><strong>Verkstyper<\/strong><\/h3>\n\n\n\n<p>Typologi for verk. Hver type er spesifisert ved URI, betegnelse, definisjon og omfang \u2013 p\u00e5 norsk og engelsk.<br><a href=\"https:\/\/www.nb.no\/nbvok\/vtp\/nb\/\">Verkstyper<\/a><\/p>\n\n\n\n<h2 class=\"wp-block-heading\" id=\"h-andre-vokabularer\">Andre vokabularer<\/h2>\n\n\n\n<h3 class=\"wp-block-heading\"><strong>Nasjonalbibliotekets emnevokabular for spesialbibliografier<\/strong><\/h3>\n\n\n\n<p>Termer for emner brukt i forfatter- og spesialbibliografier (p.t. 1814-bibliografien, bibliografiene over Bj\u00f8rnson, Collett, Fosse, Hamsun, Ibsen og Solstad, samt bibliografiene Norsk-amerikansk samling, Norske tidsskrifter 1700-1820,  Norske b\u00f8ker 1519-1850 og Norsk lokalhistorisk bibliografi). <br>Marc-kode: <strong>norvok<\/strong> <br><a href=\"https:\/\/tematres.nb.no\/norvok\/\" target=\"_blank\" rel=\"noreferrer noopener\">Emneord<\/a><\/p>\n\n\n\n<h3 class=\"wp-block-heading\"><strong>NBIs emneordsliste for faglitteratur (om barnelitteratur)<\/strong><\/h3>\n\n\n\n<p>Marc-kode: <strong>nbiemnfag<\/strong> <br><a href=\"\/content\/uploads\/2019\/12\/Emneordsliste-sekund%C3%A6rlitteratur-NBI.pdf\">Emneord<\/a><\/p>\n\n\n\n<h3 class=\"wp-block-heading\">Emneord for Samisk bibliografi<\/h3>\n\n\n\n<p>Termer for emner brukt i Samisk bibliografi. For sjanger- og formbegreper, se <a href=\"https:\/\/www.nb.no\/nbvok\/ntsf\/nb\/\" target=\"_blank\" rel=\"noreferrer noopener\">Norsk tesaurus for sjanger og form<\/a>.<br>Marc-kode: <strong>samisk <\/strong><br><a href=\"\/content\/uploads\/2019\/12\/687-Emneordliste-Kort-versjon-bearb.pdf\">Emneord<\/a><\/p>\n\n\n\n<h3 class=\"wp-block-heading\"><strong><strong>Landekoder (ISO 3166)<\/strong><\/strong><\/h3>\n\n\n\n<p>Landekoder fra ISO 3166 angir dokumenters utgivelsesland. Landekoder kan hentes fra ISO. F\u00f8lg lenken Online Browsing Platform.<br><a href=\"https:\/\/www.iso.org\/iso-3166-country-codes.html\">https:\/\/www.iso.org\/iso-3166-country-codes.html<\/a><\/p>\n\n\n\n<h3 class=\"wp-block-heading\"><strong><strong>Spr\u00e5kkoder (ISO 639)<\/strong><\/strong><\/h3>\n\n\n\n<p>Spr\u00e5kkoder fra ISO 639-3 angir dokumenters spr\u00e5k, eventuelt ogs\u00e5 originalspr\u00e5k. Spr\u00e5kkoder kan hentes fra SIL International.<br><a href=\"https:\/\/iso639-3.sil.org\/code_tables\/639\/data\">https:\/\/iso639-3.sil.org\/code_tables\/639\/data<\/a> <br>Marc-kode: <strong>iso639-3<\/strong><\/p>\n\n\n\n<h3 class=\"wp-block-heading\"><strong>Felles autoritetsregister for personer og korporasjoner<\/strong><\/h3>\n\n\n\n<p>Personer og korporasjoner som er bidragsytere til eller omtalt i materiale forvaltet av norske bibliotek. <em><strong>Pr. 2022: <\/strong><\/em>Registeret omfatter autoriteter produsert av Nasjonalbiblioteket og bibliotek i BIBSYS-konsortiet, Bokbasen, Biblioteksentralen og NRK.<\/p>\n\n\n\n<p>Nasjonalbibliotekets autoriteter kan h\u00f8stes ved\u00a0<a href=\"https:\/\/authority.bibsys.no\/authority\/rest\/oai?verb=ListRecords&amp;metadataPrefix=marcxchange&amp;set=national_authorities\">denne OAI-sp\u00f8rringen<\/a>\u00a0(+ resumptionToken) <br><a href=\"https:\/\/authority.bibsys.no\/authority\/\">REST-basert API<\/a> (OAI eller SRU) <br>Marc-kode: <strong>bare<\/strong><\/p>\n\n\n\n<p><a href=\"https:\/\/bibliotekutvikling.no\/kunnskapsorganisering\/kunnskapsorganisering\/felles-autoritetsregister-for-personer-og-korporasjoner\/\">Mer informasjon<\/a><\/p>\n\n\n\n<h3 class=\"wp-block-heading\"><strong>Norske bokbindstermer<\/strong><\/h3>\n\n\n\n<p>Utgitt som <a href=\"https:\/\/www.bokselskap.no\/boker\/bokbindstermer\/tittelside\">bok<\/a>: <em>Eidsfeldt, Anne og Nina <em>Hesselberg-Wang<\/em>. Med tapp og hektering. Norsk begrepsapparat og manualer for beskrivelse av bokbind. (NB tema 9). Oslo, Nasjonalbiblioteket,  2020.<\/em><br><strong>G\u00e5 direkte til deler av boken:<\/strong><br>1. <a href=\"https:\/\/www.bokselskap.no\/boker\/bokbindstermer\/alfabetisk-ordliste\">Alfabetisk liste over norske bokbindstermer<\/a>, med definisjon, engelsk term, merknader, kildehenvisninger og referanse til tilsvarende begrep i <a href=\"https:\/\/www.ligatus.org.uk\/lob\/\">Language of Bindings<\/a>.<br>2. <a href=\"https:\/\/www.bokselskap.no\/boker\/bokbindstermer\/systematisk-ordliste\">Metode for bindbeskrivelse<\/a>: Systematisk ordliste over norske bokbindstermer, til bruk som metode for beskrivelse av bokbind.<br>3. <a href=\"https:\/\/www.bokselskap.no\/boker\/bokbindstermer\/enkle-bindbeskrivelser\">Enkel bind-beskrivelse:<\/a> Eksempler p\u00e5 og anbefalinger om enkle bindbeskrivelser i bibliotekkataloger. <\/p>\n\n\n\n<h3 class=\"wp-block-heading\"><strong>RDA Registry<\/strong><\/h3>\n\n\n\n<p>Offisiell norsk oversettelse av vokabularer til bruk sammen med RDA Toolkit.<br><a href=\"https:\/\/bibliotekutvikling.no\/kunnskapsorganisering\/kunnskapsorganisering\/katalogiseringsregler\/rda-registry\/\">RDA Registry<\/a><\/p>\n","protected":false},"excerpt":{"rendered":"<p>Informasjon om vokabularer og kodelister som brukes i metadata. Hovedsakelig vokabularer forvaltet av Nasjonalbiblioteket er inkludert, samt noen eksterne som forvaltes av organer utenfor biblioteksektoren. <\/p>\n","protected":false},"author":6868,"featured_media":690,"parent":0,"menu_order":0,"comment_status":"closed","ping_status":"closed","template":"","meta":{"nb_hide_title":false,"sub_navigation_option":"","sub_navigation_custom_items":null,"footnotes":""},"class_list":["post-769","page","type-page","status-publish","has-post-thumbnail","hentry"],"yoast_head":"<!-- This site is optimized with the Yoast SEO Premium plugin v27.1 (Yoast SEO v27.1.1) - https:\/\/yoast.com\/product\/yoast-seo-premium-wordpress\/ -->\n<title>Autoritetsregistre og vokabularer - Kunnskapsorganisering<\/title>\n<meta name=\"description\" content=\"Informasjon om vokabularer og kodelister som brukes i metadata. Hovedsakelig vokabularer forvaltet av Nasjonalbiblioteket er inkludert, samt noen eksterne som forvaltes av organer utenfor biblioteksektoren.\" \/>\n<meta name=\"robots\" content=\"index, follow, max-snippet:-1, max-image-preview:large, max-video-preview:-1\" \/>\n<link rel=\"canonical\" href=\"https:\/\/beta.bibliotekutvikling.no\/kunnskapsorganisering\/vokabularer-utkast\/\" \/>\n<meta property=\"og:locale\" content=\"nb_NO\" \/>\n<meta property=\"og:type\" content=\"article\" \/>\n<meta property=\"og:title\" content=\"Autoritetsregistre og vokabularer\" \/>\n<meta property=\"og:description\" content=\"Informasjon om vokabularer og kodelister som brukes i metadata. Hovedsakelig vokabularer forvaltet av Nasjonalbiblioteket er inkludert, samt noen eksterne som forvaltes av organer utenfor biblioteksektoren.\" \/>\n<meta property=\"og:url\" content=\"https:\/\/beta.bibliotekutvikling.no\/kunnskapsorganisering\/vokabularer-utkast\/\" \/>\n<meta property=\"og:site_name\" content=\"Kunnskapsorganisering\" \/>\n<meta property=\"article:modified_time\" content=\"2024-08-05T10:53:04+00:00\" \/>\n<meta property=\"og:image\" content=\"https:\/\/beta.bibliotekutvikling.no\/content\/uploads\/sites\/8\/2019\/12\/Lambertseter_bibliotek_NETT-21.jpg\" \/>\n\t<meta property=\"og:image:width\" content=\"2500\" \/>\n\t<meta property=\"og:image:height\" content=\"1669\" \/>\n\t<meta property=\"og:image:type\" content=\"image\/jpeg\" \/>\n<meta name=\"twitter:card\" content=\"summary_large_image\" \/>\n<meta name=\"twitter:label1\" content=\"Ansl. lesetid\" \/>\n\t<meta name=\"twitter:data1\" content=\"4 minutter\" \/>\n<script type=\"application\/ld+json\" class=\"yoast-schema-graph\">{\"@context\":\"https:\/\/schema.org\",\"@graph\":[{\"@type\":\"WebPage\",\"@id\":\"https:\/\/beta.bibliotekutvikling.no\/kunnskapsorganisering\/vokabularer-utkast\/\",\"url\":\"https:\/\/beta.bibliotekutvikling.no\/kunnskapsorganisering\/vokabularer-utkast\/\",\"name\":\"Autoritetsregistre og vokabularer - Kunnskapsorganisering\",\"isPartOf\":{\"@id\":\"https:\/\/beta.bibliotekutvikling.no\/kunnskapsorganisering\/#website\"},\"primaryImageOfPage\":{\"@id\":\"https:\/\/beta.bibliotekutvikling.no\/kunnskapsorganisering\/vokabularer-utkast\/#primaryimage\"},\"image\":{\"@id\":\"https:\/\/beta.bibliotekutvikling.no\/kunnskapsorganisering\/vokabularer-utkast\/#primaryimage\"},\"thumbnailUrl\":\"https:\/\/beta.bibliotekutvikling.no\/content\/uploads\/sites\/8\/2019\/12\/Lambertseter_bibliotek_NETT-21.jpg\",\"datePublished\":\"2019-12-11T21:51:59+00:00\",\"dateModified\":\"2024-08-05T10:53:04+00:00\",\"description\":\"Informasjon om vokabularer og kodelister som brukes i metadata. Hovedsakelig vokabularer forvaltet av Nasjonalbiblioteket er inkludert, samt noen eksterne som forvaltes av organer utenfor biblioteksektoren.\",\"breadcrumb\":{\"@id\":\"https:\/\/beta.bibliotekutvikling.no\/kunnskapsorganisering\/vokabularer-utkast\/#breadcrumb\"},\"inLanguage\":\"nb-NO\",\"potentialAction\":[{\"@type\":\"ReadAction\",\"target\":[\"https:\/\/beta.bibliotekutvikling.no\/kunnskapsorganisering\/vokabularer-utkast\/\"]}]},{\"@type\":\"ImageObject\",\"inLanguage\":\"nb-NO\",\"@id\":\"https:\/\/beta.bibliotekutvikling.no\/kunnskapsorganisering\/vokabularer-utkast\/#primaryimage\",\"url\":\"https:\/\/beta.bibliotekutvikling.no\/content\/uploads\/sites\/8\/2019\/12\/Lambertseter_bibliotek_NETT-21.jpg\",\"contentUrl\":\"https:\/\/beta.bibliotekutvikling.no\/content\/uploads\/sites\/8\/2019\/12\/Lambertseter_bibliotek_NETT-21.jpg\",\"width\":2500,\"height\":1669},{\"@type\":\"BreadcrumbList\",\"@id\":\"https:\/\/beta.bibliotekutvikling.no\/kunnskapsorganisering\/vokabularer-utkast\/#breadcrumb\",\"itemListElement\":[{\"@type\":\"ListItem\",\"position\":1,\"name\":\"Home\",\"item\":\"https:\/\/beta.bibliotekutvikling.no\/kunnskapsorganisering\/\"},{\"@type\":\"ListItem\",\"position\":2,\"name\":\"Autoritetsregistre og vokabularer\"}]},{\"@type\":\"WebSite\",\"@id\":\"https:\/\/beta.bibliotekutvikling.no\/kunnskapsorganisering\/#website\",\"url\":\"https:\/\/beta.bibliotekutvikling.no\/kunnskapsorganisering\/\",\"name\":\"Kunnskapsorganisering\",\"description\":\"Ressurser i kunnskapsorganisering\",\"publisher\":{\"@id\":\"https:\/\/beta.bibliotekutvikling.no\/kunnskapsorganisering\/#organization\"},\"potentialAction\":[{\"@type\":\"SearchAction\",\"target\":{\"@type\":\"EntryPoint\",\"urlTemplate\":\"https:\/\/beta.bibliotekutvikling.no\/kunnskapsorganisering\/?s={search_term_string}\"},\"query-input\":{\"@type\":\"PropertyValueSpecification\",\"valueRequired\":true,\"valueName\":\"search_term_string\"}}],\"inLanguage\":\"nb-NO\"},{\"@type\":\"Organization\",\"@id\":\"https:\/\/beta.bibliotekutvikling.no\/kunnskapsorganisering\/#organization\",\"name\":\"Kunnskapsorganisering\",\"url\":\"https:\/\/beta.bibliotekutvikling.no\/kunnskapsorganisering\/\",\"logo\":{\"@type\":\"ImageObject\",\"inLanguage\":\"nb-NO\",\"@id\":\"https:\/\/beta.bibliotekutvikling.no\/kunnskapsorganisering\/#\/schema\/logo\/image\/\",\"url\":\"https:\/\/bibliotekutvikling.no\/content\/uploads\/sites\/8\/2024\/07\/MiniatyrBilde_logo.png\",\"contentUrl\":\"https:\/\/bibliotekutvikling.no\/content\/uploads\/sites\/8\/2024\/07\/MiniatyrBilde_logo.png\",\"width\":824,\"height\":744,\"caption\":\"Kunnskapsorganisering\"},\"image\":{\"@id\":\"https:\/\/beta.bibliotekutvikling.no\/kunnskapsorganisering\/#\/schema\/logo\/image\/\"}}]}<\/script>\n<!-- \/ Yoast SEO Premium plugin. -->","yoast_head_json":{"title":"Autoritetsregistre og vokabularer - Kunnskapsorganisering","description":"Informasjon om vokabularer og kodelister som brukes i metadata. Hovedsakelig vokabularer forvaltet av Nasjonalbiblioteket er inkludert, samt noen eksterne som forvaltes av organer utenfor biblioteksektoren.","robots":{"index":"index","follow":"follow","max-snippet":"max-snippet:-1","max-image-preview":"max-image-preview:large","max-video-preview":"max-video-preview:-1"},"canonical":"https:\/\/beta.bibliotekutvikling.no\/kunnskapsorganisering\/vokabularer-utkast\/","og_locale":"nb_NO","og_type":"article","og_title":"Autoritetsregistre og vokabularer","og_description":"Informasjon om vokabularer og kodelister som brukes i metadata. Hovedsakelig vokabularer forvaltet av Nasjonalbiblioteket er inkludert, samt noen eksterne som forvaltes av organer utenfor biblioteksektoren.","og_url":"https:\/\/beta.bibliotekutvikling.no\/kunnskapsorganisering\/vokabularer-utkast\/","og_site_name":"Kunnskapsorganisering","article_modified_time":"2024-08-05T10:53:04+00:00","og_image":[{"width":2500,"height":1669,"url":"https:\/\/beta.bibliotekutvikling.no\/content\/uploads\/sites\/8\/2019\/12\/Lambertseter_bibliotek_NETT-21.jpg","type":"image\/jpeg"}],"twitter_card":"summary_large_image","twitter_misc":{"Ansl. lesetid":"4 minutter"},"schema":{"@context":"https:\/\/schema.org","@graph":[{"@type":"WebPage","@id":"https:\/\/beta.bibliotekutvikling.no\/kunnskapsorganisering\/vokabularer-utkast\/","url":"https:\/\/beta.bibliotekutvikling.no\/kunnskapsorganisering\/vokabularer-utkast\/","name":"Autoritetsregistre og vokabularer - Kunnskapsorganisering","isPartOf":{"@id":"https:\/\/beta.bibliotekutvikling.no\/kunnskapsorganisering\/#website"},"primaryImageOfPage":{"@id":"https:\/\/beta.bibliotekutvikling.no\/kunnskapsorganisering\/vokabularer-utkast\/#primaryimage"},"image":{"@id":"https:\/\/beta.bibliotekutvikling.no\/kunnskapsorganisering\/vokabularer-utkast\/#primaryimage"},"thumbnailUrl":"https:\/\/beta.bibliotekutvikling.no\/content\/uploads\/sites\/8\/2019\/12\/Lambertseter_bibliotek_NETT-21.jpg","datePublished":"2019-12-11T21:51:59+00:00","dateModified":"2024-08-05T10:53:04+00:00","description":"Informasjon om vokabularer og kodelister som brukes i metadata. Hovedsakelig vokabularer forvaltet av Nasjonalbiblioteket er inkludert, samt noen eksterne som forvaltes av organer utenfor biblioteksektoren.","breadcrumb":{"@id":"https:\/\/beta.bibliotekutvikling.no\/kunnskapsorganisering\/vokabularer-utkast\/#breadcrumb"},"inLanguage":"nb-NO","potentialAction":[{"@type":"ReadAction","target":["https:\/\/beta.bibliotekutvikling.no\/kunnskapsorganisering\/vokabularer-utkast\/"]}]},{"@type":"ImageObject","inLanguage":"nb-NO","@id":"https:\/\/beta.bibliotekutvikling.no\/kunnskapsorganisering\/vokabularer-utkast\/#primaryimage","url":"https:\/\/beta.bibliotekutvikling.no\/content\/uploads\/sites\/8\/2019\/12\/Lambertseter_bibliotek_NETT-21.jpg","contentUrl":"https:\/\/beta.bibliotekutvikling.no\/content\/uploads\/sites\/8\/2019\/12\/Lambertseter_bibliotek_NETT-21.jpg","width":2500,"height":1669},{"@type":"BreadcrumbList","@id":"https:\/\/beta.bibliotekutvikling.no\/kunnskapsorganisering\/vokabularer-utkast\/#breadcrumb","itemListElement":[{"@type":"ListItem","position":1,"name":"Home","item":"https:\/\/beta.bibliotekutvikling.no\/kunnskapsorganisering\/"},{"@type":"ListItem","position":2,"name":"Autoritetsregistre og vokabularer"}]},{"@type":"WebSite","@id":"https:\/\/beta.bibliotekutvikling.no\/kunnskapsorganisering\/#website","url":"https:\/\/beta.bibliotekutvikling.no\/kunnskapsorganisering\/","name":"Kunnskapsorganisering","description":"Ressurser i kunnskapsorganisering","publisher":{"@id":"https:\/\/beta.bibliotekutvikling.no\/kunnskapsorganisering\/#organization"},"potentialAction":[{"@type":"SearchAction","target":{"@type":"EntryPoint","urlTemplate":"https:\/\/beta.bibliotekutvikling.no\/kunnskapsorganisering\/?s={search_term_string}"},"query-input":{"@type":"PropertyValueSpecification","valueRequired":true,"valueName":"search_term_string"}}],"inLanguage":"nb-NO"},{"@type":"Organization","@id":"https:\/\/beta.bibliotekutvikling.no\/kunnskapsorganisering\/#organization","name":"Kunnskapsorganisering","url":"https:\/\/beta.bibliotekutvikling.no\/kunnskapsorganisering\/","logo":{"@type":"ImageObject","inLanguage":"nb-NO","@id":"https:\/\/beta.bibliotekutvikling.no\/kunnskapsorganisering\/#\/schema\/logo\/image\/","url":"https:\/\/bibliotekutvikling.no\/content\/uploads\/sites\/8\/2024\/07\/MiniatyrBilde_logo.png","contentUrl":"https:\/\/bibliotekutvikling.no\/content\/uploads\/sites\/8\/2024\/07\/MiniatyrBilde_logo.png","width":824,"height":744,"caption":"Kunnskapsorganisering"},"image":{"@id":"https:\/\/beta.bibliotekutvikling.no\/kunnskapsorganisering\/#\/schema\/logo\/image\/"}}]}},"_links":{"self":[{"href":"https:\/\/beta.bibliotekutvikling.no\/kunnskapsorganisering\/wp-json\/wp\/v2\/pages\/769","targetHints":{"allow":["GET"]}}],"collection":[{"href":"https:\/\/beta.bibliotekutvikling.no\/kunnskapsorganisering\/wp-json\/wp\/v2\/pages"}],"about":[{"href":"https:\/\/beta.bibliotekutvikling.no\/kunnskapsorganisering\/wp-json\/wp\/v2\/types\/page"}],"author":[{"embeddable":true,"href":"https:\/\/beta.bibliotekutvikling.no\/kunnskapsorganisering\/wp-json\/wp\/v2\/users\/6868"}],"replies":[{"embeddable":true,"href":"https:\/\/beta.bibliotekutvikling.no\/kunnskapsorganisering\/wp-json\/wp\/v2\/comments?post=769"}],"version-history":[{"count":4,"href":"https:\/\/beta.bibliotekutvikling.no\/kunnskapsorganisering\/wp-json\/wp\/v2\/pages\/769\/revisions"}],"predecessor-version":[{"id":2303,"href":"https:\/\/beta.bibliotekutvikling.no\/kunnskapsorganisering\/wp-json\/wp\/v2\/pages\/769\/revisions\/2303"}],"wp:featuredmedia":[{"embeddable":true,"href":"https:\/\/beta.bibliotekutvikling.no\/kunnskapsorganisering\/wp-json\/wp\/v2\/media\/690"}],"wp:attachment":[{"href":"https:\/\/beta.bibliotekutvikling.no\/kunnskapsorganisering\/wp-json\/wp\/v2\/media?parent=769"}],"curies":[{"name":"wp","href":"https:\/\/api.w.org\/{rel}","templated":true}]}}