{"id":894,"date":"2019-12-13T13:41:45","date_gmt":"2019-12-13T12:41:45","guid":{"rendered":"https:\/\/bibliotekutvikling.no\/kunnskapsorganisering\/?page_id=894"},"modified":"2019-12-13T15:57:37","modified_gmt":"2019-12-13T14:57:37","slug":"normarc","status":"publish","type":"page","link":"https:\/\/beta.bibliotekutvikling.no\/kunnskapsorganisering\/marc-utvekslingsformat-for-bibliografiske-data\/normarc\/","title":{"rendered":"NORMARC"},"content":{"rendered":"\n<p>Format for utveksling av bibliografiske data i maskinleselig form.<\/p>\n\n\n\n<p>Elektronisk, ajourf\u00f8rt versjon av:<br>NORMARC : format for utveksling av bibliografiske data i maskinleselig form. \u2013 2. utg. \/ revidert av Den norske katalogkomit\u00e9. \u2013 Oslo : Nasjonalbiblioteket, 1999. \u2013 1 b.; 30 cm<br>ISBN 82-7965-011-3 (h.)<\/p>\n\n\n\n<p>MARC 21 skal overta som standard utvekslingsformat for bibliografiske poster i Norge.\u00a0<br><a href=\"https:\/\/bibliotekutvikling.no\/kunnskapsorganisering\/marc-utvekslingsformat-for-bibliografiske-data\/\">Les mer her.<\/a><\/p>\n\n\n\n<h2 class=\"wp-block-heading\">NORMARC-revisjoner<\/h2>\n\n\n\n<p><\/p>\n\n\n\n<p><a href=\"\/content\/uploads\/sites\/8\/2019\/12\/rettelser-til-Normarc-1-desember-2015.pdf\">2015 \u2013 1. desember<\/a><\/p>\n\n\n\n<p><a href=\"\/content\/uploads\/sites\/8\/2019\/12\/Rettelser-til-Normarc-8-mai-2015.pdf\">2015 \u2013 8. mai<\/a><\/p>\n\n\n\n<p><a href=\"\/content\/uploads\/sites\/8\/2019\/12\/rettelser-til-Normarc-7-mai-2014.pdf\">2014 \u2013 7. mai<\/a><\/p>\n\n\n\n<p><a href=\"\/content\/uploads\/sites\/8\/2019\/12\/Rettelser-til-Normarc-17-januar-2012.pdf\">2012 \u2013 19. januar<\/a><\/p>\n\n\n\n<p><a href=\"\/content\/uploads\/sites\/8\/2019\/12\/Rettelser-til-Normarc-30-september-2003.pdf\">2003 \u2013 30.september<\/a><\/p>\n\n\n\n<p><a href=\"\/content\/uploads\/sites\/8\/2019\/12\/NORMARC2001.pdf\">2001 \u2013 5.april<\/a><\/p>\n\n\n\n<p><a href=\"\/content\/uploads\/sites\/8\/2019\/12\/NORMARC_juli_00.pdf\">2000 \u2013 31.juli<\/a><\/p>\n\n\n\n<p><a href=\"\/content\/uploads\/sites\/8\/2019\/12\/Rettelser-til-Normarc-5-april-2000-1.pdf\">2000 \u2013 11.april<\/a><\/p>\n\n\n\n<h2 class=\"wp-block-heading\">Spesifikasjon av NORMARC<\/h2>\n\n\n\n<p>Gjeldende versjon er datert 01.12.2015<\/p>\n\n\n\n<p><a href=\"\/content\/uploads\/sites\/8\/2019\/12\/Feltoversikt-1.pdf\">Feltoversikt: les NORMARC p\u00e5 nett\u00a0<\/a>(<em>Versjon: 01.12.2015<\/em>)<\/p>\n\n\n\n<p><a href=\"\/content\/uploads\/sites\/8\/2019\/12\/Utskriftsversjon-Normarc-1.pdf\">Utskriftsversjon: last ned NORMARC-spesifikasjonen (pdf)\u00a0<\/a>(NB! Vi anbefaler at det\u00a0ikke\u00a0tas ny utskrift av denne versjonen for evt. innbinding. Det er gjort forholdsvis sm\u00e5 endringer og flere endringer vil trolig komme i l\u00f8pet av \u00e5ret) (<em>Versjon: 01.12.2015<\/em>)<\/p>\n\n\n\n<h2 class=\"wp-block-heading\">Relaterte ressurser<\/h2>\n\n\n\n<p>Spr\u00e5kkoder \u2013&nbsp;<a href=\"http:\/\/www.nb.no\/baser\/sprakkoder\/\">s\u00f8k i database<\/a><\/p>\n\n\n\n<p>Landekoder \u2013&nbsp;&nbsp;<a href=\"http:\/\/www.nb.no\/baser\/landekoder\/\">s\u00f8k i database<\/a><\/p>\n\n\n\n<h2 class=\"wp-block-heading\">Utveksling av data<\/h2>\n\n\n\n<p>NORMARC-poster kan utveksles p\u00e5 ulike former:<\/p>\n\n\n\n<ul class=\"wp-block-list\"><li>Internasjonalt utvekslingsformat etter standarden&nbsp;<a href=\"http:\/\/www.iso.org\/iso\/catalogue_detail.htm?csnumber=41319\">ISO 2709<\/a>: Tekstbasert format med mye administrativ informasjon (feltposisjoner, feltlengder, etc) Formatet tar h\u00f8yde for utvekslingsmedium som m\u00e5 leses sekvensielt (magnetb\u00e5nd), og er derfor lite lesbart for menneskelige brukere<\/li><li>NORMARC linjeformat: Menneskelesbart tekstformat som kan behandles av de fleste biblioteksystemer i Norge, men f\u00f8lger ingen internasjonal standard<\/li><li>Internasjonalt utvekslingsformat MarcXchange (<a href=\"https:\/\/www.loc.gov\/standards\/iso25577\/\">ISO\/DIS 25577<\/a>), basert p\u00e5 XML og kompatibelt med ISO 2709.<\/li><\/ul>\n\n\n\n<p>Nasjonalbiblioteket anbefaler generelt marcXchange som det beste alternativet. Alle metadata tilgjengeliggjort av Nasjonalbiblioteket for andre bibliotek\/interessenter vil foreligge i marcXchange.<\/p>\n","protected":false},"excerpt":{"rendered":"","protected":false},"author":54,"featured_media":0,"parent":288,"menu_order":0,"comment_status":"closed","ping_status":"closed","template":"","meta":{"nb_hide_title":false,"sub_navigation_option":"","sub_navigation_custom_items":null,"footnotes":""},"class_list":["post-894","page","type-page","status-publish","hentry"],"yoast_head":"<!-- This site is optimized with the Yoast SEO Premium plugin v27.1 (Yoast SEO v27.1.1) - https:\/\/yoast.com\/product\/yoast-seo-premium-wordpress\/ -->\n<title>NORMARC - Kunnskapsorganisering<\/title>\n<meta name=\"robots\" content=\"index, follow, max-snippet:-1, max-image-preview:large, max-video-preview:-1\" \/>\n<link rel=\"canonical\" href=\"https:\/\/beta.bibliotekutvikling.no\/kunnskapsorganisering\/marc-utvekslingsformat-for-bibliografiske-data\/normarc\/\" \/>\n<meta property=\"og:locale\" content=\"nb_NO\" \/>\n<meta property=\"og:type\" content=\"article\" \/>\n<meta property=\"og:title\" content=\"NORMARC\" \/>\n<meta property=\"og:url\" content=\"https:\/\/beta.bibliotekutvikling.no\/kunnskapsorganisering\/marc-utvekslingsformat-for-bibliografiske-data\/normarc\/\" \/>\n<meta property=\"og:site_name\" content=\"Kunnskapsorganisering\" \/>\n<meta property=\"article:modified_time\" content=\"2019-12-13T14:57:37+00:00\" \/>\n<meta name=\"twitter:card\" content=\"summary_large_image\" \/>\n<meta name=\"twitter:label1\" content=\"Ansl. lesetid\" \/>\n\t<meta name=\"twitter:data1\" content=\"1 minutt\" \/>\n<script type=\"application\/ld+json\" class=\"yoast-schema-graph\">{\"@context\":\"https:\/\/schema.org\",\"@graph\":[{\"@type\":\"WebPage\",\"@id\":\"https:\/\/beta.bibliotekutvikling.no\/kunnskapsorganisering\/marc-utvekslingsformat-for-bibliografiske-data\/normarc\/\",\"url\":\"https:\/\/beta.bibliotekutvikling.no\/kunnskapsorganisering\/marc-utvekslingsformat-for-bibliografiske-data\/normarc\/\",\"name\":\"NORMARC - Kunnskapsorganisering\",\"isPartOf\":{\"@id\":\"https:\/\/beta.bibliotekutvikling.no\/kunnskapsorganisering\/#website\"},\"datePublished\":\"2019-12-13T12:41:45+00:00\",\"dateModified\":\"2019-12-13T14:57:37+00:00\",\"breadcrumb\":{\"@id\":\"https:\/\/beta.bibliotekutvikling.no\/kunnskapsorganisering\/marc-utvekslingsformat-for-bibliografiske-data\/normarc\/#breadcrumb\"},\"inLanguage\":\"nb-NO\",\"potentialAction\":[{\"@type\":\"ReadAction\",\"target\":[\"https:\/\/beta.bibliotekutvikling.no\/kunnskapsorganisering\/marc-utvekslingsformat-for-bibliografiske-data\/normarc\/\"]}]},{\"@type\":\"BreadcrumbList\",\"@id\":\"https:\/\/beta.bibliotekutvikling.no\/kunnskapsorganisering\/marc-utvekslingsformat-for-bibliografiske-data\/normarc\/#breadcrumb\",\"itemListElement\":[{\"@type\":\"ListItem\",\"position\":1,\"name\":\"Home\",\"item\":\"https:\/\/beta.bibliotekutvikling.no\/kunnskapsorganisering\/\"},{\"@type\":\"ListItem\",\"position\":2,\"name\":\"MARC: utvekslingsformat for bibliografiske data\",\"item\":\"https:\/\/beta.bibliotekutvikling.no\/kunnskapsorganisering\/marc-utvekslingsformat-for-bibliografiske-data\/\"},{\"@type\":\"ListItem\",\"position\":3,\"name\":\"NORMARC\"}]},{\"@type\":\"WebSite\",\"@id\":\"https:\/\/beta.bibliotekutvikling.no\/kunnskapsorganisering\/#website\",\"url\":\"https:\/\/beta.bibliotekutvikling.no\/kunnskapsorganisering\/\",\"name\":\"Kunnskapsorganisering\",\"description\":\"Ressurser i kunnskapsorganisering\",\"publisher\":{\"@id\":\"https:\/\/beta.bibliotekutvikling.no\/kunnskapsorganisering\/#organization\"},\"potentialAction\":[{\"@type\":\"SearchAction\",\"target\":{\"@type\":\"EntryPoint\",\"urlTemplate\":\"https:\/\/beta.bibliotekutvikling.no\/kunnskapsorganisering\/?s={search_term_string}\"},\"query-input\":{\"@type\":\"PropertyValueSpecification\",\"valueRequired\":true,\"valueName\":\"search_term_string\"}}],\"inLanguage\":\"nb-NO\"},{\"@type\":\"Organization\",\"@id\":\"https:\/\/beta.bibliotekutvikling.no\/kunnskapsorganisering\/#organization\",\"name\":\"Kunnskapsorganisering\",\"url\":\"https:\/\/beta.bibliotekutvikling.no\/kunnskapsorganisering\/\",\"logo\":{\"@type\":\"ImageObject\",\"inLanguage\":\"nb-NO\",\"@id\":\"https:\/\/beta.bibliotekutvikling.no\/kunnskapsorganisering\/#\/schema\/logo\/image\/\",\"url\":\"https:\/\/bibliotekutvikling.no\/content\/uploads\/sites\/8\/2024\/07\/MiniatyrBilde_logo.png\",\"contentUrl\":\"https:\/\/bibliotekutvikling.no\/content\/uploads\/sites\/8\/2024\/07\/MiniatyrBilde_logo.png\",\"width\":824,\"height\":744,\"caption\":\"Kunnskapsorganisering\"},\"image\":{\"@id\":\"https:\/\/beta.bibliotekutvikling.no\/kunnskapsorganisering\/#\/schema\/logo\/image\/\"}}]}<\/script>\n<!-- \/ Yoast SEO Premium plugin. -->","yoast_head_json":{"title":"NORMARC - Kunnskapsorganisering","robots":{"index":"index","follow":"follow","max-snippet":"max-snippet:-1","max-image-preview":"max-image-preview:large","max-video-preview":"max-video-preview:-1"},"canonical":"https:\/\/beta.bibliotekutvikling.no\/kunnskapsorganisering\/marc-utvekslingsformat-for-bibliografiske-data\/normarc\/","og_locale":"nb_NO","og_type":"article","og_title":"NORMARC","og_url":"https:\/\/beta.bibliotekutvikling.no\/kunnskapsorganisering\/marc-utvekslingsformat-for-bibliografiske-data\/normarc\/","og_site_name":"Kunnskapsorganisering","article_modified_time":"2019-12-13T14:57:37+00:00","twitter_card":"summary_large_image","twitter_misc":{"Ansl. lesetid":"1 minutt"},"schema":{"@context":"https:\/\/schema.org","@graph":[{"@type":"WebPage","@id":"https:\/\/beta.bibliotekutvikling.no\/kunnskapsorganisering\/marc-utvekslingsformat-for-bibliografiske-data\/normarc\/","url":"https:\/\/beta.bibliotekutvikling.no\/kunnskapsorganisering\/marc-utvekslingsformat-for-bibliografiske-data\/normarc\/","name":"NORMARC - Kunnskapsorganisering","isPartOf":{"@id":"https:\/\/beta.bibliotekutvikling.no\/kunnskapsorganisering\/#website"},"datePublished":"2019-12-13T12:41:45+00:00","dateModified":"2019-12-13T14:57:37+00:00","breadcrumb":{"@id":"https:\/\/beta.bibliotekutvikling.no\/kunnskapsorganisering\/marc-utvekslingsformat-for-bibliografiske-data\/normarc\/#breadcrumb"},"inLanguage":"nb-NO","potentialAction":[{"@type":"ReadAction","target":["https:\/\/beta.bibliotekutvikling.no\/kunnskapsorganisering\/marc-utvekslingsformat-for-bibliografiske-data\/normarc\/"]}]},{"@type":"BreadcrumbList","@id":"https:\/\/beta.bibliotekutvikling.no\/kunnskapsorganisering\/marc-utvekslingsformat-for-bibliografiske-data\/normarc\/#breadcrumb","itemListElement":[{"@type":"ListItem","position":1,"name":"Home","item":"https:\/\/beta.bibliotekutvikling.no\/kunnskapsorganisering\/"},{"@type":"ListItem","position":2,"name":"MARC: utvekslingsformat for bibliografiske data","item":"https:\/\/beta.bibliotekutvikling.no\/kunnskapsorganisering\/marc-utvekslingsformat-for-bibliografiske-data\/"},{"@type":"ListItem","position":3,"name":"NORMARC"}]},{"@type":"WebSite","@id":"https:\/\/beta.bibliotekutvikling.no\/kunnskapsorganisering\/#website","url":"https:\/\/beta.bibliotekutvikling.no\/kunnskapsorganisering\/","name":"Kunnskapsorganisering","description":"Ressurser i kunnskapsorganisering","publisher":{"@id":"https:\/\/beta.bibliotekutvikling.no\/kunnskapsorganisering\/#organization"},"potentialAction":[{"@type":"SearchAction","target":{"@type":"EntryPoint","urlTemplate":"https:\/\/beta.bibliotekutvikling.no\/kunnskapsorganisering\/?s={search_term_string}"},"query-input":{"@type":"PropertyValueSpecification","valueRequired":true,"valueName":"search_term_string"}}],"inLanguage":"nb-NO"},{"@type":"Organization","@id":"https:\/\/beta.bibliotekutvikling.no\/kunnskapsorganisering\/#organization","name":"Kunnskapsorganisering","url":"https:\/\/beta.bibliotekutvikling.no\/kunnskapsorganisering\/","logo":{"@type":"ImageObject","inLanguage":"nb-NO","@id":"https:\/\/beta.bibliotekutvikling.no\/kunnskapsorganisering\/#\/schema\/logo\/image\/","url":"https:\/\/bibliotekutvikling.no\/content\/uploads\/sites\/8\/2024\/07\/MiniatyrBilde_logo.png","contentUrl":"https:\/\/bibliotekutvikling.no\/content\/uploads\/sites\/8\/2024\/07\/MiniatyrBilde_logo.png","width":824,"height":744,"caption":"Kunnskapsorganisering"},"image":{"@id":"https:\/\/beta.bibliotekutvikling.no\/kunnskapsorganisering\/#\/schema\/logo\/image\/"}}]}},"_links":{"self":[{"href":"https:\/\/beta.bibliotekutvikling.no\/kunnskapsorganisering\/wp-json\/wp\/v2\/pages\/894","targetHints":{"allow":["GET"]}}],"collection":[{"href":"https:\/\/beta.bibliotekutvikling.no\/kunnskapsorganisering\/wp-json\/wp\/v2\/pages"}],"about":[{"href":"https:\/\/beta.bibliotekutvikling.no\/kunnskapsorganisering\/wp-json\/wp\/v2\/types\/page"}],"author":[{"embeddable":true,"href":"https:\/\/beta.bibliotekutvikling.no\/kunnskapsorganisering\/wp-json\/wp\/v2\/users\/54"}],"replies":[{"embeddable":true,"href":"https:\/\/beta.bibliotekutvikling.no\/kunnskapsorganisering\/wp-json\/wp\/v2\/comments?post=894"}],"version-history":[{"count":4,"href":"https:\/\/beta.bibliotekutvikling.no\/kunnskapsorganisering\/wp-json\/wp\/v2\/pages\/894\/revisions"}],"predecessor-version":[{"id":910,"href":"https:\/\/beta.bibliotekutvikling.no\/kunnskapsorganisering\/wp-json\/wp\/v2\/pages\/894\/revisions\/910"}],"up":[{"embeddable":true,"href":"https:\/\/beta.bibliotekutvikling.no\/kunnskapsorganisering\/wp-json\/wp\/v2\/pages\/288"}],"wp:attachment":[{"href":"https:\/\/beta.bibliotekutvikling.no\/kunnskapsorganisering\/wp-json\/wp\/v2\/media?parent=894"}],"curies":[{"name":"wp","href":"https:\/\/api.w.org\/{rel}","templated":true}]}}