{"id":12,"date":"2023-05-23T09:47:47","date_gmt":"2023-05-23T07:47:47","guid":{"rendered":"https:\/\/bibliotekutvikling.no\/sharedreading\/?page_id=12"},"modified":"2024-11-12T08:06:24","modified_gmt":"2024-11-12T07:06:24","slug":"bli-leseleder","status":"publish","type":"page","link":"https:\/\/beta.bibliotekutvikling.no\/sharedreading\/shared-reading\/bli-leseleder\/","title":{"rendered":"Bli leseleder"},"content":{"rendered":"<p class=\"t2-ingress wp-block-t2-ingress\">L\u00e6r \u00e5 skape litter\u00e6re pusterom gjennom felles leseopplevelser ved \u00e5 opprette og lede lesegrupper etter metoden shared reading. Det holdes leselederkurs p\u00e5 ulike steder i Norge, b\u00e5de organisert av fylkesbibliotekene og i privat regi. Kurset er p\u00e5 18 timer, vanligvis fordelt over tre dager. Det er plass til tolv deltagere p\u00e5 hvert kurs.<\/p>\n\n\n<h2 class=\"wp-block-heading\">N\u00e5r er neste kurs?<\/h2>\n\n\n\n<p>Informasjon om planlagte kurs blir lagt ut her. Neste kurs er: <\/p>\n\n\n\n\t\t<div class=\"t2-factbox wp-block-t2-factbox\" id=\"t2-factbox\">\n\t\t\t<div class=\"t2-factbox__content\">\n\t\t\t\t<div class=\"t2-factbox__blocks t2-factbox__inner-container is-layout-flow\">\n\t\t\t\t\t\n\n<p><strong>N\u00e5r<\/strong>: 7.-9. januar 2025<br><strong>Sted<\/strong>: Digitalt, p\u00e5 Zoom<br><strong>Kursholdere:<\/strong> Kirsten Muhle og Kari Hortman<\/p>\n\n\n\n<p><strong>Arrang\u00f8rer:<\/strong> <a href=\"https:\/\/www.litteraturforalle.no\/\">Litteratur for alle<\/a> og <a href=\"https:\/\/karihortman.no\/\">Kari Hortman Coach<\/a><br><strong>For<\/strong>: \u00c5pent for alle<br><strong>Pris<\/strong>: Kr 4000<br><strong><a href=\"https:\/\/www.rogfk.no\/Kalender\/CalendarEvent.aspx?Id=1523&amp;lang=1&amp;MId1=7\">Mer informasjon<\/a><a href=\"https:\/\/www.litteraturforalle.no\/kurs\"> og p\u00e5melding<\/a><\/strong><\/p>\n\n\n\n<p><\/p>\n\n\n\t\t\t\t<\/div>\n\t\t\t\t\n\t\t\t<\/div>\n\t\t\t\n\t\t<\/div>\n\n\n<p>Ta gjerne kontakt med <a href=\"https:\/\/bibliotekutvikling.no\/sharedreading\/shared-reading\/om-oss\/fylkeskontakter\/\">fylkeskontakten<\/a> i ditt fylke ang\u00e5ende kurs i din region.<\/p>\n\n\n\n<h2 class=\"wp-block-heading\">Hva l\u00e6rer du p\u00e5 leselederkurs?<\/h2>\n\n\n\n<ul class=\"wp-block-list\">\n<li>Hva som kjennetegner shared reading og bakgrunnen for metoden<\/li>\n\n\n\n<li>Valg og forberedelse av tekst<\/li>\n\n\n\n<li>H\u00f8ytlesningen &#8211; funksjon og teknikker<\/li>\n\n\n\n<li>Hvordan bli bevisst rollen din som leseleder og gruppeleder<\/li>\n\n\n\n<li>Hvordan komme i gang med grupper<\/li>\n<\/ul>\n\n\n\n<p>I l\u00f8pet av kurset vil du f\u00e5 b\u00e5de teoretisk og praktisk kunnskap slik at du ved kursets slutt vil v\u00e6re klar for \u00e5 holde egne lesegrupper.<\/p>\n\n\n\n<h2 class=\"wp-block-heading\">Hvem kan bli leseleder?<\/h2>\n\n\n\n<p>Kurset passer for alle som har en kj\u00e6rlighet til litteratur og er interessert i mennesker. Det holdes kurs for bibliotekarer, helsepersonell, terapeuter, l\u00e6rere, ansatte i barnevernet, frivillige og andre som har en interesse for litteratur og menneskers vekst.<\/p>\n\n\n\n<figure class=\"wp-block-image size-large\"><img loading=\"lazy\" decoding=\"async\" width=\"1024\" height=\"895\" src=\"https:\/\/bibliotekutvikling.no\/content\/uploads\/sites\/27\/2023\/10\/Samlebilde-rapport-\u2013-Kopi-1024x895.png\" alt=\"Bilde av leseledere kurset i forbindelse med prosjektet Litter\u00e6re pusterom - Shared Reading for st\u00f8rre livskvalitet (2019\u20132022).\" class=\"wp-image-527\" srcset=\"https:\/\/beta.bibliotekutvikling.no\/content\/uploads\/sites\/27\/2023\/10\/Samlebilde-rapport-\u2013-Kopi-1024x895.png 1024w, https:\/\/beta.bibliotekutvikling.no\/content\/uploads\/sites\/27\/2023\/10\/Samlebilde-rapport-\u2013-Kopi-300x262.png 300w, https:\/\/beta.bibliotekutvikling.no\/content\/uploads\/sites\/27\/2023\/10\/Samlebilde-rapport-\u2013-Kopi-768x671.png 768w, https:\/\/beta.bibliotekutvikling.no\/content\/uploads\/sites\/27\/2023\/10\/Samlebilde-rapport-\u2013-Kopi-1536x1342.png 1536w, https:\/\/beta.bibliotekutvikling.no\/content\/uploads\/sites\/27\/2023\/10\/Samlebilde-rapport-\u2013-Kopi.png 1544w\" sizes=\"auto, (max-width: 1024px) 100vw, 1024px\" \/><figcaption class=\"wp-element-caption\">Leseledere kurset i forbindelse med prosjektet &laquo;Litter\u00e6re pusterom &#8211; Shared Reading for st\u00f8rre livskvalitet&raquo; (2019\u20132022)<\/figcaption><\/figure>\n","protected":false},"excerpt":{"rendered":"","protected":false},"author":6868,"featured_media":530,"parent":25,"menu_order":0,"comment_status":"closed","ping_status":"closed","template":"","meta":{"nb_hide_title":false,"sub_navigation_option":"","sub_navigation_custom_items":[],"footnotes":""},"class_list":["post-12","page","type-page","status-publish","has-post-thumbnail","hentry"],"yoast_head":"<!-- This site is optimized with the Yoast SEO plugin v27.1.1 - https:\/\/yoast.com\/product\/yoast-seo-wordpress\/ -->\n<title>Bli leseleder - Shared reading<\/title>\n<meta name=\"robots\" content=\"index, follow, max-snippet:-1, max-image-preview:large, max-video-preview:-1\" \/>\n<link rel=\"canonical\" href=\"https:\/\/beta.bibliotekutvikling.no\/sharedreading\/shared-reading\/bli-leseleder\/\" \/>\n<meta property=\"og:locale\" content=\"nb_NO\" \/>\n<meta property=\"og:type\" content=\"article\" \/>\n<meta property=\"og:title\" content=\"Bli leseleder - Shared reading\" \/>\n<meta property=\"og:url\" content=\"https:\/\/beta.bibliotekutvikling.no\/sharedreading\/shared-reading\/bli-leseleder\/\" \/>\n<meta property=\"og:site_name\" content=\"Shared reading\" \/>\n<meta property=\"article:modified_time\" content=\"2024-11-12T07:06:24+00:00\" \/>\n<meta property=\"og:image\" content=\"https:\/\/beta.bibliotekutvikling.no\/content\/uploads\/sites\/27\/2023\/10\/Samlebilde-rapport-\u2013-Kopi-2-1024x672.png\" \/>\n\t<meta property=\"og:image:width\" content=\"1024\" \/>\n\t<meta property=\"og:image:height\" content=\"672\" \/>\n\t<meta property=\"og:image:type\" content=\"image\/png\" \/>\n<meta name=\"twitter:card\" content=\"summary_large_image\" \/>\n<meta name=\"twitter:label1\" content=\"Ansl. lesetid\" \/>\n\t<meta name=\"twitter:data1\" content=\"2 minutter\" \/>\n<script type=\"application\/ld+json\" class=\"yoast-schema-graph\">{\"@context\":\"https:\/\/schema.org\",\"@graph\":[{\"@type\":\"WebPage\",\"@id\":\"https:\/\/beta.bibliotekutvikling.no\/sharedreading\/shared-reading\/bli-leseleder\/\",\"url\":\"https:\/\/beta.bibliotekutvikling.no\/sharedreading\/shared-reading\/bli-leseleder\/\",\"name\":\"Bli leseleder - Shared reading\",\"isPartOf\":{\"@id\":\"https:\/\/beta.bibliotekutvikling.no\/sharedreading\/#website\"},\"primaryImageOfPage\":{\"@id\":\"https:\/\/beta.bibliotekutvikling.no\/sharedreading\/shared-reading\/bli-leseleder\/#primaryimage\"},\"image\":{\"@id\":\"https:\/\/beta.bibliotekutvikling.no\/sharedreading\/shared-reading\/bli-leseleder\/#primaryimage\"},\"thumbnailUrl\":\"https:\/\/beta.bibliotekutvikling.no\/content\/uploads\/sites\/27\/2023\/10\/Samlebilde-rapport-\u2013-Kopi-2.png\",\"datePublished\":\"2023-05-23T07:47:47+00:00\",\"dateModified\":\"2024-11-12T07:06:24+00:00\",\"breadcrumb\":{\"@id\":\"https:\/\/beta.bibliotekutvikling.no\/sharedreading\/shared-reading\/bli-leseleder\/#breadcrumb\"},\"inLanguage\":\"nb-NO\",\"potentialAction\":[{\"@type\":\"ReadAction\",\"target\":[\"https:\/\/beta.bibliotekutvikling.no\/sharedreading\/shared-reading\/bli-leseleder\/\"]}]},{\"@type\":\"ImageObject\",\"inLanguage\":\"nb-NO\",\"@id\":\"https:\/\/beta.bibliotekutvikling.no\/sharedreading\/shared-reading\/bli-leseleder\/#primaryimage\",\"url\":\"https:\/\/beta.bibliotekutvikling.no\/content\/uploads\/sites\/27\/2023\/10\/Samlebilde-rapport-\u2013-Kopi-2.png\",\"contentUrl\":\"https:\/\/beta.bibliotekutvikling.no\/content\/uploads\/sites\/27\/2023\/10\/Samlebilde-rapport-\u2013-Kopi-2.png\",\"width\":1544,\"height\":1014,\"caption\":\"Bilde av leseledere kurset i forbindelse med prosjektet Litter\u00e6re pusterom - Shared Reading for st\u00f8rre livskvalitet (2019\u20132022).\"},{\"@type\":\"BreadcrumbList\",\"@id\":\"https:\/\/beta.bibliotekutvikling.no\/sharedreading\/shared-reading\/bli-leseleder\/#breadcrumb\",\"itemListElement\":[{\"@type\":\"ListItem\",\"position\":1,\"name\":\"Hjem\",\"item\":\"https:\/\/beta.bibliotekutvikling.no\/sharedreading\/\"},{\"@type\":\"ListItem\",\"position\":2,\"name\":\"Shared reading \u2013 samlesing\",\"item\":\"https:\/\/beta.bibliotekutvikling.no\/sharedreading\/\"},{\"@type\":\"ListItem\",\"position\":3,\"name\":\"Bli leseleder\"}]},{\"@type\":\"WebSite\",\"@id\":\"https:\/\/beta.bibliotekutvikling.no\/sharedreading\/#website\",\"url\":\"https:\/\/beta.bibliotekutvikling.no\/sharedreading\/\",\"name\":\"Shared reading\",\"description\":\"\",\"potentialAction\":[{\"@type\":\"SearchAction\",\"target\":{\"@type\":\"EntryPoint\",\"urlTemplate\":\"https:\/\/beta.bibliotekutvikling.no\/sharedreading\/?s={search_term_string}\"},\"query-input\":{\"@type\":\"PropertyValueSpecification\",\"valueRequired\":true,\"valueName\":\"search_term_string\"}}],\"inLanguage\":\"nb-NO\"}]}<\/script>\n<!-- \/ Yoast SEO plugin. -->","yoast_head_json":{"title":"Bli leseleder - Shared reading","robots":{"index":"index","follow":"follow","max-snippet":"max-snippet:-1","max-image-preview":"max-image-preview:large","max-video-preview":"max-video-preview:-1"},"canonical":"https:\/\/beta.bibliotekutvikling.no\/sharedreading\/shared-reading\/bli-leseleder\/","og_locale":"nb_NO","og_type":"article","og_title":"Bli leseleder - Shared reading","og_url":"https:\/\/beta.bibliotekutvikling.no\/sharedreading\/shared-reading\/bli-leseleder\/","og_site_name":"Shared reading","article_modified_time":"2024-11-12T07:06:24+00:00","og_image":[{"width":1024,"height":672,"url":"https:\/\/beta.bibliotekutvikling.no\/content\/uploads\/sites\/27\/2023\/10\/Samlebilde-rapport-\u2013-Kopi-2-1024x672.png","type":"image\/png"}],"twitter_card":"summary_large_image","twitter_misc":{"Ansl. lesetid":"2 minutter"},"schema":{"@context":"https:\/\/schema.org","@graph":[{"@type":"WebPage","@id":"https:\/\/beta.bibliotekutvikling.no\/sharedreading\/shared-reading\/bli-leseleder\/","url":"https:\/\/beta.bibliotekutvikling.no\/sharedreading\/shared-reading\/bli-leseleder\/","name":"Bli leseleder - Shared reading","isPartOf":{"@id":"https:\/\/beta.bibliotekutvikling.no\/sharedreading\/#website"},"primaryImageOfPage":{"@id":"https:\/\/beta.bibliotekutvikling.no\/sharedreading\/shared-reading\/bli-leseleder\/#primaryimage"},"image":{"@id":"https:\/\/beta.bibliotekutvikling.no\/sharedreading\/shared-reading\/bli-leseleder\/#primaryimage"},"thumbnailUrl":"https:\/\/beta.bibliotekutvikling.no\/content\/uploads\/sites\/27\/2023\/10\/Samlebilde-rapport-\u2013-Kopi-2.png","datePublished":"2023-05-23T07:47:47+00:00","dateModified":"2024-11-12T07:06:24+00:00","breadcrumb":{"@id":"https:\/\/beta.bibliotekutvikling.no\/sharedreading\/shared-reading\/bli-leseleder\/#breadcrumb"},"inLanguage":"nb-NO","potentialAction":[{"@type":"ReadAction","target":["https:\/\/beta.bibliotekutvikling.no\/sharedreading\/shared-reading\/bli-leseleder\/"]}]},{"@type":"ImageObject","inLanguage":"nb-NO","@id":"https:\/\/beta.bibliotekutvikling.no\/sharedreading\/shared-reading\/bli-leseleder\/#primaryimage","url":"https:\/\/beta.bibliotekutvikling.no\/content\/uploads\/sites\/27\/2023\/10\/Samlebilde-rapport-\u2013-Kopi-2.png","contentUrl":"https:\/\/beta.bibliotekutvikling.no\/content\/uploads\/sites\/27\/2023\/10\/Samlebilde-rapport-\u2013-Kopi-2.png","width":1544,"height":1014,"caption":"Bilde av leseledere kurset i forbindelse med prosjektet Litter\u00e6re pusterom - Shared Reading for st\u00f8rre livskvalitet (2019\u20132022)."},{"@type":"BreadcrumbList","@id":"https:\/\/beta.bibliotekutvikling.no\/sharedreading\/shared-reading\/bli-leseleder\/#breadcrumb","itemListElement":[{"@type":"ListItem","position":1,"name":"Hjem","item":"https:\/\/beta.bibliotekutvikling.no\/sharedreading\/"},{"@type":"ListItem","position":2,"name":"Shared reading \u2013 samlesing","item":"https:\/\/beta.bibliotekutvikling.no\/sharedreading\/"},{"@type":"ListItem","position":3,"name":"Bli leseleder"}]},{"@type":"WebSite","@id":"https:\/\/beta.bibliotekutvikling.no\/sharedreading\/#website","url":"https:\/\/beta.bibliotekutvikling.no\/sharedreading\/","name":"Shared reading","description":"","potentialAction":[{"@type":"SearchAction","target":{"@type":"EntryPoint","urlTemplate":"https:\/\/beta.bibliotekutvikling.no\/sharedreading\/?s={search_term_string}"},"query-input":{"@type":"PropertyValueSpecification","valueRequired":true,"valueName":"search_term_string"}}],"inLanguage":"nb-NO"}]}},"_links":{"self":[{"href":"https:\/\/beta.bibliotekutvikling.no\/sharedreading\/wp-json\/wp\/v2\/pages\/12","targetHints":{"allow":["GET"]}}],"collection":[{"href":"https:\/\/beta.bibliotekutvikling.no\/sharedreading\/wp-json\/wp\/v2\/pages"}],"about":[{"href":"https:\/\/beta.bibliotekutvikling.no\/sharedreading\/wp-json\/wp\/v2\/types\/page"}],"author":[{"embeddable":true,"href":"https:\/\/beta.bibliotekutvikling.no\/sharedreading\/wp-json\/wp\/v2\/users\/6868"}],"replies":[{"embeddable":true,"href":"https:\/\/beta.bibliotekutvikling.no\/sharedreading\/wp-json\/wp\/v2\/comments?post=12"}],"version-history":[{"count":4,"href":"https:\/\/beta.bibliotekutvikling.no\/sharedreading\/wp-json\/wp\/v2\/pages\/12\/revisions"}],"predecessor-version":[{"id":757,"href":"https:\/\/beta.bibliotekutvikling.no\/sharedreading\/wp-json\/wp\/v2\/pages\/12\/revisions\/757"}],"up":[{"embeddable":true,"href":"https:\/\/beta.bibliotekutvikling.no\/sharedreading\/wp-json\/wp\/v2\/pages\/25"}],"wp:featuredmedia":[{"embeddable":true,"href":"https:\/\/beta.bibliotekutvikling.no\/sharedreading\/wp-json\/wp\/v2\/media\/530"}],"wp:attachment":[{"href":"https:\/\/beta.bibliotekutvikling.no\/sharedreading\/wp-json\/wp\/v2\/media?parent=12"}],"curies":[{"name":"wp","href":"https:\/\/api.w.org\/{rel}","templated":true}]}}