{"id":6,"date":"2023-05-23T09:25:07","date_gmt":"2023-05-23T07:25:07","guid":{"rendered":"https:\/\/bibliotekutvikling.no\/sharedreading\/?page_id=2"},"modified":"2023-12-22T12:39:25","modified_gmt":"2023-12-22T11:39:25","slug":"lesmer","status":"publish","type":"page","link":"https:\/\/beta.bibliotekutvikling.no\/sharedreading\/shared-reading\/lesmer\/","title":{"rendered":"L\u00e6r mer"},"content":{"rendered":"<p class=\"t2-ingress wp-block-t2-ingress\">F\u00f8lg lenkene for \u00e5 l\u00e6re mer om shared reading.<\/p>\n\n\n<h2 class=\"wp-block-heading\">Organisasjoner<\/h2>\n\n\n\n<p><a rel=\"noreferrer noopener\" href=\"https:\/\/www.thereader.org.uk\/\" target=\"_blank\">The Reader<\/a><br>Organisasjonen i Liverpool som har utviklet metoden og utdanner kursholdere<\/p>\n\n\n\n<p><a rel=\"noreferrer noopener\" href=\"https:\/\/www.laeseforeningen.dk\/\" target=\"_blank\">L\u00e6seforeningen<\/a><br>Dansk organisasjon som arbeider for \u00e5 fremme &laquo;guidet f\u00e6llesl\u00e6sning&raquo; som metode<\/p>\n\n\n\n<h2 class=\"wp-block-heading\">Film<\/h2>\n\n\n\n<p><a rel=\"noreferrer noopener\" href=\"https:\/\/www.youtube.com\/watch?v=gl-WJ2pX3J8\" target=\"_blank\">Shared reading<\/a><br>Kort informasjonsfilm laget av Vestfold og Telemark fylkesbibliotek<\/p>\n\n\n\n<figure class=\"wp-block-embed dekode-gtm-iframe-preview is-type-video is-provider-youtube wp-block-embed-youtube wp-embed-aspect-16-9 wp-has-aspect-ratio\"><div class=\"wp-block-embed__wrapper\">\n<iframe title=\"Shared Reading i Vestfold og Telemark\" width=\"500\" height=\"281\" data-cookieconsent=\"marketing\" data-cookieblock-src=\"https:\/\/www.youtube.com\/embed\/gl-WJ2pX3J8?feature=oembed\" frameborder=\"0\" allow=\"accelerometer; autoplay; clipboard-write; encrypted-media; gyroscope; picture-in-picture; web-share\" referrerpolicy=\"strict-origin-when-cross-origin\" allowfullscreen><\/iframe>\n\t\t<div class=\"cookieconsent-optout-marketing dekode-gtm-cookie-consent-video-placeholder\">\n\t\t\t<div class=\"dekode-gtm-cookie-consent is-block-core-embed is-provider-youtube\">\n\t\t\t\t\n\t\t\t<img decoding=\"async\" src=\"https:\/\/i.ytimg.com\/vi\/gl-WJ2pX3J8\/hqdefault.jpg\" alt=\"youtube\" \/>\n\t\t\t\t<div class=\"overlay\">\n\t\t\t\t\t<div class=\"cookie-info\">\n\t\t\t\t\t\t\n<div class=\"wp-block-cover is-light\"><span aria-hidden=\"true\" class=\"wp-block-cover__background has-neutrals-background-hero-background-color has-background-dim-100 has-background-dim\"><\/span><div class=\"wp-block-cover__inner-container has-global-padding is-layout-constrained wp-block-cover-is-layout-constrained\">\n<h2 class=\"wp-block-heading has-text-align-left\">Her skulle det v\u00e6rt en video.<\/h2>\n\n\n\n<p class=\"has-text-align-left\">For \u00e5 se videoen m\u00e5 du gi samtykke til informasjonskapsler fra tredjepartsleverand\u00f8rer. Du kan enkelt endre samtykke her:<\/p>\n\n\n\n<div class=\"wp-block-buttons is-content-justification-left is-layout-flex wp-container-core-buttons-is-layout-fc4fd283 wp-block-buttons-is-layout-flex\">\n<div class=\"wp-block-button dekode-gtm-cookiebot-renew\"><a class=\"wp-block-button__link has-text-align-center wp-element-button\">Endre samtykke<\/a><\/div>\n\n\n\n<div class=\"wp-block-button\"><a class=\"wp-block-button__link wp-element-button\" href=\"https:\/\/beta.bibliotekutvikling.no\/personvernerklaering-for-bibliotekutvikling-no\/\">Personvernerkl\u00e6ring<\/a><\/div>\n<\/div>\n<\/div><\/div>\n\n\t\t\t\t\t<\/div>\n\t\t\t\t<\/div>\n\t\t\t<\/div>\n\t\t<\/div>\n<\/div><\/figure>\n\n\n\n<p><a href=\"https:\/\/www.youtube.com\/watch?v=Z6SUjLEKUHg&amp;t=13168s\">Bibliotekseminaret p\u00e5 Kapittel-festivalen 2021<\/a><\/p>\n\n\n\n<figure class=\"wp-block-embed dekode-gtm-iframe-preview is-type-video is-provider-youtube wp-block-embed-youtube wp-embed-aspect-16-9 wp-has-aspect-ratio\"><div class=\"wp-block-embed__wrapper\">\n<iframe title=\"Bibliotekseminaret: Biblioteket som demokratisk arena. | Shared reading: Kan litteratur redde liv?\" width=\"500\" height=\"281\" data-cookieconsent=\"marketing\" data-cookieblock-src=\"https:\/\/www.youtube.com\/embed\/Z6SUjLEKUHg?start=13168&#038;feature=oembed\" frameborder=\"0\" allow=\"accelerometer; autoplay; clipboard-write; encrypted-media; gyroscope; picture-in-picture; web-share\" referrerpolicy=\"strict-origin-when-cross-origin\" allowfullscreen><\/iframe>\n\t\t<div class=\"cookieconsent-optout-marketing dekode-gtm-cookie-consent-video-placeholder\">\n\t\t\t<div class=\"dekode-gtm-cookie-consent is-block-core-embed is-provider-youtube\">\n\t\t\t\t\n\t\t\t<img decoding=\"async\" src=\"https:\/\/i.ytimg.com\/vi\/Z6SUjLEKUHg\/hqdefault.jpg\" alt=\"youtube\" \/>\n\t\t\t\t<div class=\"overlay\">\n\t\t\t\t\t<div class=\"cookie-info\">\n\t\t\t\t\t\t\n<div class=\"wp-block-cover is-light\"><span aria-hidden=\"true\" class=\"wp-block-cover__background has-neutrals-background-hero-background-color has-background-dim-100 has-background-dim\"><\/span><div class=\"wp-block-cover__inner-container has-global-padding is-layout-constrained wp-block-cover-is-layout-constrained\">\n<h2 class=\"wp-block-heading has-text-align-left\">Her skulle det v\u00e6rt en video.<\/h2>\n\n\n\n<p class=\"has-text-align-left\">For \u00e5 se videoen m\u00e5 du gi samtykke til informasjonskapsler fra tredjepartsleverand\u00f8rer. Du kan enkelt endre samtykke her:<\/p>\n\n\n\n<div class=\"wp-block-buttons is-content-justification-left is-layout-flex wp-container-core-buttons-is-layout-fc4fd283 wp-block-buttons-is-layout-flex\">\n<div class=\"wp-block-button dekode-gtm-cookiebot-renew\"><a class=\"wp-block-button__link has-text-align-center wp-element-button\">Endre samtykke<\/a><\/div>\n\n\n\n<div class=\"wp-block-button\"><a class=\"wp-block-button__link wp-element-button\" href=\"https:\/\/beta.bibliotekutvikling.no\/personvernerklaering-for-bibliotekutvikling-no\/\">Personvernerkl\u00e6ring<\/a><\/div>\n<\/div>\n<\/div><\/div>\n\n\t\t\t\t\t<\/div>\n\t\t\t\t<\/div>\n\t\t\t<\/div>\n\t\t<\/div>\n<\/div><figcaption class=\"wp-element-caption\">Bibliotekseminaret p\u00e5 Kapittel-festivalen 2021: <br>03:39:28: Jane Davis: Developing the Shared Reading movement &#8211; two poems and a look at the last 25 years<br>04:46:40 Kari Hortman: Shared reading i Norge &#8211; litter\u00e6re pusterom i Tr\u00f8ndelag og M\u00f8re og Romsdal <br>05:27:48 Tine Riis Andresen &#8211; Shared reading \u2013 forskning p\u00e5 litteratur og mental helse<\/figcaption><\/figure>\n\n\n\n<h2 class=\"wp-block-heading\">Medier<\/h2>\n\n\n\n<p><a rel=\"noreferrer noopener\" href=\"https:\/\/forskning.no\/boker\/kan-en-bok-endre-livet-ditt\/1695671\" target=\"_blank\">Kan en bok endre livet ditt? <\/a><br>Artikkel p\u00e5 forskning.no med intervju av Synne Sun L\u00f8e og Thor Magnus Tanger\u00e5s<\/p>\n\n\n\n<p><a rel=\"noreferrer noopener\" href=\"https:\/\/www.nrk.no\/kultur\/xl\/litteratur-pa-resept-1.12770165\" target=\"_blank\">Prosa framfor Prozak<\/a><br>Artikkel p\u00e5 nrk.no om shared reading med intervju med blant andre Jane Davis<\/p>\n\n\n\n<p><a rel=\"noreferrer noopener\" href=\"https:\/\/digitalutgave.bokogbibliotek.no\/journal\/2021\/1\/m-266\/Om_%C3%A5_lese_Kafka_sammen_p%C3%A5_Zoom\" target=\"_blank\">Om \u00e5 lese Kafka sammen p\u00e5 Zoom<br><\/a>Artikkel av Mari Vannes i Bok og bibliotek 1\/2021<\/p>\n\n\n\n<p><a rel=\"noreferrer noopener\" href=\"https:\/\/www.bibliotekeneshus.no\/hoytlesning-for-alle\/\" target=\"_blank\">H\u00f8ytlesning for alle<\/a><br>Artikkel fra 2018 p\u00e5 nettsidene til Bibliotekenes hus, med intervju med de f\u00f8rste p\u00e5driverne for metoden i Norge, Linda Schade Andersen, Thor Magnus Tanger\u00e5s og Mari Vannes<\/p>\n\n\n\n<h2 class=\"wp-block-heading\">Podkast<\/h2>\n\n\n\n<p><a rel=\"noreferrer noopener\" href=\"https:\/\/syktfrisk.simplecast.com\/episodes\/les-godt\" target=\"_blank\">Les godt<\/a><br>Episode av podkasten SyktFrisk, med Linda Schade Andersen og Thor Magnus Tanger\u00e5s<\/p>\n\n\n\n<p><a rel=\"noreferrer noopener\" href=\"https:\/\/podcasts.apple.com\/no\/podcast\/hva-er-shared-reading-med-ingrid-ingrid\/id1522702545?i=1000514347896\" target=\"_blank\">Hva er shared reading? med Ingrid &amp; Ingrid<\/a><br>Episode av Haugesund bibliotek sin podkast, med Ingrid Nyg\u00e5rd og Ingrid Bie Helgesen<\/p>\n\n\n\n<h2 class=\"wp-block-heading\">Forskning<\/h2>\n\n\n\n<p><a rel=\"noreferrer noopener\" href=\"https:\/\/skriftserien.oslomet.no\/index.php\/skriftserien\/article\/view\/796\/749\" target=\"_blank\">Shared Reading i Skandinavia &#8211; forskning og praksis<\/a><br>Antologi med forskning p\u00e5 metoden i de skandinaviske landene. Tekstene omhandler shared reading innenfor tre kontekster: mental helse, medborgerskap og (ut-)dannelse. Boken kan kj\u00f8pes, men finnes ogs\u00e5 digitalt i fulltekst<\/p>\n\n\n\n<p><a rel=\"noreferrer noopener\" href=\"https:\/\/www.researchgate.net\/publication\/364995306_Regaining_autonomy_competence_and_relatedness_Experiences_from_two_Shared_Reading_groups_for_people_diagnosed_with_cancer\" target=\"_blank\">Regaining autonomy, competence, and relatedness: Experiences from two Shared Reading groups for people diagnosed with cancer<\/a><br>Forskningsartikkel fra 2022 av Tine Riis Andersen ved Lesesenteret, Universitet i Stavanger<\/p>\n\n\n\n<p><a href=\"https:\/\/www.sciencedirect.com\/science\/article\/pii\/S0304422X23000876\" data-type=\"link\" data-id=\"https:\/\/www.sciencedirect.com\/science\/article\/pii\/S0304422X23000876\">\u201cThe poem has stayed with me\u201d: Continued processing and impact from Shared Reading experiences of people living with cancer<\/a><br>Forskningsartikkel fra 2023 av Tine Riis Andersen ved Lesenteret, Universitetet i Stavanger<\/p>\n\n\n\n<figure class=\"wp-block-image size-large\"><img loading=\"lazy\" decoding=\"async\" width=\"1024\" height=\"685\" src=\"https:\/\/bibliotekutvikling.no\/content\/uploads\/sites\/27\/2023\/06\/Bokmerker-1-1024x685.jpg\" alt=\"\" class=\"wp-image-133\" srcset=\"https:\/\/beta.bibliotekutvikling.no\/content\/uploads\/sites\/27\/2023\/06\/Bokmerker-1-1024x685.jpg 1024w, https:\/\/beta.bibliotekutvikling.no\/content\/uploads\/sites\/27\/2023\/06\/Bokmerker-1-300x201.jpg 300w, https:\/\/beta.bibliotekutvikling.no\/content\/uploads\/sites\/27\/2023\/06\/Bokmerker-1-768x514.jpg 768w, https:\/\/beta.bibliotekutvikling.no\/content\/uploads\/sites\/27\/2023\/06\/Bokmerker-1-1536x1028.jpg 1536w, https:\/\/beta.bibliotekutvikling.no\/content\/uploads\/sites\/27\/2023\/06\/Bokmerker-1-2048x1371.jpg 2048w\" sizes=\"auto, (max-width: 1024px) 100vw, 1024px\" \/><\/figure>\n","protected":false},"excerpt":{"rendered":"","protected":false},"author":2521,"featured_media":115,"parent":25,"menu_order":0,"comment_status":"closed","ping_status":"open","template":"","meta":{"nb_hide_title":false,"sub_navigation_option":"","sub_navigation_custom_items":[],"footnotes":""},"class_list":["post-6","page","type-page","status-publish","has-post-thumbnail","hentry"],"yoast_head":"<!-- This site is optimized with the Yoast SEO plugin v27.1.1 - https:\/\/yoast.com\/product\/yoast-seo-wordpress\/ -->\n<title>L\u00e6r mer - Shared reading<\/title>\n<meta name=\"robots\" content=\"index, follow, max-snippet:-1, max-image-preview:large, max-video-preview:-1\" \/>\n<link rel=\"canonical\" href=\"https:\/\/beta.bibliotekutvikling.no\/sharedreading\/shared-reading\/lesmer\/\" \/>\n<meta property=\"og:locale\" content=\"nb_NO\" \/>\n<meta property=\"og:type\" content=\"article\" \/>\n<meta property=\"og:title\" content=\"L\u00e6r mer - Shared reading\" \/>\n<meta property=\"og:url\" content=\"https:\/\/beta.bibliotekutvikling.no\/sharedreading\/shared-reading\/lesmer\/\" \/>\n<meta property=\"og:site_name\" content=\"Shared reading\" \/>\n<meta property=\"article:modified_time\" content=\"2023-12-22T11:39:25+00:00\" \/>\n<meta property=\"og:image\" content=\"https:\/\/beta.bibliotekutvikling.no\/content\/uploads\/sites\/27\/2023\/06\/Bokmerker-scaled.jpg\" \/>\n\t<meta property=\"og:image:width\" content=\"2560\" \/>\n\t<meta property=\"og:image:height\" content=\"1714\" \/>\n\t<meta property=\"og:image:type\" content=\"image\/jpeg\" \/>\n<meta name=\"twitter:card\" content=\"summary_large_image\" \/>\n<meta name=\"twitter:label1\" content=\"Ansl. lesetid\" \/>\n\t<meta name=\"twitter:data1\" content=\"2 minutter\" \/>\n<script type=\"application\/ld+json\" class=\"yoast-schema-graph\">{\"@context\":\"https:\/\/schema.org\",\"@graph\":[{\"@type\":\"WebPage\",\"@id\":\"https:\/\/beta.bibliotekutvikling.no\/sharedreading\/shared-reading\/lesmer\/\",\"url\":\"https:\/\/beta.bibliotekutvikling.no\/sharedreading\/shared-reading\/lesmer\/\",\"name\":\"L\u00e6r mer - Shared reading\",\"isPartOf\":{\"@id\":\"https:\/\/beta.bibliotekutvikling.no\/sharedreading\/#website\"},\"primaryImageOfPage\":{\"@id\":\"https:\/\/beta.bibliotekutvikling.no\/sharedreading\/shared-reading\/lesmer\/#primaryimage\"},\"image\":{\"@id\":\"https:\/\/beta.bibliotekutvikling.no\/sharedreading\/shared-reading\/lesmer\/#primaryimage\"},\"thumbnailUrl\":\"https:\/\/beta.bibliotekutvikling.no\/content\/uploads\/sites\/27\/2023\/06\/Bokmerker-scaled.jpg\",\"datePublished\":\"2023-05-23T07:25:07+00:00\",\"dateModified\":\"2023-12-22T11:39:25+00:00\",\"breadcrumb\":{\"@id\":\"https:\/\/beta.bibliotekutvikling.no\/sharedreading\/shared-reading\/lesmer\/#breadcrumb\"},\"inLanguage\":\"nb-NO\",\"potentialAction\":[{\"@type\":\"ReadAction\",\"target\":[\"https:\/\/beta.bibliotekutvikling.no\/sharedreading\/shared-reading\/lesmer\/\"]}]},{\"@type\":\"ImageObject\",\"inLanguage\":\"nb-NO\",\"@id\":\"https:\/\/beta.bibliotekutvikling.no\/sharedreading\/shared-reading\/lesmer\/#primaryimage\",\"url\":\"https:\/\/beta.bibliotekutvikling.no\/content\/uploads\/sites\/27\/2023\/06\/Bokmerker-scaled.jpg\",\"contentUrl\":\"https:\/\/beta.bibliotekutvikling.no\/content\/uploads\/sites\/27\/2023\/06\/Bokmerker-scaled.jpg\",\"width\":2560,\"height\":1714,\"caption\":\"Bokmerker\"},{\"@type\":\"BreadcrumbList\",\"@id\":\"https:\/\/beta.bibliotekutvikling.no\/sharedreading\/shared-reading\/lesmer\/#breadcrumb\",\"itemListElement\":[{\"@type\":\"ListItem\",\"position\":1,\"name\":\"Hjem\",\"item\":\"https:\/\/beta.bibliotekutvikling.no\/sharedreading\/\"},{\"@type\":\"ListItem\",\"position\":2,\"name\":\"Shared reading \u2013 samlesing\",\"item\":\"https:\/\/beta.bibliotekutvikling.no\/sharedreading\/\"},{\"@type\":\"ListItem\",\"position\":3,\"name\":\"L\u00e6r mer\"}]},{\"@type\":\"WebSite\",\"@id\":\"https:\/\/beta.bibliotekutvikling.no\/sharedreading\/#website\",\"url\":\"https:\/\/beta.bibliotekutvikling.no\/sharedreading\/\",\"name\":\"Shared reading\",\"description\":\"\",\"potentialAction\":[{\"@type\":\"SearchAction\",\"target\":{\"@type\":\"EntryPoint\",\"urlTemplate\":\"https:\/\/beta.bibliotekutvikling.no\/sharedreading\/?s={search_term_string}\"},\"query-input\":{\"@type\":\"PropertyValueSpecification\",\"valueRequired\":true,\"valueName\":\"search_term_string\"}}],\"inLanguage\":\"nb-NO\"}]}<\/script>\n<!-- \/ Yoast SEO plugin. -->","yoast_head_json":{"title":"L\u00e6r mer - Shared reading","robots":{"index":"index","follow":"follow","max-snippet":"max-snippet:-1","max-image-preview":"max-image-preview:large","max-video-preview":"max-video-preview:-1"},"canonical":"https:\/\/beta.bibliotekutvikling.no\/sharedreading\/shared-reading\/lesmer\/","og_locale":"nb_NO","og_type":"article","og_title":"L\u00e6r mer - Shared reading","og_url":"https:\/\/beta.bibliotekutvikling.no\/sharedreading\/shared-reading\/lesmer\/","og_site_name":"Shared reading","article_modified_time":"2023-12-22T11:39:25+00:00","og_image":[{"width":2560,"height":1714,"url":"https:\/\/beta.bibliotekutvikling.no\/content\/uploads\/sites\/27\/2023\/06\/Bokmerker-scaled.jpg","type":"image\/jpeg"}],"twitter_card":"summary_large_image","twitter_misc":{"Ansl. lesetid":"2 minutter"},"schema":{"@context":"https:\/\/schema.org","@graph":[{"@type":"WebPage","@id":"https:\/\/beta.bibliotekutvikling.no\/sharedreading\/shared-reading\/lesmer\/","url":"https:\/\/beta.bibliotekutvikling.no\/sharedreading\/shared-reading\/lesmer\/","name":"L\u00e6r mer - Shared reading","isPartOf":{"@id":"https:\/\/beta.bibliotekutvikling.no\/sharedreading\/#website"},"primaryImageOfPage":{"@id":"https:\/\/beta.bibliotekutvikling.no\/sharedreading\/shared-reading\/lesmer\/#primaryimage"},"image":{"@id":"https:\/\/beta.bibliotekutvikling.no\/sharedreading\/shared-reading\/lesmer\/#primaryimage"},"thumbnailUrl":"https:\/\/beta.bibliotekutvikling.no\/content\/uploads\/sites\/27\/2023\/06\/Bokmerker-scaled.jpg","datePublished":"2023-05-23T07:25:07+00:00","dateModified":"2023-12-22T11:39:25+00:00","breadcrumb":{"@id":"https:\/\/beta.bibliotekutvikling.no\/sharedreading\/shared-reading\/lesmer\/#breadcrumb"},"inLanguage":"nb-NO","potentialAction":[{"@type":"ReadAction","target":["https:\/\/beta.bibliotekutvikling.no\/sharedreading\/shared-reading\/lesmer\/"]}]},{"@type":"ImageObject","inLanguage":"nb-NO","@id":"https:\/\/beta.bibliotekutvikling.no\/sharedreading\/shared-reading\/lesmer\/#primaryimage","url":"https:\/\/beta.bibliotekutvikling.no\/content\/uploads\/sites\/27\/2023\/06\/Bokmerker-scaled.jpg","contentUrl":"https:\/\/beta.bibliotekutvikling.no\/content\/uploads\/sites\/27\/2023\/06\/Bokmerker-scaled.jpg","width":2560,"height":1714,"caption":"Bokmerker"},{"@type":"BreadcrumbList","@id":"https:\/\/beta.bibliotekutvikling.no\/sharedreading\/shared-reading\/lesmer\/#breadcrumb","itemListElement":[{"@type":"ListItem","position":1,"name":"Hjem","item":"https:\/\/beta.bibliotekutvikling.no\/sharedreading\/"},{"@type":"ListItem","position":2,"name":"Shared reading \u2013 samlesing","item":"https:\/\/beta.bibliotekutvikling.no\/sharedreading\/"},{"@type":"ListItem","position":3,"name":"L\u00e6r mer"}]},{"@type":"WebSite","@id":"https:\/\/beta.bibliotekutvikling.no\/sharedreading\/#website","url":"https:\/\/beta.bibliotekutvikling.no\/sharedreading\/","name":"Shared reading","description":"","potentialAction":[{"@type":"SearchAction","target":{"@type":"EntryPoint","urlTemplate":"https:\/\/beta.bibliotekutvikling.no\/sharedreading\/?s={search_term_string}"},"query-input":{"@type":"PropertyValueSpecification","valueRequired":true,"valueName":"search_term_string"}}],"inLanguage":"nb-NO"}]}},"_links":{"self":[{"href":"https:\/\/beta.bibliotekutvikling.no\/sharedreading\/wp-json\/wp\/v2\/pages\/6","targetHints":{"allow":["GET"]}}],"collection":[{"href":"https:\/\/beta.bibliotekutvikling.no\/sharedreading\/wp-json\/wp\/v2\/pages"}],"about":[{"href":"https:\/\/beta.bibliotekutvikling.no\/sharedreading\/wp-json\/wp\/v2\/types\/page"}],"author":[{"embeddable":true,"href":"https:\/\/beta.bibliotekutvikling.no\/sharedreading\/wp-json\/wp\/v2\/users\/2521"}],"replies":[{"embeddable":true,"href":"https:\/\/beta.bibliotekutvikling.no\/sharedreading\/wp-json\/wp\/v2\/comments?post=6"}],"version-history":[{"count":4,"href":"https:\/\/beta.bibliotekutvikling.no\/sharedreading\/wp-json\/wp\/v2\/pages\/6\/revisions"}],"predecessor-version":[{"id":661,"href":"https:\/\/beta.bibliotekutvikling.no\/sharedreading\/wp-json\/wp\/v2\/pages\/6\/revisions\/661"}],"up":[{"embeddable":true,"href":"https:\/\/beta.bibliotekutvikling.no\/sharedreading\/wp-json\/wp\/v2\/pages\/25"}],"wp:featuredmedia":[{"embeddable":true,"href":"https:\/\/beta.bibliotekutvikling.no\/sharedreading\/wp-json\/wp\/v2\/media\/115"}],"wp:attachment":[{"href":"https:\/\/beta.bibliotekutvikling.no\/sharedreading\/wp-json\/wp\/v2\/media?parent=6"}],"curies":[{"name":"wp","href":"https:\/\/api.w.org\/{rel}","templated":true}]}}