{"id":151900,"date":"2020-09-16T15:05:04","date_gmt":"2020-09-16T13:05:04","guid":{"rendered":"https:\/\/bibliotekutvikling.no\/statistikk\/?page_id=151900"},"modified":"2025-01-21T14:15:23","modified_gmt":"2025-01-21T13:15:23","slug":"kostra-grupper","status":"publish","type":"page","link":"https:\/\/beta.bibliotekutvikling.no\/statistikk\/forside\/statistikk-for-folkebibliotek\/kostra-grupper\/","title":{"rendered":"KOSTRA-grupper"},"content":{"rendered":"\n<p>KOSTRA st\u00e5r for Kommune Stat Rapportering. SSB publiserer hvert \u00e5r et omfattende datamateriale om kommunenes \u00f8konomi og tjenester i\u00a0<a href=\"https:\/\/www.ssb.no\/offentlig-sektor?de=KOSTRA\" target=\"_blank\" rel=\"noreferrer noopener\">KOSTRA<\/a>. Dette omfattende materialet er tilgjengelig p\u00e5 SSBs hjemmesider, og inkluderer ogs\u00e5 data fra folkebibliotekstatistikken.<\/p>\n\n\n\n<p> En skal v\u00e6re oppmerksom p\u00e5 at folketallene som brukes i KOSTRA-publiseringen avviker noe fra folketall som brukes i v\u00e5r publisering. Dette inneb\u00e6rer at det kan v\u00e6re mindre forskjeller p\u00e5 indikatorer som gjelder pr. barn\/voksen\/innbygger mellom tall publisert i KOSTRA og hos oss. Det kan ogs\u00e5 v\u00e6re noen mindre forskjeller p\u00e5 aggregerte niv\u00e5er som f\u00f8lge av at Svalbard er inkludert i v\u00e5r publisering av statistikken. <\/p>\n\n\n\n<p>En skal ogs\u00e5 v\u00e6re oppmerksom p\u00e5 at KOSTRA-grupperingen er revidert fra og med statistikken for 2020. Det betyr at KOSTRA-gruppene i v\u00e5re presentasjoner av bibliotekstatistikken for 2021 og 2020 ikke er sammenliknbare med 2019.<\/p>\n\n\n\n<p>I KOSTRA grupperes kommunene dels etter st\u00f8rrelse og dels etter \u00f8konomi, noe som gir et bedre grunnlag for sammenlikninger p\u00e5 tvers av kommuner enn innbyggertall alene. Vi har derfor lagt inn en mulighet for \u00e5 hente ut aggregerte data for KOSTRA-gruppene i v\u00e5r presentasjon av bibliotekstatistikken. KOSTRA-gruppene er delt inn p\u00e5 f\u00f8lgende m\u00e5te fra og med 2020:<\/p>\n\n\n\n<p>KOSTRA-gruppe 1:&nbsp;Kommuner med 2 000 til 9 999 innbyggere, lave bundne kostnader og lave korrigerte inntekter<\/p>\n\n\n\n<p>KOSTRA-gruppe 2:&nbsp;Kommuner med 2 000 til 9 999 innbyggere, lave bundne kostnader og middels korrigerte inntekter<\/p>\n\n\n\n<p>KOSTRA-gruppe 3:&nbsp;Kommuner med 2 000 til 9 999 innbyggere, lave bundne kostnader og h\u00f8ye korrigerte inntekter<\/p>\n\n\n\n<p>KOSTRA-gruppe 4:&nbsp;Kommuner med 2 000 til 9 999 innbyggere, h\u00f8ye bundne kostnader og lave korrigerte inntekter<\/p>\n\n\n\n<p>KOSTRA-gruppe 5:&nbsp;Kommuner med 2 000 til 9 999 innbyggere, h\u00f8ye bundne kostnader og middels korrigerte inntekter<\/p>\n\n\n\n<p>KOSTRA-gruppe 6:&nbsp;Kommuner med 2 000 til 9 999 innbyggere, h\u00f8ye bundne kostnader og h\u00f8ye korrigerte inntekter<\/p>\n\n\n\n<p>KOSTRA-gruppe 7:&nbsp;Kommuner med 10 000 til 19 999 innbyggere og lave korrigerte inntekter<\/p>\n\n\n\n<p>KOSTRA-gruppe 8:&nbsp;Kommuner med 10 000 til 19 999 innbyggere og middels eller h\u00f8ye korrigerte inntekter<\/p>\n\n\n\n<p>KOSTRA-gruppe 9:&nbsp;Kommuner med 20 000 til 29 999 innbyggere<\/p>\n\n\n\n<p>KOSTRA-gruppe 10:&nbsp;Kommuner med 30 000 til 44 999 innbyggere<\/p>\n\n\n\n<p>KOSTRA-gruppe 11:&nbsp;Kommuner med 45 000 til 74 999 innbyggere<\/p>\n\n\n\n<p>KOSTRA-gruppe 12:&nbsp;Kommuner med 75 000 til 300 000 innbyggere<\/p>\n\n\n\n<p>KOSTRA-gruppe 13:&nbsp;Oslo kommune<\/p>\n\n\n\n<p>KOSTRA-gruppe 14:&nbsp;Kommuner med 600 til 1 999 innbyggere og lave eller middels korrigerte inntekter<\/p>\n\n\n\n<p>KOSTRA-gruppe 15:&nbsp;Kommuner med 600 til 1 999 innbyggere og h\u00f8ye korrigerte inntekter<\/p>\n\n\n\n<p>KOSTRA-gruppe 16:&nbsp;Kommuner med under 600 innbyggere<\/p>\n\n\n\n<p>KOSTRA-gruppe 17:&nbsp;De \u00e5tte kommunene med h\u00f8yest skatteinntekter per innbygger<\/p>\n\n\n\n<p>Informasjon om KOSTRA-gruppene fra og med 2020 er tilgjengelige p\u00e5<a href=\"https:\/\/www.ssb.no\/offentlig-sektor\/artikler-og-publikasjoner\/_attachment\/439744?_ts=177cdffee70\"> SSBs hjemmesider<\/a>.&nbsp;Se oversikt over hvilke KOSTRA-grupper de ulike kommunene tilh\u00f8rer p\u00e5 side 52-60.<\/p>\n","protected":false},"excerpt":{"rendered":"","protected":false},"author":54,"featured_media":0,"parent":151841,"menu_order":0,"comment_status":"closed","ping_status":"closed","template":"","meta":{"_relevanssi_hide_post":"","_relevanssi_hide_content":"","_relevanssi_pin_for_all":"","_relevanssi_pin_keywords":"","_relevanssi_unpin_keywords":"","_relevanssi_related_keywords":"","_relevanssi_related_include_ids":"","_relevanssi_related_exclude_ids":"","_relevanssi_related_no_append":"","_relevanssi_related_not_related":"","_relevanssi_related_posts":"144159,1,151839,144160","_relevanssi_noindex_reason":"","nb_hide_title":false,"sub_navigation_option":"","sub_navigation_custom_items":null,"footnotes":""},"class_list":["post-151900","page","type-page","status-publish","hentry"],"yoast_head":"<!-- This site is optimized with the Yoast SEO plugin v27.1.1 - https:\/\/yoast.com\/product\/yoast-seo-wordpress\/ -->\n<title>KOSTRA-grupper - Statistikk<\/title>\n<meta name=\"description\" content=\"KOSTRA st\u00e5r for Kommune Stat Rapportering. SSB publiserer hvert \u00e5r et omfattende datamateriale om kommunenes \u00f8konomi og tjenester i\u00a0KOSTRA.\" \/>\n<meta name=\"robots\" content=\"index, follow, max-snippet:-1, max-image-preview:large, max-video-preview:-1\" \/>\n<link rel=\"canonical\" href=\"https:\/\/beta.bibliotekutvikling.no\/statistikk\/forside\/statistikk-for-folkebibliotek\/kostra-grupper\/\" \/>\n<meta property=\"og:locale\" content=\"nb_NO\" \/>\n<meta property=\"og:type\" content=\"article\" \/>\n<meta property=\"og:title\" content=\"KOSTRA-grupper - Statistikk\" \/>\n<meta property=\"og:description\" content=\"KOSTRA st\u00e5r for Kommune Stat Rapportering. SSB publiserer hvert \u00e5r et omfattende datamateriale om kommunenes \u00f8konomi og tjenester i\u00a0KOSTRA.\" \/>\n<meta property=\"og:url\" content=\"https:\/\/beta.bibliotekutvikling.no\/statistikk\/forside\/statistikk-for-folkebibliotek\/kostra-grupper\/\" \/>\n<meta property=\"og:site_name\" content=\"Statistikk\" \/>\n<meta property=\"article:publisher\" content=\"https:\/\/www.facebook.com\/bibliotekutvikling\/\" \/>\n<meta property=\"article:modified_time\" content=\"2025-01-21T13:15:23+00:00\" \/>\n<meta name=\"twitter:card\" content=\"summary_large_image\" \/>\n<meta name=\"twitter:label1\" content=\"Ansl. lesetid\" \/>\n\t<meta name=\"twitter:data1\" content=\"3 minutter\" \/>\n<script type=\"application\/ld+json\" class=\"yoast-schema-graph\">{\"@context\":\"https:\/\/schema.org\",\"@graph\":[{\"@type\":\"WebPage\",\"@id\":\"https:\/\/beta.bibliotekutvikling.no\/statistikk\/forside\/statistikk-for-folkebibliotek\/kostra-grupper\/\",\"url\":\"https:\/\/beta.bibliotekutvikling.no\/statistikk\/forside\/statistikk-for-folkebibliotek\/kostra-grupper\/\",\"name\":\"KOSTRA-grupper - Statistikk\",\"isPartOf\":{\"@id\":\"https:\/\/beta.bibliotekutvikling.no\/statistikk\/#website\"},\"datePublished\":\"2020-09-16T13:05:04+00:00\",\"dateModified\":\"2025-01-21T13:15:23+00:00\",\"description\":\"KOSTRA st\u00e5r for Kommune Stat Rapportering. SSB publiserer hvert \u00e5r et omfattende datamateriale om kommunenes \u00f8konomi og tjenester i\u00a0KOSTRA.\",\"breadcrumb\":{\"@id\":\"https:\/\/beta.bibliotekutvikling.no\/statistikk\/forside\/statistikk-for-folkebibliotek\/kostra-grupper\/#breadcrumb\"},\"inLanguage\":\"nb-NO\",\"potentialAction\":[{\"@type\":\"ReadAction\",\"target\":[\"https:\/\/beta.bibliotekutvikling.no\/statistikk\/forside\/statistikk-for-folkebibliotek\/kostra-grupper\/\"]}]},{\"@type\":\"BreadcrumbList\",\"@id\":\"https:\/\/beta.bibliotekutvikling.no\/statistikk\/forside\/statistikk-for-folkebibliotek\/kostra-grupper\/#breadcrumb\",\"itemListElement\":[{\"@type\":\"ListItem\",\"position\":1,\"name\":\"Home\",\"item\":\"https:\/\/beta.bibliotekutvikling.no\/statistikk\/\"},{\"@type\":\"ListItem\",\"position\":2,\"name\":\"Bibliotekstatistikk\",\"item\":\"https:\/\/beta.bibliotekutvikling.no\/statistikk\/\"},{\"@type\":\"ListItem\",\"position\":3,\"name\":\"Statistikk for folkebibliotek\",\"item\":\"https:\/\/beta.bibliotekutvikling.no\/statistikk\/forside\/statistikk-for-folkebibliotek\/\"},{\"@type\":\"ListItem\",\"position\":4,\"name\":\"KOSTRA-grupper\"}]},{\"@type\":\"WebSite\",\"@id\":\"https:\/\/beta.bibliotekutvikling.no\/statistikk\/#website\",\"url\":\"https:\/\/beta.bibliotekutvikling.no\/statistikk\/\",\"name\":\"Statistikk\",\"description\":\"\",\"potentialAction\":[{\"@type\":\"SearchAction\",\"target\":{\"@type\":\"EntryPoint\",\"urlTemplate\":\"https:\/\/beta.bibliotekutvikling.no\/statistikk\/?s={search_term_string}\"},\"query-input\":{\"@type\":\"PropertyValueSpecification\",\"valueRequired\":true,\"valueName\":\"search_term_string\"}}],\"inLanguage\":\"nb-NO\"}]}<\/script>\n<!-- \/ Yoast SEO plugin. -->","yoast_head_json":{"title":"KOSTRA-grupper - Statistikk","description":"KOSTRA st\u00e5r for Kommune Stat Rapportering. SSB publiserer hvert \u00e5r et omfattende datamateriale om kommunenes \u00f8konomi og tjenester i\u00a0KOSTRA.","robots":{"index":"index","follow":"follow","max-snippet":"max-snippet:-1","max-image-preview":"max-image-preview:large","max-video-preview":"max-video-preview:-1"},"canonical":"https:\/\/beta.bibliotekutvikling.no\/statistikk\/forside\/statistikk-for-folkebibliotek\/kostra-grupper\/","og_locale":"nb_NO","og_type":"article","og_title":"KOSTRA-grupper - Statistikk","og_description":"KOSTRA st\u00e5r for Kommune Stat Rapportering. SSB publiserer hvert \u00e5r et omfattende datamateriale om kommunenes \u00f8konomi og tjenester i\u00a0KOSTRA.","og_url":"https:\/\/beta.bibliotekutvikling.no\/statistikk\/forside\/statistikk-for-folkebibliotek\/kostra-grupper\/","og_site_name":"Statistikk","article_publisher":"https:\/\/www.facebook.com\/bibliotekutvikling\/","article_modified_time":"2025-01-21T13:15:23+00:00","twitter_card":"summary_large_image","twitter_misc":{"Ansl. lesetid":"3 minutter"},"schema":{"@context":"https:\/\/schema.org","@graph":[{"@type":"WebPage","@id":"https:\/\/beta.bibliotekutvikling.no\/statistikk\/forside\/statistikk-for-folkebibliotek\/kostra-grupper\/","url":"https:\/\/beta.bibliotekutvikling.no\/statistikk\/forside\/statistikk-for-folkebibliotek\/kostra-grupper\/","name":"KOSTRA-grupper - Statistikk","isPartOf":{"@id":"https:\/\/beta.bibliotekutvikling.no\/statistikk\/#website"},"datePublished":"2020-09-16T13:05:04+00:00","dateModified":"2025-01-21T13:15:23+00:00","description":"KOSTRA st\u00e5r for Kommune Stat Rapportering. SSB publiserer hvert \u00e5r et omfattende datamateriale om kommunenes \u00f8konomi og tjenester i\u00a0KOSTRA.","breadcrumb":{"@id":"https:\/\/beta.bibliotekutvikling.no\/statistikk\/forside\/statistikk-for-folkebibliotek\/kostra-grupper\/#breadcrumb"},"inLanguage":"nb-NO","potentialAction":[{"@type":"ReadAction","target":["https:\/\/beta.bibliotekutvikling.no\/statistikk\/forside\/statistikk-for-folkebibliotek\/kostra-grupper\/"]}]},{"@type":"BreadcrumbList","@id":"https:\/\/beta.bibliotekutvikling.no\/statistikk\/forside\/statistikk-for-folkebibliotek\/kostra-grupper\/#breadcrumb","itemListElement":[{"@type":"ListItem","position":1,"name":"Home","item":"https:\/\/beta.bibliotekutvikling.no\/statistikk\/"},{"@type":"ListItem","position":2,"name":"Bibliotekstatistikk","item":"https:\/\/beta.bibliotekutvikling.no\/statistikk\/"},{"@type":"ListItem","position":3,"name":"Statistikk for folkebibliotek","item":"https:\/\/beta.bibliotekutvikling.no\/statistikk\/forside\/statistikk-for-folkebibliotek\/"},{"@type":"ListItem","position":4,"name":"KOSTRA-grupper"}]},{"@type":"WebSite","@id":"https:\/\/beta.bibliotekutvikling.no\/statistikk\/#website","url":"https:\/\/beta.bibliotekutvikling.no\/statistikk\/","name":"Statistikk","description":"","potentialAction":[{"@type":"SearchAction","target":{"@type":"EntryPoint","urlTemplate":"https:\/\/beta.bibliotekutvikling.no\/statistikk\/?s={search_term_string}"},"query-input":{"@type":"PropertyValueSpecification","valueRequired":true,"valueName":"search_term_string"}}],"inLanguage":"nb-NO"}]}},"_links":{"self":[{"href":"https:\/\/beta.bibliotekutvikling.no\/statistikk\/wp-json\/wp\/v2\/pages\/151900","targetHints":{"allow":["GET"]}}],"collection":[{"href":"https:\/\/beta.bibliotekutvikling.no\/statistikk\/wp-json\/wp\/v2\/pages"}],"about":[{"href":"https:\/\/beta.bibliotekutvikling.no\/statistikk\/wp-json\/wp\/v2\/types\/page"}],"author":[{"embeddable":true,"href":"https:\/\/beta.bibliotekutvikling.no\/statistikk\/wp-json\/wp\/v2\/users\/54"}],"replies":[{"embeddable":true,"href":"https:\/\/beta.bibliotekutvikling.no\/statistikk\/wp-json\/wp\/v2\/comments?post=151900"}],"version-history":[{"count":4,"href":"https:\/\/beta.bibliotekutvikling.no\/statistikk\/wp-json\/wp\/v2\/pages\/151900\/revisions"}],"predecessor-version":[{"id":291172,"href":"https:\/\/beta.bibliotekutvikling.no\/statistikk\/wp-json\/wp\/v2\/pages\/151900\/revisions\/291172"}],"up":[{"embeddable":true,"href":"https:\/\/beta.bibliotekutvikling.no\/statistikk\/wp-json\/wp\/v2\/pages\/151841"}],"wp:attachment":[{"href":"https:\/\/beta.bibliotekutvikling.no\/statistikk\/wp-json\/wp\/v2\/media?parent=151900"}],"curies":[{"name":"wp","href":"https:\/\/api.w.org\/{rel}","templated":true}]}}