{"id":151987,"date":"2021-01-06T14:01:00","date_gmt":"2021-01-06T13:01:00","guid":{"rendered":"https:\/\/bibliotekutvikling.no\/statistikk\/?page_id=151987"},"modified":"2025-01-16T16:18:49","modified_gmt":"2025-01-16T15:18:49","slug":"rapportering","status":"publish","type":"page","link":"https:\/\/beta.bibliotekutvikling.no\/statistikk\/forside\/rapportering\/","title":{"rendered":"Innrapportering av statistikk for 2024"},"content":{"rendered":"\n<p class=\"has-primary-50-background-color has-background\">Vi \u00e5pner skjema for innsamlingen av bibliotekstatistikken for 2024 i uke 5. Dette gjelder for folkebiblioteksektoren og fag- og forskningsbibliotekene. Fristen for innlevering er 27. februar.<\/p>\n\n\n\n<p>Du m\u00e5 v\u00e6re innlogget og tilknyttet et bibliotek for \u00e5 levere statistikk.&nbsp;<a href=\"https:\/\/bibliotekutvikling.no\/wp\/wp-login.php?redirect_to=https%3A%2F%2Fbibliotekutvikling.no%2F\">Logg inn<\/a>&nbsp;eller&nbsp;<a href=\"https:\/\/bibliotekutvikling.no\/statistikk\/wp-login.php?action=register\">registrer deg her<\/a><\/p>\n\n\n\n<h2 class=\"wp-block-heading\">Hvordan levere inn statistikk?<\/h2>\n\n\n\n<p>For \u00e5 levere statistikk m\u00e5 du v\u00e6re innlogget p\u00e5 bibliotekutvikling.no og knyttet opp til det biblioteket som skal rapportere statistikken. Det vil si at bibliotekleder, eller andre som administrerer rettigheter, m\u00e5 ha godkjent deg som skal ha tilgang til statistikkskjemaene. <\/p>\n\n\n\n<p>Dersom du leverte statistikk i fjor er du sannsynligvis godkjent fra f\u00f8r, og trenger ikke ny godkjenning. Dersom du ikke er godkjent, kan du be om dette i prosessen med \u00e5 levere statistikk.<\/p>\n\n\n\n<p>N\u00e5r du er p\u00e5logget, finner du statistikk for eget\/egne bibliotek under \u00abMin side\u00bb og \u00abMine statistikkskjema\u00bb. Denne muligheten er ikke synlig med mindre du er p\u00e5logget. Dersom du har endret e-postadresse og\/eller trenger hjelp til \u00e5 oppdatere brukerprofilen din, kan du sende en e-post til <a href=\"mailto:nett.bibliotekutvikling@nb.no\">nett.bibliotekutvikling@nb.no<\/a><\/p>\n\n\n\n<p class=\"has-primary-50-background-color has-background\">Vi har lagt ut en\u00a0<a href=\"https:\/\/bibliotekutvikling.no\/statistikk\/rapportering\/forhandsvisning\">forh\u00e5ndsvisning<\/a>\u00a0av skjemaene med veiledningstekster. <br>Tilgang til disse skjemaene krever ikke p\u00e5logging, og er \u00e5pne for alle.<\/p>\n\n\n\n<h2 class=\"wp-block-heading\">Frister<\/h2>\n\n\n\n<ul class=\"wp-block-list\">\n<li>Fag- og forskningsbibliotek: 27. februar 2025<\/li>\n\n\n\n<li>Folkebibliotek: 27. februar 2025<\/li>\n\n\n\n<li>Mobile bibliotek: 27. februar 2025<\/li>\n\n\n\n<li>Fengselsbibliotek: 27. februar 2025<\/li>\n\n\n\n<li>Fylkesbibliotek, eget skjema: 3. april 2025<\/li>\n\n\n\n<li>Fylkesbibliotek, kontroll av statistikk for folkebibliotek og mobile bibliotek: 3. april 2025<\/li>\n<\/ul>\n\n\n\n<h2 class=\"wp-block-heading\">Fylkesbibliotekenes kontroll av statistikken<\/h2>\n\n\n\n<p>Fylkesbibliotekene kontrollerer tallene for folkebibliotekene i fylket etter at folkebibliotekene har fullf\u00f8rt sin registering.\u00a0Fylkesbibliotek f\u00e5r tilgang til en oversikt over bibliotekene de skal kontrollere, med tilgang til deres skjema og mulighet til \u00e5 ta ut rapporter. Dette gj\u00f8r de under \u00ab<em>Kontrollere<\/em>\u00bb. Denne tilgangen er bare synlig hvis du er p\u00e5logget og tilknyttet et fylkesbibliotek.<\/p>\n\n\n\n<h2 class=\"wp-block-heading is-style-default\">Historiske skjema<\/h2>\n\n\n\n<p><a href=\"https:\/\/bibliotekutvikling.no\/statistikk\/rapportering\/forhandsvisning\/\">Skjema med veiledninger fra og med 2018 for alle bibliotektyper <\/a>(html).<\/p>\n\n\n\n<p><a href=\"https:\/\/bibliotekutvikling.no\/statistikk\/forside\/statistikk-for-folkebibliotek\/fengselsbibliotek\/historiske-skjema-og-veiledninger\/\">Skjema og veiledninger &#8211; Folkebibliotek 2010- 2017(pdf)<\/a><br><a href=\"https:\/\/bibliotekutvikling.no\/statistikk\/forside\/statistikk-for-folkebibliotek\/mobile-bibliotek\/historiske-skjemaer-og-veiledninger-for-mobile-bibliotek\/\">Skjema og veiledninger &#8211; Mobile bibliotek 2010-2017(pdf)<\/a><br><a href=\"https:\/\/bibliotekutvikling.no\/statistikk\/forside\/statistikk-for-folkebibliotek-2__trashed\/arkiv-statistikk-for-folkebibliotek\/historiske-skjemaer-for-fengselsbibliotek\/\">Skjema og veiledninger-Fengselsbibliotek 2010-2017(pdf)<\/a><br><a href=\"https:\/\/bibliotekutvikling.no\/statistikk\/forside\/statistikk-for-folkebibliotek\/fylkesbibliotek\/historiske-skjemaer-for-fylkesbibliotek\/\">Skjema og veiledninger &#8211; Fylkesbibliotek 2010-2017(pdf)<\/a><br><a href=\"https:\/\/bibliotekutvikling.no\/statistikk\/forside\/statistikk-for-fag-og-forskningsbibliotek\/historiske-skjema-og-veiledninger-for-fagbibliotek-2010-2017\/\">Skjema og veiledninger- Fag- og forskningsbibliotek 2010-2017(pdf)<\/a><\/p>\n\n\n\n<p class=\"is-style-default\">*Fra 2018 ble rapporteringen overf\u00f8rt til ett nytt system, derav to ulike innganger til de historiske skjemaene og veiledningene.<\/p>\n\n\n\n<h2 class=\"wp-block-heading\">Skolebibliotek<\/h2>\n\n\n\n<p>Etter <a href=\"https:\/\/bibliotekutvikling.no\/2022\/08\/12\/endring-i-forskrift-om-bibliotekstatistikk-er-fastsatt\/\">endring av forskrift om bibliotekstatistikk <\/a>samler ikke Nasjonalbiblioteket inn statistikk for skolebibliotekene i grunnskole og videreg\u00e5ende skole.<\/p>\n","protected":false},"excerpt":{"rendered":"","protected":false},"author":54,"featured_media":148716,"parent":2,"menu_order":0,"comment_status":"closed","ping_status":"closed","template":"","meta":{"_relevanssi_hide_post":"","_relevanssi_hide_content":"","_relevanssi_pin_for_all":"","_relevanssi_pin_keywords":"","_relevanssi_unpin_keywords":"","_relevanssi_related_keywords":"","_relevanssi_related_include_ids":"","_relevanssi_related_exclude_ids":"","_relevanssi_related_no_append":"","_relevanssi_related_not_related":"","_relevanssi_related_posts":"151839,144160,144159,1","_relevanssi_noindex_reason":"","nb_hide_title":false,"sub_navigation_option":"","sub_navigation_custom_items":null,"footnotes":""},"class_list":["post-151987","page","type-page","status-publish","has-post-thumbnail","hentry"],"yoast_head":"<!-- This site is optimized with the Yoast SEO plugin v27.1.1 - https:\/\/yoast.com\/product\/yoast-seo-wordpress\/ -->\n<title>Innrapportering av statistikk for 2024 - Statistikk<\/title>\n<meta name=\"robots\" content=\"index, follow, max-snippet:-1, max-image-preview:large, max-video-preview:-1\" \/>\n<link rel=\"canonical\" href=\"https:\/\/beta.bibliotekutvikling.no\/statistikk\/forside\/rapportering\/\" \/>\n<meta property=\"og:locale\" content=\"nb_NO\" \/>\n<meta property=\"og:type\" content=\"article\" \/>\n<meta property=\"og:title\" content=\"Innrapportering av statistikk for 2024 - Statistikk\" \/>\n<meta property=\"og:url\" content=\"https:\/\/beta.bibliotekutvikling.no\/statistikk\/forside\/rapportering\/\" \/>\n<meta property=\"og:site_name\" content=\"Statistikk\" \/>\n<meta property=\"article:publisher\" content=\"https:\/\/www.facebook.com\/bibliotekutvikling\/\" \/>\n<meta property=\"article:modified_time\" content=\"2025-01-16T15:18:49+00:00\" \/>\n<meta property=\"og:image\" content=\"https:\/\/beta.bibliotekutvikling.no\/content\/uploads\/sites\/2\/2020\/01\/Nittedal_bibliotek_NETT-8.jpg\" \/>\n\t<meta property=\"og:image:width\" content=\"2500\" \/>\n\t<meta property=\"og:image:height\" content=\"1669\" \/>\n\t<meta property=\"og:image:type\" content=\"image\/jpeg\" \/>\n<meta name=\"twitter:card\" content=\"summary_large_image\" \/>\n<meta name=\"twitter:label1\" content=\"Ansl. lesetid\" \/>\n\t<meta name=\"twitter:data1\" content=\"3 minutter\" \/>\n<script type=\"application\/ld+json\" class=\"yoast-schema-graph\">{\"@context\":\"https:\/\/schema.org\",\"@graph\":[{\"@type\":\"WebPage\",\"@id\":\"https:\/\/beta.bibliotekutvikling.no\/statistikk\/forside\/rapportering\/\",\"url\":\"https:\/\/beta.bibliotekutvikling.no\/statistikk\/forside\/rapportering\/\",\"name\":\"Innrapportering av statistikk for 2024 - Statistikk\",\"isPartOf\":{\"@id\":\"https:\/\/beta.bibliotekutvikling.no\/statistikk\/#website\"},\"primaryImageOfPage\":{\"@id\":\"https:\/\/beta.bibliotekutvikling.no\/statistikk\/forside\/rapportering\/#primaryimage\"},\"image\":{\"@id\":\"https:\/\/beta.bibliotekutvikling.no\/statistikk\/forside\/rapportering\/#primaryimage\"},\"thumbnailUrl\":\"https:\/\/beta.bibliotekutvikling.no\/content\/uploads\/sites\/2\/2020\/01\/Nittedal_bibliotek_NETT-8.jpg\",\"datePublished\":\"2021-01-06T13:01:00+00:00\",\"dateModified\":\"2025-01-16T15:18:49+00:00\",\"breadcrumb\":{\"@id\":\"https:\/\/beta.bibliotekutvikling.no\/statistikk\/forside\/rapportering\/#breadcrumb\"},\"inLanguage\":\"nb-NO\",\"potentialAction\":[{\"@type\":\"ReadAction\",\"target\":[\"https:\/\/beta.bibliotekutvikling.no\/statistikk\/forside\/rapportering\/\"]}]},{\"@type\":\"ImageObject\",\"inLanguage\":\"nb-NO\",\"@id\":\"https:\/\/beta.bibliotekutvikling.no\/statistikk\/forside\/rapportering\/#primaryimage\",\"url\":\"https:\/\/beta.bibliotekutvikling.no\/content\/uploads\/sites\/2\/2020\/01\/Nittedal_bibliotek_NETT-8.jpg\",\"contentUrl\":\"https:\/\/beta.bibliotekutvikling.no\/content\/uploads\/sites\/2\/2020\/01\/Nittedal_bibliotek_NETT-8.jpg\",\"width\":2500,\"height\":1669},{\"@type\":\"BreadcrumbList\",\"@id\":\"https:\/\/beta.bibliotekutvikling.no\/statistikk\/forside\/rapportering\/#breadcrumb\",\"itemListElement\":[{\"@type\":\"ListItem\",\"position\":1,\"name\":\"Home\",\"item\":\"https:\/\/beta.bibliotekutvikling.no\/statistikk\/\"},{\"@type\":\"ListItem\",\"position\":2,\"name\":\"Bibliotekstatistikk\",\"item\":\"https:\/\/beta.bibliotekutvikling.no\/statistikk\/\"},{\"@type\":\"ListItem\",\"position\":3,\"name\":\"Innrapportering av statistikk for 2024\"}]},{\"@type\":\"WebSite\",\"@id\":\"https:\/\/beta.bibliotekutvikling.no\/statistikk\/#website\",\"url\":\"https:\/\/beta.bibliotekutvikling.no\/statistikk\/\",\"name\":\"Statistikk\",\"description\":\"\",\"potentialAction\":[{\"@type\":\"SearchAction\",\"target\":{\"@type\":\"EntryPoint\",\"urlTemplate\":\"https:\/\/beta.bibliotekutvikling.no\/statistikk\/?s={search_term_string}\"},\"query-input\":{\"@type\":\"PropertyValueSpecification\",\"valueRequired\":true,\"valueName\":\"search_term_string\"}}],\"inLanguage\":\"nb-NO\"}]}<\/script>\n<!-- \/ Yoast SEO plugin. -->","yoast_head_json":{"title":"Innrapportering av statistikk for 2024 - Statistikk","robots":{"index":"index","follow":"follow","max-snippet":"max-snippet:-1","max-image-preview":"max-image-preview:large","max-video-preview":"max-video-preview:-1"},"canonical":"https:\/\/beta.bibliotekutvikling.no\/statistikk\/forside\/rapportering\/","og_locale":"nb_NO","og_type":"article","og_title":"Innrapportering av statistikk for 2024 - Statistikk","og_url":"https:\/\/beta.bibliotekutvikling.no\/statistikk\/forside\/rapportering\/","og_site_name":"Statistikk","article_publisher":"https:\/\/www.facebook.com\/bibliotekutvikling\/","article_modified_time":"2025-01-16T15:18:49+00:00","og_image":[{"width":2500,"height":1669,"url":"https:\/\/beta.bibliotekutvikling.no\/content\/uploads\/sites\/2\/2020\/01\/Nittedal_bibliotek_NETT-8.jpg","type":"image\/jpeg"}],"twitter_card":"summary_large_image","twitter_misc":{"Ansl. lesetid":"3 minutter"},"schema":{"@context":"https:\/\/schema.org","@graph":[{"@type":"WebPage","@id":"https:\/\/beta.bibliotekutvikling.no\/statistikk\/forside\/rapportering\/","url":"https:\/\/beta.bibliotekutvikling.no\/statistikk\/forside\/rapportering\/","name":"Innrapportering av statistikk for 2024 - Statistikk","isPartOf":{"@id":"https:\/\/beta.bibliotekutvikling.no\/statistikk\/#website"},"primaryImageOfPage":{"@id":"https:\/\/beta.bibliotekutvikling.no\/statistikk\/forside\/rapportering\/#primaryimage"},"image":{"@id":"https:\/\/beta.bibliotekutvikling.no\/statistikk\/forside\/rapportering\/#primaryimage"},"thumbnailUrl":"https:\/\/beta.bibliotekutvikling.no\/content\/uploads\/sites\/2\/2020\/01\/Nittedal_bibliotek_NETT-8.jpg","datePublished":"2021-01-06T13:01:00+00:00","dateModified":"2025-01-16T15:18:49+00:00","breadcrumb":{"@id":"https:\/\/beta.bibliotekutvikling.no\/statistikk\/forside\/rapportering\/#breadcrumb"},"inLanguage":"nb-NO","potentialAction":[{"@type":"ReadAction","target":["https:\/\/beta.bibliotekutvikling.no\/statistikk\/forside\/rapportering\/"]}]},{"@type":"ImageObject","inLanguage":"nb-NO","@id":"https:\/\/beta.bibliotekutvikling.no\/statistikk\/forside\/rapportering\/#primaryimage","url":"https:\/\/beta.bibliotekutvikling.no\/content\/uploads\/sites\/2\/2020\/01\/Nittedal_bibliotek_NETT-8.jpg","contentUrl":"https:\/\/beta.bibliotekutvikling.no\/content\/uploads\/sites\/2\/2020\/01\/Nittedal_bibliotek_NETT-8.jpg","width":2500,"height":1669},{"@type":"BreadcrumbList","@id":"https:\/\/beta.bibliotekutvikling.no\/statistikk\/forside\/rapportering\/#breadcrumb","itemListElement":[{"@type":"ListItem","position":1,"name":"Home","item":"https:\/\/beta.bibliotekutvikling.no\/statistikk\/"},{"@type":"ListItem","position":2,"name":"Bibliotekstatistikk","item":"https:\/\/beta.bibliotekutvikling.no\/statistikk\/"},{"@type":"ListItem","position":3,"name":"Innrapportering av statistikk for 2024"}]},{"@type":"WebSite","@id":"https:\/\/beta.bibliotekutvikling.no\/statistikk\/#website","url":"https:\/\/beta.bibliotekutvikling.no\/statistikk\/","name":"Statistikk","description":"","potentialAction":[{"@type":"SearchAction","target":{"@type":"EntryPoint","urlTemplate":"https:\/\/beta.bibliotekutvikling.no\/statistikk\/?s={search_term_string}"},"query-input":{"@type":"PropertyValueSpecification","valueRequired":true,"valueName":"search_term_string"}}],"inLanguage":"nb-NO"}]}},"_links":{"self":[{"href":"https:\/\/beta.bibliotekutvikling.no\/statistikk\/wp-json\/wp\/v2\/pages\/151987","targetHints":{"allow":["GET"]}}],"collection":[{"href":"https:\/\/beta.bibliotekutvikling.no\/statistikk\/wp-json\/wp\/v2\/pages"}],"about":[{"href":"https:\/\/beta.bibliotekutvikling.no\/statistikk\/wp-json\/wp\/v2\/types\/page"}],"author":[{"embeddable":true,"href":"https:\/\/beta.bibliotekutvikling.no\/statistikk\/wp-json\/wp\/v2\/users\/54"}],"replies":[{"embeddable":true,"href":"https:\/\/beta.bibliotekutvikling.no\/statistikk\/wp-json\/wp\/v2\/comments?post=151987"}],"version-history":[{"count":4,"href":"https:\/\/beta.bibliotekutvikling.no\/statistikk\/wp-json\/wp\/v2\/pages\/151987\/revisions"}],"predecessor-version":[{"id":291166,"href":"https:\/\/beta.bibliotekutvikling.no\/statistikk\/wp-json\/wp\/v2\/pages\/151987\/revisions\/291166"}],"up":[{"embeddable":true,"href":"https:\/\/beta.bibliotekutvikling.no\/statistikk\/wp-json\/wp\/v2\/pages\/2"}],"wp:featuredmedia":[{"embeddable":true,"href":"https:\/\/beta.bibliotekutvikling.no\/statistikk\/wp-json\/wp\/v2\/media\/148716"}],"wp:attachment":[{"href":"https:\/\/beta.bibliotekutvikling.no\/statistikk\/wp-json\/wp\/v2\/media?parent=151987"}],"curies":[{"name":"wp","href":"https:\/\/api.w.org\/{rel}","templated":true}]}}