{"id":196360,"date":"2021-06-17T10:26:05","date_gmt":"2021-06-17T08:26:05","guid":{"rendered":"https:\/\/bibliotekutvikling.no\/statistikk\/?page_id=196360"},"modified":"2023-11-15T15:51:49","modified_gmt":"2023-11-15T14:51:49","slug":"fylkesbibliotek","status":"publish","type":"page","link":"https:\/\/beta.bibliotekutvikling.no\/statistikk\/forside\/statistikk-for-folkebibliotek\/fylkesbibliotek\/","title":{"rendered":"Fylkesbibliotek"},"content":{"rendered":"\n<h2 class=\"wp-block-heading\">Statistikk for 2022<\/h2>\n\n\n<ul class=\"t2-link-list has-1-items has-auto-columns wp-block-t2-link-list\">\n\t<li class=\"t2-link-list-item wp-block-t2-link-list-item\">\n\t\t<a\n\t\t\thref=\"https:\/\/bibliotekutvikling.no\/content\/uploads\/sites\/2\/2023\/08\/Fylkesbibliotek-2022-Ra\u030adata.xlsx\"\n\t\t\tclass=\"t2-link-list-item__link t2-link-list__icon--right\"\n\t\t\t\t\t>\n\t\t\t<span class=\"t2-link-list-item__icon\"><span class=\"t2-link-list-item__icon-box\"><\/span><svg xmlns=\"http:\/\/www.w3.org\/2000\/svg\" viewBox=\"0 0 24 24\" height=\"24\" width=\"24\" class=\"t2-icon t2-icon-external\" aria-hidden=\"true\" focusable=\"false\"><path d=\"M19 19H5V5h7V3H3v18h18v-9h-2v7zM14 3v2h3.6l-9.8 9.8 1.4 1.4L19 6.4V10h2V3h-7z\"\/><\/svg><\/span>\t\t\t<div class=\"t2-link-list-item__content\">\n\n\t\t\t\t\n\t\t\t\t<span id=\"link-list-item-text\" class=\"t2-link-list-item__text\">\n\t\t\t\t\tR\u00e5data &#8211; Fylkesbibliotek 2022\t\t\t\t<\/span>\n\t\t\t\t\t\t\t<\/div>\n\t\t<\/a>\n\t<\/li>\n\t\n<\/ul>\n\n\n<h2 class=\"wp-block-heading\">Statistikk for 2021<\/h2>\n\n\n<ul class=\"t2-link-list has-4-items has-auto-columns wp-block-t2-link-list\">\n\t<li class=\"t2-link-list-item wp-block-t2-link-list-item\">\n\t\t<a\n\t\t\thref=\"https:\/\/bibliotekutvikling.no\/statistikk\/forside\/statistikk-for-folkebibliotek\/fylkesbibliotek\/fylkesbibliotek-stastistikk-for-bibliotekutvikling-2021\/\"\n\t\t\tclass=\"t2-link-list-item__link t2-link-list__icon--right\"\n\t\t\t\t\t>\n\t\t\t<span class=\"t2-link-list-item__icon\"><span class=\"t2-link-list-item__icon-box\"><\/span><svg xmlns=\"http:\/\/www.w3.org\/2000\/svg\" viewBox=\"0 0 24 24\" height=\"24\" width=\"24\" class=\"t2-icon t2-icon-external\" aria-hidden=\"true\" focusable=\"false\"><path d=\"M19 19H5V5h7V3H3v18h18v-9h-2v7zM14 3v2h3.6l-9.8 9.8 1.4 1.4L19 6.4V10h2V3h-7z\"\/><\/svg><\/span>\t\t\t<div class=\"t2-link-list-item__content\">\n\n\t\t\t\t\n\t\t\t\t<span id=\"link-list-item-text-1\" class=\"t2-link-list-item__text\">\n\t\t\t\t\tFylkesbibliotek- statistikk for bibliotekutvikling 2021\t\t\t\t<\/span>\n\t\t\t\t\t\t\t<\/div>\n\t\t<\/a>\n\t<\/li>\n\t\n\n\t<li class=\"t2-link-list-item wp-block-t2-link-list-item\">\n\t\t<a\n\t\t\thref=\"https:\/\/bibliotekutvikling.no\/statistikk\/forside\/statistikk-for-folkebibliotek\/fylkesbibliotek\/fylkesbibliotek-statistikk-for-utlan-og-samlinger-2021\/\"\n\t\t\tclass=\"t2-link-list-item__link t2-link-list__icon--right\"\n\t\t\t\t\t>\n\t\t\t<span class=\"t2-link-list-item__icon\"><span class=\"t2-link-list-item__icon-box\"><\/span><svg xmlns=\"http:\/\/www.w3.org\/2000\/svg\" viewBox=\"0 0 24 24\" height=\"24\" width=\"24\" class=\"t2-icon t2-icon-external\" aria-hidden=\"true\" focusable=\"false\"><path d=\"M19 19H5V5h7V3H3v18h18v-9h-2v7zM14 3v2h3.6l-9.8 9.8 1.4 1.4L19 6.4V10h2V3h-7z\"\/><\/svg><\/span>\t\t\t<div class=\"t2-link-list-item__content\">\n\n\t\t\t\t\n\t\t\t\t<span id=\"link-list-item-text-2\" class=\"t2-link-list-item__text\">\n\t\t\t\t\tFylkesbibliotek- statistikk for utl\u00e5n og samlinger 2021\t\t\t\t<\/span>\n\t\t\t\t\t\t\t<\/div>\n\t\t<\/a>\n\t<\/li>\n\t\n\n\t<li class=\"t2-link-list-item wp-block-t2-link-list-item\">\n\t\t<a\n\t\t\thref=\"https:\/\/bibliotekutvikling.no\/statistikk\/forside\/statistikk-for-folkebibliotek\/fylkesbibliotek\/fylkesbibliotek-statistikk-for-ressurser-2021\/\"\n\t\t\tclass=\"t2-link-list-item__link t2-link-list__icon--right\"\n\t\t\t\t\t>\n\t\t\t<span class=\"t2-link-list-item__icon\"><span class=\"t2-link-list-item__icon-box\"><\/span><svg xmlns=\"http:\/\/www.w3.org\/2000\/svg\" viewBox=\"0 0 24 24\" height=\"24\" width=\"24\" class=\"t2-icon t2-icon-external\" aria-hidden=\"true\" focusable=\"false\"><path d=\"M19 19H5V5h7V3H3v18h18v-9h-2v7zM14 3v2h3.6l-9.8 9.8 1.4 1.4L19 6.4V10h2V3h-7z\"\/><\/svg><\/span>\t\t\t<div class=\"t2-link-list-item__content\">\n\n\t\t\t\t\n\t\t\t\t<span id=\"link-list-item-text-3\" class=\"t2-link-list-item__text\">\n\t\t\t\t\tFylkesbibliotek- statistikk for ressurser 2021\t\t\t\t<\/span>\n\t\t\t\t\t\t\t<\/div>\n\t\t<\/a>\n\t<\/li>\n\t\n\n\t<li class=\"t2-link-list-item wp-block-t2-link-list-item\">\n\t\t<a\n\t\t\thref=\"https:\/\/bibliotekutvikling.no\/content\/uploads\/sites\/2\/2023\/02\/Fylkesbibliotek-2021-Ra\u030adata.xlsx\"\n\t\t\tclass=\"t2-link-list-item__link t2-link-list__icon--right\"\n\t\t\t\t\t>\n\t\t\t<span class=\"t2-link-list-item__icon\"><span class=\"t2-link-list-item__icon-box\"><\/span><svg xmlns=\"http:\/\/www.w3.org\/2000\/svg\" viewBox=\"0 0 24 24\" height=\"24\" width=\"24\" class=\"t2-icon t2-icon-external\" aria-hidden=\"true\" focusable=\"false\"><path d=\"M19 19H5V5h7V3H3v18h18v-9h-2v7zM14 3v2h3.6l-9.8 9.8 1.4 1.4L19 6.4V10h2V3h-7z\"\/><\/svg><\/span>\t\t\t<div class=\"t2-link-list-item__content\">\n\n\t\t\t\t\n\t\t\t\t<span id=\"link-list-item-text-4\" class=\"t2-link-list-item__text\">\n\t\t\t\t\tR\u00e5data fylkesbibliotek 2021\t\t\t\t<\/span>\n\t\t\t\t\t\t\t<\/div>\n\t\t<\/a>\n\t<\/li>\n\t\n<\/ul>\n\n\n<h2 class=\"wp-block-heading\" id=\"h-statistikk-for-2020\"><strong>Statistikk for 2020<\/strong><\/h2>\n\n\n<ul class=\"t2-link-list has-3-items has-auto-columns wp-block-t2-link-list\">\n\t<li class=\"t2-link-list-item wp-block-t2-link-list-item\">\n\t\t<a\n\t\t\thref=\"https:\/\/bibliotekutvikling.no\/statistikk\/forside\/statistikk-for-fylkesbibliotek\/bibliotekutvikling\/\/\"\n\t\t\tclass=\"t2-link-list-item__link t2-link-list__icon--right\"\n\t\t\t\t\t>\n\t\t\t<span class=\"t2-link-list-item__icon\"><span class=\"t2-link-list-item__icon-box\"><\/span><svg xmlns=\"http:\/\/www.w3.org\/2000\/svg\" viewBox=\"0 0 24 24\" height=\"24\" width=\"24\" class=\"t2-icon t2-icon-external\" aria-hidden=\"true\" focusable=\"false\"><path d=\"M19 19H5V5h7V3H3v18h18v-9h-2v7zM14 3v2h3.6l-9.8 9.8 1.4 1.4L19 6.4V10h2V3h-7z\"\/><\/svg><\/span>\t\t\t<div class=\"t2-link-list-item__content\">\n\n\t\t\t\t\n\t\t\t\t<span id=\"link-list-item-text-5\" class=\"t2-link-list-item__text\">\n\t\t\t\t\tBibliotekutvikling 2020\t\t\t\t<\/span>\n\t\t\t\t\t\t\t<\/div>\n\t\t<\/a>\n\t<\/li>\n\t\n\n\t<li class=\"t2-link-list-item wp-block-t2-link-list-item\">\n\t\t<a\n\t\t\thref=\"\/statistikk\/forside\/statistikk-for-folkebibliotek\/fylkesbibliotek\/utlan-og-samlinger\/\"\n\t\t\tclass=\"t2-link-list-item__link t2-link-list__icon--right\"\n\t\t\t\t\t>\n\t\t\t<span class=\"t2-link-list-item__icon\"><span class=\"t2-link-list-item__icon-box\"><\/span><svg xmlns=\"http:\/\/www.w3.org\/2000\/svg\" viewBox=\"0 0 24 24\" height=\"24\" width=\"24\" class=\"t2-icon t2-icon-external\" aria-hidden=\"true\" focusable=\"false\"><path d=\"M19 19H5V5h7V3H3v18h18v-9h-2v7zM14 3v2h3.6l-9.8 9.8 1.4 1.4L19 6.4V10h2V3h-7z\"\/><\/svg><\/span>\t\t\t<div class=\"t2-link-list-item__content\">\n\n\t\t\t\t\n\t\t\t\t<span id=\"link-list-item-text-6\" class=\"t2-link-list-item__text\">\n\t\t\t\t\tUtl\u00e5n og samlinger 2020\t\t\t\t<\/span>\n\t\t\t\t\t\t\t<\/div>\n\t\t<\/a>\n\t<\/li>\n\t\n\n\t<li class=\"t2-link-list-item wp-block-t2-link-list-item\">\n\t\t<a\n\t\t\thref=\"\/statistikk\/forside\/statistikk-for-folkebibliotek\/fylkesbibliotek\/ressurser\/\/\"\n\t\t\tclass=\"t2-link-list-item__link t2-link-list__icon--right\"\n\t\t\t\t\t>\n\t\t\t<span class=\"t2-link-list-item__icon\"><span class=\"t2-link-list-item__icon-box\"><\/span><svg xmlns=\"http:\/\/www.w3.org\/2000\/svg\" viewBox=\"0 0 24 24\" height=\"24\" width=\"24\" class=\"t2-icon t2-icon-external\" aria-hidden=\"true\" focusable=\"false\"><path d=\"M19 19H5V5h7V3H3v18h18v-9h-2v7zM14 3v2h3.6l-9.8 9.8 1.4 1.4L19 6.4V10h2V3h-7z\"\/><\/svg><\/span>\t\t\t<div class=\"t2-link-list-item__content\">\n\n\t\t\t\t\n\t\t\t\t<span id=\"link-list-item-text-7\" class=\"t2-link-list-item__text\">\n\t\t\t\t\tRessurser 2020\t\t\t\t<\/span>\n\t\t\t\t\t\t\t<\/div>\n\t\t<\/a>\n\t<\/li>\n\t\n<\/ul>\n\n\n<h2 class=\"wp-block-heading\" id=\"h-historiske-data\">Historiske data<\/h2>\n\n\n\n<ul class=\"wp-block-list\">\n<li><a href=\"https:\/\/bibliotekutvikling.no\/content\/uploads\/sites\/2\/2021\/06\/Fylkesbibliotek-2020-Ra\u030adata-1.xlsx\">2020 R\u00e5data<\/a><\/li>\n\n\n\n<li><a href=\"https:\/\/bibliotekutvikling.no\/content\/uploads\/sites\/2\/2022\/02\/Fylkesbibliotek-Radata-2019.xlsx\">2019 R\u00e5data<\/a><\/li>\n\n\n\n<li><a href=\"https:\/\/bibliotekutvikling.no\/content\/uploads\/sites\/2\/2022\/02\/Fylkesbibliotek-Radata-2018.xlsx\">2018 R\u00e5data<\/a><\/li>\n\n\n\n<li><a href=\"https:\/\/bibliotekutvikling.no\/content\/uploads\/sites\/2\/2022\/02\/Fylkesbibliotek-Radata-2017.xlsx\">2017 R\u00e5data<\/a><\/li>\n\n\n\n<li><a href=\"https:\/\/bibliotekutvikling.no\/content\/uploads\/sites\/2\/2022\/02\/Fylkesbibliotek-Radata-2016.xlsx\">2016 R\u00e5data<\/a><\/li>\n\n\n\n<li><a href=\"https:\/\/bibliotekutvikling.no\/content\/uploads\/2020\/01\/Fylkesbibliotek-2015-Tabell-4.pdf\">2015 Tabell 4<\/a><\/li>\n\n\n\n<li><a href=\"https:\/\/bibliotekutvikling.no\/content\/uploads\/2020\/01\/Fylkesbibliotek-2014-Tabell-4.pdf\">2014 Tabell 4<\/a><\/li>\n\n\n\n<li><a href=\"https:\/\/bibliotekutvikling.no\/content\/uploads\/2020\/01\/Fylkesbibliotek-2013-Tabell-4.pdf\">2013 Tabell 4<\/a><\/li>\n\n\n\n<li><a href=\"https:\/\/bibliotekutvikling.no\/content\/uploads\/2020\/01\/Fylkesbibliotek-2012-Tabell-4.pdf\">2012 Tabell 4<\/a><\/li>\n\n\n\n<li><a href=\"https:\/\/bibliotekutvikling.no\/content\/uploads\/2020\/01\/Fylkesbibliotek-2011Tabell-4.pdf\">2011 Tabell 4<\/a><\/li>\n\n\n\n<li><a href=\"https:\/\/bibliotekutvikling.no\/content\/uploads\/2020\/01\/Fylkesbibliotek-2010-Tabell-4.pdf\">2010 Tabell 4<\/a><\/li>\n<\/ul>\n\n\n\n<p class=\"is-style-default\">Nasjonalbiblioteket innhenter og publiserer statistikk for de ulike bibliotektypene i folkebiblioteksektoren. Statistikken publiseres i form av r\u00e5data, tabeller og kommentarer p\u00e5 v\u00e5re nettsider, i KOSTRA og i den \u00e5rlige Kulturstatistikken fra SSB.<\/p>\n\n\n\n<p class=\"is-style-default\">Statistikken gir et overordnet bilde av situasjonen p\u00e5 omr\u00e5det. Det er ogs\u00e5 en m\u00e5lsetning at den skal gi nyttige styringsdata for det enkelte bibliotek i tillegg til nasjonal, regional og lokal forvaltning.<\/p>\n\n\n\n<p> <a href=\"https:\/\/bibliotekutvikling.no\/statistikk\/rapportering\/forhandsvisning\/\">Historiske skjemaer og veiledninger for Fylkesbibliotekene 2018-2021 (web) <\/a><\/p>\n\n\n\n<p><a href=\"https:\/\/bibliotekutvikling.no\/statistikk\/forside\/statistikk-for-folkebibliotek\/fylkesbibliotek\/historiske-skjemaer-for-fylkesbibliotek\/\">Historiske skjemaer og veiledninger for Fylkesbibliotekene 2010-2017 (pdf)<\/a><\/p>\n","protected":false},"excerpt":{"rendered":"","protected":false},"author":52,"featured_media":0,"parent":151841,"menu_order":0,"comment_status":"closed","ping_status":"closed","template":"","meta":{"_relevanssi_hide_post":"","_relevanssi_hide_content":"","_relevanssi_pin_for_all":"","_relevanssi_pin_keywords":"","_relevanssi_unpin_keywords":"","_relevanssi_related_keywords":"","_relevanssi_related_include_ids":"","_relevanssi_related_exclude_ids":"","_relevanssi_related_no_append":"","_relevanssi_related_not_related":"","_relevanssi_related_posts":"144159,1,144160,151839","_relevanssi_noindex_reason":"","nb_hide_title":false,"sub_navigation_option":"","sub_navigation_custom_items":null,"footnotes":""},"class_list":["post-196360","page","type-page","status-publish","hentry"],"yoast_head":"<!-- This site is optimized with the Yoast SEO plugin v27.1.1 - https:\/\/yoast.com\/product\/yoast-seo-wordpress\/ -->\n<title>Fylkesbibliotek - Statistikk<\/title>\n<meta name=\"robots\" content=\"index, follow, max-snippet:-1, max-image-preview:large, max-video-preview:-1\" \/>\n<link rel=\"canonical\" href=\"https:\/\/beta.bibliotekutvikling.no\/statistikk\/forside\/statistikk-for-folkebibliotek\/fylkesbibliotek\/\" \/>\n<meta property=\"og:locale\" content=\"nb_NO\" \/>\n<meta property=\"og:type\" content=\"article\" \/>\n<meta property=\"og:title\" content=\"Fylkesbibliotek - Statistikk\" \/>\n<meta property=\"og:url\" content=\"https:\/\/beta.bibliotekutvikling.no\/statistikk\/forside\/statistikk-for-folkebibliotek\/fylkesbibliotek\/\" \/>\n<meta property=\"og:site_name\" content=\"Statistikk\" \/>\n<meta property=\"article:publisher\" content=\"https:\/\/www.facebook.com\/bibliotekutvikling\/\" \/>\n<meta property=\"article:modified_time\" content=\"2023-11-15T14:51:49+00:00\" \/>\n<meta name=\"twitter:card\" content=\"summary_large_image\" \/>\n<meta name=\"twitter:label1\" content=\"Ansl. lesetid\" \/>\n\t<meta name=\"twitter:data1\" content=\"1 minutt\" \/>\n<script type=\"application\/ld+json\" class=\"yoast-schema-graph\">{\"@context\":\"https:\/\/schema.org\",\"@graph\":[{\"@type\":\"WebPage\",\"@id\":\"https:\/\/beta.bibliotekutvikling.no\/statistikk\/forside\/statistikk-for-folkebibliotek\/fylkesbibliotek\/\",\"url\":\"https:\/\/beta.bibliotekutvikling.no\/statistikk\/forside\/statistikk-for-folkebibliotek\/fylkesbibliotek\/\",\"name\":\"Fylkesbibliotek - Statistikk\",\"isPartOf\":{\"@id\":\"https:\/\/beta.bibliotekutvikling.no\/statistikk\/#website\"},\"datePublished\":\"2021-06-17T08:26:05+00:00\",\"dateModified\":\"2023-11-15T14:51:49+00:00\",\"breadcrumb\":{\"@id\":\"https:\/\/beta.bibliotekutvikling.no\/statistikk\/forside\/statistikk-for-folkebibliotek\/fylkesbibliotek\/#breadcrumb\"},\"inLanguage\":\"nb-NO\",\"potentialAction\":[{\"@type\":\"ReadAction\",\"target\":[\"https:\/\/beta.bibliotekutvikling.no\/statistikk\/forside\/statistikk-for-folkebibliotek\/fylkesbibliotek\/\"]}]},{\"@type\":\"BreadcrumbList\",\"@id\":\"https:\/\/beta.bibliotekutvikling.no\/statistikk\/forside\/statistikk-for-folkebibliotek\/fylkesbibliotek\/#breadcrumb\",\"itemListElement\":[{\"@type\":\"ListItem\",\"position\":1,\"name\":\"Home\",\"item\":\"https:\/\/beta.bibliotekutvikling.no\/statistikk\/\"},{\"@type\":\"ListItem\",\"position\":2,\"name\":\"Bibliotekstatistikk\",\"item\":\"https:\/\/beta.bibliotekutvikling.no\/statistikk\/\"},{\"@type\":\"ListItem\",\"position\":3,\"name\":\"Statistikk for folkebibliotek\",\"item\":\"https:\/\/beta.bibliotekutvikling.no\/statistikk\/forside\/statistikk-for-folkebibliotek\/\"},{\"@type\":\"ListItem\",\"position\":4,\"name\":\"Fylkesbibliotek\"}]},{\"@type\":\"WebSite\",\"@id\":\"https:\/\/beta.bibliotekutvikling.no\/statistikk\/#website\",\"url\":\"https:\/\/beta.bibliotekutvikling.no\/statistikk\/\",\"name\":\"Statistikk\",\"description\":\"\",\"potentialAction\":[{\"@type\":\"SearchAction\",\"target\":{\"@type\":\"EntryPoint\",\"urlTemplate\":\"https:\/\/beta.bibliotekutvikling.no\/statistikk\/?s={search_term_string}\"},\"query-input\":{\"@type\":\"PropertyValueSpecification\",\"valueRequired\":true,\"valueName\":\"search_term_string\"}}],\"inLanguage\":\"nb-NO\"}]}<\/script>\n<!-- \/ Yoast SEO plugin. -->","yoast_head_json":{"title":"Fylkesbibliotek - Statistikk","robots":{"index":"index","follow":"follow","max-snippet":"max-snippet:-1","max-image-preview":"max-image-preview:large","max-video-preview":"max-video-preview:-1"},"canonical":"https:\/\/beta.bibliotekutvikling.no\/statistikk\/forside\/statistikk-for-folkebibliotek\/fylkesbibliotek\/","og_locale":"nb_NO","og_type":"article","og_title":"Fylkesbibliotek - Statistikk","og_url":"https:\/\/beta.bibliotekutvikling.no\/statistikk\/forside\/statistikk-for-folkebibliotek\/fylkesbibliotek\/","og_site_name":"Statistikk","article_publisher":"https:\/\/www.facebook.com\/bibliotekutvikling\/","article_modified_time":"2023-11-15T14:51:49+00:00","twitter_card":"summary_large_image","twitter_misc":{"Ansl. lesetid":"1 minutt"},"schema":{"@context":"https:\/\/schema.org","@graph":[{"@type":"WebPage","@id":"https:\/\/beta.bibliotekutvikling.no\/statistikk\/forside\/statistikk-for-folkebibliotek\/fylkesbibliotek\/","url":"https:\/\/beta.bibliotekutvikling.no\/statistikk\/forside\/statistikk-for-folkebibliotek\/fylkesbibliotek\/","name":"Fylkesbibliotek - Statistikk","isPartOf":{"@id":"https:\/\/beta.bibliotekutvikling.no\/statistikk\/#website"},"datePublished":"2021-06-17T08:26:05+00:00","dateModified":"2023-11-15T14:51:49+00:00","breadcrumb":{"@id":"https:\/\/beta.bibliotekutvikling.no\/statistikk\/forside\/statistikk-for-folkebibliotek\/fylkesbibliotek\/#breadcrumb"},"inLanguage":"nb-NO","potentialAction":[{"@type":"ReadAction","target":["https:\/\/beta.bibliotekutvikling.no\/statistikk\/forside\/statistikk-for-folkebibliotek\/fylkesbibliotek\/"]}]},{"@type":"BreadcrumbList","@id":"https:\/\/beta.bibliotekutvikling.no\/statistikk\/forside\/statistikk-for-folkebibliotek\/fylkesbibliotek\/#breadcrumb","itemListElement":[{"@type":"ListItem","position":1,"name":"Home","item":"https:\/\/beta.bibliotekutvikling.no\/statistikk\/"},{"@type":"ListItem","position":2,"name":"Bibliotekstatistikk","item":"https:\/\/beta.bibliotekutvikling.no\/statistikk\/"},{"@type":"ListItem","position":3,"name":"Statistikk for folkebibliotek","item":"https:\/\/beta.bibliotekutvikling.no\/statistikk\/forside\/statistikk-for-folkebibliotek\/"},{"@type":"ListItem","position":4,"name":"Fylkesbibliotek"}]},{"@type":"WebSite","@id":"https:\/\/beta.bibliotekutvikling.no\/statistikk\/#website","url":"https:\/\/beta.bibliotekutvikling.no\/statistikk\/","name":"Statistikk","description":"","potentialAction":[{"@type":"SearchAction","target":{"@type":"EntryPoint","urlTemplate":"https:\/\/beta.bibliotekutvikling.no\/statistikk\/?s={search_term_string}"},"query-input":{"@type":"PropertyValueSpecification","valueRequired":true,"valueName":"search_term_string"}}],"inLanguage":"nb-NO"}]}},"_links":{"self":[{"href":"https:\/\/beta.bibliotekutvikling.no\/statistikk\/wp-json\/wp\/v2\/pages\/196360","targetHints":{"allow":["GET"]}}],"collection":[{"href":"https:\/\/beta.bibliotekutvikling.no\/statistikk\/wp-json\/wp\/v2\/pages"}],"about":[{"href":"https:\/\/beta.bibliotekutvikling.no\/statistikk\/wp-json\/wp\/v2\/types\/page"}],"author":[{"embeddable":true,"href":"https:\/\/beta.bibliotekutvikling.no\/statistikk\/wp-json\/wp\/v2\/users\/52"}],"replies":[{"embeddable":true,"href":"https:\/\/beta.bibliotekutvikling.no\/statistikk\/wp-json\/wp\/v2\/comments?post=196360"}],"version-history":[{"count":4,"href":"https:\/\/beta.bibliotekutvikling.no\/statistikk\/wp-json\/wp\/v2\/pages\/196360\/revisions"}],"predecessor-version":[{"id":253083,"href":"https:\/\/beta.bibliotekutvikling.no\/statistikk\/wp-json\/wp\/v2\/pages\/196360\/revisions\/253083"}],"up":[{"embeddable":true,"href":"https:\/\/beta.bibliotekutvikling.no\/statistikk\/wp-json\/wp\/v2\/pages\/151841"}],"wp:attachment":[{"href":"https:\/\/beta.bibliotekutvikling.no\/statistikk\/wp-json\/wp\/v2\/media?parent=196360"}],"curies":[{"name":"wp","href":"https:\/\/api.w.org\/{rel}","templated":true}]}}