{"id":214173,"date":"2022-06-07T09:32:06","date_gmt":"2022-06-07T07:32:06","guid":{"rendered":"https:\/\/bibliotekutvikling.no\/statistikk\/?page_id=214173"},"modified":"2022-12-01T20:28:22","modified_gmt":"2022-12-01T19:28:22","slug":"utlan-og-nedlastninger-2021","status":"publish","type":"page","link":"https:\/\/beta.bibliotekutvikling.no\/statistikk\/forside\/statistikk-for-fag-og-forskningsbibliotek\/utlan-og-nedlastninger-2021\/","title":{"rendered":"Utl\u00e5n og nedlastninger 2021"},"content":{"rendered":"<div class=\"wp-block-embed nb-iframe alignfull\"><div class=\"wp-block-embed__wrapper\"><iframe src=\"https:\/\/datastudio.google.com\/embed\/reporting\/94855ad3-1c5e-4b4e-a6f6-745974ee8a90\/page\/p_cw3nzyjjoc\" height=\"1300\" frameborder=\"0\" allowfullscreen=\"allowfullscreen\"><\/iframe><\/div><\/div>","protected":false},"excerpt":{"rendered":"","protected":false},"author":6868,"featured_media":0,"parent":16,"menu_order":0,"comment_status":"closed","ping_status":"closed","template":"","meta":{"_relevanssi_hide_post":"","_relevanssi_hide_content":"","_relevanssi_pin_for_all":"","_relevanssi_pin_keywords":"","_relevanssi_unpin_keywords":"","_relevanssi_related_keywords":"","_relevanssi_related_include_ids":"","_relevanssi_related_exclude_ids":"","_relevanssi_related_no_append":"","_relevanssi_related_not_related":"","_relevanssi_related_posts":"144159,144160","_relevanssi_noindex_reason":"","nb_hide_title":false,"sub_navigation_option":"","sub_navigation_custom_items":null,"footnotes":""},"class_list":["post-214173","page","type-page","status-publish","hentry"],"yoast_head":"<!-- This site is optimized with the Yoast SEO plugin v27.1.1 - https:\/\/yoast.com\/product\/yoast-seo-wordpress\/ -->\n<title>Utl\u00e5n og nedlastninger 2021 - Statistikk<\/title>\n<meta name=\"description\" content=\"Tall og data om f\u00f8rstegangsl\u00e5n av fysisk materiale, fjernl\u00e5n og innl\u00e5n, nedlastninger fra databaser og institusjonsarkiv, bruk av elektroniske ressurser, utl\u00e5n og bruk. 2021. Fagbibliotek og forskningsbibliotek.\" \/>\n<meta name=\"robots\" content=\"index, follow, max-snippet:-1, max-image-preview:large, max-video-preview:-1\" \/>\n<link rel=\"canonical\" href=\"https:\/\/beta.bibliotekutvikling.no\/statistikk\/forside\/statistikk-for-fag-og-forskningsbibliotek\/utlan-og-nedlastninger-2021\/\" \/>\n<meta property=\"og:locale\" content=\"nb_NO\" \/>\n<meta property=\"og:type\" content=\"article\" \/>\n<meta property=\"og:title\" content=\"Utl\u00e5n og nedlastninger 2021 - Statistikk\" \/>\n<meta property=\"og:description\" content=\"Tall og data om f\u00f8rstegangsl\u00e5n av fysisk materiale, fjernl\u00e5n og innl\u00e5n, nedlastninger fra databaser og institusjonsarkiv, bruk av elektroniske ressurser, utl\u00e5n og bruk. 2021. Fagbibliotek og forskningsbibliotek.\" \/>\n<meta property=\"og:url\" content=\"https:\/\/beta.bibliotekutvikling.no\/statistikk\/forside\/statistikk-for-fag-og-forskningsbibliotek\/utlan-og-nedlastninger-2021\/\" \/>\n<meta property=\"og:site_name\" content=\"Statistikk\" \/>\n<meta property=\"article:publisher\" content=\"https:\/\/www.facebook.com\/bibliotekutvikling\/\" \/>\n<meta property=\"article:modified_time\" content=\"2022-12-01T19:28:22+00:00\" \/>\n<meta name=\"twitter:card\" content=\"summary_large_image\" \/>\n<script type=\"application\/ld+json\" class=\"yoast-schema-graph\">{\"@context\":\"https:\/\/schema.org\",\"@graph\":[{\"@type\":\"WebPage\",\"@id\":\"https:\/\/beta.bibliotekutvikling.no\/statistikk\/forside\/statistikk-for-fag-og-forskningsbibliotek\/utlan-og-nedlastninger-2021\/\",\"url\":\"https:\/\/beta.bibliotekutvikling.no\/statistikk\/forside\/statistikk-for-fag-og-forskningsbibliotek\/utlan-og-nedlastninger-2021\/\",\"name\":\"Utl\u00e5n og nedlastninger 2021 - Statistikk\",\"isPartOf\":{\"@id\":\"https:\/\/beta.bibliotekutvikling.no\/statistikk\/#website\"},\"datePublished\":\"2022-06-07T07:32:06+00:00\",\"dateModified\":\"2022-12-01T19:28:22+00:00\",\"description\":\"Tall og data om f\u00f8rstegangsl\u00e5n av fysisk materiale, fjernl\u00e5n og innl\u00e5n, nedlastninger fra databaser og institusjonsarkiv, bruk av elektroniske ressurser, utl\u00e5n og bruk. 2021. Fagbibliotek og forskningsbibliotek.\",\"breadcrumb\":{\"@id\":\"https:\/\/beta.bibliotekutvikling.no\/statistikk\/forside\/statistikk-for-fag-og-forskningsbibliotek\/utlan-og-nedlastninger-2021\/#breadcrumb\"},\"inLanguage\":\"nb-NO\",\"potentialAction\":[{\"@type\":\"ReadAction\",\"target\":[\"https:\/\/beta.bibliotekutvikling.no\/statistikk\/forside\/statistikk-for-fag-og-forskningsbibliotek\/utlan-og-nedlastninger-2021\/\"]}]},{\"@type\":\"BreadcrumbList\",\"@id\":\"https:\/\/beta.bibliotekutvikling.no\/statistikk\/forside\/statistikk-for-fag-og-forskningsbibliotek\/utlan-og-nedlastninger-2021\/#breadcrumb\",\"itemListElement\":[{\"@type\":\"ListItem\",\"position\":1,\"name\":\"Home\",\"item\":\"https:\/\/beta.bibliotekutvikling.no\/statistikk\/\"},{\"@type\":\"ListItem\",\"position\":2,\"name\":\"Bibliotekstatistikk\",\"item\":\"https:\/\/beta.bibliotekutvikling.no\/statistikk\/\"},{\"@type\":\"ListItem\",\"position\":3,\"name\":\"Statistikk for fag- og forskningsbibliotek\",\"item\":\"https:\/\/beta.bibliotekutvikling.no\/statistikk\/forside\/statistikk-for-fag-og-forskningsbibliotek\/\"},{\"@type\":\"ListItem\",\"position\":4,\"name\":\"Utl\u00e5n og nedlastninger 2021\"}]},{\"@type\":\"WebSite\",\"@id\":\"https:\/\/beta.bibliotekutvikling.no\/statistikk\/#website\",\"url\":\"https:\/\/beta.bibliotekutvikling.no\/statistikk\/\",\"name\":\"Statistikk\",\"description\":\"\",\"potentialAction\":[{\"@type\":\"SearchAction\",\"target\":{\"@type\":\"EntryPoint\",\"urlTemplate\":\"https:\/\/beta.bibliotekutvikling.no\/statistikk\/?s={search_term_string}\"},\"query-input\":{\"@type\":\"PropertyValueSpecification\",\"valueRequired\":true,\"valueName\":\"search_term_string\"}}],\"inLanguage\":\"nb-NO\"}]}<\/script>\n<!-- \/ Yoast SEO plugin. -->","yoast_head_json":{"title":"Utl\u00e5n og nedlastninger 2021 - Statistikk","description":"Tall og data om f\u00f8rstegangsl\u00e5n av fysisk materiale, fjernl\u00e5n og innl\u00e5n, nedlastninger fra databaser og institusjonsarkiv, bruk av elektroniske ressurser, utl\u00e5n og bruk. 2021. Fagbibliotek og forskningsbibliotek.","robots":{"index":"index","follow":"follow","max-snippet":"max-snippet:-1","max-image-preview":"max-image-preview:large","max-video-preview":"max-video-preview:-1"},"canonical":"https:\/\/beta.bibliotekutvikling.no\/statistikk\/forside\/statistikk-for-fag-og-forskningsbibliotek\/utlan-og-nedlastninger-2021\/","og_locale":"nb_NO","og_type":"article","og_title":"Utl\u00e5n og nedlastninger 2021 - Statistikk","og_description":"Tall og data om f\u00f8rstegangsl\u00e5n av fysisk materiale, fjernl\u00e5n og innl\u00e5n, nedlastninger fra databaser og institusjonsarkiv, bruk av elektroniske ressurser, utl\u00e5n og bruk. 2021. Fagbibliotek og forskningsbibliotek.","og_url":"https:\/\/beta.bibliotekutvikling.no\/statistikk\/forside\/statistikk-for-fag-og-forskningsbibliotek\/utlan-og-nedlastninger-2021\/","og_site_name":"Statistikk","article_publisher":"https:\/\/www.facebook.com\/bibliotekutvikling\/","article_modified_time":"2022-12-01T19:28:22+00:00","twitter_card":"summary_large_image","schema":{"@context":"https:\/\/schema.org","@graph":[{"@type":"WebPage","@id":"https:\/\/beta.bibliotekutvikling.no\/statistikk\/forside\/statistikk-for-fag-og-forskningsbibliotek\/utlan-og-nedlastninger-2021\/","url":"https:\/\/beta.bibliotekutvikling.no\/statistikk\/forside\/statistikk-for-fag-og-forskningsbibliotek\/utlan-og-nedlastninger-2021\/","name":"Utl\u00e5n og nedlastninger 2021 - Statistikk","isPartOf":{"@id":"https:\/\/beta.bibliotekutvikling.no\/statistikk\/#website"},"datePublished":"2022-06-07T07:32:06+00:00","dateModified":"2022-12-01T19:28:22+00:00","description":"Tall og data om f\u00f8rstegangsl\u00e5n av fysisk materiale, fjernl\u00e5n og innl\u00e5n, nedlastninger fra databaser og institusjonsarkiv, bruk av elektroniske ressurser, utl\u00e5n og bruk. 2021. Fagbibliotek og forskningsbibliotek.","breadcrumb":{"@id":"https:\/\/beta.bibliotekutvikling.no\/statistikk\/forside\/statistikk-for-fag-og-forskningsbibliotek\/utlan-og-nedlastninger-2021\/#breadcrumb"},"inLanguage":"nb-NO","potentialAction":[{"@type":"ReadAction","target":["https:\/\/beta.bibliotekutvikling.no\/statistikk\/forside\/statistikk-for-fag-og-forskningsbibliotek\/utlan-og-nedlastninger-2021\/"]}]},{"@type":"BreadcrumbList","@id":"https:\/\/beta.bibliotekutvikling.no\/statistikk\/forside\/statistikk-for-fag-og-forskningsbibliotek\/utlan-og-nedlastninger-2021\/#breadcrumb","itemListElement":[{"@type":"ListItem","position":1,"name":"Home","item":"https:\/\/beta.bibliotekutvikling.no\/statistikk\/"},{"@type":"ListItem","position":2,"name":"Bibliotekstatistikk","item":"https:\/\/beta.bibliotekutvikling.no\/statistikk\/"},{"@type":"ListItem","position":3,"name":"Statistikk for fag- og forskningsbibliotek","item":"https:\/\/beta.bibliotekutvikling.no\/statistikk\/forside\/statistikk-for-fag-og-forskningsbibliotek\/"},{"@type":"ListItem","position":4,"name":"Utl\u00e5n og nedlastninger 2021"}]},{"@type":"WebSite","@id":"https:\/\/beta.bibliotekutvikling.no\/statistikk\/#website","url":"https:\/\/beta.bibliotekutvikling.no\/statistikk\/","name":"Statistikk","description":"","potentialAction":[{"@type":"SearchAction","target":{"@type":"EntryPoint","urlTemplate":"https:\/\/beta.bibliotekutvikling.no\/statistikk\/?s={search_term_string}"},"query-input":{"@type":"PropertyValueSpecification","valueRequired":true,"valueName":"search_term_string"}}],"inLanguage":"nb-NO"}]}},"_links":{"self":[{"href":"https:\/\/beta.bibliotekutvikling.no\/statistikk\/wp-json\/wp\/v2\/pages\/214173","targetHints":{"allow":["GET"]}}],"collection":[{"href":"https:\/\/beta.bibliotekutvikling.no\/statistikk\/wp-json\/wp\/v2\/pages"}],"about":[{"href":"https:\/\/beta.bibliotekutvikling.no\/statistikk\/wp-json\/wp\/v2\/types\/page"}],"author":[{"embeddable":true,"href":"https:\/\/beta.bibliotekutvikling.no\/statistikk\/wp-json\/wp\/v2\/users\/6868"}],"replies":[{"embeddable":true,"href":"https:\/\/beta.bibliotekutvikling.no\/statistikk\/wp-json\/wp\/v2\/comments?post=214173"}],"version-history":[{"count":5,"href":"https:\/\/beta.bibliotekutvikling.no\/statistikk\/wp-json\/wp\/v2\/pages\/214173\/revisions"}],"predecessor-version":[{"id":214604,"href":"https:\/\/beta.bibliotekutvikling.no\/statistikk\/wp-json\/wp\/v2\/pages\/214173\/revisions\/214604"}],"up":[{"embeddable":true,"href":"https:\/\/beta.bibliotekutvikling.no\/statistikk\/wp-json\/wp\/v2\/pages\/16"}],"wp:attachment":[{"href":"https:\/\/beta.bibliotekutvikling.no\/statistikk\/wp-json\/wp\/v2\/media?parent=214173"}],"curies":[{"name":"wp","href":"https:\/\/api.w.org\/{rel}","templated":true}]}}